{"id":57995,"date":"2026-04-28T18:14:19","date_gmt":"2026-04-28T16:14:19","guid":{"rendered":"https:\/\/www.koonings.com\/product\/enzoani-torianne-2\/"},"modified":"2025-06-05T12:43:08","modified_gmt":"2025-06-05T10:43:08","slug":"enzoani-torianne-2","status":"publish","type":"product","link":"https:\/\/www.koonings.com\/fr\/product\/enzoani-torianne-2\/","title":{"rendered":"Enzoani Torianne"},"content":{"rendered":"<p>Surprenez tout le monde avec cette sensationnelle silhouette de sir\u00e8ne dot\u00e9e d&#8217;un nouveau design de dentelle brod\u00e9e en 3D avec des paillettes et des bretelles d\u00e9tachables assorties. La dentelle brod\u00e9e de paillettes sur le corsage sous une couche de tulle scintillant attirera l&#8217;attention sous tous les angles. De l&#8217;encolure bateau flatteuse aux d\u00e9coupes lat\u00e9rales sexy, cette magnifique beaut\u00e9 vous fera sentir \u00e0 votre meilleur.  <\/p>\n","protected":false},"featured_media":41423,"template":"","meta":{"_acf_changed":false,"ghostkit_customizer_options":"","ghostkit_custom_css":"","ghostkit_custom_js_head":"","ghostkit_custom_js_foot":"","ghostkit_typography":""},"productdetails":[379,376,381],"productneck":[352],"productcolor":[393,392],"maat":[],"productsupplier":[406],"productsleeve":[359],"productcategory":[18],"productsilhouette":[387],"productstyle":[370],"class_list":["post-57995","product","type-product","status-publish","has-post-thumbnail","hentry","productdetails-379","productdetails-376","productdetails-381","productneck-352","productcolor-393","productcolor-392","productsupplier-enzoani","productsleeve-359","productcategory-trouwjurken","productsilhouette-387","productstyle-370"],"acf":[],"yoast_head":"<!-- This site is optimized with the Yoast SEO plugin v27.3 - https:\/\/yoast.com\/product\/yoast-seo-wordpress\/ -->\n<title>Enzoani Torianne | Koonings<\/title>\n<meta name=\"description\" content=\"Surprenez tout le monde avec cette sensationnelle silhouette de sir\u00e8ne dot\u00e9e d&#039;un nouveau design de dentelle brod\u00e9e en 3D avec des paillettes et des bretelles d\u00e9tachables assorties. La dentelle brod\u00e9e de paillettes sur le corsage sous une couche de tulle scintillant attirera l&#039;attention sous tous les angles. De l&#039;encolure bateau flatteuse aux d\u00e9coupes lat\u00e9rales sexy, cette magnifique beaut\u00e9 vous fera sentir \u00e0 votre meilleur.\" \/>\n<meta name=\"robots\" content=\"index, follow, max-snippet:-1, max-image-preview:large, max-video-preview:-1\" \/>\n<link rel=\"canonical\" href=\"https:\/\/www.koonings.com\/fr\/product\/enzoani-torianne-2\/\" \/>\n<meta property=\"og:locale\" content=\"fr_FR\" \/>\n<meta property=\"og:type\" content=\"article\" \/>\n<meta property=\"og:title\" content=\"Enzoani Torianne | Koonings\" \/>\n<meta property=\"og:description\" content=\"Surprenez tout le monde avec cette sensationnelle silhouette de sir\u00e8ne dot\u00e9e d&#039;un nouveau design de dentelle brod\u00e9e en 3D avec des paillettes et des bretelles d\u00e9tachables assorties. La dentelle brod\u00e9e de paillettes sur le corsage sous une couche de tulle scintillant attirera l&#039;attention sous tous les angles. De l&#039;encolure bateau flatteuse aux d\u00e9coupes lat\u00e9rales sexy, cette magnifique beaut\u00e9 vous fera sentir \u00e0 votre meilleur.\" \/>\n<meta property=\"og:url\" content=\"https:\/\/www.koonings.com\/fr\/product\/enzoani-torianne-2\/\" \/>\n<meta property=\"og:site_name\" content=\"Koonings\" \/>\n<meta property=\"article:publisher\" content=\"https:\/\/www.facebook.com\/kooningstheweddingpalace\" \/>\n<meta property=\"og:image\" content=\"https:\/\/www.koonings.com\/wp-content\/uploads\/2024\/11\/39556_8515c303e6a20042abd0a0df0f8b9f8e317012f31b10f067e108e0d5618e8c95b11dceb8.jpeg\" \/>\n\t<meta property=\"og:image:width\" content=\"1035\" \/>\n\t<meta property=\"og:image:height\" content=\"1380\" \/>\n\t<meta property=\"og:image:type\" content=\"image\/jpeg\" \/>\n<meta name=\"twitter:card\" content=\"summary_large_image\" \/>\n<script type=\"application\/ld+json\" class=\"yoast-schema-graph\">{\"@context\":\"https:\\\/\\\/schema.org\",\"@graph\":[{\"@type\":\"WebPage\",\"@id\":\"https:\\\/\\\/www.koonings.com\\\/fr\\\/product\\\/enzoani-torianne-2\\\/\",\"url\":\"https:\\\/\\\/www.koonings.com\\\/fr\\\/product\\\/enzoani-torianne-2\\\/\",\"name\":\"Enzoani Torianne | Koonings\",\"isPartOf\":{\"@id\":\"https:\\\/\\\/www.koonings.com\\\/fr\\\/#website\"},\"primaryImageOfPage\":{\"@id\":\"https:\\\/\\\/www.koonings.com\\\/fr\\\/product\\\/enzoani-torianne-2\\\/#primaryimage\"},\"image\":{\"@id\":\"https:\\\/\\\/www.koonings.com\\\/fr\\\/product\\\/enzoani-torianne-2\\\/#primaryimage\"},\"thumbnailUrl\":\"https:\\\/\\\/www.koonings.com\\\/wp-content\\\/uploads\\\/2024\\\/11\\\/39556_8515c303e6a20042abd0a0df0f8b9f8e317012f31b10f067e108e0d5618e8c95b11dceb8.jpeg\",\"datePublished\":\"2026-04-28T16:14:19+00:00\",\"description\":\"Surprenez tout le monde avec cette sensationnelle silhouette de sir\u00e8ne dot\u00e9e d'un nouveau design de dentelle brod\u00e9e en 3D avec des paillettes et des bretelles d\u00e9tachables assorties. La dentelle brod\u00e9e de paillettes sur le corsage sous une couche de tulle scintillant attirera l'attention sous tous les angles. De l'encolure bateau flatteuse aux d\u00e9coupes lat\u00e9rales sexy, cette magnifique beaut\u00e9 vous fera sentir \u00e0 votre meilleur.\",\"breadcrumb\":{\"@id\":\"https:\\\/\\\/www.koonings.com\\\/fr\\\/product\\\/enzoani-torianne-2\\\/#breadcrumb\"},\"inLanguage\":\"fr-FR\",\"potentialAction\":[{\"@type\":\"ReadAction\",\"target\":[\"https:\\\/\\\/www.koonings.com\\\/fr\\\/product\\\/enzoani-torianne-2\\\/\"]}]},{\"@type\":\"ImageObject\",\"inLanguage\":\"fr-FR\",\"@id\":\"https:\\\/\\\/www.koonings.com\\\/fr\\\/product\\\/enzoani-torianne-2\\\/#primaryimage\",\"url\":\"https:\\\/\\\/www.koonings.com\\\/wp-content\\\/uploads\\\/2024\\\/11\\\/39556_8515c303e6a20042abd0a0df0f8b9f8e317012f31b10f067e108e0d5618e8c95b11dceb8.jpeg\",\"contentUrl\":\"https:\\\/\\\/www.koonings.com\\\/wp-content\\\/uploads\\\/2024\\\/11\\\/39556_8515c303e6a20042abd0a0df0f8b9f8e317012f31b10f067e108e0d5618e8c95b11dceb8.jpeg\",\"width\":1035,\"height\":1380},{\"@type\":\"BreadcrumbList\",\"@id\":\"https:\\\/\\\/www.koonings.com\\\/fr\\\/product\\\/enzoani-torianne-2\\\/#breadcrumb\",\"itemListElement\":[{\"@type\":\"ListItem\",\"position\":1,\"name\":\"Home\",\"item\":\"https:\\\/\\\/www.koonings.com\\\/fr\\\/\"},{\"@type\":\"ListItem\",\"position\":2,\"name\":\"Enzoani Torianne\"}]},{\"@type\":\"WebSite\",\"@id\":\"https:\\\/\\\/www.koonings.com\\\/fr\\\/#website\",\"url\":\"https:\\\/\\\/www.koonings.com\\\/fr\\\/\",\"name\":\"Koonings\",\"description\":\"De grootste bruidsmodewinkel ter wereld\",\"publisher\":{\"@id\":\"https:\\\/\\\/www.koonings.com\\\/fr\\\/#organization\"},\"potentialAction\":[{\"@type\":\"SearchAction\",\"target\":{\"@type\":\"EntryPoint\",\"urlTemplate\":\"https:\\\/\\\/www.koonings.com\\\/fr\\\/?s={search_term_string}\"},\"query-input\":{\"@type\":\"PropertyValueSpecification\",\"valueRequired\":true,\"valueName\":\"search_term_string\"}}],\"inLanguage\":\"fr-FR\"},{\"@type\":\"Organization\",\"@id\":\"https:\\\/\\\/www.koonings.com\\\/fr\\\/#organization\",\"name\":\"Koonings\",\"url\":\"https:\\\/\\\/www.koonings.com\\\/fr\\\/\",\"logo\":{\"@type\":\"ImageObject\",\"inLanguage\":\"fr-FR\",\"@id\":\"https:\\\/\\\/www.koonings.com\\\/fr\\\/#\\\/schema\\\/logo\\\/image\\\/\",\"url\":\"https:\\\/\\\/www.koonings.com\\\/wp-content\\\/uploads\\\/2024\\\/07\\\/logo.png\",\"contentUrl\":\"https:\\\/\\\/www.koonings.com\\\/wp-content\\\/uploads\\\/2024\\\/07\\\/logo.png\",\"width\":600,\"height\":428,\"caption\":\"Koonings\"},\"image\":{\"@id\":\"https:\\\/\\\/www.koonings.com\\\/fr\\\/#\\\/schema\\\/logo\\\/image\\\/\"},\"sameAs\":[\"https:\\\/\\\/www.facebook.com\\\/kooningstheweddingpalace\",\"https:\\\/\\\/www.instagram.com\\\/kooningstheweddingpalace\",\"https:\\\/\\\/www.pinterest.com\\\/koonings\",\"https:\\\/\\\/www.youtube.com\\\/kooningstheweddingpalace\"]}]}<\/script>\n<!-- \/ Yoast SEO plugin. -->","yoast_head_json":{"title":"Enzoani Torianne | Koonings","description":"Surprenez tout le monde avec cette sensationnelle silhouette de sir\u00e8ne dot\u00e9e d'un nouveau design de dentelle brod\u00e9e en 3D avec des paillettes et des bretelles d\u00e9tachables assorties. La dentelle brod\u00e9e de paillettes sur le corsage sous une couche de tulle scintillant attirera l'attention sous tous les angles. De l'encolure bateau flatteuse aux d\u00e9coupes lat\u00e9rales sexy, cette magnifique beaut\u00e9 vous fera sentir \u00e0 votre meilleur.","robots":{"index":"index","follow":"follow","max-snippet":"max-snippet:-1","max-image-preview":"max-image-preview:large","max-video-preview":"max-video-preview:-1"},"canonical":"https:\/\/www.koonings.com\/fr\/product\/enzoani-torianne-2\/","og_locale":"fr_FR","og_type":"article","og_title":"Enzoani Torianne | Koonings","og_description":"Surprenez tout le monde avec cette sensationnelle silhouette de sir\u00e8ne dot\u00e9e d'un nouveau design de dentelle brod\u00e9e en 3D avec des paillettes et des bretelles d\u00e9tachables assorties. La dentelle brod\u00e9e de paillettes sur le corsage sous une couche de tulle scintillant attirera l'attention sous tous les angles. De l'encolure bateau flatteuse aux d\u00e9coupes lat\u00e9rales sexy, cette magnifique beaut\u00e9 vous fera sentir \u00e0 votre meilleur.","og_url":"https:\/\/www.koonings.com\/fr\/product\/enzoani-torianne-2\/","og_site_name":"Koonings","article_publisher":"https:\/\/www.facebook.com\/kooningstheweddingpalace","og_image":[{"width":1035,"height":1380,"url":"https:\/\/www.koonings.com\/wp-content\/uploads\/2024\/11\/39556_8515c303e6a20042abd0a0df0f8b9f8e317012f31b10f067e108e0d5618e8c95b11dceb8.jpeg","type":"image\/jpeg"}],"twitter_card":"summary_large_image","schema":{"@context":"https:\/\/schema.org","@graph":[{"@type":"WebPage","@id":"https:\/\/www.koonings.com\/fr\/product\/enzoani-torianne-2\/","url":"https:\/\/www.koonings.com\/fr\/product\/enzoani-torianne-2\/","name":"Enzoani Torianne | Koonings","isPartOf":{"@id":"https:\/\/www.koonings.com\/fr\/#website"},"primaryImageOfPage":{"@id":"https:\/\/www.koonings.com\/fr\/product\/enzoani-torianne-2\/#primaryimage"},"image":{"@id":"https:\/\/www.koonings.com\/fr\/product\/enzoani-torianne-2\/#primaryimage"},"thumbnailUrl":"https:\/\/www.koonings.com\/wp-content\/uploads\/2024\/11\/39556_8515c303e6a20042abd0a0df0f8b9f8e317012f31b10f067e108e0d5618e8c95b11dceb8.jpeg","datePublished":"2026-04-28T16:14:19+00:00","description":"Surprenez tout le monde avec cette sensationnelle silhouette de sir\u00e8ne dot\u00e9e d'un nouveau design de dentelle brod\u00e9e en 3D avec des paillettes et des bretelles d\u00e9tachables assorties. La dentelle brod\u00e9e de paillettes sur le corsage sous une couche de tulle scintillant attirera l'attention sous tous les angles. De l'encolure bateau flatteuse aux d\u00e9coupes lat\u00e9rales sexy, cette magnifique beaut\u00e9 vous fera sentir \u00e0 votre meilleur.","breadcrumb":{"@id":"https:\/\/www.koonings.com\/fr\/product\/enzoani-torianne-2\/#breadcrumb"},"inLanguage":"fr-FR","potentialAction":[{"@type":"ReadAction","target":["https:\/\/www.koonings.com\/fr\/product\/enzoani-torianne-2\/"]}]},{"@type":"ImageObject","inLanguage":"fr-FR","@id":"https:\/\/www.koonings.com\/fr\/product\/enzoani-torianne-2\/#primaryimage","url":"https:\/\/www.koonings.com\/wp-content\/uploads\/2024\/11\/39556_8515c303e6a20042abd0a0df0f8b9f8e317012f31b10f067e108e0d5618e8c95b11dceb8.jpeg","contentUrl":"https:\/\/www.koonings.com\/wp-content\/uploads\/2024\/11\/39556_8515c303e6a20042abd0a0df0f8b9f8e317012f31b10f067e108e0d5618e8c95b11dceb8.jpeg","width":1035,"height":1380},{"@type":"BreadcrumbList","@id":"https:\/\/www.koonings.com\/fr\/product\/enzoani-torianne-2\/#breadcrumb","itemListElement":[{"@type":"ListItem","position":1,"name":"Home","item":"https:\/\/www.koonings.com\/fr\/"},{"@type":"ListItem","position":2,"name":"Enzoani Torianne"}]},{"@type":"WebSite","@id":"https:\/\/www.koonings.com\/fr\/#website","url":"https:\/\/www.koonings.com\/fr\/","name":"Koonings","description":"De grootste bruidsmodewinkel ter wereld","publisher":{"@id":"https:\/\/www.koonings.com\/fr\/#organization"},"potentialAction":[{"@type":"SearchAction","target":{"@type":"EntryPoint","urlTemplate":"https:\/\/www.koonings.com\/fr\/?s={search_term_string}"},"query-input":{"@type":"PropertyValueSpecification","valueRequired":true,"valueName":"search_term_string"}}],"inLanguage":"fr-FR"},{"@type":"Organization","@id":"https:\/\/www.koonings.com\/fr\/#organization","name":"Koonings","url":"https:\/\/www.koonings.com\/fr\/","logo":{"@type":"ImageObject","inLanguage":"fr-FR","@id":"https:\/\/www.koonings.com\/fr\/#\/schema\/logo\/image\/","url":"https:\/\/www.koonings.com\/wp-content\/uploads\/2024\/07\/logo.png","contentUrl":"https:\/\/www.koonings.com\/wp-content\/uploads\/2024\/07\/logo.png","width":600,"height":428,"caption":"Koonings"},"image":{"@id":"https:\/\/www.koonings.com\/fr\/#\/schema\/logo\/image\/"},"sameAs":["https:\/\/www.facebook.com\/kooningstheweddingpalace","https:\/\/www.instagram.com\/kooningstheweddingpalace","https:\/\/www.pinterest.com\/koonings","https:\/\/www.youtube.com\/kooningstheweddingpalace"]}]}},"_links":{"self":[{"href":"https:\/\/www.koonings.com\/fr\/wp-json\/wp\/v2\/product\/57995","targetHints":{"allow":["GET"]}}],"collection":[{"href":"https:\/\/www.koonings.com\/fr\/wp-json\/wp\/v2\/product"}],"about":[{"href":"https:\/\/www.koonings.com\/fr\/wp-json\/wp\/v2\/types\/product"}],"wp:featuredmedia":[{"embeddable":true,"href":"https:\/\/www.koonings.com\/fr\/wp-json\/wp\/v2\/media\/41423"}],"wp:attachment":[{"href":"https:\/\/www.koonings.com\/fr\/wp-json\/wp\/v2\/media?parent=57995"}],"wp:term":[{"taxonomy":"productdetails","embeddable":true,"href":"https:\/\/www.koonings.com\/fr\/wp-json\/wp\/v2\/productdetails?post=57995"},{"taxonomy":"productneck","embeddable":true,"href":"https:\/\/www.koonings.com\/fr\/wp-json\/wp\/v2\/productneck?post=57995"},{"taxonomy":"productcolor","embeddable":true,"href":"https:\/\/www.koonings.com\/fr\/wp-json\/wp\/v2\/productcolor?post=57995"},{"taxonomy":"maat","embeddable":true,"href":"https:\/\/www.koonings.com\/fr\/wp-json\/wp\/v2\/maat?post=57995"},{"taxonomy":"productsupplier","embeddable":true,"href":"https:\/\/www.koonings.com\/fr\/wp-json\/wp\/v2\/productsupplier?post=57995"},{"taxonomy":"productsleeve","embeddable":true,"href":"https:\/\/www.koonings.com\/fr\/wp-json\/wp\/v2\/productsleeve?post=57995"},{"taxonomy":"productcategory","embeddable":true,"href":"https:\/\/www.koonings.com\/fr\/wp-json\/wp\/v2\/productcategory?post=57995"},{"taxonomy":"productsilhouette","embeddable":true,"href":"https:\/\/www.koonings.com\/fr\/wp-json\/wp\/v2\/productsilhouette?post=57995"},{"taxonomy":"productstyle","embeddable":true,"href":"https:\/\/www.koonings.com\/fr\/wp-json\/wp\/v2\/productstyle?post=57995"}],"curies":[{"name":"wp","href":"https:\/\/api.w.org\/{rel}","templated":true}]}}