{"id":57987,"date":"2026-05-06T15:14:30","date_gmt":"2026-05-06T13:14:30","guid":{"rendered":"https:\/\/www.koonings.com\/product\/enzoani-blue-collection-ronnie\/"},"modified":"2025-06-05T12:43:16","modified_gmt":"2025-06-05T10:43:16","slug":"enzoani-blue-collection-ronnie","status":"publish","type":"product","link":"https:\/\/www.koonings.com\/fr\/product\/enzoani-blue-collection-ronnie\/","title":{"rendered":"Enzoani Blue collection Ronnie"},"content":{"rendered":"<p>Laissez vos invit\u00e9s de mariage sous le charme avec cette divine robe sir\u00e8ne dot\u00e9e d&#8217;un profond d\u00e9collet\u00e9 en forme de c\u0153ur sur un corsage structur\u00e9 avec des d\u00e9tails en tulle doux et une armature visible. Les bretelles amovibles en tulle ajoutent une touche de r\u00eave au dos sexy de type corset qui met en valeur votre silhouette. De la dentelle florale 3D perl\u00e9e orne la jupe flirteuse, qui se termine par une magnifique tra\u00eene festonn\u00e9e.  <\/p>\n","protected":false},"featured_media":41470,"template":"","meta":{"_acf_changed":false,"ghostkit_customizer_options":"","ghostkit_custom_css":"","ghostkit_custom_js_head":"","ghostkit_custom_js_foot":"","ghostkit_typography":""},"productdetails":[379,382,380,381],"productneck":[354,355],"productcolor":[393,392],"maat":[],"productsupplier":[405],"productsleeve":[357],"productcategory":[18],"productsilhouette":[387],"productstyle":[366,370],"class_list":["post-57987","product","type-product","status-publish","has-post-thumbnail","hentry","productdetails-379","productdetails-382","productdetails-380","productdetails-381","productneck-354","productneck-355","productcolor-393","productcolor-392","productsupplier-enzoani-blue-collection","productsleeve-357","productcategory-trouwjurken","productsilhouette-387","productstyle-366","productstyle-370"],"acf":[],"yoast_head":"<!-- This site is optimized with the Yoast SEO plugin v27.3 - https:\/\/yoast.com\/product\/yoast-seo-wordpress\/ -->\n<title>Enzoani Blue collection Ronnie | Koonings<\/title>\n<meta name=\"description\" content=\"Laissez vos invit\u00e9s de mariage sous le charme avec cette divine robe sir\u00e8ne dot\u00e9e d&#039;un profond d\u00e9collet\u00e9 en forme de c\u0153ur sur un corsage structur\u00e9 avec des d\u00e9tails en tulle doux et une armature visible. Les bretelles amovibles en tulle ajoutent une touche de r\u00eave au dos sexy de type corset qui met en valeur votre silhouette. De la dentelle florale 3D perl\u00e9e orne la jupe flirteuse, qui se termine par une magnifique tra\u00eene festonn\u00e9e.\" \/>\n<meta name=\"robots\" content=\"index, follow, max-snippet:-1, max-image-preview:large, max-video-preview:-1\" \/>\n<link rel=\"canonical\" href=\"https:\/\/www.koonings.com\/fr\/product\/enzoani-blue-collection-ronnie\/\" \/>\n<meta property=\"og:locale\" content=\"fr_FR\" \/>\n<meta property=\"og:type\" content=\"article\" \/>\n<meta property=\"og:title\" content=\"Enzoani Blue collection Ronnie | Koonings\" \/>\n<meta property=\"og:description\" content=\"Laissez vos invit\u00e9s de mariage sous le charme avec cette divine robe sir\u00e8ne dot\u00e9e d&#039;un profond d\u00e9collet\u00e9 en forme de c\u0153ur sur un corsage structur\u00e9 avec des d\u00e9tails en tulle doux et une armature visible. Les bretelles amovibles en tulle ajoutent une touche de r\u00eave au dos sexy de type corset qui met en valeur votre silhouette. De la dentelle florale 3D perl\u00e9e orne la jupe flirteuse, qui se termine par une magnifique tra\u00eene festonn\u00e9e.\" \/>\n<meta property=\"og:url\" content=\"https:\/\/www.koonings.com\/fr\/product\/enzoani-blue-collection-ronnie\/\" \/>\n<meta property=\"og:site_name\" content=\"Koonings\" \/>\n<meta property=\"article:publisher\" content=\"https:\/\/www.facebook.com\/kooningstheweddingpalace\" \/>\n<meta property=\"og:image\" content=\"https:\/\/www.koonings.com\/wp-content\/uploads\/2024\/11\/39559_15f4d99a1c9e6229fa82d93d55dcd1b140ea6b4872d145f9806464ee12f3fb63d95f8992.jpeg\" \/>\n\t<meta property=\"og:image:width\" content=\"1035\" \/>\n\t<meta property=\"og:image:height\" content=\"1380\" \/>\n\t<meta property=\"og:image:type\" content=\"image\/jpeg\" \/>\n<meta name=\"twitter:card\" content=\"summary_large_image\" \/>\n<script type=\"application\/ld+json\" class=\"yoast-schema-graph\">{\"@context\":\"https:\\\/\\\/schema.org\",\"@graph\":[{\"@type\":\"WebPage\",\"@id\":\"https:\\\/\\\/www.koonings.com\\\/fr\\\/product\\\/enzoani-blue-collection-ronnie\\\/\",\"url\":\"https:\\\/\\\/www.koonings.com\\\/fr\\\/product\\\/enzoani-blue-collection-ronnie\\\/\",\"name\":\"Enzoani Blue collection Ronnie | Koonings\",\"isPartOf\":{\"@id\":\"https:\\\/\\\/www.koonings.com\\\/fr\\\/#website\"},\"primaryImageOfPage\":{\"@id\":\"https:\\\/\\\/www.koonings.com\\\/fr\\\/product\\\/enzoani-blue-collection-ronnie\\\/#primaryimage\"},\"image\":{\"@id\":\"https:\\\/\\\/www.koonings.com\\\/fr\\\/product\\\/enzoani-blue-collection-ronnie\\\/#primaryimage\"},\"thumbnailUrl\":\"https:\\\/\\\/www.koonings.com\\\/wp-content\\\/uploads\\\/2024\\\/11\\\/39559_15f4d99a1c9e6229fa82d93d55dcd1b140ea6b4872d145f9806464ee12f3fb63d95f8992.jpeg\",\"datePublished\":\"2026-05-06T13:14:30+00:00\",\"description\":\"Laissez vos invit\u00e9s de mariage sous le charme avec cette divine robe sir\u00e8ne dot\u00e9e d'un profond d\u00e9collet\u00e9 en forme de c\u0153ur sur un corsage structur\u00e9 avec des d\u00e9tails en tulle doux et une armature visible. Les bretelles amovibles en tulle ajoutent une touche de r\u00eave au dos sexy de type corset qui met en valeur votre silhouette. De la dentelle florale 3D perl\u00e9e orne la jupe flirteuse, qui se termine par une magnifique tra\u00eene festonn\u00e9e.\",\"breadcrumb\":{\"@id\":\"https:\\\/\\\/www.koonings.com\\\/fr\\\/product\\\/enzoani-blue-collection-ronnie\\\/#breadcrumb\"},\"inLanguage\":\"fr-FR\",\"potentialAction\":[{\"@type\":\"ReadAction\",\"target\":[\"https:\\\/\\\/www.koonings.com\\\/fr\\\/product\\\/enzoani-blue-collection-ronnie\\\/\"]}]},{\"@type\":\"ImageObject\",\"inLanguage\":\"fr-FR\",\"@id\":\"https:\\\/\\\/www.koonings.com\\\/fr\\\/product\\\/enzoani-blue-collection-ronnie\\\/#primaryimage\",\"url\":\"https:\\\/\\\/www.koonings.com\\\/wp-content\\\/uploads\\\/2024\\\/11\\\/39559_15f4d99a1c9e6229fa82d93d55dcd1b140ea6b4872d145f9806464ee12f3fb63d95f8992.jpeg\",\"contentUrl\":\"https:\\\/\\\/www.koonings.com\\\/wp-content\\\/uploads\\\/2024\\\/11\\\/39559_15f4d99a1c9e6229fa82d93d55dcd1b140ea6b4872d145f9806464ee12f3fb63d95f8992.jpeg\",\"width\":1035,\"height\":1380},{\"@type\":\"BreadcrumbList\",\"@id\":\"https:\\\/\\\/www.koonings.com\\\/fr\\\/product\\\/enzoani-blue-collection-ronnie\\\/#breadcrumb\",\"itemListElement\":[{\"@type\":\"ListItem\",\"position\":1,\"name\":\"Home\",\"item\":\"https:\\\/\\\/www.koonings.com\\\/fr\\\/\"},{\"@type\":\"ListItem\",\"position\":2,\"name\":\"Enzoani Blue collection Ronnie\"}]},{\"@type\":\"WebSite\",\"@id\":\"https:\\\/\\\/www.koonings.com\\\/fr\\\/#website\",\"url\":\"https:\\\/\\\/www.koonings.com\\\/fr\\\/\",\"name\":\"Koonings\",\"description\":\"De grootste bruidsmodewinkel ter wereld\",\"publisher\":{\"@id\":\"https:\\\/\\\/www.koonings.com\\\/fr\\\/#organization\"},\"potentialAction\":[{\"@type\":\"SearchAction\",\"target\":{\"@type\":\"EntryPoint\",\"urlTemplate\":\"https:\\\/\\\/www.koonings.com\\\/fr\\\/?s={search_term_string}\"},\"query-input\":{\"@type\":\"PropertyValueSpecification\",\"valueRequired\":true,\"valueName\":\"search_term_string\"}}],\"inLanguage\":\"fr-FR\"},{\"@type\":\"Organization\",\"@id\":\"https:\\\/\\\/www.koonings.com\\\/fr\\\/#organization\",\"name\":\"Koonings\",\"url\":\"https:\\\/\\\/www.koonings.com\\\/fr\\\/\",\"logo\":{\"@type\":\"ImageObject\",\"inLanguage\":\"fr-FR\",\"@id\":\"https:\\\/\\\/www.koonings.com\\\/fr\\\/#\\\/schema\\\/logo\\\/image\\\/\",\"url\":\"https:\\\/\\\/www.koonings.com\\\/wp-content\\\/uploads\\\/2024\\\/07\\\/logo.png\",\"contentUrl\":\"https:\\\/\\\/www.koonings.com\\\/wp-content\\\/uploads\\\/2024\\\/07\\\/logo.png\",\"width\":600,\"height\":428,\"caption\":\"Koonings\"},\"image\":{\"@id\":\"https:\\\/\\\/www.koonings.com\\\/fr\\\/#\\\/schema\\\/logo\\\/image\\\/\"},\"sameAs\":[\"https:\\\/\\\/www.facebook.com\\\/kooningstheweddingpalace\",\"https:\\\/\\\/www.instagram.com\\\/kooningstheweddingpalace\",\"https:\\\/\\\/www.pinterest.com\\\/koonings\",\"https:\\\/\\\/www.youtube.com\\\/kooningstheweddingpalace\"]}]}<\/script>\n<!-- \/ Yoast SEO plugin. -->","yoast_head_json":{"title":"Enzoani Blue collection Ronnie | Koonings","description":"Laissez vos invit\u00e9s de mariage sous le charme avec cette divine robe sir\u00e8ne dot\u00e9e d'un profond d\u00e9collet\u00e9 en forme de c\u0153ur sur un corsage structur\u00e9 avec des d\u00e9tails en tulle doux et une armature visible. Les bretelles amovibles en tulle ajoutent une touche de r\u00eave au dos sexy de type corset qui met en valeur votre silhouette. De la dentelle florale 3D perl\u00e9e orne la jupe flirteuse, qui se termine par une magnifique tra\u00eene festonn\u00e9e.","robots":{"index":"index","follow":"follow","max-snippet":"max-snippet:-1","max-image-preview":"max-image-preview:large","max-video-preview":"max-video-preview:-1"},"canonical":"https:\/\/www.koonings.com\/fr\/product\/enzoani-blue-collection-ronnie\/","og_locale":"fr_FR","og_type":"article","og_title":"Enzoani Blue collection Ronnie | Koonings","og_description":"Laissez vos invit\u00e9s de mariage sous le charme avec cette divine robe sir\u00e8ne dot\u00e9e d'un profond d\u00e9collet\u00e9 en forme de c\u0153ur sur un corsage structur\u00e9 avec des d\u00e9tails en tulle doux et une armature visible. Les bretelles amovibles en tulle ajoutent une touche de r\u00eave au dos sexy de type corset qui met en valeur votre silhouette. De la dentelle florale 3D perl\u00e9e orne la jupe flirteuse, qui se termine par une magnifique tra\u00eene festonn\u00e9e.","og_url":"https:\/\/www.koonings.com\/fr\/product\/enzoani-blue-collection-ronnie\/","og_site_name":"Koonings","article_publisher":"https:\/\/www.facebook.com\/kooningstheweddingpalace","og_image":[{"width":1035,"height":1380,"url":"https:\/\/www.koonings.com\/wp-content\/uploads\/2024\/11\/39559_15f4d99a1c9e6229fa82d93d55dcd1b140ea6b4872d145f9806464ee12f3fb63d95f8992.jpeg","type":"image\/jpeg"}],"twitter_card":"summary_large_image","schema":{"@context":"https:\/\/schema.org","@graph":[{"@type":"WebPage","@id":"https:\/\/www.koonings.com\/fr\/product\/enzoani-blue-collection-ronnie\/","url":"https:\/\/www.koonings.com\/fr\/product\/enzoani-blue-collection-ronnie\/","name":"Enzoani Blue collection Ronnie | Koonings","isPartOf":{"@id":"https:\/\/www.koonings.com\/fr\/#website"},"primaryImageOfPage":{"@id":"https:\/\/www.koonings.com\/fr\/product\/enzoani-blue-collection-ronnie\/#primaryimage"},"image":{"@id":"https:\/\/www.koonings.com\/fr\/product\/enzoani-blue-collection-ronnie\/#primaryimage"},"thumbnailUrl":"https:\/\/www.koonings.com\/wp-content\/uploads\/2024\/11\/39559_15f4d99a1c9e6229fa82d93d55dcd1b140ea6b4872d145f9806464ee12f3fb63d95f8992.jpeg","datePublished":"2026-05-06T13:14:30+00:00","description":"Laissez vos invit\u00e9s de mariage sous le charme avec cette divine robe sir\u00e8ne dot\u00e9e d'un profond d\u00e9collet\u00e9 en forme de c\u0153ur sur un corsage structur\u00e9 avec des d\u00e9tails en tulle doux et une armature visible. Les bretelles amovibles en tulle ajoutent une touche de r\u00eave au dos sexy de type corset qui met en valeur votre silhouette. De la dentelle florale 3D perl\u00e9e orne la jupe flirteuse, qui se termine par une magnifique tra\u00eene festonn\u00e9e.","breadcrumb":{"@id":"https:\/\/www.koonings.com\/fr\/product\/enzoani-blue-collection-ronnie\/#breadcrumb"},"inLanguage":"fr-FR","potentialAction":[{"@type":"ReadAction","target":["https:\/\/www.koonings.com\/fr\/product\/enzoani-blue-collection-ronnie\/"]}]},{"@type":"ImageObject","inLanguage":"fr-FR","@id":"https:\/\/www.koonings.com\/fr\/product\/enzoani-blue-collection-ronnie\/#primaryimage","url":"https:\/\/www.koonings.com\/wp-content\/uploads\/2024\/11\/39559_15f4d99a1c9e6229fa82d93d55dcd1b140ea6b4872d145f9806464ee12f3fb63d95f8992.jpeg","contentUrl":"https:\/\/www.koonings.com\/wp-content\/uploads\/2024\/11\/39559_15f4d99a1c9e6229fa82d93d55dcd1b140ea6b4872d145f9806464ee12f3fb63d95f8992.jpeg","width":1035,"height":1380},{"@type":"BreadcrumbList","@id":"https:\/\/www.koonings.com\/fr\/product\/enzoani-blue-collection-ronnie\/#breadcrumb","itemListElement":[{"@type":"ListItem","position":1,"name":"Home","item":"https:\/\/www.koonings.com\/fr\/"},{"@type":"ListItem","position":2,"name":"Enzoani Blue collection Ronnie"}]},{"@type":"WebSite","@id":"https:\/\/www.koonings.com\/fr\/#website","url":"https:\/\/www.koonings.com\/fr\/","name":"Koonings","description":"De grootste bruidsmodewinkel ter wereld","publisher":{"@id":"https:\/\/www.koonings.com\/fr\/#organization"},"potentialAction":[{"@type":"SearchAction","target":{"@type":"EntryPoint","urlTemplate":"https:\/\/www.koonings.com\/fr\/?s={search_term_string}"},"query-input":{"@type":"PropertyValueSpecification","valueRequired":true,"valueName":"search_term_string"}}],"inLanguage":"fr-FR"},{"@type":"Organization","@id":"https:\/\/www.koonings.com\/fr\/#organization","name":"Koonings","url":"https:\/\/www.koonings.com\/fr\/","logo":{"@type":"ImageObject","inLanguage":"fr-FR","@id":"https:\/\/www.koonings.com\/fr\/#\/schema\/logo\/image\/","url":"https:\/\/www.koonings.com\/wp-content\/uploads\/2024\/07\/logo.png","contentUrl":"https:\/\/www.koonings.com\/wp-content\/uploads\/2024\/07\/logo.png","width":600,"height":428,"caption":"Koonings"},"image":{"@id":"https:\/\/www.koonings.com\/fr\/#\/schema\/logo\/image\/"},"sameAs":["https:\/\/www.facebook.com\/kooningstheweddingpalace","https:\/\/www.instagram.com\/kooningstheweddingpalace","https:\/\/www.pinterest.com\/koonings","https:\/\/www.youtube.com\/kooningstheweddingpalace"]}]}},"_links":{"self":[{"href":"https:\/\/www.koonings.com\/fr\/wp-json\/wp\/v2\/product\/57987","targetHints":{"allow":["GET"]}}],"collection":[{"href":"https:\/\/www.koonings.com\/fr\/wp-json\/wp\/v2\/product"}],"about":[{"href":"https:\/\/www.koonings.com\/fr\/wp-json\/wp\/v2\/types\/product"}],"wp:featuredmedia":[{"embeddable":true,"href":"https:\/\/www.koonings.com\/fr\/wp-json\/wp\/v2\/media\/41470"}],"wp:attachment":[{"href":"https:\/\/www.koonings.com\/fr\/wp-json\/wp\/v2\/media?parent=57987"}],"wp:term":[{"taxonomy":"productdetails","embeddable":true,"href":"https:\/\/www.koonings.com\/fr\/wp-json\/wp\/v2\/productdetails?post=57987"},{"taxonomy":"productneck","embeddable":true,"href":"https:\/\/www.koonings.com\/fr\/wp-json\/wp\/v2\/productneck?post=57987"},{"taxonomy":"productcolor","embeddable":true,"href":"https:\/\/www.koonings.com\/fr\/wp-json\/wp\/v2\/productcolor?post=57987"},{"taxonomy":"maat","embeddable":true,"href":"https:\/\/www.koonings.com\/fr\/wp-json\/wp\/v2\/maat?post=57987"},{"taxonomy":"productsupplier","embeddable":true,"href":"https:\/\/www.koonings.com\/fr\/wp-json\/wp\/v2\/productsupplier?post=57987"},{"taxonomy":"productsleeve","embeddable":true,"href":"https:\/\/www.koonings.com\/fr\/wp-json\/wp\/v2\/productsleeve?post=57987"},{"taxonomy":"productcategory","embeddable":true,"href":"https:\/\/www.koonings.com\/fr\/wp-json\/wp\/v2\/productcategory?post=57987"},{"taxonomy":"productsilhouette","embeddable":true,"href":"https:\/\/www.koonings.com\/fr\/wp-json\/wp\/v2\/productsilhouette?post=57987"},{"taxonomy":"productstyle","embeddable":true,"href":"https:\/\/www.koonings.com\/fr\/wp-json\/wp\/v2\/productstyle?post=57987"}],"curies":[{"name":"wp","href":"https:\/\/api.w.org\/{rel}","templated":true}]}}