{"id":57968,"date":"2025-12-15T00:24:47","date_gmt":"2025-12-14T23:24:47","guid":{"rendered":"https:\/\/www.koonings.com\/product\/jesus-peiro-2408b\/"},"modified":"2026-02-03T18:29:36","modified_gmt":"2026-02-03T17:29:36","slug":"jesus-peiro-2408b","status":"publish","type":"product","link":"https:\/\/www.koonings.com\/fr\/product\/jesus-peiro-2408b\/","title":{"rendered":"J\u00e9sus Peiro 2408B"},"content":{"rendered":"<p>Silhouette trap\u00e8ze en Gran Piqu\u00e9 avec d\u00e9collet\u00e9 en V et n\u0153ud \u00e0 la taille. Vous reconnaissez une robe de mari\u00e9e Jesus Peiro \u00e0 sa simplicit\u00e9 et \u00e0 son \u00e9l\u00e9gance et, dans la derni\u00e8re collection, cela semble une fois de plus avoir \u00e9t\u00e9 la base parfaite pour une foule de joyaux uniques de robes de mari\u00e9e ! <\/p>\n","protected":false},"featured_media":41597,"template":"","meta":{"_acf_changed":false,"ghostkit_customizer_options":"","ghostkit_custom_css":"","ghostkit_custom_js_head":"","ghostkit_custom_js_foot":"","ghostkit_typography":""},"productdetails":[],"productneck":[356],"productcolor":[392],"maat":[],"productsupplier":[408],"productsleeve":[359],"productcategory":[18],"productsilhouette":[384],"productstyle":[],"class_list":["post-57968","product","type-product","status-publish","has-post-thumbnail","hentry","productneck-356","productcolor-392","productsupplier-jesus-peiro","productsleeve-359","productcategory-trouwjurken","productsilhouette-384"],"acf":[],"yoast_head":"<!-- This site is optimized with the Yoast SEO plugin v26.8 - https:\/\/yoast.com\/product\/yoast-seo-wordpress\/ -->\n<title>J\u00e9sus Peiro 2408B | Koonings<\/title>\n<meta name=\"description\" content=\"Silhouette trap\u00e8ze en Gran Piqu\u00e9 avec d\u00e9collet\u00e9 en V et n\u0153ud \u00e0 la taille. Vous reconnaissez une robe de mari\u00e9e Jesus Peiro \u00e0 sa simplicit\u00e9 et \u00e0 son \u00e9l\u00e9gance et, dans la derni\u00e8re collection, cela semble une fois de plus avoir \u00e9t\u00e9 la base parfaite pour une foule de joyaux uniques de robes de mari\u00e9e !\" \/>\n<meta name=\"robots\" content=\"index, follow, max-snippet:-1, max-image-preview:large, max-video-preview:-1\" \/>\n<link rel=\"canonical\" href=\"https:\/\/www.koonings.com\/fr\/product\/jesus-peiro-2408b\/\" \/>\n<meta property=\"og:locale\" content=\"fr_FR\" \/>\n<meta property=\"og:type\" content=\"article\" \/>\n<meta property=\"og:title\" content=\"J\u00e9sus Peiro 2408B | Koonings\" \/>\n<meta property=\"og:description\" content=\"Silhouette trap\u00e8ze en Gran Piqu\u00e9 avec d\u00e9collet\u00e9 en V et n\u0153ud \u00e0 la taille. Vous reconnaissez une robe de mari\u00e9e Jesus Peiro \u00e0 sa simplicit\u00e9 et \u00e0 son \u00e9l\u00e9gance et, dans la derni\u00e8re collection, cela semble une fois de plus avoir \u00e9t\u00e9 la base parfaite pour une foule de joyaux uniques de robes de mari\u00e9e !\" \/>\n<meta property=\"og:url\" content=\"https:\/\/www.koonings.com\/fr\/product\/jesus-peiro-2408b\/\" \/>\n<meta property=\"og:site_name\" content=\"Koonings\" \/>\n<meta property=\"article:publisher\" content=\"https:\/\/www.facebook.com\/kooningstheweddingpalace\" \/>\n<meta property=\"article:modified_time\" content=\"2026-02-03T17:29:36+00:00\" \/>\n<meta property=\"og:image\" content=\"https:\/\/www.koonings.com\/wp-content\/uploads\/2024\/11\/39576_91e0766501f98d7e2ab4ba756a6a3d4ee95813de1694ba62487e88cd9b03082ee4829faf-scaled.jpeg\" \/>\n\t<meta property=\"og:image:width\" content=\"1809\" \/>\n\t<meta property=\"og:image:height\" content=\"2560\" \/>\n\t<meta property=\"og:image:type\" content=\"image\/jpeg\" \/>\n<meta name=\"twitter:card\" content=\"summary_large_image\" \/>\n<script type=\"application\/ld+json\" class=\"yoast-schema-graph\">{\"@context\":\"https:\/\/schema.org\",\"@graph\":[{\"@type\":\"WebPage\",\"@id\":\"https:\/\/www.koonings.com\/fr\/product\/jesus-peiro-2408b\/\",\"url\":\"https:\/\/www.koonings.com\/fr\/product\/jesus-peiro-2408b\/\",\"name\":\"J\u00e9sus Peiro 2408B | Koonings\",\"isPartOf\":{\"@id\":\"https:\/\/www.koonings.com\/fr\/#website\"},\"primaryImageOfPage\":{\"@id\":\"https:\/\/www.koonings.com\/fr\/product\/jesus-peiro-2408b\/#primaryimage\"},\"image\":{\"@id\":\"https:\/\/www.koonings.com\/fr\/product\/jesus-peiro-2408b\/#primaryimage\"},\"thumbnailUrl\":\"https:\/\/www.koonings.com\/wp-content\/uploads\/2024\/11\/39576_91e0766501f98d7e2ab4ba756a6a3d4ee95813de1694ba62487e88cd9b03082ee4829faf-scaled.jpeg\",\"datePublished\":\"2025-12-14T23:24:47+00:00\",\"dateModified\":\"2026-02-03T17:29:36+00:00\",\"description\":\"Silhouette trap\u00e8ze en Gran Piqu\u00e9 avec d\u00e9collet\u00e9 en V et n\u0153ud \u00e0 la taille. Vous reconnaissez une robe de mari\u00e9e Jesus Peiro \u00e0 sa simplicit\u00e9 et \u00e0 son \u00e9l\u00e9gance et, dans la derni\u00e8re collection, cela semble une fois de plus avoir \u00e9t\u00e9 la base parfaite pour une foule de joyaux uniques de robes de mari\u00e9e !\",\"breadcrumb\":{\"@id\":\"https:\/\/www.koonings.com\/fr\/product\/jesus-peiro-2408b\/#breadcrumb\"},\"inLanguage\":\"fr-FR\",\"potentialAction\":[{\"@type\":\"ReadAction\",\"target\":[\"https:\/\/www.koonings.com\/fr\/product\/jesus-peiro-2408b\/\"]}]},{\"@type\":\"ImageObject\",\"inLanguage\":\"fr-FR\",\"@id\":\"https:\/\/www.koonings.com\/fr\/product\/jesus-peiro-2408b\/#primaryimage\",\"url\":\"https:\/\/www.koonings.com\/wp-content\/uploads\/2024\/11\/39576_91e0766501f98d7e2ab4ba756a6a3d4ee95813de1694ba62487e88cd9b03082ee4829faf-scaled.jpeg\",\"contentUrl\":\"https:\/\/www.koonings.com\/wp-content\/uploads\/2024\/11\/39576_91e0766501f98d7e2ab4ba756a6a3d4ee95813de1694ba62487e88cd9b03082ee4829faf-scaled.jpeg\",\"width\":1809,\"height\":2560},{\"@type\":\"BreadcrumbList\",\"@id\":\"https:\/\/www.koonings.com\/fr\/product\/jesus-peiro-2408b\/#breadcrumb\",\"itemListElement\":[{\"@type\":\"ListItem\",\"position\":1,\"name\":\"Home\",\"item\":\"https:\/\/www.koonings.com\/fr\/\"},{\"@type\":\"ListItem\",\"position\":2,\"name\":\"J\u00e9sus Peiro 2408B\"}]},{\"@type\":\"WebSite\",\"@id\":\"https:\/\/www.koonings.com\/fr\/#website\",\"url\":\"https:\/\/www.koonings.com\/fr\/\",\"name\":\"Koonings\",\"description\":\"De grootste bruidsmodewinkel ter wereld\",\"publisher\":{\"@id\":\"https:\/\/www.koonings.com\/fr\/#organization\"},\"potentialAction\":[{\"@type\":\"SearchAction\",\"target\":{\"@type\":\"EntryPoint\",\"urlTemplate\":\"https:\/\/www.koonings.com\/fr\/?s={search_term_string}\"},\"query-input\":{\"@type\":\"PropertyValueSpecification\",\"valueRequired\":true,\"valueName\":\"search_term_string\"}}],\"inLanguage\":\"fr-FR\"},{\"@type\":\"Organization\",\"@id\":\"https:\/\/www.koonings.com\/fr\/#organization\",\"name\":\"Koonings\",\"url\":\"https:\/\/www.koonings.com\/fr\/\",\"logo\":{\"@type\":\"ImageObject\",\"inLanguage\":\"fr-FR\",\"@id\":\"https:\/\/www.koonings.com\/fr\/#\/schema\/logo\/image\/\",\"url\":\"https:\/\/www.koonings.com\/wp-content\/uploads\/2024\/07\/logo.png\",\"contentUrl\":\"https:\/\/www.koonings.com\/wp-content\/uploads\/2024\/07\/logo.png\",\"width\":600,\"height\":428,\"caption\":\"Koonings\"},\"image\":{\"@id\":\"https:\/\/www.koonings.com\/fr\/#\/schema\/logo\/image\/\"},\"sameAs\":[\"https:\/\/www.facebook.com\/kooningstheweddingpalace\",\"https:\/\/www.instagram.com\/kooningstheweddingpalace\",\"https:\/\/www.pinterest.com\/koonings\",\"https:\/\/www.youtube.com\/kooningstheweddingpalace\"]}]}<\/script>\n<!-- \/ Yoast SEO plugin. -->","yoast_head_json":{"title":"J\u00e9sus Peiro 2408B | Koonings","description":"Silhouette trap\u00e8ze en Gran Piqu\u00e9 avec d\u00e9collet\u00e9 en V et n\u0153ud \u00e0 la taille. Vous reconnaissez une robe de mari\u00e9e Jesus Peiro \u00e0 sa simplicit\u00e9 et \u00e0 son \u00e9l\u00e9gance et, dans la derni\u00e8re collection, cela semble une fois de plus avoir \u00e9t\u00e9 la base parfaite pour une foule de joyaux uniques de robes de mari\u00e9e !","robots":{"index":"index","follow":"follow","max-snippet":"max-snippet:-1","max-image-preview":"max-image-preview:large","max-video-preview":"max-video-preview:-1"},"canonical":"https:\/\/www.koonings.com\/fr\/product\/jesus-peiro-2408b\/","og_locale":"fr_FR","og_type":"article","og_title":"J\u00e9sus Peiro 2408B | Koonings","og_description":"Silhouette trap\u00e8ze en Gran Piqu\u00e9 avec d\u00e9collet\u00e9 en V et n\u0153ud \u00e0 la taille. Vous reconnaissez une robe de mari\u00e9e Jesus Peiro \u00e0 sa simplicit\u00e9 et \u00e0 son \u00e9l\u00e9gance et, dans la derni\u00e8re collection, cela semble une fois de plus avoir \u00e9t\u00e9 la base parfaite pour une foule de joyaux uniques de robes de mari\u00e9e !","og_url":"https:\/\/www.koonings.com\/fr\/product\/jesus-peiro-2408b\/","og_site_name":"Koonings","article_publisher":"https:\/\/www.facebook.com\/kooningstheweddingpalace","article_modified_time":"2026-02-03T17:29:36+00:00","og_image":[{"width":1809,"height":2560,"url":"https:\/\/www.koonings.com\/wp-content\/uploads\/2024\/11\/39576_91e0766501f98d7e2ab4ba756a6a3d4ee95813de1694ba62487e88cd9b03082ee4829faf-scaled.jpeg","type":"image\/jpeg"}],"twitter_card":"summary_large_image","schema":{"@context":"https:\/\/schema.org","@graph":[{"@type":"WebPage","@id":"https:\/\/www.koonings.com\/fr\/product\/jesus-peiro-2408b\/","url":"https:\/\/www.koonings.com\/fr\/product\/jesus-peiro-2408b\/","name":"J\u00e9sus Peiro 2408B | Koonings","isPartOf":{"@id":"https:\/\/www.koonings.com\/fr\/#website"},"primaryImageOfPage":{"@id":"https:\/\/www.koonings.com\/fr\/product\/jesus-peiro-2408b\/#primaryimage"},"image":{"@id":"https:\/\/www.koonings.com\/fr\/product\/jesus-peiro-2408b\/#primaryimage"},"thumbnailUrl":"https:\/\/www.koonings.com\/wp-content\/uploads\/2024\/11\/39576_91e0766501f98d7e2ab4ba756a6a3d4ee95813de1694ba62487e88cd9b03082ee4829faf-scaled.jpeg","datePublished":"2025-12-14T23:24:47+00:00","dateModified":"2026-02-03T17:29:36+00:00","description":"Silhouette trap\u00e8ze en Gran Piqu\u00e9 avec d\u00e9collet\u00e9 en V et n\u0153ud \u00e0 la taille. Vous reconnaissez une robe de mari\u00e9e Jesus Peiro \u00e0 sa simplicit\u00e9 et \u00e0 son \u00e9l\u00e9gance et, dans la derni\u00e8re collection, cela semble une fois de plus avoir \u00e9t\u00e9 la base parfaite pour une foule de joyaux uniques de robes de mari\u00e9e !","breadcrumb":{"@id":"https:\/\/www.koonings.com\/fr\/product\/jesus-peiro-2408b\/#breadcrumb"},"inLanguage":"fr-FR","potentialAction":[{"@type":"ReadAction","target":["https:\/\/www.koonings.com\/fr\/product\/jesus-peiro-2408b\/"]}]},{"@type":"ImageObject","inLanguage":"fr-FR","@id":"https:\/\/www.koonings.com\/fr\/product\/jesus-peiro-2408b\/#primaryimage","url":"https:\/\/www.koonings.com\/wp-content\/uploads\/2024\/11\/39576_91e0766501f98d7e2ab4ba756a6a3d4ee95813de1694ba62487e88cd9b03082ee4829faf-scaled.jpeg","contentUrl":"https:\/\/www.koonings.com\/wp-content\/uploads\/2024\/11\/39576_91e0766501f98d7e2ab4ba756a6a3d4ee95813de1694ba62487e88cd9b03082ee4829faf-scaled.jpeg","width":1809,"height":2560},{"@type":"BreadcrumbList","@id":"https:\/\/www.koonings.com\/fr\/product\/jesus-peiro-2408b\/#breadcrumb","itemListElement":[{"@type":"ListItem","position":1,"name":"Home","item":"https:\/\/www.koonings.com\/fr\/"},{"@type":"ListItem","position":2,"name":"J\u00e9sus Peiro 2408B"}]},{"@type":"WebSite","@id":"https:\/\/www.koonings.com\/fr\/#website","url":"https:\/\/www.koonings.com\/fr\/","name":"Koonings","description":"De grootste bruidsmodewinkel ter wereld","publisher":{"@id":"https:\/\/www.koonings.com\/fr\/#organization"},"potentialAction":[{"@type":"SearchAction","target":{"@type":"EntryPoint","urlTemplate":"https:\/\/www.koonings.com\/fr\/?s={search_term_string}"},"query-input":{"@type":"PropertyValueSpecification","valueRequired":true,"valueName":"search_term_string"}}],"inLanguage":"fr-FR"},{"@type":"Organization","@id":"https:\/\/www.koonings.com\/fr\/#organization","name":"Koonings","url":"https:\/\/www.koonings.com\/fr\/","logo":{"@type":"ImageObject","inLanguage":"fr-FR","@id":"https:\/\/www.koonings.com\/fr\/#\/schema\/logo\/image\/","url":"https:\/\/www.koonings.com\/wp-content\/uploads\/2024\/07\/logo.png","contentUrl":"https:\/\/www.koonings.com\/wp-content\/uploads\/2024\/07\/logo.png","width":600,"height":428,"caption":"Koonings"},"image":{"@id":"https:\/\/www.koonings.com\/fr\/#\/schema\/logo\/image\/"},"sameAs":["https:\/\/www.facebook.com\/kooningstheweddingpalace","https:\/\/www.instagram.com\/kooningstheweddingpalace","https:\/\/www.pinterest.com\/koonings","https:\/\/www.youtube.com\/kooningstheweddingpalace"]}]}},"_links":{"self":[{"href":"https:\/\/www.koonings.com\/fr\/wp-json\/wp\/v2\/product\/57968","targetHints":{"allow":["GET"]}}],"collection":[{"href":"https:\/\/www.koonings.com\/fr\/wp-json\/wp\/v2\/product"}],"about":[{"href":"https:\/\/www.koonings.com\/fr\/wp-json\/wp\/v2\/types\/product"}],"wp:featuredmedia":[{"embeddable":true,"href":"https:\/\/www.koonings.com\/fr\/wp-json\/wp\/v2\/media\/41597"}],"wp:attachment":[{"href":"https:\/\/www.koonings.com\/fr\/wp-json\/wp\/v2\/media?parent=57968"}],"wp:term":[{"taxonomy":"productdetails","embeddable":true,"href":"https:\/\/www.koonings.com\/fr\/wp-json\/wp\/v2\/productdetails?post=57968"},{"taxonomy":"productneck","embeddable":true,"href":"https:\/\/www.koonings.com\/fr\/wp-json\/wp\/v2\/productneck?post=57968"},{"taxonomy":"productcolor","embeddable":true,"href":"https:\/\/www.koonings.com\/fr\/wp-json\/wp\/v2\/productcolor?post=57968"},{"taxonomy":"maat","embeddable":true,"href":"https:\/\/www.koonings.com\/fr\/wp-json\/wp\/v2\/maat?post=57968"},{"taxonomy":"productsupplier","embeddable":true,"href":"https:\/\/www.koonings.com\/fr\/wp-json\/wp\/v2\/productsupplier?post=57968"},{"taxonomy":"productsleeve","embeddable":true,"href":"https:\/\/www.koonings.com\/fr\/wp-json\/wp\/v2\/productsleeve?post=57968"},{"taxonomy":"productcategory","embeddable":true,"href":"https:\/\/www.koonings.com\/fr\/wp-json\/wp\/v2\/productcategory?post=57968"},{"taxonomy":"productsilhouette","embeddable":true,"href":"https:\/\/www.koonings.com\/fr\/wp-json\/wp\/v2\/productsilhouette?post=57968"},{"taxonomy":"productstyle","embeddable":true,"href":"https:\/\/www.koonings.com\/fr\/wp-json\/wp\/v2\/productstyle?post=57968"}],"curies":[{"name":"wp","href":"https:\/\/api.w.org\/{rel}","templated":true}]}}