{"id":57961,"date":"2025-12-15T00:24:48","date_gmt":"2025-12-14T23:24:48","guid":{"rendered":"https:\/\/www.koonings.com\/product\/jesus-peiro-2428a\/"},"modified":"2026-02-03T18:29:43","modified_gmt":"2026-02-03T17:29:43","slug":"jesus-peiro-2428a","status":"publish","type":"product","link":"https:\/\/www.koonings.com\/fr\/product\/jesus-peiro-2428a\/","title":{"rendered":"J\u00e9sus Peiro 2428A"},"content":{"rendered":"<p>Cette robe de mari\u00e9e cool a une encolure ch\u00e2le avec un beau drap\u00e9. La jupe est recouverte de tulle perl\u00e9. Vous \u00eates une future mari\u00e9e qui appr\u00e9cie l&#8217;\u00e9l\u00e9gance et le style, qui est en avance sur toutes les tendances et qui aime briser les traditions en choisissant l&#8217;excentricit\u00e9 qui fait ressortir le meilleur de votre personnalit\u00e9 ?  <\/p>\n","protected":false},"featured_media":41606,"template":"","meta":{"_acf_changed":false,"ghostkit_customizer_options":"","ghostkit_custom_css":"","ghostkit_custom_js_head":"","ghostkit_custom_js_foot":"","ghostkit_typography":""},"productdetails":[],"productneck":[355,356],"productcolor":[392],"maat":[],"productsupplier":[408],"productsleeve":[359],"productcategory":[18],"productsilhouette":[384],"productstyle":[],"class_list":["post-57961","product","type-product","status-publish","has-post-thumbnail","hentry","productneck-355","productneck-356","productcolor-392","productsupplier-jesus-peiro","productsleeve-359","productcategory-trouwjurken","productsilhouette-384"],"acf":[],"yoast_head":"<!-- This site is optimized with the Yoast SEO plugin v27.3 - https:\/\/yoast.com\/product\/yoast-seo-wordpress\/ -->\n<title>J\u00e9sus Peiro 2428A | Koonings<\/title>\n<meta name=\"description\" content=\"Cette robe de mari\u00e9e cool a une encolure ch\u00e2le avec un beau drap\u00e9. La jupe est recouverte de tulle perl\u00e9. Vous \u00eates une future mari\u00e9e qui appr\u00e9cie l&#039;\u00e9l\u00e9gance et le style, qui est en avance sur toutes les tendances et qui aime briser les traditions en choisissant l&#039;excentricit\u00e9 qui fait ressortir le meilleur de votre personnalit\u00e9 ?\" \/>\n<meta name=\"robots\" content=\"index, follow, max-snippet:-1, max-image-preview:large, max-video-preview:-1\" \/>\n<link rel=\"canonical\" href=\"https:\/\/www.koonings.com\/fr\/product\/jesus-peiro-2428a\/\" \/>\n<meta property=\"og:locale\" content=\"fr_FR\" \/>\n<meta property=\"og:type\" content=\"article\" \/>\n<meta property=\"og:title\" content=\"J\u00e9sus Peiro 2428A | Koonings\" \/>\n<meta property=\"og:description\" content=\"Cette robe de mari\u00e9e cool a une encolure ch\u00e2le avec un beau drap\u00e9. La jupe est recouverte de tulle perl\u00e9. Vous \u00eates une future mari\u00e9e qui appr\u00e9cie l&#039;\u00e9l\u00e9gance et le style, qui est en avance sur toutes les tendances et qui aime briser les traditions en choisissant l&#039;excentricit\u00e9 qui fait ressortir le meilleur de votre personnalit\u00e9 ?\" \/>\n<meta property=\"og:url\" content=\"https:\/\/www.koonings.com\/fr\/product\/jesus-peiro-2428a\/\" \/>\n<meta property=\"og:site_name\" content=\"Koonings\" \/>\n<meta property=\"article:publisher\" content=\"https:\/\/www.facebook.com\/kooningstheweddingpalace\" \/>\n<meta property=\"article:modified_time\" content=\"2026-02-03T17:29:43+00:00\" \/>\n<meta property=\"og:image\" content=\"https:\/\/www.koonings.com\/wp-content\/uploads\/2024\/11\/39577_8c7a17751356c8d320f8c1ac7af8266e35b7cc95fde719be3fd6e2b094675f601969de90.jpeg\" \/>\n\t<meta property=\"og:image:width\" content=\"300\" \/>\n\t<meta property=\"og:image:height\" content=\"450\" \/>\n\t<meta property=\"og:image:type\" content=\"image\/jpeg\" \/>\n<meta name=\"twitter:card\" content=\"summary_large_image\" \/>\n<script type=\"application\/ld+json\" class=\"yoast-schema-graph\">{\"@context\":\"https:\\\/\\\/schema.org\",\"@graph\":[{\"@type\":\"WebPage\",\"@id\":\"https:\\\/\\\/www.koonings.com\\\/fr\\\/product\\\/jesus-peiro-2428a\\\/\",\"url\":\"https:\\\/\\\/www.koonings.com\\\/fr\\\/product\\\/jesus-peiro-2428a\\\/\",\"name\":\"J\u00e9sus Peiro 2428A | Koonings\",\"isPartOf\":{\"@id\":\"https:\\\/\\\/www.koonings.com\\\/fr\\\/#website\"},\"primaryImageOfPage\":{\"@id\":\"https:\\\/\\\/www.koonings.com\\\/fr\\\/product\\\/jesus-peiro-2428a\\\/#primaryimage\"},\"image\":{\"@id\":\"https:\\\/\\\/www.koonings.com\\\/fr\\\/product\\\/jesus-peiro-2428a\\\/#primaryimage\"},\"thumbnailUrl\":\"https:\\\/\\\/www.koonings.com\\\/wp-content\\\/uploads\\\/2024\\\/11\\\/39577_8c7a17751356c8d320f8c1ac7af8266e35b7cc95fde719be3fd6e2b094675f601969de90.jpeg\",\"datePublished\":\"2025-12-14T23:24:48+00:00\",\"dateModified\":\"2026-02-03T17:29:43+00:00\",\"description\":\"Cette robe de mari\u00e9e cool a une encolure ch\u00e2le avec un beau drap\u00e9. La jupe est recouverte de tulle perl\u00e9. Vous \u00eates une future mari\u00e9e qui appr\u00e9cie l'\u00e9l\u00e9gance et le style, qui est en avance sur toutes les tendances et qui aime briser les traditions en choisissant l'excentricit\u00e9 qui fait ressortir le meilleur de votre personnalit\u00e9 ?\",\"breadcrumb\":{\"@id\":\"https:\\\/\\\/www.koonings.com\\\/fr\\\/product\\\/jesus-peiro-2428a\\\/#breadcrumb\"},\"inLanguage\":\"fr-FR\",\"potentialAction\":[{\"@type\":\"ReadAction\",\"target\":[\"https:\\\/\\\/www.koonings.com\\\/fr\\\/product\\\/jesus-peiro-2428a\\\/\"]}]},{\"@type\":\"ImageObject\",\"inLanguage\":\"fr-FR\",\"@id\":\"https:\\\/\\\/www.koonings.com\\\/fr\\\/product\\\/jesus-peiro-2428a\\\/#primaryimage\",\"url\":\"https:\\\/\\\/www.koonings.com\\\/wp-content\\\/uploads\\\/2024\\\/11\\\/39577_8c7a17751356c8d320f8c1ac7af8266e35b7cc95fde719be3fd6e2b094675f601969de90.jpeg\",\"contentUrl\":\"https:\\\/\\\/www.koonings.com\\\/wp-content\\\/uploads\\\/2024\\\/11\\\/39577_8c7a17751356c8d320f8c1ac7af8266e35b7cc95fde719be3fd6e2b094675f601969de90.jpeg\",\"width\":300,\"height\":450},{\"@type\":\"BreadcrumbList\",\"@id\":\"https:\\\/\\\/www.koonings.com\\\/fr\\\/product\\\/jesus-peiro-2428a\\\/#breadcrumb\",\"itemListElement\":[{\"@type\":\"ListItem\",\"position\":1,\"name\":\"Home\",\"item\":\"https:\\\/\\\/www.koonings.com\\\/fr\\\/\"},{\"@type\":\"ListItem\",\"position\":2,\"name\":\"J\u00e9sus Peiro 2428A\"}]},{\"@type\":\"WebSite\",\"@id\":\"https:\\\/\\\/www.koonings.com\\\/fr\\\/#website\",\"url\":\"https:\\\/\\\/www.koonings.com\\\/fr\\\/\",\"name\":\"Koonings\",\"description\":\"De grootste bruidsmodewinkel ter wereld\",\"publisher\":{\"@id\":\"https:\\\/\\\/www.koonings.com\\\/fr\\\/#organization\"},\"potentialAction\":[{\"@type\":\"SearchAction\",\"target\":{\"@type\":\"EntryPoint\",\"urlTemplate\":\"https:\\\/\\\/www.koonings.com\\\/fr\\\/?s={search_term_string}\"},\"query-input\":{\"@type\":\"PropertyValueSpecification\",\"valueRequired\":true,\"valueName\":\"search_term_string\"}}],\"inLanguage\":\"fr-FR\"},{\"@type\":\"Organization\",\"@id\":\"https:\\\/\\\/www.koonings.com\\\/fr\\\/#organization\",\"name\":\"Koonings\",\"url\":\"https:\\\/\\\/www.koonings.com\\\/fr\\\/\",\"logo\":{\"@type\":\"ImageObject\",\"inLanguage\":\"fr-FR\",\"@id\":\"https:\\\/\\\/www.koonings.com\\\/fr\\\/#\\\/schema\\\/logo\\\/image\\\/\",\"url\":\"https:\\\/\\\/www.koonings.com\\\/wp-content\\\/uploads\\\/2024\\\/07\\\/logo.png\",\"contentUrl\":\"https:\\\/\\\/www.koonings.com\\\/wp-content\\\/uploads\\\/2024\\\/07\\\/logo.png\",\"width\":600,\"height\":428,\"caption\":\"Koonings\"},\"image\":{\"@id\":\"https:\\\/\\\/www.koonings.com\\\/fr\\\/#\\\/schema\\\/logo\\\/image\\\/\"},\"sameAs\":[\"https:\\\/\\\/www.facebook.com\\\/kooningstheweddingpalace\",\"https:\\\/\\\/www.instagram.com\\\/kooningstheweddingpalace\",\"https:\\\/\\\/www.pinterest.com\\\/koonings\",\"https:\\\/\\\/www.youtube.com\\\/kooningstheweddingpalace\"]}]}<\/script>\n<!-- \/ Yoast SEO plugin. -->","yoast_head_json":{"title":"J\u00e9sus Peiro 2428A | Koonings","description":"Cette robe de mari\u00e9e cool a une encolure ch\u00e2le avec un beau drap\u00e9. La jupe est recouverte de tulle perl\u00e9. Vous \u00eates une future mari\u00e9e qui appr\u00e9cie l'\u00e9l\u00e9gance et le style, qui est en avance sur toutes les tendances et qui aime briser les traditions en choisissant l'excentricit\u00e9 qui fait ressortir le meilleur de votre personnalit\u00e9 ?","robots":{"index":"index","follow":"follow","max-snippet":"max-snippet:-1","max-image-preview":"max-image-preview:large","max-video-preview":"max-video-preview:-1"},"canonical":"https:\/\/www.koonings.com\/fr\/product\/jesus-peiro-2428a\/","og_locale":"fr_FR","og_type":"article","og_title":"J\u00e9sus Peiro 2428A | Koonings","og_description":"Cette robe de mari\u00e9e cool a une encolure ch\u00e2le avec un beau drap\u00e9. La jupe est recouverte de tulle perl\u00e9. Vous \u00eates une future mari\u00e9e qui appr\u00e9cie l'\u00e9l\u00e9gance et le style, qui est en avance sur toutes les tendances et qui aime briser les traditions en choisissant l'excentricit\u00e9 qui fait ressortir le meilleur de votre personnalit\u00e9 ?","og_url":"https:\/\/www.koonings.com\/fr\/product\/jesus-peiro-2428a\/","og_site_name":"Koonings","article_publisher":"https:\/\/www.facebook.com\/kooningstheweddingpalace","article_modified_time":"2026-02-03T17:29:43+00:00","og_image":[{"width":300,"height":450,"url":"https:\/\/www.koonings.com\/wp-content\/uploads\/2024\/11\/39577_8c7a17751356c8d320f8c1ac7af8266e35b7cc95fde719be3fd6e2b094675f601969de90.jpeg","type":"image\/jpeg"}],"twitter_card":"summary_large_image","schema":{"@context":"https:\/\/schema.org","@graph":[{"@type":"WebPage","@id":"https:\/\/www.koonings.com\/fr\/product\/jesus-peiro-2428a\/","url":"https:\/\/www.koonings.com\/fr\/product\/jesus-peiro-2428a\/","name":"J\u00e9sus Peiro 2428A | Koonings","isPartOf":{"@id":"https:\/\/www.koonings.com\/fr\/#website"},"primaryImageOfPage":{"@id":"https:\/\/www.koonings.com\/fr\/product\/jesus-peiro-2428a\/#primaryimage"},"image":{"@id":"https:\/\/www.koonings.com\/fr\/product\/jesus-peiro-2428a\/#primaryimage"},"thumbnailUrl":"https:\/\/www.koonings.com\/wp-content\/uploads\/2024\/11\/39577_8c7a17751356c8d320f8c1ac7af8266e35b7cc95fde719be3fd6e2b094675f601969de90.jpeg","datePublished":"2025-12-14T23:24:48+00:00","dateModified":"2026-02-03T17:29:43+00:00","description":"Cette robe de mari\u00e9e cool a une encolure ch\u00e2le avec un beau drap\u00e9. La jupe est recouverte de tulle perl\u00e9. Vous \u00eates une future mari\u00e9e qui appr\u00e9cie l'\u00e9l\u00e9gance et le style, qui est en avance sur toutes les tendances et qui aime briser les traditions en choisissant l'excentricit\u00e9 qui fait ressortir le meilleur de votre personnalit\u00e9 ?","breadcrumb":{"@id":"https:\/\/www.koonings.com\/fr\/product\/jesus-peiro-2428a\/#breadcrumb"},"inLanguage":"fr-FR","potentialAction":[{"@type":"ReadAction","target":["https:\/\/www.koonings.com\/fr\/product\/jesus-peiro-2428a\/"]}]},{"@type":"ImageObject","inLanguage":"fr-FR","@id":"https:\/\/www.koonings.com\/fr\/product\/jesus-peiro-2428a\/#primaryimage","url":"https:\/\/www.koonings.com\/wp-content\/uploads\/2024\/11\/39577_8c7a17751356c8d320f8c1ac7af8266e35b7cc95fde719be3fd6e2b094675f601969de90.jpeg","contentUrl":"https:\/\/www.koonings.com\/wp-content\/uploads\/2024\/11\/39577_8c7a17751356c8d320f8c1ac7af8266e35b7cc95fde719be3fd6e2b094675f601969de90.jpeg","width":300,"height":450},{"@type":"BreadcrumbList","@id":"https:\/\/www.koonings.com\/fr\/product\/jesus-peiro-2428a\/#breadcrumb","itemListElement":[{"@type":"ListItem","position":1,"name":"Home","item":"https:\/\/www.koonings.com\/fr\/"},{"@type":"ListItem","position":2,"name":"J\u00e9sus Peiro 2428A"}]},{"@type":"WebSite","@id":"https:\/\/www.koonings.com\/fr\/#website","url":"https:\/\/www.koonings.com\/fr\/","name":"Koonings","description":"De grootste bruidsmodewinkel ter wereld","publisher":{"@id":"https:\/\/www.koonings.com\/fr\/#organization"},"potentialAction":[{"@type":"SearchAction","target":{"@type":"EntryPoint","urlTemplate":"https:\/\/www.koonings.com\/fr\/?s={search_term_string}"},"query-input":{"@type":"PropertyValueSpecification","valueRequired":true,"valueName":"search_term_string"}}],"inLanguage":"fr-FR"},{"@type":"Organization","@id":"https:\/\/www.koonings.com\/fr\/#organization","name":"Koonings","url":"https:\/\/www.koonings.com\/fr\/","logo":{"@type":"ImageObject","inLanguage":"fr-FR","@id":"https:\/\/www.koonings.com\/fr\/#\/schema\/logo\/image\/","url":"https:\/\/www.koonings.com\/wp-content\/uploads\/2024\/07\/logo.png","contentUrl":"https:\/\/www.koonings.com\/wp-content\/uploads\/2024\/07\/logo.png","width":600,"height":428,"caption":"Koonings"},"image":{"@id":"https:\/\/www.koonings.com\/fr\/#\/schema\/logo\/image\/"},"sameAs":["https:\/\/www.facebook.com\/kooningstheweddingpalace","https:\/\/www.instagram.com\/kooningstheweddingpalace","https:\/\/www.pinterest.com\/koonings","https:\/\/www.youtube.com\/kooningstheweddingpalace"]}]}},"_links":{"self":[{"href":"https:\/\/www.koonings.com\/fr\/wp-json\/wp\/v2\/product\/57961","targetHints":{"allow":["GET"]}}],"collection":[{"href":"https:\/\/www.koonings.com\/fr\/wp-json\/wp\/v2\/product"}],"about":[{"href":"https:\/\/www.koonings.com\/fr\/wp-json\/wp\/v2\/types\/product"}],"wp:featuredmedia":[{"embeddable":true,"href":"https:\/\/www.koonings.com\/fr\/wp-json\/wp\/v2\/media\/41606"}],"wp:attachment":[{"href":"https:\/\/www.koonings.com\/fr\/wp-json\/wp\/v2\/media?parent=57961"}],"wp:term":[{"taxonomy":"productdetails","embeddable":true,"href":"https:\/\/www.koonings.com\/fr\/wp-json\/wp\/v2\/productdetails?post=57961"},{"taxonomy":"productneck","embeddable":true,"href":"https:\/\/www.koonings.com\/fr\/wp-json\/wp\/v2\/productneck?post=57961"},{"taxonomy":"productcolor","embeddable":true,"href":"https:\/\/www.koonings.com\/fr\/wp-json\/wp\/v2\/productcolor?post=57961"},{"taxonomy":"maat","embeddable":true,"href":"https:\/\/www.koonings.com\/fr\/wp-json\/wp\/v2\/maat?post=57961"},{"taxonomy":"productsupplier","embeddable":true,"href":"https:\/\/www.koonings.com\/fr\/wp-json\/wp\/v2\/productsupplier?post=57961"},{"taxonomy":"productsleeve","embeddable":true,"href":"https:\/\/www.koonings.com\/fr\/wp-json\/wp\/v2\/productsleeve?post=57961"},{"taxonomy":"productcategory","embeddable":true,"href":"https:\/\/www.koonings.com\/fr\/wp-json\/wp\/v2\/productcategory?post=57961"},{"taxonomy":"productsilhouette","embeddable":true,"href":"https:\/\/www.koonings.com\/fr\/wp-json\/wp\/v2\/productsilhouette?post=57961"},{"taxonomy":"productstyle","embeddable":true,"href":"https:\/\/www.koonings.com\/fr\/wp-json\/wp\/v2\/productstyle?post=57961"}],"curies":[{"name":"wp","href":"https:\/\/api.w.org\/{rel}","templated":true}]}}