{"id":57945,"date":"2026-04-14T16:16:08","date_gmt":"2026-04-14T14:16:08","guid":{"rendered":"https:\/\/www.koonings.com\/product\/pronovias-fashion-group-aethra-pr120at1\/"},"modified":"2025-06-05T12:43:39","modified_gmt":"2025-06-05T10:43:39","slug":"pronovias-fashion-group-aethra-pr120at1","status":"publish","type":"product","link":"https:\/\/www.koonings.com\/fr\/product\/pronovias-fashion-group-aethra-pr120at1\/","title":{"rendered":"Pronovias Fashion Group Aethra PR120AT1"},"content":{"rendered":"<p>Une robe sir\u00e8ne \u00e0 couper le souffle qui prend vie dans des fleurs tridimensionnelles scintillantes qui se cristallisent le long du d\u00e9collet\u00e9 profond, se plissent \u00e0 la taille et tombent en cascade sur une jupe subtilement parsem\u00e9e de bandes de broderie. D\u00e9couvrez les derni\u00e8res collections de Pronovias dans le magnifique shop-in-shop de Koonings The Wedding Palace ! <\/p>\n","protected":false},"featured_media":41901,"template":"","meta":{"_acf_changed":false,"ghostkit_customizer_options":"","ghostkit_custom_css":"","ghostkit_custom_js_head":"","ghostkit_custom_js_foot":"","ghostkit_typography":""},"productdetails":[],"productneck":[354,355],"productcolor":[393,392],"maat":[],"productsupplier":[430],"productsleeve":[],"productcategory":[18],"productsilhouette":[387],"productstyle":[],"class_list":["post-57945","product","type-product","status-publish","has-post-thumbnail","hentry","productneck-354","productneck-355","productcolor-393","productcolor-392","productsupplier-pronovias-fashion-group","productcategory-trouwjurken","productsilhouette-387"],"acf":[],"yoast_head":"<!-- This site is optimized with the Yoast SEO plugin v27.3 - https:\/\/yoast.com\/product\/yoast-seo-wordpress\/ -->\n<title>Pronovias Fashion Group Aethra PR120AT1 | Koonings<\/title>\n<meta name=\"description\" content=\"Une robe sir\u00e8ne \u00e0 couper le souffle qui prend vie dans des fleurs tridimensionnelles scintillantes qui se cristallisent le long du d\u00e9collet\u00e9 profond, se plissent \u00e0 la taille et tombent en cascade sur une jupe subtilement parsem\u00e9e de bandes de broderie. D\u00e9couvrez les derni\u00e8res collections de Pronovias dans le magnifique shop-in-shop de Koonings The Wedding Palace !\" \/>\n<meta name=\"robots\" content=\"index, follow, max-snippet:-1, max-image-preview:large, max-video-preview:-1\" \/>\n<link rel=\"canonical\" href=\"https:\/\/www.koonings.com\/fr\/product\/pronovias-fashion-group-aethra-pr120at1\/\" \/>\n<meta property=\"og:locale\" content=\"fr_FR\" \/>\n<meta property=\"og:type\" content=\"article\" \/>\n<meta property=\"og:title\" content=\"Pronovias Fashion Group Aethra PR120AT1 | Koonings\" \/>\n<meta property=\"og:description\" content=\"Une robe sir\u00e8ne \u00e0 couper le souffle qui prend vie dans des fleurs tridimensionnelles scintillantes qui se cristallisent le long du d\u00e9collet\u00e9 profond, se plissent \u00e0 la taille et tombent en cascade sur une jupe subtilement parsem\u00e9e de bandes de broderie. D\u00e9couvrez les derni\u00e8res collections de Pronovias dans le magnifique shop-in-shop de Koonings The Wedding Palace !\" \/>\n<meta property=\"og:url\" content=\"https:\/\/www.koonings.com\/fr\/product\/pronovias-fashion-group-aethra-pr120at1\/\" \/>\n<meta property=\"og:site_name\" content=\"Koonings\" \/>\n<meta property=\"article:publisher\" content=\"https:\/\/www.facebook.com\/kooningstheweddingpalace\" \/>\n<meta property=\"og:image\" content=\"https:\/\/www.koonings.com\/wp-content\/uploads\/2024\/11\/39612_cf60b5e0f7d9d4303d000f0e3197e59977afb973ff0cc472bd37b465c81a162b5ee5cecb-scaled.jpeg\" \/>\n\t<meta property=\"og:image:width\" content=\"1811\" \/>\n\t<meta property=\"og:image:height\" content=\"2560\" \/>\n\t<meta property=\"og:image:type\" content=\"image\/jpeg\" \/>\n<meta name=\"twitter:card\" content=\"summary_large_image\" \/>\n<script type=\"application\/ld+json\" class=\"yoast-schema-graph\">{\"@context\":\"https:\\\/\\\/schema.org\",\"@graph\":[{\"@type\":\"WebPage\",\"@id\":\"https:\\\/\\\/www.koonings.com\\\/fr\\\/product\\\/pronovias-fashion-group-aethra-pr120at1\\\/\",\"url\":\"https:\\\/\\\/www.koonings.com\\\/fr\\\/product\\\/pronovias-fashion-group-aethra-pr120at1\\\/\",\"name\":\"Pronovias Fashion Group Aethra PR120AT1 | Koonings\",\"isPartOf\":{\"@id\":\"https:\\\/\\\/www.koonings.com\\\/fr\\\/#website\"},\"primaryImageOfPage\":{\"@id\":\"https:\\\/\\\/www.koonings.com\\\/fr\\\/product\\\/pronovias-fashion-group-aethra-pr120at1\\\/#primaryimage\"},\"image\":{\"@id\":\"https:\\\/\\\/www.koonings.com\\\/fr\\\/product\\\/pronovias-fashion-group-aethra-pr120at1\\\/#primaryimage\"},\"thumbnailUrl\":\"https:\\\/\\\/www.koonings.com\\\/wp-content\\\/uploads\\\/2024\\\/11\\\/39612_cf60b5e0f7d9d4303d000f0e3197e59977afb973ff0cc472bd37b465c81a162b5ee5cecb-scaled.jpeg\",\"datePublished\":\"2026-04-14T14:16:08+00:00\",\"description\":\"Une robe sir\u00e8ne \u00e0 couper le souffle qui prend vie dans des fleurs tridimensionnelles scintillantes qui se cristallisent le long du d\u00e9collet\u00e9 profond, se plissent \u00e0 la taille et tombent en cascade sur une jupe subtilement parsem\u00e9e de bandes de broderie. D\u00e9couvrez les derni\u00e8res collections de Pronovias dans le magnifique shop-in-shop de Koonings The Wedding Palace !\",\"breadcrumb\":{\"@id\":\"https:\\\/\\\/www.koonings.com\\\/fr\\\/product\\\/pronovias-fashion-group-aethra-pr120at1\\\/#breadcrumb\"},\"inLanguage\":\"fr-FR\",\"potentialAction\":[{\"@type\":\"ReadAction\",\"target\":[\"https:\\\/\\\/www.koonings.com\\\/fr\\\/product\\\/pronovias-fashion-group-aethra-pr120at1\\\/\"]}]},{\"@type\":\"ImageObject\",\"inLanguage\":\"fr-FR\",\"@id\":\"https:\\\/\\\/www.koonings.com\\\/fr\\\/product\\\/pronovias-fashion-group-aethra-pr120at1\\\/#primaryimage\",\"url\":\"https:\\\/\\\/www.koonings.com\\\/wp-content\\\/uploads\\\/2024\\\/11\\\/39612_cf60b5e0f7d9d4303d000f0e3197e59977afb973ff0cc472bd37b465c81a162b5ee5cecb-scaled.jpeg\",\"contentUrl\":\"https:\\\/\\\/www.koonings.com\\\/wp-content\\\/uploads\\\/2024\\\/11\\\/39612_cf60b5e0f7d9d4303d000f0e3197e59977afb973ff0cc472bd37b465c81a162b5ee5cecb-scaled.jpeg\",\"width\":1811,\"height\":2560},{\"@type\":\"BreadcrumbList\",\"@id\":\"https:\\\/\\\/www.koonings.com\\\/fr\\\/product\\\/pronovias-fashion-group-aethra-pr120at1\\\/#breadcrumb\",\"itemListElement\":[{\"@type\":\"ListItem\",\"position\":1,\"name\":\"Home\",\"item\":\"https:\\\/\\\/www.koonings.com\\\/fr\\\/\"},{\"@type\":\"ListItem\",\"position\":2,\"name\":\"Pronovias Fashion Group Aethra PR120AT1\"}]},{\"@type\":\"WebSite\",\"@id\":\"https:\\\/\\\/www.koonings.com\\\/fr\\\/#website\",\"url\":\"https:\\\/\\\/www.koonings.com\\\/fr\\\/\",\"name\":\"Koonings\",\"description\":\"De grootste bruidsmodewinkel ter wereld\",\"publisher\":{\"@id\":\"https:\\\/\\\/www.koonings.com\\\/fr\\\/#organization\"},\"potentialAction\":[{\"@type\":\"SearchAction\",\"target\":{\"@type\":\"EntryPoint\",\"urlTemplate\":\"https:\\\/\\\/www.koonings.com\\\/fr\\\/?s={search_term_string}\"},\"query-input\":{\"@type\":\"PropertyValueSpecification\",\"valueRequired\":true,\"valueName\":\"search_term_string\"}}],\"inLanguage\":\"fr-FR\"},{\"@type\":\"Organization\",\"@id\":\"https:\\\/\\\/www.koonings.com\\\/fr\\\/#organization\",\"name\":\"Koonings\",\"url\":\"https:\\\/\\\/www.koonings.com\\\/fr\\\/\",\"logo\":{\"@type\":\"ImageObject\",\"inLanguage\":\"fr-FR\",\"@id\":\"https:\\\/\\\/www.koonings.com\\\/fr\\\/#\\\/schema\\\/logo\\\/image\\\/\",\"url\":\"https:\\\/\\\/www.koonings.com\\\/wp-content\\\/uploads\\\/2024\\\/07\\\/logo.png\",\"contentUrl\":\"https:\\\/\\\/www.koonings.com\\\/wp-content\\\/uploads\\\/2024\\\/07\\\/logo.png\",\"width\":600,\"height\":428,\"caption\":\"Koonings\"},\"image\":{\"@id\":\"https:\\\/\\\/www.koonings.com\\\/fr\\\/#\\\/schema\\\/logo\\\/image\\\/\"},\"sameAs\":[\"https:\\\/\\\/www.facebook.com\\\/kooningstheweddingpalace\",\"https:\\\/\\\/www.instagram.com\\\/kooningstheweddingpalace\",\"https:\\\/\\\/www.pinterest.com\\\/koonings\",\"https:\\\/\\\/www.youtube.com\\\/kooningstheweddingpalace\"]}]}<\/script>\n<!-- \/ Yoast SEO plugin. -->","yoast_head_json":{"title":"Pronovias Fashion Group Aethra PR120AT1 | Koonings","description":"Une robe sir\u00e8ne \u00e0 couper le souffle qui prend vie dans des fleurs tridimensionnelles scintillantes qui se cristallisent le long du d\u00e9collet\u00e9 profond, se plissent \u00e0 la taille et tombent en cascade sur une jupe subtilement parsem\u00e9e de bandes de broderie. D\u00e9couvrez les derni\u00e8res collections de Pronovias dans le magnifique shop-in-shop de Koonings The Wedding Palace !","robots":{"index":"index","follow":"follow","max-snippet":"max-snippet:-1","max-image-preview":"max-image-preview:large","max-video-preview":"max-video-preview:-1"},"canonical":"https:\/\/www.koonings.com\/fr\/product\/pronovias-fashion-group-aethra-pr120at1\/","og_locale":"fr_FR","og_type":"article","og_title":"Pronovias Fashion Group Aethra PR120AT1 | Koonings","og_description":"Une robe sir\u00e8ne \u00e0 couper le souffle qui prend vie dans des fleurs tridimensionnelles scintillantes qui se cristallisent le long du d\u00e9collet\u00e9 profond, se plissent \u00e0 la taille et tombent en cascade sur une jupe subtilement parsem\u00e9e de bandes de broderie. D\u00e9couvrez les derni\u00e8res collections de Pronovias dans le magnifique shop-in-shop de Koonings The Wedding Palace !","og_url":"https:\/\/www.koonings.com\/fr\/product\/pronovias-fashion-group-aethra-pr120at1\/","og_site_name":"Koonings","article_publisher":"https:\/\/www.facebook.com\/kooningstheweddingpalace","og_image":[{"width":1811,"height":2560,"url":"https:\/\/www.koonings.com\/wp-content\/uploads\/2024\/11\/39612_cf60b5e0f7d9d4303d000f0e3197e59977afb973ff0cc472bd37b465c81a162b5ee5cecb-scaled.jpeg","type":"image\/jpeg"}],"twitter_card":"summary_large_image","schema":{"@context":"https:\/\/schema.org","@graph":[{"@type":"WebPage","@id":"https:\/\/www.koonings.com\/fr\/product\/pronovias-fashion-group-aethra-pr120at1\/","url":"https:\/\/www.koonings.com\/fr\/product\/pronovias-fashion-group-aethra-pr120at1\/","name":"Pronovias Fashion Group Aethra PR120AT1 | Koonings","isPartOf":{"@id":"https:\/\/www.koonings.com\/fr\/#website"},"primaryImageOfPage":{"@id":"https:\/\/www.koonings.com\/fr\/product\/pronovias-fashion-group-aethra-pr120at1\/#primaryimage"},"image":{"@id":"https:\/\/www.koonings.com\/fr\/product\/pronovias-fashion-group-aethra-pr120at1\/#primaryimage"},"thumbnailUrl":"https:\/\/www.koonings.com\/wp-content\/uploads\/2024\/11\/39612_cf60b5e0f7d9d4303d000f0e3197e59977afb973ff0cc472bd37b465c81a162b5ee5cecb-scaled.jpeg","datePublished":"2026-04-14T14:16:08+00:00","description":"Une robe sir\u00e8ne \u00e0 couper le souffle qui prend vie dans des fleurs tridimensionnelles scintillantes qui se cristallisent le long du d\u00e9collet\u00e9 profond, se plissent \u00e0 la taille et tombent en cascade sur une jupe subtilement parsem\u00e9e de bandes de broderie. D\u00e9couvrez les derni\u00e8res collections de Pronovias dans le magnifique shop-in-shop de Koonings The Wedding Palace !","breadcrumb":{"@id":"https:\/\/www.koonings.com\/fr\/product\/pronovias-fashion-group-aethra-pr120at1\/#breadcrumb"},"inLanguage":"fr-FR","potentialAction":[{"@type":"ReadAction","target":["https:\/\/www.koonings.com\/fr\/product\/pronovias-fashion-group-aethra-pr120at1\/"]}]},{"@type":"ImageObject","inLanguage":"fr-FR","@id":"https:\/\/www.koonings.com\/fr\/product\/pronovias-fashion-group-aethra-pr120at1\/#primaryimage","url":"https:\/\/www.koonings.com\/wp-content\/uploads\/2024\/11\/39612_cf60b5e0f7d9d4303d000f0e3197e59977afb973ff0cc472bd37b465c81a162b5ee5cecb-scaled.jpeg","contentUrl":"https:\/\/www.koonings.com\/wp-content\/uploads\/2024\/11\/39612_cf60b5e0f7d9d4303d000f0e3197e59977afb973ff0cc472bd37b465c81a162b5ee5cecb-scaled.jpeg","width":1811,"height":2560},{"@type":"BreadcrumbList","@id":"https:\/\/www.koonings.com\/fr\/product\/pronovias-fashion-group-aethra-pr120at1\/#breadcrumb","itemListElement":[{"@type":"ListItem","position":1,"name":"Home","item":"https:\/\/www.koonings.com\/fr\/"},{"@type":"ListItem","position":2,"name":"Pronovias Fashion Group Aethra PR120AT1"}]},{"@type":"WebSite","@id":"https:\/\/www.koonings.com\/fr\/#website","url":"https:\/\/www.koonings.com\/fr\/","name":"Koonings","description":"De grootste bruidsmodewinkel ter wereld","publisher":{"@id":"https:\/\/www.koonings.com\/fr\/#organization"},"potentialAction":[{"@type":"SearchAction","target":{"@type":"EntryPoint","urlTemplate":"https:\/\/www.koonings.com\/fr\/?s={search_term_string}"},"query-input":{"@type":"PropertyValueSpecification","valueRequired":true,"valueName":"search_term_string"}}],"inLanguage":"fr-FR"},{"@type":"Organization","@id":"https:\/\/www.koonings.com\/fr\/#organization","name":"Koonings","url":"https:\/\/www.koonings.com\/fr\/","logo":{"@type":"ImageObject","inLanguage":"fr-FR","@id":"https:\/\/www.koonings.com\/fr\/#\/schema\/logo\/image\/","url":"https:\/\/www.koonings.com\/wp-content\/uploads\/2024\/07\/logo.png","contentUrl":"https:\/\/www.koonings.com\/wp-content\/uploads\/2024\/07\/logo.png","width":600,"height":428,"caption":"Koonings"},"image":{"@id":"https:\/\/www.koonings.com\/fr\/#\/schema\/logo\/image\/"},"sameAs":["https:\/\/www.facebook.com\/kooningstheweddingpalace","https:\/\/www.instagram.com\/kooningstheweddingpalace","https:\/\/www.pinterest.com\/koonings","https:\/\/www.youtube.com\/kooningstheweddingpalace"]}]}},"_links":{"self":[{"href":"https:\/\/www.koonings.com\/fr\/wp-json\/wp\/v2\/product\/57945","targetHints":{"allow":["GET"]}}],"collection":[{"href":"https:\/\/www.koonings.com\/fr\/wp-json\/wp\/v2\/product"}],"about":[{"href":"https:\/\/www.koonings.com\/fr\/wp-json\/wp\/v2\/types\/product"}],"wp:featuredmedia":[{"embeddable":true,"href":"https:\/\/www.koonings.com\/fr\/wp-json\/wp\/v2\/media\/41901"}],"wp:attachment":[{"href":"https:\/\/www.koonings.com\/fr\/wp-json\/wp\/v2\/media?parent=57945"}],"wp:term":[{"taxonomy":"productdetails","embeddable":true,"href":"https:\/\/www.koonings.com\/fr\/wp-json\/wp\/v2\/productdetails?post=57945"},{"taxonomy":"productneck","embeddable":true,"href":"https:\/\/www.koonings.com\/fr\/wp-json\/wp\/v2\/productneck?post=57945"},{"taxonomy":"productcolor","embeddable":true,"href":"https:\/\/www.koonings.com\/fr\/wp-json\/wp\/v2\/productcolor?post=57945"},{"taxonomy":"maat","embeddable":true,"href":"https:\/\/www.koonings.com\/fr\/wp-json\/wp\/v2\/maat?post=57945"},{"taxonomy":"productsupplier","embeddable":true,"href":"https:\/\/www.koonings.com\/fr\/wp-json\/wp\/v2\/productsupplier?post=57945"},{"taxonomy":"productsleeve","embeddable":true,"href":"https:\/\/www.koonings.com\/fr\/wp-json\/wp\/v2\/productsleeve?post=57945"},{"taxonomy":"productcategory","embeddable":true,"href":"https:\/\/www.koonings.com\/fr\/wp-json\/wp\/v2\/productcategory?post=57945"},{"taxonomy":"productsilhouette","embeddable":true,"href":"https:\/\/www.koonings.com\/fr\/wp-json\/wp\/v2\/productsilhouette?post=57945"},{"taxonomy":"productstyle","embeddable":true,"href":"https:\/\/www.koonings.com\/fr\/wp-json\/wp\/v2\/productstyle?post=57945"}],"curies":[{"name":"wp","href":"https:\/\/api.w.org\/{rel}","templated":true}]}}