{"id":57938,"date":"2026-05-06T15:14:40","date_gmt":"2026-05-06T13:14:40","guid":{"rendered":"https:\/\/www.koonings.com\/product\/jesus-peiro-2413b\/"},"modified":"2025-06-05T12:43:41","modified_gmt":"2025-06-05T10:43:41","slug":"jesus-peiro-2413b","status":"publish","type":"product","link":"https:\/\/www.koonings.com\/fr\/product\/jesus-peiro-2413b\/","title":{"rendered":"Jesus Peiro 2413B"},"content":{"rendered":"<p>Cette magnifique robe de mari\u00e9e a la silhouette d&#8217;une ballerine et est faite de taffetas mikado. Les soies Taft ont un tomb\u00e9 raide, sont brillantes, volumineuses et constituent un tissu d&#8217;une grande beaut\u00e9. La robe est livr\u00e9e avec une belle \u00e9tole et les poches de la robe sont tr\u00e8s pratiques. Vous reconnaissez une robe de mari\u00e9e Jesus Peiro \u00e0 sa simplicit\u00e9 et \u00e0 son \u00e9l\u00e9gance, et une fois de plus dans la derni\u00e8re collection, cela semble avoir \u00e9t\u00e9 la base parfaite pour une foule de robes de mari\u00e9e uniques !   <\/p>\n","protected":false},"featured_media":41914,"template":"","meta":{"_acf_changed":false,"ghostkit_customizer_options":"","ghostkit_custom_css":"","ghostkit_custom_js_head":"","ghostkit_custom_js_foot":"","ghostkit_typography":""},"productdetails":[],"productneck":[353],"productcolor":[392],"maat":[],"productsupplier":[408],"productsleeve":[359],"productcategory":[18],"productsilhouette":[384],"productstyle":[],"class_list":["post-57938","product","type-product","status-publish","has-post-thumbnail","hentry","productneck-353","productcolor-392","productsupplier-jesus-peiro","productsleeve-359","productcategory-trouwjurken","productsilhouette-384"],"acf":[],"yoast_head":"<!-- This site is optimized with the Yoast SEO plugin v27.3 - https:\/\/yoast.com\/product\/yoast-seo-wordpress\/ -->\n<title>Jesus Peiro 2413B | Koonings<\/title>\n<meta name=\"description\" content=\"Cette magnifique robe de mari\u00e9e a la silhouette d&#039;une ballerine et est faite de taffetas mikado. Les soies Taft ont un tomb\u00e9 raide, sont brillantes, volumineuses et constituent un tissu d&#039;une grande beaut\u00e9. La robe est livr\u00e9e avec une belle \u00e9tole et les poches de la robe sont tr\u00e8s pratiques. Vous reconnaissez une robe de mari\u00e9e Jesus Peiro \u00e0 sa simplicit\u00e9 et \u00e0 son \u00e9l\u00e9gance, et une fois de plus dans la derni\u00e8re collection, cela semble avoir \u00e9t\u00e9 la base parfaite pour une foule de robes de mari\u00e9e uniques !\" \/>\n<meta name=\"robots\" content=\"index, follow, max-snippet:-1, max-image-preview:large, max-video-preview:-1\" \/>\n<link rel=\"canonical\" href=\"https:\/\/www.koonings.com\/fr\/product\/jesus-peiro-2413b\/\" \/>\n<meta property=\"og:locale\" content=\"fr_FR\" \/>\n<meta property=\"og:type\" content=\"article\" \/>\n<meta property=\"og:title\" content=\"Jesus Peiro 2413B | Koonings\" \/>\n<meta property=\"og:description\" content=\"Cette magnifique robe de mari\u00e9e a la silhouette d&#039;une ballerine et est faite de taffetas mikado. Les soies Taft ont un tomb\u00e9 raide, sont brillantes, volumineuses et constituent un tissu d&#039;une grande beaut\u00e9. La robe est livr\u00e9e avec une belle \u00e9tole et les poches de la robe sont tr\u00e8s pratiques. Vous reconnaissez une robe de mari\u00e9e Jesus Peiro \u00e0 sa simplicit\u00e9 et \u00e0 son \u00e9l\u00e9gance, et une fois de plus dans la derni\u00e8re collection, cela semble avoir \u00e9t\u00e9 la base parfaite pour une foule de robes de mari\u00e9e uniques !\" \/>\n<meta property=\"og:url\" content=\"https:\/\/www.koonings.com\/fr\/product\/jesus-peiro-2413b\/\" \/>\n<meta property=\"og:site_name\" content=\"Koonings\" \/>\n<meta property=\"article:publisher\" content=\"https:\/\/www.facebook.com\/kooningstheweddingpalace\" \/>\n<meta property=\"og:image\" content=\"https:\/\/www.koonings.com\/wp-content\/uploads\/2024\/11\/39636_a790b92fb10ace446b183a2f222cd104a9501d0f8a4a93206d70976b8f42276f6fda49ef-scaled.jpeg\" \/>\n\t<meta property=\"og:image:width\" content=\"1810\" \/>\n\t<meta property=\"og:image:height\" content=\"2560\" \/>\n\t<meta property=\"og:image:type\" content=\"image\/jpeg\" \/>\n<meta name=\"twitter:card\" content=\"summary_large_image\" \/>\n<script type=\"application\/ld+json\" class=\"yoast-schema-graph\">{\"@context\":\"https:\\\/\\\/schema.org\",\"@graph\":[{\"@type\":\"WebPage\",\"@id\":\"https:\\\/\\\/www.koonings.com\\\/fr\\\/product\\\/jesus-peiro-2413b\\\/\",\"url\":\"https:\\\/\\\/www.koonings.com\\\/fr\\\/product\\\/jesus-peiro-2413b\\\/\",\"name\":\"Jesus Peiro 2413B | Koonings\",\"isPartOf\":{\"@id\":\"https:\\\/\\\/www.koonings.com\\\/fr\\\/#website\"},\"primaryImageOfPage\":{\"@id\":\"https:\\\/\\\/www.koonings.com\\\/fr\\\/product\\\/jesus-peiro-2413b\\\/#primaryimage\"},\"image\":{\"@id\":\"https:\\\/\\\/www.koonings.com\\\/fr\\\/product\\\/jesus-peiro-2413b\\\/#primaryimage\"},\"thumbnailUrl\":\"https:\\\/\\\/www.koonings.com\\\/wp-content\\\/uploads\\\/2024\\\/11\\\/39636_a790b92fb10ace446b183a2f222cd104a9501d0f8a4a93206d70976b8f42276f6fda49ef-scaled.jpeg\",\"datePublished\":\"2026-05-06T13:14:40+00:00\",\"description\":\"Cette magnifique robe de mari\u00e9e a la silhouette d'une ballerine et est faite de taffetas mikado. Les soies Taft ont un tomb\u00e9 raide, sont brillantes, volumineuses et constituent un tissu d'une grande beaut\u00e9. La robe est livr\u00e9e avec une belle \u00e9tole et les poches de la robe sont tr\u00e8s pratiques. Vous reconnaissez une robe de mari\u00e9e Jesus Peiro \u00e0 sa simplicit\u00e9 et \u00e0 son \u00e9l\u00e9gance, et une fois de plus dans la derni\u00e8re collection, cela semble avoir \u00e9t\u00e9 la base parfaite pour une foule de robes de mari\u00e9e uniques !\",\"breadcrumb\":{\"@id\":\"https:\\\/\\\/www.koonings.com\\\/fr\\\/product\\\/jesus-peiro-2413b\\\/#breadcrumb\"},\"inLanguage\":\"fr-FR\",\"potentialAction\":[{\"@type\":\"ReadAction\",\"target\":[\"https:\\\/\\\/www.koonings.com\\\/fr\\\/product\\\/jesus-peiro-2413b\\\/\"]}]},{\"@type\":\"ImageObject\",\"inLanguage\":\"fr-FR\",\"@id\":\"https:\\\/\\\/www.koonings.com\\\/fr\\\/product\\\/jesus-peiro-2413b\\\/#primaryimage\",\"url\":\"https:\\\/\\\/www.koonings.com\\\/wp-content\\\/uploads\\\/2024\\\/11\\\/39636_a790b92fb10ace446b183a2f222cd104a9501d0f8a4a93206d70976b8f42276f6fda49ef-scaled.jpeg\",\"contentUrl\":\"https:\\\/\\\/www.koonings.com\\\/wp-content\\\/uploads\\\/2024\\\/11\\\/39636_a790b92fb10ace446b183a2f222cd104a9501d0f8a4a93206d70976b8f42276f6fda49ef-scaled.jpeg\",\"width\":1810,\"height\":2560},{\"@type\":\"BreadcrumbList\",\"@id\":\"https:\\\/\\\/www.koonings.com\\\/fr\\\/product\\\/jesus-peiro-2413b\\\/#breadcrumb\",\"itemListElement\":[{\"@type\":\"ListItem\",\"position\":1,\"name\":\"Home\",\"item\":\"https:\\\/\\\/www.koonings.com\\\/fr\\\/\"},{\"@type\":\"ListItem\",\"position\":2,\"name\":\"Jesus Peiro 2413B\"}]},{\"@type\":\"WebSite\",\"@id\":\"https:\\\/\\\/www.koonings.com\\\/fr\\\/#website\",\"url\":\"https:\\\/\\\/www.koonings.com\\\/fr\\\/\",\"name\":\"Koonings\",\"description\":\"De grootste bruidsmodewinkel ter wereld\",\"publisher\":{\"@id\":\"https:\\\/\\\/www.koonings.com\\\/fr\\\/#organization\"},\"potentialAction\":[{\"@type\":\"SearchAction\",\"target\":{\"@type\":\"EntryPoint\",\"urlTemplate\":\"https:\\\/\\\/www.koonings.com\\\/fr\\\/?s={search_term_string}\"},\"query-input\":{\"@type\":\"PropertyValueSpecification\",\"valueRequired\":true,\"valueName\":\"search_term_string\"}}],\"inLanguage\":\"fr-FR\"},{\"@type\":\"Organization\",\"@id\":\"https:\\\/\\\/www.koonings.com\\\/fr\\\/#organization\",\"name\":\"Koonings\",\"url\":\"https:\\\/\\\/www.koonings.com\\\/fr\\\/\",\"logo\":{\"@type\":\"ImageObject\",\"inLanguage\":\"fr-FR\",\"@id\":\"https:\\\/\\\/www.koonings.com\\\/fr\\\/#\\\/schema\\\/logo\\\/image\\\/\",\"url\":\"https:\\\/\\\/www.koonings.com\\\/wp-content\\\/uploads\\\/2024\\\/07\\\/logo.png\",\"contentUrl\":\"https:\\\/\\\/www.koonings.com\\\/wp-content\\\/uploads\\\/2024\\\/07\\\/logo.png\",\"width\":600,\"height\":428,\"caption\":\"Koonings\"},\"image\":{\"@id\":\"https:\\\/\\\/www.koonings.com\\\/fr\\\/#\\\/schema\\\/logo\\\/image\\\/\"},\"sameAs\":[\"https:\\\/\\\/www.facebook.com\\\/kooningstheweddingpalace\",\"https:\\\/\\\/www.instagram.com\\\/kooningstheweddingpalace\",\"https:\\\/\\\/www.pinterest.com\\\/koonings\",\"https:\\\/\\\/www.youtube.com\\\/kooningstheweddingpalace\"]}]}<\/script>\n<!-- \/ Yoast SEO plugin. -->","yoast_head_json":{"title":"Jesus Peiro 2413B | Koonings","description":"Cette magnifique robe de mari\u00e9e a la silhouette d'une ballerine et est faite de taffetas mikado. Les soies Taft ont un tomb\u00e9 raide, sont brillantes, volumineuses et constituent un tissu d'une grande beaut\u00e9. La robe est livr\u00e9e avec une belle \u00e9tole et les poches de la robe sont tr\u00e8s pratiques. Vous reconnaissez une robe de mari\u00e9e Jesus Peiro \u00e0 sa simplicit\u00e9 et \u00e0 son \u00e9l\u00e9gance, et une fois de plus dans la derni\u00e8re collection, cela semble avoir \u00e9t\u00e9 la base parfaite pour une foule de robes de mari\u00e9e uniques !","robots":{"index":"index","follow":"follow","max-snippet":"max-snippet:-1","max-image-preview":"max-image-preview:large","max-video-preview":"max-video-preview:-1"},"canonical":"https:\/\/www.koonings.com\/fr\/product\/jesus-peiro-2413b\/","og_locale":"fr_FR","og_type":"article","og_title":"Jesus Peiro 2413B | Koonings","og_description":"Cette magnifique robe de mari\u00e9e a la silhouette d'une ballerine et est faite de taffetas mikado. Les soies Taft ont un tomb\u00e9 raide, sont brillantes, volumineuses et constituent un tissu d'une grande beaut\u00e9. La robe est livr\u00e9e avec une belle \u00e9tole et les poches de la robe sont tr\u00e8s pratiques. Vous reconnaissez une robe de mari\u00e9e Jesus Peiro \u00e0 sa simplicit\u00e9 et \u00e0 son \u00e9l\u00e9gance, et une fois de plus dans la derni\u00e8re collection, cela semble avoir \u00e9t\u00e9 la base parfaite pour une foule de robes de mari\u00e9e uniques !","og_url":"https:\/\/www.koonings.com\/fr\/product\/jesus-peiro-2413b\/","og_site_name":"Koonings","article_publisher":"https:\/\/www.facebook.com\/kooningstheweddingpalace","og_image":[{"width":1810,"height":2560,"url":"https:\/\/www.koonings.com\/wp-content\/uploads\/2024\/11\/39636_a790b92fb10ace446b183a2f222cd104a9501d0f8a4a93206d70976b8f42276f6fda49ef-scaled.jpeg","type":"image\/jpeg"}],"twitter_card":"summary_large_image","schema":{"@context":"https:\/\/schema.org","@graph":[{"@type":"WebPage","@id":"https:\/\/www.koonings.com\/fr\/product\/jesus-peiro-2413b\/","url":"https:\/\/www.koonings.com\/fr\/product\/jesus-peiro-2413b\/","name":"Jesus Peiro 2413B | Koonings","isPartOf":{"@id":"https:\/\/www.koonings.com\/fr\/#website"},"primaryImageOfPage":{"@id":"https:\/\/www.koonings.com\/fr\/product\/jesus-peiro-2413b\/#primaryimage"},"image":{"@id":"https:\/\/www.koonings.com\/fr\/product\/jesus-peiro-2413b\/#primaryimage"},"thumbnailUrl":"https:\/\/www.koonings.com\/wp-content\/uploads\/2024\/11\/39636_a790b92fb10ace446b183a2f222cd104a9501d0f8a4a93206d70976b8f42276f6fda49ef-scaled.jpeg","datePublished":"2026-05-06T13:14:40+00:00","description":"Cette magnifique robe de mari\u00e9e a la silhouette d'une ballerine et est faite de taffetas mikado. Les soies Taft ont un tomb\u00e9 raide, sont brillantes, volumineuses et constituent un tissu d'une grande beaut\u00e9. La robe est livr\u00e9e avec une belle \u00e9tole et les poches de la robe sont tr\u00e8s pratiques. Vous reconnaissez une robe de mari\u00e9e Jesus Peiro \u00e0 sa simplicit\u00e9 et \u00e0 son \u00e9l\u00e9gance, et une fois de plus dans la derni\u00e8re collection, cela semble avoir \u00e9t\u00e9 la base parfaite pour une foule de robes de mari\u00e9e uniques !","breadcrumb":{"@id":"https:\/\/www.koonings.com\/fr\/product\/jesus-peiro-2413b\/#breadcrumb"},"inLanguage":"fr-FR","potentialAction":[{"@type":"ReadAction","target":["https:\/\/www.koonings.com\/fr\/product\/jesus-peiro-2413b\/"]}]},{"@type":"ImageObject","inLanguage":"fr-FR","@id":"https:\/\/www.koonings.com\/fr\/product\/jesus-peiro-2413b\/#primaryimage","url":"https:\/\/www.koonings.com\/wp-content\/uploads\/2024\/11\/39636_a790b92fb10ace446b183a2f222cd104a9501d0f8a4a93206d70976b8f42276f6fda49ef-scaled.jpeg","contentUrl":"https:\/\/www.koonings.com\/wp-content\/uploads\/2024\/11\/39636_a790b92fb10ace446b183a2f222cd104a9501d0f8a4a93206d70976b8f42276f6fda49ef-scaled.jpeg","width":1810,"height":2560},{"@type":"BreadcrumbList","@id":"https:\/\/www.koonings.com\/fr\/product\/jesus-peiro-2413b\/#breadcrumb","itemListElement":[{"@type":"ListItem","position":1,"name":"Home","item":"https:\/\/www.koonings.com\/fr\/"},{"@type":"ListItem","position":2,"name":"Jesus Peiro 2413B"}]},{"@type":"WebSite","@id":"https:\/\/www.koonings.com\/fr\/#website","url":"https:\/\/www.koonings.com\/fr\/","name":"Koonings","description":"De grootste bruidsmodewinkel ter wereld","publisher":{"@id":"https:\/\/www.koonings.com\/fr\/#organization"},"potentialAction":[{"@type":"SearchAction","target":{"@type":"EntryPoint","urlTemplate":"https:\/\/www.koonings.com\/fr\/?s={search_term_string}"},"query-input":{"@type":"PropertyValueSpecification","valueRequired":true,"valueName":"search_term_string"}}],"inLanguage":"fr-FR"},{"@type":"Organization","@id":"https:\/\/www.koonings.com\/fr\/#organization","name":"Koonings","url":"https:\/\/www.koonings.com\/fr\/","logo":{"@type":"ImageObject","inLanguage":"fr-FR","@id":"https:\/\/www.koonings.com\/fr\/#\/schema\/logo\/image\/","url":"https:\/\/www.koonings.com\/wp-content\/uploads\/2024\/07\/logo.png","contentUrl":"https:\/\/www.koonings.com\/wp-content\/uploads\/2024\/07\/logo.png","width":600,"height":428,"caption":"Koonings"},"image":{"@id":"https:\/\/www.koonings.com\/fr\/#\/schema\/logo\/image\/"},"sameAs":["https:\/\/www.facebook.com\/kooningstheweddingpalace","https:\/\/www.instagram.com\/kooningstheweddingpalace","https:\/\/www.pinterest.com\/koonings","https:\/\/www.youtube.com\/kooningstheweddingpalace"]}]}},"_links":{"self":[{"href":"https:\/\/www.koonings.com\/fr\/wp-json\/wp\/v2\/product\/57938","targetHints":{"allow":["GET"]}}],"collection":[{"href":"https:\/\/www.koonings.com\/fr\/wp-json\/wp\/v2\/product"}],"about":[{"href":"https:\/\/www.koonings.com\/fr\/wp-json\/wp\/v2\/types\/product"}],"wp:featuredmedia":[{"embeddable":true,"href":"https:\/\/www.koonings.com\/fr\/wp-json\/wp\/v2\/media\/41914"}],"wp:attachment":[{"href":"https:\/\/www.koonings.com\/fr\/wp-json\/wp\/v2\/media?parent=57938"}],"wp:term":[{"taxonomy":"productdetails","embeddable":true,"href":"https:\/\/www.koonings.com\/fr\/wp-json\/wp\/v2\/productdetails?post=57938"},{"taxonomy":"productneck","embeddable":true,"href":"https:\/\/www.koonings.com\/fr\/wp-json\/wp\/v2\/productneck?post=57938"},{"taxonomy":"productcolor","embeddable":true,"href":"https:\/\/www.koonings.com\/fr\/wp-json\/wp\/v2\/productcolor?post=57938"},{"taxonomy":"maat","embeddable":true,"href":"https:\/\/www.koonings.com\/fr\/wp-json\/wp\/v2\/maat?post=57938"},{"taxonomy":"productsupplier","embeddable":true,"href":"https:\/\/www.koonings.com\/fr\/wp-json\/wp\/v2\/productsupplier?post=57938"},{"taxonomy":"productsleeve","embeddable":true,"href":"https:\/\/www.koonings.com\/fr\/wp-json\/wp\/v2\/productsleeve?post=57938"},{"taxonomy":"productcategory","embeddable":true,"href":"https:\/\/www.koonings.com\/fr\/wp-json\/wp\/v2\/productcategory?post=57938"},{"taxonomy":"productsilhouette","embeddable":true,"href":"https:\/\/www.koonings.com\/fr\/wp-json\/wp\/v2\/productsilhouette?post=57938"},{"taxonomy":"productstyle","embeddable":true,"href":"https:\/\/www.koonings.com\/fr\/wp-json\/wp\/v2\/productstyle?post=57938"}],"curies":[{"name":"wp","href":"https:\/\/api.w.org\/{rel}","templated":true}]}}