{"id":57919,"date":"2026-05-06T15:14:44","date_gmt":"2026-05-06T13:14:44","guid":{"rendered":"https:\/\/www.koonings.com\/product\/rembo-styling-nacre-1\/"},"modified":"2025-06-05T12:43:52","modified_gmt":"2025-06-05T10:43:52","slug":"rembo-styling-nacre-1","status":"publish","type":"product","link":"https:\/\/www.koonings.com\/fr\/product\/rembo-styling-nacre-1\/","title":{"rendered":"Rembo Styling Nacre\/1"},"content":{"rendered":"<p>Une robe \u00e9l\u00e9gante en cr\u00eape r\u00e9sistant avec un d\u00e9collet\u00e9 en V. Les manches courtes ont beaucoup de volume et sont en tulle brod\u00e9 avec un motif de feuilles et de fleurs. Les manches courtes ont beaucoup de volume et sont faites de tulle brod\u00e9 avec un motif de feuilles et de fleurs. Le dos est enti\u00e8rement ouvert et se ferme par un bouton en haut. La jupe pr\u00e9sente une l\u00e9g\u00e8re ligne A et une fente sur le devant. La robe a une petite tra\u00eene.    <\/p>\n","protected":false},"featured_media":42033,"template":"","meta":{"_acf_changed":false,"ghostkit_customizer_options":"","ghostkit_custom_css":"","ghostkit_custom_js_head":"","ghostkit_custom_js_foot":"","ghostkit_typography":""},"productdetails":[381],"productneck":[356],"productcolor":[392],"maat":[],"productsupplier":[414],"productsleeve":[359,361],"productcategory":[18],"productsilhouette":[384,389],"productstyle":[364],"class_list":["post-57919","product","type-product","status-publish","has-post-thumbnail","hentry","productdetails-381","productneck-356","productcolor-392","productsupplier-rembo-styling","productsleeve-359","productsleeve-361","productcategory-trouwjurken","productsilhouette-384","productsilhouette-389","productstyle-364"],"acf":[],"yoast_head":"<!-- This site is optimized with the Yoast SEO plugin v27.3 - https:\/\/yoast.com\/product\/yoast-seo-wordpress\/ -->\n<title>Rembo Styling Nacre\/1 | Koonings<\/title>\n<meta name=\"description\" content=\"Une robe \u00e9l\u00e9gante en cr\u00eape r\u00e9sistant avec un d\u00e9collet\u00e9 en V. Les manches courtes ont beaucoup de volume et sont en tulle brod\u00e9 avec un motif de feuilles et de fleurs. Les manches courtes ont beaucoup de volume et sont faites de tulle brod\u00e9 avec un motif de feuilles et de fleurs. Le dos est enti\u00e8rement ouvert et se ferme par un bouton en haut. La jupe pr\u00e9sente une l\u00e9g\u00e8re ligne A et une fente sur le devant. La robe a une petite tra\u00eene.\" \/>\n<meta name=\"robots\" content=\"index, follow, max-snippet:-1, max-image-preview:large, max-video-preview:-1\" \/>\n<link rel=\"canonical\" href=\"https:\/\/www.koonings.com\/fr\/product\/rembo-styling-nacre-1\/\" \/>\n<meta property=\"og:locale\" content=\"fr_FR\" \/>\n<meta property=\"og:type\" content=\"article\" \/>\n<meta property=\"og:title\" content=\"Rembo Styling Nacre\/1 | Koonings\" \/>\n<meta property=\"og:description\" content=\"Une robe \u00e9l\u00e9gante en cr\u00eape r\u00e9sistant avec un d\u00e9collet\u00e9 en V. Les manches courtes ont beaucoup de volume et sont en tulle brod\u00e9 avec un motif de feuilles et de fleurs. Les manches courtes ont beaucoup de volume et sont faites de tulle brod\u00e9 avec un motif de feuilles et de fleurs. Le dos est enti\u00e8rement ouvert et se ferme par un bouton en haut. La jupe pr\u00e9sente une l\u00e9g\u00e8re ligne A et une fente sur le devant. La robe a une petite tra\u00eene.\" \/>\n<meta property=\"og:url\" content=\"https:\/\/www.koonings.com\/fr\/product\/rembo-styling-nacre-1\/\" \/>\n<meta property=\"og:site_name\" content=\"Koonings\" \/>\n<meta property=\"article:publisher\" content=\"https:\/\/www.facebook.com\/kooningstheweddingpalace\" \/>\n<meta property=\"og:image\" content=\"https:\/\/www.koonings.com\/wp-content\/uploads\/2024\/11\/39682_1b058f34ffae570216c2baf685f148195c3d8e1b7b7ca6d573922c23d64261b407bfae74.jpeg\" \/>\n\t<meta property=\"og:image:width\" content=\"821\" \/>\n\t<meta property=\"og:image:height\" content=\"1160\" \/>\n\t<meta property=\"og:image:type\" content=\"image\/jpeg\" \/>\n<meta name=\"twitter:card\" content=\"summary_large_image\" \/>\n<script type=\"application\/ld+json\" class=\"yoast-schema-graph\">{\"@context\":\"https:\\\/\\\/schema.org\",\"@graph\":[{\"@type\":\"WebPage\",\"@id\":\"https:\\\/\\\/www.koonings.com\\\/fr\\\/product\\\/rembo-styling-nacre-1\\\/\",\"url\":\"https:\\\/\\\/www.koonings.com\\\/fr\\\/product\\\/rembo-styling-nacre-1\\\/\",\"name\":\"Rembo Styling Nacre\\\/1 | Koonings\",\"isPartOf\":{\"@id\":\"https:\\\/\\\/www.koonings.com\\\/fr\\\/#website\"},\"primaryImageOfPage\":{\"@id\":\"https:\\\/\\\/www.koonings.com\\\/fr\\\/product\\\/rembo-styling-nacre-1\\\/#primaryimage\"},\"image\":{\"@id\":\"https:\\\/\\\/www.koonings.com\\\/fr\\\/product\\\/rembo-styling-nacre-1\\\/#primaryimage\"},\"thumbnailUrl\":\"https:\\\/\\\/www.koonings.com\\\/wp-content\\\/uploads\\\/2024\\\/11\\\/39682_1b058f34ffae570216c2baf685f148195c3d8e1b7b7ca6d573922c23d64261b407bfae74.jpeg\",\"datePublished\":\"2026-05-06T13:14:44+00:00\",\"description\":\"Une robe \u00e9l\u00e9gante en cr\u00eape r\u00e9sistant avec un d\u00e9collet\u00e9 en V. Les manches courtes ont beaucoup de volume et sont en tulle brod\u00e9 avec un motif de feuilles et de fleurs. Les manches courtes ont beaucoup de volume et sont faites de tulle brod\u00e9 avec un motif de feuilles et de fleurs. Le dos est enti\u00e8rement ouvert et se ferme par un bouton en haut. La jupe pr\u00e9sente une l\u00e9g\u00e8re ligne A et une fente sur le devant. La robe a une petite tra\u00eene.\",\"breadcrumb\":{\"@id\":\"https:\\\/\\\/www.koonings.com\\\/fr\\\/product\\\/rembo-styling-nacre-1\\\/#breadcrumb\"},\"inLanguage\":\"fr-FR\",\"potentialAction\":[{\"@type\":\"ReadAction\",\"target\":[\"https:\\\/\\\/www.koonings.com\\\/fr\\\/product\\\/rembo-styling-nacre-1\\\/\"]}]},{\"@type\":\"ImageObject\",\"inLanguage\":\"fr-FR\",\"@id\":\"https:\\\/\\\/www.koonings.com\\\/fr\\\/product\\\/rembo-styling-nacre-1\\\/#primaryimage\",\"url\":\"https:\\\/\\\/www.koonings.com\\\/wp-content\\\/uploads\\\/2024\\\/11\\\/39682_1b058f34ffae570216c2baf685f148195c3d8e1b7b7ca6d573922c23d64261b407bfae74.jpeg\",\"contentUrl\":\"https:\\\/\\\/www.koonings.com\\\/wp-content\\\/uploads\\\/2024\\\/11\\\/39682_1b058f34ffae570216c2baf685f148195c3d8e1b7b7ca6d573922c23d64261b407bfae74.jpeg\",\"width\":821,\"height\":1160},{\"@type\":\"BreadcrumbList\",\"@id\":\"https:\\\/\\\/www.koonings.com\\\/fr\\\/product\\\/rembo-styling-nacre-1\\\/#breadcrumb\",\"itemListElement\":[{\"@type\":\"ListItem\",\"position\":1,\"name\":\"Home\",\"item\":\"https:\\\/\\\/www.koonings.com\\\/fr\\\/\"},{\"@type\":\"ListItem\",\"position\":2,\"name\":\"Rembo Styling Nacre\\\/1\"}]},{\"@type\":\"WebSite\",\"@id\":\"https:\\\/\\\/www.koonings.com\\\/fr\\\/#website\",\"url\":\"https:\\\/\\\/www.koonings.com\\\/fr\\\/\",\"name\":\"Koonings\",\"description\":\"De grootste bruidsmodewinkel ter wereld\",\"publisher\":{\"@id\":\"https:\\\/\\\/www.koonings.com\\\/fr\\\/#organization\"},\"potentialAction\":[{\"@type\":\"SearchAction\",\"target\":{\"@type\":\"EntryPoint\",\"urlTemplate\":\"https:\\\/\\\/www.koonings.com\\\/fr\\\/?s={search_term_string}\"},\"query-input\":{\"@type\":\"PropertyValueSpecification\",\"valueRequired\":true,\"valueName\":\"search_term_string\"}}],\"inLanguage\":\"fr-FR\"},{\"@type\":\"Organization\",\"@id\":\"https:\\\/\\\/www.koonings.com\\\/fr\\\/#organization\",\"name\":\"Koonings\",\"url\":\"https:\\\/\\\/www.koonings.com\\\/fr\\\/\",\"logo\":{\"@type\":\"ImageObject\",\"inLanguage\":\"fr-FR\",\"@id\":\"https:\\\/\\\/www.koonings.com\\\/fr\\\/#\\\/schema\\\/logo\\\/image\\\/\",\"url\":\"https:\\\/\\\/www.koonings.com\\\/wp-content\\\/uploads\\\/2024\\\/07\\\/logo.png\",\"contentUrl\":\"https:\\\/\\\/www.koonings.com\\\/wp-content\\\/uploads\\\/2024\\\/07\\\/logo.png\",\"width\":600,\"height\":428,\"caption\":\"Koonings\"},\"image\":{\"@id\":\"https:\\\/\\\/www.koonings.com\\\/fr\\\/#\\\/schema\\\/logo\\\/image\\\/\"},\"sameAs\":[\"https:\\\/\\\/www.facebook.com\\\/kooningstheweddingpalace\",\"https:\\\/\\\/www.instagram.com\\\/kooningstheweddingpalace\",\"https:\\\/\\\/www.pinterest.com\\\/koonings\",\"https:\\\/\\\/www.youtube.com\\\/kooningstheweddingpalace\"]}]}<\/script>\n<!-- \/ Yoast SEO plugin. -->","yoast_head_json":{"title":"Rembo Styling Nacre\/1 | Koonings","description":"Une robe \u00e9l\u00e9gante en cr\u00eape r\u00e9sistant avec un d\u00e9collet\u00e9 en V. Les manches courtes ont beaucoup de volume et sont en tulle brod\u00e9 avec un motif de feuilles et de fleurs. Les manches courtes ont beaucoup de volume et sont faites de tulle brod\u00e9 avec un motif de feuilles et de fleurs. Le dos est enti\u00e8rement ouvert et se ferme par un bouton en haut. La jupe pr\u00e9sente une l\u00e9g\u00e8re ligne A et une fente sur le devant. La robe a une petite tra\u00eene.","robots":{"index":"index","follow":"follow","max-snippet":"max-snippet:-1","max-image-preview":"max-image-preview:large","max-video-preview":"max-video-preview:-1"},"canonical":"https:\/\/www.koonings.com\/fr\/product\/rembo-styling-nacre-1\/","og_locale":"fr_FR","og_type":"article","og_title":"Rembo Styling Nacre\/1 | Koonings","og_description":"Une robe \u00e9l\u00e9gante en cr\u00eape r\u00e9sistant avec un d\u00e9collet\u00e9 en V. Les manches courtes ont beaucoup de volume et sont en tulle brod\u00e9 avec un motif de feuilles et de fleurs. Les manches courtes ont beaucoup de volume et sont faites de tulle brod\u00e9 avec un motif de feuilles et de fleurs. Le dos est enti\u00e8rement ouvert et se ferme par un bouton en haut. La jupe pr\u00e9sente une l\u00e9g\u00e8re ligne A et une fente sur le devant. La robe a une petite tra\u00eene.","og_url":"https:\/\/www.koonings.com\/fr\/product\/rembo-styling-nacre-1\/","og_site_name":"Koonings","article_publisher":"https:\/\/www.facebook.com\/kooningstheweddingpalace","og_image":[{"width":821,"height":1160,"url":"https:\/\/www.koonings.com\/wp-content\/uploads\/2024\/11\/39682_1b058f34ffae570216c2baf685f148195c3d8e1b7b7ca6d573922c23d64261b407bfae74.jpeg","type":"image\/jpeg"}],"twitter_card":"summary_large_image","schema":{"@context":"https:\/\/schema.org","@graph":[{"@type":"WebPage","@id":"https:\/\/www.koonings.com\/fr\/product\/rembo-styling-nacre-1\/","url":"https:\/\/www.koonings.com\/fr\/product\/rembo-styling-nacre-1\/","name":"Rembo Styling Nacre\/1 | Koonings","isPartOf":{"@id":"https:\/\/www.koonings.com\/fr\/#website"},"primaryImageOfPage":{"@id":"https:\/\/www.koonings.com\/fr\/product\/rembo-styling-nacre-1\/#primaryimage"},"image":{"@id":"https:\/\/www.koonings.com\/fr\/product\/rembo-styling-nacre-1\/#primaryimage"},"thumbnailUrl":"https:\/\/www.koonings.com\/wp-content\/uploads\/2024\/11\/39682_1b058f34ffae570216c2baf685f148195c3d8e1b7b7ca6d573922c23d64261b407bfae74.jpeg","datePublished":"2026-05-06T13:14:44+00:00","description":"Une robe \u00e9l\u00e9gante en cr\u00eape r\u00e9sistant avec un d\u00e9collet\u00e9 en V. Les manches courtes ont beaucoup de volume et sont en tulle brod\u00e9 avec un motif de feuilles et de fleurs. Les manches courtes ont beaucoup de volume et sont faites de tulle brod\u00e9 avec un motif de feuilles et de fleurs. Le dos est enti\u00e8rement ouvert et se ferme par un bouton en haut. La jupe pr\u00e9sente une l\u00e9g\u00e8re ligne A et une fente sur le devant. La robe a une petite tra\u00eene.","breadcrumb":{"@id":"https:\/\/www.koonings.com\/fr\/product\/rembo-styling-nacre-1\/#breadcrumb"},"inLanguage":"fr-FR","potentialAction":[{"@type":"ReadAction","target":["https:\/\/www.koonings.com\/fr\/product\/rembo-styling-nacre-1\/"]}]},{"@type":"ImageObject","inLanguage":"fr-FR","@id":"https:\/\/www.koonings.com\/fr\/product\/rembo-styling-nacre-1\/#primaryimage","url":"https:\/\/www.koonings.com\/wp-content\/uploads\/2024\/11\/39682_1b058f34ffae570216c2baf685f148195c3d8e1b7b7ca6d573922c23d64261b407bfae74.jpeg","contentUrl":"https:\/\/www.koonings.com\/wp-content\/uploads\/2024\/11\/39682_1b058f34ffae570216c2baf685f148195c3d8e1b7b7ca6d573922c23d64261b407bfae74.jpeg","width":821,"height":1160},{"@type":"BreadcrumbList","@id":"https:\/\/www.koonings.com\/fr\/product\/rembo-styling-nacre-1\/#breadcrumb","itemListElement":[{"@type":"ListItem","position":1,"name":"Home","item":"https:\/\/www.koonings.com\/fr\/"},{"@type":"ListItem","position":2,"name":"Rembo Styling Nacre\/1"}]},{"@type":"WebSite","@id":"https:\/\/www.koonings.com\/fr\/#website","url":"https:\/\/www.koonings.com\/fr\/","name":"Koonings","description":"De grootste bruidsmodewinkel ter wereld","publisher":{"@id":"https:\/\/www.koonings.com\/fr\/#organization"},"potentialAction":[{"@type":"SearchAction","target":{"@type":"EntryPoint","urlTemplate":"https:\/\/www.koonings.com\/fr\/?s={search_term_string}"},"query-input":{"@type":"PropertyValueSpecification","valueRequired":true,"valueName":"search_term_string"}}],"inLanguage":"fr-FR"},{"@type":"Organization","@id":"https:\/\/www.koonings.com\/fr\/#organization","name":"Koonings","url":"https:\/\/www.koonings.com\/fr\/","logo":{"@type":"ImageObject","inLanguage":"fr-FR","@id":"https:\/\/www.koonings.com\/fr\/#\/schema\/logo\/image\/","url":"https:\/\/www.koonings.com\/wp-content\/uploads\/2024\/07\/logo.png","contentUrl":"https:\/\/www.koonings.com\/wp-content\/uploads\/2024\/07\/logo.png","width":600,"height":428,"caption":"Koonings"},"image":{"@id":"https:\/\/www.koonings.com\/fr\/#\/schema\/logo\/image\/"},"sameAs":["https:\/\/www.facebook.com\/kooningstheweddingpalace","https:\/\/www.instagram.com\/kooningstheweddingpalace","https:\/\/www.pinterest.com\/koonings","https:\/\/www.youtube.com\/kooningstheweddingpalace"]}]}},"_links":{"self":[{"href":"https:\/\/www.koonings.com\/fr\/wp-json\/wp\/v2\/product\/57919","targetHints":{"allow":["GET"]}}],"collection":[{"href":"https:\/\/www.koonings.com\/fr\/wp-json\/wp\/v2\/product"}],"about":[{"href":"https:\/\/www.koonings.com\/fr\/wp-json\/wp\/v2\/types\/product"}],"wp:featuredmedia":[{"embeddable":true,"href":"https:\/\/www.koonings.com\/fr\/wp-json\/wp\/v2\/media\/42033"}],"wp:attachment":[{"href":"https:\/\/www.koonings.com\/fr\/wp-json\/wp\/v2\/media?parent=57919"}],"wp:term":[{"taxonomy":"productdetails","embeddable":true,"href":"https:\/\/www.koonings.com\/fr\/wp-json\/wp\/v2\/productdetails?post=57919"},{"taxonomy":"productneck","embeddable":true,"href":"https:\/\/www.koonings.com\/fr\/wp-json\/wp\/v2\/productneck?post=57919"},{"taxonomy":"productcolor","embeddable":true,"href":"https:\/\/www.koonings.com\/fr\/wp-json\/wp\/v2\/productcolor?post=57919"},{"taxonomy":"maat","embeddable":true,"href":"https:\/\/www.koonings.com\/fr\/wp-json\/wp\/v2\/maat?post=57919"},{"taxonomy":"productsupplier","embeddable":true,"href":"https:\/\/www.koonings.com\/fr\/wp-json\/wp\/v2\/productsupplier?post=57919"},{"taxonomy":"productsleeve","embeddable":true,"href":"https:\/\/www.koonings.com\/fr\/wp-json\/wp\/v2\/productsleeve?post=57919"},{"taxonomy":"productcategory","embeddable":true,"href":"https:\/\/www.koonings.com\/fr\/wp-json\/wp\/v2\/productcategory?post=57919"},{"taxonomy":"productsilhouette","embeddable":true,"href":"https:\/\/www.koonings.com\/fr\/wp-json\/wp\/v2\/productsilhouette?post=57919"},{"taxonomy":"productstyle","embeddable":true,"href":"https:\/\/www.koonings.com\/fr\/wp-json\/wp\/v2\/productstyle?post=57919"}],"curies":[{"name":"wp","href":"https:\/\/api.w.org\/{rel}","templated":true}]}}