{"id":57913,"date":"2026-04-28T18:14:32","date_gmt":"2026-04-28T16:14:32","guid":{"rendered":"https:\/\/www.koonings.com\/product\/enzoani-blue-collection-rhea-l\/"},"modified":"2025-06-05T12:44:01","modified_gmt":"2025-06-05T10:44:01","slug":"enzoani-blue-collection-rhea-l","status":"publish","type":"product","link":"https:\/\/www.koonings.com\/fr\/product\/enzoani-blue-collection-rhea-l\/","title":{"rendered":"Enzoani Blue collection Rhea-L"},"content":{"rendered":"<p>Un look de mari\u00e9e glamour et sans effort, RHEA est s\u00fbr de vous flatter sous tous les angles. Les bretelles perl\u00e9es compl\u00e8tent le corsage d\u00e9taill\u00e9 recouvert de dentelle perl\u00e9e botanique et florale. Les s\u00e9duisantes d\u00e9coupes lat\u00e9rales en dentelle illusion accentuent vos courbes, tandis que la jupe ajust\u00e9e en cr\u00eape donne une allure \u00e9l\u00e9gante et sophistiqu\u00e9e. Le dos \u00e0 illusion est orn\u00e9 d&#8217;appliques perl\u00e9es qui se prolongent par une magnifique tra\u00eene en tulle !   <\/p>\n","protected":false},"featured_media":42046,"template":"","meta":{"_acf_changed":false,"ghostkit_customizer_options":"","ghostkit_custom_css":"","ghostkit_custom_js_head":"","ghostkit_custom_js_foot":"","ghostkit_typography":""},"productdetails":[380,383,381],"productneck":[356],"productcolor":[392],"maat":[],"productsupplier":[405],"productsleeve":[359],"productcategory":[18],"productsilhouette":[387],"productstyle":[371],"class_list":["post-57913","product","type-product","status-publish","has-post-thumbnail","hentry","productdetails-380","productdetails-383","productdetails-381","productneck-356","productcolor-392","productsupplier-enzoani-blue-collection","productsleeve-359","productcategory-trouwjurken","productsilhouette-387","productstyle-371"],"acf":[],"yoast_head":"<!-- This site is optimized with the Yoast SEO plugin v27.3 - https:\/\/yoast.com\/product\/yoast-seo-wordpress\/ -->\n<title>Enzoani Blue collection Rhea-L | Koonings<\/title>\n<meta name=\"description\" content=\"Un look de mari\u00e9e glamour et sans effort, RHEA est s\u00fbr de vous flatter sous tous les angles. Les bretelles perl\u00e9es compl\u00e8tent le corsage d\u00e9taill\u00e9 recouvert de dentelle perl\u00e9e botanique et florale. Les s\u00e9duisantes d\u00e9coupes lat\u00e9rales en dentelle illusion accentuent vos courbes, tandis que la jupe ajust\u00e9e en cr\u00eape donne une allure \u00e9l\u00e9gante et sophistiqu\u00e9e. Le dos \u00e0 illusion est orn\u00e9 d&#039;appliques perl\u00e9es qui se prolongent par une magnifique tra\u00eene en tulle !\" \/>\n<meta name=\"robots\" content=\"index, follow, max-snippet:-1, max-image-preview:large, max-video-preview:-1\" \/>\n<link rel=\"canonical\" href=\"https:\/\/www.koonings.com\/fr\/product\/enzoani-blue-collection-rhea-l\/\" \/>\n<meta property=\"og:locale\" content=\"fr_FR\" \/>\n<meta property=\"og:type\" content=\"article\" \/>\n<meta property=\"og:title\" content=\"Enzoani Blue collection Rhea-L | Koonings\" \/>\n<meta property=\"og:description\" content=\"Un look de mari\u00e9e glamour et sans effort, RHEA est s\u00fbr de vous flatter sous tous les angles. Les bretelles perl\u00e9es compl\u00e8tent le corsage d\u00e9taill\u00e9 recouvert de dentelle perl\u00e9e botanique et florale. Les s\u00e9duisantes d\u00e9coupes lat\u00e9rales en dentelle illusion accentuent vos courbes, tandis que la jupe ajust\u00e9e en cr\u00eape donne une allure \u00e9l\u00e9gante et sophistiqu\u00e9e. Le dos \u00e0 illusion est orn\u00e9 d&#039;appliques perl\u00e9es qui se prolongent par une magnifique tra\u00eene en tulle !\" \/>\n<meta property=\"og:url\" content=\"https:\/\/www.koonings.com\/fr\/product\/enzoani-blue-collection-rhea-l\/\" \/>\n<meta property=\"og:site_name\" content=\"Koonings\" \/>\n<meta property=\"article:publisher\" content=\"https:\/\/www.facebook.com\/kooningstheweddingpalace\" \/>\n<meta property=\"og:image\" content=\"https:\/\/www.koonings.com\/wp-content\/uploads\/2024\/11\/39705_89b70201299d16f574d41284a8ee98d311865f44003613e91a2326acef93e50dd84a6c03.jpeg\" \/>\n\t<meta property=\"og:image:width\" content=\"1035\" \/>\n\t<meta property=\"og:image:height\" content=\"1380\" \/>\n\t<meta property=\"og:image:type\" content=\"image\/jpeg\" \/>\n<meta name=\"twitter:card\" content=\"summary_large_image\" \/>\n<script type=\"application\/ld+json\" class=\"yoast-schema-graph\">{\"@context\":\"https:\\\/\\\/schema.org\",\"@graph\":[{\"@type\":\"WebPage\",\"@id\":\"https:\\\/\\\/www.koonings.com\\\/fr\\\/product\\\/enzoani-blue-collection-rhea-l\\\/\",\"url\":\"https:\\\/\\\/www.koonings.com\\\/fr\\\/product\\\/enzoani-blue-collection-rhea-l\\\/\",\"name\":\"Enzoani Blue collection Rhea-L | Koonings\",\"isPartOf\":{\"@id\":\"https:\\\/\\\/www.koonings.com\\\/fr\\\/#website\"},\"primaryImageOfPage\":{\"@id\":\"https:\\\/\\\/www.koonings.com\\\/fr\\\/product\\\/enzoani-blue-collection-rhea-l\\\/#primaryimage\"},\"image\":{\"@id\":\"https:\\\/\\\/www.koonings.com\\\/fr\\\/product\\\/enzoani-blue-collection-rhea-l\\\/#primaryimage\"},\"thumbnailUrl\":\"https:\\\/\\\/www.koonings.com\\\/wp-content\\\/uploads\\\/2024\\\/11\\\/39705_89b70201299d16f574d41284a8ee98d311865f44003613e91a2326acef93e50dd84a6c03.jpeg\",\"datePublished\":\"2026-04-28T16:14:32+00:00\",\"description\":\"Un look de mari\u00e9e glamour et sans effort, RHEA est s\u00fbr de vous flatter sous tous les angles. Les bretelles perl\u00e9es compl\u00e8tent le corsage d\u00e9taill\u00e9 recouvert de dentelle perl\u00e9e botanique et florale. Les s\u00e9duisantes d\u00e9coupes lat\u00e9rales en dentelle illusion accentuent vos courbes, tandis que la jupe ajust\u00e9e en cr\u00eape donne une allure \u00e9l\u00e9gante et sophistiqu\u00e9e. Le dos \u00e0 illusion est orn\u00e9 d'appliques perl\u00e9es qui se prolongent par une magnifique tra\u00eene en tulle !\",\"breadcrumb\":{\"@id\":\"https:\\\/\\\/www.koonings.com\\\/fr\\\/product\\\/enzoani-blue-collection-rhea-l\\\/#breadcrumb\"},\"inLanguage\":\"fr-FR\",\"potentialAction\":[{\"@type\":\"ReadAction\",\"target\":[\"https:\\\/\\\/www.koonings.com\\\/fr\\\/product\\\/enzoani-blue-collection-rhea-l\\\/\"]}]},{\"@type\":\"ImageObject\",\"inLanguage\":\"fr-FR\",\"@id\":\"https:\\\/\\\/www.koonings.com\\\/fr\\\/product\\\/enzoani-blue-collection-rhea-l\\\/#primaryimage\",\"url\":\"https:\\\/\\\/www.koonings.com\\\/wp-content\\\/uploads\\\/2024\\\/11\\\/39705_89b70201299d16f574d41284a8ee98d311865f44003613e91a2326acef93e50dd84a6c03.jpeg\",\"contentUrl\":\"https:\\\/\\\/www.koonings.com\\\/wp-content\\\/uploads\\\/2024\\\/11\\\/39705_89b70201299d16f574d41284a8ee98d311865f44003613e91a2326acef93e50dd84a6c03.jpeg\",\"width\":1035,\"height\":1380},{\"@type\":\"BreadcrumbList\",\"@id\":\"https:\\\/\\\/www.koonings.com\\\/fr\\\/product\\\/enzoani-blue-collection-rhea-l\\\/#breadcrumb\",\"itemListElement\":[{\"@type\":\"ListItem\",\"position\":1,\"name\":\"Home\",\"item\":\"https:\\\/\\\/www.koonings.com\\\/fr\\\/\"},{\"@type\":\"ListItem\",\"position\":2,\"name\":\"Enzoani Blue collection Rhea-L\"}]},{\"@type\":\"WebSite\",\"@id\":\"https:\\\/\\\/www.koonings.com\\\/fr\\\/#website\",\"url\":\"https:\\\/\\\/www.koonings.com\\\/fr\\\/\",\"name\":\"Koonings\",\"description\":\"De grootste bruidsmodewinkel ter wereld\",\"publisher\":{\"@id\":\"https:\\\/\\\/www.koonings.com\\\/fr\\\/#organization\"},\"potentialAction\":[{\"@type\":\"SearchAction\",\"target\":{\"@type\":\"EntryPoint\",\"urlTemplate\":\"https:\\\/\\\/www.koonings.com\\\/fr\\\/?s={search_term_string}\"},\"query-input\":{\"@type\":\"PropertyValueSpecification\",\"valueRequired\":true,\"valueName\":\"search_term_string\"}}],\"inLanguage\":\"fr-FR\"},{\"@type\":\"Organization\",\"@id\":\"https:\\\/\\\/www.koonings.com\\\/fr\\\/#organization\",\"name\":\"Koonings\",\"url\":\"https:\\\/\\\/www.koonings.com\\\/fr\\\/\",\"logo\":{\"@type\":\"ImageObject\",\"inLanguage\":\"fr-FR\",\"@id\":\"https:\\\/\\\/www.koonings.com\\\/fr\\\/#\\\/schema\\\/logo\\\/image\\\/\",\"url\":\"https:\\\/\\\/www.koonings.com\\\/wp-content\\\/uploads\\\/2024\\\/07\\\/logo.png\",\"contentUrl\":\"https:\\\/\\\/www.koonings.com\\\/wp-content\\\/uploads\\\/2024\\\/07\\\/logo.png\",\"width\":600,\"height\":428,\"caption\":\"Koonings\"},\"image\":{\"@id\":\"https:\\\/\\\/www.koonings.com\\\/fr\\\/#\\\/schema\\\/logo\\\/image\\\/\"},\"sameAs\":[\"https:\\\/\\\/www.facebook.com\\\/kooningstheweddingpalace\",\"https:\\\/\\\/www.instagram.com\\\/kooningstheweddingpalace\",\"https:\\\/\\\/www.pinterest.com\\\/koonings\",\"https:\\\/\\\/www.youtube.com\\\/kooningstheweddingpalace\"]}]}<\/script>\n<!-- \/ Yoast SEO plugin. -->","yoast_head_json":{"title":"Enzoani Blue collection Rhea-L | Koonings","description":"Un look de mari\u00e9e glamour et sans effort, RHEA est s\u00fbr de vous flatter sous tous les angles. Les bretelles perl\u00e9es compl\u00e8tent le corsage d\u00e9taill\u00e9 recouvert de dentelle perl\u00e9e botanique et florale. Les s\u00e9duisantes d\u00e9coupes lat\u00e9rales en dentelle illusion accentuent vos courbes, tandis que la jupe ajust\u00e9e en cr\u00eape donne une allure \u00e9l\u00e9gante et sophistiqu\u00e9e. Le dos \u00e0 illusion est orn\u00e9 d'appliques perl\u00e9es qui se prolongent par une magnifique tra\u00eene en tulle !","robots":{"index":"index","follow":"follow","max-snippet":"max-snippet:-1","max-image-preview":"max-image-preview:large","max-video-preview":"max-video-preview:-1"},"canonical":"https:\/\/www.koonings.com\/fr\/product\/enzoani-blue-collection-rhea-l\/","og_locale":"fr_FR","og_type":"article","og_title":"Enzoani Blue collection Rhea-L | Koonings","og_description":"Un look de mari\u00e9e glamour et sans effort, RHEA est s\u00fbr de vous flatter sous tous les angles. Les bretelles perl\u00e9es compl\u00e8tent le corsage d\u00e9taill\u00e9 recouvert de dentelle perl\u00e9e botanique et florale. Les s\u00e9duisantes d\u00e9coupes lat\u00e9rales en dentelle illusion accentuent vos courbes, tandis que la jupe ajust\u00e9e en cr\u00eape donne une allure \u00e9l\u00e9gante et sophistiqu\u00e9e. Le dos \u00e0 illusion est orn\u00e9 d'appliques perl\u00e9es qui se prolongent par une magnifique tra\u00eene en tulle !","og_url":"https:\/\/www.koonings.com\/fr\/product\/enzoani-blue-collection-rhea-l\/","og_site_name":"Koonings","article_publisher":"https:\/\/www.facebook.com\/kooningstheweddingpalace","og_image":[{"width":1035,"height":1380,"url":"https:\/\/www.koonings.com\/wp-content\/uploads\/2024\/11\/39705_89b70201299d16f574d41284a8ee98d311865f44003613e91a2326acef93e50dd84a6c03.jpeg","type":"image\/jpeg"}],"twitter_card":"summary_large_image","schema":{"@context":"https:\/\/schema.org","@graph":[{"@type":"WebPage","@id":"https:\/\/www.koonings.com\/fr\/product\/enzoani-blue-collection-rhea-l\/","url":"https:\/\/www.koonings.com\/fr\/product\/enzoani-blue-collection-rhea-l\/","name":"Enzoani Blue collection Rhea-L | Koonings","isPartOf":{"@id":"https:\/\/www.koonings.com\/fr\/#website"},"primaryImageOfPage":{"@id":"https:\/\/www.koonings.com\/fr\/product\/enzoani-blue-collection-rhea-l\/#primaryimage"},"image":{"@id":"https:\/\/www.koonings.com\/fr\/product\/enzoani-blue-collection-rhea-l\/#primaryimage"},"thumbnailUrl":"https:\/\/www.koonings.com\/wp-content\/uploads\/2024\/11\/39705_89b70201299d16f574d41284a8ee98d311865f44003613e91a2326acef93e50dd84a6c03.jpeg","datePublished":"2026-04-28T16:14:32+00:00","description":"Un look de mari\u00e9e glamour et sans effort, RHEA est s\u00fbr de vous flatter sous tous les angles. Les bretelles perl\u00e9es compl\u00e8tent le corsage d\u00e9taill\u00e9 recouvert de dentelle perl\u00e9e botanique et florale. Les s\u00e9duisantes d\u00e9coupes lat\u00e9rales en dentelle illusion accentuent vos courbes, tandis que la jupe ajust\u00e9e en cr\u00eape donne une allure \u00e9l\u00e9gante et sophistiqu\u00e9e. Le dos \u00e0 illusion est orn\u00e9 d'appliques perl\u00e9es qui se prolongent par une magnifique tra\u00eene en tulle !","breadcrumb":{"@id":"https:\/\/www.koonings.com\/fr\/product\/enzoani-blue-collection-rhea-l\/#breadcrumb"},"inLanguage":"fr-FR","potentialAction":[{"@type":"ReadAction","target":["https:\/\/www.koonings.com\/fr\/product\/enzoani-blue-collection-rhea-l\/"]}]},{"@type":"ImageObject","inLanguage":"fr-FR","@id":"https:\/\/www.koonings.com\/fr\/product\/enzoani-blue-collection-rhea-l\/#primaryimage","url":"https:\/\/www.koonings.com\/wp-content\/uploads\/2024\/11\/39705_89b70201299d16f574d41284a8ee98d311865f44003613e91a2326acef93e50dd84a6c03.jpeg","contentUrl":"https:\/\/www.koonings.com\/wp-content\/uploads\/2024\/11\/39705_89b70201299d16f574d41284a8ee98d311865f44003613e91a2326acef93e50dd84a6c03.jpeg","width":1035,"height":1380},{"@type":"BreadcrumbList","@id":"https:\/\/www.koonings.com\/fr\/product\/enzoani-blue-collection-rhea-l\/#breadcrumb","itemListElement":[{"@type":"ListItem","position":1,"name":"Home","item":"https:\/\/www.koonings.com\/fr\/"},{"@type":"ListItem","position":2,"name":"Enzoani Blue collection Rhea-L"}]},{"@type":"WebSite","@id":"https:\/\/www.koonings.com\/fr\/#website","url":"https:\/\/www.koonings.com\/fr\/","name":"Koonings","description":"De grootste bruidsmodewinkel ter wereld","publisher":{"@id":"https:\/\/www.koonings.com\/fr\/#organization"},"potentialAction":[{"@type":"SearchAction","target":{"@type":"EntryPoint","urlTemplate":"https:\/\/www.koonings.com\/fr\/?s={search_term_string}"},"query-input":{"@type":"PropertyValueSpecification","valueRequired":true,"valueName":"search_term_string"}}],"inLanguage":"fr-FR"},{"@type":"Organization","@id":"https:\/\/www.koonings.com\/fr\/#organization","name":"Koonings","url":"https:\/\/www.koonings.com\/fr\/","logo":{"@type":"ImageObject","inLanguage":"fr-FR","@id":"https:\/\/www.koonings.com\/fr\/#\/schema\/logo\/image\/","url":"https:\/\/www.koonings.com\/wp-content\/uploads\/2024\/07\/logo.png","contentUrl":"https:\/\/www.koonings.com\/wp-content\/uploads\/2024\/07\/logo.png","width":600,"height":428,"caption":"Koonings"},"image":{"@id":"https:\/\/www.koonings.com\/fr\/#\/schema\/logo\/image\/"},"sameAs":["https:\/\/www.facebook.com\/kooningstheweddingpalace","https:\/\/www.instagram.com\/kooningstheweddingpalace","https:\/\/www.pinterest.com\/koonings","https:\/\/www.youtube.com\/kooningstheweddingpalace"]}]}},"_links":{"self":[{"href":"https:\/\/www.koonings.com\/fr\/wp-json\/wp\/v2\/product\/57913","targetHints":{"allow":["GET"]}}],"collection":[{"href":"https:\/\/www.koonings.com\/fr\/wp-json\/wp\/v2\/product"}],"about":[{"href":"https:\/\/www.koonings.com\/fr\/wp-json\/wp\/v2\/types\/product"}],"wp:featuredmedia":[{"embeddable":true,"href":"https:\/\/www.koonings.com\/fr\/wp-json\/wp\/v2\/media\/42046"}],"wp:attachment":[{"href":"https:\/\/www.koonings.com\/fr\/wp-json\/wp\/v2\/media?parent=57913"}],"wp:term":[{"taxonomy":"productdetails","embeddable":true,"href":"https:\/\/www.koonings.com\/fr\/wp-json\/wp\/v2\/productdetails?post=57913"},{"taxonomy":"productneck","embeddable":true,"href":"https:\/\/www.koonings.com\/fr\/wp-json\/wp\/v2\/productneck?post=57913"},{"taxonomy":"productcolor","embeddable":true,"href":"https:\/\/www.koonings.com\/fr\/wp-json\/wp\/v2\/productcolor?post=57913"},{"taxonomy":"maat","embeddable":true,"href":"https:\/\/www.koonings.com\/fr\/wp-json\/wp\/v2\/maat?post=57913"},{"taxonomy":"productsupplier","embeddable":true,"href":"https:\/\/www.koonings.com\/fr\/wp-json\/wp\/v2\/productsupplier?post=57913"},{"taxonomy":"productsleeve","embeddable":true,"href":"https:\/\/www.koonings.com\/fr\/wp-json\/wp\/v2\/productsleeve?post=57913"},{"taxonomy":"productcategory","embeddable":true,"href":"https:\/\/www.koonings.com\/fr\/wp-json\/wp\/v2\/productcategory?post=57913"},{"taxonomy":"productsilhouette","embeddable":true,"href":"https:\/\/www.koonings.com\/fr\/wp-json\/wp\/v2\/productsilhouette?post=57913"},{"taxonomy":"productstyle","embeddable":true,"href":"https:\/\/www.koonings.com\/fr\/wp-json\/wp\/v2\/productstyle?post=57913"}],"curies":[{"name":"wp","href":"https:\/\/api.w.org\/{rel}","templated":true}]}}