{"id":57909,"date":"2026-04-28T18:14:40","date_gmt":"2026-04-28T16:14:40","guid":{"rendered":"https:\/\/www.koonings.com\/product\/enzoani-tessa\/"},"modified":"2025-06-05T12:43:57","modified_gmt":"2025-06-05T10:43:57","slug":"enzoani-tessa","status":"publish","type":"product","link":"https:\/\/www.koonings.com\/fr\/product\/enzoani-tessa\/","title":{"rendered":"Enzoani Tessa"},"content":{"rendered":"<p>Tessa est une force magn\u00e9tique et la robe de spectacle par excellence ! Cette superbe silhouette de sir\u00e8ne pr\u00e9sente un corsage en forme de c\u0153ur avec des bretelles perl\u00e9es d\u00e9taill\u00e9es. La dentelle tourbillonnante perl\u00e9e attirera sans aucun doute l&#8217;attention sous tous les angles, tout comme la couche de tulle scintillant. Les multiples couches de godets sur la jupe en tulle textur\u00e9 scintillant cr\u00e9ent un look \u00e9blouissant et glamour. Le dos corset enti\u00e8rement orn\u00e9 d&#8217;\u00e9l\u00e9gantes perles compl\u00e8te cette robe spectaculaire.    <\/p>\n","protected":false},"featured_media":42106,"template":"","meta":{"_acf_changed":false,"ghostkit_customizer_options":"","ghostkit_custom_css":"","ghostkit_custom_js_head":"","ghostkit_custom_js_foot":"","ghostkit_typography":""},"productdetails":[380,376,381],"productneck":[355],"productcolor":[393,392],"maat":[],"productsupplier":[406],"productsleeve":[359],"productcategory":[18],"productsilhouette":[387],"productstyle":[369],"class_list":["post-57909","product","type-product","status-publish","has-post-thumbnail","hentry","productdetails-380","productdetails-376","productdetails-381","productneck-355","productcolor-393","productcolor-392","productsupplier-enzoani","productsleeve-359","productcategory-trouwjurken","productsilhouette-387","productstyle-369"],"acf":[],"yoast_head":"<!-- This site is optimized with the Yoast SEO plugin v27.3 - https:\/\/yoast.com\/product\/yoast-seo-wordpress\/ -->\n<title>Enzoani Tessa | Koonings<\/title>\n<meta name=\"description\" content=\"Tessa est une force magn\u00e9tique et la robe de spectacle par excellence ! Cette superbe silhouette de sir\u00e8ne pr\u00e9sente un corsage en forme de c\u0153ur avec des bretelles perl\u00e9es d\u00e9taill\u00e9es. La dentelle tourbillonnante perl\u00e9e attirera sans aucun doute l&#039;attention sous tous les angles, tout comme la couche de tulle scintillant. Les multiples couches de godets sur la jupe en tulle textur\u00e9 scintillant cr\u00e9ent un look \u00e9blouissant et glamour. Le dos corset enti\u00e8rement orn\u00e9 d&#039;\u00e9l\u00e9gantes perles compl\u00e8te cette robe spectaculaire.\" \/>\n<meta name=\"robots\" content=\"index, follow, max-snippet:-1, max-image-preview:large, max-video-preview:-1\" \/>\n<link rel=\"canonical\" href=\"https:\/\/www.koonings.com\/fr\/product\/enzoani-tessa\/\" \/>\n<meta property=\"og:locale\" content=\"fr_FR\" \/>\n<meta property=\"og:type\" content=\"article\" \/>\n<meta property=\"og:title\" content=\"Enzoani Tessa | Koonings\" \/>\n<meta property=\"og:description\" content=\"Tessa est une force magn\u00e9tique et la robe de spectacle par excellence ! Cette superbe silhouette de sir\u00e8ne pr\u00e9sente un corsage en forme de c\u0153ur avec des bretelles perl\u00e9es d\u00e9taill\u00e9es. La dentelle tourbillonnante perl\u00e9e attirera sans aucun doute l&#039;attention sous tous les angles, tout comme la couche de tulle scintillant. Les multiples couches de godets sur la jupe en tulle textur\u00e9 scintillant cr\u00e9ent un look \u00e9blouissant et glamour. Le dos corset enti\u00e8rement orn\u00e9 d&#039;\u00e9l\u00e9gantes perles compl\u00e8te cette robe spectaculaire.\" \/>\n<meta property=\"og:url\" content=\"https:\/\/www.koonings.com\/fr\/product\/enzoani-tessa\/\" \/>\n<meta property=\"og:site_name\" content=\"Koonings\" \/>\n<meta property=\"article:publisher\" content=\"https:\/\/www.facebook.com\/kooningstheweddingpalace\" \/>\n<meta property=\"og:image\" content=\"https:\/\/www.koonings.com\/wp-content\/uploads\/2024\/11\/39733_68c20185e9e4b56a07eee9006114a3ae09babdbbb72c8c82f6eff6fa257f4bf2038ea13f.jpeg\" \/>\n\t<meta property=\"og:image:width\" content=\"1035\" \/>\n\t<meta property=\"og:image:height\" content=\"1380\" \/>\n\t<meta property=\"og:image:type\" content=\"image\/jpeg\" \/>\n<meta name=\"twitter:card\" content=\"summary_large_image\" \/>\n<script type=\"application\/ld+json\" class=\"yoast-schema-graph\">{\"@context\":\"https:\\\/\\\/schema.org\",\"@graph\":[{\"@type\":\"WebPage\",\"@id\":\"https:\\\/\\\/www.koonings.com\\\/fr\\\/product\\\/enzoani-tessa\\\/\",\"url\":\"https:\\\/\\\/www.koonings.com\\\/fr\\\/product\\\/enzoani-tessa\\\/\",\"name\":\"Enzoani Tessa | Koonings\",\"isPartOf\":{\"@id\":\"https:\\\/\\\/www.koonings.com\\\/fr\\\/#website\"},\"primaryImageOfPage\":{\"@id\":\"https:\\\/\\\/www.koonings.com\\\/fr\\\/product\\\/enzoani-tessa\\\/#primaryimage\"},\"image\":{\"@id\":\"https:\\\/\\\/www.koonings.com\\\/fr\\\/product\\\/enzoani-tessa\\\/#primaryimage\"},\"thumbnailUrl\":\"https:\\\/\\\/www.koonings.com\\\/wp-content\\\/uploads\\\/2024\\\/11\\\/39733_68c20185e9e4b56a07eee9006114a3ae09babdbbb72c8c82f6eff6fa257f4bf2038ea13f.jpeg\",\"datePublished\":\"2026-04-28T16:14:40+00:00\",\"description\":\"Tessa est une force magn\u00e9tique et la robe de spectacle par excellence ! Cette superbe silhouette de sir\u00e8ne pr\u00e9sente un corsage en forme de c\u0153ur avec des bretelles perl\u00e9es d\u00e9taill\u00e9es. La dentelle tourbillonnante perl\u00e9e attirera sans aucun doute l'attention sous tous les angles, tout comme la couche de tulle scintillant. Les multiples couches de godets sur la jupe en tulle textur\u00e9 scintillant cr\u00e9ent un look \u00e9blouissant et glamour. Le dos corset enti\u00e8rement orn\u00e9 d'\u00e9l\u00e9gantes perles compl\u00e8te cette robe spectaculaire.\",\"breadcrumb\":{\"@id\":\"https:\\\/\\\/www.koonings.com\\\/fr\\\/product\\\/enzoani-tessa\\\/#breadcrumb\"},\"inLanguage\":\"fr-FR\",\"potentialAction\":[{\"@type\":\"ReadAction\",\"target\":[\"https:\\\/\\\/www.koonings.com\\\/fr\\\/product\\\/enzoani-tessa\\\/\"]}]},{\"@type\":\"ImageObject\",\"inLanguage\":\"fr-FR\",\"@id\":\"https:\\\/\\\/www.koonings.com\\\/fr\\\/product\\\/enzoani-tessa\\\/#primaryimage\",\"url\":\"https:\\\/\\\/www.koonings.com\\\/wp-content\\\/uploads\\\/2024\\\/11\\\/39733_68c20185e9e4b56a07eee9006114a3ae09babdbbb72c8c82f6eff6fa257f4bf2038ea13f.jpeg\",\"contentUrl\":\"https:\\\/\\\/www.koonings.com\\\/wp-content\\\/uploads\\\/2024\\\/11\\\/39733_68c20185e9e4b56a07eee9006114a3ae09babdbbb72c8c82f6eff6fa257f4bf2038ea13f.jpeg\",\"width\":1035,\"height\":1380},{\"@type\":\"BreadcrumbList\",\"@id\":\"https:\\\/\\\/www.koonings.com\\\/fr\\\/product\\\/enzoani-tessa\\\/#breadcrumb\",\"itemListElement\":[{\"@type\":\"ListItem\",\"position\":1,\"name\":\"Home\",\"item\":\"https:\\\/\\\/www.koonings.com\\\/fr\\\/\"},{\"@type\":\"ListItem\",\"position\":2,\"name\":\"Enzoani Tessa\"}]},{\"@type\":\"WebSite\",\"@id\":\"https:\\\/\\\/www.koonings.com\\\/fr\\\/#website\",\"url\":\"https:\\\/\\\/www.koonings.com\\\/fr\\\/\",\"name\":\"Koonings\",\"description\":\"De grootste bruidsmodewinkel ter wereld\",\"publisher\":{\"@id\":\"https:\\\/\\\/www.koonings.com\\\/fr\\\/#organization\"},\"potentialAction\":[{\"@type\":\"SearchAction\",\"target\":{\"@type\":\"EntryPoint\",\"urlTemplate\":\"https:\\\/\\\/www.koonings.com\\\/fr\\\/?s={search_term_string}\"},\"query-input\":{\"@type\":\"PropertyValueSpecification\",\"valueRequired\":true,\"valueName\":\"search_term_string\"}}],\"inLanguage\":\"fr-FR\"},{\"@type\":\"Organization\",\"@id\":\"https:\\\/\\\/www.koonings.com\\\/fr\\\/#organization\",\"name\":\"Koonings\",\"url\":\"https:\\\/\\\/www.koonings.com\\\/fr\\\/\",\"logo\":{\"@type\":\"ImageObject\",\"inLanguage\":\"fr-FR\",\"@id\":\"https:\\\/\\\/www.koonings.com\\\/fr\\\/#\\\/schema\\\/logo\\\/image\\\/\",\"url\":\"https:\\\/\\\/www.koonings.com\\\/wp-content\\\/uploads\\\/2024\\\/07\\\/logo.png\",\"contentUrl\":\"https:\\\/\\\/www.koonings.com\\\/wp-content\\\/uploads\\\/2024\\\/07\\\/logo.png\",\"width\":600,\"height\":428,\"caption\":\"Koonings\"},\"image\":{\"@id\":\"https:\\\/\\\/www.koonings.com\\\/fr\\\/#\\\/schema\\\/logo\\\/image\\\/\"},\"sameAs\":[\"https:\\\/\\\/www.facebook.com\\\/kooningstheweddingpalace\",\"https:\\\/\\\/www.instagram.com\\\/kooningstheweddingpalace\",\"https:\\\/\\\/www.pinterest.com\\\/koonings\",\"https:\\\/\\\/www.youtube.com\\\/kooningstheweddingpalace\"]}]}<\/script>\n<!-- \/ Yoast SEO plugin. -->","yoast_head_json":{"title":"Enzoani Tessa | Koonings","description":"Tessa est une force magn\u00e9tique et la robe de spectacle par excellence ! Cette superbe silhouette de sir\u00e8ne pr\u00e9sente un corsage en forme de c\u0153ur avec des bretelles perl\u00e9es d\u00e9taill\u00e9es. La dentelle tourbillonnante perl\u00e9e attirera sans aucun doute l'attention sous tous les angles, tout comme la couche de tulle scintillant. Les multiples couches de godets sur la jupe en tulle textur\u00e9 scintillant cr\u00e9ent un look \u00e9blouissant et glamour. Le dos corset enti\u00e8rement orn\u00e9 d'\u00e9l\u00e9gantes perles compl\u00e8te cette robe spectaculaire.","robots":{"index":"index","follow":"follow","max-snippet":"max-snippet:-1","max-image-preview":"max-image-preview:large","max-video-preview":"max-video-preview:-1"},"canonical":"https:\/\/www.koonings.com\/fr\/product\/enzoani-tessa\/","og_locale":"fr_FR","og_type":"article","og_title":"Enzoani Tessa | Koonings","og_description":"Tessa est une force magn\u00e9tique et la robe de spectacle par excellence ! Cette superbe silhouette de sir\u00e8ne pr\u00e9sente un corsage en forme de c\u0153ur avec des bretelles perl\u00e9es d\u00e9taill\u00e9es. La dentelle tourbillonnante perl\u00e9e attirera sans aucun doute l'attention sous tous les angles, tout comme la couche de tulle scintillant. Les multiples couches de godets sur la jupe en tulle textur\u00e9 scintillant cr\u00e9ent un look \u00e9blouissant et glamour. Le dos corset enti\u00e8rement orn\u00e9 d'\u00e9l\u00e9gantes perles compl\u00e8te cette robe spectaculaire.","og_url":"https:\/\/www.koonings.com\/fr\/product\/enzoani-tessa\/","og_site_name":"Koonings","article_publisher":"https:\/\/www.facebook.com\/kooningstheweddingpalace","og_image":[{"width":1035,"height":1380,"url":"https:\/\/www.koonings.com\/wp-content\/uploads\/2024\/11\/39733_68c20185e9e4b56a07eee9006114a3ae09babdbbb72c8c82f6eff6fa257f4bf2038ea13f.jpeg","type":"image\/jpeg"}],"twitter_card":"summary_large_image","schema":{"@context":"https:\/\/schema.org","@graph":[{"@type":"WebPage","@id":"https:\/\/www.koonings.com\/fr\/product\/enzoani-tessa\/","url":"https:\/\/www.koonings.com\/fr\/product\/enzoani-tessa\/","name":"Enzoani Tessa | Koonings","isPartOf":{"@id":"https:\/\/www.koonings.com\/fr\/#website"},"primaryImageOfPage":{"@id":"https:\/\/www.koonings.com\/fr\/product\/enzoani-tessa\/#primaryimage"},"image":{"@id":"https:\/\/www.koonings.com\/fr\/product\/enzoani-tessa\/#primaryimage"},"thumbnailUrl":"https:\/\/www.koonings.com\/wp-content\/uploads\/2024\/11\/39733_68c20185e9e4b56a07eee9006114a3ae09babdbbb72c8c82f6eff6fa257f4bf2038ea13f.jpeg","datePublished":"2026-04-28T16:14:40+00:00","description":"Tessa est une force magn\u00e9tique et la robe de spectacle par excellence ! Cette superbe silhouette de sir\u00e8ne pr\u00e9sente un corsage en forme de c\u0153ur avec des bretelles perl\u00e9es d\u00e9taill\u00e9es. La dentelle tourbillonnante perl\u00e9e attirera sans aucun doute l'attention sous tous les angles, tout comme la couche de tulle scintillant. Les multiples couches de godets sur la jupe en tulle textur\u00e9 scintillant cr\u00e9ent un look \u00e9blouissant et glamour. Le dos corset enti\u00e8rement orn\u00e9 d'\u00e9l\u00e9gantes perles compl\u00e8te cette robe spectaculaire.","breadcrumb":{"@id":"https:\/\/www.koonings.com\/fr\/product\/enzoani-tessa\/#breadcrumb"},"inLanguage":"fr-FR","potentialAction":[{"@type":"ReadAction","target":["https:\/\/www.koonings.com\/fr\/product\/enzoani-tessa\/"]}]},{"@type":"ImageObject","inLanguage":"fr-FR","@id":"https:\/\/www.koonings.com\/fr\/product\/enzoani-tessa\/#primaryimage","url":"https:\/\/www.koonings.com\/wp-content\/uploads\/2024\/11\/39733_68c20185e9e4b56a07eee9006114a3ae09babdbbb72c8c82f6eff6fa257f4bf2038ea13f.jpeg","contentUrl":"https:\/\/www.koonings.com\/wp-content\/uploads\/2024\/11\/39733_68c20185e9e4b56a07eee9006114a3ae09babdbbb72c8c82f6eff6fa257f4bf2038ea13f.jpeg","width":1035,"height":1380},{"@type":"BreadcrumbList","@id":"https:\/\/www.koonings.com\/fr\/product\/enzoani-tessa\/#breadcrumb","itemListElement":[{"@type":"ListItem","position":1,"name":"Home","item":"https:\/\/www.koonings.com\/fr\/"},{"@type":"ListItem","position":2,"name":"Enzoani Tessa"}]},{"@type":"WebSite","@id":"https:\/\/www.koonings.com\/fr\/#website","url":"https:\/\/www.koonings.com\/fr\/","name":"Koonings","description":"De grootste bruidsmodewinkel ter wereld","publisher":{"@id":"https:\/\/www.koonings.com\/fr\/#organization"},"potentialAction":[{"@type":"SearchAction","target":{"@type":"EntryPoint","urlTemplate":"https:\/\/www.koonings.com\/fr\/?s={search_term_string}"},"query-input":{"@type":"PropertyValueSpecification","valueRequired":true,"valueName":"search_term_string"}}],"inLanguage":"fr-FR"},{"@type":"Organization","@id":"https:\/\/www.koonings.com\/fr\/#organization","name":"Koonings","url":"https:\/\/www.koonings.com\/fr\/","logo":{"@type":"ImageObject","inLanguage":"fr-FR","@id":"https:\/\/www.koonings.com\/fr\/#\/schema\/logo\/image\/","url":"https:\/\/www.koonings.com\/wp-content\/uploads\/2024\/07\/logo.png","contentUrl":"https:\/\/www.koonings.com\/wp-content\/uploads\/2024\/07\/logo.png","width":600,"height":428,"caption":"Koonings"},"image":{"@id":"https:\/\/www.koonings.com\/fr\/#\/schema\/logo\/image\/"},"sameAs":["https:\/\/www.facebook.com\/kooningstheweddingpalace","https:\/\/www.instagram.com\/kooningstheweddingpalace","https:\/\/www.pinterest.com\/koonings","https:\/\/www.youtube.com\/kooningstheweddingpalace"]}]}},"_links":{"self":[{"href":"https:\/\/www.koonings.com\/fr\/wp-json\/wp\/v2\/product\/57909","targetHints":{"allow":["GET"]}}],"collection":[{"href":"https:\/\/www.koonings.com\/fr\/wp-json\/wp\/v2\/product"}],"about":[{"href":"https:\/\/www.koonings.com\/fr\/wp-json\/wp\/v2\/types\/product"}],"wp:featuredmedia":[{"embeddable":true,"href":"https:\/\/www.koonings.com\/fr\/wp-json\/wp\/v2\/media\/42106"}],"wp:attachment":[{"href":"https:\/\/www.koonings.com\/fr\/wp-json\/wp\/v2\/media?parent=57909"}],"wp:term":[{"taxonomy":"productdetails","embeddable":true,"href":"https:\/\/www.koonings.com\/fr\/wp-json\/wp\/v2\/productdetails?post=57909"},{"taxonomy":"productneck","embeddable":true,"href":"https:\/\/www.koonings.com\/fr\/wp-json\/wp\/v2\/productneck?post=57909"},{"taxonomy":"productcolor","embeddable":true,"href":"https:\/\/www.koonings.com\/fr\/wp-json\/wp\/v2\/productcolor?post=57909"},{"taxonomy":"maat","embeddable":true,"href":"https:\/\/www.koonings.com\/fr\/wp-json\/wp\/v2\/maat?post=57909"},{"taxonomy":"productsupplier","embeddable":true,"href":"https:\/\/www.koonings.com\/fr\/wp-json\/wp\/v2\/productsupplier?post=57909"},{"taxonomy":"productsleeve","embeddable":true,"href":"https:\/\/www.koonings.com\/fr\/wp-json\/wp\/v2\/productsleeve?post=57909"},{"taxonomy":"productcategory","embeddable":true,"href":"https:\/\/www.koonings.com\/fr\/wp-json\/wp\/v2\/productcategory?post=57909"},{"taxonomy":"productsilhouette","embeddable":true,"href":"https:\/\/www.koonings.com\/fr\/wp-json\/wp\/v2\/productsilhouette?post=57909"},{"taxonomy":"productstyle","embeddable":true,"href":"https:\/\/www.koonings.com\/fr\/wp-json\/wp\/v2\/productstyle?post=57909"}],"curies":[{"name":"wp","href":"https:\/\/api.w.org\/{rel}","templated":true}]}}