{"id":57906,"date":"2026-05-06T15:14:52","date_gmt":"2026-05-06T13:14:52","guid":{"rendered":"https:\/\/www.koonings.com\/product\/enzoani-trinity\/"},"modified":"2025-06-05T12:43:57","modified_gmt":"2025-06-05T10:43:57","slug":"enzoani-trinity","status":"publish","type":"product","link":"https:\/\/www.koonings.com\/fr\/product\/enzoani-trinity\/","title":{"rendered":"Enzoani Trinity"},"content":{"rendered":"<p>Une robe glamour et magique \u00e0 la fois. TRINITY pr\u00e9sente un d\u00e9collet\u00e9 illusion tr\u00e8s \u00e9chancr\u00e9 avec des motifs de dentelle \u00e0 plumes enti\u00e8rement perl\u00e9s, des perles de verre et des paillettes. Brillez \u00e0 chacun de vos mouvements gr\u00e2ce aux superpositions de tulle scintillant sur la jupe de r\u00eave. Le joli n\u0153ud et le dos en V ouvert compl\u00e8tent ce look nuptial ultra-romantique.   <\/p>\n","protected":false},"featured_media":42085,"template":"","meta":{"_acf_changed":false,"ghostkit_customizer_options":"","ghostkit_custom_css":"","ghostkit_custom_js_head":"","ghostkit_custom_js_foot":"","ghostkit_typography":""},"productdetails":[379,380,377,376,381],"productneck":[356],"productcolor":[393,392],"maat":[],"productsupplier":[406],"productsleeve":[359],"productcategory":[18],"productsilhouette":[384],"productstyle":[366],"class_list":["post-57906","product","type-product","status-publish","has-post-thumbnail","hentry","productdetails-379","productdetails-380","productdetails-377","productdetails-376","productdetails-381","productneck-356","productcolor-393","productcolor-392","productsupplier-enzoani","productsleeve-359","productcategory-trouwjurken","productsilhouette-384","productstyle-366"],"acf":[],"yoast_head":"<!-- This site is optimized with the Yoast SEO plugin v27.3 - https:\/\/yoast.com\/product\/yoast-seo-wordpress\/ -->\n<title>Enzoani Trinity | Koonings<\/title>\n<meta name=\"description\" content=\"Une robe glamour et magique \u00e0 la fois. TRINITY pr\u00e9sente un d\u00e9collet\u00e9 illusion tr\u00e8s \u00e9chancr\u00e9 avec des motifs de dentelle \u00e0 plumes enti\u00e8rement perl\u00e9s, des perles de verre et des paillettes. Brillez \u00e0 chacun de vos mouvements gr\u00e2ce aux superpositions de tulle scintillant sur la jupe de r\u00eave. Le joli n\u0153ud et le dos en V ouvert compl\u00e8tent ce look nuptial ultra-romantique.\" \/>\n<meta name=\"robots\" content=\"index, follow, max-snippet:-1, max-image-preview:large, max-video-preview:-1\" \/>\n<link rel=\"canonical\" href=\"https:\/\/www.koonings.com\/fr\/product\/enzoani-trinity\/\" \/>\n<meta property=\"og:locale\" content=\"fr_FR\" \/>\n<meta property=\"og:type\" content=\"article\" \/>\n<meta property=\"og:title\" content=\"Enzoani Trinity | Koonings\" \/>\n<meta property=\"og:description\" content=\"Une robe glamour et magique \u00e0 la fois. TRINITY pr\u00e9sente un d\u00e9collet\u00e9 illusion tr\u00e8s \u00e9chancr\u00e9 avec des motifs de dentelle \u00e0 plumes enti\u00e8rement perl\u00e9s, des perles de verre et des paillettes. Brillez \u00e0 chacun de vos mouvements gr\u00e2ce aux superpositions de tulle scintillant sur la jupe de r\u00eave. Le joli n\u0153ud et le dos en V ouvert compl\u00e8tent ce look nuptial ultra-romantique.\" \/>\n<meta property=\"og:url\" content=\"https:\/\/www.koonings.com\/fr\/product\/enzoani-trinity\/\" \/>\n<meta property=\"og:site_name\" content=\"Koonings\" \/>\n<meta property=\"article:publisher\" content=\"https:\/\/www.facebook.com\/kooningstheweddingpalace\" \/>\n<meta property=\"og:image\" content=\"https:\/\/www.koonings.com\/wp-content\/uploads\/2024\/11\/39732_b69ce04a76606a7a5b4229c7102805c8dc3394843cfd61e57701b35c10729bb217594993.jpeg\" \/>\n\t<meta property=\"og:image:width\" content=\"1035\" \/>\n\t<meta property=\"og:image:height\" content=\"1380\" \/>\n\t<meta property=\"og:image:type\" content=\"image\/jpeg\" \/>\n<meta name=\"twitter:card\" content=\"summary_large_image\" \/>\n<script type=\"application\/ld+json\" class=\"yoast-schema-graph\">{\"@context\":\"https:\\\/\\\/schema.org\",\"@graph\":[{\"@type\":\"WebPage\",\"@id\":\"https:\\\/\\\/www.koonings.com\\\/fr\\\/product\\\/enzoani-trinity\\\/\",\"url\":\"https:\\\/\\\/www.koonings.com\\\/fr\\\/product\\\/enzoani-trinity\\\/\",\"name\":\"Enzoani Trinity | Koonings\",\"isPartOf\":{\"@id\":\"https:\\\/\\\/www.koonings.com\\\/fr\\\/#website\"},\"primaryImageOfPage\":{\"@id\":\"https:\\\/\\\/www.koonings.com\\\/fr\\\/product\\\/enzoani-trinity\\\/#primaryimage\"},\"image\":{\"@id\":\"https:\\\/\\\/www.koonings.com\\\/fr\\\/product\\\/enzoani-trinity\\\/#primaryimage\"},\"thumbnailUrl\":\"https:\\\/\\\/www.koonings.com\\\/wp-content\\\/uploads\\\/2024\\\/11\\\/39732_b69ce04a76606a7a5b4229c7102805c8dc3394843cfd61e57701b35c10729bb217594993.jpeg\",\"datePublished\":\"2026-05-06T13:14:52+00:00\",\"description\":\"Une robe glamour et magique \u00e0 la fois. TRINITY pr\u00e9sente un d\u00e9collet\u00e9 illusion tr\u00e8s \u00e9chancr\u00e9 avec des motifs de dentelle \u00e0 plumes enti\u00e8rement perl\u00e9s, des perles de verre et des paillettes. Brillez \u00e0 chacun de vos mouvements gr\u00e2ce aux superpositions de tulle scintillant sur la jupe de r\u00eave. Le joli n\u0153ud et le dos en V ouvert compl\u00e8tent ce look nuptial ultra-romantique.\",\"breadcrumb\":{\"@id\":\"https:\\\/\\\/www.koonings.com\\\/fr\\\/product\\\/enzoani-trinity\\\/#breadcrumb\"},\"inLanguage\":\"fr-FR\",\"potentialAction\":[{\"@type\":\"ReadAction\",\"target\":[\"https:\\\/\\\/www.koonings.com\\\/fr\\\/product\\\/enzoani-trinity\\\/\"]}]},{\"@type\":\"ImageObject\",\"inLanguage\":\"fr-FR\",\"@id\":\"https:\\\/\\\/www.koonings.com\\\/fr\\\/product\\\/enzoani-trinity\\\/#primaryimage\",\"url\":\"https:\\\/\\\/www.koonings.com\\\/wp-content\\\/uploads\\\/2024\\\/11\\\/39732_b69ce04a76606a7a5b4229c7102805c8dc3394843cfd61e57701b35c10729bb217594993.jpeg\",\"contentUrl\":\"https:\\\/\\\/www.koonings.com\\\/wp-content\\\/uploads\\\/2024\\\/11\\\/39732_b69ce04a76606a7a5b4229c7102805c8dc3394843cfd61e57701b35c10729bb217594993.jpeg\",\"width\":1035,\"height\":1380},{\"@type\":\"BreadcrumbList\",\"@id\":\"https:\\\/\\\/www.koonings.com\\\/fr\\\/product\\\/enzoani-trinity\\\/#breadcrumb\",\"itemListElement\":[{\"@type\":\"ListItem\",\"position\":1,\"name\":\"Home\",\"item\":\"https:\\\/\\\/www.koonings.com\\\/fr\\\/\"},{\"@type\":\"ListItem\",\"position\":2,\"name\":\"Enzoani Trinity\"}]},{\"@type\":\"WebSite\",\"@id\":\"https:\\\/\\\/www.koonings.com\\\/fr\\\/#website\",\"url\":\"https:\\\/\\\/www.koonings.com\\\/fr\\\/\",\"name\":\"Koonings\",\"description\":\"De grootste bruidsmodewinkel ter wereld\",\"publisher\":{\"@id\":\"https:\\\/\\\/www.koonings.com\\\/fr\\\/#organization\"},\"potentialAction\":[{\"@type\":\"SearchAction\",\"target\":{\"@type\":\"EntryPoint\",\"urlTemplate\":\"https:\\\/\\\/www.koonings.com\\\/fr\\\/?s={search_term_string}\"},\"query-input\":{\"@type\":\"PropertyValueSpecification\",\"valueRequired\":true,\"valueName\":\"search_term_string\"}}],\"inLanguage\":\"fr-FR\"},{\"@type\":\"Organization\",\"@id\":\"https:\\\/\\\/www.koonings.com\\\/fr\\\/#organization\",\"name\":\"Koonings\",\"url\":\"https:\\\/\\\/www.koonings.com\\\/fr\\\/\",\"logo\":{\"@type\":\"ImageObject\",\"inLanguage\":\"fr-FR\",\"@id\":\"https:\\\/\\\/www.koonings.com\\\/fr\\\/#\\\/schema\\\/logo\\\/image\\\/\",\"url\":\"https:\\\/\\\/www.koonings.com\\\/wp-content\\\/uploads\\\/2024\\\/07\\\/logo.png\",\"contentUrl\":\"https:\\\/\\\/www.koonings.com\\\/wp-content\\\/uploads\\\/2024\\\/07\\\/logo.png\",\"width\":600,\"height\":428,\"caption\":\"Koonings\"},\"image\":{\"@id\":\"https:\\\/\\\/www.koonings.com\\\/fr\\\/#\\\/schema\\\/logo\\\/image\\\/\"},\"sameAs\":[\"https:\\\/\\\/www.facebook.com\\\/kooningstheweddingpalace\",\"https:\\\/\\\/www.instagram.com\\\/kooningstheweddingpalace\",\"https:\\\/\\\/www.pinterest.com\\\/koonings\",\"https:\\\/\\\/www.youtube.com\\\/kooningstheweddingpalace\"]}]}<\/script>\n<!-- \/ Yoast SEO plugin. -->","yoast_head_json":{"title":"Enzoani Trinity | Koonings","description":"Une robe glamour et magique \u00e0 la fois. TRINITY pr\u00e9sente un d\u00e9collet\u00e9 illusion tr\u00e8s \u00e9chancr\u00e9 avec des motifs de dentelle \u00e0 plumes enti\u00e8rement perl\u00e9s, des perles de verre et des paillettes. Brillez \u00e0 chacun de vos mouvements gr\u00e2ce aux superpositions de tulle scintillant sur la jupe de r\u00eave. Le joli n\u0153ud et le dos en V ouvert compl\u00e8tent ce look nuptial ultra-romantique.","robots":{"index":"index","follow":"follow","max-snippet":"max-snippet:-1","max-image-preview":"max-image-preview:large","max-video-preview":"max-video-preview:-1"},"canonical":"https:\/\/www.koonings.com\/fr\/product\/enzoani-trinity\/","og_locale":"fr_FR","og_type":"article","og_title":"Enzoani Trinity | Koonings","og_description":"Une robe glamour et magique \u00e0 la fois. TRINITY pr\u00e9sente un d\u00e9collet\u00e9 illusion tr\u00e8s \u00e9chancr\u00e9 avec des motifs de dentelle \u00e0 plumes enti\u00e8rement perl\u00e9s, des perles de verre et des paillettes. Brillez \u00e0 chacun de vos mouvements gr\u00e2ce aux superpositions de tulle scintillant sur la jupe de r\u00eave. Le joli n\u0153ud et le dos en V ouvert compl\u00e8tent ce look nuptial ultra-romantique.","og_url":"https:\/\/www.koonings.com\/fr\/product\/enzoani-trinity\/","og_site_name":"Koonings","article_publisher":"https:\/\/www.facebook.com\/kooningstheweddingpalace","og_image":[{"width":1035,"height":1380,"url":"https:\/\/www.koonings.com\/wp-content\/uploads\/2024\/11\/39732_b69ce04a76606a7a5b4229c7102805c8dc3394843cfd61e57701b35c10729bb217594993.jpeg","type":"image\/jpeg"}],"twitter_card":"summary_large_image","schema":{"@context":"https:\/\/schema.org","@graph":[{"@type":"WebPage","@id":"https:\/\/www.koonings.com\/fr\/product\/enzoani-trinity\/","url":"https:\/\/www.koonings.com\/fr\/product\/enzoani-trinity\/","name":"Enzoani Trinity | Koonings","isPartOf":{"@id":"https:\/\/www.koonings.com\/fr\/#website"},"primaryImageOfPage":{"@id":"https:\/\/www.koonings.com\/fr\/product\/enzoani-trinity\/#primaryimage"},"image":{"@id":"https:\/\/www.koonings.com\/fr\/product\/enzoani-trinity\/#primaryimage"},"thumbnailUrl":"https:\/\/www.koonings.com\/wp-content\/uploads\/2024\/11\/39732_b69ce04a76606a7a5b4229c7102805c8dc3394843cfd61e57701b35c10729bb217594993.jpeg","datePublished":"2026-05-06T13:14:52+00:00","description":"Une robe glamour et magique \u00e0 la fois. TRINITY pr\u00e9sente un d\u00e9collet\u00e9 illusion tr\u00e8s \u00e9chancr\u00e9 avec des motifs de dentelle \u00e0 plumes enti\u00e8rement perl\u00e9s, des perles de verre et des paillettes. Brillez \u00e0 chacun de vos mouvements gr\u00e2ce aux superpositions de tulle scintillant sur la jupe de r\u00eave. Le joli n\u0153ud et le dos en V ouvert compl\u00e8tent ce look nuptial ultra-romantique.","breadcrumb":{"@id":"https:\/\/www.koonings.com\/fr\/product\/enzoani-trinity\/#breadcrumb"},"inLanguage":"fr-FR","potentialAction":[{"@type":"ReadAction","target":["https:\/\/www.koonings.com\/fr\/product\/enzoani-trinity\/"]}]},{"@type":"ImageObject","inLanguage":"fr-FR","@id":"https:\/\/www.koonings.com\/fr\/product\/enzoani-trinity\/#primaryimage","url":"https:\/\/www.koonings.com\/wp-content\/uploads\/2024\/11\/39732_b69ce04a76606a7a5b4229c7102805c8dc3394843cfd61e57701b35c10729bb217594993.jpeg","contentUrl":"https:\/\/www.koonings.com\/wp-content\/uploads\/2024\/11\/39732_b69ce04a76606a7a5b4229c7102805c8dc3394843cfd61e57701b35c10729bb217594993.jpeg","width":1035,"height":1380},{"@type":"BreadcrumbList","@id":"https:\/\/www.koonings.com\/fr\/product\/enzoani-trinity\/#breadcrumb","itemListElement":[{"@type":"ListItem","position":1,"name":"Home","item":"https:\/\/www.koonings.com\/fr\/"},{"@type":"ListItem","position":2,"name":"Enzoani Trinity"}]},{"@type":"WebSite","@id":"https:\/\/www.koonings.com\/fr\/#website","url":"https:\/\/www.koonings.com\/fr\/","name":"Koonings","description":"De grootste bruidsmodewinkel ter wereld","publisher":{"@id":"https:\/\/www.koonings.com\/fr\/#organization"},"potentialAction":[{"@type":"SearchAction","target":{"@type":"EntryPoint","urlTemplate":"https:\/\/www.koonings.com\/fr\/?s={search_term_string}"},"query-input":{"@type":"PropertyValueSpecification","valueRequired":true,"valueName":"search_term_string"}}],"inLanguage":"fr-FR"},{"@type":"Organization","@id":"https:\/\/www.koonings.com\/fr\/#organization","name":"Koonings","url":"https:\/\/www.koonings.com\/fr\/","logo":{"@type":"ImageObject","inLanguage":"fr-FR","@id":"https:\/\/www.koonings.com\/fr\/#\/schema\/logo\/image\/","url":"https:\/\/www.koonings.com\/wp-content\/uploads\/2024\/07\/logo.png","contentUrl":"https:\/\/www.koonings.com\/wp-content\/uploads\/2024\/07\/logo.png","width":600,"height":428,"caption":"Koonings"},"image":{"@id":"https:\/\/www.koonings.com\/fr\/#\/schema\/logo\/image\/"},"sameAs":["https:\/\/www.facebook.com\/kooningstheweddingpalace","https:\/\/www.instagram.com\/kooningstheweddingpalace","https:\/\/www.pinterest.com\/koonings","https:\/\/www.youtube.com\/kooningstheweddingpalace"]}]}},"_links":{"self":[{"href":"https:\/\/www.koonings.com\/fr\/wp-json\/wp\/v2\/product\/57906","targetHints":{"allow":["GET"]}}],"collection":[{"href":"https:\/\/www.koonings.com\/fr\/wp-json\/wp\/v2\/product"}],"about":[{"href":"https:\/\/www.koonings.com\/fr\/wp-json\/wp\/v2\/types\/product"}],"wp:featuredmedia":[{"embeddable":true,"href":"https:\/\/www.koonings.com\/fr\/wp-json\/wp\/v2\/media\/42085"}],"wp:attachment":[{"href":"https:\/\/www.koonings.com\/fr\/wp-json\/wp\/v2\/media?parent=57906"}],"wp:term":[{"taxonomy":"productdetails","embeddable":true,"href":"https:\/\/www.koonings.com\/fr\/wp-json\/wp\/v2\/productdetails?post=57906"},{"taxonomy":"productneck","embeddable":true,"href":"https:\/\/www.koonings.com\/fr\/wp-json\/wp\/v2\/productneck?post=57906"},{"taxonomy":"productcolor","embeddable":true,"href":"https:\/\/www.koonings.com\/fr\/wp-json\/wp\/v2\/productcolor?post=57906"},{"taxonomy":"maat","embeddable":true,"href":"https:\/\/www.koonings.com\/fr\/wp-json\/wp\/v2\/maat?post=57906"},{"taxonomy":"productsupplier","embeddable":true,"href":"https:\/\/www.koonings.com\/fr\/wp-json\/wp\/v2\/productsupplier?post=57906"},{"taxonomy":"productsleeve","embeddable":true,"href":"https:\/\/www.koonings.com\/fr\/wp-json\/wp\/v2\/productsleeve?post=57906"},{"taxonomy":"productcategory","embeddable":true,"href":"https:\/\/www.koonings.com\/fr\/wp-json\/wp\/v2\/productcategory?post=57906"},{"taxonomy":"productsilhouette","embeddable":true,"href":"https:\/\/www.koonings.com\/fr\/wp-json\/wp\/v2\/productsilhouette?post=57906"},{"taxonomy":"productstyle","embeddable":true,"href":"https:\/\/www.koonings.com\/fr\/wp-json\/wp\/v2\/productstyle?post=57906"}],"curies":[{"name":"wp","href":"https:\/\/api.w.org\/{rel}","templated":true}]}}