{"id":57897,"date":"2026-04-28T18:14:43","date_gmt":"2026-04-28T16:14:43","guid":{"rendered":"https:\/\/www.koonings.com\/product\/marylise-rimrock-1\/"},"modified":"2025-06-05T12:44:08","modified_gmt":"2025-06-05T10:44:08","slug":"marylise-rimrock-1","status":"publish","type":"product","link":"https:\/\/www.koonings.com\/fr\/product\/marylise-rimrock-1\/","title":{"rendered":"Marylise Rimrock\/1"},"content":{"rendered":"<p>Une \u00e9l\u00e9gante encolure en forme de c\u0153ur avec des manches capuchon ! Le haut est compos\u00e9 de deux couches de tulle de coton ivoire avec de la dentelle florale. Le dos est ouvert en forme de V, d\u00e9coup\u00e9 \u00e0 la main, ce qui lui donne un aspect particulier. Une bande de dentelle florale tombe sur la jupe au niveau de la taille. La jupe est en mousseline de soie et comporte une fente. La robe est dot\u00e9e d&#8217;une tra\u00eene.     <\/p>\n","protected":false},"featured_media":42136,"template":"","meta":{"_acf_changed":false,"ghostkit_customizer_options":"","ghostkit_custom_css":"","ghostkit_custom_js_head":"","ghostkit_custom_js_foot":"","ghostkit_typography":""},"productdetails":[],"productneck":[356],"productcolor":[392],"maat":[],"productsupplier":[410],"productsleeve":[359],"productcategory":[18],"productsilhouette":[389],"productstyle":[364],"class_list":["post-57897","product","type-product","status-publish","has-post-thumbnail","hentry","productneck-356","productcolor-392","productsupplier-marylise","productsleeve-359","productcategory-trouwjurken","productsilhouette-389","productstyle-364"],"acf":[],"yoast_head":"<!-- This site is optimized with the Yoast SEO plugin v27.3 - https:\/\/yoast.com\/product\/yoast-seo-wordpress\/ -->\n<title>Marylise Rimrock\/1 | Koonings<\/title>\n<meta name=\"description\" content=\"Une \u00e9l\u00e9gante encolure en forme de c\u0153ur avec des manches capuchon ! Le haut est compos\u00e9 de deux couches de tulle de coton ivoire avec de la dentelle florale. Le dos est ouvert en forme de V, d\u00e9coup\u00e9 \u00e0 la main, ce qui lui donne un aspect particulier. Une bande de dentelle florale tombe sur la jupe au niveau de la taille. La jupe est en mousseline de soie et comporte une fente. La robe est dot\u00e9e d&#039;une tra\u00eene.\" \/>\n<meta name=\"robots\" content=\"index, follow, max-snippet:-1, max-image-preview:large, max-video-preview:-1\" \/>\n<link rel=\"canonical\" href=\"https:\/\/www.koonings.com\/fr\/product\/marylise-rimrock-1\/\" \/>\n<meta property=\"og:locale\" content=\"fr_FR\" \/>\n<meta property=\"og:type\" content=\"article\" \/>\n<meta property=\"og:title\" content=\"Marylise Rimrock\/1 | Koonings\" \/>\n<meta property=\"og:description\" content=\"Une \u00e9l\u00e9gante encolure en forme de c\u0153ur avec des manches capuchon ! Le haut est compos\u00e9 de deux couches de tulle de coton ivoire avec de la dentelle florale. Le dos est ouvert en forme de V, d\u00e9coup\u00e9 \u00e0 la main, ce qui lui donne un aspect particulier. Une bande de dentelle florale tombe sur la jupe au niveau de la taille. La jupe est en mousseline de soie et comporte une fente. La robe est dot\u00e9e d&#039;une tra\u00eene.\" \/>\n<meta property=\"og:url\" content=\"https:\/\/www.koonings.com\/fr\/product\/marylise-rimrock-1\/\" \/>\n<meta property=\"og:site_name\" content=\"Koonings\" \/>\n<meta property=\"article:publisher\" content=\"https:\/\/www.facebook.com\/kooningstheweddingpalace\" \/>\n<meta property=\"og:image\" content=\"https:\/\/www.koonings.com\/wp-content\/uploads\/2024\/11\/39748_ea1640df50f4696ce394765f09a920d65ffada294b8091587f197f945cccca9824aa6066-scaled.jpeg\" \/>\n\t<meta property=\"og:image:width\" content=\"1810\" \/>\n\t<meta property=\"og:image:height\" content=\"2560\" \/>\n\t<meta property=\"og:image:type\" content=\"image\/jpeg\" \/>\n<meta name=\"twitter:card\" content=\"summary_large_image\" \/>\n<script type=\"application\/ld+json\" class=\"yoast-schema-graph\">{\"@context\":\"https:\\\/\\\/schema.org\",\"@graph\":[{\"@type\":\"WebPage\",\"@id\":\"https:\\\/\\\/www.koonings.com\\\/fr\\\/product\\\/marylise-rimrock-1\\\/\",\"url\":\"https:\\\/\\\/www.koonings.com\\\/fr\\\/product\\\/marylise-rimrock-1\\\/\",\"name\":\"Marylise Rimrock\\\/1 | Koonings\",\"isPartOf\":{\"@id\":\"https:\\\/\\\/www.koonings.com\\\/fr\\\/#website\"},\"primaryImageOfPage\":{\"@id\":\"https:\\\/\\\/www.koonings.com\\\/fr\\\/product\\\/marylise-rimrock-1\\\/#primaryimage\"},\"image\":{\"@id\":\"https:\\\/\\\/www.koonings.com\\\/fr\\\/product\\\/marylise-rimrock-1\\\/#primaryimage\"},\"thumbnailUrl\":\"https:\\\/\\\/www.koonings.com\\\/wp-content\\\/uploads\\\/2024\\\/11\\\/39748_ea1640df50f4696ce394765f09a920d65ffada294b8091587f197f945cccca9824aa6066-scaled.jpeg\",\"datePublished\":\"2026-04-28T16:14:43+00:00\",\"description\":\"Une \u00e9l\u00e9gante encolure en forme de c\u0153ur avec des manches capuchon ! Le haut est compos\u00e9 de deux couches de tulle de coton ivoire avec de la dentelle florale. Le dos est ouvert en forme de V, d\u00e9coup\u00e9 \u00e0 la main, ce qui lui donne un aspect particulier. Une bande de dentelle florale tombe sur la jupe au niveau de la taille. La jupe est en mousseline de soie et comporte une fente. La robe est dot\u00e9e d'une tra\u00eene.\",\"breadcrumb\":{\"@id\":\"https:\\\/\\\/www.koonings.com\\\/fr\\\/product\\\/marylise-rimrock-1\\\/#breadcrumb\"},\"inLanguage\":\"fr-FR\",\"potentialAction\":[{\"@type\":\"ReadAction\",\"target\":[\"https:\\\/\\\/www.koonings.com\\\/fr\\\/product\\\/marylise-rimrock-1\\\/\"]}]},{\"@type\":\"ImageObject\",\"inLanguage\":\"fr-FR\",\"@id\":\"https:\\\/\\\/www.koonings.com\\\/fr\\\/product\\\/marylise-rimrock-1\\\/#primaryimage\",\"url\":\"https:\\\/\\\/www.koonings.com\\\/wp-content\\\/uploads\\\/2024\\\/11\\\/39748_ea1640df50f4696ce394765f09a920d65ffada294b8091587f197f945cccca9824aa6066-scaled.jpeg\",\"contentUrl\":\"https:\\\/\\\/www.koonings.com\\\/wp-content\\\/uploads\\\/2024\\\/11\\\/39748_ea1640df50f4696ce394765f09a920d65ffada294b8091587f197f945cccca9824aa6066-scaled.jpeg\",\"width\":1810,\"height\":2560},{\"@type\":\"BreadcrumbList\",\"@id\":\"https:\\\/\\\/www.koonings.com\\\/fr\\\/product\\\/marylise-rimrock-1\\\/#breadcrumb\",\"itemListElement\":[{\"@type\":\"ListItem\",\"position\":1,\"name\":\"Home\",\"item\":\"https:\\\/\\\/www.koonings.com\\\/fr\\\/\"},{\"@type\":\"ListItem\",\"position\":2,\"name\":\"Marylise Rimrock\\\/1\"}]},{\"@type\":\"WebSite\",\"@id\":\"https:\\\/\\\/www.koonings.com\\\/fr\\\/#website\",\"url\":\"https:\\\/\\\/www.koonings.com\\\/fr\\\/\",\"name\":\"Koonings\",\"description\":\"De grootste bruidsmodewinkel ter wereld\",\"publisher\":{\"@id\":\"https:\\\/\\\/www.koonings.com\\\/fr\\\/#organization\"},\"potentialAction\":[{\"@type\":\"SearchAction\",\"target\":{\"@type\":\"EntryPoint\",\"urlTemplate\":\"https:\\\/\\\/www.koonings.com\\\/fr\\\/?s={search_term_string}\"},\"query-input\":{\"@type\":\"PropertyValueSpecification\",\"valueRequired\":true,\"valueName\":\"search_term_string\"}}],\"inLanguage\":\"fr-FR\"},{\"@type\":\"Organization\",\"@id\":\"https:\\\/\\\/www.koonings.com\\\/fr\\\/#organization\",\"name\":\"Koonings\",\"url\":\"https:\\\/\\\/www.koonings.com\\\/fr\\\/\",\"logo\":{\"@type\":\"ImageObject\",\"inLanguage\":\"fr-FR\",\"@id\":\"https:\\\/\\\/www.koonings.com\\\/fr\\\/#\\\/schema\\\/logo\\\/image\\\/\",\"url\":\"https:\\\/\\\/www.koonings.com\\\/wp-content\\\/uploads\\\/2024\\\/07\\\/logo.png\",\"contentUrl\":\"https:\\\/\\\/www.koonings.com\\\/wp-content\\\/uploads\\\/2024\\\/07\\\/logo.png\",\"width\":600,\"height\":428,\"caption\":\"Koonings\"},\"image\":{\"@id\":\"https:\\\/\\\/www.koonings.com\\\/fr\\\/#\\\/schema\\\/logo\\\/image\\\/\"},\"sameAs\":[\"https:\\\/\\\/www.facebook.com\\\/kooningstheweddingpalace\",\"https:\\\/\\\/www.instagram.com\\\/kooningstheweddingpalace\",\"https:\\\/\\\/www.pinterest.com\\\/koonings\",\"https:\\\/\\\/www.youtube.com\\\/kooningstheweddingpalace\"]}]}<\/script>\n<!-- \/ Yoast SEO plugin. -->","yoast_head_json":{"title":"Marylise Rimrock\/1 | Koonings","description":"Une \u00e9l\u00e9gante encolure en forme de c\u0153ur avec des manches capuchon ! Le haut est compos\u00e9 de deux couches de tulle de coton ivoire avec de la dentelle florale. Le dos est ouvert en forme de V, d\u00e9coup\u00e9 \u00e0 la main, ce qui lui donne un aspect particulier. Une bande de dentelle florale tombe sur la jupe au niveau de la taille. La jupe est en mousseline de soie et comporte une fente. La robe est dot\u00e9e d'une tra\u00eene.","robots":{"index":"index","follow":"follow","max-snippet":"max-snippet:-1","max-image-preview":"max-image-preview:large","max-video-preview":"max-video-preview:-1"},"canonical":"https:\/\/www.koonings.com\/fr\/product\/marylise-rimrock-1\/","og_locale":"fr_FR","og_type":"article","og_title":"Marylise Rimrock\/1 | Koonings","og_description":"Une \u00e9l\u00e9gante encolure en forme de c\u0153ur avec des manches capuchon ! Le haut est compos\u00e9 de deux couches de tulle de coton ivoire avec de la dentelle florale. Le dos est ouvert en forme de V, d\u00e9coup\u00e9 \u00e0 la main, ce qui lui donne un aspect particulier. Une bande de dentelle florale tombe sur la jupe au niveau de la taille. La jupe est en mousseline de soie et comporte une fente. La robe est dot\u00e9e d'une tra\u00eene.","og_url":"https:\/\/www.koonings.com\/fr\/product\/marylise-rimrock-1\/","og_site_name":"Koonings","article_publisher":"https:\/\/www.facebook.com\/kooningstheweddingpalace","og_image":[{"width":1810,"height":2560,"url":"https:\/\/www.koonings.com\/wp-content\/uploads\/2024\/11\/39748_ea1640df50f4696ce394765f09a920d65ffada294b8091587f197f945cccca9824aa6066-scaled.jpeg","type":"image\/jpeg"}],"twitter_card":"summary_large_image","schema":{"@context":"https:\/\/schema.org","@graph":[{"@type":"WebPage","@id":"https:\/\/www.koonings.com\/fr\/product\/marylise-rimrock-1\/","url":"https:\/\/www.koonings.com\/fr\/product\/marylise-rimrock-1\/","name":"Marylise Rimrock\/1 | Koonings","isPartOf":{"@id":"https:\/\/www.koonings.com\/fr\/#website"},"primaryImageOfPage":{"@id":"https:\/\/www.koonings.com\/fr\/product\/marylise-rimrock-1\/#primaryimage"},"image":{"@id":"https:\/\/www.koonings.com\/fr\/product\/marylise-rimrock-1\/#primaryimage"},"thumbnailUrl":"https:\/\/www.koonings.com\/wp-content\/uploads\/2024\/11\/39748_ea1640df50f4696ce394765f09a920d65ffada294b8091587f197f945cccca9824aa6066-scaled.jpeg","datePublished":"2026-04-28T16:14:43+00:00","description":"Une \u00e9l\u00e9gante encolure en forme de c\u0153ur avec des manches capuchon ! Le haut est compos\u00e9 de deux couches de tulle de coton ivoire avec de la dentelle florale. Le dos est ouvert en forme de V, d\u00e9coup\u00e9 \u00e0 la main, ce qui lui donne un aspect particulier. Une bande de dentelle florale tombe sur la jupe au niveau de la taille. La jupe est en mousseline de soie et comporte une fente. La robe est dot\u00e9e d'une tra\u00eene.","breadcrumb":{"@id":"https:\/\/www.koonings.com\/fr\/product\/marylise-rimrock-1\/#breadcrumb"},"inLanguage":"fr-FR","potentialAction":[{"@type":"ReadAction","target":["https:\/\/www.koonings.com\/fr\/product\/marylise-rimrock-1\/"]}]},{"@type":"ImageObject","inLanguage":"fr-FR","@id":"https:\/\/www.koonings.com\/fr\/product\/marylise-rimrock-1\/#primaryimage","url":"https:\/\/www.koonings.com\/wp-content\/uploads\/2024\/11\/39748_ea1640df50f4696ce394765f09a920d65ffada294b8091587f197f945cccca9824aa6066-scaled.jpeg","contentUrl":"https:\/\/www.koonings.com\/wp-content\/uploads\/2024\/11\/39748_ea1640df50f4696ce394765f09a920d65ffada294b8091587f197f945cccca9824aa6066-scaled.jpeg","width":1810,"height":2560},{"@type":"BreadcrumbList","@id":"https:\/\/www.koonings.com\/fr\/product\/marylise-rimrock-1\/#breadcrumb","itemListElement":[{"@type":"ListItem","position":1,"name":"Home","item":"https:\/\/www.koonings.com\/fr\/"},{"@type":"ListItem","position":2,"name":"Marylise Rimrock\/1"}]},{"@type":"WebSite","@id":"https:\/\/www.koonings.com\/fr\/#website","url":"https:\/\/www.koonings.com\/fr\/","name":"Koonings","description":"De grootste bruidsmodewinkel ter wereld","publisher":{"@id":"https:\/\/www.koonings.com\/fr\/#organization"},"potentialAction":[{"@type":"SearchAction","target":{"@type":"EntryPoint","urlTemplate":"https:\/\/www.koonings.com\/fr\/?s={search_term_string}"},"query-input":{"@type":"PropertyValueSpecification","valueRequired":true,"valueName":"search_term_string"}}],"inLanguage":"fr-FR"},{"@type":"Organization","@id":"https:\/\/www.koonings.com\/fr\/#organization","name":"Koonings","url":"https:\/\/www.koonings.com\/fr\/","logo":{"@type":"ImageObject","inLanguage":"fr-FR","@id":"https:\/\/www.koonings.com\/fr\/#\/schema\/logo\/image\/","url":"https:\/\/www.koonings.com\/wp-content\/uploads\/2024\/07\/logo.png","contentUrl":"https:\/\/www.koonings.com\/wp-content\/uploads\/2024\/07\/logo.png","width":600,"height":428,"caption":"Koonings"},"image":{"@id":"https:\/\/www.koonings.com\/fr\/#\/schema\/logo\/image\/"},"sameAs":["https:\/\/www.facebook.com\/kooningstheweddingpalace","https:\/\/www.instagram.com\/kooningstheweddingpalace","https:\/\/www.pinterest.com\/koonings","https:\/\/www.youtube.com\/kooningstheweddingpalace"]}]}},"_links":{"self":[{"href":"https:\/\/www.koonings.com\/fr\/wp-json\/wp\/v2\/product\/57897","targetHints":{"allow":["GET"]}}],"collection":[{"href":"https:\/\/www.koonings.com\/fr\/wp-json\/wp\/v2\/product"}],"about":[{"href":"https:\/\/www.koonings.com\/fr\/wp-json\/wp\/v2\/types\/product"}],"wp:featuredmedia":[{"embeddable":true,"href":"https:\/\/www.koonings.com\/fr\/wp-json\/wp\/v2\/media\/42136"}],"wp:attachment":[{"href":"https:\/\/www.koonings.com\/fr\/wp-json\/wp\/v2\/media?parent=57897"}],"wp:term":[{"taxonomy":"productdetails","embeddable":true,"href":"https:\/\/www.koonings.com\/fr\/wp-json\/wp\/v2\/productdetails?post=57897"},{"taxonomy":"productneck","embeddable":true,"href":"https:\/\/www.koonings.com\/fr\/wp-json\/wp\/v2\/productneck?post=57897"},{"taxonomy":"productcolor","embeddable":true,"href":"https:\/\/www.koonings.com\/fr\/wp-json\/wp\/v2\/productcolor?post=57897"},{"taxonomy":"maat","embeddable":true,"href":"https:\/\/www.koonings.com\/fr\/wp-json\/wp\/v2\/maat?post=57897"},{"taxonomy":"productsupplier","embeddable":true,"href":"https:\/\/www.koonings.com\/fr\/wp-json\/wp\/v2\/productsupplier?post=57897"},{"taxonomy":"productsleeve","embeddable":true,"href":"https:\/\/www.koonings.com\/fr\/wp-json\/wp\/v2\/productsleeve?post=57897"},{"taxonomy":"productcategory","embeddable":true,"href":"https:\/\/www.koonings.com\/fr\/wp-json\/wp\/v2\/productcategory?post=57897"},{"taxonomy":"productsilhouette","embeddable":true,"href":"https:\/\/www.koonings.com\/fr\/wp-json\/wp\/v2\/productsilhouette?post=57897"},{"taxonomy":"productstyle","embeddable":true,"href":"https:\/\/www.koonings.com\/fr\/wp-json\/wp\/v2\/productstyle?post=57897"}],"curies":[{"name":"wp","href":"https:\/\/api.w.org\/{rel}","templated":true}]}}