{"id":57879,"date":"2026-04-10T16:14:58","date_gmt":"2026-04-10T14:14:58","guid":{"rendered":"https:\/\/www.koonings.com\/product\/oreasposa-l1099\/"},"modified":"2025-06-05T12:44:24","modified_gmt":"2025-06-05T10:44:24","slug":"oreasposa-l1099","status":"publish","type":"product","link":"https:\/\/www.koonings.com\/fr\/product\/oreasposa-l1099\/","title":{"rendered":"Oreasposa L1099"},"content":{"rendered":"<p>La dentelle brod\u00e9e de ce corsage est magnifiquement \u00e9quilibr\u00e9e par la jupe en tulle de forme A. Les manches longues, le d\u00e9collet\u00e9 en V et le dos \u00e9chancr\u00e9 sont tous deux parfaits. Les manches longues, le d\u00e9collet\u00e9 en V et le dos \u00e9chancr\u00e9 se compl\u00e8tent \u00e0 la perfection. <\/p>\n","protected":false},"featured_media":42307,"template":"","meta":{"_acf_changed":false,"ghostkit_customizer_options":"","ghostkit_custom_css":"","ghostkit_custom_js_head":"","ghostkit_custom_js_foot":"","ghostkit_typography":""},"productdetails":[],"productneck":[351],"productcolor":[393,392],"maat":[],"productsupplier":[401],"productsleeve":[362],"productcategory":[18],"productsilhouette":[384],"productstyle":[],"class_list":["post-57879","product","type-product","status-publish","has-post-thumbnail","hentry","productneck-351","productcolor-393","productcolor-392","productsupplier-oreasposa","productsleeve-362","productcategory-trouwjurken","productsilhouette-384"],"acf":[],"yoast_head":"<!-- This site is optimized with the Yoast SEO plugin v27.3 - https:\/\/yoast.com\/product\/yoast-seo-wordpress\/ -->\n<title>Oreasposa L1099 | Koonings<\/title>\n<meta name=\"description\" content=\"La dentelle brod\u00e9e de ce corsage est magnifiquement \u00e9quilibr\u00e9e par la jupe en tulle de forme A. Les manches longues, le d\u00e9collet\u00e9 en V et le dos \u00e9chancr\u00e9 sont tous deux parfaits. Les manches longues, le d\u00e9collet\u00e9 en V et le dos \u00e9chancr\u00e9 se compl\u00e8tent \u00e0 la perfection.\" \/>\n<meta name=\"robots\" content=\"index, follow, max-snippet:-1, max-image-preview:large, max-video-preview:-1\" \/>\n<link rel=\"canonical\" href=\"https:\/\/www.koonings.com\/fr\/product\/oreasposa-l1099\/\" \/>\n<meta property=\"og:locale\" content=\"fr_FR\" \/>\n<meta property=\"og:type\" content=\"article\" \/>\n<meta property=\"og:title\" content=\"Oreasposa L1099 | Koonings\" \/>\n<meta property=\"og:description\" content=\"La dentelle brod\u00e9e de ce corsage est magnifiquement \u00e9quilibr\u00e9e par la jupe en tulle de forme A. Les manches longues, le d\u00e9collet\u00e9 en V et le dos \u00e9chancr\u00e9 sont tous deux parfaits. Les manches longues, le d\u00e9collet\u00e9 en V et le dos \u00e9chancr\u00e9 se compl\u00e8tent \u00e0 la perfection.\" \/>\n<meta property=\"og:url\" content=\"https:\/\/www.koonings.com\/fr\/product\/oreasposa-l1099\/\" \/>\n<meta property=\"og:site_name\" content=\"Koonings\" \/>\n<meta property=\"article:publisher\" content=\"https:\/\/www.facebook.com\/kooningstheweddingpalace\" \/>\n<meta property=\"og:image\" content=\"https:\/\/www.koonings.com\/wp-content\/uploads\/2024\/11\/39762_417de94b96a7e7fc1f6fa6d8e0d9b7d877c950731ffe34498f141cc7f69d23815e43403f-scaled.jpeg\" \/>\n\t<meta property=\"og:image:width\" content=\"1810\" \/>\n\t<meta property=\"og:image:height\" content=\"2560\" \/>\n\t<meta property=\"og:image:type\" content=\"image\/jpeg\" \/>\n<meta name=\"twitter:card\" content=\"summary_large_image\" \/>\n<script type=\"application\/ld+json\" class=\"yoast-schema-graph\">{\"@context\":\"https:\\\/\\\/schema.org\",\"@graph\":[{\"@type\":\"WebPage\",\"@id\":\"https:\\\/\\\/www.koonings.com\\\/fr\\\/product\\\/oreasposa-l1099\\\/\",\"url\":\"https:\\\/\\\/www.koonings.com\\\/fr\\\/product\\\/oreasposa-l1099\\\/\",\"name\":\"Oreasposa L1099 | Koonings\",\"isPartOf\":{\"@id\":\"https:\\\/\\\/www.koonings.com\\\/fr\\\/#website\"},\"primaryImageOfPage\":{\"@id\":\"https:\\\/\\\/www.koonings.com\\\/fr\\\/product\\\/oreasposa-l1099\\\/#primaryimage\"},\"image\":{\"@id\":\"https:\\\/\\\/www.koonings.com\\\/fr\\\/product\\\/oreasposa-l1099\\\/#primaryimage\"},\"thumbnailUrl\":\"https:\\\/\\\/www.koonings.com\\\/wp-content\\\/uploads\\\/2024\\\/11\\\/39762_417de94b96a7e7fc1f6fa6d8e0d9b7d877c950731ffe34498f141cc7f69d23815e43403f-scaled.jpeg\",\"datePublished\":\"2026-04-10T14:14:58+00:00\",\"description\":\"La dentelle brod\u00e9e de ce corsage est magnifiquement \u00e9quilibr\u00e9e par la jupe en tulle de forme A. Les manches longues, le d\u00e9collet\u00e9 en V et le dos \u00e9chancr\u00e9 sont tous deux parfaits. Les manches longues, le d\u00e9collet\u00e9 en V et le dos \u00e9chancr\u00e9 se compl\u00e8tent \u00e0 la perfection.\",\"breadcrumb\":{\"@id\":\"https:\\\/\\\/www.koonings.com\\\/fr\\\/product\\\/oreasposa-l1099\\\/#breadcrumb\"},\"inLanguage\":\"fr-FR\",\"potentialAction\":[{\"@type\":\"ReadAction\",\"target\":[\"https:\\\/\\\/www.koonings.com\\\/fr\\\/product\\\/oreasposa-l1099\\\/\"]}]},{\"@type\":\"ImageObject\",\"inLanguage\":\"fr-FR\",\"@id\":\"https:\\\/\\\/www.koonings.com\\\/fr\\\/product\\\/oreasposa-l1099\\\/#primaryimage\",\"url\":\"https:\\\/\\\/www.koonings.com\\\/wp-content\\\/uploads\\\/2024\\\/11\\\/39762_417de94b96a7e7fc1f6fa6d8e0d9b7d877c950731ffe34498f141cc7f69d23815e43403f-scaled.jpeg\",\"contentUrl\":\"https:\\\/\\\/www.koonings.com\\\/wp-content\\\/uploads\\\/2024\\\/11\\\/39762_417de94b96a7e7fc1f6fa6d8e0d9b7d877c950731ffe34498f141cc7f69d23815e43403f-scaled.jpeg\",\"width\":1810,\"height\":2560},{\"@type\":\"BreadcrumbList\",\"@id\":\"https:\\\/\\\/www.koonings.com\\\/fr\\\/product\\\/oreasposa-l1099\\\/#breadcrumb\",\"itemListElement\":[{\"@type\":\"ListItem\",\"position\":1,\"name\":\"Home\",\"item\":\"https:\\\/\\\/www.koonings.com\\\/fr\\\/\"},{\"@type\":\"ListItem\",\"position\":2,\"name\":\"Oreasposa L1099\"}]},{\"@type\":\"WebSite\",\"@id\":\"https:\\\/\\\/www.koonings.com\\\/fr\\\/#website\",\"url\":\"https:\\\/\\\/www.koonings.com\\\/fr\\\/\",\"name\":\"Koonings\",\"description\":\"De grootste bruidsmodewinkel ter wereld\",\"publisher\":{\"@id\":\"https:\\\/\\\/www.koonings.com\\\/fr\\\/#organization\"},\"potentialAction\":[{\"@type\":\"SearchAction\",\"target\":{\"@type\":\"EntryPoint\",\"urlTemplate\":\"https:\\\/\\\/www.koonings.com\\\/fr\\\/?s={search_term_string}\"},\"query-input\":{\"@type\":\"PropertyValueSpecification\",\"valueRequired\":true,\"valueName\":\"search_term_string\"}}],\"inLanguage\":\"fr-FR\"},{\"@type\":\"Organization\",\"@id\":\"https:\\\/\\\/www.koonings.com\\\/fr\\\/#organization\",\"name\":\"Koonings\",\"url\":\"https:\\\/\\\/www.koonings.com\\\/fr\\\/\",\"logo\":{\"@type\":\"ImageObject\",\"inLanguage\":\"fr-FR\",\"@id\":\"https:\\\/\\\/www.koonings.com\\\/fr\\\/#\\\/schema\\\/logo\\\/image\\\/\",\"url\":\"https:\\\/\\\/www.koonings.com\\\/wp-content\\\/uploads\\\/2024\\\/07\\\/logo.png\",\"contentUrl\":\"https:\\\/\\\/www.koonings.com\\\/wp-content\\\/uploads\\\/2024\\\/07\\\/logo.png\",\"width\":600,\"height\":428,\"caption\":\"Koonings\"},\"image\":{\"@id\":\"https:\\\/\\\/www.koonings.com\\\/fr\\\/#\\\/schema\\\/logo\\\/image\\\/\"},\"sameAs\":[\"https:\\\/\\\/www.facebook.com\\\/kooningstheweddingpalace\",\"https:\\\/\\\/www.instagram.com\\\/kooningstheweddingpalace\",\"https:\\\/\\\/www.pinterest.com\\\/koonings\",\"https:\\\/\\\/www.youtube.com\\\/kooningstheweddingpalace\"]}]}<\/script>\n<!-- \/ Yoast SEO plugin. -->","yoast_head_json":{"title":"Oreasposa L1099 | Koonings","description":"La dentelle brod\u00e9e de ce corsage est magnifiquement \u00e9quilibr\u00e9e par la jupe en tulle de forme A. Les manches longues, le d\u00e9collet\u00e9 en V et le dos \u00e9chancr\u00e9 sont tous deux parfaits. Les manches longues, le d\u00e9collet\u00e9 en V et le dos \u00e9chancr\u00e9 se compl\u00e8tent \u00e0 la perfection.","robots":{"index":"index","follow":"follow","max-snippet":"max-snippet:-1","max-image-preview":"max-image-preview:large","max-video-preview":"max-video-preview:-1"},"canonical":"https:\/\/www.koonings.com\/fr\/product\/oreasposa-l1099\/","og_locale":"fr_FR","og_type":"article","og_title":"Oreasposa L1099 | Koonings","og_description":"La dentelle brod\u00e9e de ce corsage est magnifiquement \u00e9quilibr\u00e9e par la jupe en tulle de forme A. Les manches longues, le d\u00e9collet\u00e9 en V et le dos \u00e9chancr\u00e9 sont tous deux parfaits. Les manches longues, le d\u00e9collet\u00e9 en V et le dos \u00e9chancr\u00e9 se compl\u00e8tent \u00e0 la perfection.","og_url":"https:\/\/www.koonings.com\/fr\/product\/oreasposa-l1099\/","og_site_name":"Koonings","article_publisher":"https:\/\/www.facebook.com\/kooningstheweddingpalace","og_image":[{"width":1810,"height":2560,"url":"https:\/\/www.koonings.com\/wp-content\/uploads\/2024\/11\/39762_417de94b96a7e7fc1f6fa6d8e0d9b7d877c950731ffe34498f141cc7f69d23815e43403f-scaled.jpeg","type":"image\/jpeg"}],"twitter_card":"summary_large_image","schema":{"@context":"https:\/\/schema.org","@graph":[{"@type":"WebPage","@id":"https:\/\/www.koonings.com\/fr\/product\/oreasposa-l1099\/","url":"https:\/\/www.koonings.com\/fr\/product\/oreasposa-l1099\/","name":"Oreasposa L1099 | Koonings","isPartOf":{"@id":"https:\/\/www.koonings.com\/fr\/#website"},"primaryImageOfPage":{"@id":"https:\/\/www.koonings.com\/fr\/product\/oreasposa-l1099\/#primaryimage"},"image":{"@id":"https:\/\/www.koonings.com\/fr\/product\/oreasposa-l1099\/#primaryimage"},"thumbnailUrl":"https:\/\/www.koonings.com\/wp-content\/uploads\/2024\/11\/39762_417de94b96a7e7fc1f6fa6d8e0d9b7d877c950731ffe34498f141cc7f69d23815e43403f-scaled.jpeg","datePublished":"2026-04-10T14:14:58+00:00","description":"La dentelle brod\u00e9e de ce corsage est magnifiquement \u00e9quilibr\u00e9e par la jupe en tulle de forme A. Les manches longues, le d\u00e9collet\u00e9 en V et le dos \u00e9chancr\u00e9 sont tous deux parfaits. Les manches longues, le d\u00e9collet\u00e9 en V et le dos \u00e9chancr\u00e9 se compl\u00e8tent \u00e0 la perfection.","breadcrumb":{"@id":"https:\/\/www.koonings.com\/fr\/product\/oreasposa-l1099\/#breadcrumb"},"inLanguage":"fr-FR","potentialAction":[{"@type":"ReadAction","target":["https:\/\/www.koonings.com\/fr\/product\/oreasposa-l1099\/"]}]},{"@type":"ImageObject","inLanguage":"fr-FR","@id":"https:\/\/www.koonings.com\/fr\/product\/oreasposa-l1099\/#primaryimage","url":"https:\/\/www.koonings.com\/wp-content\/uploads\/2024\/11\/39762_417de94b96a7e7fc1f6fa6d8e0d9b7d877c950731ffe34498f141cc7f69d23815e43403f-scaled.jpeg","contentUrl":"https:\/\/www.koonings.com\/wp-content\/uploads\/2024\/11\/39762_417de94b96a7e7fc1f6fa6d8e0d9b7d877c950731ffe34498f141cc7f69d23815e43403f-scaled.jpeg","width":1810,"height":2560},{"@type":"BreadcrumbList","@id":"https:\/\/www.koonings.com\/fr\/product\/oreasposa-l1099\/#breadcrumb","itemListElement":[{"@type":"ListItem","position":1,"name":"Home","item":"https:\/\/www.koonings.com\/fr\/"},{"@type":"ListItem","position":2,"name":"Oreasposa L1099"}]},{"@type":"WebSite","@id":"https:\/\/www.koonings.com\/fr\/#website","url":"https:\/\/www.koonings.com\/fr\/","name":"Koonings","description":"De grootste bruidsmodewinkel ter wereld","publisher":{"@id":"https:\/\/www.koonings.com\/fr\/#organization"},"potentialAction":[{"@type":"SearchAction","target":{"@type":"EntryPoint","urlTemplate":"https:\/\/www.koonings.com\/fr\/?s={search_term_string}"},"query-input":{"@type":"PropertyValueSpecification","valueRequired":true,"valueName":"search_term_string"}}],"inLanguage":"fr-FR"},{"@type":"Organization","@id":"https:\/\/www.koonings.com\/fr\/#organization","name":"Koonings","url":"https:\/\/www.koonings.com\/fr\/","logo":{"@type":"ImageObject","inLanguage":"fr-FR","@id":"https:\/\/www.koonings.com\/fr\/#\/schema\/logo\/image\/","url":"https:\/\/www.koonings.com\/wp-content\/uploads\/2024\/07\/logo.png","contentUrl":"https:\/\/www.koonings.com\/wp-content\/uploads\/2024\/07\/logo.png","width":600,"height":428,"caption":"Koonings"},"image":{"@id":"https:\/\/www.koonings.com\/fr\/#\/schema\/logo\/image\/"},"sameAs":["https:\/\/www.facebook.com\/kooningstheweddingpalace","https:\/\/www.instagram.com\/kooningstheweddingpalace","https:\/\/www.pinterest.com\/koonings","https:\/\/www.youtube.com\/kooningstheweddingpalace"]}]}},"_links":{"self":[{"href":"https:\/\/www.koonings.com\/fr\/wp-json\/wp\/v2\/product\/57879","targetHints":{"allow":["GET"]}}],"collection":[{"href":"https:\/\/www.koonings.com\/fr\/wp-json\/wp\/v2\/product"}],"about":[{"href":"https:\/\/www.koonings.com\/fr\/wp-json\/wp\/v2\/types\/product"}],"wp:featuredmedia":[{"embeddable":true,"href":"https:\/\/www.koonings.com\/fr\/wp-json\/wp\/v2\/media\/42307"}],"wp:attachment":[{"href":"https:\/\/www.koonings.com\/fr\/wp-json\/wp\/v2\/media?parent=57879"}],"wp:term":[{"taxonomy":"productdetails","embeddable":true,"href":"https:\/\/www.koonings.com\/fr\/wp-json\/wp\/v2\/productdetails?post=57879"},{"taxonomy":"productneck","embeddable":true,"href":"https:\/\/www.koonings.com\/fr\/wp-json\/wp\/v2\/productneck?post=57879"},{"taxonomy":"productcolor","embeddable":true,"href":"https:\/\/www.koonings.com\/fr\/wp-json\/wp\/v2\/productcolor?post=57879"},{"taxonomy":"maat","embeddable":true,"href":"https:\/\/www.koonings.com\/fr\/wp-json\/wp\/v2\/maat?post=57879"},{"taxonomy":"productsupplier","embeddable":true,"href":"https:\/\/www.koonings.com\/fr\/wp-json\/wp\/v2\/productsupplier?post=57879"},{"taxonomy":"productsleeve","embeddable":true,"href":"https:\/\/www.koonings.com\/fr\/wp-json\/wp\/v2\/productsleeve?post=57879"},{"taxonomy":"productcategory","embeddable":true,"href":"https:\/\/www.koonings.com\/fr\/wp-json\/wp\/v2\/productcategory?post=57879"},{"taxonomy":"productsilhouette","embeddable":true,"href":"https:\/\/www.koonings.com\/fr\/wp-json\/wp\/v2\/productsilhouette?post=57879"},{"taxonomy":"productstyle","embeddable":true,"href":"https:\/\/www.koonings.com\/fr\/wp-json\/wp\/v2\/productstyle?post=57879"}],"curies":[{"name":"wp","href":"https:\/\/api.w.org\/{rel}","templated":true}]}}