{"id":57864,"date":"2025-12-15T00:26:20","date_gmt":"2025-12-14T23:26:20","guid":{"rendered":"https:\/\/www.koonings.com\/product\/demetrios-1219\/"},"modified":"2026-02-03T18:31:45","modified_gmt":"2026-02-03T17:31:45","slug":"demetrios-1219","status":"publish","type":"product","link":"https:\/\/www.koonings.com\/fr\/product\/demetrios-1219\/","title":{"rendered":"Demetrios 1219"},"content":{"rendered":"<p>L&#8217;incarnation du romantisme parfait et s\u00e9duisant, le style 1219 est orn\u00e9 d&#8217;une magnifique dentelle perl\u00e9e sur un tulle luxueux et pr\u00e9sente un profond d\u00e9collet\u00e9 en V sculpt\u00e9 avec de d\u00e9licates bretelles qui se transforment en un dos arrondi avec des d\u00e9tails diaphanes s\u00e9duisants. Une fente au niveau des cuisses ajoute une touche sexy \u00e0 la jupe \u00e9th\u00e9r\u00e9e. <\/p>\n","protected":false},"featured_media":42381,"template":"","meta":{"_acf_changed":false,"ghostkit_customizer_options":"","ghostkit_custom_css":"","ghostkit_custom_js_head":"","ghostkit_custom_js_foot":"","ghostkit_typography":""},"productdetails":[380,376,378,381],"productneck":[356],"productcolor":[393,392],"maat":[],"productsupplier":[402],"productsleeve":[359],"productcategory":[18],"productsilhouette":[384],"productstyle":[370],"class_list":["post-57864","product","type-product","status-publish","has-post-thumbnail","hentry","productdetails-380","productdetails-376","productdetails-378","productdetails-381","productneck-356","productcolor-393","productcolor-392","productsupplier-demetrios","productsleeve-359","productcategory-trouwjurken","productsilhouette-384","productstyle-370"],"acf":[],"yoast_head":"<!-- This site is optimized with the Yoast SEO plugin v27.3 - https:\/\/yoast.com\/product\/yoast-seo-wordpress\/ -->\n<title>Demetrios 1219 | Koonings<\/title>\n<meta name=\"description\" content=\"L&#039;incarnation du romantisme parfait et s\u00e9duisant, le style 1219 est orn\u00e9 d&#039;une magnifique dentelle perl\u00e9e sur un tulle luxueux et pr\u00e9sente un profond d\u00e9collet\u00e9 en V sculpt\u00e9 avec de d\u00e9licates bretelles qui se transforment en un dos arrondi avec de s\u00e9duisants d\u00e9tails diaphanes. Une fente au niveau des cuisses ajoute une touche sexy \u00e0 la jupe \u00e9th\u00e9r\u00e9e.\" \/>\n<meta name=\"robots\" content=\"index, follow, max-snippet:-1, max-image-preview:large, max-video-preview:-1\" \/>\n<link rel=\"canonical\" href=\"https:\/\/www.koonings.com\/fr\/product\/demetrios-1219\/\" \/>\n<meta property=\"og:locale\" content=\"fr_FR\" \/>\n<meta property=\"og:type\" content=\"article\" \/>\n<meta property=\"og:title\" content=\"Demetrios 1219 | Koonings\" \/>\n<meta property=\"og:description\" content=\"L&#039;incarnation du romantisme parfait et s\u00e9duisant, le style 1219 est orn\u00e9 d&#039;une magnifique dentelle perl\u00e9e sur un tulle luxueux et pr\u00e9sente un profond d\u00e9collet\u00e9 en V sculpt\u00e9 avec de d\u00e9licates bretelles qui se transforment en un dos arrondi avec de s\u00e9duisants d\u00e9tails diaphanes. Une fente au niveau des cuisses ajoute une touche sexy \u00e0 la jupe \u00e9th\u00e9r\u00e9e.\" \/>\n<meta property=\"og:url\" content=\"https:\/\/www.koonings.com\/fr\/product\/demetrios-1219\/\" \/>\n<meta property=\"og:site_name\" content=\"Koonings\" \/>\n<meta property=\"article:publisher\" content=\"https:\/\/www.facebook.com\/kooningstheweddingpalace\" \/>\n<meta property=\"article:modified_time\" content=\"2026-02-03T17:31:45+00:00\" \/>\n<meta property=\"og:image\" content=\"https:\/\/www.koonings.com\/wp-content\/uploads\/2024\/11\/39769_9e5f22fcf32aaeb86150bdf3485ed37f386c6669d691848a98233235e08d7f5c0d452c4e-scaled.jpeg\" \/>\n\t<meta property=\"og:image:width\" content=\"1920\" \/>\n\t<meta property=\"og:image:height\" content=\"2560\" \/>\n\t<meta property=\"og:image:type\" content=\"image\/jpeg\" \/>\n<meta name=\"twitter:card\" content=\"summary_large_image\" \/>\n<script type=\"application\/ld+json\" class=\"yoast-schema-graph\">{\"@context\":\"https:\\\/\\\/schema.org\",\"@graph\":[{\"@type\":\"WebPage\",\"@id\":\"https:\\\/\\\/www.koonings.com\\\/fr\\\/product\\\/demetrios-1219\\\/\",\"url\":\"https:\\\/\\\/www.koonings.com\\\/fr\\\/product\\\/demetrios-1219\\\/\",\"name\":\"Demetrios 1219 | Koonings\",\"isPartOf\":{\"@id\":\"https:\\\/\\\/www.koonings.com\\\/fr\\\/#website\"},\"primaryImageOfPage\":{\"@id\":\"https:\\\/\\\/www.koonings.com\\\/fr\\\/product\\\/demetrios-1219\\\/#primaryimage\"},\"image\":{\"@id\":\"https:\\\/\\\/www.koonings.com\\\/fr\\\/product\\\/demetrios-1219\\\/#primaryimage\"},\"thumbnailUrl\":\"https:\\\/\\\/www.koonings.com\\\/wp-content\\\/uploads\\\/2024\\\/11\\\/39769_9e5f22fcf32aaeb86150bdf3485ed37f386c6669d691848a98233235e08d7f5c0d452c4e-scaled.jpeg\",\"datePublished\":\"2025-12-14T23:26:20+00:00\",\"dateModified\":\"2026-02-03T17:31:45+00:00\",\"description\":\"L'incarnation du romantisme parfait et s\u00e9duisant, le style 1219 est orn\u00e9 d'une magnifique dentelle perl\u00e9e sur un tulle luxueux et pr\u00e9sente un profond d\u00e9collet\u00e9 en V sculpt\u00e9 avec de d\u00e9licates bretelles qui se transforment en un dos arrondi avec de s\u00e9duisants d\u00e9tails diaphanes. Une fente au niveau des cuisses ajoute une touche sexy \u00e0 la jupe \u00e9th\u00e9r\u00e9e.\",\"breadcrumb\":{\"@id\":\"https:\\\/\\\/www.koonings.com\\\/fr\\\/product\\\/demetrios-1219\\\/#breadcrumb\"},\"inLanguage\":\"fr-FR\",\"potentialAction\":[{\"@type\":\"ReadAction\",\"target\":[\"https:\\\/\\\/www.koonings.com\\\/fr\\\/product\\\/demetrios-1219\\\/\"]}]},{\"@type\":\"ImageObject\",\"inLanguage\":\"fr-FR\",\"@id\":\"https:\\\/\\\/www.koonings.com\\\/fr\\\/product\\\/demetrios-1219\\\/#primaryimage\",\"url\":\"https:\\\/\\\/www.koonings.com\\\/wp-content\\\/uploads\\\/2024\\\/11\\\/39769_9e5f22fcf32aaeb86150bdf3485ed37f386c6669d691848a98233235e08d7f5c0d452c4e-scaled.jpeg\",\"contentUrl\":\"https:\\\/\\\/www.koonings.com\\\/wp-content\\\/uploads\\\/2024\\\/11\\\/39769_9e5f22fcf32aaeb86150bdf3485ed37f386c6669d691848a98233235e08d7f5c0d452c4e-scaled.jpeg\",\"width\":1920,\"height\":2560},{\"@type\":\"BreadcrumbList\",\"@id\":\"https:\\\/\\\/www.koonings.com\\\/fr\\\/product\\\/demetrios-1219\\\/#breadcrumb\",\"itemListElement\":[{\"@type\":\"ListItem\",\"position\":1,\"name\":\"Home\",\"item\":\"https:\\\/\\\/www.koonings.com\\\/fr\\\/\"},{\"@type\":\"ListItem\",\"position\":2,\"name\":\"Demetrios 1219\"}]},{\"@type\":\"WebSite\",\"@id\":\"https:\\\/\\\/www.koonings.com\\\/fr\\\/#website\",\"url\":\"https:\\\/\\\/www.koonings.com\\\/fr\\\/\",\"name\":\"Koonings\",\"description\":\"De grootste bruidsmodewinkel ter wereld\",\"publisher\":{\"@id\":\"https:\\\/\\\/www.koonings.com\\\/fr\\\/#organization\"},\"potentialAction\":[{\"@type\":\"SearchAction\",\"target\":{\"@type\":\"EntryPoint\",\"urlTemplate\":\"https:\\\/\\\/www.koonings.com\\\/fr\\\/?s={search_term_string}\"},\"query-input\":{\"@type\":\"PropertyValueSpecification\",\"valueRequired\":true,\"valueName\":\"search_term_string\"}}],\"inLanguage\":\"fr-FR\"},{\"@type\":\"Organization\",\"@id\":\"https:\\\/\\\/www.koonings.com\\\/fr\\\/#organization\",\"name\":\"Koonings\",\"url\":\"https:\\\/\\\/www.koonings.com\\\/fr\\\/\",\"logo\":{\"@type\":\"ImageObject\",\"inLanguage\":\"fr-FR\",\"@id\":\"https:\\\/\\\/www.koonings.com\\\/fr\\\/#\\\/schema\\\/logo\\\/image\\\/\",\"url\":\"https:\\\/\\\/www.koonings.com\\\/wp-content\\\/uploads\\\/2024\\\/07\\\/logo.png\",\"contentUrl\":\"https:\\\/\\\/www.koonings.com\\\/wp-content\\\/uploads\\\/2024\\\/07\\\/logo.png\",\"width\":600,\"height\":428,\"caption\":\"Koonings\"},\"image\":{\"@id\":\"https:\\\/\\\/www.koonings.com\\\/fr\\\/#\\\/schema\\\/logo\\\/image\\\/\"},\"sameAs\":[\"https:\\\/\\\/www.facebook.com\\\/kooningstheweddingpalace\",\"https:\\\/\\\/www.instagram.com\\\/kooningstheweddingpalace\",\"https:\\\/\\\/www.pinterest.com\\\/koonings\",\"https:\\\/\\\/www.youtube.com\\\/kooningstheweddingpalace\"]}]}<\/script>\n<!-- \/ Yoast SEO plugin. -->","yoast_head_json":{"title":"Demetrios 1219 | Koonings","description":"L'incarnation du romantisme parfait et s\u00e9duisant, le style 1219 est orn\u00e9 d'une magnifique dentelle perl\u00e9e sur un tulle luxueux et pr\u00e9sente un profond d\u00e9collet\u00e9 en V sculpt\u00e9 avec de d\u00e9licates bretelles qui se transforment en un dos arrondi avec de s\u00e9duisants d\u00e9tails diaphanes. Une fente au niveau des cuisses ajoute une touche sexy \u00e0 la jupe \u00e9th\u00e9r\u00e9e.","robots":{"index":"index","follow":"follow","max-snippet":"max-snippet:-1","max-image-preview":"max-image-preview:large","max-video-preview":"max-video-preview:-1"},"canonical":"https:\/\/www.koonings.com\/fr\/product\/demetrios-1219\/","og_locale":"fr_FR","og_type":"article","og_title":"Demetrios 1219 | Koonings","og_description":"L'incarnation du romantisme parfait et s\u00e9duisant, le style 1219 est orn\u00e9 d'une magnifique dentelle perl\u00e9e sur un tulle luxueux et pr\u00e9sente un profond d\u00e9collet\u00e9 en V sculpt\u00e9 avec de d\u00e9licates bretelles qui se transforment en un dos arrondi avec de s\u00e9duisants d\u00e9tails diaphanes. Une fente au niveau des cuisses ajoute une touche sexy \u00e0 la jupe \u00e9th\u00e9r\u00e9e.","og_url":"https:\/\/www.koonings.com\/fr\/product\/demetrios-1219\/","og_site_name":"Koonings","article_publisher":"https:\/\/www.facebook.com\/kooningstheweddingpalace","article_modified_time":"2026-02-03T17:31:45+00:00","og_image":[{"width":1920,"height":2560,"url":"https:\/\/www.koonings.com\/wp-content\/uploads\/2024\/11\/39769_9e5f22fcf32aaeb86150bdf3485ed37f386c6669d691848a98233235e08d7f5c0d452c4e-scaled.jpeg","type":"image\/jpeg"}],"twitter_card":"summary_large_image","schema":{"@context":"https:\/\/schema.org","@graph":[{"@type":"WebPage","@id":"https:\/\/www.koonings.com\/fr\/product\/demetrios-1219\/","url":"https:\/\/www.koonings.com\/fr\/product\/demetrios-1219\/","name":"Demetrios 1219 | Koonings","isPartOf":{"@id":"https:\/\/www.koonings.com\/fr\/#website"},"primaryImageOfPage":{"@id":"https:\/\/www.koonings.com\/fr\/product\/demetrios-1219\/#primaryimage"},"image":{"@id":"https:\/\/www.koonings.com\/fr\/product\/demetrios-1219\/#primaryimage"},"thumbnailUrl":"https:\/\/www.koonings.com\/wp-content\/uploads\/2024\/11\/39769_9e5f22fcf32aaeb86150bdf3485ed37f386c6669d691848a98233235e08d7f5c0d452c4e-scaled.jpeg","datePublished":"2025-12-14T23:26:20+00:00","dateModified":"2026-02-03T17:31:45+00:00","description":"L'incarnation du romantisme parfait et s\u00e9duisant, le style 1219 est orn\u00e9 d'une magnifique dentelle perl\u00e9e sur un tulle luxueux et pr\u00e9sente un profond d\u00e9collet\u00e9 en V sculpt\u00e9 avec de d\u00e9licates bretelles qui se transforment en un dos arrondi avec de s\u00e9duisants d\u00e9tails diaphanes. Une fente au niveau des cuisses ajoute une touche sexy \u00e0 la jupe \u00e9th\u00e9r\u00e9e.","breadcrumb":{"@id":"https:\/\/www.koonings.com\/fr\/product\/demetrios-1219\/#breadcrumb"},"inLanguage":"fr-FR","potentialAction":[{"@type":"ReadAction","target":["https:\/\/www.koonings.com\/fr\/product\/demetrios-1219\/"]}]},{"@type":"ImageObject","inLanguage":"fr-FR","@id":"https:\/\/www.koonings.com\/fr\/product\/demetrios-1219\/#primaryimage","url":"https:\/\/www.koonings.com\/wp-content\/uploads\/2024\/11\/39769_9e5f22fcf32aaeb86150bdf3485ed37f386c6669d691848a98233235e08d7f5c0d452c4e-scaled.jpeg","contentUrl":"https:\/\/www.koonings.com\/wp-content\/uploads\/2024\/11\/39769_9e5f22fcf32aaeb86150bdf3485ed37f386c6669d691848a98233235e08d7f5c0d452c4e-scaled.jpeg","width":1920,"height":2560},{"@type":"BreadcrumbList","@id":"https:\/\/www.koonings.com\/fr\/product\/demetrios-1219\/#breadcrumb","itemListElement":[{"@type":"ListItem","position":1,"name":"Home","item":"https:\/\/www.koonings.com\/fr\/"},{"@type":"ListItem","position":2,"name":"Demetrios 1219"}]},{"@type":"WebSite","@id":"https:\/\/www.koonings.com\/fr\/#website","url":"https:\/\/www.koonings.com\/fr\/","name":"Koonings","description":"De grootste bruidsmodewinkel ter wereld","publisher":{"@id":"https:\/\/www.koonings.com\/fr\/#organization"},"potentialAction":[{"@type":"SearchAction","target":{"@type":"EntryPoint","urlTemplate":"https:\/\/www.koonings.com\/fr\/?s={search_term_string}"},"query-input":{"@type":"PropertyValueSpecification","valueRequired":true,"valueName":"search_term_string"}}],"inLanguage":"fr-FR"},{"@type":"Organization","@id":"https:\/\/www.koonings.com\/fr\/#organization","name":"Koonings","url":"https:\/\/www.koonings.com\/fr\/","logo":{"@type":"ImageObject","inLanguage":"fr-FR","@id":"https:\/\/www.koonings.com\/fr\/#\/schema\/logo\/image\/","url":"https:\/\/www.koonings.com\/wp-content\/uploads\/2024\/07\/logo.png","contentUrl":"https:\/\/www.koonings.com\/wp-content\/uploads\/2024\/07\/logo.png","width":600,"height":428,"caption":"Koonings"},"image":{"@id":"https:\/\/www.koonings.com\/fr\/#\/schema\/logo\/image\/"},"sameAs":["https:\/\/www.facebook.com\/kooningstheweddingpalace","https:\/\/www.instagram.com\/kooningstheweddingpalace","https:\/\/www.pinterest.com\/koonings","https:\/\/www.youtube.com\/kooningstheweddingpalace"]}]}},"_links":{"self":[{"href":"https:\/\/www.koonings.com\/fr\/wp-json\/wp\/v2\/product\/57864","targetHints":{"allow":["GET"]}}],"collection":[{"href":"https:\/\/www.koonings.com\/fr\/wp-json\/wp\/v2\/product"}],"about":[{"href":"https:\/\/www.koonings.com\/fr\/wp-json\/wp\/v2\/types\/product"}],"wp:featuredmedia":[{"embeddable":true,"href":"https:\/\/www.koonings.com\/fr\/wp-json\/wp\/v2\/media\/42381"}],"wp:attachment":[{"href":"https:\/\/www.koonings.com\/fr\/wp-json\/wp\/v2\/media?parent=57864"}],"wp:term":[{"taxonomy":"productdetails","embeddable":true,"href":"https:\/\/www.koonings.com\/fr\/wp-json\/wp\/v2\/productdetails?post=57864"},{"taxonomy":"productneck","embeddable":true,"href":"https:\/\/www.koonings.com\/fr\/wp-json\/wp\/v2\/productneck?post=57864"},{"taxonomy":"productcolor","embeddable":true,"href":"https:\/\/www.koonings.com\/fr\/wp-json\/wp\/v2\/productcolor?post=57864"},{"taxonomy":"maat","embeddable":true,"href":"https:\/\/www.koonings.com\/fr\/wp-json\/wp\/v2\/maat?post=57864"},{"taxonomy":"productsupplier","embeddable":true,"href":"https:\/\/www.koonings.com\/fr\/wp-json\/wp\/v2\/productsupplier?post=57864"},{"taxonomy":"productsleeve","embeddable":true,"href":"https:\/\/www.koonings.com\/fr\/wp-json\/wp\/v2\/productsleeve?post=57864"},{"taxonomy":"productcategory","embeddable":true,"href":"https:\/\/www.koonings.com\/fr\/wp-json\/wp\/v2\/productcategory?post=57864"},{"taxonomy":"productsilhouette","embeddable":true,"href":"https:\/\/www.koonings.com\/fr\/wp-json\/wp\/v2\/productsilhouette?post=57864"},{"taxonomy":"productstyle","embeddable":true,"href":"https:\/\/www.koonings.com\/fr\/wp-json\/wp\/v2\/productstyle?post=57864"}],"curies":[{"name":"wp","href":"https:\/\/api.w.org\/{rel}","templated":true}]}}