{"id":57850,"date":"2026-04-14T16:16:29","date_gmt":"2026-04-14T14:16:29","guid":{"rendered":"https:\/\/www.koonings.com\/product\/demetrios-1236dr\/"},"modified":"2025-06-05T12:44:34","modified_gmt":"2025-06-05T10:44:34","slug":"demetrios-1236dr","status":"publish","type":"product","link":"https:\/\/www.koonings.com\/fr\/product\/demetrios-1236dr\/","title":{"rendered":"Demetrios 1236DR"},"content":{"rendered":"<p>L&#8217;\u00e9poustouflant mod\u00e8le 1236 vous fera flotter dans les airs gr\u00e2ce \u00e0 sa luxueuse jupe en tulle scintillant. Des bretelles s\u00e9duisantes accentuent son corsage profond avec une encolure en V et s&#8217;\u00e9coulent dans le dos sexy. Une tra\u00eene volumineuse et amovible apporte la touche finale parfaite. Tra\u00eene amovible assortie (vendue s\u00e9par\u00e9ment).   <\/p>\n","protected":false},"featured_media":42539,"template":"","meta":{"_acf_changed":false,"ghostkit_customizer_options":"","ghostkit_custom_css":"","ghostkit_custom_js_head":"","ghostkit_custom_js_foot":"","ghostkit_typography":""},"productdetails":[376,381],"productneck":[354,356],"productcolor":[392],"maat":[],"productsupplier":[402],"productsleeve":[359],"productcategory":[18],"productsilhouette":[388],"productstyle":[372,366],"class_list":["post-57850","product","type-product","status-publish","has-post-thumbnail","hentry","productdetails-376","productdetails-381","productneck-354","productneck-356","productcolor-392","productsupplier-demetrios","productsleeve-359","productcategory-trouwjurken","productsilhouette-388","productstyle-372","productstyle-366"],"acf":[],"yoast_head":"<!-- This site is optimized with the Yoast SEO plugin v27.3 - https:\/\/yoast.com\/product\/yoast-seo-wordpress\/ -->\n<title>Demetrios 1236DR | Koonings<\/title>\n<meta name=\"description\" content=\"L&#039;\u00e9poustouflant mod\u00e8le 1236 vous fera flotter dans les airs gr\u00e2ce \u00e0 sa luxueuse jupe en tulle scintillant. Des bretelles s\u00e9duisantes accentuent son corsage profond avec une encolure en V et s&#039;\u00e9coulent dans le dos sexy. Une tra\u00eene volumineuse et amovible apporte la touche finale parfaite. Tra\u00eene amovible assortie (vendue s\u00e9par\u00e9ment).\" \/>\n<meta name=\"robots\" content=\"index, follow, max-snippet:-1, max-image-preview:large, max-video-preview:-1\" \/>\n<link rel=\"canonical\" href=\"https:\/\/www.koonings.com\/fr\/product\/demetrios-1236dr\/\" \/>\n<meta property=\"og:locale\" content=\"fr_FR\" \/>\n<meta property=\"og:type\" content=\"article\" \/>\n<meta property=\"og:title\" content=\"Demetrios 1236DR | Koonings\" \/>\n<meta property=\"og:description\" content=\"L&#039;\u00e9poustouflant mod\u00e8le 1236 vous fera flotter dans les airs gr\u00e2ce \u00e0 sa luxueuse jupe en tulle scintillant. Des bretelles s\u00e9duisantes accentuent son corsage profond avec une encolure en V et s&#039;\u00e9coulent dans le dos sexy. Une tra\u00eene volumineuse et amovible apporte la touche finale parfaite. Tra\u00eene amovible assortie (vendue s\u00e9par\u00e9ment).\" \/>\n<meta property=\"og:url\" content=\"https:\/\/www.koonings.com\/fr\/product\/demetrios-1236dr\/\" \/>\n<meta property=\"og:site_name\" content=\"Koonings\" \/>\n<meta property=\"article:publisher\" content=\"https:\/\/www.facebook.com\/kooningstheweddingpalace\" \/>\n<meta property=\"og:image\" content=\"https:\/\/www.koonings.com\/wp-content\/uploads\/2024\/11\/39778_6706e76474f38e0eeb0d373bfb35e20150de1f6b9c1f81f672c0b06bedfce583892a8b47-scaled.jpeg\" \/>\n\t<meta property=\"og:image:width\" content=\"1808\" \/>\n\t<meta property=\"og:image:height\" content=\"2560\" \/>\n\t<meta property=\"og:image:type\" content=\"image\/jpeg\" \/>\n<meta name=\"twitter:card\" content=\"summary_large_image\" \/>\n<script type=\"application\/ld+json\" class=\"yoast-schema-graph\">{\"@context\":\"https:\\\/\\\/schema.org\",\"@graph\":[{\"@type\":\"WebPage\",\"@id\":\"https:\\\/\\\/www.koonings.com\\\/fr\\\/product\\\/demetrios-1236dr\\\/\",\"url\":\"https:\\\/\\\/www.koonings.com\\\/fr\\\/product\\\/demetrios-1236dr\\\/\",\"name\":\"Demetrios 1236DR | Koonings\",\"isPartOf\":{\"@id\":\"https:\\\/\\\/www.koonings.com\\\/fr\\\/#website\"},\"primaryImageOfPage\":{\"@id\":\"https:\\\/\\\/www.koonings.com\\\/fr\\\/product\\\/demetrios-1236dr\\\/#primaryimage\"},\"image\":{\"@id\":\"https:\\\/\\\/www.koonings.com\\\/fr\\\/product\\\/demetrios-1236dr\\\/#primaryimage\"},\"thumbnailUrl\":\"https:\\\/\\\/www.koonings.com\\\/wp-content\\\/uploads\\\/2024\\\/11\\\/39778_6706e76474f38e0eeb0d373bfb35e20150de1f6b9c1f81f672c0b06bedfce583892a8b47-scaled.jpeg\",\"datePublished\":\"2026-04-14T14:16:29+00:00\",\"description\":\"L'\u00e9poustouflant mod\u00e8le 1236 vous fera flotter dans les airs gr\u00e2ce \u00e0 sa luxueuse jupe en tulle scintillant. Des bretelles s\u00e9duisantes accentuent son corsage profond avec une encolure en V et s'\u00e9coulent dans le dos sexy. Une tra\u00eene volumineuse et amovible apporte la touche finale parfaite. Tra\u00eene amovible assortie (vendue s\u00e9par\u00e9ment).\",\"breadcrumb\":{\"@id\":\"https:\\\/\\\/www.koonings.com\\\/fr\\\/product\\\/demetrios-1236dr\\\/#breadcrumb\"},\"inLanguage\":\"fr-FR\",\"potentialAction\":[{\"@type\":\"ReadAction\",\"target\":[\"https:\\\/\\\/www.koonings.com\\\/fr\\\/product\\\/demetrios-1236dr\\\/\"]}]},{\"@type\":\"ImageObject\",\"inLanguage\":\"fr-FR\",\"@id\":\"https:\\\/\\\/www.koonings.com\\\/fr\\\/product\\\/demetrios-1236dr\\\/#primaryimage\",\"url\":\"https:\\\/\\\/www.koonings.com\\\/wp-content\\\/uploads\\\/2024\\\/11\\\/39778_6706e76474f38e0eeb0d373bfb35e20150de1f6b9c1f81f672c0b06bedfce583892a8b47-scaled.jpeg\",\"contentUrl\":\"https:\\\/\\\/www.koonings.com\\\/wp-content\\\/uploads\\\/2024\\\/11\\\/39778_6706e76474f38e0eeb0d373bfb35e20150de1f6b9c1f81f672c0b06bedfce583892a8b47-scaled.jpeg\",\"width\":1808,\"height\":2560},{\"@type\":\"BreadcrumbList\",\"@id\":\"https:\\\/\\\/www.koonings.com\\\/fr\\\/product\\\/demetrios-1236dr\\\/#breadcrumb\",\"itemListElement\":[{\"@type\":\"ListItem\",\"position\":1,\"name\":\"Home\",\"item\":\"https:\\\/\\\/www.koonings.com\\\/fr\\\/\"},{\"@type\":\"ListItem\",\"position\":2,\"name\":\"Demetrios 1236DR\"}]},{\"@type\":\"WebSite\",\"@id\":\"https:\\\/\\\/www.koonings.com\\\/fr\\\/#website\",\"url\":\"https:\\\/\\\/www.koonings.com\\\/fr\\\/\",\"name\":\"Koonings\",\"description\":\"De grootste bruidsmodewinkel ter wereld\",\"publisher\":{\"@id\":\"https:\\\/\\\/www.koonings.com\\\/fr\\\/#organization\"},\"potentialAction\":[{\"@type\":\"SearchAction\",\"target\":{\"@type\":\"EntryPoint\",\"urlTemplate\":\"https:\\\/\\\/www.koonings.com\\\/fr\\\/?s={search_term_string}\"},\"query-input\":{\"@type\":\"PropertyValueSpecification\",\"valueRequired\":true,\"valueName\":\"search_term_string\"}}],\"inLanguage\":\"fr-FR\"},{\"@type\":\"Organization\",\"@id\":\"https:\\\/\\\/www.koonings.com\\\/fr\\\/#organization\",\"name\":\"Koonings\",\"url\":\"https:\\\/\\\/www.koonings.com\\\/fr\\\/\",\"logo\":{\"@type\":\"ImageObject\",\"inLanguage\":\"fr-FR\",\"@id\":\"https:\\\/\\\/www.koonings.com\\\/fr\\\/#\\\/schema\\\/logo\\\/image\\\/\",\"url\":\"https:\\\/\\\/www.koonings.com\\\/wp-content\\\/uploads\\\/2024\\\/07\\\/logo.png\",\"contentUrl\":\"https:\\\/\\\/www.koonings.com\\\/wp-content\\\/uploads\\\/2024\\\/07\\\/logo.png\",\"width\":600,\"height\":428,\"caption\":\"Koonings\"},\"image\":{\"@id\":\"https:\\\/\\\/www.koonings.com\\\/fr\\\/#\\\/schema\\\/logo\\\/image\\\/\"},\"sameAs\":[\"https:\\\/\\\/www.facebook.com\\\/kooningstheweddingpalace\",\"https:\\\/\\\/www.instagram.com\\\/kooningstheweddingpalace\",\"https:\\\/\\\/www.pinterest.com\\\/koonings\",\"https:\\\/\\\/www.youtube.com\\\/kooningstheweddingpalace\"]}]}<\/script>\n<!-- \/ Yoast SEO plugin. -->","yoast_head_json":{"title":"Demetrios 1236DR | Koonings","description":"L'\u00e9poustouflant mod\u00e8le 1236 vous fera flotter dans les airs gr\u00e2ce \u00e0 sa luxueuse jupe en tulle scintillant. Des bretelles s\u00e9duisantes accentuent son corsage profond avec une encolure en V et s'\u00e9coulent dans le dos sexy. Une tra\u00eene volumineuse et amovible apporte la touche finale parfaite. Tra\u00eene amovible assortie (vendue s\u00e9par\u00e9ment).","robots":{"index":"index","follow":"follow","max-snippet":"max-snippet:-1","max-image-preview":"max-image-preview:large","max-video-preview":"max-video-preview:-1"},"canonical":"https:\/\/www.koonings.com\/fr\/product\/demetrios-1236dr\/","og_locale":"fr_FR","og_type":"article","og_title":"Demetrios 1236DR | Koonings","og_description":"L'\u00e9poustouflant mod\u00e8le 1236 vous fera flotter dans les airs gr\u00e2ce \u00e0 sa luxueuse jupe en tulle scintillant. Des bretelles s\u00e9duisantes accentuent son corsage profond avec une encolure en V et s'\u00e9coulent dans le dos sexy. Une tra\u00eene volumineuse et amovible apporte la touche finale parfaite. Tra\u00eene amovible assortie (vendue s\u00e9par\u00e9ment).","og_url":"https:\/\/www.koonings.com\/fr\/product\/demetrios-1236dr\/","og_site_name":"Koonings","article_publisher":"https:\/\/www.facebook.com\/kooningstheweddingpalace","og_image":[{"width":1808,"height":2560,"url":"https:\/\/www.koonings.com\/wp-content\/uploads\/2024\/11\/39778_6706e76474f38e0eeb0d373bfb35e20150de1f6b9c1f81f672c0b06bedfce583892a8b47-scaled.jpeg","type":"image\/jpeg"}],"twitter_card":"summary_large_image","schema":{"@context":"https:\/\/schema.org","@graph":[{"@type":"WebPage","@id":"https:\/\/www.koonings.com\/fr\/product\/demetrios-1236dr\/","url":"https:\/\/www.koonings.com\/fr\/product\/demetrios-1236dr\/","name":"Demetrios 1236DR | Koonings","isPartOf":{"@id":"https:\/\/www.koonings.com\/fr\/#website"},"primaryImageOfPage":{"@id":"https:\/\/www.koonings.com\/fr\/product\/demetrios-1236dr\/#primaryimage"},"image":{"@id":"https:\/\/www.koonings.com\/fr\/product\/demetrios-1236dr\/#primaryimage"},"thumbnailUrl":"https:\/\/www.koonings.com\/wp-content\/uploads\/2024\/11\/39778_6706e76474f38e0eeb0d373bfb35e20150de1f6b9c1f81f672c0b06bedfce583892a8b47-scaled.jpeg","datePublished":"2026-04-14T14:16:29+00:00","description":"L'\u00e9poustouflant mod\u00e8le 1236 vous fera flotter dans les airs gr\u00e2ce \u00e0 sa luxueuse jupe en tulle scintillant. Des bretelles s\u00e9duisantes accentuent son corsage profond avec une encolure en V et s'\u00e9coulent dans le dos sexy. Une tra\u00eene volumineuse et amovible apporte la touche finale parfaite. Tra\u00eene amovible assortie (vendue s\u00e9par\u00e9ment).","breadcrumb":{"@id":"https:\/\/www.koonings.com\/fr\/product\/demetrios-1236dr\/#breadcrumb"},"inLanguage":"fr-FR","potentialAction":[{"@type":"ReadAction","target":["https:\/\/www.koonings.com\/fr\/product\/demetrios-1236dr\/"]}]},{"@type":"ImageObject","inLanguage":"fr-FR","@id":"https:\/\/www.koonings.com\/fr\/product\/demetrios-1236dr\/#primaryimage","url":"https:\/\/www.koonings.com\/wp-content\/uploads\/2024\/11\/39778_6706e76474f38e0eeb0d373bfb35e20150de1f6b9c1f81f672c0b06bedfce583892a8b47-scaled.jpeg","contentUrl":"https:\/\/www.koonings.com\/wp-content\/uploads\/2024\/11\/39778_6706e76474f38e0eeb0d373bfb35e20150de1f6b9c1f81f672c0b06bedfce583892a8b47-scaled.jpeg","width":1808,"height":2560},{"@type":"BreadcrumbList","@id":"https:\/\/www.koonings.com\/fr\/product\/demetrios-1236dr\/#breadcrumb","itemListElement":[{"@type":"ListItem","position":1,"name":"Home","item":"https:\/\/www.koonings.com\/fr\/"},{"@type":"ListItem","position":2,"name":"Demetrios 1236DR"}]},{"@type":"WebSite","@id":"https:\/\/www.koonings.com\/fr\/#website","url":"https:\/\/www.koonings.com\/fr\/","name":"Koonings","description":"De grootste bruidsmodewinkel ter wereld","publisher":{"@id":"https:\/\/www.koonings.com\/fr\/#organization"},"potentialAction":[{"@type":"SearchAction","target":{"@type":"EntryPoint","urlTemplate":"https:\/\/www.koonings.com\/fr\/?s={search_term_string}"},"query-input":{"@type":"PropertyValueSpecification","valueRequired":true,"valueName":"search_term_string"}}],"inLanguage":"fr-FR"},{"@type":"Organization","@id":"https:\/\/www.koonings.com\/fr\/#organization","name":"Koonings","url":"https:\/\/www.koonings.com\/fr\/","logo":{"@type":"ImageObject","inLanguage":"fr-FR","@id":"https:\/\/www.koonings.com\/fr\/#\/schema\/logo\/image\/","url":"https:\/\/www.koonings.com\/wp-content\/uploads\/2024\/07\/logo.png","contentUrl":"https:\/\/www.koonings.com\/wp-content\/uploads\/2024\/07\/logo.png","width":600,"height":428,"caption":"Koonings"},"image":{"@id":"https:\/\/www.koonings.com\/fr\/#\/schema\/logo\/image\/"},"sameAs":["https:\/\/www.facebook.com\/kooningstheweddingpalace","https:\/\/www.instagram.com\/kooningstheweddingpalace","https:\/\/www.pinterest.com\/koonings","https:\/\/www.youtube.com\/kooningstheweddingpalace"]}]}},"_links":{"self":[{"href":"https:\/\/www.koonings.com\/fr\/wp-json\/wp\/v2\/product\/57850","targetHints":{"allow":["GET"]}}],"collection":[{"href":"https:\/\/www.koonings.com\/fr\/wp-json\/wp\/v2\/product"}],"about":[{"href":"https:\/\/www.koonings.com\/fr\/wp-json\/wp\/v2\/types\/product"}],"wp:featuredmedia":[{"embeddable":true,"href":"https:\/\/www.koonings.com\/fr\/wp-json\/wp\/v2\/media\/42539"}],"wp:attachment":[{"href":"https:\/\/www.koonings.com\/fr\/wp-json\/wp\/v2\/media?parent=57850"}],"wp:term":[{"taxonomy":"productdetails","embeddable":true,"href":"https:\/\/www.koonings.com\/fr\/wp-json\/wp\/v2\/productdetails?post=57850"},{"taxonomy":"productneck","embeddable":true,"href":"https:\/\/www.koonings.com\/fr\/wp-json\/wp\/v2\/productneck?post=57850"},{"taxonomy":"productcolor","embeddable":true,"href":"https:\/\/www.koonings.com\/fr\/wp-json\/wp\/v2\/productcolor?post=57850"},{"taxonomy":"maat","embeddable":true,"href":"https:\/\/www.koonings.com\/fr\/wp-json\/wp\/v2\/maat?post=57850"},{"taxonomy":"productsupplier","embeddable":true,"href":"https:\/\/www.koonings.com\/fr\/wp-json\/wp\/v2\/productsupplier?post=57850"},{"taxonomy":"productsleeve","embeddable":true,"href":"https:\/\/www.koonings.com\/fr\/wp-json\/wp\/v2\/productsleeve?post=57850"},{"taxonomy":"productcategory","embeddable":true,"href":"https:\/\/www.koonings.com\/fr\/wp-json\/wp\/v2\/productcategory?post=57850"},{"taxonomy":"productsilhouette","embeddable":true,"href":"https:\/\/www.koonings.com\/fr\/wp-json\/wp\/v2\/productsilhouette?post=57850"},{"taxonomy":"productstyle","embeddable":true,"href":"https:\/\/www.koonings.com\/fr\/wp-json\/wp\/v2\/productstyle?post=57850"}],"curies":[{"name":"wp","href":"https:\/\/api.w.org\/{rel}","templated":true}]}}