{"id":57833,"date":"2026-04-14T16:16:31","date_gmt":"2026-04-14T14:16:31","guid":{"rendered":"https:\/\/www.koonings.com\/product\/demetrios-capsule-200154m\/"},"modified":"2025-06-05T12:44:35","modified_gmt":"2025-06-05T10:44:35","slug":"demetrios-capsule-200154m","status":"publish","type":"product","link":"https:\/\/www.koonings.com\/fr\/product\/demetrios-capsule-200154m\/","title":{"rendered":"Demetrios Capsule 200154M"},"content":{"rendered":"<p>Ce style s\u00e9duisant vous permet de briller, avec un d\u00e9collet\u00e9 en V profond et des bretelles qui s&#8217;\u00e9vasent dans un dos bas sexy. Un ruban de satin \u00e0 la taille laisse place \u00e0 une jupe pliss\u00e9e volumineuse avec des boutons pimpants sur la tra\u00eene. Disponible chez Koonings en satin ou en mikado.  <\/p>\n","protected":false},"featured_media":42704,"template":"","meta":{"_acf_changed":false,"ghostkit_customizer_options":"","ghostkit_custom_css":"","ghostkit_custom_js_head":"","ghostkit_custom_js_foot":"","ghostkit_typography":""},"productdetails":[],"productneck":[356],"productcolor":[392],"maat":[],"productsupplier":[453],"productsleeve":[359],"productcategory":[18],"productsilhouette":[384],"productstyle":[],"class_list":["post-57833","product","type-product","status-publish","has-post-thumbnail","hentry","productneck-356","productcolor-392","productsupplier-demetrios-capsule","productsleeve-359","productcategory-trouwjurken","productsilhouette-384"],"acf":[],"yoast_head":"<!-- This site is optimized with the Yoast SEO plugin v27.3 - https:\/\/yoast.com\/product\/yoast-seo-wordpress\/ -->\n<title>Demetrios Capsule 200154M | Koonings<\/title>\n<meta name=\"description\" content=\"Ce style s\u00e9duisant vous permet de briller, avec un d\u00e9collet\u00e9 en V profond et des bretelles qui s&#039;\u00e9vasent dans un dos bas sexy. Un ruban de satin \u00e0 la taille laisse place \u00e0 une jupe pliss\u00e9e volumineuse avec des boutons pimpants sur la tra\u00eene. Disponible chez Koonings en satin ou en mikado.\" \/>\n<meta name=\"robots\" content=\"index, follow, max-snippet:-1, max-image-preview:large, max-video-preview:-1\" \/>\n<link rel=\"canonical\" href=\"https:\/\/www.koonings.com\/fr\/product\/demetrios-capsule-200154m\/\" \/>\n<meta property=\"og:locale\" content=\"fr_FR\" \/>\n<meta property=\"og:type\" content=\"article\" \/>\n<meta property=\"og:title\" content=\"Demetrios Capsule 200154M | Koonings\" \/>\n<meta property=\"og:description\" content=\"Ce style s\u00e9duisant vous permet de briller, avec un d\u00e9collet\u00e9 en V profond et des bretelles qui s&#039;\u00e9vasent dans un dos bas sexy. Un ruban de satin \u00e0 la taille laisse place \u00e0 une jupe pliss\u00e9e volumineuse avec des boutons pimpants sur la tra\u00eene. Disponible chez Koonings en satin ou en mikado.\" \/>\n<meta property=\"og:url\" content=\"https:\/\/www.koonings.com\/fr\/product\/demetrios-capsule-200154m\/\" \/>\n<meta property=\"og:site_name\" content=\"Koonings\" \/>\n<meta property=\"article:publisher\" content=\"https:\/\/www.facebook.com\/kooningstheweddingpalace\" \/>\n<meta property=\"og:image\" content=\"https:\/\/www.koonings.com\/wp-content\/uploads\/2024\/11\/39789_35eed11a09fdb516014e0ca6a8216791c02c9a46dc4ba6b6e6ed98faa825cd25c8047d85.jpeg\" \/>\n\t<meta property=\"og:image:width\" content=\"300\" \/>\n\t<meta property=\"og:image:height\" content=\"450\" \/>\n\t<meta property=\"og:image:type\" content=\"image\/jpeg\" \/>\n<meta name=\"twitter:card\" content=\"summary_large_image\" \/>\n<script type=\"application\/ld+json\" class=\"yoast-schema-graph\">{\"@context\":\"https:\\\/\\\/schema.org\",\"@graph\":[{\"@type\":\"WebPage\",\"@id\":\"https:\\\/\\\/www.koonings.com\\\/fr\\\/product\\\/demetrios-capsule-200154m\\\/\",\"url\":\"https:\\\/\\\/www.koonings.com\\\/fr\\\/product\\\/demetrios-capsule-200154m\\\/\",\"name\":\"Demetrios Capsule 200154M | Koonings\",\"isPartOf\":{\"@id\":\"https:\\\/\\\/www.koonings.com\\\/fr\\\/#website\"},\"primaryImageOfPage\":{\"@id\":\"https:\\\/\\\/www.koonings.com\\\/fr\\\/product\\\/demetrios-capsule-200154m\\\/#primaryimage\"},\"image\":{\"@id\":\"https:\\\/\\\/www.koonings.com\\\/fr\\\/product\\\/demetrios-capsule-200154m\\\/#primaryimage\"},\"thumbnailUrl\":\"https:\\\/\\\/www.koonings.com\\\/wp-content\\\/uploads\\\/2024\\\/11\\\/39789_35eed11a09fdb516014e0ca6a8216791c02c9a46dc4ba6b6e6ed98faa825cd25c8047d85.jpeg\",\"datePublished\":\"2026-04-14T14:16:31+00:00\",\"description\":\"Ce style s\u00e9duisant vous permet de briller, avec un d\u00e9collet\u00e9 en V profond et des bretelles qui s'\u00e9vasent dans un dos bas sexy. Un ruban de satin \u00e0 la taille laisse place \u00e0 une jupe pliss\u00e9e volumineuse avec des boutons pimpants sur la tra\u00eene. Disponible chez Koonings en satin ou en mikado.\",\"breadcrumb\":{\"@id\":\"https:\\\/\\\/www.koonings.com\\\/fr\\\/product\\\/demetrios-capsule-200154m\\\/#breadcrumb\"},\"inLanguage\":\"fr-FR\",\"potentialAction\":[{\"@type\":\"ReadAction\",\"target\":[\"https:\\\/\\\/www.koonings.com\\\/fr\\\/product\\\/demetrios-capsule-200154m\\\/\"]}]},{\"@type\":\"ImageObject\",\"inLanguage\":\"fr-FR\",\"@id\":\"https:\\\/\\\/www.koonings.com\\\/fr\\\/product\\\/demetrios-capsule-200154m\\\/#primaryimage\",\"url\":\"https:\\\/\\\/www.koonings.com\\\/wp-content\\\/uploads\\\/2024\\\/11\\\/39789_35eed11a09fdb516014e0ca6a8216791c02c9a46dc4ba6b6e6ed98faa825cd25c8047d85.jpeg\",\"contentUrl\":\"https:\\\/\\\/www.koonings.com\\\/wp-content\\\/uploads\\\/2024\\\/11\\\/39789_35eed11a09fdb516014e0ca6a8216791c02c9a46dc4ba6b6e6ed98faa825cd25c8047d85.jpeg\",\"width\":300,\"height\":450},{\"@type\":\"BreadcrumbList\",\"@id\":\"https:\\\/\\\/www.koonings.com\\\/fr\\\/product\\\/demetrios-capsule-200154m\\\/#breadcrumb\",\"itemListElement\":[{\"@type\":\"ListItem\",\"position\":1,\"name\":\"Home\",\"item\":\"https:\\\/\\\/www.koonings.com\\\/fr\\\/\"},{\"@type\":\"ListItem\",\"position\":2,\"name\":\"Demetrios Capsule 200154M\"}]},{\"@type\":\"WebSite\",\"@id\":\"https:\\\/\\\/www.koonings.com\\\/fr\\\/#website\",\"url\":\"https:\\\/\\\/www.koonings.com\\\/fr\\\/\",\"name\":\"Koonings\",\"description\":\"De grootste bruidsmodewinkel ter wereld\",\"publisher\":{\"@id\":\"https:\\\/\\\/www.koonings.com\\\/fr\\\/#organization\"},\"potentialAction\":[{\"@type\":\"SearchAction\",\"target\":{\"@type\":\"EntryPoint\",\"urlTemplate\":\"https:\\\/\\\/www.koonings.com\\\/fr\\\/?s={search_term_string}\"},\"query-input\":{\"@type\":\"PropertyValueSpecification\",\"valueRequired\":true,\"valueName\":\"search_term_string\"}}],\"inLanguage\":\"fr-FR\"},{\"@type\":\"Organization\",\"@id\":\"https:\\\/\\\/www.koonings.com\\\/fr\\\/#organization\",\"name\":\"Koonings\",\"url\":\"https:\\\/\\\/www.koonings.com\\\/fr\\\/\",\"logo\":{\"@type\":\"ImageObject\",\"inLanguage\":\"fr-FR\",\"@id\":\"https:\\\/\\\/www.koonings.com\\\/fr\\\/#\\\/schema\\\/logo\\\/image\\\/\",\"url\":\"https:\\\/\\\/www.koonings.com\\\/wp-content\\\/uploads\\\/2024\\\/07\\\/logo.png\",\"contentUrl\":\"https:\\\/\\\/www.koonings.com\\\/wp-content\\\/uploads\\\/2024\\\/07\\\/logo.png\",\"width\":600,\"height\":428,\"caption\":\"Koonings\"},\"image\":{\"@id\":\"https:\\\/\\\/www.koonings.com\\\/fr\\\/#\\\/schema\\\/logo\\\/image\\\/\"},\"sameAs\":[\"https:\\\/\\\/www.facebook.com\\\/kooningstheweddingpalace\",\"https:\\\/\\\/www.instagram.com\\\/kooningstheweddingpalace\",\"https:\\\/\\\/www.pinterest.com\\\/koonings\",\"https:\\\/\\\/www.youtube.com\\\/kooningstheweddingpalace\"]}]}<\/script>\n<!-- \/ Yoast SEO plugin. -->","yoast_head_json":{"title":"Demetrios Capsule 200154M | Koonings","description":"Ce style s\u00e9duisant vous permet de briller, avec un d\u00e9collet\u00e9 en V profond et des bretelles qui s'\u00e9vasent dans un dos bas sexy. Un ruban de satin \u00e0 la taille laisse place \u00e0 une jupe pliss\u00e9e volumineuse avec des boutons pimpants sur la tra\u00eene. Disponible chez Koonings en satin ou en mikado.","robots":{"index":"index","follow":"follow","max-snippet":"max-snippet:-1","max-image-preview":"max-image-preview:large","max-video-preview":"max-video-preview:-1"},"canonical":"https:\/\/www.koonings.com\/fr\/product\/demetrios-capsule-200154m\/","og_locale":"fr_FR","og_type":"article","og_title":"Demetrios Capsule 200154M | Koonings","og_description":"Ce style s\u00e9duisant vous permet de briller, avec un d\u00e9collet\u00e9 en V profond et des bretelles qui s'\u00e9vasent dans un dos bas sexy. Un ruban de satin \u00e0 la taille laisse place \u00e0 une jupe pliss\u00e9e volumineuse avec des boutons pimpants sur la tra\u00eene. Disponible chez Koonings en satin ou en mikado.","og_url":"https:\/\/www.koonings.com\/fr\/product\/demetrios-capsule-200154m\/","og_site_name":"Koonings","article_publisher":"https:\/\/www.facebook.com\/kooningstheweddingpalace","og_image":[{"width":300,"height":450,"url":"https:\/\/www.koonings.com\/wp-content\/uploads\/2024\/11\/39789_35eed11a09fdb516014e0ca6a8216791c02c9a46dc4ba6b6e6ed98faa825cd25c8047d85.jpeg","type":"image\/jpeg"}],"twitter_card":"summary_large_image","schema":{"@context":"https:\/\/schema.org","@graph":[{"@type":"WebPage","@id":"https:\/\/www.koonings.com\/fr\/product\/demetrios-capsule-200154m\/","url":"https:\/\/www.koonings.com\/fr\/product\/demetrios-capsule-200154m\/","name":"Demetrios Capsule 200154M | Koonings","isPartOf":{"@id":"https:\/\/www.koonings.com\/fr\/#website"},"primaryImageOfPage":{"@id":"https:\/\/www.koonings.com\/fr\/product\/demetrios-capsule-200154m\/#primaryimage"},"image":{"@id":"https:\/\/www.koonings.com\/fr\/product\/demetrios-capsule-200154m\/#primaryimage"},"thumbnailUrl":"https:\/\/www.koonings.com\/wp-content\/uploads\/2024\/11\/39789_35eed11a09fdb516014e0ca6a8216791c02c9a46dc4ba6b6e6ed98faa825cd25c8047d85.jpeg","datePublished":"2026-04-14T14:16:31+00:00","description":"Ce style s\u00e9duisant vous permet de briller, avec un d\u00e9collet\u00e9 en V profond et des bretelles qui s'\u00e9vasent dans un dos bas sexy. Un ruban de satin \u00e0 la taille laisse place \u00e0 une jupe pliss\u00e9e volumineuse avec des boutons pimpants sur la tra\u00eene. Disponible chez Koonings en satin ou en mikado.","breadcrumb":{"@id":"https:\/\/www.koonings.com\/fr\/product\/demetrios-capsule-200154m\/#breadcrumb"},"inLanguage":"fr-FR","potentialAction":[{"@type":"ReadAction","target":["https:\/\/www.koonings.com\/fr\/product\/demetrios-capsule-200154m\/"]}]},{"@type":"ImageObject","inLanguage":"fr-FR","@id":"https:\/\/www.koonings.com\/fr\/product\/demetrios-capsule-200154m\/#primaryimage","url":"https:\/\/www.koonings.com\/wp-content\/uploads\/2024\/11\/39789_35eed11a09fdb516014e0ca6a8216791c02c9a46dc4ba6b6e6ed98faa825cd25c8047d85.jpeg","contentUrl":"https:\/\/www.koonings.com\/wp-content\/uploads\/2024\/11\/39789_35eed11a09fdb516014e0ca6a8216791c02c9a46dc4ba6b6e6ed98faa825cd25c8047d85.jpeg","width":300,"height":450},{"@type":"BreadcrumbList","@id":"https:\/\/www.koonings.com\/fr\/product\/demetrios-capsule-200154m\/#breadcrumb","itemListElement":[{"@type":"ListItem","position":1,"name":"Home","item":"https:\/\/www.koonings.com\/fr\/"},{"@type":"ListItem","position":2,"name":"Demetrios Capsule 200154M"}]},{"@type":"WebSite","@id":"https:\/\/www.koonings.com\/fr\/#website","url":"https:\/\/www.koonings.com\/fr\/","name":"Koonings","description":"De grootste bruidsmodewinkel ter wereld","publisher":{"@id":"https:\/\/www.koonings.com\/fr\/#organization"},"potentialAction":[{"@type":"SearchAction","target":{"@type":"EntryPoint","urlTemplate":"https:\/\/www.koonings.com\/fr\/?s={search_term_string}"},"query-input":{"@type":"PropertyValueSpecification","valueRequired":true,"valueName":"search_term_string"}}],"inLanguage":"fr-FR"},{"@type":"Organization","@id":"https:\/\/www.koonings.com\/fr\/#organization","name":"Koonings","url":"https:\/\/www.koonings.com\/fr\/","logo":{"@type":"ImageObject","inLanguage":"fr-FR","@id":"https:\/\/www.koonings.com\/fr\/#\/schema\/logo\/image\/","url":"https:\/\/www.koonings.com\/wp-content\/uploads\/2024\/07\/logo.png","contentUrl":"https:\/\/www.koonings.com\/wp-content\/uploads\/2024\/07\/logo.png","width":600,"height":428,"caption":"Koonings"},"image":{"@id":"https:\/\/www.koonings.com\/fr\/#\/schema\/logo\/image\/"},"sameAs":["https:\/\/www.facebook.com\/kooningstheweddingpalace","https:\/\/www.instagram.com\/kooningstheweddingpalace","https:\/\/www.pinterest.com\/koonings","https:\/\/www.youtube.com\/kooningstheweddingpalace"]}]}},"_links":{"self":[{"href":"https:\/\/www.koonings.com\/fr\/wp-json\/wp\/v2\/product\/57833","targetHints":{"allow":["GET"]}}],"collection":[{"href":"https:\/\/www.koonings.com\/fr\/wp-json\/wp\/v2\/product"}],"about":[{"href":"https:\/\/www.koonings.com\/fr\/wp-json\/wp\/v2\/types\/product"}],"wp:featuredmedia":[{"embeddable":true,"href":"https:\/\/www.koonings.com\/fr\/wp-json\/wp\/v2\/media\/42704"}],"wp:attachment":[{"href":"https:\/\/www.koonings.com\/fr\/wp-json\/wp\/v2\/media?parent=57833"}],"wp:term":[{"taxonomy":"productdetails","embeddable":true,"href":"https:\/\/www.koonings.com\/fr\/wp-json\/wp\/v2\/productdetails?post=57833"},{"taxonomy":"productneck","embeddable":true,"href":"https:\/\/www.koonings.com\/fr\/wp-json\/wp\/v2\/productneck?post=57833"},{"taxonomy":"productcolor","embeddable":true,"href":"https:\/\/www.koonings.com\/fr\/wp-json\/wp\/v2\/productcolor?post=57833"},{"taxonomy":"maat","embeddable":true,"href":"https:\/\/www.koonings.com\/fr\/wp-json\/wp\/v2\/maat?post=57833"},{"taxonomy":"productsupplier","embeddable":true,"href":"https:\/\/www.koonings.com\/fr\/wp-json\/wp\/v2\/productsupplier?post=57833"},{"taxonomy":"productsleeve","embeddable":true,"href":"https:\/\/www.koonings.com\/fr\/wp-json\/wp\/v2\/productsleeve?post=57833"},{"taxonomy":"productcategory","embeddable":true,"href":"https:\/\/www.koonings.com\/fr\/wp-json\/wp\/v2\/productcategory?post=57833"},{"taxonomy":"productsilhouette","embeddable":true,"href":"https:\/\/www.koonings.com\/fr\/wp-json\/wp\/v2\/productsilhouette?post=57833"},{"taxonomy":"productstyle","embeddable":true,"href":"https:\/\/www.koonings.com\/fr\/wp-json\/wp\/v2\/productstyle?post=57833"}],"curies":[{"name":"wp","href":"https:\/\/api.w.org\/{rel}","templated":true}]}}