{"id":57827,"date":"2026-05-06T15:16:07","date_gmt":"2026-05-06T13:16:07","guid":{"rendered":"https:\/\/www.koonings.com\/product\/demetrios-capsule-200157\/"},"modified":"2025-06-05T12:44:36","modified_gmt":"2025-06-05T10:44:36","slug":"demetrios-capsule-200157","status":"publish","type":"product","link":"https:\/\/www.koonings.com\/fr\/product\/demetrios-capsule-200157\/","title":{"rendered":"Demetrios Capsule 200157"},"content":{"rendered":"<p>L\u00e9ger, luxueux et ind\u00e9niablement sensuel, ce mod\u00e8le pr\u00e9sente de d\u00e9licates bretelles spaghetti sur le s\u00e9duisant corset translucide, le corsage en c\u0153ur et le d\u00e9collet\u00e9 profond. Une magnifique dentelle perl\u00e9e sur un tulle somptueux ajoute une allure d\u00e9cadente. <\/p>\n","protected":false},"featured_media":42709,"template":"","meta":{"_acf_changed":false,"ghostkit_customizer_options":"","ghostkit_custom_css":"","ghostkit_custom_js_head":"","ghostkit_custom_js_foot":"","ghostkit_typography":""},"productdetails":[378],"productneck":[356],"productcolor":[392],"maat":[],"productsupplier":[453],"productsleeve":[359],"productcategory":[18],"productsilhouette":[384],"productstyle":[],"class_list":["post-57827","product","type-product","status-publish","has-post-thumbnail","hentry","productdetails-378","productneck-356","productcolor-392","productsupplier-demetrios-capsule","productsleeve-359","productcategory-trouwjurken","productsilhouette-384"],"acf":[],"yoast_head":"<!-- This site is optimized with the Yoast SEO plugin v27.3 - https:\/\/yoast.com\/product\/yoast-seo-wordpress\/ -->\n<title>Demetrios Capsule 200157 | Koonings<\/title>\n<meta name=\"description\" content=\"L\u00e9ger, luxueux et ind\u00e9niablement sensuel, ce mod\u00e8le pr\u00e9sente de d\u00e9licates bretelles spaghetti sur le s\u00e9duisant corset translucide, le corsage en c\u0153ur et le d\u00e9collet\u00e9 profond. Une magnifique dentelle perl\u00e9e sur un tulle somptueux ajoute une allure d\u00e9cadente.\" \/>\n<meta name=\"robots\" content=\"index, follow, max-snippet:-1, max-image-preview:large, max-video-preview:-1\" \/>\n<link rel=\"canonical\" href=\"https:\/\/www.koonings.com\/fr\/product\/demetrios-capsule-200157\/\" \/>\n<meta property=\"og:locale\" content=\"fr_FR\" \/>\n<meta property=\"og:type\" content=\"article\" \/>\n<meta property=\"og:title\" content=\"Demetrios Capsule 200157 | Koonings\" \/>\n<meta property=\"og:description\" content=\"L\u00e9ger, luxueux et ind\u00e9niablement sensuel, ce mod\u00e8le pr\u00e9sente de d\u00e9licates bretelles spaghetti sur le s\u00e9duisant corset translucide, le corsage en c\u0153ur et le d\u00e9collet\u00e9 profond. Une magnifique dentelle perl\u00e9e sur un tulle somptueux ajoute une allure d\u00e9cadente.\" \/>\n<meta property=\"og:url\" content=\"https:\/\/www.koonings.com\/fr\/product\/demetrios-capsule-200157\/\" \/>\n<meta property=\"og:site_name\" content=\"Koonings\" \/>\n<meta property=\"article:publisher\" content=\"https:\/\/www.facebook.com\/kooningstheweddingpalace\" \/>\n<meta property=\"og:image\" content=\"https:\/\/www.koonings.com\/wp-content\/uploads\/2024\/11\/39790_347d3956d352599e5b47fbd056e91e6500ee6174eb4c8b446ad38650621b2ecac4598644-726x1024.jpeg\" \/>\n\t<meta property=\"og:image:width\" content=\"726\" \/>\n\t<meta property=\"og:image:height\" content=\"1024\" \/>\n\t<meta property=\"og:image:type\" content=\"image\/jpeg\" \/>\n<meta name=\"twitter:card\" content=\"summary_large_image\" \/>\n<script type=\"application\/ld+json\" class=\"yoast-schema-graph\">{\"@context\":\"https:\\\/\\\/schema.org\",\"@graph\":[{\"@type\":\"WebPage\",\"@id\":\"https:\\\/\\\/www.koonings.com\\\/fr\\\/product\\\/demetrios-capsule-200157\\\/\",\"url\":\"https:\\\/\\\/www.koonings.com\\\/fr\\\/product\\\/demetrios-capsule-200157\\\/\",\"name\":\"Demetrios Capsule 200157 | Koonings\",\"isPartOf\":{\"@id\":\"https:\\\/\\\/www.koonings.com\\\/fr\\\/#website\"},\"primaryImageOfPage\":{\"@id\":\"https:\\\/\\\/www.koonings.com\\\/fr\\\/product\\\/demetrios-capsule-200157\\\/#primaryimage\"},\"image\":{\"@id\":\"https:\\\/\\\/www.koonings.com\\\/fr\\\/product\\\/demetrios-capsule-200157\\\/#primaryimage\"},\"thumbnailUrl\":\"https:\\\/\\\/www.koonings.com\\\/wp-content\\\/uploads\\\/2024\\\/11\\\/39790_347d3956d352599e5b47fbd056e91e6500ee6174eb4c8b446ad38650621b2ecac4598644.jpeg\",\"datePublished\":\"2026-05-06T13:16:07+00:00\",\"description\":\"L\u00e9ger, luxueux et ind\u00e9niablement sensuel, ce mod\u00e8le pr\u00e9sente de d\u00e9licates bretelles spaghetti sur le s\u00e9duisant corset translucide, le corsage en c\u0153ur et le d\u00e9collet\u00e9 profond. Une magnifique dentelle perl\u00e9e sur un tulle somptueux ajoute une allure d\u00e9cadente.\",\"breadcrumb\":{\"@id\":\"https:\\\/\\\/www.koonings.com\\\/fr\\\/product\\\/demetrios-capsule-200157\\\/#breadcrumb\"},\"inLanguage\":\"fr-FR\",\"potentialAction\":[{\"@type\":\"ReadAction\",\"target\":[\"https:\\\/\\\/www.koonings.com\\\/fr\\\/product\\\/demetrios-capsule-200157\\\/\"]}]},{\"@type\":\"ImageObject\",\"inLanguage\":\"fr-FR\",\"@id\":\"https:\\\/\\\/www.koonings.com\\\/fr\\\/product\\\/demetrios-capsule-200157\\\/#primaryimage\",\"url\":\"https:\\\/\\\/www.koonings.com\\\/wp-content\\\/uploads\\\/2024\\\/11\\\/39790_347d3956d352599e5b47fbd056e91e6500ee6174eb4c8b446ad38650621b2ecac4598644.jpeg\",\"contentUrl\":\"https:\\\/\\\/www.koonings.com\\\/wp-content\\\/uploads\\\/2024\\\/11\\\/39790_347d3956d352599e5b47fbd056e91e6500ee6174eb4c8b446ad38650621b2ecac4598644.jpeg\",\"width\":1746,\"height\":2463},{\"@type\":\"BreadcrumbList\",\"@id\":\"https:\\\/\\\/www.koonings.com\\\/fr\\\/product\\\/demetrios-capsule-200157\\\/#breadcrumb\",\"itemListElement\":[{\"@type\":\"ListItem\",\"position\":1,\"name\":\"Home\",\"item\":\"https:\\\/\\\/www.koonings.com\\\/fr\\\/\"},{\"@type\":\"ListItem\",\"position\":2,\"name\":\"Demetrios Capsule 200157\"}]},{\"@type\":\"WebSite\",\"@id\":\"https:\\\/\\\/www.koonings.com\\\/fr\\\/#website\",\"url\":\"https:\\\/\\\/www.koonings.com\\\/fr\\\/\",\"name\":\"Koonings\",\"description\":\"De grootste bruidsmodewinkel ter wereld\",\"publisher\":{\"@id\":\"https:\\\/\\\/www.koonings.com\\\/fr\\\/#organization\"},\"potentialAction\":[{\"@type\":\"SearchAction\",\"target\":{\"@type\":\"EntryPoint\",\"urlTemplate\":\"https:\\\/\\\/www.koonings.com\\\/fr\\\/?s={search_term_string}\"},\"query-input\":{\"@type\":\"PropertyValueSpecification\",\"valueRequired\":true,\"valueName\":\"search_term_string\"}}],\"inLanguage\":\"fr-FR\"},{\"@type\":\"Organization\",\"@id\":\"https:\\\/\\\/www.koonings.com\\\/fr\\\/#organization\",\"name\":\"Koonings\",\"url\":\"https:\\\/\\\/www.koonings.com\\\/fr\\\/\",\"logo\":{\"@type\":\"ImageObject\",\"inLanguage\":\"fr-FR\",\"@id\":\"https:\\\/\\\/www.koonings.com\\\/fr\\\/#\\\/schema\\\/logo\\\/image\\\/\",\"url\":\"https:\\\/\\\/www.koonings.com\\\/wp-content\\\/uploads\\\/2024\\\/07\\\/logo.png\",\"contentUrl\":\"https:\\\/\\\/www.koonings.com\\\/wp-content\\\/uploads\\\/2024\\\/07\\\/logo.png\",\"width\":600,\"height\":428,\"caption\":\"Koonings\"},\"image\":{\"@id\":\"https:\\\/\\\/www.koonings.com\\\/fr\\\/#\\\/schema\\\/logo\\\/image\\\/\"},\"sameAs\":[\"https:\\\/\\\/www.facebook.com\\\/kooningstheweddingpalace\",\"https:\\\/\\\/www.instagram.com\\\/kooningstheweddingpalace\",\"https:\\\/\\\/www.pinterest.com\\\/koonings\",\"https:\\\/\\\/www.youtube.com\\\/kooningstheweddingpalace\"]}]}<\/script>\n<!-- \/ Yoast SEO plugin. -->","yoast_head_json":{"title":"Demetrios Capsule 200157 | Koonings","description":"L\u00e9ger, luxueux et ind\u00e9niablement sensuel, ce mod\u00e8le pr\u00e9sente de d\u00e9licates bretelles spaghetti sur le s\u00e9duisant corset translucide, le corsage en c\u0153ur et le d\u00e9collet\u00e9 profond. Une magnifique dentelle perl\u00e9e sur un tulle somptueux ajoute une allure d\u00e9cadente.","robots":{"index":"index","follow":"follow","max-snippet":"max-snippet:-1","max-image-preview":"max-image-preview:large","max-video-preview":"max-video-preview:-1"},"canonical":"https:\/\/www.koonings.com\/fr\/product\/demetrios-capsule-200157\/","og_locale":"fr_FR","og_type":"article","og_title":"Demetrios Capsule 200157 | Koonings","og_description":"L\u00e9ger, luxueux et ind\u00e9niablement sensuel, ce mod\u00e8le pr\u00e9sente de d\u00e9licates bretelles spaghetti sur le s\u00e9duisant corset translucide, le corsage en c\u0153ur et le d\u00e9collet\u00e9 profond. Une magnifique dentelle perl\u00e9e sur un tulle somptueux ajoute une allure d\u00e9cadente.","og_url":"https:\/\/www.koonings.com\/fr\/product\/demetrios-capsule-200157\/","og_site_name":"Koonings","article_publisher":"https:\/\/www.facebook.com\/kooningstheweddingpalace","og_image":[{"width":726,"height":1024,"url":"https:\/\/www.koonings.com\/wp-content\/uploads\/2024\/11\/39790_347d3956d352599e5b47fbd056e91e6500ee6174eb4c8b446ad38650621b2ecac4598644-726x1024.jpeg","type":"image\/jpeg"}],"twitter_card":"summary_large_image","schema":{"@context":"https:\/\/schema.org","@graph":[{"@type":"WebPage","@id":"https:\/\/www.koonings.com\/fr\/product\/demetrios-capsule-200157\/","url":"https:\/\/www.koonings.com\/fr\/product\/demetrios-capsule-200157\/","name":"Demetrios Capsule 200157 | Koonings","isPartOf":{"@id":"https:\/\/www.koonings.com\/fr\/#website"},"primaryImageOfPage":{"@id":"https:\/\/www.koonings.com\/fr\/product\/demetrios-capsule-200157\/#primaryimage"},"image":{"@id":"https:\/\/www.koonings.com\/fr\/product\/demetrios-capsule-200157\/#primaryimage"},"thumbnailUrl":"https:\/\/www.koonings.com\/wp-content\/uploads\/2024\/11\/39790_347d3956d352599e5b47fbd056e91e6500ee6174eb4c8b446ad38650621b2ecac4598644.jpeg","datePublished":"2026-05-06T13:16:07+00:00","description":"L\u00e9ger, luxueux et ind\u00e9niablement sensuel, ce mod\u00e8le pr\u00e9sente de d\u00e9licates bretelles spaghetti sur le s\u00e9duisant corset translucide, le corsage en c\u0153ur et le d\u00e9collet\u00e9 profond. Une magnifique dentelle perl\u00e9e sur un tulle somptueux ajoute une allure d\u00e9cadente.","breadcrumb":{"@id":"https:\/\/www.koonings.com\/fr\/product\/demetrios-capsule-200157\/#breadcrumb"},"inLanguage":"fr-FR","potentialAction":[{"@type":"ReadAction","target":["https:\/\/www.koonings.com\/fr\/product\/demetrios-capsule-200157\/"]}]},{"@type":"ImageObject","inLanguage":"fr-FR","@id":"https:\/\/www.koonings.com\/fr\/product\/demetrios-capsule-200157\/#primaryimage","url":"https:\/\/www.koonings.com\/wp-content\/uploads\/2024\/11\/39790_347d3956d352599e5b47fbd056e91e6500ee6174eb4c8b446ad38650621b2ecac4598644.jpeg","contentUrl":"https:\/\/www.koonings.com\/wp-content\/uploads\/2024\/11\/39790_347d3956d352599e5b47fbd056e91e6500ee6174eb4c8b446ad38650621b2ecac4598644.jpeg","width":1746,"height":2463},{"@type":"BreadcrumbList","@id":"https:\/\/www.koonings.com\/fr\/product\/demetrios-capsule-200157\/#breadcrumb","itemListElement":[{"@type":"ListItem","position":1,"name":"Home","item":"https:\/\/www.koonings.com\/fr\/"},{"@type":"ListItem","position":2,"name":"Demetrios Capsule 200157"}]},{"@type":"WebSite","@id":"https:\/\/www.koonings.com\/fr\/#website","url":"https:\/\/www.koonings.com\/fr\/","name":"Koonings","description":"De grootste bruidsmodewinkel ter wereld","publisher":{"@id":"https:\/\/www.koonings.com\/fr\/#organization"},"potentialAction":[{"@type":"SearchAction","target":{"@type":"EntryPoint","urlTemplate":"https:\/\/www.koonings.com\/fr\/?s={search_term_string}"},"query-input":{"@type":"PropertyValueSpecification","valueRequired":true,"valueName":"search_term_string"}}],"inLanguage":"fr-FR"},{"@type":"Organization","@id":"https:\/\/www.koonings.com\/fr\/#organization","name":"Koonings","url":"https:\/\/www.koonings.com\/fr\/","logo":{"@type":"ImageObject","inLanguage":"fr-FR","@id":"https:\/\/www.koonings.com\/fr\/#\/schema\/logo\/image\/","url":"https:\/\/www.koonings.com\/wp-content\/uploads\/2024\/07\/logo.png","contentUrl":"https:\/\/www.koonings.com\/wp-content\/uploads\/2024\/07\/logo.png","width":600,"height":428,"caption":"Koonings"},"image":{"@id":"https:\/\/www.koonings.com\/fr\/#\/schema\/logo\/image\/"},"sameAs":["https:\/\/www.facebook.com\/kooningstheweddingpalace","https:\/\/www.instagram.com\/kooningstheweddingpalace","https:\/\/www.pinterest.com\/koonings","https:\/\/www.youtube.com\/kooningstheweddingpalace"]}]}},"_links":{"self":[{"href":"https:\/\/www.koonings.com\/fr\/wp-json\/wp\/v2\/product\/57827","targetHints":{"allow":["GET"]}}],"collection":[{"href":"https:\/\/www.koonings.com\/fr\/wp-json\/wp\/v2\/product"}],"about":[{"href":"https:\/\/www.koonings.com\/fr\/wp-json\/wp\/v2\/types\/product"}],"wp:featuredmedia":[{"embeddable":true,"href":"https:\/\/www.koonings.com\/fr\/wp-json\/wp\/v2\/media\/42709"}],"wp:attachment":[{"href":"https:\/\/www.koonings.com\/fr\/wp-json\/wp\/v2\/media?parent=57827"}],"wp:term":[{"taxonomy":"productdetails","embeddable":true,"href":"https:\/\/www.koonings.com\/fr\/wp-json\/wp\/v2\/productdetails?post=57827"},{"taxonomy":"productneck","embeddable":true,"href":"https:\/\/www.koonings.com\/fr\/wp-json\/wp\/v2\/productneck?post=57827"},{"taxonomy":"productcolor","embeddable":true,"href":"https:\/\/www.koonings.com\/fr\/wp-json\/wp\/v2\/productcolor?post=57827"},{"taxonomy":"maat","embeddable":true,"href":"https:\/\/www.koonings.com\/fr\/wp-json\/wp\/v2\/maat?post=57827"},{"taxonomy":"productsupplier","embeddable":true,"href":"https:\/\/www.koonings.com\/fr\/wp-json\/wp\/v2\/productsupplier?post=57827"},{"taxonomy":"productsleeve","embeddable":true,"href":"https:\/\/www.koonings.com\/fr\/wp-json\/wp\/v2\/productsleeve?post=57827"},{"taxonomy":"productcategory","embeddable":true,"href":"https:\/\/www.koonings.com\/fr\/wp-json\/wp\/v2\/productcategory?post=57827"},{"taxonomy":"productsilhouette","embeddable":true,"href":"https:\/\/www.koonings.com\/fr\/wp-json\/wp\/v2\/productsilhouette?post=57827"},{"taxonomy":"productstyle","embeddable":true,"href":"https:\/\/www.koonings.com\/fr\/wp-json\/wp\/v2\/productstyle?post=57827"}],"curies":[{"name":"wp","href":"https:\/\/api.w.org\/{rel}","templated":true}]}}