{"id":57826,"date":"2025-12-15T00:26:30","date_gmt":"2025-12-14T23:26:30","guid":{"rendered":"https:\/\/www.koonings.com\/product\/demetrios-capsule-200160\/"},"modified":"2026-02-03T18:32:49","modified_gmt":"2026-02-03T17:32:49","slug":"demetrios-capsule-200160","status":"publish","type":"product","link":"https:\/\/www.koonings.com\/fr\/product\/demetrios-capsule-200160\/","title":{"rendered":"Capsule Demetrios 200160"},"content":{"rendered":"<p>Agr\u00e9ment\u00e9e d&#8217;un magnifique m\u00e9lange de tulle scintillant et de dentelle perl\u00e9e, cette robe de mari\u00e9e trouve l&#8217;\u00e9quilibre parfait entre le romantisme contemporain et le glamour vintage. Les somptueuses manches \u00e9piscopales mettent en valeur le s\u00e9duisant corsage \u00e0 encolure en V profond et le dos bas. Une jupe \u00e9th\u00e9r\u00e9e en ligne A se transforme en une jupe chapelle s\u00e9duisante.  <\/p>\n","protected":false},"featured_media":42731,"template":"","meta":{"_acf_changed":false,"ghostkit_customizer_options":"","ghostkit_custom_css":"","ghostkit_custom_js_head":"","ghostkit_custom_js_foot":"","ghostkit_typography":""},"productdetails":[379,380],"productneck":[356],"productcolor":[392],"maat":[],"productsupplier":[453],"productsleeve":[362],"productcategory":[18],"productsilhouette":[384],"productstyle":[],"class_list":["post-57826","product","type-product","status-publish","has-post-thumbnail","hentry","productdetails-379","productdetails-380","productneck-356","productcolor-392","productsupplier-demetrios-capsule","productsleeve-362","productcategory-trouwjurken","productsilhouette-384"],"acf":[],"yoast_head":"<!-- This site is optimized with the Yoast SEO plugin v27.3 - https:\/\/yoast.com\/product\/yoast-seo-wordpress\/ -->\n<title>Capsule Demetrios 200160 | Koonings<\/title>\n<meta name=\"description\" content=\"Agr\u00e9ment\u00e9e d&#039;un magnifique m\u00e9lange de tulle scintillant et de dentelle perl\u00e9e, cette robe de mari\u00e9e trouve l&#039;\u00e9quilibre parfait entre le romantisme contemporain et le glamour vintage. Les somptueuses manches \u00e9piscopales mettent en valeur le s\u00e9duisant corsage \u00e0 encolure en V profond et le dos bas. Une jupe \u00e9th\u00e9r\u00e9e en ligne A se transforme en une jupe chapelle s\u00e9duisante.\" \/>\n<meta name=\"robots\" content=\"index, follow, max-snippet:-1, max-image-preview:large, max-video-preview:-1\" \/>\n<link rel=\"canonical\" href=\"https:\/\/www.koonings.com\/fr\/product\/demetrios-capsule-200160\/\" \/>\n<meta property=\"og:locale\" content=\"fr_FR\" \/>\n<meta property=\"og:type\" content=\"article\" \/>\n<meta property=\"og:title\" content=\"Capsule Demetrios 200160 | Koonings\" \/>\n<meta property=\"og:description\" content=\"Agr\u00e9ment\u00e9e d&#039;un magnifique m\u00e9lange de tulle scintillant et de dentelle perl\u00e9e, cette robe de mari\u00e9e trouve l&#039;\u00e9quilibre parfait entre le romantisme contemporain et le glamour vintage. Les somptueuses manches \u00e9piscopales mettent en valeur le s\u00e9duisant corsage \u00e0 encolure en V profond et le dos bas. Une jupe \u00e9th\u00e9r\u00e9e en ligne A se transforme en une jupe chapelle s\u00e9duisante.\" \/>\n<meta property=\"og:url\" content=\"https:\/\/www.koonings.com\/fr\/product\/demetrios-capsule-200160\/\" \/>\n<meta property=\"og:site_name\" content=\"Koonings\" \/>\n<meta property=\"article:publisher\" content=\"https:\/\/www.facebook.com\/kooningstheweddingpalace\" \/>\n<meta property=\"article:modified_time\" content=\"2026-02-03T17:32:49+00:00\" \/>\n<meta property=\"og:image\" content=\"https:\/\/www.koonings.com\/wp-content\/uploads\/2024\/11\/39792_30979df4bf07b531bbf55c07c22d90148129fba64718d7a26d44ee5ceb02611e2813199d-726x1024.jpeg\" \/>\n\t<meta property=\"og:image:width\" content=\"726\" \/>\n\t<meta property=\"og:image:height\" content=\"1024\" \/>\n\t<meta property=\"og:image:type\" content=\"image\/jpeg\" \/>\n<meta name=\"twitter:card\" content=\"summary_large_image\" \/>\n<script type=\"application\/ld+json\" class=\"yoast-schema-graph\">{\"@context\":\"https:\\\/\\\/schema.org\",\"@graph\":[{\"@type\":\"WebPage\",\"@id\":\"https:\\\/\\\/www.koonings.com\\\/fr\\\/product\\\/demetrios-capsule-200160\\\/\",\"url\":\"https:\\\/\\\/www.koonings.com\\\/fr\\\/product\\\/demetrios-capsule-200160\\\/\",\"name\":\"Capsule Demetrios 200160 | Koonings\",\"isPartOf\":{\"@id\":\"https:\\\/\\\/www.koonings.com\\\/fr\\\/#website\"},\"primaryImageOfPage\":{\"@id\":\"https:\\\/\\\/www.koonings.com\\\/fr\\\/product\\\/demetrios-capsule-200160\\\/#primaryimage\"},\"image\":{\"@id\":\"https:\\\/\\\/www.koonings.com\\\/fr\\\/product\\\/demetrios-capsule-200160\\\/#primaryimage\"},\"thumbnailUrl\":\"https:\\\/\\\/www.koonings.com\\\/wp-content\\\/uploads\\\/2024\\\/11\\\/39792_30979df4bf07b531bbf55c07c22d90148129fba64718d7a26d44ee5ceb02611e2813199d.jpeg\",\"datePublished\":\"2025-12-14T23:26:30+00:00\",\"dateModified\":\"2026-02-03T17:32:49+00:00\",\"description\":\"Agr\u00e9ment\u00e9e d'un magnifique m\u00e9lange de tulle scintillant et de dentelle perl\u00e9e, cette robe de mari\u00e9e trouve l'\u00e9quilibre parfait entre le romantisme contemporain et le glamour vintage. Les somptueuses manches \u00e9piscopales mettent en valeur le s\u00e9duisant corsage \u00e0 encolure en V profond et le dos bas. Une jupe \u00e9th\u00e9r\u00e9e en ligne A se transforme en une jupe chapelle s\u00e9duisante.\",\"breadcrumb\":{\"@id\":\"https:\\\/\\\/www.koonings.com\\\/fr\\\/product\\\/demetrios-capsule-200160\\\/#breadcrumb\"},\"inLanguage\":\"fr-FR\",\"potentialAction\":[{\"@type\":\"ReadAction\",\"target\":[\"https:\\\/\\\/www.koonings.com\\\/fr\\\/product\\\/demetrios-capsule-200160\\\/\"]}]},{\"@type\":\"ImageObject\",\"inLanguage\":\"fr-FR\",\"@id\":\"https:\\\/\\\/www.koonings.com\\\/fr\\\/product\\\/demetrios-capsule-200160\\\/#primaryimage\",\"url\":\"https:\\\/\\\/www.koonings.com\\\/wp-content\\\/uploads\\\/2024\\\/11\\\/39792_30979df4bf07b531bbf55c07c22d90148129fba64718d7a26d44ee5ceb02611e2813199d.jpeg\",\"contentUrl\":\"https:\\\/\\\/www.koonings.com\\\/wp-content\\\/uploads\\\/2024\\\/11\\\/39792_30979df4bf07b531bbf55c07c22d90148129fba64718d7a26d44ee5ceb02611e2813199d.jpeg\",\"width\":1686,\"height\":2378},{\"@type\":\"BreadcrumbList\",\"@id\":\"https:\\\/\\\/www.koonings.com\\\/fr\\\/product\\\/demetrios-capsule-200160\\\/#breadcrumb\",\"itemListElement\":[{\"@type\":\"ListItem\",\"position\":1,\"name\":\"Home\",\"item\":\"https:\\\/\\\/www.koonings.com\\\/fr\\\/\"},{\"@type\":\"ListItem\",\"position\":2,\"name\":\"Capsule Demetrios 200160\"}]},{\"@type\":\"WebSite\",\"@id\":\"https:\\\/\\\/www.koonings.com\\\/fr\\\/#website\",\"url\":\"https:\\\/\\\/www.koonings.com\\\/fr\\\/\",\"name\":\"Koonings\",\"description\":\"De grootste bruidsmodewinkel ter wereld\",\"publisher\":{\"@id\":\"https:\\\/\\\/www.koonings.com\\\/fr\\\/#organization\"},\"potentialAction\":[{\"@type\":\"SearchAction\",\"target\":{\"@type\":\"EntryPoint\",\"urlTemplate\":\"https:\\\/\\\/www.koonings.com\\\/fr\\\/?s={search_term_string}\"},\"query-input\":{\"@type\":\"PropertyValueSpecification\",\"valueRequired\":true,\"valueName\":\"search_term_string\"}}],\"inLanguage\":\"fr-FR\"},{\"@type\":\"Organization\",\"@id\":\"https:\\\/\\\/www.koonings.com\\\/fr\\\/#organization\",\"name\":\"Koonings\",\"url\":\"https:\\\/\\\/www.koonings.com\\\/fr\\\/\",\"logo\":{\"@type\":\"ImageObject\",\"inLanguage\":\"fr-FR\",\"@id\":\"https:\\\/\\\/www.koonings.com\\\/fr\\\/#\\\/schema\\\/logo\\\/image\\\/\",\"url\":\"https:\\\/\\\/www.koonings.com\\\/wp-content\\\/uploads\\\/2024\\\/07\\\/logo.png\",\"contentUrl\":\"https:\\\/\\\/www.koonings.com\\\/wp-content\\\/uploads\\\/2024\\\/07\\\/logo.png\",\"width\":600,\"height\":428,\"caption\":\"Koonings\"},\"image\":{\"@id\":\"https:\\\/\\\/www.koonings.com\\\/fr\\\/#\\\/schema\\\/logo\\\/image\\\/\"},\"sameAs\":[\"https:\\\/\\\/www.facebook.com\\\/kooningstheweddingpalace\",\"https:\\\/\\\/www.instagram.com\\\/kooningstheweddingpalace\",\"https:\\\/\\\/www.pinterest.com\\\/koonings\",\"https:\\\/\\\/www.youtube.com\\\/kooningstheweddingpalace\"]}]}<\/script>\n<!-- \/ Yoast SEO plugin. -->","yoast_head_json":{"title":"Capsule Demetrios 200160 | Koonings","description":"Agr\u00e9ment\u00e9e d'un magnifique m\u00e9lange de tulle scintillant et de dentelle perl\u00e9e, cette robe de mari\u00e9e trouve l'\u00e9quilibre parfait entre le romantisme contemporain et le glamour vintage. Les somptueuses manches \u00e9piscopales mettent en valeur le s\u00e9duisant corsage \u00e0 encolure en V profond et le dos bas. Une jupe \u00e9th\u00e9r\u00e9e en ligne A se transforme en une jupe chapelle s\u00e9duisante.","robots":{"index":"index","follow":"follow","max-snippet":"max-snippet:-1","max-image-preview":"max-image-preview:large","max-video-preview":"max-video-preview:-1"},"canonical":"https:\/\/www.koonings.com\/fr\/product\/demetrios-capsule-200160\/","og_locale":"fr_FR","og_type":"article","og_title":"Capsule Demetrios 200160 | Koonings","og_description":"Agr\u00e9ment\u00e9e d'un magnifique m\u00e9lange de tulle scintillant et de dentelle perl\u00e9e, cette robe de mari\u00e9e trouve l'\u00e9quilibre parfait entre le romantisme contemporain et le glamour vintage. Les somptueuses manches \u00e9piscopales mettent en valeur le s\u00e9duisant corsage \u00e0 encolure en V profond et le dos bas. Une jupe \u00e9th\u00e9r\u00e9e en ligne A se transforme en une jupe chapelle s\u00e9duisante.","og_url":"https:\/\/www.koonings.com\/fr\/product\/demetrios-capsule-200160\/","og_site_name":"Koonings","article_publisher":"https:\/\/www.facebook.com\/kooningstheweddingpalace","article_modified_time":"2026-02-03T17:32:49+00:00","og_image":[{"width":726,"height":1024,"url":"https:\/\/www.koonings.com\/wp-content\/uploads\/2024\/11\/39792_30979df4bf07b531bbf55c07c22d90148129fba64718d7a26d44ee5ceb02611e2813199d-726x1024.jpeg","type":"image\/jpeg"}],"twitter_card":"summary_large_image","schema":{"@context":"https:\/\/schema.org","@graph":[{"@type":"WebPage","@id":"https:\/\/www.koonings.com\/fr\/product\/demetrios-capsule-200160\/","url":"https:\/\/www.koonings.com\/fr\/product\/demetrios-capsule-200160\/","name":"Capsule Demetrios 200160 | Koonings","isPartOf":{"@id":"https:\/\/www.koonings.com\/fr\/#website"},"primaryImageOfPage":{"@id":"https:\/\/www.koonings.com\/fr\/product\/demetrios-capsule-200160\/#primaryimage"},"image":{"@id":"https:\/\/www.koonings.com\/fr\/product\/demetrios-capsule-200160\/#primaryimage"},"thumbnailUrl":"https:\/\/www.koonings.com\/wp-content\/uploads\/2024\/11\/39792_30979df4bf07b531bbf55c07c22d90148129fba64718d7a26d44ee5ceb02611e2813199d.jpeg","datePublished":"2025-12-14T23:26:30+00:00","dateModified":"2026-02-03T17:32:49+00:00","description":"Agr\u00e9ment\u00e9e d'un magnifique m\u00e9lange de tulle scintillant et de dentelle perl\u00e9e, cette robe de mari\u00e9e trouve l'\u00e9quilibre parfait entre le romantisme contemporain et le glamour vintage. Les somptueuses manches \u00e9piscopales mettent en valeur le s\u00e9duisant corsage \u00e0 encolure en V profond et le dos bas. Une jupe \u00e9th\u00e9r\u00e9e en ligne A se transforme en une jupe chapelle s\u00e9duisante.","breadcrumb":{"@id":"https:\/\/www.koonings.com\/fr\/product\/demetrios-capsule-200160\/#breadcrumb"},"inLanguage":"fr-FR","potentialAction":[{"@type":"ReadAction","target":["https:\/\/www.koonings.com\/fr\/product\/demetrios-capsule-200160\/"]}]},{"@type":"ImageObject","inLanguage":"fr-FR","@id":"https:\/\/www.koonings.com\/fr\/product\/demetrios-capsule-200160\/#primaryimage","url":"https:\/\/www.koonings.com\/wp-content\/uploads\/2024\/11\/39792_30979df4bf07b531bbf55c07c22d90148129fba64718d7a26d44ee5ceb02611e2813199d.jpeg","contentUrl":"https:\/\/www.koonings.com\/wp-content\/uploads\/2024\/11\/39792_30979df4bf07b531bbf55c07c22d90148129fba64718d7a26d44ee5ceb02611e2813199d.jpeg","width":1686,"height":2378},{"@type":"BreadcrumbList","@id":"https:\/\/www.koonings.com\/fr\/product\/demetrios-capsule-200160\/#breadcrumb","itemListElement":[{"@type":"ListItem","position":1,"name":"Home","item":"https:\/\/www.koonings.com\/fr\/"},{"@type":"ListItem","position":2,"name":"Capsule Demetrios 200160"}]},{"@type":"WebSite","@id":"https:\/\/www.koonings.com\/fr\/#website","url":"https:\/\/www.koonings.com\/fr\/","name":"Koonings","description":"De grootste bruidsmodewinkel ter wereld","publisher":{"@id":"https:\/\/www.koonings.com\/fr\/#organization"},"potentialAction":[{"@type":"SearchAction","target":{"@type":"EntryPoint","urlTemplate":"https:\/\/www.koonings.com\/fr\/?s={search_term_string}"},"query-input":{"@type":"PropertyValueSpecification","valueRequired":true,"valueName":"search_term_string"}}],"inLanguage":"fr-FR"},{"@type":"Organization","@id":"https:\/\/www.koonings.com\/fr\/#organization","name":"Koonings","url":"https:\/\/www.koonings.com\/fr\/","logo":{"@type":"ImageObject","inLanguage":"fr-FR","@id":"https:\/\/www.koonings.com\/fr\/#\/schema\/logo\/image\/","url":"https:\/\/www.koonings.com\/wp-content\/uploads\/2024\/07\/logo.png","contentUrl":"https:\/\/www.koonings.com\/wp-content\/uploads\/2024\/07\/logo.png","width":600,"height":428,"caption":"Koonings"},"image":{"@id":"https:\/\/www.koonings.com\/fr\/#\/schema\/logo\/image\/"},"sameAs":["https:\/\/www.facebook.com\/kooningstheweddingpalace","https:\/\/www.instagram.com\/kooningstheweddingpalace","https:\/\/www.pinterest.com\/koonings","https:\/\/www.youtube.com\/kooningstheweddingpalace"]}]}},"_links":{"self":[{"href":"https:\/\/www.koonings.com\/fr\/wp-json\/wp\/v2\/product\/57826","targetHints":{"allow":["GET"]}}],"collection":[{"href":"https:\/\/www.koonings.com\/fr\/wp-json\/wp\/v2\/product"}],"about":[{"href":"https:\/\/www.koonings.com\/fr\/wp-json\/wp\/v2\/types\/product"}],"wp:featuredmedia":[{"embeddable":true,"href":"https:\/\/www.koonings.com\/fr\/wp-json\/wp\/v2\/media\/42731"}],"wp:attachment":[{"href":"https:\/\/www.koonings.com\/fr\/wp-json\/wp\/v2\/media?parent=57826"}],"wp:term":[{"taxonomy":"productdetails","embeddable":true,"href":"https:\/\/www.koonings.com\/fr\/wp-json\/wp\/v2\/productdetails?post=57826"},{"taxonomy":"productneck","embeddable":true,"href":"https:\/\/www.koonings.com\/fr\/wp-json\/wp\/v2\/productneck?post=57826"},{"taxonomy":"productcolor","embeddable":true,"href":"https:\/\/www.koonings.com\/fr\/wp-json\/wp\/v2\/productcolor?post=57826"},{"taxonomy":"maat","embeddable":true,"href":"https:\/\/www.koonings.com\/fr\/wp-json\/wp\/v2\/maat?post=57826"},{"taxonomy":"productsupplier","embeddable":true,"href":"https:\/\/www.koonings.com\/fr\/wp-json\/wp\/v2\/productsupplier?post=57826"},{"taxonomy":"productsleeve","embeddable":true,"href":"https:\/\/www.koonings.com\/fr\/wp-json\/wp\/v2\/productsleeve?post=57826"},{"taxonomy":"productcategory","embeddable":true,"href":"https:\/\/www.koonings.com\/fr\/wp-json\/wp\/v2\/productcategory?post=57826"},{"taxonomy":"productsilhouette","embeddable":true,"href":"https:\/\/www.koonings.com\/fr\/wp-json\/wp\/v2\/productsilhouette?post=57826"},{"taxonomy":"productstyle","embeddable":true,"href":"https:\/\/www.koonings.com\/fr\/wp-json\/wp\/v2\/productstyle?post=57826"}],"curies":[{"name":"wp","href":"https:\/\/api.w.org\/{rel}","templated":true}]}}