{"id":57777,"date":"2026-04-28T18:12:24","date_gmt":"2026-04-28T16:12:24","guid":{"rendered":"https:\/\/www.koonings.com\/product\/white-one-by-st-patrick-groovy-w1124cj1\/"},"modified":"2026-02-16T14:37:44","modified_gmt":"2026-02-16T13:37:44","slug":"white-one-by-st-patrick-groovy-w1124cj1","status":"publish","type":"product","link":"https:\/\/www.koonings.com\/fr\/product\/white-one-by-st-patrick-groovy-w1124cj1\/","title":{"rendered":"White One by St. Patrick Groovy W1124CJ1"},"content":{"rendered":"<p>Cette \u00e9l\u00e9gante robe de mari\u00e9e en dentelle attirera tous les regards lors de votre grand jour. La silhouette de sir\u00e8ne sophistiqu\u00e9e suit vos courbes naturelles, tandis que le d\u00e9collet\u00e9 en V, les d\u00e9coupes lat\u00e9rales transparentes et le dos ouvert spectaculaire accentuent la silhouette et ajoutent une touche sexy. <\/p>\n","protected":false},"featured_media":39013,"template":"","meta":{"_acf_changed":false,"ghostkit_customizer_options":"","ghostkit_custom_css":"","ghostkit_custom_js_head":"","ghostkit_custom_js_foot":"","ghostkit_typography":""},"productdetails":[],"productneck":[356],"productcolor":[393],"maat":[],"productsupplier":[420],"productsleeve":[359],"productcategory":[18],"productsilhouette":[387],"productstyle":[],"class_list":["post-57777","product","type-product","status-publish","has-post-thumbnail","hentry","productneck-356","productcolor-393","productsupplier-white-one-by-st-patrick","productsleeve-359","productcategory-trouwjurken","productsilhouette-387"],"acf":[],"yoast_head":"<!-- This site is optimized with the Yoast SEO plugin v27.3 - https:\/\/yoast.com\/product\/yoast-seo-wordpress\/ -->\n<title>White One by St. Patrick Groovy W1124CJ1 | Koonings<\/title>\n<meta name=\"description\" content=\"Cette \u00e9l\u00e9gante robe de mari\u00e9e en dentelle attirera tous les regards lors de votre grand jour. La silhouette de sir\u00e8ne sophistiqu\u00e9e suit vos courbes naturelles, tandis que le d\u00e9collet\u00e9 en V, les d\u00e9coupes lat\u00e9rales transparentes et le dos ouvert spectaculaire accentuent la silhouette et ajoutent une touche sexy.\" \/>\n<meta name=\"robots\" content=\"index, follow, max-snippet:-1, max-image-preview:large, max-video-preview:-1\" \/>\n<link rel=\"canonical\" href=\"https:\/\/www.koonings.com\/fr\/product\/white-one-by-st-patrick-groovy-w1124cj1\/\" \/>\n<meta property=\"og:locale\" content=\"fr_FR\" \/>\n<meta property=\"og:type\" content=\"article\" \/>\n<meta property=\"og:title\" content=\"White One by St. Patrick Groovy W1124CJ1 | Koonings\" \/>\n<meta property=\"og:description\" content=\"Cette \u00e9l\u00e9gante robe de mari\u00e9e en dentelle attirera tous les regards lors de votre grand jour. La silhouette de sir\u00e8ne sophistiqu\u00e9e suit vos courbes naturelles, tandis que le d\u00e9collet\u00e9 en V, les d\u00e9coupes lat\u00e9rales transparentes et le dos ouvert spectaculaire accentuent la silhouette et ajoutent une touche sexy.\" \/>\n<meta property=\"og:url\" content=\"https:\/\/www.koonings.com\/fr\/product\/white-one-by-st-patrick-groovy-w1124cj1\/\" \/>\n<meta property=\"og:site_name\" content=\"Koonings\" \/>\n<meta property=\"article:publisher\" content=\"https:\/\/www.facebook.com\/kooningstheweddingpalace\" \/>\n<meta property=\"og:image\" content=\"https:\/\/www.koonings.com\/wp-content\/uploads\/2024\/11\/39190_137cc5d10293a1a8d1891c53dd9da9baf266148dee8ffe53b4bbab4b6e5f7196096ca350-scaled.jpeg\" \/>\n\t<meta property=\"og:image:width\" content=\"1810\" \/>\n\t<meta property=\"og:image:height\" content=\"2560\" \/>\n\t<meta property=\"og:image:type\" content=\"image\/jpeg\" \/>\n<meta name=\"twitter:card\" content=\"summary_large_image\" \/>\n<script type=\"application\/ld+json\" class=\"yoast-schema-graph\">{\"@context\":\"https:\\\/\\\/schema.org\",\"@graph\":[{\"@type\":\"WebPage\",\"@id\":\"https:\\\/\\\/www.koonings.com\\\/fr\\\/product\\\/white-one-by-st-patrick-groovy-w1124cj1\\\/\",\"url\":\"https:\\\/\\\/www.koonings.com\\\/fr\\\/product\\\/white-one-by-st-patrick-groovy-w1124cj1\\\/\",\"name\":\"White One by St. Patrick Groovy W1124CJ1 | Koonings\",\"isPartOf\":{\"@id\":\"https:\\\/\\\/www.koonings.com\\\/fr\\\/#website\"},\"primaryImageOfPage\":{\"@id\":\"https:\\\/\\\/www.koonings.com\\\/fr\\\/product\\\/white-one-by-st-patrick-groovy-w1124cj1\\\/#primaryimage\"},\"image\":{\"@id\":\"https:\\\/\\\/www.koonings.com\\\/fr\\\/product\\\/white-one-by-st-patrick-groovy-w1124cj1\\\/#primaryimage\"},\"thumbnailUrl\":\"https:\\\/\\\/www.koonings.com\\\/wp-content\\\/uploads\\\/2024\\\/11\\\/39190_137cc5d10293a1a8d1891c53dd9da9baf266148dee8ffe53b4bbab4b6e5f7196096ca350-scaled.jpeg\",\"datePublished\":\"2026-04-28T16:12:24+00:00\",\"description\":\"Cette \u00e9l\u00e9gante robe de mari\u00e9e en dentelle attirera tous les regards lors de votre grand jour. La silhouette de sir\u00e8ne sophistiqu\u00e9e suit vos courbes naturelles, tandis que le d\u00e9collet\u00e9 en V, les d\u00e9coupes lat\u00e9rales transparentes et le dos ouvert spectaculaire accentuent la silhouette et ajoutent une touche sexy.\",\"breadcrumb\":{\"@id\":\"https:\\\/\\\/www.koonings.com\\\/fr\\\/product\\\/white-one-by-st-patrick-groovy-w1124cj1\\\/#breadcrumb\"},\"inLanguage\":\"fr-FR\",\"potentialAction\":[{\"@type\":\"ReadAction\",\"target\":[\"https:\\\/\\\/www.koonings.com\\\/fr\\\/product\\\/white-one-by-st-patrick-groovy-w1124cj1\\\/\"]}]},{\"@type\":\"ImageObject\",\"inLanguage\":\"fr-FR\",\"@id\":\"https:\\\/\\\/www.koonings.com\\\/fr\\\/product\\\/white-one-by-st-patrick-groovy-w1124cj1\\\/#primaryimage\",\"url\":\"https:\\\/\\\/www.koonings.com\\\/wp-content\\\/uploads\\\/2024\\\/11\\\/39190_137cc5d10293a1a8d1891c53dd9da9baf266148dee8ffe53b4bbab4b6e5f7196096ca350-scaled.jpeg\",\"contentUrl\":\"https:\\\/\\\/www.koonings.com\\\/wp-content\\\/uploads\\\/2024\\\/11\\\/39190_137cc5d10293a1a8d1891c53dd9da9baf266148dee8ffe53b4bbab4b6e5f7196096ca350-scaled.jpeg\",\"width\":1810,\"height\":2560},{\"@type\":\"BreadcrumbList\",\"@id\":\"https:\\\/\\\/www.koonings.com\\\/fr\\\/product\\\/white-one-by-st-patrick-groovy-w1124cj1\\\/#breadcrumb\",\"itemListElement\":[{\"@type\":\"ListItem\",\"position\":1,\"name\":\"Home\",\"item\":\"https:\\\/\\\/www.koonings.com\\\/fr\\\/\"},{\"@type\":\"ListItem\",\"position\":2,\"name\":\"White One by St. Patrick Groovy W1124CJ1\"}]},{\"@type\":\"WebSite\",\"@id\":\"https:\\\/\\\/www.koonings.com\\\/fr\\\/#website\",\"url\":\"https:\\\/\\\/www.koonings.com\\\/fr\\\/\",\"name\":\"Koonings\",\"description\":\"De grootste bruidsmodewinkel ter wereld\",\"publisher\":{\"@id\":\"https:\\\/\\\/www.koonings.com\\\/fr\\\/#organization\"},\"potentialAction\":[{\"@type\":\"SearchAction\",\"target\":{\"@type\":\"EntryPoint\",\"urlTemplate\":\"https:\\\/\\\/www.koonings.com\\\/fr\\\/?s={search_term_string}\"},\"query-input\":{\"@type\":\"PropertyValueSpecification\",\"valueRequired\":true,\"valueName\":\"search_term_string\"}}],\"inLanguage\":\"fr-FR\"},{\"@type\":\"Organization\",\"@id\":\"https:\\\/\\\/www.koonings.com\\\/fr\\\/#organization\",\"name\":\"Koonings\",\"url\":\"https:\\\/\\\/www.koonings.com\\\/fr\\\/\",\"logo\":{\"@type\":\"ImageObject\",\"inLanguage\":\"fr-FR\",\"@id\":\"https:\\\/\\\/www.koonings.com\\\/fr\\\/#\\\/schema\\\/logo\\\/image\\\/\",\"url\":\"https:\\\/\\\/www.koonings.com\\\/wp-content\\\/uploads\\\/2024\\\/07\\\/logo.png\",\"contentUrl\":\"https:\\\/\\\/www.koonings.com\\\/wp-content\\\/uploads\\\/2024\\\/07\\\/logo.png\",\"width\":600,\"height\":428,\"caption\":\"Koonings\"},\"image\":{\"@id\":\"https:\\\/\\\/www.koonings.com\\\/fr\\\/#\\\/schema\\\/logo\\\/image\\\/\"},\"sameAs\":[\"https:\\\/\\\/www.facebook.com\\\/kooningstheweddingpalace\",\"https:\\\/\\\/www.instagram.com\\\/kooningstheweddingpalace\",\"https:\\\/\\\/www.pinterest.com\\\/koonings\",\"https:\\\/\\\/www.youtube.com\\\/kooningstheweddingpalace\"]}]}<\/script>\n<!-- \/ Yoast SEO plugin. -->","yoast_head_json":{"title":"White One by St. Patrick Groovy W1124CJ1 | Koonings","description":"Cette \u00e9l\u00e9gante robe de mari\u00e9e en dentelle attirera tous les regards lors de votre grand jour. La silhouette de sir\u00e8ne sophistiqu\u00e9e suit vos courbes naturelles, tandis que le d\u00e9collet\u00e9 en V, les d\u00e9coupes lat\u00e9rales transparentes et le dos ouvert spectaculaire accentuent la silhouette et ajoutent une touche sexy.","robots":{"index":"index","follow":"follow","max-snippet":"max-snippet:-1","max-image-preview":"max-image-preview:large","max-video-preview":"max-video-preview:-1"},"canonical":"https:\/\/www.koonings.com\/fr\/product\/white-one-by-st-patrick-groovy-w1124cj1\/","og_locale":"fr_FR","og_type":"article","og_title":"White One by St. Patrick Groovy W1124CJ1 | Koonings","og_description":"Cette \u00e9l\u00e9gante robe de mari\u00e9e en dentelle attirera tous les regards lors de votre grand jour. La silhouette de sir\u00e8ne sophistiqu\u00e9e suit vos courbes naturelles, tandis que le d\u00e9collet\u00e9 en V, les d\u00e9coupes lat\u00e9rales transparentes et le dos ouvert spectaculaire accentuent la silhouette et ajoutent une touche sexy.","og_url":"https:\/\/www.koonings.com\/fr\/product\/white-one-by-st-patrick-groovy-w1124cj1\/","og_site_name":"Koonings","article_publisher":"https:\/\/www.facebook.com\/kooningstheweddingpalace","og_image":[{"width":1810,"height":2560,"url":"https:\/\/www.koonings.com\/wp-content\/uploads\/2024\/11\/39190_137cc5d10293a1a8d1891c53dd9da9baf266148dee8ffe53b4bbab4b6e5f7196096ca350-scaled.jpeg","type":"image\/jpeg"}],"twitter_card":"summary_large_image","schema":{"@context":"https:\/\/schema.org","@graph":[{"@type":"WebPage","@id":"https:\/\/www.koonings.com\/fr\/product\/white-one-by-st-patrick-groovy-w1124cj1\/","url":"https:\/\/www.koonings.com\/fr\/product\/white-one-by-st-patrick-groovy-w1124cj1\/","name":"White One by St. Patrick Groovy W1124CJ1 | Koonings","isPartOf":{"@id":"https:\/\/www.koonings.com\/fr\/#website"},"primaryImageOfPage":{"@id":"https:\/\/www.koonings.com\/fr\/product\/white-one-by-st-patrick-groovy-w1124cj1\/#primaryimage"},"image":{"@id":"https:\/\/www.koonings.com\/fr\/product\/white-one-by-st-patrick-groovy-w1124cj1\/#primaryimage"},"thumbnailUrl":"https:\/\/www.koonings.com\/wp-content\/uploads\/2024\/11\/39190_137cc5d10293a1a8d1891c53dd9da9baf266148dee8ffe53b4bbab4b6e5f7196096ca350-scaled.jpeg","datePublished":"2026-04-28T16:12:24+00:00","description":"Cette \u00e9l\u00e9gante robe de mari\u00e9e en dentelle attirera tous les regards lors de votre grand jour. La silhouette de sir\u00e8ne sophistiqu\u00e9e suit vos courbes naturelles, tandis que le d\u00e9collet\u00e9 en V, les d\u00e9coupes lat\u00e9rales transparentes et le dos ouvert spectaculaire accentuent la silhouette et ajoutent une touche sexy.","breadcrumb":{"@id":"https:\/\/www.koonings.com\/fr\/product\/white-one-by-st-patrick-groovy-w1124cj1\/#breadcrumb"},"inLanguage":"fr-FR","potentialAction":[{"@type":"ReadAction","target":["https:\/\/www.koonings.com\/fr\/product\/white-one-by-st-patrick-groovy-w1124cj1\/"]}]},{"@type":"ImageObject","inLanguage":"fr-FR","@id":"https:\/\/www.koonings.com\/fr\/product\/white-one-by-st-patrick-groovy-w1124cj1\/#primaryimage","url":"https:\/\/www.koonings.com\/wp-content\/uploads\/2024\/11\/39190_137cc5d10293a1a8d1891c53dd9da9baf266148dee8ffe53b4bbab4b6e5f7196096ca350-scaled.jpeg","contentUrl":"https:\/\/www.koonings.com\/wp-content\/uploads\/2024\/11\/39190_137cc5d10293a1a8d1891c53dd9da9baf266148dee8ffe53b4bbab4b6e5f7196096ca350-scaled.jpeg","width":1810,"height":2560},{"@type":"BreadcrumbList","@id":"https:\/\/www.koonings.com\/fr\/product\/white-one-by-st-patrick-groovy-w1124cj1\/#breadcrumb","itemListElement":[{"@type":"ListItem","position":1,"name":"Home","item":"https:\/\/www.koonings.com\/fr\/"},{"@type":"ListItem","position":2,"name":"White One by St. Patrick Groovy W1124CJ1"}]},{"@type":"WebSite","@id":"https:\/\/www.koonings.com\/fr\/#website","url":"https:\/\/www.koonings.com\/fr\/","name":"Koonings","description":"De grootste bruidsmodewinkel ter wereld","publisher":{"@id":"https:\/\/www.koonings.com\/fr\/#organization"},"potentialAction":[{"@type":"SearchAction","target":{"@type":"EntryPoint","urlTemplate":"https:\/\/www.koonings.com\/fr\/?s={search_term_string}"},"query-input":{"@type":"PropertyValueSpecification","valueRequired":true,"valueName":"search_term_string"}}],"inLanguage":"fr-FR"},{"@type":"Organization","@id":"https:\/\/www.koonings.com\/fr\/#organization","name":"Koonings","url":"https:\/\/www.koonings.com\/fr\/","logo":{"@type":"ImageObject","inLanguage":"fr-FR","@id":"https:\/\/www.koonings.com\/fr\/#\/schema\/logo\/image\/","url":"https:\/\/www.koonings.com\/wp-content\/uploads\/2024\/07\/logo.png","contentUrl":"https:\/\/www.koonings.com\/wp-content\/uploads\/2024\/07\/logo.png","width":600,"height":428,"caption":"Koonings"},"image":{"@id":"https:\/\/www.koonings.com\/fr\/#\/schema\/logo\/image\/"},"sameAs":["https:\/\/www.facebook.com\/kooningstheweddingpalace","https:\/\/www.instagram.com\/kooningstheweddingpalace","https:\/\/www.pinterest.com\/koonings","https:\/\/www.youtube.com\/kooningstheweddingpalace"]}]}},"_links":{"self":[{"href":"https:\/\/www.koonings.com\/fr\/wp-json\/wp\/v2\/product\/57777","targetHints":{"allow":["GET"]}}],"collection":[{"href":"https:\/\/www.koonings.com\/fr\/wp-json\/wp\/v2\/product"}],"about":[{"href":"https:\/\/www.koonings.com\/fr\/wp-json\/wp\/v2\/types\/product"}],"wp:featuredmedia":[{"embeddable":true,"href":"https:\/\/www.koonings.com\/fr\/wp-json\/wp\/v2\/media\/39013"}],"wp:attachment":[{"href":"https:\/\/www.koonings.com\/fr\/wp-json\/wp\/v2\/media?parent=57777"}],"wp:term":[{"taxonomy":"productdetails","embeddable":true,"href":"https:\/\/www.koonings.com\/fr\/wp-json\/wp\/v2\/productdetails?post=57777"},{"taxonomy":"productneck","embeddable":true,"href":"https:\/\/www.koonings.com\/fr\/wp-json\/wp\/v2\/productneck?post=57777"},{"taxonomy":"productcolor","embeddable":true,"href":"https:\/\/www.koonings.com\/fr\/wp-json\/wp\/v2\/productcolor?post=57777"},{"taxonomy":"maat","embeddable":true,"href":"https:\/\/www.koonings.com\/fr\/wp-json\/wp\/v2\/maat?post=57777"},{"taxonomy":"productsupplier","embeddable":true,"href":"https:\/\/www.koonings.com\/fr\/wp-json\/wp\/v2\/productsupplier?post=57777"},{"taxonomy":"productsleeve","embeddable":true,"href":"https:\/\/www.koonings.com\/fr\/wp-json\/wp\/v2\/productsleeve?post=57777"},{"taxonomy":"productcategory","embeddable":true,"href":"https:\/\/www.koonings.com\/fr\/wp-json\/wp\/v2\/productcategory?post=57777"},{"taxonomy":"productsilhouette","embeddable":true,"href":"https:\/\/www.koonings.com\/fr\/wp-json\/wp\/v2\/productsilhouette?post=57777"},{"taxonomy":"productstyle","embeddable":true,"href":"https:\/\/www.koonings.com\/fr\/wp-json\/wp\/v2\/productstyle?post=57777"}],"curies":[{"name":"wp","href":"https:\/\/api.w.org\/{rel}","templated":true}]}}