{"id":57769,"date":"2025-12-15T00:20:17","date_gmt":"2025-12-14T23:20:17","guid":{"rendered":"https:\/\/www.koonings.com\/product\/ladybird-lisandre-ly124ac1\/"},"modified":"2026-02-03T18:22:06","modified_gmt":"2026-02-03T17:22:06","slug":"ladybird-lisandre-ly124ac1","status":"publish","type":"product","link":"https:\/\/www.koonings.com\/fr\/product\/ladybird-lisandre-ly124ac1\/","title":{"rendered":"Ladybird Lisandre LY124AC1"},"content":{"rendered":"<p>Cette robe Lisandre est une robe de mari\u00e9e romantique en ligne A pour les mari\u00e9es modestes mais \u00e9l\u00e9gantes, avec un d\u00e9collet\u00e9 en V, une taille naturelle et un dos unique et sensuel. Koonings The Wedding Palace dispose d&#8217;une salle d&#8217;exposition d\u00e9di\u00e9e \u00e0 sa collection Ladybird ! <\/p>\n","protected":false},"featured_media":39052,"template":"","meta":{"_acf_changed":false,"ghostkit_customizer_options":"","ghostkit_custom_css":"","ghostkit_custom_js_head":"","ghostkit_custom_js_foot":"","ghostkit_typography":""},"productdetails":[379,382],"productneck":[356],"productcolor":[393,392],"maat":[],"productsupplier":[437],"productsleeve":[359],"productcategory":[18],"productsilhouette":[384],"productstyle":[366],"class_list":["post-57769","product","type-product","status-publish","has-post-thumbnail","hentry","productdetails-379","productdetails-382","productneck-356","productcolor-393","productcolor-392","productsupplier-ladybird","productsleeve-359","productcategory-trouwjurken","productsilhouette-384","productstyle-366"],"acf":[],"yoast_head":"<!-- This site is optimized with the Yoast SEO plugin v27.3 - https:\/\/yoast.com\/product\/yoast-seo-wordpress\/ -->\n<title>Ladybird Lisandre LY124AC1 | Koonings<\/title>\n<meta name=\"description\" content=\"Cette robe Lisandre est une robe de mari\u00e9e romantique en ligne A pour les mari\u00e9es modestes mais \u00e9l\u00e9gantes, avec un d\u00e9collet\u00e9 en V, une taille naturelle et un dos unique et sensuel. Koonings The Wedding Palace dispose d&#039;une salle d&#039;exposition d\u00e9di\u00e9e \u00e0 sa collection Ladybird !\" \/>\n<meta name=\"robots\" content=\"index, follow, max-snippet:-1, max-image-preview:large, max-video-preview:-1\" \/>\n<link rel=\"canonical\" href=\"https:\/\/www.koonings.com\/fr\/product\/ladybird-lisandre-ly124ac1\/\" \/>\n<meta property=\"og:locale\" content=\"fr_FR\" \/>\n<meta property=\"og:type\" content=\"article\" \/>\n<meta property=\"og:title\" content=\"Ladybird Lisandre LY124AC1 | Koonings\" \/>\n<meta property=\"og:description\" content=\"Cette robe Lisandre est une robe de mari\u00e9e romantique en ligne A pour les mari\u00e9es modestes mais \u00e9l\u00e9gantes, avec un d\u00e9collet\u00e9 en V, une taille naturelle et un dos unique et sensuel. Koonings The Wedding Palace dispose d&#039;une salle d&#039;exposition d\u00e9di\u00e9e \u00e0 sa collection Ladybird !\" \/>\n<meta property=\"og:url\" content=\"https:\/\/www.koonings.com\/fr\/product\/ladybird-lisandre-ly124ac1\/\" \/>\n<meta property=\"og:site_name\" content=\"Koonings\" \/>\n<meta property=\"article:publisher\" content=\"https:\/\/www.facebook.com\/kooningstheweddingpalace\" \/>\n<meta property=\"article:modified_time\" content=\"2026-02-03T17:22:06+00:00\" \/>\n<meta property=\"og:image\" content=\"https:\/\/www.koonings.com\/wp-content\/uploads\/2024\/11\/39199_c4a8b49d4f99c0cbe8df67ddbdb5b43ef40354fbe4098ebace9d16e87c9a6a03336d7b83.jpeg\" \/>\n\t<meta property=\"og:image:width\" content=\"300\" \/>\n\t<meta property=\"og:image:height\" content=\"450\" \/>\n\t<meta property=\"og:image:type\" content=\"image\/jpeg\" \/>\n<meta name=\"twitter:card\" content=\"summary_large_image\" \/>\n<script type=\"application\/ld+json\" class=\"yoast-schema-graph\">{\"@context\":\"https:\\\/\\\/schema.org\",\"@graph\":[{\"@type\":\"WebPage\",\"@id\":\"https:\\\/\\\/www.koonings.com\\\/fr\\\/product\\\/ladybird-lisandre-ly124ac1\\\/\",\"url\":\"https:\\\/\\\/www.koonings.com\\\/fr\\\/product\\\/ladybird-lisandre-ly124ac1\\\/\",\"name\":\"Ladybird Lisandre LY124AC1 | Koonings\",\"isPartOf\":{\"@id\":\"https:\\\/\\\/www.koonings.com\\\/fr\\\/#website\"},\"primaryImageOfPage\":{\"@id\":\"https:\\\/\\\/www.koonings.com\\\/fr\\\/product\\\/ladybird-lisandre-ly124ac1\\\/#primaryimage\"},\"image\":{\"@id\":\"https:\\\/\\\/www.koonings.com\\\/fr\\\/product\\\/ladybird-lisandre-ly124ac1\\\/#primaryimage\"},\"thumbnailUrl\":\"https:\\\/\\\/www.koonings.com\\\/wp-content\\\/uploads\\\/2024\\\/11\\\/39199_c4a8b49d4f99c0cbe8df67ddbdb5b43ef40354fbe4098ebace9d16e87c9a6a03336d7b83.jpeg\",\"datePublished\":\"2025-12-14T23:20:17+00:00\",\"dateModified\":\"2026-02-03T17:22:06+00:00\",\"description\":\"Cette robe Lisandre est une robe de mari\u00e9e romantique en ligne A pour les mari\u00e9es modestes mais \u00e9l\u00e9gantes, avec un d\u00e9collet\u00e9 en V, une taille naturelle et un dos unique et sensuel. Koonings The Wedding Palace dispose d'une salle d'exposition d\u00e9di\u00e9e \u00e0 sa collection Ladybird !\",\"breadcrumb\":{\"@id\":\"https:\\\/\\\/www.koonings.com\\\/fr\\\/product\\\/ladybird-lisandre-ly124ac1\\\/#breadcrumb\"},\"inLanguage\":\"fr-FR\",\"potentialAction\":[{\"@type\":\"ReadAction\",\"target\":[\"https:\\\/\\\/www.koonings.com\\\/fr\\\/product\\\/ladybird-lisandre-ly124ac1\\\/\"]}]},{\"@type\":\"ImageObject\",\"inLanguage\":\"fr-FR\",\"@id\":\"https:\\\/\\\/www.koonings.com\\\/fr\\\/product\\\/ladybird-lisandre-ly124ac1\\\/#primaryimage\",\"url\":\"https:\\\/\\\/www.koonings.com\\\/wp-content\\\/uploads\\\/2024\\\/11\\\/39199_c4a8b49d4f99c0cbe8df67ddbdb5b43ef40354fbe4098ebace9d16e87c9a6a03336d7b83.jpeg\",\"contentUrl\":\"https:\\\/\\\/www.koonings.com\\\/wp-content\\\/uploads\\\/2024\\\/11\\\/39199_c4a8b49d4f99c0cbe8df67ddbdb5b43ef40354fbe4098ebace9d16e87c9a6a03336d7b83.jpeg\",\"width\":300,\"height\":450},{\"@type\":\"BreadcrumbList\",\"@id\":\"https:\\\/\\\/www.koonings.com\\\/fr\\\/product\\\/ladybird-lisandre-ly124ac1\\\/#breadcrumb\",\"itemListElement\":[{\"@type\":\"ListItem\",\"position\":1,\"name\":\"Home\",\"item\":\"https:\\\/\\\/www.koonings.com\\\/fr\\\/\"},{\"@type\":\"ListItem\",\"position\":2,\"name\":\"Ladybird Lisandre LY124AC1\"}]},{\"@type\":\"WebSite\",\"@id\":\"https:\\\/\\\/www.koonings.com\\\/fr\\\/#website\",\"url\":\"https:\\\/\\\/www.koonings.com\\\/fr\\\/\",\"name\":\"Koonings\",\"description\":\"De grootste bruidsmodewinkel ter wereld\",\"publisher\":{\"@id\":\"https:\\\/\\\/www.koonings.com\\\/fr\\\/#organization\"},\"potentialAction\":[{\"@type\":\"SearchAction\",\"target\":{\"@type\":\"EntryPoint\",\"urlTemplate\":\"https:\\\/\\\/www.koonings.com\\\/fr\\\/?s={search_term_string}\"},\"query-input\":{\"@type\":\"PropertyValueSpecification\",\"valueRequired\":true,\"valueName\":\"search_term_string\"}}],\"inLanguage\":\"fr-FR\"},{\"@type\":\"Organization\",\"@id\":\"https:\\\/\\\/www.koonings.com\\\/fr\\\/#organization\",\"name\":\"Koonings\",\"url\":\"https:\\\/\\\/www.koonings.com\\\/fr\\\/\",\"logo\":{\"@type\":\"ImageObject\",\"inLanguage\":\"fr-FR\",\"@id\":\"https:\\\/\\\/www.koonings.com\\\/fr\\\/#\\\/schema\\\/logo\\\/image\\\/\",\"url\":\"https:\\\/\\\/www.koonings.com\\\/wp-content\\\/uploads\\\/2024\\\/07\\\/logo.png\",\"contentUrl\":\"https:\\\/\\\/www.koonings.com\\\/wp-content\\\/uploads\\\/2024\\\/07\\\/logo.png\",\"width\":600,\"height\":428,\"caption\":\"Koonings\"},\"image\":{\"@id\":\"https:\\\/\\\/www.koonings.com\\\/fr\\\/#\\\/schema\\\/logo\\\/image\\\/\"},\"sameAs\":[\"https:\\\/\\\/www.facebook.com\\\/kooningstheweddingpalace\",\"https:\\\/\\\/www.instagram.com\\\/kooningstheweddingpalace\",\"https:\\\/\\\/www.pinterest.com\\\/koonings\",\"https:\\\/\\\/www.youtube.com\\\/kooningstheweddingpalace\"]}]}<\/script>\n<!-- \/ Yoast SEO plugin. -->","yoast_head_json":{"title":"Ladybird Lisandre LY124AC1 | Koonings","description":"Cette robe Lisandre est une robe de mari\u00e9e romantique en ligne A pour les mari\u00e9es modestes mais \u00e9l\u00e9gantes, avec un d\u00e9collet\u00e9 en V, une taille naturelle et un dos unique et sensuel. Koonings The Wedding Palace dispose d'une salle d'exposition d\u00e9di\u00e9e \u00e0 sa collection Ladybird !","robots":{"index":"index","follow":"follow","max-snippet":"max-snippet:-1","max-image-preview":"max-image-preview:large","max-video-preview":"max-video-preview:-1"},"canonical":"https:\/\/www.koonings.com\/fr\/product\/ladybird-lisandre-ly124ac1\/","og_locale":"fr_FR","og_type":"article","og_title":"Ladybird Lisandre LY124AC1 | Koonings","og_description":"Cette robe Lisandre est une robe de mari\u00e9e romantique en ligne A pour les mari\u00e9es modestes mais \u00e9l\u00e9gantes, avec un d\u00e9collet\u00e9 en V, une taille naturelle et un dos unique et sensuel. Koonings The Wedding Palace dispose d'une salle d'exposition d\u00e9di\u00e9e \u00e0 sa collection Ladybird !","og_url":"https:\/\/www.koonings.com\/fr\/product\/ladybird-lisandre-ly124ac1\/","og_site_name":"Koonings","article_publisher":"https:\/\/www.facebook.com\/kooningstheweddingpalace","article_modified_time":"2026-02-03T17:22:06+00:00","og_image":[{"width":300,"height":450,"url":"https:\/\/www.koonings.com\/wp-content\/uploads\/2024\/11\/39199_c4a8b49d4f99c0cbe8df67ddbdb5b43ef40354fbe4098ebace9d16e87c9a6a03336d7b83.jpeg","type":"image\/jpeg"}],"twitter_card":"summary_large_image","schema":{"@context":"https:\/\/schema.org","@graph":[{"@type":"WebPage","@id":"https:\/\/www.koonings.com\/fr\/product\/ladybird-lisandre-ly124ac1\/","url":"https:\/\/www.koonings.com\/fr\/product\/ladybird-lisandre-ly124ac1\/","name":"Ladybird Lisandre LY124AC1 | Koonings","isPartOf":{"@id":"https:\/\/www.koonings.com\/fr\/#website"},"primaryImageOfPage":{"@id":"https:\/\/www.koonings.com\/fr\/product\/ladybird-lisandre-ly124ac1\/#primaryimage"},"image":{"@id":"https:\/\/www.koonings.com\/fr\/product\/ladybird-lisandre-ly124ac1\/#primaryimage"},"thumbnailUrl":"https:\/\/www.koonings.com\/wp-content\/uploads\/2024\/11\/39199_c4a8b49d4f99c0cbe8df67ddbdb5b43ef40354fbe4098ebace9d16e87c9a6a03336d7b83.jpeg","datePublished":"2025-12-14T23:20:17+00:00","dateModified":"2026-02-03T17:22:06+00:00","description":"Cette robe Lisandre est une robe de mari\u00e9e romantique en ligne A pour les mari\u00e9es modestes mais \u00e9l\u00e9gantes, avec un d\u00e9collet\u00e9 en V, une taille naturelle et un dos unique et sensuel. Koonings The Wedding Palace dispose d'une salle d'exposition d\u00e9di\u00e9e \u00e0 sa collection Ladybird !","breadcrumb":{"@id":"https:\/\/www.koonings.com\/fr\/product\/ladybird-lisandre-ly124ac1\/#breadcrumb"},"inLanguage":"fr-FR","potentialAction":[{"@type":"ReadAction","target":["https:\/\/www.koonings.com\/fr\/product\/ladybird-lisandre-ly124ac1\/"]}]},{"@type":"ImageObject","inLanguage":"fr-FR","@id":"https:\/\/www.koonings.com\/fr\/product\/ladybird-lisandre-ly124ac1\/#primaryimage","url":"https:\/\/www.koonings.com\/wp-content\/uploads\/2024\/11\/39199_c4a8b49d4f99c0cbe8df67ddbdb5b43ef40354fbe4098ebace9d16e87c9a6a03336d7b83.jpeg","contentUrl":"https:\/\/www.koonings.com\/wp-content\/uploads\/2024\/11\/39199_c4a8b49d4f99c0cbe8df67ddbdb5b43ef40354fbe4098ebace9d16e87c9a6a03336d7b83.jpeg","width":300,"height":450},{"@type":"BreadcrumbList","@id":"https:\/\/www.koonings.com\/fr\/product\/ladybird-lisandre-ly124ac1\/#breadcrumb","itemListElement":[{"@type":"ListItem","position":1,"name":"Home","item":"https:\/\/www.koonings.com\/fr\/"},{"@type":"ListItem","position":2,"name":"Ladybird Lisandre LY124AC1"}]},{"@type":"WebSite","@id":"https:\/\/www.koonings.com\/fr\/#website","url":"https:\/\/www.koonings.com\/fr\/","name":"Koonings","description":"De grootste bruidsmodewinkel ter wereld","publisher":{"@id":"https:\/\/www.koonings.com\/fr\/#organization"},"potentialAction":[{"@type":"SearchAction","target":{"@type":"EntryPoint","urlTemplate":"https:\/\/www.koonings.com\/fr\/?s={search_term_string}"},"query-input":{"@type":"PropertyValueSpecification","valueRequired":true,"valueName":"search_term_string"}}],"inLanguage":"fr-FR"},{"@type":"Organization","@id":"https:\/\/www.koonings.com\/fr\/#organization","name":"Koonings","url":"https:\/\/www.koonings.com\/fr\/","logo":{"@type":"ImageObject","inLanguage":"fr-FR","@id":"https:\/\/www.koonings.com\/fr\/#\/schema\/logo\/image\/","url":"https:\/\/www.koonings.com\/wp-content\/uploads\/2024\/07\/logo.png","contentUrl":"https:\/\/www.koonings.com\/wp-content\/uploads\/2024\/07\/logo.png","width":600,"height":428,"caption":"Koonings"},"image":{"@id":"https:\/\/www.koonings.com\/fr\/#\/schema\/logo\/image\/"},"sameAs":["https:\/\/www.facebook.com\/kooningstheweddingpalace","https:\/\/www.instagram.com\/kooningstheweddingpalace","https:\/\/www.pinterest.com\/koonings","https:\/\/www.youtube.com\/kooningstheweddingpalace"]}]}},"_links":{"self":[{"href":"https:\/\/www.koonings.com\/fr\/wp-json\/wp\/v2\/product\/57769","targetHints":{"allow":["GET"]}}],"collection":[{"href":"https:\/\/www.koonings.com\/fr\/wp-json\/wp\/v2\/product"}],"about":[{"href":"https:\/\/www.koonings.com\/fr\/wp-json\/wp\/v2\/types\/product"}],"wp:featuredmedia":[{"embeddable":true,"href":"https:\/\/www.koonings.com\/fr\/wp-json\/wp\/v2\/media\/39052"}],"wp:attachment":[{"href":"https:\/\/www.koonings.com\/fr\/wp-json\/wp\/v2\/media?parent=57769"}],"wp:term":[{"taxonomy":"productdetails","embeddable":true,"href":"https:\/\/www.koonings.com\/fr\/wp-json\/wp\/v2\/productdetails?post=57769"},{"taxonomy":"productneck","embeddable":true,"href":"https:\/\/www.koonings.com\/fr\/wp-json\/wp\/v2\/productneck?post=57769"},{"taxonomy":"productcolor","embeddable":true,"href":"https:\/\/www.koonings.com\/fr\/wp-json\/wp\/v2\/productcolor?post=57769"},{"taxonomy":"maat","embeddable":true,"href":"https:\/\/www.koonings.com\/fr\/wp-json\/wp\/v2\/maat?post=57769"},{"taxonomy":"productsupplier","embeddable":true,"href":"https:\/\/www.koonings.com\/fr\/wp-json\/wp\/v2\/productsupplier?post=57769"},{"taxonomy":"productsleeve","embeddable":true,"href":"https:\/\/www.koonings.com\/fr\/wp-json\/wp\/v2\/productsleeve?post=57769"},{"taxonomy":"productcategory","embeddable":true,"href":"https:\/\/www.koonings.com\/fr\/wp-json\/wp\/v2\/productcategory?post=57769"},{"taxonomy":"productsilhouette","embeddable":true,"href":"https:\/\/www.koonings.com\/fr\/wp-json\/wp\/v2\/productsilhouette?post=57769"},{"taxonomy":"productstyle","embeddable":true,"href":"https:\/\/www.koonings.com\/fr\/wp-json\/wp\/v2\/productstyle?post=57769"}],"curies":[{"name":"wp","href":"https:\/\/api.w.org\/{rel}","templated":true}]}}