{"id":57745,"date":"2026-04-28T18:12:26","date_gmt":"2026-04-28T16:12:26","guid":{"rendered":"https:\/\/www.koonings.com\/product\/st-patrick-aria-st124aa1\/"},"modified":"2026-02-16T14:37:51","modified_gmt":"2026-02-16T13:37:51","slug":"st-patrick-aria-st124aa1","status":"publish","type":"product","link":"https:\/\/www.koonings.com\/fr\/product\/st-patrick-aria-st124aa1\/","title":{"rendered":"Patrick Aria ST124AA1"},"content":{"rendered":"<p>Un mod\u00e8le \u00e9pur\u00e9 et \u00e9th\u00e9r\u00e9 en organza doux et brillant et en mikado. Le corsage est dot\u00e9 d&#8217;une texture int\u00e9rieure douce pour une tenue et un ajustement parfaits. Le corsage est dot\u00e9 d&#8217;une texture int\u00e9rieure douce pour une tenue parfaite. Il est accompagn\u00e9 d&#8217;un voile amovible permettant \u00e0 la mari\u00e9e de changer de look.  <\/p>\n","protected":false},"featured_media":39176,"template":"","meta":{"_acf_changed":false,"ghostkit_customizer_options":"","ghostkit_custom_css":"","ghostkit_custom_js_head":"","ghostkit_custom_js_foot":"","ghostkit_typography":""},"productdetails":[],"productneck":[356],"productcolor":[392],"maat":[],"productsupplier":[415],"productsleeve":[359],"productcategory":[18],"productsilhouette":[389],"productstyle":[],"class_list":["post-57745","product","type-product","status-publish","has-post-thumbnail","hentry","productneck-356","productcolor-392","productsupplier-st-patrick","productsleeve-359","productcategory-trouwjurken","productsilhouette-389"],"acf":[],"yoast_head":"<!-- This site is optimized with the Yoast SEO plugin v27.3 - https:\/\/yoast.com\/product\/yoast-seo-wordpress\/ -->\n<title>Patrick Aria ST124AA1 | Koonings<\/title>\n<meta name=\"description\" content=\"Un mod\u00e8le \u00e9pur\u00e9 et \u00e9th\u00e9r\u00e9 en organza doux et brillant et en mikado. Le corsage est dot\u00e9 d&#039;une texture int\u00e9rieure douce pour une tenue et un ajustement parfaits. Le corsage est dot\u00e9 d&#039;une texture int\u00e9rieure douce pour une tenue parfaite. Il est accompagn\u00e9 d&#039;un voile amovible permettant \u00e0 la mari\u00e9e de changer de look.\" \/>\n<meta name=\"robots\" content=\"index, follow, max-snippet:-1, max-image-preview:large, max-video-preview:-1\" \/>\n<link rel=\"canonical\" href=\"https:\/\/www.koonings.com\/fr\/product\/st-patrick-aria-st124aa1\/\" \/>\n<meta property=\"og:locale\" content=\"fr_FR\" \/>\n<meta property=\"og:type\" content=\"article\" \/>\n<meta property=\"og:title\" content=\"Patrick Aria ST124AA1 | Koonings\" \/>\n<meta property=\"og:description\" content=\"Un mod\u00e8le \u00e9pur\u00e9 et \u00e9th\u00e9r\u00e9 en organza doux et brillant et en mikado. Le corsage est dot\u00e9 d&#039;une texture int\u00e9rieure douce pour une tenue et un ajustement parfaits. Le corsage est dot\u00e9 d&#039;une texture int\u00e9rieure douce pour une tenue parfaite. Il est accompagn\u00e9 d&#039;un voile amovible permettant \u00e0 la mari\u00e9e de changer de look.\" \/>\n<meta property=\"og:url\" content=\"https:\/\/www.koonings.com\/fr\/product\/st-patrick-aria-st124aa1\/\" \/>\n<meta property=\"og:site_name\" content=\"Koonings\" \/>\n<meta property=\"article:publisher\" content=\"https:\/\/www.facebook.com\/kooningstheweddingpalace\" \/>\n<meta property=\"og:image\" content=\"https:\/\/www.koonings.com\/wp-content\/uploads\/2024\/11\/39214_111fbf6ae14fda8d903c39576de6bc8576edf9e91bbbe0c44a61f41a8b4df3a848feac70-scaled.jpeg\" \/>\n\t<meta property=\"og:image:width\" content=\"1810\" \/>\n\t<meta property=\"og:image:height\" content=\"2560\" \/>\n\t<meta property=\"og:image:type\" content=\"image\/jpeg\" \/>\n<meta name=\"twitter:card\" content=\"summary_large_image\" \/>\n<script type=\"application\/ld+json\" class=\"yoast-schema-graph\">{\"@context\":\"https:\\\/\\\/schema.org\",\"@graph\":[{\"@type\":\"WebPage\",\"@id\":\"https:\\\/\\\/www.koonings.com\\\/fr\\\/product\\\/st-patrick-aria-st124aa1\\\/\",\"url\":\"https:\\\/\\\/www.koonings.com\\\/fr\\\/product\\\/st-patrick-aria-st124aa1\\\/\",\"name\":\"Patrick Aria ST124AA1 | Koonings\",\"isPartOf\":{\"@id\":\"https:\\\/\\\/www.koonings.com\\\/fr\\\/#website\"},\"primaryImageOfPage\":{\"@id\":\"https:\\\/\\\/www.koonings.com\\\/fr\\\/product\\\/st-patrick-aria-st124aa1\\\/#primaryimage\"},\"image\":{\"@id\":\"https:\\\/\\\/www.koonings.com\\\/fr\\\/product\\\/st-patrick-aria-st124aa1\\\/#primaryimage\"},\"thumbnailUrl\":\"https:\\\/\\\/www.koonings.com\\\/wp-content\\\/uploads\\\/2024\\\/11\\\/39214_111fbf6ae14fda8d903c39576de6bc8576edf9e91bbbe0c44a61f41a8b4df3a848feac70-scaled.jpeg\",\"datePublished\":\"2026-04-28T16:12:26+00:00\",\"description\":\"Un mod\u00e8le \u00e9pur\u00e9 et \u00e9th\u00e9r\u00e9 en organza doux et brillant et en mikado. Le corsage est dot\u00e9 d'une texture int\u00e9rieure douce pour une tenue et un ajustement parfaits. Le corsage est dot\u00e9 d'une texture int\u00e9rieure douce pour une tenue parfaite. Il est accompagn\u00e9 d'un voile amovible permettant \u00e0 la mari\u00e9e de changer de look.\",\"breadcrumb\":{\"@id\":\"https:\\\/\\\/www.koonings.com\\\/fr\\\/product\\\/st-patrick-aria-st124aa1\\\/#breadcrumb\"},\"inLanguage\":\"fr-FR\",\"potentialAction\":[{\"@type\":\"ReadAction\",\"target\":[\"https:\\\/\\\/www.koonings.com\\\/fr\\\/product\\\/st-patrick-aria-st124aa1\\\/\"]}]},{\"@type\":\"ImageObject\",\"inLanguage\":\"fr-FR\",\"@id\":\"https:\\\/\\\/www.koonings.com\\\/fr\\\/product\\\/st-patrick-aria-st124aa1\\\/#primaryimage\",\"url\":\"https:\\\/\\\/www.koonings.com\\\/wp-content\\\/uploads\\\/2024\\\/11\\\/39214_111fbf6ae14fda8d903c39576de6bc8576edf9e91bbbe0c44a61f41a8b4df3a848feac70-scaled.jpeg\",\"contentUrl\":\"https:\\\/\\\/www.koonings.com\\\/wp-content\\\/uploads\\\/2024\\\/11\\\/39214_111fbf6ae14fda8d903c39576de6bc8576edf9e91bbbe0c44a61f41a8b4df3a848feac70-scaled.jpeg\",\"width\":1810,\"height\":2560},{\"@type\":\"BreadcrumbList\",\"@id\":\"https:\\\/\\\/www.koonings.com\\\/fr\\\/product\\\/st-patrick-aria-st124aa1\\\/#breadcrumb\",\"itemListElement\":[{\"@type\":\"ListItem\",\"position\":1,\"name\":\"Home\",\"item\":\"https:\\\/\\\/www.koonings.com\\\/fr\\\/\"},{\"@type\":\"ListItem\",\"position\":2,\"name\":\"Patrick Aria ST124AA1\"}]},{\"@type\":\"WebSite\",\"@id\":\"https:\\\/\\\/www.koonings.com\\\/fr\\\/#website\",\"url\":\"https:\\\/\\\/www.koonings.com\\\/fr\\\/\",\"name\":\"Koonings\",\"description\":\"De grootste bruidsmodewinkel ter wereld\",\"publisher\":{\"@id\":\"https:\\\/\\\/www.koonings.com\\\/fr\\\/#organization\"},\"potentialAction\":[{\"@type\":\"SearchAction\",\"target\":{\"@type\":\"EntryPoint\",\"urlTemplate\":\"https:\\\/\\\/www.koonings.com\\\/fr\\\/?s={search_term_string}\"},\"query-input\":{\"@type\":\"PropertyValueSpecification\",\"valueRequired\":true,\"valueName\":\"search_term_string\"}}],\"inLanguage\":\"fr-FR\"},{\"@type\":\"Organization\",\"@id\":\"https:\\\/\\\/www.koonings.com\\\/fr\\\/#organization\",\"name\":\"Koonings\",\"url\":\"https:\\\/\\\/www.koonings.com\\\/fr\\\/\",\"logo\":{\"@type\":\"ImageObject\",\"inLanguage\":\"fr-FR\",\"@id\":\"https:\\\/\\\/www.koonings.com\\\/fr\\\/#\\\/schema\\\/logo\\\/image\\\/\",\"url\":\"https:\\\/\\\/www.koonings.com\\\/wp-content\\\/uploads\\\/2024\\\/07\\\/logo.png\",\"contentUrl\":\"https:\\\/\\\/www.koonings.com\\\/wp-content\\\/uploads\\\/2024\\\/07\\\/logo.png\",\"width\":600,\"height\":428,\"caption\":\"Koonings\"},\"image\":{\"@id\":\"https:\\\/\\\/www.koonings.com\\\/fr\\\/#\\\/schema\\\/logo\\\/image\\\/\"},\"sameAs\":[\"https:\\\/\\\/www.facebook.com\\\/kooningstheweddingpalace\",\"https:\\\/\\\/www.instagram.com\\\/kooningstheweddingpalace\",\"https:\\\/\\\/www.pinterest.com\\\/koonings\",\"https:\\\/\\\/www.youtube.com\\\/kooningstheweddingpalace\"]}]}<\/script>\n<!-- \/ Yoast SEO plugin. -->","yoast_head_json":{"title":"Patrick Aria ST124AA1 | Koonings","description":"Un mod\u00e8le \u00e9pur\u00e9 et \u00e9th\u00e9r\u00e9 en organza doux et brillant et en mikado. Le corsage est dot\u00e9 d'une texture int\u00e9rieure douce pour une tenue et un ajustement parfaits. Le corsage est dot\u00e9 d'une texture int\u00e9rieure douce pour une tenue parfaite. Il est accompagn\u00e9 d'un voile amovible permettant \u00e0 la mari\u00e9e de changer de look.","robots":{"index":"index","follow":"follow","max-snippet":"max-snippet:-1","max-image-preview":"max-image-preview:large","max-video-preview":"max-video-preview:-1"},"canonical":"https:\/\/www.koonings.com\/fr\/product\/st-patrick-aria-st124aa1\/","og_locale":"fr_FR","og_type":"article","og_title":"Patrick Aria ST124AA1 | Koonings","og_description":"Un mod\u00e8le \u00e9pur\u00e9 et \u00e9th\u00e9r\u00e9 en organza doux et brillant et en mikado. Le corsage est dot\u00e9 d'une texture int\u00e9rieure douce pour une tenue et un ajustement parfaits. Le corsage est dot\u00e9 d'une texture int\u00e9rieure douce pour une tenue parfaite. Il est accompagn\u00e9 d'un voile amovible permettant \u00e0 la mari\u00e9e de changer de look.","og_url":"https:\/\/www.koonings.com\/fr\/product\/st-patrick-aria-st124aa1\/","og_site_name":"Koonings","article_publisher":"https:\/\/www.facebook.com\/kooningstheweddingpalace","og_image":[{"width":1810,"height":2560,"url":"https:\/\/www.koonings.com\/wp-content\/uploads\/2024\/11\/39214_111fbf6ae14fda8d903c39576de6bc8576edf9e91bbbe0c44a61f41a8b4df3a848feac70-scaled.jpeg","type":"image\/jpeg"}],"twitter_card":"summary_large_image","schema":{"@context":"https:\/\/schema.org","@graph":[{"@type":"WebPage","@id":"https:\/\/www.koonings.com\/fr\/product\/st-patrick-aria-st124aa1\/","url":"https:\/\/www.koonings.com\/fr\/product\/st-patrick-aria-st124aa1\/","name":"Patrick Aria ST124AA1 | Koonings","isPartOf":{"@id":"https:\/\/www.koonings.com\/fr\/#website"},"primaryImageOfPage":{"@id":"https:\/\/www.koonings.com\/fr\/product\/st-patrick-aria-st124aa1\/#primaryimage"},"image":{"@id":"https:\/\/www.koonings.com\/fr\/product\/st-patrick-aria-st124aa1\/#primaryimage"},"thumbnailUrl":"https:\/\/www.koonings.com\/wp-content\/uploads\/2024\/11\/39214_111fbf6ae14fda8d903c39576de6bc8576edf9e91bbbe0c44a61f41a8b4df3a848feac70-scaled.jpeg","datePublished":"2026-04-28T16:12:26+00:00","description":"Un mod\u00e8le \u00e9pur\u00e9 et \u00e9th\u00e9r\u00e9 en organza doux et brillant et en mikado. Le corsage est dot\u00e9 d'une texture int\u00e9rieure douce pour une tenue et un ajustement parfaits. Le corsage est dot\u00e9 d'une texture int\u00e9rieure douce pour une tenue parfaite. Il est accompagn\u00e9 d'un voile amovible permettant \u00e0 la mari\u00e9e de changer de look.","breadcrumb":{"@id":"https:\/\/www.koonings.com\/fr\/product\/st-patrick-aria-st124aa1\/#breadcrumb"},"inLanguage":"fr-FR","potentialAction":[{"@type":"ReadAction","target":["https:\/\/www.koonings.com\/fr\/product\/st-patrick-aria-st124aa1\/"]}]},{"@type":"ImageObject","inLanguage":"fr-FR","@id":"https:\/\/www.koonings.com\/fr\/product\/st-patrick-aria-st124aa1\/#primaryimage","url":"https:\/\/www.koonings.com\/wp-content\/uploads\/2024\/11\/39214_111fbf6ae14fda8d903c39576de6bc8576edf9e91bbbe0c44a61f41a8b4df3a848feac70-scaled.jpeg","contentUrl":"https:\/\/www.koonings.com\/wp-content\/uploads\/2024\/11\/39214_111fbf6ae14fda8d903c39576de6bc8576edf9e91bbbe0c44a61f41a8b4df3a848feac70-scaled.jpeg","width":1810,"height":2560},{"@type":"BreadcrumbList","@id":"https:\/\/www.koonings.com\/fr\/product\/st-patrick-aria-st124aa1\/#breadcrumb","itemListElement":[{"@type":"ListItem","position":1,"name":"Home","item":"https:\/\/www.koonings.com\/fr\/"},{"@type":"ListItem","position":2,"name":"Patrick Aria ST124AA1"}]},{"@type":"WebSite","@id":"https:\/\/www.koonings.com\/fr\/#website","url":"https:\/\/www.koonings.com\/fr\/","name":"Koonings","description":"De grootste bruidsmodewinkel ter wereld","publisher":{"@id":"https:\/\/www.koonings.com\/fr\/#organization"},"potentialAction":[{"@type":"SearchAction","target":{"@type":"EntryPoint","urlTemplate":"https:\/\/www.koonings.com\/fr\/?s={search_term_string}"},"query-input":{"@type":"PropertyValueSpecification","valueRequired":true,"valueName":"search_term_string"}}],"inLanguage":"fr-FR"},{"@type":"Organization","@id":"https:\/\/www.koonings.com\/fr\/#organization","name":"Koonings","url":"https:\/\/www.koonings.com\/fr\/","logo":{"@type":"ImageObject","inLanguage":"fr-FR","@id":"https:\/\/www.koonings.com\/fr\/#\/schema\/logo\/image\/","url":"https:\/\/www.koonings.com\/wp-content\/uploads\/2024\/07\/logo.png","contentUrl":"https:\/\/www.koonings.com\/wp-content\/uploads\/2024\/07\/logo.png","width":600,"height":428,"caption":"Koonings"},"image":{"@id":"https:\/\/www.koonings.com\/fr\/#\/schema\/logo\/image\/"},"sameAs":["https:\/\/www.facebook.com\/kooningstheweddingpalace","https:\/\/www.instagram.com\/kooningstheweddingpalace","https:\/\/www.pinterest.com\/koonings","https:\/\/www.youtube.com\/kooningstheweddingpalace"]}]}},"_links":{"self":[{"href":"https:\/\/www.koonings.com\/fr\/wp-json\/wp\/v2\/product\/57745","targetHints":{"allow":["GET"]}}],"collection":[{"href":"https:\/\/www.koonings.com\/fr\/wp-json\/wp\/v2\/product"}],"about":[{"href":"https:\/\/www.koonings.com\/fr\/wp-json\/wp\/v2\/types\/product"}],"wp:featuredmedia":[{"embeddable":true,"href":"https:\/\/www.koonings.com\/fr\/wp-json\/wp\/v2\/media\/39176"}],"wp:attachment":[{"href":"https:\/\/www.koonings.com\/fr\/wp-json\/wp\/v2\/media?parent=57745"}],"wp:term":[{"taxonomy":"productdetails","embeddable":true,"href":"https:\/\/www.koonings.com\/fr\/wp-json\/wp\/v2\/productdetails?post=57745"},{"taxonomy":"productneck","embeddable":true,"href":"https:\/\/www.koonings.com\/fr\/wp-json\/wp\/v2\/productneck?post=57745"},{"taxonomy":"productcolor","embeddable":true,"href":"https:\/\/www.koonings.com\/fr\/wp-json\/wp\/v2\/productcolor?post=57745"},{"taxonomy":"maat","embeddable":true,"href":"https:\/\/www.koonings.com\/fr\/wp-json\/wp\/v2\/maat?post=57745"},{"taxonomy":"productsupplier","embeddable":true,"href":"https:\/\/www.koonings.com\/fr\/wp-json\/wp\/v2\/productsupplier?post=57745"},{"taxonomy":"productsleeve","embeddable":true,"href":"https:\/\/www.koonings.com\/fr\/wp-json\/wp\/v2\/productsleeve?post=57745"},{"taxonomy":"productcategory","embeddable":true,"href":"https:\/\/www.koonings.com\/fr\/wp-json\/wp\/v2\/productcategory?post=57745"},{"taxonomy":"productsilhouette","embeddable":true,"href":"https:\/\/www.koonings.com\/fr\/wp-json\/wp\/v2\/productsilhouette?post=57745"},{"taxonomy":"productstyle","embeddable":true,"href":"https:\/\/www.koonings.com\/fr\/wp-json\/wp\/v2\/productstyle?post=57745"}],"curies":[{"name":"wp","href":"https:\/\/api.w.org\/{rel}","templated":true}]}}