{"id":57731,"date":"2026-04-28T18:12:29","date_gmt":"2026-04-28T16:12:29","guid":{"rendered":"https:\/\/www.koonings.com\/product\/st-patrick-elliot-st124cv1\/"},"modified":"2026-02-16T14:37:51","modified_gmt":"2026-02-16T13:37:51","slug":"st-patrick-elliot-st124cv1","status":"publish","type":"product","link":"https:\/\/www.koonings.com\/fr\/product\/st-patrick-elliot-st124cv1\/","title":{"rendered":"Patrick Elliot ST124CV1"},"content":{"rendered":"<p>Cette cr\u00e9ation extraordinaire allie sans effort sensualit\u00e9 et sophistication. La silhouette de sir\u00e8ne souligne les courbes de la mari\u00e9e avec une gr\u00e2ce s\u00e9duisante, tandis que les d\u00e9coupes soigneusement plac\u00e9es ajoutent un \u00e9l\u00e9ment de myst\u00e8re. La combinaison harmonieuse de la dentelle et du cr\u00eape soyeux est un v\u00e9ritable enchantement.  <\/p>\n","protected":false},"featured_media":39236,"template":"","meta":{"_acf_changed":false,"ghostkit_customizer_options":"","ghostkit_custom_css":"","ghostkit_custom_js_head":"","ghostkit_custom_js_foot":"","ghostkit_typography":""},"productdetails":[],"productneck":[355],"productcolor":[392],"maat":[],"productsupplier":[415],"productsleeve":[359],"productcategory":[18],"productsilhouette":[387],"productstyle":[],"class_list":["post-57731","product","type-product","status-publish","has-post-thumbnail","hentry","productneck-355","productcolor-392","productsupplier-st-patrick","productsleeve-359","productcategory-trouwjurken","productsilhouette-387"],"acf":[],"yoast_head":"<!-- This site is optimized with the Yoast SEO plugin v27.3 - https:\/\/yoast.com\/product\/yoast-seo-wordpress\/ -->\n<title>Patrick Elliot ST124CV1 | Koonings<\/title>\n<meta name=\"description\" content=\"Cette cr\u00e9ation extraordinaire allie sans effort sensualit\u00e9 et sophistication. La silhouette de sir\u00e8ne souligne les courbes de la mari\u00e9e avec une gr\u00e2ce s\u00e9duisante, tandis que les d\u00e9coupes soigneusement plac\u00e9es ajoutent un \u00e9l\u00e9ment de myst\u00e8re. La combinaison harmonieuse de la dentelle et du cr\u00eape soyeux est un v\u00e9ritable enchantement.\" \/>\n<meta name=\"robots\" content=\"index, follow, max-snippet:-1, max-image-preview:large, max-video-preview:-1\" \/>\n<link rel=\"canonical\" href=\"https:\/\/www.koonings.com\/fr\/product\/st-patrick-elliot-st124cv1\/\" \/>\n<meta property=\"og:locale\" content=\"fr_FR\" \/>\n<meta property=\"og:type\" content=\"article\" \/>\n<meta property=\"og:title\" content=\"Patrick Elliot ST124CV1 | Koonings\" \/>\n<meta property=\"og:description\" content=\"Cette cr\u00e9ation extraordinaire allie sans effort sensualit\u00e9 et sophistication. La silhouette de sir\u00e8ne souligne les courbes de la mari\u00e9e avec une gr\u00e2ce s\u00e9duisante, tandis que les d\u00e9coupes soigneusement plac\u00e9es ajoutent un \u00e9l\u00e9ment de myst\u00e8re. La combinaison harmonieuse de la dentelle et du cr\u00eape soyeux est un v\u00e9ritable enchantement.\" \/>\n<meta property=\"og:url\" content=\"https:\/\/www.koonings.com\/fr\/product\/st-patrick-elliot-st124cv1\/\" \/>\n<meta property=\"og:site_name\" content=\"Koonings\" \/>\n<meta property=\"article:publisher\" content=\"https:\/\/www.facebook.com\/kooningstheweddingpalace\" \/>\n<meta property=\"og:image\" content=\"https:\/\/www.koonings.com\/wp-content\/uploads\/2024\/11\/39246_0e319793397bf88972669837637b392445a46e5a8e96d1edfb2c0c3a421f54a9311a5256-scaled.jpeg\" \/>\n\t<meta property=\"og:image:width\" content=\"1809\" \/>\n\t<meta property=\"og:image:height\" content=\"2560\" \/>\n\t<meta property=\"og:image:type\" content=\"image\/jpeg\" \/>\n<meta name=\"twitter:card\" content=\"summary_large_image\" \/>\n<script type=\"application\/ld+json\" class=\"yoast-schema-graph\">{\"@context\":\"https:\\\/\\\/schema.org\",\"@graph\":[{\"@type\":\"WebPage\",\"@id\":\"https:\\\/\\\/www.koonings.com\\\/fr\\\/product\\\/st-patrick-elliot-st124cv1\\\/\",\"url\":\"https:\\\/\\\/www.koonings.com\\\/fr\\\/product\\\/st-patrick-elliot-st124cv1\\\/\",\"name\":\"Patrick Elliot ST124CV1 | Koonings\",\"isPartOf\":{\"@id\":\"https:\\\/\\\/www.koonings.com\\\/fr\\\/#website\"},\"primaryImageOfPage\":{\"@id\":\"https:\\\/\\\/www.koonings.com\\\/fr\\\/product\\\/st-patrick-elliot-st124cv1\\\/#primaryimage\"},\"image\":{\"@id\":\"https:\\\/\\\/www.koonings.com\\\/fr\\\/product\\\/st-patrick-elliot-st124cv1\\\/#primaryimage\"},\"thumbnailUrl\":\"https:\\\/\\\/www.koonings.com\\\/wp-content\\\/uploads\\\/2024\\\/11\\\/39246_0e319793397bf88972669837637b392445a46e5a8e96d1edfb2c0c3a421f54a9311a5256-scaled.jpeg\",\"datePublished\":\"2026-04-28T16:12:29+00:00\",\"description\":\"Cette cr\u00e9ation extraordinaire allie sans effort sensualit\u00e9 et sophistication. La silhouette de sir\u00e8ne souligne les courbes de la mari\u00e9e avec une gr\u00e2ce s\u00e9duisante, tandis que les d\u00e9coupes soigneusement plac\u00e9es ajoutent un \u00e9l\u00e9ment de myst\u00e8re. La combinaison harmonieuse de la dentelle et du cr\u00eape soyeux est un v\u00e9ritable enchantement.\",\"breadcrumb\":{\"@id\":\"https:\\\/\\\/www.koonings.com\\\/fr\\\/product\\\/st-patrick-elliot-st124cv1\\\/#breadcrumb\"},\"inLanguage\":\"fr-FR\",\"potentialAction\":[{\"@type\":\"ReadAction\",\"target\":[\"https:\\\/\\\/www.koonings.com\\\/fr\\\/product\\\/st-patrick-elliot-st124cv1\\\/\"]}]},{\"@type\":\"ImageObject\",\"inLanguage\":\"fr-FR\",\"@id\":\"https:\\\/\\\/www.koonings.com\\\/fr\\\/product\\\/st-patrick-elliot-st124cv1\\\/#primaryimage\",\"url\":\"https:\\\/\\\/www.koonings.com\\\/wp-content\\\/uploads\\\/2024\\\/11\\\/39246_0e319793397bf88972669837637b392445a46e5a8e96d1edfb2c0c3a421f54a9311a5256-scaled.jpeg\",\"contentUrl\":\"https:\\\/\\\/www.koonings.com\\\/wp-content\\\/uploads\\\/2024\\\/11\\\/39246_0e319793397bf88972669837637b392445a46e5a8e96d1edfb2c0c3a421f54a9311a5256-scaled.jpeg\",\"width\":1809,\"height\":2560},{\"@type\":\"BreadcrumbList\",\"@id\":\"https:\\\/\\\/www.koonings.com\\\/fr\\\/product\\\/st-patrick-elliot-st124cv1\\\/#breadcrumb\",\"itemListElement\":[{\"@type\":\"ListItem\",\"position\":1,\"name\":\"Home\",\"item\":\"https:\\\/\\\/www.koonings.com\\\/fr\\\/\"},{\"@type\":\"ListItem\",\"position\":2,\"name\":\"Patrick Elliot ST124CV1\"}]},{\"@type\":\"WebSite\",\"@id\":\"https:\\\/\\\/www.koonings.com\\\/fr\\\/#website\",\"url\":\"https:\\\/\\\/www.koonings.com\\\/fr\\\/\",\"name\":\"Koonings\",\"description\":\"De grootste bruidsmodewinkel ter wereld\",\"publisher\":{\"@id\":\"https:\\\/\\\/www.koonings.com\\\/fr\\\/#organization\"},\"potentialAction\":[{\"@type\":\"SearchAction\",\"target\":{\"@type\":\"EntryPoint\",\"urlTemplate\":\"https:\\\/\\\/www.koonings.com\\\/fr\\\/?s={search_term_string}\"},\"query-input\":{\"@type\":\"PropertyValueSpecification\",\"valueRequired\":true,\"valueName\":\"search_term_string\"}}],\"inLanguage\":\"fr-FR\"},{\"@type\":\"Organization\",\"@id\":\"https:\\\/\\\/www.koonings.com\\\/fr\\\/#organization\",\"name\":\"Koonings\",\"url\":\"https:\\\/\\\/www.koonings.com\\\/fr\\\/\",\"logo\":{\"@type\":\"ImageObject\",\"inLanguage\":\"fr-FR\",\"@id\":\"https:\\\/\\\/www.koonings.com\\\/fr\\\/#\\\/schema\\\/logo\\\/image\\\/\",\"url\":\"https:\\\/\\\/www.koonings.com\\\/wp-content\\\/uploads\\\/2024\\\/07\\\/logo.png\",\"contentUrl\":\"https:\\\/\\\/www.koonings.com\\\/wp-content\\\/uploads\\\/2024\\\/07\\\/logo.png\",\"width\":600,\"height\":428,\"caption\":\"Koonings\"},\"image\":{\"@id\":\"https:\\\/\\\/www.koonings.com\\\/fr\\\/#\\\/schema\\\/logo\\\/image\\\/\"},\"sameAs\":[\"https:\\\/\\\/www.facebook.com\\\/kooningstheweddingpalace\",\"https:\\\/\\\/www.instagram.com\\\/kooningstheweddingpalace\",\"https:\\\/\\\/www.pinterest.com\\\/koonings\",\"https:\\\/\\\/www.youtube.com\\\/kooningstheweddingpalace\"]}]}<\/script>\n<!-- \/ Yoast SEO plugin. -->","yoast_head_json":{"title":"Patrick Elliot ST124CV1 | Koonings","description":"Cette cr\u00e9ation extraordinaire allie sans effort sensualit\u00e9 et sophistication. La silhouette de sir\u00e8ne souligne les courbes de la mari\u00e9e avec une gr\u00e2ce s\u00e9duisante, tandis que les d\u00e9coupes soigneusement plac\u00e9es ajoutent un \u00e9l\u00e9ment de myst\u00e8re. La combinaison harmonieuse de la dentelle et du cr\u00eape soyeux est un v\u00e9ritable enchantement.","robots":{"index":"index","follow":"follow","max-snippet":"max-snippet:-1","max-image-preview":"max-image-preview:large","max-video-preview":"max-video-preview:-1"},"canonical":"https:\/\/www.koonings.com\/fr\/product\/st-patrick-elliot-st124cv1\/","og_locale":"fr_FR","og_type":"article","og_title":"Patrick Elliot ST124CV1 | Koonings","og_description":"Cette cr\u00e9ation extraordinaire allie sans effort sensualit\u00e9 et sophistication. La silhouette de sir\u00e8ne souligne les courbes de la mari\u00e9e avec une gr\u00e2ce s\u00e9duisante, tandis que les d\u00e9coupes soigneusement plac\u00e9es ajoutent un \u00e9l\u00e9ment de myst\u00e8re. La combinaison harmonieuse de la dentelle et du cr\u00eape soyeux est un v\u00e9ritable enchantement.","og_url":"https:\/\/www.koonings.com\/fr\/product\/st-patrick-elliot-st124cv1\/","og_site_name":"Koonings","article_publisher":"https:\/\/www.facebook.com\/kooningstheweddingpalace","og_image":[{"width":1809,"height":2560,"url":"https:\/\/www.koonings.com\/wp-content\/uploads\/2024\/11\/39246_0e319793397bf88972669837637b392445a46e5a8e96d1edfb2c0c3a421f54a9311a5256-scaled.jpeg","type":"image\/jpeg"}],"twitter_card":"summary_large_image","schema":{"@context":"https:\/\/schema.org","@graph":[{"@type":"WebPage","@id":"https:\/\/www.koonings.com\/fr\/product\/st-patrick-elliot-st124cv1\/","url":"https:\/\/www.koonings.com\/fr\/product\/st-patrick-elliot-st124cv1\/","name":"Patrick Elliot ST124CV1 | Koonings","isPartOf":{"@id":"https:\/\/www.koonings.com\/fr\/#website"},"primaryImageOfPage":{"@id":"https:\/\/www.koonings.com\/fr\/product\/st-patrick-elliot-st124cv1\/#primaryimage"},"image":{"@id":"https:\/\/www.koonings.com\/fr\/product\/st-patrick-elliot-st124cv1\/#primaryimage"},"thumbnailUrl":"https:\/\/www.koonings.com\/wp-content\/uploads\/2024\/11\/39246_0e319793397bf88972669837637b392445a46e5a8e96d1edfb2c0c3a421f54a9311a5256-scaled.jpeg","datePublished":"2026-04-28T16:12:29+00:00","description":"Cette cr\u00e9ation extraordinaire allie sans effort sensualit\u00e9 et sophistication. La silhouette de sir\u00e8ne souligne les courbes de la mari\u00e9e avec une gr\u00e2ce s\u00e9duisante, tandis que les d\u00e9coupes soigneusement plac\u00e9es ajoutent un \u00e9l\u00e9ment de myst\u00e8re. La combinaison harmonieuse de la dentelle et du cr\u00eape soyeux est un v\u00e9ritable enchantement.","breadcrumb":{"@id":"https:\/\/www.koonings.com\/fr\/product\/st-patrick-elliot-st124cv1\/#breadcrumb"},"inLanguage":"fr-FR","potentialAction":[{"@type":"ReadAction","target":["https:\/\/www.koonings.com\/fr\/product\/st-patrick-elliot-st124cv1\/"]}]},{"@type":"ImageObject","inLanguage":"fr-FR","@id":"https:\/\/www.koonings.com\/fr\/product\/st-patrick-elliot-st124cv1\/#primaryimage","url":"https:\/\/www.koonings.com\/wp-content\/uploads\/2024\/11\/39246_0e319793397bf88972669837637b392445a46e5a8e96d1edfb2c0c3a421f54a9311a5256-scaled.jpeg","contentUrl":"https:\/\/www.koonings.com\/wp-content\/uploads\/2024\/11\/39246_0e319793397bf88972669837637b392445a46e5a8e96d1edfb2c0c3a421f54a9311a5256-scaled.jpeg","width":1809,"height":2560},{"@type":"BreadcrumbList","@id":"https:\/\/www.koonings.com\/fr\/product\/st-patrick-elliot-st124cv1\/#breadcrumb","itemListElement":[{"@type":"ListItem","position":1,"name":"Home","item":"https:\/\/www.koonings.com\/fr\/"},{"@type":"ListItem","position":2,"name":"Patrick Elliot ST124CV1"}]},{"@type":"WebSite","@id":"https:\/\/www.koonings.com\/fr\/#website","url":"https:\/\/www.koonings.com\/fr\/","name":"Koonings","description":"De grootste bruidsmodewinkel ter wereld","publisher":{"@id":"https:\/\/www.koonings.com\/fr\/#organization"},"potentialAction":[{"@type":"SearchAction","target":{"@type":"EntryPoint","urlTemplate":"https:\/\/www.koonings.com\/fr\/?s={search_term_string}"},"query-input":{"@type":"PropertyValueSpecification","valueRequired":true,"valueName":"search_term_string"}}],"inLanguage":"fr-FR"},{"@type":"Organization","@id":"https:\/\/www.koonings.com\/fr\/#organization","name":"Koonings","url":"https:\/\/www.koonings.com\/fr\/","logo":{"@type":"ImageObject","inLanguage":"fr-FR","@id":"https:\/\/www.koonings.com\/fr\/#\/schema\/logo\/image\/","url":"https:\/\/www.koonings.com\/wp-content\/uploads\/2024\/07\/logo.png","contentUrl":"https:\/\/www.koonings.com\/wp-content\/uploads\/2024\/07\/logo.png","width":600,"height":428,"caption":"Koonings"},"image":{"@id":"https:\/\/www.koonings.com\/fr\/#\/schema\/logo\/image\/"},"sameAs":["https:\/\/www.facebook.com\/kooningstheweddingpalace","https:\/\/www.instagram.com\/kooningstheweddingpalace","https:\/\/www.pinterest.com\/koonings","https:\/\/www.youtube.com\/kooningstheweddingpalace"]}]}},"_links":{"self":[{"href":"https:\/\/www.koonings.com\/fr\/wp-json\/wp\/v2\/product\/57731","targetHints":{"allow":["GET"]}}],"collection":[{"href":"https:\/\/www.koonings.com\/fr\/wp-json\/wp\/v2\/product"}],"about":[{"href":"https:\/\/www.koonings.com\/fr\/wp-json\/wp\/v2\/types\/product"}],"wp:featuredmedia":[{"embeddable":true,"href":"https:\/\/www.koonings.com\/fr\/wp-json\/wp\/v2\/media\/39236"}],"wp:attachment":[{"href":"https:\/\/www.koonings.com\/fr\/wp-json\/wp\/v2\/media?parent=57731"}],"wp:term":[{"taxonomy":"productdetails","embeddable":true,"href":"https:\/\/www.koonings.com\/fr\/wp-json\/wp\/v2\/productdetails?post=57731"},{"taxonomy":"productneck","embeddable":true,"href":"https:\/\/www.koonings.com\/fr\/wp-json\/wp\/v2\/productneck?post=57731"},{"taxonomy":"productcolor","embeddable":true,"href":"https:\/\/www.koonings.com\/fr\/wp-json\/wp\/v2\/productcolor?post=57731"},{"taxonomy":"maat","embeddable":true,"href":"https:\/\/www.koonings.com\/fr\/wp-json\/wp\/v2\/maat?post=57731"},{"taxonomy":"productsupplier","embeddable":true,"href":"https:\/\/www.koonings.com\/fr\/wp-json\/wp\/v2\/productsupplier?post=57731"},{"taxonomy":"productsleeve","embeddable":true,"href":"https:\/\/www.koonings.com\/fr\/wp-json\/wp\/v2\/productsleeve?post=57731"},{"taxonomy":"productcategory","embeddable":true,"href":"https:\/\/www.koonings.com\/fr\/wp-json\/wp\/v2\/productcategory?post=57731"},{"taxonomy":"productsilhouette","embeddable":true,"href":"https:\/\/www.koonings.com\/fr\/wp-json\/wp\/v2\/productsilhouette?post=57731"},{"taxonomy":"productstyle","embeddable":true,"href":"https:\/\/www.koonings.com\/fr\/wp-json\/wp\/v2\/productstyle?post=57731"}],"curies":[{"name":"wp","href":"https:\/\/api.w.org\/{rel}","templated":true}]}}