{"id":57712,"date":"2025-12-15T00:20:32","date_gmt":"2025-12-14T23:20:32","guid":{"rendered":"https:\/\/www.koonings.com\/product\/st-patrick-dorset-st124cr4\/"},"modified":"2026-02-03T18:23:18","modified_gmt":"2026-02-03T17:23:18","slug":"st-patrick-dorset-st124cr4","status":"publish","type":"product","link":"https:\/\/www.koonings.com\/fr\/product\/st-patrick-dorset-st124cr4\/","title":{"rendered":"Patrick Dorset ST124CR4"},"content":{"rendered":"<p>Cette robe inoubliable respire l&#8217;\u00e9l\u00e9gance sophistiqu\u00e9e, le charme royal et le romantisme intemporel. Impeccablement confectionn\u00e9e, elle pr\u00e9sente un corsage \u00e9th\u00e9r\u00e9 en dentelle illusion et des manches d\u00e9licates \u00e0 effet de tatouage. La jupe tombe gracieusement et met en valeur la silhouette de la mari\u00e9e, tandis que la magnifique tra\u00eene chapel ajoute une touche dramatique. L&#8217;encolure droite et d\u00e9collet\u00e9e est remarquable et met magnifiquement en valeur la clavicule de la mari\u00e9e.   <\/p>\n","protected":false},"featured_media":39351,"template":"","meta":{"_acf_changed":false,"ghostkit_customizer_options":"","ghostkit_custom_css":"","ghostkit_custom_js_head":"","ghostkit_custom_js_foot":"","ghostkit_typography":""},"productdetails":[],"productneck":[349],"productcolor":[393,392],"maat":[],"productsupplier":[415],"productsleeve":[362,363],"productcategory":[18],"productsilhouette":[387],"productstyle":[],"class_list":["post-57712","product","type-product","status-publish","has-post-thumbnail","hentry","productneck-349","productcolor-393","productcolor-392","productsupplier-st-patrick","productsleeve-362","productsleeve-363","productcategory-trouwjurken","productsilhouette-387"],"acf":[],"yoast_head":"<!-- This site is optimized with the Yoast SEO plugin v27.3 - https:\/\/yoast.com\/product\/yoast-seo-wordpress\/ -->\n<title>Patrick Dorset ST124CR4 | Koonings<\/title>\n<meta name=\"description\" content=\"Cette robe inoubliable respire l&#039;\u00e9l\u00e9gance sophistiqu\u00e9e, le charme royal et le romantisme intemporel. Impeccablement confectionn\u00e9e, elle pr\u00e9sente un corsage \u00e9th\u00e9r\u00e9 en dentelle illusion et des manches d\u00e9licates \u00e0 effet de tatouage. La jupe tombe gracieusement et met en valeur la silhouette de la mari\u00e9e, tandis que la magnifique tra\u00eene chapel ajoute une touche dramatique. L&#039;encolure droite et d\u00e9collet\u00e9e est remarquable et met magnifiquement en valeur la clavicule de la mari\u00e9e.\" \/>\n<meta name=\"robots\" content=\"index, follow, max-snippet:-1, max-image-preview:large, max-video-preview:-1\" \/>\n<link rel=\"canonical\" href=\"https:\/\/www.koonings.com\/fr\/product\/st-patrick-dorset-st124cr4\/\" \/>\n<meta property=\"og:locale\" content=\"fr_FR\" \/>\n<meta property=\"og:type\" content=\"article\" \/>\n<meta property=\"og:title\" content=\"Patrick Dorset ST124CR4 | Koonings\" \/>\n<meta property=\"og:description\" content=\"Cette robe inoubliable respire l&#039;\u00e9l\u00e9gance sophistiqu\u00e9e, le charme royal et le romantisme intemporel. Impeccablement confectionn\u00e9e, elle pr\u00e9sente un corsage \u00e9th\u00e9r\u00e9 en dentelle illusion et des manches d\u00e9licates \u00e0 effet de tatouage. La jupe tombe gracieusement et met en valeur la silhouette de la mari\u00e9e, tandis que la magnifique tra\u00eene chapel ajoute une touche dramatique. L&#039;encolure droite et d\u00e9collet\u00e9e est remarquable et met magnifiquement en valeur la clavicule de la mari\u00e9e.\" \/>\n<meta property=\"og:url\" content=\"https:\/\/www.koonings.com\/fr\/product\/st-patrick-dorset-st124cr4\/\" \/>\n<meta property=\"og:site_name\" content=\"Koonings\" \/>\n<meta property=\"article:publisher\" content=\"https:\/\/www.facebook.com\/kooningstheweddingpalace\" \/>\n<meta property=\"article:modified_time\" content=\"2026-02-03T17:23:18+00:00\" \/>\n<meta property=\"og:image\" content=\"https:\/\/www.koonings.com\/wp-content\/uploads\/2024\/11\/39278_acb76fc80199092c6fbe1b6fa13f1fb5a2525204eff79f138b34c93d1a6cf5765a404791-scaled.jpeg\" \/>\n\t<meta property=\"og:image:width\" content=\"1808\" \/>\n\t<meta property=\"og:image:height\" content=\"2560\" \/>\n\t<meta property=\"og:image:type\" content=\"image\/jpeg\" \/>\n<meta name=\"twitter:card\" content=\"summary_large_image\" \/>\n<script type=\"application\/ld+json\" class=\"yoast-schema-graph\">{\"@context\":\"https:\\\/\\\/schema.org\",\"@graph\":[{\"@type\":\"WebPage\",\"@id\":\"https:\\\/\\\/www.koonings.com\\\/fr\\\/product\\\/st-patrick-dorset-st124cr4\\\/\",\"url\":\"https:\\\/\\\/www.koonings.com\\\/fr\\\/product\\\/st-patrick-dorset-st124cr4\\\/\",\"name\":\"Patrick Dorset ST124CR4 | Koonings\",\"isPartOf\":{\"@id\":\"https:\\\/\\\/www.koonings.com\\\/fr\\\/#website\"},\"primaryImageOfPage\":{\"@id\":\"https:\\\/\\\/www.koonings.com\\\/fr\\\/product\\\/st-patrick-dorset-st124cr4\\\/#primaryimage\"},\"image\":{\"@id\":\"https:\\\/\\\/www.koonings.com\\\/fr\\\/product\\\/st-patrick-dorset-st124cr4\\\/#primaryimage\"},\"thumbnailUrl\":\"https:\\\/\\\/www.koonings.com\\\/wp-content\\\/uploads\\\/2024\\\/11\\\/39278_acb76fc80199092c6fbe1b6fa13f1fb5a2525204eff79f138b34c93d1a6cf5765a404791-scaled.jpeg\",\"datePublished\":\"2025-12-14T23:20:32+00:00\",\"dateModified\":\"2026-02-03T17:23:18+00:00\",\"description\":\"Cette robe inoubliable respire l'\u00e9l\u00e9gance sophistiqu\u00e9e, le charme royal et le romantisme intemporel. Impeccablement confectionn\u00e9e, elle pr\u00e9sente un corsage \u00e9th\u00e9r\u00e9 en dentelle illusion et des manches d\u00e9licates \u00e0 effet de tatouage. La jupe tombe gracieusement et met en valeur la silhouette de la mari\u00e9e, tandis que la magnifique tra\u00eene chapel ajoute une touche dramatique. L'encolure droite et d\u00e9collet\u00e9e est remarquable et met magnifiquement en valeur la clavicule de la mari\u00e9e.\",\"breadcrumb\":{\"@id\":\"https:\\\/\\\/www.koonings.com\\\/fr\\\/product\\\/st-patrick-dorset-st124cr4\\\/#breadcrumb\"},\"inLanguage\":\"fr-FR\",\"potentialAction\":[{\"@type\":\"ReadAction\",\"target\":[\"https:\\\/\\\/www.koonings.com\\\/fr\\\/product\\\/st-patrick-dorset-st124cr4\\\/\"]}]},{\"@type\":\"ImageObject\",\"inLanguage\":\"fr-FR\",\"@id\":\"https:\\\/\\\/www.koonings.com\\\/fr\\\/product\\\/st-patrick-dorset-st124cr4\\\/#primaryimage\",\"url\":\"https:\\\/\\\/www.koonings.com\\\/wp-content\\\/uploads\\\/2024\\\/11\\\/39278_acb76fc80199092c6fbe1b6fa13f1fb5a2525204eff79f138b34c93d1a6cf5765a404791-scaled.jpeg\",\"contentUrl\":\"https:\\\/\\\/www.koonings.com\\\/wp-content\\\/uploads\\\/2024\\\/11\\\/39278_acb76fc80199092c6fbe1b6fa13f1fb5a2525204eff79f138b34c93d1a6cf5765a404791-scaled.jpeg\",\"width\":1808,\"height\":2560},{\"@type\":\"BreadcrumbList\",\"@id\":\"https:\\\/\\\/www.koonings.com\\\/fr\\\/product\\\/st-patrick-dorset-st124cr4\\\/#breadcrumb\",\"itemListElement\":[{\"@type\":\"ListItem\",\"position\":1,\"name\":\"Home\",\"item\":\"https:\\\/\\\/www.koonings.com\\\/fr\\\/\"},{\"@type\":\"ListItem\",\"position\":2,\"name\":\"Patrick Dorset ST124CR4\"}]},{\"@type\":\"WebSite\",\"@id\":\"https:\\\/\\\/www.koonings.com\\\/fr\\\/#website\",\"url\":\"https:\\\/\\\/www.koonings.com\\\/fr\\\/\",\"name\":\"Koonings\",\"description\":\"De grootste bruidsmodewinkel ter wereld\",\"publisher\":{\"@id\":\"https:\\\/\\\/www.koonings.com\\\/fr\\\/#organization\"},\"potentialAction\":[{\"@type\":\"SearchAction\",\"target\":{\"@type\":\"EntryPoint\",\"urlTemplate\":\"https:\\\/\\\/www.koonings.com\\\/fr\\\/?s={search_term_string}\"},\"query-input\":{\"@type\":\"PropertyValueSpecification\",\"valueRequired\":true,\"valueName\":\"search_term_string\"}}],\"inLanguage\":\"fr-FR\"},{\"@type\":\"Organization\",\"@id\":\"https:\\\/\\\/www.koonings.com\\\/fr\\\/#organization\",\"name\":\"Koonings\",\"url\":\"https:\\\/\\\/www.koonings.com\\\/fr\\\/\",\"logo\":{\"@type\":\"ImageObject\",\"inLanguage\":\"fr-FR\",\"@id\":\"https:\\\/\\\/www.koonings.com\\\/fr\\\/#\\\/schema\\\/logo\\\/image\\\/\",\"url\":\"https:\\\/\\\/www.koonings.com\\\/wp-content\\\/uploads\\\/2024\\\/07\\\/logo.png\",\"contentUrl\":\"https:\\\/\\\/www.koonings.com\\\/wp-content\\\/uploads\\\/2024\\\/07\\\/logo.png\",\"width\":600,\"height\":428,\"caption\":\"Koonings\"},\"image\":{\"@id\":\"https:\\\/\\\/www.koonings.com\\\/fr\\\/#\\\/schema\\\/logo\\\/image\\\/\"},\"sameAs\":[\"https:\\\/\\\/www.facebook.com\\\/kooningstheweddingpalace\",\"https:\\\/\\\/www.instagram.com\\\/kooningstheweddingpalace\",\"https:\\\/\\\/www.pinterest.com\\\/koonings\",\"https:\\\/\\\/www.youtube.com\\\/kooningstheweddingpalace\"]}]}<\/script>\n<!-- \/ Yoast SEO plugin. -->","yoast_head_json":{"title":"Patrick Dorset ST124CR4 | Koonings","description":"Cette robe inoubliable respire l'\u00e9l\u00e9gance sophistiqu\u00e9e, le charme royal et le romantisme intemporel. Impeccablement confectionn\u00e9e, elle pr\u00e9sente un corsage \u00e9th\u00e9r\u00e9 en dentelle illusion et des manches d\u00e9licates \u00e0 effet de tatouage. La jupe tombe gracieusement et met en valeur la silhouette de la mari\u00e9e, tandis que la magnifique tra\u00eene chapel ajoute une touche dramatique. L'encolure droite et d\u00e9collet\u00e9e est remarquable et met magnifiquement en valeur la clavicule de la mari\u00e9e.","robots":{"index":"index","follow":"follow","max-snippet":"max-snippet:-1","max-image-preview":"max-image-preview:large","max-video-preview":"max-video-preview:-1"},"canonical":"https:\/\/www.koonings.com\/fr\/product\/st-patrick-dorset-st124cr4\/","og_locale":"fr_FR","og_type":"article","og_title":"Patrick Dorset ST124CR4 | Koonings","og_description":"Cette robe inoubliable respire l'\u00e9l\u00e9gance sophistiqu\u00e9e, le charme royal et le romantisme intemporel. Impeccablement confectionn\u00e9e, elle pr\u00e9sente un corsage \u00e9th\u00e9r\u00e9 en dentelle illusion et des manches d\u00e9licates \u00e0 effet de tatouage. La jupe tombe gracieusement et met en valeur la silhouette de la mari\u00e9e, tandis que la magnifique tra\u00eene chapel ajoute une touche dramatique. L'encolure droite et d\u00e9collet\u00e9e est remarquable et met magnifiquement en valeur la clavicule de la mari\u00e9e.","og_url":"https:\/\/www.koonings.com\/fr\/product\/st-patrick-dorset-st124cr4\/","og_site_name":"Koonings","article_publisher":"https:\/\/www.facebook.com\/kooningstheweddingpalace","article_modified_time":"2026-02-03T17:23:18+00:00","og_image":[{"width":1808,"height":2560,"url":"https:\/\/www.koonings.com\/wp-content\/uploads\/2024\/11\/39278_acb76fc80199092c6fbe1b6fa13f1fb5a2525204eff79f138b34c93d1a6cf5765a404791-scaled.jpeg","type":"image\/jpeg"}],"twitter_card":"summary_large_image","schema":{"@context":"https:\/\/schema.org","@graph":[{"@type":"WebPage","@id":"https:\/\/www.koonings.com\/fr\/product\/st-patrick-dorset-st124cr4\/","url":"https:\/\/www.koonings.com\/fr\/product\/st-patrick-dorset-st124cr4\/","name":"Patrick Dorset ST124CR4 | Koonings","isPartOf":{"@id":"https:\/\/www.koonings.com\/fr\/#website"},"primaryImageOfPage":{"@id":"https:\/\/www.koonings.com\/fr\/product\/st-patrick-dorset-st124cr4\/#primaryimage"},"image":{"@id":"https:\/\/www.koonings.com\/fr\/product\/st-patrick-dorset-st124cr4\/#primaryimage"},"thumbnailUrl":"https:\/\/www.koonings.com\/wp-content\/uploads\/2024\/11\/39278_acb76fc80199092c6fbe1b6fa13f1fb5a2525204eff79f138b34c93d1a6cf5765a404791-scaled.jpeg","datePublished":"2025-12-14T23:20:32+00:00","dateModified":"2026-02-03T17:23:18+00:00","description":"Cette robe inoubliable respire l'\u00e9l\u00e9gance sophistiqu\u00e9e, le charme royal et le romantisme intemporel. Impeccablement confectionn\u00e9e, elle pr\u00e9sente un corsage \u00e9th\u00e9r\u00e9 en dentelle illusion et des manches d\u00e9licates \u00e0 effet de tatouage. La jupe tombe gracieusement et met en valeur la silhouette de la mari\u00e9e, tandis que la magnifique tra\u00eene chapel ajoute une touche dramatique. L'encolure droite et d\u00e9collet\u00e9e est remarquable et met magnifiquement en valeur la clavicule de la mari\u00e9e.","breadcrumb":{"@id":"https:\/\/www.koonings.com\/fr\/product\/st-patrick-dorset-st124cr4\/#breadcrumb"},"inLanguage":"fr-FR","potentialAction":[{"@type":"ReadAction","target":["https:\/\/www.koonings.com\/fr\/product\/st-patrick-dorset-st124cr4\/"]}]},{"@type":"ImageObject","inLanguage":"fr-FR","@id":"https:\/\/www.koonings.com\/fr\/product\/st-patrick-dorset-st124cr4\/#primaryimage","url":"https:\/\/www.koonings.com\/wp-content\/uploads\/2024\/11\/39278_acb76fc80199092c6fbe1b6fa13f1fb5a2525204eff79f138b34c93d1a6cf5765a404791-scaled.jpeg","contentUrl":"https:\/\/www.koonings.com\/wp-content\/uploads\/2024\/11\/39278_acb76fc80199092c6fbe1b6fa13f1fb5a2525204eff79f138b34c93d1a6cf5765a404791-scaled.jpeg","width":1808,"height":2560},{"@type":"BreadcrumbList","@id":"https:\/\/www.koonings.com\/fr\/product\/st-patrick-dorset-st124cr4\/#breadcrumb","itemListElement":[{"@type":"ListItem","position":1,"name":"Home","item":"https:\/\/www.koonings.com\/fr\/"},{"@type":"ListItem","position":2,"name":"Patrick Dorset ST124CR4"}]},{"@type":"WebSite","@id":"https:\/\/www.koonings.com\/fr\/#website","url":"https:\/\/www.koonings.com\/fr\/","name":"Koonings","description":"De grootste bruidsmodewinkel ter wereld","publisher":{"@id":"https:\/\/www.koonings.com\/fr\/#organization"},"potentialAction":[{"@type":"SearchAction","target":{"@type":"EntryPoint","urlTemplate":"https:\/\/www.koonings.com\/fr\/?s={search_term_string}"},"query-input":{"@type":"PropertyValueSpecification","valueRequired":true,"valueName":"search_term_string"}}],"inLanguage":"fr-FR"},{"@type":"Organization","@id":"https:\/\/www.koonings.com\/fr\/#organization","name":"Koonings","url":"https:\/\/www.koonings.com\/fr\/","logo":{"@type":"ImageObject","inLanguage":"fr-FR","@id":"https:\/\/www.koonings.com\/fr\/#\/schema\/logo\/image\/","url":"https:\/\/www.koonings.com\/wp-content\/uploads\/2024\/07\/logo.png","contentUrl":"https:\/\/www.koonings.com\/wp-content\/uploads\/2024\/07\/logo.png","width":600,"height":428,"caption":"Koonings"},"image":{"@id":"https:\/\/www.koonings.com\/fr\/#\/schema\/logo\/image\/"},"sameAs":["https:\/\/www.facebook.com\/kooningstheweddingpalace","https:\/\/www.instagram.com\/kooningstheweddingpalace","https:\/\/www.pinterest.com\/koonings","https:\/\/www.youtube.com\/kooningstheweddingpalace"]}]}},"_links":{"self":[{"href":"https:\/\/www.koonings.com\/fr\/wp-json\/wp\/v2\/product\/57712","targetHints":{"allow":["GET"]}}],"collection":[{"href":"https:\/\/www.koonings.com\/fr\/wp-json\/wp\/v2\/product"}],"about":[{"href":"https:\/\/www.koonings.com\/fr\/wp-json\/wp\/v2\/types\/product"}],"wp:featuredmedia":[{"embeddable":true,"href":"https:\/\/www.koonings.com\/fr\/wp-json\/wp\/v2\/media\/39351"}],"wp:attachment":[{"href":"https:\/\/www.koonings.com\/fr\/wp-json\/wp\/v2\/media?parent=57712"}],"wp:term":[{"taxonomy":"productdetails","embeddable":true,"href":"https:\/\/www.koonings.com\/fr\/wp-json\/wp\/v2\/productdetails?post=57712"},{"taxonomy":"productneck","embeddable":true,"href":"https:\/\/www.koonings.com\/fr\/wp-json\/wp\/v2\/productneck?post=57712"},{"taxonomy":"productcolor","embeddable":true,"href":"https:\/\/www.koonings.com\/fr\/wp-json\/wp\/v2\/productcolor?post=57712"},{"taxonomy":"maat","embeddable":true,"href":"https:\/\/www.koonings.com\/fr\/wp-json\/wp\/v2\/maat?post=57712"},{"taxonomy":"productsupplier","embeddable":true,"href":"https:\/\/www.koonings.com\/fr\/wp-json\/wp\/v2\/productsupplier?post=57712"},{"taxonomy":"productsleeve","embeddable":true,"href":"https:\/\/www.koonings.com\/fr\/wp-json\/wp\/v2\/productsleeve?post=57712"},{"taxonomy":"productcategory","embeddable":true,"href":"https:\/\/www.koonings.com\/fr\/wp-json\/wp\/v2\/productcategory?post=57712"},{"taxonomy":"productsilhouette","embeddable":true,"href":"https:\/\/www.koonings.com\/fr\/wp-json\/wp\/v2\/productsilhouette?post=57712"},{"taxonomy":"productstyle","embeddable":true,"href":"https:\/\/www.koonings.com\/fr\/wp-json\/wp\/v2\/productstyle?post=57712"}],"curies":[{"name":"wp","href":"https:\/\/api.w.org\/{rel}","templated":true}]}}