{"id":57708,"date":"2026-04-28T18:12:34","date_gmt":"2026-04-28T16:12:34","guid":{"rendered":"https:\/\/www.koonings.com\/product\/st-patrick-sianna-st124dh2\/"},"modified":"2026-02-16T14:37:55","modified_gmt":"2026-02-16T13:37:55","slug":"st-patrick-sianna-st124dh2","status":"publish","type":"product","link":"https:\/\/www.koonings.com\/fr\/product\/st-patrick-sianna-st124dh2\/","title":{"rendered":"Patrick Sianna ST124DH2"},"content":{"rendered":"<p>Une silhouette de sir\u00e8ne classique au look audacieux mais sophistiqu\u00e9, avec une magnifique dentelle botanique contemporaine qui caresse le haut du corps de la mari\u00e9e et s&#8217;\u00e9tend subtilement \u00e0 la jupe et \u00e0 la tra\u00eene, cr\u00e9ant un look global magique d&#8217;harmonie et de sophistication.<\/p>\n","protected":false},"featured_media":39411,"template":"","meta":{"_acf_changed":false,"ghostkit_customizer_options":"","ghostkit_custom_css":"","ghostkit_custom_js_head":"","ghostkit_custom_js_foot":"","ghostkit_typography":""},"productdetails":[],"productneck":[350],"productcolor":[393,392],"maat":[],"productsupplier":[415],"productsleeve":[362],"productcategory":[18],"productsilhouette":[387],"productstyle":[],"class_list":["post-57708","product","type-product","status-publish","has-post-thumbnail","hentry","productneck-350","productcolor-393","productcolor-392","productsupplier-st-patrick","productsleeve-362","productcategory-trouwjurken","productsilhouette-387"],"acf":[],"yoast_head":"<!-- This site is optimized with the Yoast SEO plugin v27.3 - https:\/\/yoast.com\/product\/yoast-seo-wordpress\/ -->\n<title>Patrick Sianna ST124DH2 | Koonings<\/title>\n<meta name=\"description\" content=\"Une silhouette de sir\u00e8ne classique au look audacieux mais sophistiqu\u00e9, avec une magnifique dentelle botanique contemporaine qui caresse le haut du corps de la mari\u00e9e et s&#039;\u00e9tend subtilement \u00e0 la jupe et \u00e0 la tra\u00eene, cr\u00e9ant un look global magique d&#039;harmonie et de sophistication.\" \/>\n<meta name=\"robots\" content=\"index, follow, max-snippet:-1, max-image-preview:large, max-video-preview:-1\" \/>\n<link rel=\"canonical\" href=\"https:\/\/www.koonings.com\/fr\/product\/st-patrick-sianna-st124dh2\/\" \/>\n<meta property=\"og:locale\" content=\"fr_FR\" \/>\n<meta property=\"og:type\" content=\"article\" \/>\n<meta property=\"og:title\" content=\"Patrick Sianna ST124DH2 | Koonings\" \/>\n<meta property=\"og:description\" content=\"Une silhouette de sir\u00e8ne classique au look audacieux mais sophistiqu\u00e9, avec une magnifique dentelle botanique contemporaine qui caresse le haut du corps de la mari\u00e9e et s&#039;\u00e9tend subtilement \u00e0 la jupe et \u00e0 la tra\u00eene, cr\u00e9ant un look global magique d&#039;harmonie et de sophistication.\" \/>\n<meta property=\"og:url\" content=\"https:\/\/www.koonings.com\/fr\/product\/st-patrick-sianna-st124dh2\/\" \/>\n<meta property=\"og:site_name\" content=\"Koonings\" \/>\n<meta property=\"article:publisher\" content=\"https:\/\/www.facebook.com\/kooningstheweddingpalace\" \/>\n<meta property=\"og:image\" content=\"https:\/\/www.koonings.com\/wp-content\/uploads\/2024\/11\/39285_e518b506870854d89c5b99d04315d2d4951c488786f02f14b6b4f247865f619658df0b95-scaled.jpeg\" \/>\n\t<meta property=\"og:image:width\" content=\"1807\" \/>\n\t<meta property=\"og:image:height\" content=\"2560\" \/>\n\t<meta property=\"og:image:type\" content=\"image\/jpeg\" \/>\n<meta name=\"twitter:card\" content=\"summary_large_image\" \/>\n<script type=\"application\/ld+json\" class=\"yoast-schema-graph\">{\"@context\":\"https:\\\/\\\/schema.org\",\"@graph\":[{\"@type\":\"WebPage\",\"@id\":\"https:\\\/\\\/www.koonings.com\\\/fr\\\/product\\\/st-patrick-sianna-st124dh2\\\/\",\"url\":\"https:\\\/\\\/www.koonings.com\\\/fr\\\/product\\\/st-patrick-sianna-st124dh2\\\/\",\"name\":\"Patrick Sianna ST124DH2 | Koonings\",\"isPartOf\":{\"@id\":\"https:\\\/\\\/www.koonings.com\\\/fr\\\/#website\"},\"primaryImageOfPage\":{\"@id\":\"https:\\\/\\\/www.koonings.com\\\/fr\\\/product\\\/st-patrick-sianna-st124dh2\\\/#primaryimage\"},\"image\":{\"@id\":\"https:\\\/\\\/www.koonings.com\\\/fr\\\/product\\\/st-patrick-sianna-st124dh2\\\/#primaryimage\"},\"thumbnailUrl\":\"https:\\\/\\\/www.koonings.com\\\/wp-content\\\/uploads\\\/2024\\\/11\\\/39285_e518b506870854d89c5b99d04315d2d4951c488786f02f14b6b4f247865f619658df0b95-scaled.jpeg\",\"datePublished\":\"2026-04-28T16:12:34+00:00\",\"description\":\"Une silhouette de sir\u00e8ne classique au look audacieux mais sophistiqu\u00e9, avec une magnifique dentelle botanique contemporaine qui caresse le haut du corps de la mari\u00e9e et s'\u00e9tend subtilement \u00e0 la jupe et \u00e0 la tra\u00eene, cr\u00e9ant un look global magique d'harmonie et de sophistication.\",\"breadcrumb\":{\"@id\":\"https:\\\/\\\/www.koonings.com\\\/fr\\\/product\\\/st-patrick-sianna-st124dh2\\\/#breadcrumb\"},\"inLanguage\":\"fr-FR\",\"potentialAction\":[{\"@type\":\"ReadAction\",\"target\":[\"https:\\\/\\\/www.koonings.com\\\/fr\\\/product\\\/st-patrick-sianna-st124dh2\\\/\"]}]},{\"@type\":\"ImageObject\",\"inLanguage\":\"fr-FR\",\"@id\":\"https:\\\/\\\/www.koonings.com\\\/fr\\\/product\\\/st-patrick-sianna-st124dh2\\\/#primaryimage\",\"url\":\"https:\\\/\\\/www.koonings.com\\\/wp-content\\\/uploads\\\/2024\\\/11\\\/39285_e518b506870854d89c5b99d04315d2d4951c488786f02f14b6b4f247865f619658df0b95-scaled.jpeg\",\"contentUrl\":\"https:\\\/\\\/www.koonings.com\\\/wp-content\\\/uploads\\\/2024\\\/11\\\/39285_e518b506870854d89c5b99d04315d2d4951c488786f02f14b6b4f247865f619658df0b95-scaled.jpeg\",\"width\":1807,\"height\":2560},{\"@type\":\"BreadcrumbList\",\"@id\":\"https:\\\/\\\/www.koonings.com\\\/fr\\\/product\\\/st-patrick-sianna-st124dh2\\\/#breadcrumb\",\"itemListElement\":[{\"@type\":\"ListItem\",\"position\":1,\"name\":\"Home\",\"item\":\"https:\\\/\\\/www.koonings.com\\\/fr\\\/\"},{\"@type\":\"ListItem\",\"position\":2,\"name\":\"Patrick Sianna ST124DH2\"}]},{\"@type\":\"WebSite\",\"@id\":\"https:\\\/\\\/www.koonings.com\\\/fr\\\/#website\",\"url\":\"https:\\\/\\\/www.koonings.com\\\/fr\\\/\",\"name\":\"Koonings\",\"description\":\"De grootste bruidsmodewinkel ter wereld\",\"publisher\":{\"@id\":\"https:\\\/\\\/www.koonings.com\\\/fr\\\/#organization\"},\"potentialAction\":[{\"@type\":\"SearchAction\",\"target\":{\"@type\":\"EntryPoint\",\"urlTemplate\":\"https:\\\/\\\/www.koonings.com\\\/fr\\\/?s={search_term_string}\"},\"query-input\":{\"@type\":\"PropertyValueSpecification\",\"valueRequired\":true,\"valueName\":\"search_term_string\"}}],\"inLanguage\":\"fr-FR\"},{\"@type\":\"Organization\",\"@id\":\"https:\\\/\\\/www.koonings.com\\\/fr\\\/#organization\",\"name\":\"Koonings\",\"url\":\"https:\\\/\\\/www.koonings.com\\\/fr\\\/\",\"logo\":{\"@type\":\"ImageObject\",\"inLanguage\":\"fr-FR\",\"@id\":\"https:\\\/\\\/www.koonings.com\\\/fr\\\/#\\\/schema\\\/logo\\\/image\\\/\",\"url\":\"https:\\\/\\\/www.koonings.com\\\/wp-content\\\/uploads\\\/2024\\\/07\\\/logo.png\",\"contentUrl\":\"https:\\\/\\\/www.koonings.com\\\/wp-content\\\/uploads\\\/2024\\\/07\\\/logo.png\",\"width\":600,\"height\":428,\"caption\":\"Koonings\"},\"image\":{\"@id\":\"https:\\\/\\\/www.koonings.com\\\/fr\\\/#\\\/schema\\\/logo\\\/image\\\/\"},\"sameAs\":[\"https:\\\/\\\/www.facebook.com\\\/kooningstheweddingpalace\",\"https:\\\/\\\/www.instagram.com\\\/kooningstheweddingpalace\",\"https:\\\/\\\/www.pinterest.com\\\/koonings\",\"https:\\\/\\\/www.youtube.com\\\/kooningstheweddingpalace\"]}]}<\/script>\n<!-- \/ Yoast SEO plugin. -->","yoast_head_json":{"title":"Patrick Sianna ST124DH2 | Koonings","description":"Une silhouette de sir\u00e8ne classique au look audacieux mais sophistiqu\u00e9, avec une magnifique dentelle botanique contemporaine qui caresse le haut du corps de la mari\u00e9e et s'\u00e9tend subtilement \u00e0 la jupe et \u00e0 la tra\u00eene, cr\u00e9ant un look global magique d'harmonie et de sophistication.","robots":{"index":"index","follow":"follow","max-snippet":"max-snippet:-1","max-image-preview":"max-image-preview:large","max-video-preview":"max-video-preview:-1"},"canonical":"https:\/\/www.koonings.com\/fr\/product\/st-patrick-sianna-st124dh2\/","og_locale":"fr_FR","og_type":"article","og_title":"Patrick Sianna ST124DH2 | Koonings","og_description":"Une silhouette de sir\u00e8ne classique au look audacieux mais sophistiqu\u00e9, avec une magnifique dentelle botanique contemporaine qui caresse le haut du corps de la mari\u00e9e et s'\u00e9tend subtilement \u00e0 la jupe et \u00e0 la tra\u00eene, cr\u00e9ant un look global magique d'harmonie et de sophistication.","og_url":"https:\/\/www.koonings.com\/fr\/product\/st-patrick-sianna-st124dh2\/","og_site_name":"Koonings","article_publisher":"https:\/\/www.facebook.com\/kooningstheweddingpalace","og_image":[{"width":1807,"height":2560,"url":"https:\/\/www.koonings.com\/wp-content\/uploads\/2024\/11\/39285_e518b506870854d89c5b99d04315d2d4951c488786f02f14b6b4f247865f619658df0b95-scaled.jpeg","type":"image\/jpeg"}],"twitter_card":"summary_large_image","schema":{"@context":"https:\/\/schema.org","@graph":[{"@type":"WebPage","@id":"https:\/\/www.koonings.com\/fr\/product\/st-patrick-sianna-st124dh2\/","url":"https:\/\/www.koonings.com\/fr\/product\/st-patrick-sianna-st124dh2\/","name":"Patrick Sianna ST124DH2 | Koonings","isPartOf":{"@id":"https:\/\/www.koonings.com\/fr\/#website"},"primaryImageOfPage":{"@id":"https:\/\/www.koonings.com\/fr\/product\/st-patrick-sianna-st124dh2\/#primaryimage"},"image":{"@id":"https:\/\/www.koonings.com\/fr\/product\/st-patrick-sianna-st124dh2\/#primaryimage"},"thumbnailUrl":"https:\/\/www.koonings.com\/wp-content\/uploads\/2024\/11\/39285_e518b506870854d89c5b99d04315d2d4951c488786f02f14b6b4f247865f619658df0b95-scaled.jpeg","datePublished":"2026-04-28T16:12:34+00:00","description":"Une silhouette de sir\u00e8ne classique au look audacieux mais sophistiqu\u00e9, avec une magnifique dentelle botanique contemporaine qui caresse le haut du corps de la mari\u00e9e et s'\u00e9tend subtilement \u00e0 la jupe et \u00e0 la tra\u00eene, cr\u00e9ant un look global magique d'harmonie et de sophistication.","breadcrumb":{"@id":"https:\/\/www.koonings.com\/fr\/product\/st-patrick-sianna-st124dh2\/#breadcrumb"},"inLanguage":"fr-FR","potentialAction":[{"@type":"ReadAction","target":["https:\/\/www.koonings.com\/fr\/product\/st-patrick-sianna-st124dh2\/"]}]},{"@type":"ImageObject","inLanguage":"fr-FR","@id":"https:\/\/www.koonings.com\/fr\/product\/st-patrick-sianna-st124dh2\/#primaryimage","url":"https:\/\/www.koonings.com\/wp-content\/uploads\/2024\/11\/39285_e518b506870854d89c5b99d04315d2d4951c488786f02f14b6b4f247865f619658df0b95-scaled.jpeg","contentUrl":"https:\/\/www.koonings.com\/wp-content\/uploads\/2024\/11\/39285_e518b506870854d89c5b99d04315d2d4951c488786f02f14b6b4f247865f619658df0b95-scaled.jpeg","width":1807,"height":2560},{"@type":"BreadcrumbList","@id":"https:\/\/www.koonings.com\/fr\/product\/st-patrick-sianna-st124dh2\/#breadcrumb","itemListElement":[{"@type":"ListItem","position":1,"name":"Home","item":"https:\/\/www.koonings.com\/fr\/"},{"@type":"ListItem","position":2,"name":"Patrick Sianna ST124DH2"}]},{"@type":"WebSite","@id":"https:\/\/www.koonings.com\/fr\/#website","url":"https:\/\/www.koonings.com\/fr\/","name":"Koonings","description":"De grootste bruidsmodewinkel ter wereld","publisher":{"@id":"https:\/\/www.koonings.com\/fr\/#organization"},"potentialAction":[{"@type":"SearchAction","target":{"@type":"EntryPoint","urlTemplate":"https:\/\/www.koonings.com\/fr\/?s={search_term_string}"},"query-input":{"@type":"PropertyValueSpecification","valueRequired":true,"valueName":"search_term_string"}}],"inLanguage":"fr-FR"},{"@type":"Organization","@id":"https:\/\/www.koonings.com\/fr\/#organization","name":"Koonings","url":"https:\/\/www.koonings.com\/fr\/","logo":{"@type":"ImageObject","inLanguage":"fr-FR","@id":"https:\/\/www.koonings.com\/fr\/#\/schema\/logo\/image\/","url":"https:\/\/www.koonings.com\/wp-content\/uploads\/2024\/07\/logo.png","contentUrl":"https:\/\/www.koonings.com\/wp-content\/uploads\/2024\/07\/logo.png","width":600,"height":428,"caption":"Koonings"},"image":{"@id":"https:\/\/www.koonings.com\/fr\/#\/schema\/logo\/image\/"},"sameAs":["https:\/\/www.facebook.com\/kooningstheweddingpalace","https:\/\/www.instagram.com\/kooningstheweddingpalace","https:\/\/www.pinterest.com\/koonings","https:\/\/www.youtube.com\/kooningstheweddingpalace"]}]}},"_links":{"self":[{"href":"https:\/\/www.koonings.com\/fr\/wp-json\/wp\/v2\/product\/57708","targetHints":{"allow":["GET"]}}],"collection":[{"href":"https:\/\/www.koonings.com\/fr\/wp-json\/wp\/v2\/product"}],"about":[{"href":"https:\/\/www.koonings.com\/fr\/wp-json\/wp\/v2\/types\/product"}],"wp:featuredmedia":[{"embeddable":true,"href":"https:\/\/www.koonings.com\/fr\/wp-json\/wp\/v2\/media\/39411"}],"wp:attachment":[{"href":"https:\/\/www.koonings.com\/fr\/wp-json\/wp\/v2\/media?parent=57708"}],"wp:term":[{"taxonomy":"productdetails","embeddable":true,"href":"https:\/\/www.koonings.com\/fr\/wp-json\/wp\/v2\/productdetails?post=57708"},{"taxonomy":"productneck","embeddable":true,"href":"https:\/\/www.koonings.com\/fr\/wp-json\/wp\/v2\/productneck?post=57708"},{"taxonomy":"productcolor","embeddable":true,"href":"https:\/\/www.koonings.com\/fr\/wp-json\/wp\/v2\/productcolor?post=57708"},{"taxonomy":"maat","embeddable":true,"href":"https:\/\/www.koonings.com\/fr\/wp-json\/wp\/v2\/maat?post=57708"},{"taxonomy":"productsupplier","embeddable":true,"href":"https:\/\/www.koonings.com\/fr\/wp-json\/wp\/v2\/productsupplier?post=57708"},{"taxonomy":"productsleeve","embeddable":true,"href":"https:\/\/www.koonings.com\/fr\/wp-json\/wp\/v2\/productsleeve?post=57708"},{"taxonomy":"productcategory","embeddable":true,"href":"https:\/\/www.koonings.com\/fr\/wp-json\/wp\/v2\/productcategory?post=57708"},{"taxonomy":"productsilhouette","embeddable":true,"href":"https:\/\/www.koonings.com\/fr\/wp-json\/wp\/v2\/productsilhouette?post=57708"},{"taxonomy":"productstyle","embeddable":true,"href":"https:\/\/www.koonings.com\/fr\/wp-json\/wp\/v2\/productstyle?post=57708"}],"curies":[{"name":"wp","href":"https:\/\/api.w.org\/{rel}","templated":true}]}}