{"id":57655,"date":"2026-05-06T15:12:52","date_gmt":"2026-05-06T13:12:52","guid":{"rendered":"https:\/\/www.koonings.com\/product\/pronovias-privee-almaha-pp122bj1\/"},"modified":"2026-02-16T14:38:06","modified_gmt":"2026-02-16T13:38:06","slug":"pronovias-privee-almaha-pp122bj1","status":"publish","type":"product","link":"https:\/\/www.koonings.com\/fr\/product\/pronovias-privee-almaha-pp122bj1\/","title":{"rendered":"Pronovias Privee Almaha PP122BJ1"},"content":{"rendered":"<p>Cette robe de mari\u00e9e flottante et \u00e9th\u00e9r\u00e9e est orn\u00e9e d&#8217;appliques en 3D qui attirent l&#8217;attention. Elle se compose d&#8217;un corsage pr\u00e8s du corps soutenu par une armature et des bonnets, et d&#8217;une jupe expressive avec une sous-couche de tulle scintillant. <\/p>\n","protected":false},"featured_media":39715,"template":"","meta":{"_acf_changed":false,"ghostkit_customizer_options":"","ghostkit_custom_css":"","ghostkit_custom_js_head":"","ghostkit_custom_js_foot":"","ghostkit_typography":""},"productdetails":[],"productneck":[354],"productcolor":[392],"maat":[],"productsupplier":[438],"productsleeve":[363],"productcategory":[18],"productsilhouette":[384],"productstyle":[],"class_list":["post-57655","product","type-product","status-publish","has-post-thumbnail","hentry","productneck-354","productcolor-392","productsupplier-pronovias-privee","productsleeve-363","productcategory-trouwjurken","productsilhouette-384"],"acf":[],"yoast_head":"<!-- This site is optimized with the Yoast SEO plugin v27.3 - https:\/\/yoast.com\/product\/yoast-seo-wordpress\/ -->\n<title>Pronovias Privee Almaha PP122BJ1 | Koonings<\/title>\n<meta name=\"description\" content=\"Cette robe de mari\u00e9e flottante et \u00e9th\u00e9r\u00e9e est orn\u00e9e d&#039;appliques en 3D qui attirent l&#039;attention. Elle se compose d&#039;un corsage pr\u00e8s du corps soutenu par une armature et des bonnets, et d&#039;une jupe expressive avec une sous-couche de tulle scintillant.\" \/>\n<meta name=\"robots\" content=\"index, follow, max-snippet:-1, max-image-preview:large, max-video-preview:-1\" \/>\n<link rel=\"canonical\" href=\"https:\/\/www.koonings.com\/fr\/product\/pronovias-privee-almaha-pp122bj1\/\" \/>\n<meta property=\"og:locale\" content=\"fr_FR\" \/>\n<meta property=\"og:type\" content=\"article\" \/>\n<meta property=\"og:title\" content=\"Pronovias Privee Almaha PP122BJ1 | Koonings\" \/>\n<meta property=\"og:description\" content=\"Cette robe de mari\u00e9e flottante et \u00e9th\u00e9r\u00e9e est orn\u00e9e d&#039;appliques en 3D qui attirent l&#039;attention. Elle se compose d&#039;un corsage pr\u00e8s du corps soutenu par une armature et des bonnets, et d&#039;une jupe expressive avec une sous-couche de tulle scintillant.\" \/>\n<meta property=\"og:url\" content=\"https:\/\/www.koonings.com\/fr\/product\/pronovias-privee-almaha-pp122bj1\/\" \/>\n<meta property=\"og:site_name\" content=\"Koonings\" \/>\n<meta property=\"article:publisher\" content=\"https:\/\/www.facebook.com\/kooningstheweddingpalace\" \/>\n<meta property=\"og:image\" content=\"https:\/\/www.koonings.com\/wp-content\/uploads\/2024\/11\/39338_4d28d3e3457a565872c9de11ccb65df83a6ec0b2d048c8d3e82c54b36ea88376c3c4663b-scaled.jpeg\" \/>\n\t<meta property=\"og:image:width\" content=\"1810\" \/>\n\t<meta property=\"og:image:height\" content=\"2560\" \/>\n\t<meta property=\"og:image:type\" content=\"image\/jpeg\" \/>\n<meta name=\"twitter:card\" content=\"summary_large_image\" \/>\n<script type=\"application\/ld+json\" class=\"yoast-schema-graph\">{\"@context\":\"https:\\\/\\\/schema.org\",\"@graph\":[{\"@type\":\"WebPage\",\"@id\":\"https:\\\/\\\/www.koonings.com\\\/fr\\\/product\\\/pronovias-privee-almaha-pp122bj1\\\/\",\"url\":\"https:\\\/\\\/www.koonings.com\\\/fr\\\/product\\\/pronovias-privee-almaha-pp122bj1\\\/\",\"name\":\"Pronovias Privee Almaha PP122BJ1 | Koonings\",\"isPartOf\":{\"@id\":\"https:\\\/\\\/www.koonings.com\\\/fr\\\/#website\"},\"primaryImageOfPage\":{\"@id\":\"https:\\\/\\\/www.koonings.com\\\/fr\\\/product\\\/pronovias-privee-almaha-pp122bj1\\\/#primaryimage\"},\"image\":{\"@id\":\"https:\\\/\\\/www.koonings.com\\\/fr\\\/product\\\/pronovias-privee-almaha-pp122bj1\\\/#primaryimage\"},\"thumbnailUrl\":\"https:\\\/\\\/www.koonings.com\\\/wp-content\\\/uploads\\\/2024\\\/11\\\/39338_4d28d3e3457a565872c9de11ccb65df83a6ec0b2d048c8d3e82c54b36ea88376c3c4663b-scaled.jpeg\",\"datePublished\":\"2026-05-06T13:12:52+00:00\",\"description\":\"Cette robe de mari\u00e9e flottante et \u00e9th\u00e9r\u00e9e est orn\u00e9e d'appliques en 3D qui attirent l'attention. Elle se compose d'un corsage pr\u00e8s du corps soutenu par une armature et des bonnets, et d'une jupe expressive avec une sous-couche de tulle scintillant.\",\"breadcrumb\":{\"@id\":\"https:\\\/\\\/www.koonings.com\\\/fr\\\/product\\\/pronovias-privee-almaha-pp122bj1\\\/#breadcrumb\"},\"inLanguage\":\"fr-FR\",\"potentialAction\":[{\"@type\":\"ReadAction\",\"target\":[\"https:\\\/\\\/www.koonings.com\\\/fr\\\/product\\\/pronovias-privee-almaha-pp122bj1\\\/\"]}]},{\"@type\":\"ImageObject\",\"inLanguage\":\"fr-FR\",\"@id\":\"https:\\\/\\\/www.koonings.com\\\/fr\\\/product\\\/pronovias-privee-almaha-pp122bj1\\\/#primaryimage\",\"url\":\"https:\\\/\\\/www.koonings.com\\\/wp-content\\\/uploads\\\/2024\\\/11\\\/39338_4d28d3e3457a565872c9de11ccb65df83a6ec0b2d048c8d3e82c54b36ea88376c3c4663b-scaled.jpeg\",\"contentUrl\":\"https:\\\/\\\/www.koonings.com\\\/wp-content\\\/uploads\\\/2024\\\/11\\\/39338_4d28d3e3457a565872c9de11ccb65df83a6ec0b2d048c8d3e82c54b36ea88376c3c4663b-scaled.jpeg\",\"width\":1810,\"height\":2560},{\"@type\":\"BreadcrumbList\",\"@id\":\"https:\\\/\\\/www.koonings.com\\\/fr\\\/product\\\/pronovias-privee-almaha-pp122bj1\\\/#breadcrumb\",\"itemListElement\":[{\"@type\":\"ListItem\",\"position\":1,\"name\":\"Home\",\"item\":\"https:\\\/\\\/www.koonings.com\\\/fr\\\/\"},{\"@type\":\"ListItem\",\"position\":2,\"name\":\"Pronovias Privee Almaha PP122BJ1\"}]},{\"@type\":\"WebSite\",\"@id\":\"https:\\\/\\\/www.koonings.com\\\/fr\\\/#website\",\"url\":\"https:\\\/\\\/www.koonings.com\\\/fr\\\/\",\"name\":\"Koonings\",\"description\":\"De grootste bruidsmodewinkel ter wereld\",\"publisher\":{\"@id\":\"https:\\\/\\\/www.koonings.com\\\/fr\\\/#organization\"},\"potentialAction\":[{\"@type\":\"SearchAction\",\"target\":{\"@type\":\"EntryPoint\",\"urlTemplate\":\"https:\\\/\\\/www.koonings.com\\\/fr\\\/?s={search_term_string}\"},\"query-input\":{\"@type\":\"PropertyValueSpecification\",\"valueRequired\":true,\"valueName\":\"search_term_string\"}}],\"inLanguage\":\"fr-FR\"},{\"@type\":\"Organization\",\"@id\":\"https:\\\/\\\/www.koonings.com\\\/fr\\\/#organization\",\"name\":\"Koonings\",\"url\":\"https:\\\/\\\/www.koonings.com\\\/fr\\\/\",\"logo\":{\"@type\":\"ImageObject\",\"inLanguage\":\"fr-FR\",\"@id\":\"https:\\\/\\\/www.koonings.com\\\/fr\\\/#\\\/schema\\\/logo\\\/image\\\/\",\"url\":\"https:\\\/\\\/www.koonings.com\\\/wp-content\\\/uploads\\\/2024\\\/07\\\/logo.png\",\"contentUrl\":\"https:\\\/\\\/www.koonings.com\\\/wp-content\\\/uploads\\\/2024\\\/07\\\/logo.png\",\"width\":600,\"height\":428,\"caption\":\"Koonings\"},\"image\":{\"@id\":\"https:\\\/\\\/www.koonings.com\\\/fr\\\/#\\\/schema\\\/logo\\\/image\\\/\"},\"sameAs\":[\"https:\\\/\\\/www.facebook.com\\\/kooningstheweddingpalace\",\"https:\\\/\\\/www.instagram.com\\\/kooningstheweddingpalace\",\"https:\\\/\\\/www.pinterest.com\\\/koonings\",\"https:\\\/\\\/www.youtube.com\\\/kooningstheweddingpalace\"]}]}<\/script>\n<!-- \/ Yoast SEO plugin. -->","yoast_head_json":{"title":"Pronovias Privee Almaha PP122BJ1 | Koonings","description":"Cette robe de mari\u00e9e flottante et \u00e9th\u00e9r\u00e9e est orn\u00e9e d'appliques en 3D qui attirent l'attention. Elle se compose d'un corsage pr\u00e8s du corps soutenu par une armature et des bonnets, et d'une jupe expressive avec une sous-couche de tulle scintillant.","robots":{"index":"index","follow":"follow","max-snippet":"max-snippet:-1","max-image-preview":"max-image-preview:large","max-video-preview":"max-video-preview:-1"},"canonical":"https:\/\/www.koonings.com\/fr\/product\/pronovias-privee-almaha-pp122bj1\/","og_locale":"fr_FR","og_type":"article","og_title":"Pronovias Privee Almaha PP122BJ1 | Koonings","og_description":"Cette robe de mari\u00e9e flottante et \u00e9th\u00e9r\u00e9e est orn\u00e9e d'appliques en 3D qui attirent l'attention. Elle se compose d'un corsage pr\u00e8s du corps soutenu par une armature et des bonnets, et d'une jupe expressive avec une sous-couche de tulle scintillant.","og_url":"https:\/\/www.koonings.com\/fr\/product\/pronovias-privee-almaha-pp122bj1\/","og_site_name":"Koonings","article_publisher":"https:\/\/www.facebook.com\/kooningstheweddingpalace","og_image":[{"width":1810,"height":2560,"url":"https:\/\/www.koonings.com\/wp-content\/uploads\/2024\/11\/39338_4d28d3e3457a565872c9de11ccb65df83a6ec0b2d048c8d3e82c54b36ea88376c3c4663b-scaled.jpeg","type":"image\/jpeg"}],"twitter_card":"summary_large_image","schema":{"@context":"https:\/\/schema.org","@graph":[{"@type":"WebPage","@id":"https:\/\/www.koonings.com\/fr\/product\/pronovias-privee-almaha-pp122bj1\/","url":"https:\/\/www.koonings.com\/fr\/product\/pronovias-privee-almaha-pp122bj1\/","name":"Pronovias Privee Almaha PP122BJ1 | Koonings","isPartOf":{"@id":"https:\/\/www.koonings.com\/fr\/#website"},"primaryImageOfPage":{"@id":"https:\/\/www.koonings.com\/fr\/product\/pronovias-privee-almaha-pp122bj1\/#primaryimage"},"image":{"@id":"https:\/\/www.koonings.com\/fr\/product\/pronovias-privee-almaha-pp122bj1\/#primaryimage"},"thumbnailUrl":"https:\/\/www.koonings.com\/wp-content\/uploads\/2024\/11\/39338_4d28d3e3457a565872c9de11ccb65df83a6ec0b2d048c8d3e82c54b36ea88376c3c4663b-scaled.jpeg","datePublished":"2026-05-06T13:12:52+00:00","description":"Cette robe de mari\u00e9e flottante et \u00e9th\u00e9r\u00e9e est orn\u00e9e d'appliques en 3D qui attirent l'attention. Elle se compose d'un corsage pr\u00e8s du corps soutenu par une armature et des bonnets, et d'une jupe expressive avec une sous-couche de tulle scintillant.","breadcrumb":{"@id":"https:\/\/www.koonings.com\/fr\/product\/pronovias-privee-almaha-pp122bj1\/#breadcrumb"},"inLanguage":"fr-FR","potentialAction":[{"@type":"ReadAction","target":["https:\/\/www.koonings.com\/fr\/product\/pronovias-privee-almaha-pp122bj1\/"]}]},{"@type":"ImageObject","inLanguage":"fr-FR","@id":"https:\/\/www.koonings.com\/fr\/product\/pronovias-privee-almaha-pp122bj1\/#primaryimage","url":"https:\/\/www.koonings.com\/wp-content\/uploads\/2024\/11\/39338_4d28d3e3457a565872c9de11ccb65df83a6ec0b2d048c8d3e82c54b36ea88376c3c4663b-scaled.jpeg","contentUrl":"https:\/\/www.koonings.com\/wp-content\/uploads\/2024\/11\/39338_4d28d3e3457a565872c9de11ccb65df83a6ec0b2d048c8d3e82c54b36ea88376c3c4663b-scaled.jpeg","width":1810,"height":2560},{"@type":"BreadcrumbList","@id":"https:\/\/www.koonings.com\/fr\/product\/pronovias-privee-almaha-pp122bj1\/#breadcrumb","itemListElement":[{"@type":"ListItem","position":1,"name":"Home","item":"https:\/\/www.koonings.com\/fr\/"},{"@type":"ListItem","position":2,"name":"Pronovias Privee Almaha PP122BJ1"}]},{"@type":"WebSite","@id":"https:\/\/www.koonings.com\/fr\/#website","url":"https:\/\/www.koonings.com\/fr\/","name":"Koonings","description":"De grootste bruidsmodewinkel ter wereld","publisher":{"@id":"https:\/\/www.koonings.com\/fr\/#organization"},"potentialAction":[{"@type":"SearchAction","target":{"@type":"EntryPoint","urlTemplate":"https:\/\/www.koonings.com\/fr\/?s={search_term_string}"},"query-input":{"@type":"PropertyValueSpecification","valueRequired":true,"valueName":"search_term_string"}}],"inLanguage":"fr-FR"},{"@type":"Organization","@id":"https:\/\/www.koonings.com\/fr\/#organization","name":"Koonings","url":"https:\/\/www.koonings.com\/fr\/","logo":{"@type":"ImageObject","inLanguage":"fr-FR","@id":"https:\/\/www.koonings.com\/fr\/#\/schema\/logo\/image\/","url":"https:\/\/www.koonings.com\/wp-content\/uploads\/2024\/07\/logo.png","contentUrl":"https:\/\/www.koonings.com\/wp-content\/uploads\/2024\/07\/logo.png","width":600,"height":428,"caption":"Koonings"},"image":{"@id":"https:\/\/www.koonings.com\/fr\/#\/schema\/logo\/image\/"},"sameAs":["https:\/\/www.facebook.com\/kooningstheweddingpalace","https:\/\/www.instagram.com\/kooningstheweddingpalace","https:\/\/www.pinterest.com\/koonings","https:\/\/www.youtube.com\/kooningstheweddingpalace"]}]}},"_links":{"self":[{"href":"https:\/\/www.koonings.com\/fr\/wp-json\/wp\/v2\/product\/57655","targetHints":{"allow":["GET"]}}],"collection":[{"href":"https:\/\/www.koonings.com\/fr\/wp-json\/wp\/v2\/product"}],"about":[{"href":"https:\/\/www.koonings.com\/fr\/wp-json\/wp\/v2\/types\/product"}],"wp:featuredmedia":[{"embeddable":true,"href":"https:\/\/www.koonings.com\/fr\/wp-json\/wp\/v2\/media\/39715"}],"wp:attachment":[{"href":"https:\/\/www.koonings.com\/fr\/wp-json\/wp\/v2\/media?parent=57655"}],"wp:term":[{"taxonomy":"productdetails","embeddable":true,"href":"https:\/\/www.koonings.com\/fr\/wp-json\/wp\/v2\/productdetails?post=57655"},{"taxonomy":"productneck","embeddable":true,"href":"https:\/\/www.koonings.com\/fr\/wp-json\/wp\/v2\/productneck?post=57655"},{"taxonomy":"productcolor","embeddable":true,"href":"https:\/\/www.koonings.com\/fr\/wp-json\/wp\/v2\/productcolor?post=57655"},{"taxonomy":"maat","embeddable":true,"href":"https:\/\/www.koonings.com\/fr\/wp-json\/wp\/v2\/maat?post=57655"},{"taxonomy":"productsupplier","embeddable":true,"href":"https:\/\/www.koonings.com\/fr\/wp-json\/wp\/v2\/productsupplier?post=57655"},{"taxonomy":"productsleeve","embeddable":true,"href":"https:\/\/www.koonings.com\/fr\/wp-json\/wp\/v2\/productsleeve?post=57655"},{"taxonomy":"productcategory","embeddable":true,"href":"https:\/\/www.koonings.com\/fr\/wp-json\/wp\/v2\/productcategory?post=57655"},{"taxonomy":"productsilhouette","embeddable":true,"href":"https:\/\/www.koonings.com\/fr\/wp-json\/wp\/v2\/productsilhouette?post=57655"},{"taxonomy":"productstyle","embeddable":true,"href":"https:\/\/www.koonings.com\/fr\/wp-json\/wp\/v2\/productstyle?post=57655"}],"curies":[{"name":"wp","href":"https:\/\/api.w.org\/{rel}","templated":true}]}}