{"id":57604,"date":"2026-04-28T18:12:46","date_gmt":"2026-04-28T16:12:46","guid":{"rendered":"https:\/\/www.koonings.com\/product\/pronovias-fashion-group-sherie-pr124bq4\/"},"modified":"2026-02-16T14:39:11","modified_gmt":"2026-02-16T13:39:11","slug":"pronovias-fashion-group-sherie-pr124bq4","status":"publish","type":"product","link":"https:\/\/www.koonings.com\/fr\/product\/pronovias-fashion-group-sherie-pr124bq4\/","title":{"rendered":"Pronovias Fashion Group Sherie PR124BQ4"},"content":{"rendered":"<p>Charmante robe sir\u00e8ne avec d\u00e9tails en dentelle glamour et d\u00e9collet\u00e9 en V profond. La robe et les manches longues combin\u00e9es \u00e0 un chic trou de serrure dans le dos apportent une touche suppl\u00e9mentaire de glamour. Terminez par la tra\u00eene amovible pour descendre l&#8217;all\u00e9e, et retirez-la plus tard pour danser et vous d\u00e9placer facilement. D\u00e9couvrez les derni\u00e8res collections de Pronovias dans le magnifique shop-in-shop de Koonings The Wedding Palace !   <\/p>\n","protected":false},"featured_media":39930,"template":"","meta":{"_acf_changed":false,"ghostkit_customizer_options":"","ghostkit_custom_css":"","ghostkit_custom_js_head":"","ghostkit_custom_js_foot":"","ghostkit_typography":""},"productdetails":[380,381],"productneck":[356],"productcolor":[393,392],"maat":[],"productsupplier":[430],"productsleeve":[362],"productcategory":[18],"productsilhouette":[387],"productstyle":[366,370],"class_list":["post-57604","product","type-product","status-publish","has-post-thumbnail","hentry","productdetails-380","productdetails-381","productneck-356","productcolor-393","productcolor-392","productsupplier-pronovias-fashion-group","productsleeve-362","productcategory-trouwjurken","productsilhouette-387","productstyle-366","productstyle-370"],"acf":[],"yoast_head":"<!-- This site is optimized with the Yoast SEO plugin v27.3 - https:\/\/yoast.com\/product\/yoast-seo-wordpress\/ -->\n<title>Pronovias Fashion Group Sherie PR124BQ4 | Koonings<\/title>\n<meta name=\"description\" content=\"Charmante robe sir\u00e8ne avec d\u00e9tails en dentelle glamour et d\u00e9collet\u00e9 en V profond. La robe et les manches longues combin\u00e9es \u00e0 un chic trou de serrure dans le dos apportent une touche suppl\u00e9mentaire de glamour. Terminez par la tra\u00eene amovible pour descendre l&#039;all\u00e9e, et retirez-la plus tard pour danser et vous d\u00e9placer facilement. D\u00e9couvrez les derni\u00e8res collections de Pronovias dans le magnifique shop-in-shop de Koonings The Wedding Palace !\" \/>\n<meta name=\"robots\" content=\"index, follow, max-snippet:-1, max-image-preview:large, max-video-preview:-1\" \/>\n<link rel=\"canonical\" href=\"https:\/\/www.koonings.com\/fr\/product\/pronovias-fashion-group-sherie-pr124bq4\/\" \/>\n<meta property=\"og:locale\" content=\"fr_FR\" \/>\n<meta property=\"og:type\" content=\"article\" \/>\n<meta property=\"og:title\" content=\"Pronovias Fashion Group Sherie PR124BQ4 | Koonings\" \/>\n<meta property=\"og:description\" content=\"Charmante robe sir\u00e8ne avec d\u00e9tails en dentelle glamour et d\u00e9collet\u00e9 en V profond. La robe et les manches longues combin\u00e9es \u00e0 un chic trou de serrure dans le dos apportent une touche suppl\u00e9mentaire de glamour. Terminez par la tra\u00eene amovible pour descendre l&#039;all\u00e9e, et retirez-la plus tard pour danser et vous d\u00e9placer facilement. D\u00e9couvrez les derni\u00e8res collections de Pronovias dans le magnifique shop-in-shop de Koonings The Wedding Palace !\" \/>\n<meta property=\"og:url\" content=\"https:\/\/www.koonings.com\/fr\/product\/pronovias-fashion-group-sherie-pr124bq4\/\" \/>\n<meta property=\"og:site_name\" content=\"Koonings\" \/>\n<meta property=\"article:publisher\" content=\"https:\/\/www.facebook.com\/kooningstheweddingpalace\" \/>\n<meta property=\"og:image\" content=\"https:\/\/www.koonings.com\/wp-content\/uploads\/2024\/11\/39375_f54cdbe113a47c93221b02ba16f233a0d97c7692ebdeac851c32cdf3bcaee55d53934bcc-scaled.jpeg\" \/>\n\t<meta property=\"og:image:width\" content=\"1813\" \/>\n\t<meta property=\"og:image:height\" content=\"2560\" \/>\n\t<meta property=\"og:image:type\" content=\"image\/jpeg\" \/>\n<meta name=\"twitter:card\" content=\"summary_large_image\" \/>\n<script type=\"application\/ld+json\" class=\"yoast-schema-graph\">{\"@context\":\"https:\\\/\\\/schema.org\",\"@graph\":[{\"@type\":\"WebPage\",\"@id\":\"https:\\\/\\\/www.koonings.com\\\/fr\\\/product\\\/pronovias-fashion-group-sherie-pr124bq4\\\/\",\"url\":\"https:\\\/\\\/www.koonings.com\\\/fr\\\/product\\\/pronovias-fashion-group-sherie-pr124bq4\\\/\",\"name\":\"Pronovias Fashion Group Sherie PR124BQ4 | Koonings\",\"isPartOf\":{\"@id\":\"https:\\\/\\\/www.koonings.com\\\/fr\\\/#website\"},\"primaryImageOfPage\":{\"@id\":\"https:\\\/\\\/www.koonings.com\\\/fr\\\/product\\\/pronovias-fashion-group-sherie-pr124bq4\\\/#primaryimage\"},\"image\":{\"@id\":\"https:\\\/\\\/www.koonings.com\\\/fr\\\/product\\\/pronovias-fashion-group-sherie-pr124bq4\\\/#primaryimage\"},\"thumbnailUrl\":\"https:\\\/\\\/www.koonings.com\\\/wp-content\\\/uploads\\\/2024\\\/11\\\/39375_f54cdbe113a47c93221b02ba16f233a0d97c7692ebdeac851c32cdf3bcaee55d53934bcc-scaled.jpeg\",\"datePublished\":\"2026-04-28T16:12:46+00:00\",\"description\":\"Charmante robe sir\u00e8ne avec d\u00e9tails en dentelle glamour et d\u00e9collet\u00e9 en V profond. La robe et les manches longues combin\u00e9es \u00e0 un chic trou de serrure dans le dos apportent une touche suppl\u00e9mentaire de glamour. Terminez par la tra\u00eene amovible pour descendre l'all\u00e9e, et retirez-la plus tard pour danser et vous d\u00e9placer facilement. D\u00e9couvrez les derni\u00e8res collections de Pronovias dans le magnifique shop-in-shop de Koonings The Wedding Palace !\",\"breadcrumb\":{\"@id\":\"https:\\\/\\\/www.koonings.com\\\/fr\\\/product\\\/pronovias-fashion-group-sherie-pr124bq4\\\/#breadcrumb\"},\"inLanguage\":\"fr-FR\",\"potentialAction\":[{\"@type\":\"ReadAction\",\"target\":[\"https:\\\/\\\/www.koonings.com\\\/fr\\\/product\\\/pronovias-fashion-group-sherie-pr124bq4\\\/\"]}]},{\"@type\":\"ImageObject\",\"inLanguage\":\"fr-FR\",\"@id\":\"https:\\\/\\\/www.koonings.com\\\/fr\\\/product\\\/pronovias-fashion-group-sherie-pr124bq4\\\/#primaryimage\",\"url\":\"https:\\\/\\\/www.koonings.com\\\/wp-content\\\/uploads\\\/2024\\\/11\\\/39375_f54cdbe113a47c93221b02ba16f233a0d97c7692ebdeac851c32cdf3bcaee55d53934bcc-scaled.jpeg\",\"contentUrl\":\"https:\\\/\\\/www.koonings.com\\\/wp-content\\\/uploads\\\/2024\\\/11\\\/39375_f54cdbe113a47c93221b02ba16f233a0d97c7692ebdeac851c32cdf3bcaee55d53934bcc-scaled.jpeg\",\"width\":1813,\"height\":2560},{\"@type\":\"BreadcrumbList\",\"@id\":\"https:\\\/\\\/www.koonings.com\\\/fr\\\/product\\\/pronovias-fashion-group-sherie-pr124bq4\\\/#breadcrumb\",\"itemListElement\":[{\"@type\":\"ListItem\",\"position\":1,\"name\":\"Home\",\"item\":\"https:\\\/\\\/www.koonings.com\\\/fr\\\/\"},{\"@type\":\"ListItem\",\"position\":2,\"name\":\"Pronovias Fashion Group Sherie PR124BQ4\"}]},{\"@type\":\"WebSite\",\"@id\":\"https:\\\/\\\/www.koonings.com\\\/fr\\\/#website\",\"url\":\"https:\\\/\\\/www.koonings.com\\\/fr\\\/\",\"name\":\"Koonings\",\"description\":\"De grootste bruidsmodewinkel ter wereld\",\"publisher\":{\"@id\":\"https:\\\/\\\/www.koonings.com\\\/fr\\\/#organization\"},\"potentialAction\":[{\"@type\":\"SearchAction\",\"target\":{\"@type\":\"EntryPoint\",\"urlTemplate\":\"https:\\\/\\\/www.koonings.com\\\/fr\\\/?s={search_term_string}\"},\"query-input\":{\"@type\":\"PropertyValueSpecification\",\"valueRequired\":true,\"valueName\":\"search_term_string\"}}],\"inLanguage\":\"fr-FR\"},{\"@type\":\"Organization\",\"@id\":\"https:\\\/\\\/www.koonings.com\\\/fr\\\/#organization\",\"name\":\"Koonings\",\"url\":\"https:\\\/\\\/www.koonings.com\\\/fr\\\/\",\"logo\":{\"@type\":\"ImageObject\",\"inLanguage\":\"fr-FR\",\"@id\":\"https:\\\/\\\/www.koonings.com\\\/fr\\\/#\\\/schema\\\/logo\\\/image\\\/\",\"url\":\"https:\\\/\\\/www.koonings.com\\\/wp-content\\\/uploads\\\/2024\\\/07\\\/logo.png\",\"contentUrl\":\"https:\\\/\\\/www.koonings.com\\\/wp-content\\\/uploads\\\/2024\\\/07\\\/logo.png\",\"width\":600,\"height\":428,\"caption\":\"Koonings\"},\"image\":{\"@id\":\"https:\\\/\\\/www.koonings.com\\\/fr\\\/#\\\/schema\\\/logo\\\/image\\\/\"},\"sameAs\":[\"https:\\\/\\\/www.facebook.com\\\/kooningstheweddingpalace\",\"https:\\\/\\\/www.instagram.com\\\/kooningstheweddingpalace\",\"https:\\\/\\\/www.pinterest.com\\\/koonings\",\"https:\\\/\\\/www.youtube.com\\\/kooningstheweddingpalace\"]}]}<\/script>\n<!-- \/ Yoast SEO plugin. -->","yoast_head_json":{"title":"Pronovias Fashion Group Sherie PR124BQ4 | Koonings","description":"Charmante robe sir\u00e8ne avec d\u00e9tails en dentelle glamour et d\u00e9collet\u00e9 en V profond. La robe et les manches longues combin\u00e9es \u00e0 un chic trou de serrure dans le dos apportent une touche suppl\u00e9mentaire de glamour. Terminez par la tra\u00eene amovible pour descendre l'all\u00e9e, et retirez-la plus tard pour danser et vous d\u00e9placer facilement. D\u00e9couvrez les derni\u00e8res collections de Pronovias dans le magnifique shop-in-shop de Koonings The Wedding Palace !","robots":{"index":"index","follow":"follow","max-snippet":"max-snippet:-1","max-image-preview":"max-image-preview:large","max-video-preview":"max-video-preview:-1"},"canonical":"https:\/\/www.koonings.com\/fr\/product\/pronovias-fashion-group-sherie-pr124bq4\/","og_locale":"fr_FR","og_type":"article","og_title":"Pronovias Fashion Group Sherie PR124BQ4 | Koonings","og_description":"Charmante robe sir\u00e8ne avec d\u00e9tails en dentelle glamour et d\u00e9collet\u00e9 en V profond. La robe et les manches longues combin\u00e9es \u00e0 un chic trou de serrure dans le dos apportent une touche suppl\u00e9mentaire de glamour. Terminez par la tra\u00eene amovible pour descendre l'all\u00e9e, et retirez-la plus tard pour danser et vous d\u00e9placer facilement. D\u00e9couvrez les derni\u00e8res collections de Pronovias dans le magnifique shop-in-shop de Koonings The Wedding Palace !","og_url":"https:\/\/www.koonings.com\/fr\/product\/pronovias-fashion-group-sherie-pr124bq4\/","og_site_name":"Koonings","article_publisher":"https:\/\/www.facebook.com\/kooningstheweddingpalace","og_image":[{"width":1813,"height":2560,"url":"https:\/\/www.koonings.com\/wp-content\/uploads\/2024\/11\/39375_f54cdbe113a47c93221b02ba16f233a0d97c7692ebdeac851c32cdf3bcaee55d53934bcc-scaled.jpeg","type":"image\/jpeg"}],"twitter_card":"summary_large_image","schema":{"@context":"https:\/\/schema.org","@graph":[{"@type":"WebPage","@id":"https:\/\/www.koonings.com\/fr\/product\/pronovias-fashion-group-sherie-pr124bq4\/","url":"https:\/\/www.koonings.com\/fr\/product\/pronovias-fashion-group-sherie-pr124bq4\/","name":"Pronovias Fashion Group Sherie PR124BQ4 | Koonings","isPartOf":{"@id":"https:\/\/www.koonings.com\/fr\/#website"},"primaryImageOfPage":{"@id":"https:\/\/www.koonings.com\/fr\/product\/pronovias-fashion-group-sherie-pr124bq4\/#primaryimage"},"image":{"@id":"https:\/\/www.koonings.com\/fr\/product\/pronovias-fashion-group-sherie-pr124bq4\/#primaryimage"},"thumbnailUrl":"https:\/\/www.koonings.com\/wp-content\/uploads\/2024\/11\/39375_f54cdbe113a47c93221b02ba16f233a0d97c7692ebdeac851c32cdf3bcaee55d53934bcc-scaled.jpeg","datePublished":"2026-04-28T16:12:46+00:00","description":"Charmante robe sir\u00e8ne avec d\u00e9tails en dentelle glamour et d\u00e9collet\u00e9 en V profond. La robe et les manches longues combin\u00e9es \u00e0 un chic trou de serrure dans le dos apportent une touche suppl\u00e9mentaire de glamour. Terminez par la tra\u00eene amovible pour descendre l'all\u00e9e, et retirez-la plus tard pour danser et vous d\u00e9placer facilement. D\u00e9couvrez les derni\u00e8res collections de Pronovias dans le magnifique shop-in-shop de Koonings The Wedding Palace !","breadcrumb":{"@id":"https:\/\/www.koonings.com\/fr\/product\/pronovias-fashion-group-sherie-pr124bq4\/#breadcrumb"},"inLanguage":"fr-FR","potentialAction":[{"@type":"ReadAction","target":["https:\/\/www.koonings.com\/fr\/product\/pronovias-fashion-group-sherie-pr124bq4\/"]}]},{"@type":"ImageObject","inLanguage":"fr-FR","@id":"https:\/\/www.koonings.com\/fr\/product\/pronovias-fashion-group-sherie-pr124bq4\/#primaryimage","url":"https:\/\/www.koonings.com\/wp-content\/uploads\/2024\/11\/39375_f54cdbe113a47c93221b02ba16f233a0d97c7692ebdeac851c32cdf3bcaee55d53934bcc-scaled.jpeg","contentUrl":"https:\/\/www.koonings.com\/wp-content\/uploads\/2024\/11\/39375_f54cdbe113a47c93221b02ba16f233a0d97c7692ebdeac851c32cdf3bcaee55d53934bcc-scaled.jpeg","width":1813,"height":2560},{"@type":"BreadcrumbList","@id":"https:\/\/www.koonings.com\/fr\/product\/pronovias-fashion-group-sherie-pr124bq4\/#breadcrumb","itemListElement":[{"@type":"ListItem","position":1,"name":"Home","item":"https:\/\/www.koonings.com\/fr\/"},{"@type":"ListItem","position":2,"name":"Pronovias Fashion Group Sherie PR124BQ4"}]},{"@type":"WebSite","@id":"https:\/\/www.koonings.com\/fr\/#website","url":"https:\/\/www.koonings.com\/fr\/","name":"Koonings","description":"De grootste bruidsmodewinkel ter wereld","publisher":{"@id":"https:\/\/www.koonings.com\/fr\/#organization"},"potentialAction":[{"@type":"SearchAction","target":{"@type":"EntryPoint","urlTemplate":"https:\/\/www.koonings.com\/fr\/?s={search_term_string}"},"query-input":{"@type":"PropertyValueSpecification","valueRequired":true,"valueName":"search_term_string"}}],"inLanguage":"fr-FR"},{"@type":"Organization","@id":"https:\/\/www.koonings.com\/fr\/#organization","name":"Koonings","url":"https:\/\/www.koonings.com\/fr\/","logo":{"@type":"ImageObject","inLanguage":"fr-FR","@id":"https:\/\/www.koonings.com\/fr\/#\/schema\/logo\/image\/","url":"https:\/\/www.koonings.com\/wp-content\/uploads\/2024\/07\/logo.png","contentUrl":"https:\/\/www.koonings.com\/wp-content\/uploads\/2024\/07\/logo.png","width":600,"height":428,"caption":"Koonings"},"image":{"@id":"https:\/\/www.koonings.com\/fr\/#\/schema\/logo\/image\/"},"sameAs":["https:\/\/www.facebook.com\/kooningstheweddingpalace","https:\/\/www.instagram.com\/kooningstheweddingpalace","https:\/\/www.pinterest.com\/koonings","https:\/\/www.youtube.com\/kooningstheweddingpalace"]}]}},"_links":{"self":[{"href":"https:\/\/www.koonings.com\/fr\/wp-json\/wp\/v2\/product\/57604","targetHints":{"allow":["GET"]}}],"collection":[{"href":"https:\/\/www.koonings.com\/fr\/wp-json\/wp\/v2\/product"}],"about":[{"href":"https:\/\/www.koonings.com\/fr\/wp-json\/wp\/v2\/types\/product"}],"wp:featuredmedia":[{"embeddable":true,"href":"https:\/\/www.koonings.com\/fr\/wp-json\/wp\/v2\/media\/39930"}],"wp:attachment":[{"href":"https:\/\/www.koonings.com\/fr\/wp-json\/wp\/v2\/media?parent=57604"}],"wp:term":[{"taxonomy":"productdetails","embeddable":true,"href":"https:\/\/www.koonings.com\/fr\/wp-json\/wp\/v2\/productdetails?post=57604"},{"taxonomy":"productneck","embeddable":true,"href":"https:\/\/www.koonings.com\/fr\/wp-json\/wp\/v2\/productneck?post=57604"},{"taxonomy":"productcolor","embeddable":true,"href":"https:\/\/www.koonings.com\/fr\/wp-json\/wp\/v2\/productcolor?post=57604"},{"taxonomy":"maat","embeddable":true,"href":"https:\/\/www.koonings.com\/fr\/wp-json\/wp\/v2\/maat?post=57604"},{"taxonomy":"productsupplier","embeddable":true,"href":"https:\/\/www.koonings.com\/fr\/wp-json\/wp\/v2\/productsupplier?post=57604"},{"taxonomy":"productsleeve","embeddable":true,"href":"https:\/\/www.koonings.com\/fr\/wp-json\/wp\/v2\/productsleeve?post=57604"},{"taxonomy":"productcategory","embeddable":true,"href":"https:\/\/www.koonings.com\/fr\/wp-json\/wp\/v2\/productcategory?post=57604"},{"taxonomy":"productsilhouette","embeddable":true,"href":"https:\/\/www.koonings.com\/fr\/wp-json\/wp\/v2\/productsilhouette?post=57604"},{"taxonomy":"productstyle","embeddable":true,"href":"https:\/\/www.koonings.com\/fr\/wp-json\/wp\/v2\/productstyle?post=57604"}],"curies":[{"name":"wp","href":"https:\/\/api.w.org\/{rel}","templated":true}]}}