{"id":57577,"date":"2026-05-06T15:14:03","date_gmt":"2026-05-06T13:14:03","guid":{"rendered":"https:\/\/www.koonings.com\/product\/milla-nova-dove\/"},"modified":"2026-02-16T14:39:35","modified_gmt":"2026-02-16T13:39:35","slug":"milla-nova-dove","status":"publish","type":"product","link":"https:\/\/www.koonings.com\/fr\/product\/milla-nova-dove\/","title":{"rendered":"Milla Nova Dove"},"content":{"rendered":"<p>Le mod\u00e8le Dove est une robe romantique avec des bretelles spaghetti \u00e9tincelantes. Le corsage richement orn\u00e9, avec son encolure droite et ses bonnets int\u00e9gr\u00e9s, se prolonge par une jupe en tulle paillet\u00e9 d&#8217;une grande beaut\u00e9.  <\/p>\n","protected":false},"featured_media":40150,"template":"","meta":{"_acf_changed":false,"ghostkit_customizer_options":"","ghostkit_custom_css":"","ghostkit_custom_js_head":"","ghostkit_custom_js_foot":"","ghostkit_typography":""},"productdetails":[377,381],"productneck":[352],"productcolor":[392],"maat":[],"productsupplier":[446],"productsleeve":[359],"productcategory":[18],"productsilhouette":[384],"productstyle":[372,366],"class_list":["post-57577","product","type-product","status-publish","has-post-thumbnail","hentry","productdetails-377","productdetails-381","productneck-352","productcolor-392","productsupplier-milla-nova","productsleeve-359","productcategory-trouwjurken","productsilhouette-384","productstyle-372","productstyle-366"],"acf":[],"yoast_head":"<!-- This site is optimized with the Yoast SEO plugin v27.3 - https:\/\/yoast.com\/product\/yoast-seo-wordpress\/ -->\n<title>Milla Nova Dove | Koonings<\/title>\n<meta name=\"description\" content=\"Le mod\u00e8le Dove est une robe romantique avec des bretelles spaghetti \u00e9tincelantes. Le corsage richement orn\u00e9, avec son encolure droite et ses bonnets int\u00e9gr\u00e9s, se prolonge par une jupe en tulle paillet\u00e9 d&#039;une grande beaut\u00e9.\" \/>\n<meta name=\"robots\" content=\"index, follow, max-snippet:-1, max-image-preview:large, max-video-preview:-1\" \/>\n<link rel=\"canonical\" href=\"https:\/\/www.koonings.com\/fr\/product\/milla-nova-dove\/\" \/>\n<meta property=\"og:locale\" content=\"fr_FR\" \/>\n<meta property=\"og:type\" content=\"article\" \/>\n<meta property=\"og:title\" content=\"Milla Nova Dove | Koonings\" \/>\n<meta property=\"og:description\" content=\"Le mod\u00e8le Dove est une robe romantique avec des bretelles spaghetti \u00e9tincelantes. Le corsage richement orn\u00e9, avec son encolure droite et ses bonnets int\u00e9gr\u00e9s, se prolonge par une jupe en tulle paillet\u00e9 d&#039;une grande beaut\u00e9.\" \/>\n<meta property=\"og:url\" content=\"https:\/\/www.koonings.com\/fr\/product\/milla-nova-dove\/\" \/>\n<meta property=\"og:site_name\" content=\"Koonings\" \/>\n<meta property=\"article:publisher\" content=\"https:\/\/www.facebook.com\/kooningstheweddingpalace\" \/>\n<meta property=\"og:image\" content=\"https:\/\/www.koonings.com\/wp-content\/uploads\/2024\/11\/39413_d05c245b70b729dbc961aaa49f24028fd748c175bdc042d88b265605d7e8f0634969408c-scaled.jpeg\" \/>\n\t<meta property=\"og:image:width\" content=\"1707\" \/>\n\t<meta property=\"og:image:height\" content=\"2560\" \/>\n\t<meta property=\"og:image:type\" content=\"image\/jpeg\" \/>\n<meta name=\"twitter:card\" content=\"summary_large_image\" \/>\n<script type=\"application\/ld+json\" class=\"yoast-schema-graph\">{\"@context\":\"https:\\\/\\\/schema.org\",\"@graph\":[{\"@type\":\"WebPage\",\"@id\":\"https:\\\/\\\/www.koonings.com\\\/fr\\\/product\\\/milla-nova-dove\\\/\",\"url\":\"https:\\\/\\\/www.koonings.com\\\/fr\\\/product\\\/milla-nova-dove\\\/\",\"name\":\"Milla Nova Dove | Koonings\",\"isPartOf\":{\"@id\":\"https:\\\/\\\/www.koonings.com\\\/fr\\\/#website\"},\"primaryImageOfPage\":{\"@id\":\"https:\\\/\\\/www.koonings.com\\\/fr\\\/product\\\/milla-nova-dove\\\/#primaryimage\"},\"image\":{\"@id\":\"https:\\\/\\\/www.koonings.com\\\/fr\\\/product\\\/milla-nova-dove\\\/#primaryimage\"},\"thumbnailUrl\":\"https:\\\/\\\/www.koonings.com\\\/wp-content\\\/uploads\\\/2024\\\/11\\\/39413_d05c245b70b729dbc961aaa49f24028fd748c175bdc042d88b265605d7e8f0634969408c-scaled.jpeg\",\"datePublished\":\"2026-05-06T13:14:03+00:00\",\"description\":\"Le mod\u00e8le Dove est une robe romantique avec des bretelles spaghetti \u00e9tincelantes. Le corsage richement orn\u00e9, avec son encolure droite et ses bonnets int\u00e9gr\u00e9s, se prolonge par une jupe en tulle paillet\u00e9 d'une grande beaut\u00e9.\",\"breadcrumb\":{\"@id\":\"https:\\\/\\\/www.koonings.com\\\/fr\\\/product\\\/milla-nova-dove\\\/#breadcrumb\"},\"inLanguage\":\"fr-FR\",\"potentialAction\":[{\"@type\":\"ReadAction\",\"target\":[\"https:\\\/\\\/www.koonings.com\\\/fr\\\/product\\\/milla-nova-dove\\\/\"]}]},{\"@type\":\"ImageObject\",\"inLanguage\":\"fr-FR\",\"@id\":\"https:\\\/\\\/www.koonings.com\\\/fr\\\/product\\\/milla-nova-dove\\\/#primaryimage\",\"url\":\"https:\\\/\\\/www.koonings.com\\\/wp-content\\\/uploads\\\/2024\\\/11\\\/39413_d05c245b70b729dbc961aaa49f24028fd748c175bdc042d88b265605d7e8f0634969408c-scaled.jpeg\",\"contentUrl\":\"https:\\\/\\\/www.koonings.com\\\/wp-content\\\/uploads\\\/2024\\\/11\\\/39413_d05c245b70b729dbc961aaa49f24028fd748c175bdc042d88b265605d7e8f0634969408c-scaled.jpeg\",\"width\":1707,\"height\":2560},{\"@type\":\"BreadcrumbList\",\"@id\":\"https:\\\/\\\/www.koonings.com\\\/fr\\\/product\\\/milla-nova-dove\\\/#breadcrumb\",\"itemListElement\":[{\"@type\":\"ListItem\",\"position\":1,\"name\":\"Home\",\"item\":\"https:\\\/\\\/www.koonings.com\\\/fr\\\/\"},{\"@type\":\"ListItem\",\"position\":2,\"name\":\"Milla Nova Dove\"}]},{\"@type\":\"WebSite\",\"@id\":\"https:\\\/\\\/www.koonings.com\\\/fr\\\/#website\",\"url\":\"https:\\\/\\\/www.koonings.com\\\/fr\\\/\",\"name\":\"Koonings\",\"description\":\"De grootste bruidsmodewinkel ter wereld\",\"publisher\":{\"@id\":\"https:\\\/\\\/www.koonings.com\\\/fr\\\/#organization\"},\"potentialAction\":[{\"@type\":\"SearchAction\",\"target\":{\"@type\":\"EntryPoint\",\"urlTemplate\":\"https:\\\/\\\/www.koonings.com\\\/fr\\\/?s={search_term_string}\"},\"query-input\":{\"@type\":\"PropertyValueSpecification\",\"valueRequired\":true,\"valueName\":\"search_term_string\"}}],\"inLanguage\":\"fr-FR\"},{\"@type\":\"Organization\",\"@id\":\"https:\\\/\\\/www.koonings.com\\\/fr\\\/#organization\",\"name\":\"Koonings\",\"url\":\"https:\\\/\\\/www.koonings.com\\\/fr\\\/\",\"logo\":{\"@type\":\"ImageObject\",\"inLanguage\":\"fr-FR\",\"@id\":\"https:\\\/\\\/www.koonings.com\\\/fr\\\/#\\\/schema\\\/logo\\\/image\\\/\",\"url\":\"https:\\\/\\\/www.koonings.com\\\/wp-content\\\/uploads\\\/2024\\\/07\\\/logo.png\",\"contentUrl\":\"https:\\\/\\\/www.koonings.com\\\/wp-content\\\/uploads\\\/2024\\\/07\\\/logo.png\",\"width\":600,\"height\":428,\"caption\":\"Koonings\"},\"image\":{\"@id\":\"https:\\\/\\\/www.koonings.com\\\/fr\\\/#\\\/schema\\\/logo\\\/image\\\/\"},\"sameAs\":[\"https:\\\/\\\/www.facebook.com\\\/kooningstheweddingpalace\",\"https:\\\/\\\/www.instagram.com\\\/kooningstheweddingpalace\",\"https:\\\/\\\/www.pinterest.com\\\/koonings\",\"https:\\\/\\\/www.youtube.com\\\/kooningstheweddingpalace\"]}]}<\/script>\n<!-- \/ Yoast SEO plugin. -->","yoast_head_json":{"title":"Milla Nova Dove | Koonings","description":"Le mod\u00e8le Dove est une robe romantique avec des bretelles spaghetti \u00e9tincelantes. Le corsage richement orn\u00e9, avec son encolure droite et ses bonnets int\u00e9gr\u00e9s, se prolonge par une jupe en tulle paillet\u00e9 d'une grande beaut\u00e9.","robots":{"index":"index","follow":"follow","max-snippet":"max-snippet:-1","max-image-preview":"max-image-preview:large","max-video-preview":"max-video-preview:-1"},"canonical":"https:\/\/www.koonings.com\/fr\/product\/milla-nova-dove\/","og_locale":"fr_FR","og_type":"article","og_title":"Milla Nova Dove | Koonings","og_description":"Le mod\u00e8le Dove est une robe romantique avec des bretelles spaghetti \u00e9tincelantes. Le corsage richement orn\u00e9, avec son encolure droite et ses bonnets int\u00e9gr\u00e9s, se prolonge par une jupe en tulle paillet\u00e9 d'une grande beaut\u00e9.","og_url":"https:\/\/www.koonings.com\/fr\/product\/milla-nova-dove\/","og_site_name":"Koonings","article_publisher":"https:\/\/www.facebook.com\/kooningstheweddingpalace","og_image":[{"width":1707,"height":2560,"url":"https:\/\/www.koonings.com\/wp-content\/uploads\/2024\/11\/39413_d05c245b70b729dbc961aaa49f24028fd748c175bdc042d88b265605d7e8f0634969408c-scaled.jpeg","type":"image\/jpeg"}],"twitter_card":"summary_large_image","schema":{"@context":"https:\/\/schema.org","@graph":[{"@type":"WebPage","@id":"https:\/\/www.koonings.com\/fr\/product\/milla-nova-dove\/","url":"https:\/\/www.koonings.com\/fr\/product\/milla-nova-dove\/","name":"Milla Nova Dove | Koonings","isPartOf":{"@id":"https:\/\/www.koonings.com\/fr\/#website"},"primaryImageOfPage":{"@id":"https:\/\/www.koonings.com\/fr\/product\/milla-nova-dove\/#primaryimage"},"image":{"@id":"https:\/\/www.koonings.com\/fr\/product\/milla-nova-dove\/#primaryimage"},"thumbnailUrl":"https:\/\/www.koonings.com\/wp-content\/uploads\/2024\/11\/39413_d05c245b70b729dbc961aaa49f24028fd748c175bdc042d88b265605d7e8f0634969408c-scaled.jpeg","datePublished":"2026-05-06T13:14:03+00:00","description":"Le mod\u00e8le Dove est une robe romantique avec des bretelles spaghetti \u00e9tincelantes. Le corsage richement orn\u00e9, avec son encolure droite et ses bonnets int\u00e9gr\u00e9s, se prolonge par une jupe en tulle paillet\u00e9 d'une grande beaut\u00e9.","breadcrumb":{"@id":"https:\/\/www.koonings.com\/fr\/product\/milla-nova-dove\/#breadcrumb"},"inLanguage":"fr-FR","potentialAction":[{"@type":"ReadAction","target":["https:\/\/www.koonings.com\/fr\/product\/milla-nova-dove\/"]}]},{"@type":"ImageObject","inLanguage":"fr-FR","@id":"https:\/\/www.koonings.com\/fr\/product\/milla-nova-dove\/#primaryimage","url":"https:\/\/www.koonings.com\/wp-content\/uploads\/2024\/11\/39413_d05c245b70b729dbc961aaa49f24028fd748c175bdc042d88b265605d7e8f0634969408c-scaled.jpeg","contentUrl":"https:\/\/www.koonings.com\/wp-content\/uploads\/2024\/11\/39413_d05c245b70b729dbc961aaa49f24028fd748c175bdc042d88b265605d7e8f0634969408c-scaled.jpeg","width":1707,"height":2560},{"@type":"BreadcrumbList","@id":"https:\/\/www.koonings.com\/fr\/product\/milla-nova-dove\/#breadcrumb","itemListElement":[{"@type":"ListItem","position":1,"name":"Home","item":"https:\/\/www.koonings.com\/fr\/"},{"@type":"ListItem","position":2,"name":"Milla Nova Dove"}]},{"@type":"WebSite","@id":"https:\/\/www.koonings.com\/fr\/#website","url":"https:\/\/www.koonings.com\/fr\/","name":"Koonings","description":"De grootste bruidsmodewinkel ter wereld","publisher":{"@id":"https:\/\/www.koonings.com\/fr\/#organization"},"potentialAction":[{"@type":"SearchAction","target":{"@type":"EntryPoint","urlTemplate":"https:\/\/www.koonings.com\/fr\/?s={search_term_string}"},"query-input":{"@type":"PropertyValueSpecification","valueRequired":true,"valueName":"search_term_string"}}],"inLanguage":"fr-FR"},{"@type":"Organization","@id":"https:\/\/www.koonings.com\/fr\/#organization","name":"Koonings","url":"https:\/\/www.koonings.com\/fr\/","logo":{"@type":"ImageObject","inLanguage":"fr-FR","@id":"https:\/\/www.koonings.com\/fr\/#\/schema\/logo\/image\/","url":"https:\/\/www.koonings.com\/wp-content\/uploads\/2024\/07\/logo.png","contentUrl":"https:\/\/www.koonings.com\/wp-content\/uploads\/2024\/07\/logo.png","width":600,"height":428,"caption":"Koonings"},"image":{"@id":"https:\/\/www.koonings.com\/fr\/#\/schema\/logo\/image\/"},"sameAs":["https:\/\/www.facebook.com\/kooningstheweddingpalace","https:\/\/www.instagram.com\/kooningstheweddingpalace","https:\/\/www.pinterest.com\/koonings","https:\/\/www.youtube.com\/kooningstheweddingpalace"]}]}},"_links":{"self":[{"href":"https:\/\/www.koonings.com\/fr\/wp-json\/wp\/v2\/product\/57577","targetHints":{"allow":["GET"]}}],"collection":[{"href":"https:\/\/www.koonings.com\/fr\/wp-json\/wp\/v2\/product"}],"about":[{"href":"https:\/\/www.koonings.com\/fr\/wp-json\/wp\/v2\/types\/product"}],"wp:featuredmedia":[{"embeddable":true,"href":"https:\/\/www.koonings.com\/fr\/wp-json\/wp\/v2\/media\/40150"}],"wp:attachment":[{"href":"https:\/\/www.koonings.com\/fr\/wp-json\/wp\/v2\/media?parent=57577"}],"wp:term":[{"taxonomy":"productdetails","embeddable":true,"href":"https:\/\/www.koonings.com\/fr\/wp-json\/wp\/v2\/productdetails?post=57577"},{"taxonomy":"productneck","embeddable":true,"href":"https:\/\/www.koonings.com\/fr\/wp-json\/wp\/v2\/productneck?post=57577"},{"taxonomy":"productcolor","embeddable":true,"href":"https:\/\/www.koonings.com\/fr\/wp-json\/wp\/v2\/productcolor?post=57577"},{"taxonomy":"maat","embeddable":true,"href":"https:\/\/www.koonings.com\/fr\/wp-json\/wp\/v2\/maat?post=57577"},{"taxonomy":"productsupplier","embeddable":true,"href":"https:\/\/www.koonings.com\/fr\/wp-json\/wp\/v2\/productsupplier?post=57577"},{"taxonomy":"productsleeve","embeddable":true,"href":"https:\/\/www.koonings.com\/fr\/wp-json\/wp\/v2\/productsleeve?post=57577"},{"taxonomy":"productcategory","embeddable":true,"href":"https:\/\/www.koonings.com\/fr\/wp-json\/wp\/v2\/productcategory?post=57577"},{"taxonomy":"productsilhouette","embeddable":true,"href":"https:\/\/www.koonings.com\/fr\/wp-json\/wp\/v2\/productsilhouette?post=57577"},{"taxonomy":"productstyle","embeddable":true,"href":"https:\/\/www.koonings.com\/fr\/wp-json\/wp\/v2\/productstyle?post=57577"}],"curies":[{"name":"wp","href":"https:\/\/api.w.org\/{rel}","templated":true}]}}