{"id":57572,"date":"2025-12-15T00:24:05","date_gmt":"2025-12-14T23:24:05","guid":{"rendered":"https:\/\/www.koonings.com\/product\/milla-nova-orleana-train\/"},"modified":"2026-02-03T18:26:12","modified_gmt":"2026-02-03T17:26:12","slug":"milla-nova-orleana-train","status":"publish","type":"product","link":"https:\/\/www.koonings.com\/fr\/product\/milla-nova-orleana-train\/","title":{"rendered":"Milla Nova Orleana + train"},"content":{"rendered":"<p>Orleana est le look deux en un que vous recherchez pour votre mariage ! Une robe courte \u00e0 manches longues et d\u00e9collet\u00e9, enti\u00e8rement compos\u00e9e de dentelle et de fleurs en 3D, est accompagn\u00e9e d&#8217;une jupe longue \u00e9l\u00e9gante en satin avec une fente provocante. Cette jupe longue peut facilement s&#8217;enlever lorsque vous \u00eates pr\u00eate \u00e0 vous lancer sur la piste de danse !  <\/p>\n","protected":false},"featured_media":40213,"template":"","meta":{"_acf_changed":false,"ghostkit_customizer_options":"","ghostkit_custom_css":"","ghostkit_custom_js_head":"","ghostkit_custom_js_foot":"","ghostkit_typography":""},"productdetails":[379,376,378],"productneck":[350],"productcolor":[392],"maat":[],"productsupplier":[446],"productsleeve":[362],"productcategory":[18],"productsilhouette":[386,387,391],"productstyle":[367,371,370],"class_list":["post-57572","product","type-product","status-publish","has-post-thumbnail","hentry","productdetails-379","productdetails-376","productdetails-378","productneck-350","productcolor-392","productsupplier-milla-nova","productsleeve-362","productcategory-trouwjurken","productsilhouette-386","productsilhouette-387","productsilhouette-391","productstyle-367","productstyle-371","productstyle-370"],"acf":[],"yoast_head":"<!-- This site is optimized with the Yoast SEO plugin v27.3 - https:\/\/yoast.com\/product\/yoast-seo-wordpress\/ -->\n<title>Milla Nova Orleana + train | Koonings<\/title>\n<meta name=\"description\" content=\"Orleana est le look deux en un que vous recherchez pour votre mariage ! Une robe courte \u00e0 manches longues et d\u00e9collet\u00e9, enti\u00e8rement compos\u00e9e de dentelle et de fleurs en 3D, est accompagn\u00e9e d&#039;une jupe longue \u00e9l\u00e9gante en satin avec une fente provocante. Cette jupe longue peut facilement s&#039;enlever lorsque vous \u00eates pr\u00eate \u00e0 vous lancer sur la piste de danse !\" \/>\n<meta name=\"robots\" content=\"index, follow, max-snippet:-1, max-image-preview:large, max-video-preview:-1\" \/>\n<link rel=\"canonical\" href=\"https:\/\/www.koonings.com\/fr\/product\/milla-nova-orleana-train\/\" \/>\n<meta property=\"og:locale\" content=\"fr_FR\" \/>\n<meta property=\"og:type\" content=\"article\" \/>\n<meta property=\"og:title\" content=\"Milla Nova Orleana + train | Koonings\" \/>\n<meta property=\"og:description\" content=\"Orleana est le look deux en un que vous recherchez pour votre mariage ! Une robe courte \u00e0 manches longues et d\u00e9collet\u00e9, enti\u00e8rement compos\u00e9e de dentelle et de fleurs en 3D, est accompagn\u00e9e d&#039;une jupe longue \u00e9l\u00e9gante en satin avec une fente provocante. Cette jupe longue peut facilement s&#039;enlever lorsque vous \u00eates pr\u00eate \u00e0 vous lancer sur la piste de danse !\" \/>\n<meta property=\"og:url\" content=\"https:\/\/www.koonings.com\/fr\/product\/milla-nova-orleana-train\/\" \/>\n<meta property=\"og:site_name\" content=\"Koonings\" \/>\n<meta property=\"article:publisher\" content=\"https:\/\/www.facebook.com\/kooningstheweddingpalace\" \/>\n<meta property=\"article:modified_time\" content=\"2026-02-03T17:26:12+00:00\" \/>\n<meta property=\"og:image\" content=\"https:\/\/www.koonings.com\/wp-content\/uploads\/2024\/11\/39417_dc2ea65b4cb3ca1623cebf2b9df36b8e9c1c12d95a12abd2cd1095e61234b0bb4ae86192-scaled.jpeg\" \/>\n\t<meta property=\"og:image:width\" content=\"1810\" \/>\n\t<meta property=\"og:image:height\" content=\"2560\" \/>\n\t<meta property=\"og:image:type\" content=\"image\/jpeg\" \/>\n<meta name=\"twitter:card\" content=\"summary_large_image\" \/>\n<script type=\"application\/ld+json\" class=\"yoast-schema-graph\">{\"@context\":\"https:\\\/\\\/schema.org\",\"@graph\":[{\"@type\":\"WebPage\",\"@id\":\"https:\\\/\\\/www.koonings.com\\\/fr\\\/product\\\/milla-nova-orleana-train\\\/\",\"url\":\"https:\\\/\\\/www.koonings.com\\\/fr\\\/product\\\/milla-nova-orleana-train\\\/\",\"name\":\"Milla Nova Orleana + train | Koonings\",\"isPartOf\":{\"@id\":\"https:\\\/\\\/www.koonings.com\\\/fr\\\/#website\"},\"primaryImageOfPage\":{\"@id\":\"https:\\\/\\\/www.koonings.com\\\/fr\\\/product\\\/milla-nova-orleana-train\\\/#primaryimage\"},\"image\":{\"@id\":\"https:\\\/\\\/www.koonings.com\\\/fr\\\/product\\\/milla-nova-orleana-train\\\/#primaryimage\"},\"thumbnailUrl\":\"https:\\\/\\\/www.koonings.com\\\/wp-content\\\/uploads\\\/2024\\\/11\\\/39417_dc2ea65b4cb3ca1623cebf2b9df36b8e9c1c12d95a12abd2cd1095e61234b0bb4ae86192-scaled.jpeg\",\"datePublished\":\"2025-12-14T23:24:05+00:00\",\"dateModified\":\"2026-02-03T17:26:12+00:00\",\"description\":\"Orleana est le look deux en un que vous recherchez pour votre mariage ! Une robe courte \u00e0 manches longues et d\u00e9collet\u00e9, enti\u00e8rement compos\u00e9e de dentelle et de fleurs en 3D, est accompagn\u00e9e d'une jupe longue \u00e9l\u00e9gante en satin avec une fente provocante. Cette jupe longue peut facilement s'enlever lorsque vous \u00eates pr\u00eate \u00e0 vous lancer sur la piste de danse !\",\"breadcrumb\":{\"@id\":\"https:\\\/\\\/www.koonings.com\\\/fr\\\/product\\\/milla-nova-orleana-train\\\/#breadcrumb\"},\"inLanguage\":\"fr-FR\",\"potentialAction\":[{\"@type\":\"ReadAction\",\"target\":[\"https:\\\/\\\/www.koonings.com\\\/fr\\\/product\\\/milla-nova-orleana-train\\\/\"]}]},{\"@type\":\"ImageObject\",\"inLanguage\":\"fr-FR\",\"@id\":\"https:\\\/\\\/www.koonings.com\\\/fr\\\/product\\\/milla-nova-orleana-train\\\/#primaryimage\",\"url\":\"https:\\\/\\\/www.koonings.com\\\/wp-content\\\/uploads\\\/2024\\\/11\\\/39417_dc2ea65b4cb3ca1623cebf2b9df36b8e9c1c12d95a12abd2cd1095e61234b0bb4ae86192-scaled.jpeg\",\"contentUrl\":\"https:\\\/\\\/www.koonings.com\\\/wp-content\\\/uploads\\\/2024\\\/11\\\/39417_dc2ea65b4cb3ca1623cebf2b9df36b8e9c1c12d95a12abd2cd1095e61234b0bb4ae86192-scaled.jpeg\",\"width\":1810,\"height\":2560},{\"@type\":\"BreadcrumbList\",\"@id\":\"https:\\\/\\\/www.koonings.com\\\/fr\\\/product\\\/milla-nova-orleana-train\\\/#breadcrumb\",\"itemListElement\":[{\"@type\":\"ListItem\",\"position\":1,\"name\":\"Home\",\"item\":\"https:\\\/\\\/www.koonings.com\\\/fr\\\/\"},{\"@type\":\"ListItem\",\"position\":2,\"name\":\"Milla Nova Orleana + train\"}]},{\"@type\":\"WebSite\",\"@id\":\"https:\\\/\\\/www.koonings.com\\\/fr\\\/#website\",\"url\":\"https:\\\/\\\/www.koonings.com\\\/fr\\\/\",\"name\":\"Koonings\",\"description\":\"De grootste bruidsmodewinkel ter wereld\",\"publisher\":{\"@id\":\"https:\\\/\\\/www.koonings.com\\\/fr\\\/#organization\"},\"potentialAction\":[{\"@type\":\"SearchAction\",\"target\":{\"@type\":\"EntryPoint\",\"urlTemplate\":\"https:\\\/\\\/www.koonings.com\\\/fr\\\/?s={search_term_string}\"},\"query-input\":{\"@type\":\"PropertyValueSpecification\",\"valueRequired\":true,\"valueName\":\"search_term_string\"}}],\"inLanguage\":\"fr-FR\"},{\"@type\":\"Organization\",\"@id\":\"https:\\\/\\\/www.koonings.com\\\/fr\\\/#organization\",\"name\":\"Koonings\",\"url\":\"https:\\\/\\\/www.koonings.com\\\/fr\\\/\",\"logo\":{\"@type\":\"ImageObject\",\"inLanguage\":\"fr-FR\",\"@id\":\"https:\\\/\\\/www.koonings.com\\\/fr\\\/#\\\/schema\\\/logo\\\/image\\\/\",\"url\":\"https:\\\/\\\/www.koonings.com\\\/wp-content\\\/uploads\\\/2024\\\/07\\\/logo.png\",\"contentUrl\":\"https:\\\/\\\/www.koonings.com\\\/wp-content\\\/uploads\\\/2024\\\/07\\\/logo.png\",\"width\":600,\"height\":428,\"caption\":\"Koonings\"},\"image\":{\"@id\":\"https:\\\/\\\/www.koonings.com\\\/fr\\\/#\\\/schema\\\/logo\\\/image\\\/\"},\"sameAs\":[\"https:\\\/\\\/www.facebook.com\\\/kooningstheweddingpalace\",\"https:\\\/\\\/www.instagram.com\\\/kooningstheweddingpalace\",\"https:\\\/\\\/www.pinterest.com\\\/koonings\",\"https:\\\/\\\/www.youtube.com\\\/kooningstheweddingpalace\"]}]}<\/script>\n<!-- \/ Yoast SEO plugin. -->","yoast_head_json":{"title":"Milla Nova Orleana + train | Koonings","description":"Orleana est le look deux en un que vous recherchez pour votre mariage ! Une robe courte \u00e0 manches longues et d\u00e9collet\u00e9, enti\u00e8rement compos\u00e9e de dentelle et de fleurs en 3D, est accompagn\u00e9e d'une jupe longue \u00e9l\u00e9gante en satin avec une fente provocante. Cette jupe longue peut facilement s'enlever lorsque vous \u00eates pr\u00eate \u00e0 vous lancer sur la piste de danse !","robots":{"index":"index","follow":"follow","max-snippet":"max-snippet:-1","max-image-preview":"max-image-preview:large","max-video-preview":"max-video-preview:-1"},"canonical":"https:\/\/www.koonings.com\/fr\/product\/milla-nova-orleana-train\/","og_locale":"fr_FR","og_type":"article","og_title":"Milla Nova Orleana + train | Koonings","og_description":"Orleana est le look deux en un que vous recherchez pour votre mariage ! Une robe courte \u00e0 manches longues et d\u00e9collet\u00e9, enti\u00e8rement compos\u00e9e de dentelle et de fleurs en 3D, est accompagn\u00e9e d'une jupe longue \u00e9l\u00e9gante en satin avec une fente provocante. Cette jupe longue peut facilement s'enlever lorsque vous \u00eates pr\u00eate \u00e0 vous lancer sur la piste de danse !","og_url":"https:\/\/www.koonings.com\/fr\/product\/milla-nova-orleana-train\/","og_site_name":"Koonings","article_publisher":"https:\/\/www.facebook.com\/kooningstheweddingpalace","article_modified_time":"2026-02-03T17:26:12+00:00","og_image":[{"width":1810,"height":2560,"url":"https:\/\/www.koonings.com\/wp-content\/uploads\/2024\/11\/39417_dc2ea65b4cb3ca1623cebf2b9df36b8e9c1c12d95a12abd2cd1095e61234b0bb4ae86192-scaled.jpeg","type":"image\/jpeg"}],"twitter_card":"summary_large_image","schema":{"@context":"https:\/\/schema.org","@graph":[{"@type":"WebPage","@id":"https:\/\/www.koonings.com\/fr\/product\/milla-nova-orleana-train\/","url":"https:\/\/www.koonings.com\/fr\/product\/milla-nova-orleana-train\/","name":"Milla Nova Orleana + train | Koonings","isPartOf":{"@id":"https:\/\/www.koonings.com\/fr\/#website"},"primaryImageOfPage":{"@id":"https:\/\/www.koonings.com\/fr\/product\/milla-nova-orleana-train\/#primaryimage"},"image":{"@id":"https:\/\/www.koonings.com\/fr\/product\/milla-nova-orleana-train\/#primaryimage"},"thumbnailUrl":"https:\/\/www.koonings.com\/wp-content\/uploads\/2024\/11\/39417_dc2ea65b4cb3ca1623cebf2b9df36b8e9c1c12d95a12abd2cd1095e61234b0bb4ae86192-scaled.jpeg","datePublished":"2025-12-14T23:24:05+00:00","dateModified":"2026-02-03T17:26:12+00:00","description":"Orleana est le look deux en un que vous recherchez pour votre mariage ! Une robe courte \u00e0 manches longues et d\u00e9collet\u00e9, enti\u00e8rement compos\u00e9e de dentelle et de fleurs en 3D, est accompagn\u00e9e d'une jupe longue \u00e9l\u00e9gante en satin avec une fente provocante. Cette jupe longue peut facilement s'enlever lorsque vous \u00eates pr\u00eate \u00e0 vous lancer sur la piste de danse !","breadcrumb":{"@id":"https:\/\/www.koonings.com\/fr\/product\/milla-nova-orleana-train\/#breadcrumb"},"inLanguage":"fr-FR","potentialAction":[{"@type":"ReadAction","target":["https:\/\/www.koonings.com\/fr\/product\/milla-nova-orleana-train\/"]}]},{"@type":"ImageObject","inLanguage":"fr-FR","@id":"https:\/\/www.koonings.com\/fr\/product\/milla-nova-orleana-train\/#primaryimage","url":"https:\/\/www.koonings.com\/wp-content\/uploads\/2024\/11\/39417_dc2ea65b4cb3ca1623cebf2b9df36b8e9c1c12d95a12abd2cd1095e61234b0bb4ae86192-scaled.jpeg","contentUrl":"https:\/\/www.koonings.com\/wp-content\/uploads\/2024\/11\/39417_dc2ea65b4cb3ca1623cebf2b9df36b8e9c1c12d95a12abd2cd1095e61234b0bb4ae86192-scaled.jpeg","width":1810,"height":2560},{"@type":"BreadcrumbList","@id":"https:\/\/www.koonings.com\/fr\/product\/milla-nova-orleana-train\/#breadcrumb","itemListElement":[{"@type":"ListItem","position":1,"name":"Home","item":"https:\/\/www.koonings.com\/fr\/"},{"@type":"ListItem","position":2,"name":"Milla Nova Orleana + train"}]},{"@type":"WebSite","@id":"https:\/\/www.koonings.com\/fr\/#website","url":"https:\/\/www.koonings.com\/fr\/","name":"Koonings","description":"De grootste bruidsmodewinkel ter wereld","publisher":{"@id":"https:\/\/www.koonings.com\/fr\/#organization"},"potentialAction":[{"@type":"SearchAction","target":{"@type":"EntryPoint","urlTemplate":"https:\/\/www.koonings.com\/fr\/?s={search_term_string}"},"query-input":{"@type":"PropertyValueSpecification","valueRequired":true,"valueName":"search_term_string"}}],"inLanguage":"fr-FR"},{"@type":"Organization","@id":"https:\/\/www.koonings.com\/fr\/#organization","name":"Koonings","url":"https:\/\/www.koonings.com\/fr\/","logo":{"@type":"ImageObject","inLanguage":"fr-FR","@id":"https:\/\/www.koonings.com\/fr\/#\/schema\/logo\/image\/","url":"https:\/\/www.koonings.com\/wp-content\/uploads\/2024\/07\/logo.png","contentUrl":"https:\/\/www.koonings.com\/wp-content\/uploads\/2024\/07\/logo.png","width":600,"height":428,"caption":"Koonings"},"image":{"@id":"https:\/\/www.koonings.com\/fr\/#\/schema\/logo\/image\/"},"sameAs":["https:\/\/www.facebook.com\/kooningstheweddingpalace","https:\/\/www.instagram.com\/kooningstheweddingpalace","https:\/\/www.pinterest.com\/koonings","https:\/\/www.youtube.com\/kooningstheweddingpalace"]}]}},"_links":{"self":[{"href":"https:\/\/www.koonings.com\/fr\/wp-json\/wp\/v2\/product\/57572","targetHints":{"allow":["GET"]}}],"collection":[{"href":"https:\/\/www.koonings.com\/fr\/wp-json\/wp\/v2\/product"}],"about":[{"href":"https:\/\/www.koonings.com\/fr\/wp-json\/wp\/v2\/types\/product"}],"wp:featuredmedia":[{"embeddable":true,"href":"https:\/\/www.koonings.com\/fr\/wp-json\/wp\/v2\/media\/40213"}],"wp:attachment":[{"href":"https:\/\/www.koonings.com\/fr\/wp-json\/wp\/v2\/media?parent=57572"}],"wp:term":[{"taxonomy":"productdetails","embeddable":true,"href":"https:\/\/www.koonings.com\/fr\/wp-json\/wp\/v2\/productdetails?post=57572"},{"taxonomy":"productneck","embeddable":true,"href":"https:\/\/www.koonings.com\/fr\/wp-json\/wp\/v2\/productneck?post=57572"},{"taxonomy":"productcolor","embeddable":true,"href":"https:\/\/www.koonings.com\/fr\/wp-json\/wp\/v2\/productcolor?post=57572"},{"taxonomy":"maat","embeddable":true,"href":"https:\/\/www.koonings.com\/fr\/wp-json\/wp\/v2\/maat?post=57572"},{"taxonomy":"productsupplier","embeddable":true,"href":"https:\/\/www.koonings.com\/fr\/wp-json\/wp\/v2\/productsupplier?post=57572"},{"taxonomy":"productsleeve","embeddable":true,"href":"https:\/\/www.koonings.com\/fr\/wp-json\/wp\/v2\/productsleeve?post=57572"},{"taxonomy":"productcategory","embeddable":true,"href":"https:\/\/www.koonings.com\/fr\/wp-json\/wp\/v2\/productcategory?post=57572"},{"taxonomy":"productsilhouette","embeddable":true,"href":"https:\/\/www.koonings.com\/fr\/wp-json\/wp\/v2\/productsilhouette?post=57572"},{"taxonomy":"productstyle","embeddable":true,"href":"https:\/\/www.koonings.com\/fr\/wp-json\/wp\/v2\/productstyle?post=57572"}],"curies":[{"name":"wp","href":"https:\/\/api.w.org\/{rel}","templated":true}]}}