{"id":57558,"date":"2026-04-28T18:12:54","date_gmt":"2026-04-28T16:12:54","guid":{"rendered":"https:\/\/www.koonings.com\/product\/milla-nova-kitty\/"},"modified":"2025-06-05T12:41:44","modified_gmt":"2025-06-05T10:41:44","slug":"milla-nova-kitty","status":"publish","type":"product","link":"https:\/\/www.koonings.com\/fr\/product\/milla-nova-kitty\/","title":{"rendered":"Milla Nova Kitty"},"content":{"rendered":"<p>Quelle image romantique que cette robe de mari\u00e9e de Milla Nova ! Un corset en forme de c\u0153ur avec de magnifiques fleurs en 3D et des manches d\u00e9collet\u00e9es transparentes combin\u00e9es \u00e0 des bretelles spaghetti travaill\u00e9es et \u00e0 une jupe ample en tulle avec une fente haute. Parfaite pour la mari\u00e9e romantique !  <\/p>\n","protected":false},"featured_media":40363,"template":"","meta":{"_acf_changed":false,"ghostkit_customizer_options":"","ghostkit_custom_css":"","ghostkit_custom_js_head":"","ghostkit_custom_js_foot":"","ghostkit_typography":""},"productdetails":[377,378,381],"productneck":[355],"productcolor":[392],"maat":[],"productsupplier":[446],"productsleeve":[359,363],"productcategory":[18],"productsilhouette":[384],"productstyle":[364,366],"class_list":["post-57558","product","type-product","status-publish","has-post-thumbnail","hentry","productdetails-377","productdetails-378","productdetails-381","productneck-355","productcolor-392","productsupplier-milla-nova","productsleeve-359","productsleeve-363","productcategory-trouwjurken","productsilhouette-384","productstyle-364","productstyle-366"],"acf":[],"yoast_head":"<!-- This site is optimized with the Yoast SEO plugin v27.3 - https:\/\/yoast.com\/product\/yoast-seo-wordpress\/ -->\n<title>Milla Nova Kitty | Koonings<\/title>\n<meta name=\"description\" content=\"Quelle image romantique que cette robe de mari\u00e9e de Milla Nova ! Un corset en forme de c\u0153ur avec de magnifiques fleurs en 3D et des manches d\u00e9collet\u00e9es transparentes combin\u00e9es \u00e0 des bretelles spaghetti travaill\u00e9es et \u00e0 une jupe ample en tulle avec une fente haute. Parfaite pour la mari\u00e9e romantique !\" \/>\n<meta name=\"robots\" content=\"index, follow, max-snippet:-1, max-image-preview:large, max-video-preview:-1\" \/>\n<link rel=\"canonical\" href=\"https:\/\/www.koonings.com\/fr\/product\/milla-nova-kitty\/\" \/>\n<meta property=\"og:locale\" content=\"fr_FR\" \/>\n<meta property=\"og:type\" content=\"article\" \/>\n<meta property=\"og:title\" content=\"Milla Nova Kitty | Koonings\" \/>\n<meta property=\"og:description\" content=\"Quelle image romantique que cette robe de mari\u00e9e de Milla Nova ! Un corset en forme de c\u0153ur avec de magnifiques fleurs en 3D et des manches d\u00e9collet\u00e9es transparentes combin\u00e9es \u00e0 des bretelles spaghetti travaill\u00e9es et \u00e0 une jupe ample en tulle avec une fente haute. Parfaite pour la mari\u00e9e romantique !\" \/>\n<meta property=\"og:url\" content=\"https:\/\/www.koonings.com\/fr\/product\/milla-nova-kitty\/\" \/>\n<meta property=\"og:site_name\" content=\"Koonings\" \/>\n<meta property=\"article:publisher\" content=\"https:\/\/www.facebook.com\/kooningstheweddingpalace\" \/>\n<meta property=\"og:image\" content=\"https:\/\/www.koonings.com\/wp-content\/uploads\/2024\/11\/39431_591e33ce76bde7e8423ea33176126675a7562657602c7e4295f2b1411987f1d481467207-scaled.jpeg\" \/>\n\t<meta property=\"og:image:width\" content=\"1809\" \/>\n\t<meta property=\"og:image:height\" content=\"2560\" \/>\n\t<meta property=\"og:image:type\" content=\"image\/jpeg\" \/>\n<meta name=\"twitter:card\" content=\"summary_large_image\" \/>\n<script type=\"application\/ld+json\" class=\"yoast-schema-graph\">{\"@context\":\"https:\\\/\\\/schema.org\",\"@graph\":[{\"@type\":\"WebPage\",\"@id\":\"https:\\\/\\\/www.koonings.com\\\/fr\\\/product\\\/milla-nova-kitty\\\/\",\"url\":\"https:\\\/\\\/www.koonings.com\\\/fr\\\/product\\\/milla-nova-kitty\\\/\",\"name\":\"Milla Nova Kitty | Koonings\",\"isPartOf\":{\"@id\":\"https:\\\/\\\/www.koonings.com\\\/fr\\\/#website\"},\"primaryImageOfPage\":{\"@id\":\"https:\\\/\\\/www.koonings.com\\\/fr\\\/product\\\/milla-nova-kitty\\\/#primaryimage\"},\"image\":{\"@id\":\"https:\\\/\\\/www.koonings.com\\\/fr\\\/product\\\/milla-nova-kitty\\\/#primaryimage\"},\"thumbnailUrl\":\"https:\\\/\\\/www.koonings.com\\\/wp-content\\\/uploads\\\/2024\\\/11\\\/39431_591e33ce76bde7e8423ea33176126675a7562657602c7e4295f2b1411987f1d481467207-scaled.jpeg\",\"datePublished\":\"2026-04-28T16:12:54+00:00\",\"description\":\"Quelle image romantique que cette robe de mari\u00e9e de Milla Nova ! Un corset en forme de c\u0153ur avec de magnifiques fleurs en 3D et des manches d\u00e9collet\u00e9es transparentes combin\u00e9es \u00e0 des bretelles spaghetti travaill\u00e9es et \u00e0 une jupe ample en tulle avec une fente haute. Parfaite pour la mari\u00e9e romantique !\",\"breadcrumb\":{\"@id\":\"https:\\\/\\\/www.koonings.com\\\/fr\\\/product\\\/milla-nova-kitty\\\/#breadcrumb\"},\"inLanguage\":\"fr-FR\",\"potentialAction\":[{\"@type\":\"ReadAction\",\"target\":[\"https:\\\/\\\/www.koonings.com\\\/fr\\\/product\\\/milla-nova-kitty\\\/\"]}]},{\"@type\":\"ImageObject\",\"inLanguage\":\"fr-FR\",\"@id\":\"https:\\\/\\\/www.koonings.com\\\/fr\\\/product\\\/milla-nova-kitty\\\/#primaryimage\",\"url\":\"https:\\\/\\\/www.koonings.com\\\/wp-content\\\/uploads\\\/2024\\\/11\\\/39431_591e33ce76bde7e8423ea33176126675a7562657602c7e4295f2b1411987f1d481467207-scaled.jpeg\",\"contentUrl\":\"https:\\\/\\\/www.koonings.com\\\/wp-content\\\/uploads\\\/2024\\\/11\\\/39431_591e33ce76bde7e8423ea33176126675a7562657602c7e4295f2b1411987f1d481467207-scaled.jpeg\",\"width\":1809,\"height\":2560},{\"@type\":\"BreadcrumbList\",\"@id\":\"https:\\\/\\\/www.koonings.com\\\/fr\\\/product\\\/milla-nova-kitty\\\/#breadcrumb\",\"itemListElement\":[{\"@type\":\"ListItem\",\"position\":1,\"name\":\"Home\",\"item\":\"https:\\\/\\\/www.koonings.com\\\/fr\\\/\"},{\"@type\":\"ListItem\",\"position\":2,\"name\":\"Milla Nova Kitty\"}]},{\"@type\":\"WebSite\",\"@id\":\"https:\\\/\\\/www.koonings.com\\\/fr\\\/#website\",\"url\":\"https:\\\/\\\/www.koonings.com\\\/fr\\\/\",\"name\":\"Koonings\",\"description\":\"De grootste bruidsmodewinkel ter wereld\",\"publisher\":{\"@id\":\"https:\\\/\\\/www.koonings.com\\\/fr\\\/#organization\"},\"potentialAction\":[{\"@type\":\"SearchAction\",\"target\":{\"@type\":\"EntryPoint\",\"urlTemplate\":\"https:\\\/\\\/www.koonings.com\\\/fr\\\/?s={search_term_string}\"},\"query-input\":{\"@type\":\"PropertyValueSpecification\",\"valueRequired\":true,\"valueName\":\"search_term_string\"}}],\"inLanguage\":\"fr-FR\"},{\"@type\":\"Organization\",\"@id\":\"https:\\\/\\\/www.koonings.com\\\/fr\\\/#organization\",\"name\":\"Koonings\",\"url\":\"https:\\\/\\\/www.koonings.com\\\/fr\\\/\",\"logo\":{\"@type\":\"ImageObject\",\"inLanguage\":\"fr-FR\",\"@id\":\"https:\\\/\\\/www.koonings.com\\\/fr\\\/#\\\/schema\\\/logo\\\/image\\\/\",\"url\":\"https:\\\/\\\/www.koonings.com\\\/wp-content\\\/uploads\\\/2024\\\/07\\\/logo.png\",\"contentUrl\":\"https:\\\/\\\/www.koonings.com\\\/wp-content\\\/uploads\\\/2024\\\/07\\\/logo.png\",\"width\":600,\"height\":428,\"caption\":\"Koonings\"},\"image\":{\"@id\":\"https:\\\/\\\/www.koonings.com\\\/fr\\\/#\\\/schema\\\/logo\\\/image\\\/\"},\"sameAs\":[\"https:\\\/\\\/www.facebook.com\\\/kooningstheweddingpalace\",\"https:\\\/\\\/www.instagram.com\\\/kooningstheweddingpalace\",\"https:\\\/\\\/www.pinterest.com\\\/koonings\",\"https:\\\/\\\/www.youtube.com\\\/kooningstheweddingpalace\"]}]}<\/script>\n<!-- \/ Yoast SEO plugin. -->","yoast_head_json":{"title":"Milla Nova Kitty | Koonings","description":"Quelle image romantique que cette robe de mari\u00e9e de Milla Nova ! Un corset en forme de c\u0153ur avec de magnifiques fleurs en 3D et des manches d\u00e9collet\u00e9es transparentes combin\u00e9es \u00e0 des bretelles spaghetti travaill\u00e9es et \u00e0 une jupe ample en tulle avec une fente haute. Parfaite pour la mari\u00e9e romantique !","robots":{"index":"index","follow":"follow","max-snippet":"max-snippet:-1","max-image-preview":"max-image-preview:large","max-video-preview":"max-video-preview:-1"},"canonical":"https:\/\/www.koonings.com\/fr\/product\/milla-nova-kitty\/","og_locale":"fr_FR","og_type":"article","og_title":"Milla Nova Kitty | Koonings","og_description":"Quelle image romantique que cette robe de mari\u00e9e de Milla Nova ! Un corset en forme de c\u0153ur avec de magnifiques fleurs en 3D et des manches d\u00e9collet\u00e9es transparentes combin\u00e9es \u00e0 des bretelles spaghetti travaill\u00e9es et \u00e0 une jupe ample en tulle avec une fente haute. Parfaite pour la mari\u00e9e romantique !","og_url":"https:\/\/www.koonings.com\/fr\/product\/milla-nova-kitty\/","og_site_name":"Koonings","article_publisher":"https:\/\/www.facebook.com\/kooningstheweddingpalace","og_image":[{"width":1809,"height":2560,"url":"https:\/\/www.koonings.com\/wp-content\/uploads\/2024\/11\/39431_591e33ce76bde7e8423ea33176126675a7562657602c7e4295f2b1411987f1d481467207-scaled.jpeg","type":"image\/jpeg"}],"twitter_card":"summary_large_image","schema":{"@context":"https:\/\/schema.org","@graph":[{"@type":"WebPage","@id":"https:\/\/www.koonings.com\/fr\/product\/milla-nova-kitty\/","url":"https:\/\/www.koonings.com\/fr\/product\/milla-nova-kitty\/","name":"Milla Nova Kitty | Koonings","isPartOf":{"@id":"https:\/\/www.koonings.com\/fr\/#website"},"primaryImageOfPage":{"@id":"https:\/\/www.koonings.com\/fr\/product\/milla-nova-kitty\/#primaryimage"},"image":{"@id":"https:\/\/www.koonings.com\/fr\/product\/milla-nova-kitty\/#primaryimage"},"thumbnailUrl":"https:\/\/www.koonings.com\/wp-content\/uploads\/2024\/11\/39431_591e33ce76bde7e8423ea33176126675a7562657602c7e4295f2b1411987f1d481467207-scaled.jpeg","datePublished":"2026-04-28T16:12:54+00:00","description":"Quelle image romantique que cette robe de mari\u00e9e de Milla Nova ! Un corset en forme de c\u0153ur avec de magnifiques fleurs en 3D et des manches d\u00e9collet\u00e9es transparentes combin\u00e9es \u00e0 des bretelles spaghetti travaill\u00e9es et \u00e0 une jupe ample en tulle avec une fente haute. Parfaite pour la mari\u00e9e romantique !","breadcrumb":{"@id":"https:\/\/www.koonings.com\/fr\/product\/milla-nova-kitty\/#breadcrumb"},"inLanguage":"fr-FR","potentialAction":[{"@type":"ReadAction","target":["https:\/\/www.koonings.com\/fr\/product\/milla-nova-kitty\/"]}]},{"@type":"ImageObject","inLanguage":"fr-FR","@id":"https:\/\/www.koonings.com\/fr\/product\/milla-nova-kitty\/#primaryimage","url":"https:\/\/www.koonings.com\/wp-content\/uploads\/2024\/11\/39431_591e33ce76bde7e8423ea33176126675a7562657602c7e4295f2b1411987f1d481467207-scaled.jpeg","contentUrl":"https:\/\/www.koonings.com\/wp-content\/uploads\/2024\/11\/39431_591e33ce76bde7e8423ea33176126675a7562657602c7e4295f2b1411987f1d481467207-scaled.jpeg","width":1809,"height":2560},{"@type":"BreadcrumbList","@id":"https:\/\/www.koonings.com\/fr\/product\/milla-nova-kitty\/#breadcrumb","itemListElement":[{"@type":"ListItem","position":1,"name":"Home","item":"https:\/\/www.koonings.com\/fr\/"},{"@type":"ListItem","position":2,"name":"Milla Nova Kitty"}]},{"@type":"WebSite","@id":"https:\/\/www.koonings.com\/fr\/#website","url":"https:\/\/www.koonings.com\/fr\/","name":"Koonings","description":"De grootste bruidsmodewinkel ter wereld","publisher":{"@id":"https:\/\/www.koonings.com\/fr\/#organization"},"potentialAction":[{"@type":"SearchAction","target":{"@type":"EntryPoint","urlTemplate":"https:\/\/www.koonings.com\/fr\/?s={search_term_string}"},"query-input":{"@type":"PropertyValueSpecification","valueRequired":true,"valueName":"search_term_string"}}],"inLanguage":"fr-FR"},{"@type":"Organization","@id":"https:\/\/www.koonings.com\/fr\/#organization","name":"Koonings","url":"https:\/\/www.koonings.com\/fr\/","logo":{"@type":"ImageObject","inLanguage":"fr-FR","@id":"https:\/\/www.koonings.com\/fr\/#\/schema\/logo\/image\/","url":"https:\/\/www.koonings.com\/wp-content\/uploads\/2024\/07\/logo.png","contentUrl":"https:\/\/www.koonings.com\/wp-content\/uploads\/2024\/07\/logo.png","width":600,"height":428,"caption":"Koonings"},"image":{"@id":"https:\/\/www.koonings.com\/fr\/#\/schema\/logo\/image\/"},"sameAs":["https:\/\/www.facebook.com\/kooningstheweddingpalace","https:\/\/www.instagram.com\/kooningstheweddingpalace","https:\/\/www.pinterest.com\/koonings","https:\/\/www.youtube.com\/kooningstheweddingpalace"]}]}},"_links":{"self":[{"href":"https:\/\/www.koonings.com\/fr\/wp-json\/wp\/v2\/product\/57558","targetHints":{"allow":["GET"]}}],"collection":[{"href":"https:\/\/www.koonings.com\/fr\/wp-json\/wp\/v2\/product"}],"about":[{"href":"https:\/\/www.koonings.com\/fr\/wp-json\/wp\/v2\/types\/product"}],"wp:featuredmedia":[{"embeddable":true,"href":"https:\/\/www.koonings.com\/fr\/wp-json\/wp\/v2\/media\/40363"}],"wp:attachment":[{"href":"https:\/\/www.koonings.com\/fr\/wp-json\/wp\/v2\/media?parent=57558"}],"wp:term":[{"taxonomy":"productdetails","embeddable":true,"href":"https:\/\/www.koonings.com\/fr\/wp-json\/wp\/v2\/productdetails?post=57558"},{"taxonomy":"productneck","embeddable":true,"href":"https:\/\/www.koonings.com\/fr\/wp-json\/wp\/v2\/productneck?post=57558"},{"taxonomy":"productcolor","embeddable":true,"href":"https:\/\/www.koonings.com\/fr\/wp-json\/wp\/v2\/productcolor?post=57558"},{"taxonomy":"maat","embeddable":true,"href":"https:\/\/www.koonings.com\/fr\/wp-json\/wp\/v2\/maat?post=57558"},{"taxonomy":"productsupplier","embeddable":true,"href":"https:\/\/www.koonings.com\/fr\/wp-json\/wp\/v2\/productsupplier?post=57558"},{"taxonomy":"productsleeve","embeddable":true,"href":"https:\/\/www.koonings.com\/fr\/wp-json\/wp\/v2\/productsleeve?post=57558"},{"taxonomy":"productcategory","embeddable":true,"href":"https:\/\/www.koonings.com\/fr\/wp-json\/wp\/v2\/productcategory?post=57558"},{"taxonomy":"productsilhouette","embeddable":true,"href":"https:\/\/www.koonings.com\/fr\/wp-json\/wp\/v2\/productsilhouette?post=57558"},{"taxonomy":"productstyle","embeddable":true,"href":"https:\/\/www.koonings.com\/fr\/wp-json\/wp\/v2\/productstyle?post=57558"}],"curies":[{"name":"wp","href":"https:\/\/api.w.org\/{rel}","templated":true}]}}