{"id":57467,"date":"2025-03-18T20:06:26","date_gmt":"2025-03-18T19:06:26","guid":{"rendered":"https:\/\/www.koonings.com\/product\/elysee-ciel\/"},"modified":"2026-02-03T18:15:56","modified_gmt":"2026-02-03T17:15:56","slug":"elysee-ciel","status":"publish","type":"product","link":"https:\/\/www.koonings.com\/fr\/product\/elysee-ciel\/","title":{"rendered":"Elysee Ciel"},"content":{"rendered":"<p>Le mod\u00e8le Ciel est la robe qui a tout pour plaire ! Cette robe de mari\u00e9e sir\u00e8ne sexy et scintillante a un profond d\u00e9collet\u00e9 en forme de c\u0153ur et de la dentelle baroque avec des paillettes sur le corsage qui fera que tout le monde fera une double prise. Cette robe \u00e9tonnante est \u00e9galement dot\u00e9e d&#8217;un corset illusion visible dans le dos et d&#8217;une tra\u00eene en tulle doux. Les manches blouson d\u00e9tachables uniques cr\u00e9ent juste ce qu&#8217;il faut de drame pour cet \u00e9l\u00e9gant look de mari\u00e9e.   <\/p>\n","protected":false},"featured_media":37272,"template":"","meta":{"_acf_changed":false,"ghostkit_customizer_options":"","ghostkit_custom_css":"","ghostkit_custom_js_head":"","ghostkit_custom_js_foot":"","ghostkit_typography":""},"productdetails":[],"productneck":[],"productcolor":[],"maat":[],"productsupplier":[427],"productsleeve":[],"productcategory":[18],"productsilhouette":[],"productstyle":[],"class_list":["post-57467","product","type-product","status-publish","has-post-thumbnail","hentry","productsupplier-elysee","productcategory-trouwjurken"],"acf":[],"yoast_head":"<!-- This site is optimized with the Yoast SEO plugin v26.8 - https:\/\/yoast.com\/product\/yoast-seo-wordpress\/ -->\n<title>Elysee Ciel | Koonings<\/title>\n<meta name=\"description\" content=\"Le mod\u00e8le Ciel est la robe qui a tout pour plaire ! Cette robe de mari\u00e9e sir\u00e8ne sexy et scintillante a un profond d\u00e9collet\u00e9 en forme de c\u0153ur et de la dentelle baroque avec des paillettes sur le corsage qui fera que tout le monde fera une double prise. Cette robe \u00e9tonnante est \u00e9galement dot\u00e9e d&#039;un corset illusion visible dans le dos et d&#039;une tra\u00eene en tulle doux. Les manches blouson d\u00e9tachables uniques cr\u00e9ent juste ce qu&#039;il faut de drame pour cet \u00e9l\u00e9gant look de mari\u00e9e.\" \/>\n<meta name=\"robots\" content=\"index, follow, max-snippet:-1, max-image-preview:large, max-video-preview:-1\" \/>\n<link rel=\"canonical\" href=\"https:\/\/www.koonings.com\/fr\/product\/elysee-ciel\/\" \/>\n<meta property=\"og:locale\" content=\"fr_FR\" \/>\n<meta property=\"og:type\" content=\"article\" \/>\n<meta property=\"og:title\" content=\"Elysee Ciel | Koonings\" \/>\n<meta property=\"og:description\" content=\"Le mod\u00e8le Ciel est la robe qui a tout pour plaire ! Cette robe de mari\u00e9e sir\u00e8ne sexy et scintillante a un profond d\u00e9collet\u00e9 en forme de c\u0153ur et de la dentelle baroque avec des paillettes sur le corsage qui fera que tout le monde fera une double prise. Cette robe \u00e9tonnante est \u00e9galement dot\u00e9e d&#039;un corset illusion visible dans le dos et d&#039;une tra\u00eene en tulle doux. Les manches blouson d\u00e9tachables uniques cr\u00e9ent juste ce qu&#039;il faut de drame pour cet \u00e9l\u00e9gant look de mari\u00e9e.\" \/>\n<meta property=\"og:url\" content=\"https:\/\/www.koonings.com\/fr\/product\/elysee-ciel\/\" \/>\n<meta property=\"og:site_name\" content=\"Koonings\" \/>\n<meta property=\"article:publisher\" content=\"https:\/\/www.facebook.com\/kooningstheweddingpalace\" \/>\n<meta property=\"article:modified_time\" content=\"2026-02-03T17:15:56+00:00\" \/>\n<meta property=\"og:image\" content=\"https:\/\/www.koonings.com\/wp-content\/uploads\/2024\/11\/38667_272082034ba099e700449e710d3483843773be58748d9ce3a6375671166576e551b98683.jpeg\" \/>\n\t<meta property=\"og:image:width\" content=\"1035\" \/>\n\t<meta property=\"og:image:height\" content=\"1380\" \/>\n\t<meta property=\"og:image:type\" content=\"image\/jpeg\" \/>\n<meta name=\"twitter:card\" content=\"summary_large_image\" \/>\n<script type=\"application\/ld+json\" class=\"yoast-schema-graph\">{\"@context\":\"https:\/\/schema.org\",\"@graph\":[{\"@type\":\"WebPage\",\"@id\":\"https:\/\/www.koonings.com\/fr\/product\/elysee-ciel\/\",\"url\":\"https:\/\/www.koonings.com\/fr\/product\/elysee-ciel\/\",\"name\":\"Elysee Ciel | Koonings\",\"isPartOf\":{\"@id\":\"https:\/\/www.koonings.com\/fr\/#website\"},\"primaryImageOfPage\":{\"@id\":\"https:\/\/www.koonings.com\/fr\/product\/elysee-ciel\/#primaryimage\"},\"image\":{\"@id\":\"https:\/\/www.koonings.com\/fr\/product\/elysee-ciel\/#primaryimage\"},\"thumbnailUrl\":\"https:\/\/www.koonings.com\/wp-content\/uploads\/2024\/11\/38667_272082034ba099e700449e710d3483843773be58748d9ce3a6375671166576e551b98683.jpeg\",\"datePublished\":\"2025-03-18T19:06:26+00:00\",\"dateModified\":\"2026-02-03T17:15:56+00:00\",\"description\":\"Le mod\u00e8le Ciel est la robe qui a tout pour plaire ! Cette robe de mari\u00e9e sir\u00e8ne sexy et scintillante a un profond d\u00e9collet\u00e9 en forme de c\u0153ur et de la dentelle baroque avec des paillettes sur le corsage qui fera que tout le monde fera une double prise. Cette robe \u00e9tonnante est \u00e9galement dot\u00e9e d'un corset illusion visible dans le dos et d'une tra\u00eene en tulle doux. Les manches blouson d\u00e9tachables uniques cr\u00e9ent juste ce qu'il faut de drame pour cet \u00e9l\u00e9gant look de mari\u00e9e.\",\"breadcrumb\":{\"@id\":\"https:\/\/www.koonings.com\/fr\/product\/elysee-ciel\/#breadcrumb\"},\"inLanguage\":\"fr-FR\",\"potentialAction\":[{\"@type\":\"ReadAction\",\"target\":[\"https:\/\/www.koonings.com\/fr\/product\/elysee-ciel\/\"]}]},{\"@type\":\"ImageObject\",\"inLanguage\":\"fr-FR\",\"@id\":\"https:\/\/www.koonings.com\/fr\/product\/elysee-ciel\/#primaryimage\",\"url\":\"https:\/\/www.koonings.com\/wp-content\/uploads\/2024\/11\/38667_272082034ba099e700449e710d3483843773be58748d9ce3a6375671166576e551b98683.jpeg\",\"contentUrl\":\"https:\/\/www.koonings.com\/wp-content\/uploads\/2024\/11\/38667_272082034ba099e700449e710d3483843773be58748d9ce3a6375671166576e551b98683.jpeg\",\"width\":1035,\"height\":1380},{\"@type\":\"BreadcrumbList\",\"@id\":\"https:\/\/www.koonings.com\/fr\/product\/elysee-ciel\/#breadcrumb\",\"itemListElement\":[{\"@type\":\"ListItem\",\"position\":1,\"name\":\"Home\",\"item\":\"https:\/\/www.koonings.com\/fr\/\"},{\"@type\":\"ListItem\",\"position\":2,\"name\":\"Elysee Ciel\"}]},{\"@type\":\"WebSite\",\"@id\":\"https:\/\/www.koonings.com\/fr\/#website\",\"url\":\"https:\/\/www.koonings.com\/fr\/\",\"name\":\"Koonings\",\"description\":\"De grootste bruidsmodewinkel ter wereld\",\"publisher\":{\"@id\":\"https:\/\/www.koonings.com\/fr\/#organization\"},\"potentialAction\":[{\"@type\":\"SearchAction\",\"target\":{\"@type\":\"EntryPoint\",\"urlTemplate\":\"https:\/\/www.koonings.com\/fr\/?s={search_term_string}\"},\"query-input\":{\"@type\":\"PropertyValueSpecification\",\"valueRequired\":true,\"valueName\":\"search_term_string\"}}],\"inLanguage\":\"fr-FR\"},{\"@type\":\"Organization\",\"@id\":\"https:\/\/www.koonings.com\/fr\/#organization\",\"name\":\"Koonings\",\"url\":\"https:\/\/www.koonings.com\/fr\/\",\"logo\":{\"@type\":\"ImageObject\",\"inLanguage\":\"fr-FR\",\"@id\":\"https:\/\/www.koonings.com\/fr\/#\/schema\/logo\/image\/\",\"url\":\"https:\/\/www.koonings.com\/wp-content\/uploads\/2024\/07\/logo.png\",\"contentUrl\":\"https:\/\/www.koonings.com\/wp-content\/uploads\/2024\/07\/logo.png\",\"width\":600,\"height\":428,\"caption\":\"Koonings\"},\"image\":{\"@id\":\"https:\/\/www.koonings.com\/fr\/#\/schema\/logo\/image\/\"},\"sameAs\":[\"https:\/\/www.facebook.com\/kooningstheweddingpalace\",\"https:\/\/www.instagram.com\/kooningstheweddingpalace\",\"https:\/\/www.pinterest.com\/koonings\",\"https:\/\/www.youtube.com\/kooningstheweddingpalace\"]}]}<\/script>\n<!-- \/ Yoast SEO plugin. -->","yoast_head_json":{"title":"Elysee Ciel | Koonings","description":"Le mod\u00e8le Ciel est la robe qui a tout pour plaire ! Cette robe de mari\u00e9e sir\u00e8ne sexy et scintillante a un profond d\u00e9collet\u00e9 en forme de c\u0153ur et de la dentelle baroque avec des paillettes sur le corsage qui fera que tout le monde fera une double prise. Cette robe \u00e9tonnante est \u00e9galement dot\u00e9e d'un corset illusion visible dans le dos et d'une tra\u00eene en tulle doux. Les manches blouson d\u00e9tachables uniques cr\u00e9ent juste ce qu'il faut de drame pour cet \u00e9l\u00e9gant look de mari\u00e9e.","robots":{"index":"index","follow":"follow","max-snippet":"max-snippet:-1","max-image-preview":"max-image-preview:large","max-video-preview":"max-video-preview:-1"},"canonical":"https:\/\/www.koonings.com\/fr\/product\/elysee-ciel\/","og_locale":"fr_FR","og_type":"article","og_title":"Elysee Ciel | Koonings","og_description":"Le mod\u00e8le Ciel est la robe qui a tout pour plaire ! Cette robe de mari\u00e9e sir\u00e8ne sexy et scintillante a un profond d\u00e9collet\u00e9 en forme de c\u0153ur et de la dentelle baroque avec des paillettes sur le corsage qui fera que tout le monde fera une double prise. Cette robe \u00e9tonnante est \u00e9galement dot\u00e9e d'un corset illusion visible dans le dos et d'une tra\u00eene en tulle doux. Les manches blouson d\u00e9tachables uniques cr\u00e9ent juste ce qu'il faut de drame pour cet \u00e9l\u00e9gant look de mari\u00e9e.","og_url":"https:\/\/www.koonings.com\/fr\/product\/elysee-ciel\/","og_site_name":"Koonings","article_publisher":"https:\/\/www.facebook.com\/kooningstheweddingpalace","article_modified_time":"2026-02-03T17:15:56+00:00","og_image":[{"width":1035,"height":1380,"url":"https:\/\/www.koonings.com\/wp-content\/uploads\/2024\/11\/38667_272082034ba099e700449e710d3483843773be58748d9ce3a6375671166576e551b98683.jpeg","type":"image\/jpeg"}],"twitter_card":"summary_large_image","schema":{"@context":"https:\/\/schema.org","@graph":[{"@type":"WebPage","@id":"https:\/\/www.koonings.com\/fr\/product\/elysee-ciel\/","url":"https:\/\/www.koonings.com\/fr\/product\/elysee-ciel\/","name":"Elysee Ciel | Koonings","isPartOf":{"@id":"https:\/\/www.koonings.com\/fr\/#website"},"primaryImageOfPage":{"@id":"https:\/\/www.koonings.com\/fr\/product\/elysee-ciel\/#primaryimage"},"image":{"@id":"https:\/\/www.koonings.com\/fr\/product\/elysee-ciel\/#primaryimage"},"thumbnailUrl":"https:\/\/www.koonings.com\/wp-content\/uploads\/2024\/11\/38667_272082034ba099e700449e710d3483843773be58748d9ce3a6375671166576e551b98683.jpeg","datePublished":"2025-03-18T19:06:26+00:00","dateModified":"2026-02-03T17:15:56+00:00","description":"Le mod\u00e8le Ciel est la robe qui a tout pour plaire ! Cette robe de mari\u00e9e sir\u00e8ne sexy et scintillante a un profond d\u00e9collet\u00e9 en forme de c\u0153ur et de la dentelle baroque avec des paillettes sur le corsage qui fera que tout le monde fera une double prise. Cette robe \u00e9tonnante est \u00e9galement dot\u00e9e d'un corset illusion visible dans le dos et d'une tra\u00eene en tulle doux. Les manches blouson d\u00e9tachables uniques cr\u00e9ent juste ce qu'il faut de drame pour cet \u00e9l\u00e9gant look de mari\u00e9e.","breadcrumb":{"@id":"https:\/\/www.koonings.com\/fr\/product\/elysee-ciel\/#breadcrumb"},"inLanguage":"fr-FR","potentialAction":[{"@type":"ReadAction","target":["https:\/\/www.koonings.com\/fr\/product\/elysee-ciel\/"]}]},{"@type":"ImageObject","inLanguage":"fr-FR","@id":"https:\/\/www.koonings.com\/fr\/product\/elysee-ciel\/#primaryimage","url":"https:\/\/www.koonings.com\/wp-content\/uploads\/2024\/11\/38667_272082034ba099e700449e710d3483843773be58748d9ce3a6375671166576e551b98683.jpeg","contentUrl":"https:\/\/www.koonings.com\/wp-content\/uploads\/2024\/11\/38667_272082034ba099e700449e710d3483843773be58748d9ce3a6375671166576e551b98683.jpeg","width":1035,"height":1380},{"@type":"BreadcrumbList","@id":"https:\/\/www.koonings.com\/fr\/product\/elysee-ciel\/#breadcrumb","itemListElement":[{"@type":"ListItem","position":1,"name":"Home","item":"https:\/\/www.koonings.com\/fr\/"},{"@type":"ListItem","position":2,"name":"Elysee Ciel"}]},{"@type":"WebSite","@id":"https:\/\/www.koonings.com\/fr\/#website","url":"https:\/\/www.koonings.com\/fr\/","name":"Koonings","description":"De grootste bruidsmodewinkel ter wereld","publisher":{"@id":"https:\/\/www.koonings.com\/fr\/#organization"},"potentialAction":[{"@type":"SearchAction","target":{"@type":"EntryPoint","urlTemplate":"https:\/\/www.koonings.com\/fr\/?s={search_term_string}"},"query-input":{"@type":"PropertyValueSpecification","valueRequired":true,"valueName":"search_term_string"}}],"inLanguage":"fr-FR"},{"@type":"Organization","@id":"https:\/\/www.koonings.com\/fr\/#organization","name":"Koonings","url":"https:\/\/www.koonings.com\/fr\/","logo":{"@type":"ImageObject","inLanguage":"fr-FR","@id":"https:\/\/www.koonings.com\/fr\/#\/schema\/logo\/image\/","url":"https:\/\/www.koonings.com\/wp-content\/uploads\/2024\/07\/logo.png","contentUrl":"https:\/\/www.koonings.com\/wp-content\/uploads\/2024\/07\/logo.png","width":600,"height":428,"caption":"Koonings"},"image":{"@id":"https:\/\/www.koonings.com\/fr\/#\/schema\/logo\/image\/"},"sameAs":["https:\/\/www.facebook.com\/kooningstheweddingpalace","https:\/\/www.instagram.com\/kooningstheweddingpalace","https:\/\/www.pinterest.com\/koonings","https:\/\/www.youtube.com\/kooningstheweddingpalace"]}]}},"_links":{"self":[{"href":"https:\/\/www.koonings.com\/fr\/wp-json\/wp\/v2\/product\/57467","targetHints":{"allow":["GET"]}}],"collection":[{"href":"https:\/\/www.koonings.com\/fr\/wp-json\/wp\/v2\/product"}],"about":[{"href":"https:\/\/www.koonings.com\/fr\/wp-json\/wp\/v2\/types\/product"}],"wp:featuredmedia":[{"embeddable":true,"href":"https:\/\/www.koonings.com\/fr\/wp-json\/wp\/v2\/media\/37272"}],"wp:attachment":[{"href":"https:\/\/www.koonings.com\/fr\/wp-json\/wp\/v2\/media?parent=57467"}],"wp:term":[{"taxonomy":"productdetails","embeddable":true,"href":"https:\/\/www.koonings.com\/fr\/wp-json\/wp\/v2\/productdetails?post=57467"},{"taxonomy":"productneck","embeddable":true,"href":"https:\/\/www.koonings.com\/fr\/wp-json\/wp\/v2\/productneck?post=57467"},{"taxonomy":"productcolor","embeddable":true,"href":"https:\/\/www.koonings.com\/fr\/wp-json\/wp\/v2\/productcolor?post=57467"},{"taxonomy":"maat","embeddable":true,"href":"https:\/\/www.koonings.com\/fr\/wp-json\/wp\/v2\/maat?post=57467"},{"taxonomy":"productsupplier","embeddable":true,"href":"https:\/\/www.koonings.com\/fr\/wp-json\/wp\/v2\/productsupplier?post=57467"},{"taxonomy":"productsleeve","embeddable":true,"href":"https:\/\/www.koonings.com\/fr\/wp-json\/wp\/v2\/productsleeve?post=57467"},{"taxonomy":"productcategory","embeddable":true,"href":"https:\/\/www.koonings.com\/fr\/wp-json\/wp\/v2\/productcategory?post=57467"},{"taxonomy":"productsilhouette","embeddable":true,"href":"https:\/\/www.koonings.com\/fr\/wp-json\/wp\/v2\/productsilhouette?post=57467"},{"taxonomy":"productstyle","embeddable":true,"href":"https:\/\/www.koonings.com\/fr\/wp-json\/wp\/v2\/productstyle?post=57467"}],"curies":[{"name":"wp","href":"https:\/\/api.w.org\/{rel}","templated":true}]}}