{"id":57442,"date":"2026-04-28T18:10:48","date_gmt":"2026-04-28T16:10:48","guid":{"rendered":"https:\/\/www.koonings.com\/product\/elysee-celine\/"},"modified":"2026-02-16T14:37:07","modified_gmt":"2026-02-16T13:37:07","slug":"elysee-celine","status":"publish","type":"product","link":"https:\/\/www.koonings.com\/fr\/product\/elysee-celine\/","title":{"rendered":"Elysee Celine"},"content":{"rendered":"<p>Vous \u00eates \u00e0 la recherche d&#8217;une robe de mari\u00e9e enchanteresse pour votre mariage de conte de f\u00e9es ? Le mod\u00e8le C\u00e9line est une robe \u00e9tincelante de forme A avec un d\u00e9collet\u00e9 rond de forme unique sur plusieurs couches de dentelle et de tulle, ainsi que de jolies manches amovibles en tulle. La dentelle florale chatoyante est subtilement plac\u00e9e sur le corsage et descend jusqu&#8217;\u00e0 la jupe en tulle doux avec une fente sexy. Faites tomber les bouches de tous vos invit\u00e9s de mariage lorsqu&#8217;ils verront le superbe corset \u00e0 illusion visible dans le dos et la tra\u00eene impeccablement sculpt\u00e9e.<\/p>\n","protected":false},"featured_media":37378,"template":"","meta":{"_acf_changed":false,"ghostkit_customizer_options":"","ghostkit_custom_css":"","ghostkit_custom_js_head":"","ghostkit_custom_js_foot":"","ghostkit_typography":""},"productdetails":[379,376,381],"productneck":[353,354],"productcolor":[393,392],"maat":[],"productsupplier":[427],"productsleeve":[357],"productcategory":[18],"productsilhouette":[384,388],"productstyle":[366,370],"class_list":["post-57442","product","type-product","status-publish","has-post-thumbnail","hentry","productdetails-379","productdetails-376","productdetails-381","productneck-353","productneck-354","productcolor-393","productcolor-392","productsupplier-elysee","productsleeve-357","productcategory-trouwjurken","productsilhouette-384","productsilhouette-388","productstyle-366","productstyle-370"],"acf":[],"yoast_head":"<!-- This site is optimized with the Yoast SEO plugin v27.3 - https:\/\/yoast.com\/product\/yoast-seo-wordpress\/ -->\n<title>Elysee Celine | Koonings<\/title>\n<meta name=\"description\" content=\"Vous \u00eates \u00e0 la recherche d&#039;une robe de mari\u00e9e enchanteresse pour votre mariage de conte de f\u00e9es ? Le mod\u00e8le C\u00e9line est une robe \u00e9tincelante de forme A avec un d\u00e9collet\u00e9 rond de forme unique sur plusieurs couches de dentelle et de tulle, ainsi que de jolies manches amovibles en tulle. La dentelle florale chatoyante est subtilement plac\u00e9e sur le corsage et descend jusqu&#039;\u00e0 la jupe en tulle doux avec une fente sexy. Faites tomber les bouches de tous vos invit\u00e9s de mariage lorsqu&#039;ils verront le superbe corset \u00e0 illusion visible dans le dos et la tra\u00eene impeccablement sculpt\u00e9e.\" \/>\n<meta name=\"robots\" content=\"index, follow, max-snippet:-1, max-image-preview:large, max-video-preview:-1\" \/>\n<link rel=\"canonical\" href=\"https:\/\/www.koonings.com\/fr\/product\/elysee-celine\/\" \/>\n<meta property=\"og:locale\" content=\"fr_FR\" \/>\n<meta property=\"og:type\" content=\"article\" \/>\n<meta property=\"og:title\" content=\"Elysee Celine | Koonings\" \/>\n<meta property=\"og:description\" content=\"Vous \u00eates \u00e0 la recherche d&#039;une robe de mari\u00e9e enchanteresse pour votre mariage de conte de f\u00e9es ? Le mod\u00e8le C\u00e9line est une robe \u00e9tincelante de forme A avec un d\u00e9collet\u00e9 rond de forme unique sur plusieurs couches de dentelle et de tulle, ainsi que de jolies manches amovibles en tulle. La dentelle florale chatoyante est subtilement plac\u00e9e sur le corsage et descend jusqu&#039;\u00e0 la jupe en tulle doux avec une fente sexy. Faites tomber les bouches de tous vos invit\u00e9s de mariage lorsqu&#039;ils verront le superbe corset \u00e0 illusion visible dans le dos et la tra\u00eene impeccablement sculpt\u00e9e.\" \/>\n<meta property=\"og:url\" content=\"https:\/\/www.koonings.com\/fr\/product\/elysee-celine\/\" \/>\n<meta property=\"og:site_name\" content=\"Koonings\" \/>\n<meta property=\"article:publisher\" content=\"https:\/\/www.facebook.com\/kooningstheweddingpalace\" \/>\n<meta property=\"og:image\" content=\"https:\/\/www.koonings.com\/wp-content\/uploads\/2024\/11\/38674_1d6b356090b76fe71b04d80a4259393f68b6696b1f7878b64713de6eeb80c4f2345ff88c.jpeg\" \/>\n\t<meta property=\"og:image:width\" content=\"1035\" \/>\n\t<meta property=\"og:image:height\" content=\"1380\" \/>\n\t<meta property=\"og:image:type\" content=\"image\/jpeg\" \/>\n<meta name=\"twitter:card\" content=\"summary_large_image\" \/>\n<meta name=\"twitter:label1\" content=\"Dur\u00e9e de lecture estim\u00e9e\" \/>\n\t<meta name=\"twitter:data1\" content=\"1 minute\" \/>\n<script type=\"application\/ld+json\" class=\"yoast-schema-graph\">{\"@context\":\"https:\\\/\\\/schema.org\",\"@graph\":[{\"@type\":\"WebPage\",\"@id\":\"https:\\\/\\\/www.koonings.com\\\/fr\\\/product\\\/elysee-celine\\\/\",\"url\":\"https:\\\/\\\/www.koonings.com\\\/fr\\\/product\\\/elysee-celine\\\/\",\"name\":\"Elysee Celine | Koonings\",\"isPartOf\":{\"@id\":\"https:\\\/\\\/www.koonings.com\\\/fr\\\/#website\"},\"primaryImageOfPage\":{\"@id\":\"https:\\\/\\\/www.koonings.com\\\/fr\\\/product\\\/elysee-celine\\\/#primaryimage\"},\"image\":{\"@id\":\"https:\\\/\\\/www.koonings.com\\\/fr\\\/product\\\/elysee-celine\\\/#primaryimage\"},\"thumbnailUrl\":\"https:\\\/\\\/www.koonings.com\\\/wp-content\\\/uploads\\\/2024\\\/11\\\/38674_1d6b356090b76fe71b04d80a4259393f68b6696b1f7878b64713de6eeb80c4f2345ff88c.jpeg\",\"datePublished\":\"2026-04-28T16:10:48+00:00\",\"description\":\"Vous \u00eates \u00e0 la recherche d'une robe de mari\u00e9e enchanteresse pour votre mariage de conte de f\u00e9es ? Le mod\u00e8le C\u00e9line est une robe \u00e9tincelante de forme A avec un d\u00e9collet\u00e9 rond de forme unique sur plusieurs couches de dentelle et de tulle, ainsi que de jolies manches amovibles en tulle. La dentelle florale chatoyante est subtilement plac\u00e9e sur le corsage et descend jusqu'\u00e0 la jupe en tulle doux avec une fente sexy. Faites tomber les bouches de tous vos invit\u00e9s de mariage lorsqu'ils verront le superbe corset \u00e0 illusion visible dans le dos et la tra\u00eene impeccablement sculpt\u00e9e.\",\"breadcrumb\":{\"@id\":\"https:\\\/\\\/www.koonings.com\\\/fr\\\/product\\\/elysee-celine\\\/#breadcrumb\"},\"inLanguage\":\"fr-FR\",\"potentialAction\":[{\"@type\":\"ReadAction\",\"target\":[\"https:\\\/\\\/www.koonings.com\\\/fr\\\/product\\\/elysee-celine\\\/\"]}]},{\"@type\":\"ImageObject\",\"inLanguage\":\"fr-FR\",\"@id\":\"https:\\\/\\\/www.koonings.com\\\/fr\\\/product\\\/elysee-celine\\\/#primaryimage\",\"url\":\"https:\\\/\\\/www.koonings.com\\\/wp-content\\\/uploads\\\/2024\\\/11\\\/38674_1d6b356090b76fe71b04d80a4259393f68b6696b1f7878b64713de6eeb80c4f2345ff88c.jpeg\",\"contentUrl\":\"https:\\\/\\\/www.koonings.com\\\/wp-content\\\/uploads\\\/2024\\\/11\\\/38674_1d6b356090b76fe71b04d80a4259393f68b6696b1f7878b64713de6eeb80c4f2345ff88c.jpeg\",\"width\":1035,\"height\":1380},{\"@type\":\"BreadcrumbList\",\"@id\":\"https:\\\/\\\/www.koonings.com\\\/fr\\\/product\\\/elysee-celine\\\/#breadcrumb\",\"itemListElement\":[{\"@type\":\"ListItem\",\"position\":1,\"name\":\"Home\",\"item\":\"https:\\\/\\\/www.koonings.com\\\/fr\\\/\"},{\"@type\":\"ListItem\",\"position\":2,\"name\":\"Elysee Celine\"}]},{\"@type\":\"WebSite\",\"@id\":\"https:\\\/\\\/www.koonings.com\\\/fr\\\/#website\",\"url\":\"https:\\\/\\\/www.koonings.com\\\/fr\\\/\",\"name\":\"Koonings\",\"description\":\"De grootste bruidsmodewinkel ter wereld\",\"publisher\":{\"@id\":\"https:\\\/\\\/www.koonings.com\\\/fr\\\/#organization\"},\"potentialAction\":[{\"@type\":\"SearchAction\",\"target\":{\"@type\":\"EntryPoint\",\"urlTemplate\":\"https:\\\/\\\/www.koonings.com\\\/fr\\\/?s={search_term_string}\"},\"query-input\":{\"@type\":\"PropertyValueSpecification\",\"valueRequired\":true,\"valueName\":\"search_term_string\"}}],\"inLanguage\":\"fr-FR\"},{\"@type\":\"Organization\",\"@id\":\"https:\\\/\\\/www.koonings.com\\\/fr\\\/#organization\",\"name\":\"Koonings\",\"url\":\"https:\\\/\\\/www.koonings.com\\\/fr\\\/\",\"logo\":{\"@type\":\"ImageObject\",\"inLanguage\":\"fr-FR\",\"@id\":\"https:\\\/\\\/www.koonings.com\\\/fr\\\/#\\\/schema\\\/logo\\\/image\\\/\",\"url\":\"https:\\\/\\\/www.koonings.com\\\/wp-content\\\/uploads\\\/2024\\\/07\\\/logo.png\",\"contentUrl\":\"https:\\\/\\\/www.koonings.com\\\/wp-content\\\/uploads\\\/2024\\\/07\\\/logo.png\",\"width\":600,\"height\":428,\"caption\":\"Koonings\"},\"image\":{\"@id\":\"https:\\\/\\\/www.koonings.com\\\/fr\\\/#\\\/schema\\\/logo\\\/image\\\/\"},\"sameAs\":[\"https:\\\/\\\/www.facebook.com\\\/kooningstheweddingpalace\",\"https:\\\/\\\/www.instagram.com\\\/kooningstheweddingpalace\",\"https:\\\/\\\/www.pinterest.com\\\/koonings\",\"https:\\\/\\\/www.youtube.com\\\/kooningstheweddingpalace\"]}]}<\/script>\n<!-- \/ Yoast SEO plugin. -->","yoast_head_json":{"title":"Elysee Celine | Koonings","description":"Vous \u00eates \u00e0 la recherche d'une robe de mari\u00e9e enchanteresse pour votre mariage de conte de f\u00e9es ? Le mod\u00e8le C\u00e9line est une robe \u00e9tincelante de forme A avec un d\u00e9collet\u00e9 rond de forme unique sur plusieurs couches de dentelle et de tulle, ainsi que de jolies manches amovibles en tulle. La dentelle florale chatoyante est subtilement plac\u00e9e sur le corsage et descend jusqu'\u00e0 la jupe en tulle doux avec une fente sexy. Faites tomber les bouches de tous vos invit\u00e9s de mariage lorsqu'ils verront le superbe corset \u00e0 illusion visible dans le dos et la tra\u00eene impeccablement sculpt\u00e9e.","robots":{"index":"index","follow":"follow","max-snippet":"max-snippet:-1","max-image-preview":"max-image-preview:large","max-video-preview":"max-video-preview:-1"},"canonical":"https:\/\/www.koonings.com\/fr\/product\/elysee-celine\/","og_locale":"fr_FR","og_type":"article","og_title":"Elysee Celine | Koonings","og_description":"Vous \u00eates \u00e0 la recherche d'une robe de mari\u00e9e enchanteresse pour votre mariage de conte de f\u00e9es ? Le mod\u00e8le C\u00e9line est une robe \u00e9tincelante de forme A avec un d\u00e9collet\u00e9 rond de forme unique sur plusieurs couches de dentelle et de tulle, ainsi que de jolies manches amovibles en tulle. La dentelle florale chatoyante est subtilement plac\u00e9e sur le corsage et descend jusqu'\u00e0 la jupe en tulle doux avec une fente sexy. Faites tomber les bouches de tous vos invit\u00e9s de mariage lorsqu'ils verront le superbe corset \u00e0 illusion visible dans le dos et la tra\u00eene impeccablement sculpt\u00e9e.","og_url":"https:\/\/www.koonings.com\/fr\/product\/elysee-celine\/","og_site_name":"Koonings","article_publisher":"https:\/\/www.facebook.com\/kooningstheweddingpalace","og_image":[{"width":1035,"height":1380,"url":"https:\/\/www.koonings.com\/wp-content\/uploads\/2024\/11\/38674_1d6b356090b76fe71b04d80a4259393f68b6696b1f7878b64713de6eeb80c4f2345ff88c.jpeg","type":"image\/jpeg"}],"twitter_card":"summary_large_image","twitter_misc":{"Dur\u00e9e de lecture estim\u00e9e":"1 minute"},"schema":{"@context":"https:\/\/schema.org","@graph":[{"@type":"WebPage","@id":"https:\/\/www.koonings.com\/fr\/product\/elysee-celine\/","url":"https:\/\/www.koonings.com\/fr\/product\/elysee-celine\/","name":"Elysee Celine | Koonings","isPartOf":{"@id":"https:\/\/www.koonings.com\/fr\/#website"},"primaryImageOfPage":{"@id":"https:\/\/www.koonings.com\/fr\/product\/elysee-celine\/#primaryimage"},"image":{"@id":"https:\/\/www.koonings.com\/fr\/product\/elysee-celine\/#primaryimage"},"thumbnailUrl":"https:\/\/www.koonings.com\/wp-content\/uploads\/2024\/11\/38674_1d6b356090b76fe71b04d80a4259393f68b6696b1f7878b64713de6eeb80c4f2345ff88c.jpeg","datePublished":"2026-04-28T16:10:48+00:00","description":"Vous \u00eates \u00e0 la recherche d'une robe de mari\u00e9e enchanteresse pour votre mariage de conte de f\u00e9es ? Le mod\u00e8le C\u00e9line est une robe \u00e9tincelante de forme A avec un d\u00e9collet\u00e9 rond de forme unique sur plusieurs couches de dentelle et de tulle, ainsi que de jolies manches amovibles en tulle. La dentelle florale chatoyante est subtilement plac\u00e9e sur le corsage et descend jusqu'\u00e0 la jupe en tulle doux avec une fente sexy. Faites tomber les bouches de tous vos invit\u00e9s de mariage lorsqu'ils verront le superbe corset \u00e0 illusion visible dans le dos et la tra\u00eene impeccablement sculpt\u00e9e.","breadcrumb":{"@id":"https:\/\/www.koonings.com\/fr\/product\/elysee-celine\/#breadcrumb"},"inLanguage":"fr-FR","potentialAction":[{"@type":"ReadAction","target":["https:\/\/www.koonings.com\/fr\/product\/elysee-celine\/"]}]},{"@type":"ImageObject","inLanguage":"fr-FR","@id":"https:\/\/www.koonings.com\/fr\/product\/elysee-celine\/#primaryimage","url":"https:\/\/www.koonings.com\/wp-content\/uploads\/2024\/11\/38674_1d6b356090b76fe71b04d80a4259393f68b6696b1f7878b64713de6eeb80c4f2345ff88c.jpeg","contentUrl":"https:\/\/www.koonings.com\/wp-content\/uploads\/2024\/11\/38674_1d6b356090b76fe71b04d80a4259393f68b6696b1f7878b64713de6eeb80c4f2345ff88c.jpeg","width":1035,"height":1380},{"@type":"BreadcrumbList","@id":"https:\/\/www.koonings.com\/fr\/product\/elysee-celine\/#breadcrumb","itemListElement":[{"@type":"ListItem","position":1,"name":"Home","item":"https:\/\/www.koonings.com\/fr\/"},{"@type":"ListItem","position":2,"name":"Elysee Celine"}]},{"@type":"WebSite","@id":"https:\/\/www.koonings.com\/fr\/#website","url":"https:\/\/www.koonings.com\/fr\/","name":"Koonings","description":"De grootste bruidsmodewinkel ter wereld","publisher":{"@id":"https:\/\/www.koonings.com\/fr\/#organization"},"potentialAction":[{"@type":"SearchAction","target":{"@type":"EntryPoint","urlTemplate":"https:\/\/www.koonings.com\/fr\/?s={search_term_string}"},"query-input":{"@type":"PropertyValueSpecification","valueRequired":true,"valueName":"search_term_string"}}],"inLanguage":"fr-FR"},{"@type":"Organization","@id":"https:\/\/www.koonings.com\/fr\/#organization","name":"Koonings","url":"https:\/\/www.koonings.com\/fr\/","logo":{"@type":"ImageObject","inLanguage":"fr-FR","@id":"https:\/\/www.koonings.com\/fr\/#\/schema\/logo\/image\/","url":"https:\/\/www.koonings.com\/wp-content\/uploads\/2024\/07\/logo.png","contentUrl":"https:\/\/www.koonings.com\/wp-content\/uploads\/2024\/07\/logo.png","width":600,"height":428,"caption":"Koonings"},"image":{"@id":"https:\/\/www.koonings.com\/fr\/#\/schema\/logo\/image\/"},"sameAs":["https:\/\/www.facebook.com\/kooningstheweddingpalace","https:\/\/www.instagram.com\/kooningstheweddingpalace","https:\/\/www.pinterest.com\/koonings","https:\/\/www.youtube.com\/kooningstheweddingpalace"]}]}},"_links":{"self":[{"href":"https:\/\/www.koonings.com\/fr\/wp-json\/wp\/v2\/product\/57442","targetHints":{"allow":["GET"]}}],"collection":[{"href":"https:\/\/www.koonings.com\/fr\/wp-json\/wp\/v2\/product"}],"about":[{"href":"https:\/\/www.koonings.com\/fr\/wp-json\/wp\/v2\/types\/product"}],"wp:featuredmedia":[{"embeddable":true,"href":"https:\/\/www.koonings.com\/fr\/wp-json\/wp\/v2\/media\/37378"}],"wp:attachment":[{"href":"https:\/\/www.koonings.com\/fr\/wp-json\/wp\/v2\/media?parent=57442"}],"wp:term":[{"taxonomy":"productdetails","embeddable":true,"href":"https:\/\/www.koonings.com\/fr\/wp-json\/wp\/v2\/productdetails?post=57442"},{"taxonomy":"productneck","embeddable":true,"href":"https:\/\/www.koonings.com\/fr\/wp-json\/wp\/v2\/productneck?post=57442"},{"taxonomy":"productcolor","embeddable":true,"href":"https:\/\/www.koonings.com\/fr\/wp-json\/wp\/v2\/productcolor?post=57442"},{"taxonomy":"maat","embeddable":true,"href":"https:\/\/www.koonings.com\/fr\/wp-json\/wp\/v2\/maat?post=57442"},{"taxonomy":"productsupplier","embeddable":true,"href":"https:\/\/www.koonings.com\/fr\/wp-json\/wp\/v2\/productsupplier?post=57442"},{"taxonomy":"productsleeve","embeddable":true,"href":"https:\/\/www.koonings.com\/fr\/wp-json\/wp\/v2\/productsleeve?post=57442"},{"taxonomy":"productcategory","embeddable":true,"href":"https:\/\/www.koonings.com\/fr\/wp-json\/wp\/v2\/productcategory?post=57442"},{"taxonomy":"productsilhouette","embeddable":true,"href":"https:\/\/www.koonings.com\/fr\/wp-json\/wp\/v2\/productsilhouette?post=57442"},{"taxonomy":"productstyle","embeddable":true,"href":"https:\/\/www.koonings.com\/fr\/wp-json\/wp\/v2\/productstyle?post=57442"}],"curies":[{"name":"wp","href":"https:\/\/api.w.org\/{rel}","templated":true}]}}