{"id":57429,"date":"2025-12-15T00:16:22","date_gmt":"2025-12-14T23:16:22","guid":{"rendered":"https:\/\/www.koonings.com\/product\/essense-of-australia-681-3\/"},"modified":"2026-02-03T18:17:05","modified_gmt":"2026-02-03T17:17:05","slug":"essense-of-australia-681-3","status":"publish","type":"product","link":"https:\/\/www.koonings.com\/fr\/product\/essense-of-australia-681-3\/","title":{"rendered":"Essence d&#8217;Australie D3783"},"content":{"rendered":"<p>Flottez dans l&#8217;all\u00e9e avec cette robe de mari\u00e9e romantique et charmante, \u00e0 la fois simple et \u00e9l\u00e9gante. Le style D3783 pr\u00e9sente une magnifique dentelle florale sur tout le corps, des bretelles en dentelle transparente \u00e0 la tra\u00eene enchanteresse en tulle et dentelle. Un d\u00e9collet\u00e9 en V profond accentue le corsage translucide et est doubl\u00e9 de tulle illusion pour plus de confort et de modestie. Un d\u00e9tail d\u00e9collet\u00e9 au dos comprend une d\u00e9licate rang\u00e9e de boutons recouverts de tissu qui ajoutent une touche de charme vintage. \u00c0 partir de la large ceinture, une jupe ample en tulle et en dentelle compl\u00e8te la silhouette discr\u00e8te avant de se d\u00e9ployer en une tra\u00eene translucide qui glisse sans effort le long de l&#8217;all\u00e9e.    <\/p>\n","protected":false},"featured_media":60549,"template":"","meta":{"_acf_changed":false,"ghostkit_customizer_options":"","ghostkit_custom_css":"","ghostkit_custom_js_head":"","ghostkit_custom_js_foot":"","ghostkit_typography":""},"productdetails":[376,381],"productneck":[356],"productcolor":[392],"maat":[],"productsupplier":[444],"productsleeve":[359],"productcategory":[18],"productsilhouette":[384],"productstyle":[366],"class_list":["post-57429","product","type-product","status-publish","has-post-thumbnail","hentry","productdetails-376","productdetails-381","productneck-356","productcolor-392","productsupplier-essense-of-australia","productsleeve-359","productcategory-trouwjurken","productsilhouette-384","productstyle-366"],"acf":[],"yoast_head":"<!-- This site is optimized with the Yoast SEO plugin v27.3 - https:\/\/yoast.com\/product\/yoast-seo-wordpress\/ -->\n<title>Essence d&#039;Australie D3783 | Koonings<\/title>\n<meta name=\"description\" content=\"Flottez dans l&#039;all\u00e9e avec cette robe de mari\u00e9e romantique et charmante, \u00e0 la fois simple et \u00e9l\u00e9gante. Le style D3783 pr\u00e9sente une magnifique dentelle florale sur tout le corps, des bretelles en dentelle transparente \u00e0 la tra\u00eene enchanteresse en tulle et dentelle. Un d\u00e9collet\u00e9 en V profond accentue le corsage translucide et est doubl\u00e9 de tulle illusion pour plus de confort et de modestie. Un d\u00e9tail d\u00e9collet\u00e9 au dos comprend une d\u00e9licate rang\u00e9e de boutons recouverts de tissu qui ajoutent une touche de charme vintage. \u00c0 partir de la large ceinture, une jupe ample en tulle et en dentelle compl\u00e8te la silhouette discr\u00e8te avant de se d\u00e9ployer en une tra\u00eene translucide qui glisse sans effort le long de l&#039;all\u00e9e.\" \/>\n<meta name=\"robots\" content=\"index, follow, max-snippet:-1, max-image-preview:large, max-video-preview:-1\" \/>\n<link rel=\"canonical\" href=\"https:\/\/www.koonings.com\/fr\/product\/essense-of-australia-681-3\/\" \/>\n<meta property=\"og:locale\" content=\"fr_FR\" \/>\n<meta property=\"og:type\" content=\"article\" \/>\n<meta property=\"og:title\" content=\"Essence d&#039;Australie D3783 | Koonings\" \/>\n<meta property=\"og:description\" content=\"Flottez dans l&#039;all\u00e9e avec cette robe de mari\u00e9e romantique et charmante, \u00e0 la fois simple et \u00e9l\u00e9gante. Le style D3783 pr\u00e9sente une magnifique dentelle florale sur tout le corps, des bretelles en dentelle transparente \u00e0 la tra\u00eene enchanteresse en tulle et dentelle. Un d\u00e9collet\u00e9 en V profond accentue le corsage translucide et est doubl\u00e9 de tulle illusion pour plus de confort et de modestie. Un d\u00e9tail d\u00e9collet\u00e9 au dos comprend une d\u00e9licate rang\u00e9e de boutons recouverts de tissu qui ajoutent une touche de charme vintage. \u00c0 partir de la large ceinture, une jupe ample en tulle et en dentelle compl\u00e8te la silhouette discr\u00e8te avant de se d\u00e9ployer en une tra\u00eene translucide qui glisse sans effort le long de l&#039;all\u00e9e.\" \/>\n<meta property=\"og:url\" content=\"https:\/\/www.koonings.com\/fr\/product\/essense-of-australia-681-3\/\" \/>\n<meta property=\"og:site_name\" content=\"Koonings\" \/>\n<meta property=\"article:publisher\" content=\"https:\/\/www.facebook.com\/kooningstheweddingpalace\" \/>\n<meta property=\"article:modified_time\" content=\"2026-02-03T17:17:05+00:00\" \/>\n<meta property=\"og:image\" content=\"https:\/\/www.koonings.com\/wp-content\/uploads\/2024\/11\/38699_59db9f4763af624617c40f0e05dee1abfb97525f676829e626752dbfc4c717f5bc4a9466.jpeg\" \/>\n\t<meta property=\"og:image:width\" content=\"1025\" \/>\n\t<meta property=\"og:image:height\" content=\"1448\" \/>\n\t<meta property=\"og:image:type\" content=\"image\/jpeg\" \/>\n<meta name=\"twitter:card\" content=\"summary_large_image\" \/>\n<meta name=\"twitter:label1\" content=\"Dur\u00e9e de lecture estim\u00e9e\" \/>\n\t<meta name=\"twitter:data1\" content=\"1 minute\" \/>\n<script type=\"application\/ld+json\" class=\"yoast-schema-graph\">{\"@context\":\"https:\\\/\\\/schema.org\",\"@graph\":[{\"@type\":\"WebPage\",\"@id\":\"https:\\\/\\\/www.koonings.com\\\/fr\\\/product\\\/essense-of-australia-681-3\\\/\",\"url\":\"https:\\\/\\\/www.koonings.com\\\/fr\\\/product\\\/essense-of-australia-681-3\\\/\",\"name\":\"Essence d'Australie D3783 | Koonings\",\"isPartOf\":{\"@id\":\"https:\\\/\\\/www.koonings.com\\\/fr\\\/#website\"},\"primaryImageOfPage\":{\"@id\":\"https:\\\/\\\/www.koonings.com\\\/fr\\\/product\\\/essense-of-australia-681-3\\\/#primaryimage\"},\"image\":{\"@id\":\"https:\\\/\\\/www.koonings.com\\\/fr\\\/product\\\/essense-of-australia-681-3\\\/#primaryimage\"},\"thumbnailUrl\":\"https:\\\/\\\/www.koonings.com\\\/wp-content\\\/uploads\\\/2024\\\/11\\\/38699_59db9f4763af624617c40f0e05dee1abfb97525f676829e626752dbfc4c717f5bc4a9466.jpeg\",\"datePublished\":\"2025-12-14T23:16:22+00:00\",\"dateModified\":\"2026-02-03T17:17:05+00:00\",\"description\":\"Flottez dans l'all\u00e9e avec cette robe de mari\u00e9e romantique et charmante, \u00e0 la fois simple et \u00e9l\u00e9gante. Le style D3783 pr\u00e9sente une magnifique dentelle florale sur tout le corps, des bretelles en dentelle transparente \u00e0 la tra\u00eene enchanteresse en tulle et dentelle. Un d\u00e9collet\u00e9 en V profond accentue le corsage translucide et est doubl\u00e9 de tulle illusion pour plus de confort et de modestie. Un d\u00e9tail d\u00e9collet\u00e9 au dos comprend une d\u00e9licate rang\u00e9e de boutons recouverts de tissu qui ajoutent une touche de charme vintage. \u00c0 partir de la large ceinture, une jupe ample en tulle et en dentelle compl\u00e8te la silhouette discr\u00e8te avant de se d\u00e9ployer en une tra\u00eene translucide qui glisse sans effort le long de l'all\u00e9e.\",\"breadcrumb\":{\"@id\":\"https:\\\/\\\/www.koonings.com\\\/fr\\\/product\\\/essense-of-australia-681-3\\\/#breadcrumb\"},\"inLanguage\":\"fr-FR\",\"potentialAction\":[{\"@type\":\"ReadAction\",\"target\":[\"https:\\\/\\\/www.koonings.com\\\/fr\\\/product\\\/essense-of-australia-681-3\\\/\"]}]},{\"@type\":\"ImageObject\",\"inLanguage\":\"fr-FR\",\"@id\":\"https:\\\/\\\/www.koonings.com\\\/fr\\\/product\\\/essense-of-australia-681-3\\\/#primaryimage\",\"url\":\"https:\\\/\\\/www.koonings.com\\\/wp-content\\\/uploads\\\/2024\\\/11\\\/38699_59db9f4763af624617c40f0e05dee1abfb97525f676829e626752dbfc4c717f5bc4a9466.jpeg\",\"contentUrl\":\"https:\\\/\\\/www.koonings.com\\\/wp-content\\\/uploads\\\/2024\\\/11\\\/38699_59db9f4763af624617c40f0e05dee1abfb97525f676829e626752dbfc4c717f5bc4a9466.jpeg\",\"width\":1025,\"height\":1448},{\"@type\":\"BreadcrumbList\",\"@id\":\"https:\\\/\\\/www.koonings.com\\\/fr\\\/product\\\/essense-of-australia-681-3\\\/#breadcrumb\",\"itemListElement\":[{\"@type\":\"ListItem\",\"position\":1,\"name\":\"Home\",\"item\":\"https:\\\/\\\/www.koonings.com\\\/fr\\\/\"},{\"@type\":\"ListItem\",\"position\":2,\"name\":\"Essence d&rsquo;Australie D3783\"}]},{\"@type\":\"WebSite\",\"@id\":\"https:\\\/\\\/www.koonings.com\\\/fr\\\/#website\",\"url\":\"https:\\\/\\\/www.koonings.com\\\/fr\\\/\",\"name\":\"Koonings\",\"description\":\"De grootste bruidsmodewinkel ter wereld\",\"publisher\":{\"@id\":\"https:\\\/\\\/www.koonings.com\\\/fr\\\/#organization\"},\"potentialAction\":[{\"@type\":\"SearchAction\",\"target\":{\"@type\":\"EntryPoint\",\"urlTemplate\":\"https:\\\/\\\/www.koonings.com\\\/fr\\\/?s={search_term_string}\"},\"query-input\":{\"@type\":\"PropertyValueSpecification\",\"valueRequired\":true,\"valueName\":\"search_term_string\"}}],\"inLanguage\":\"fr-FR\"},{\"@type\":\"Organization\",\"@id\":\"https:\\\/\\\/www.koonings.com\\\/fr\\\/#organization\",\"name\":\"Koonings\",\"url\":\"https:\\\/\\\/www.koonings.com\\\/fr\\\/\",\"logo\":{\"@type\":\"ImageObject\",\"inLanguage\":\"fr-FR\",\"@id\":\"https:\\\/\\\/www.koonings.com\\\/fr\\\/#\\\/schema\\\/logo\\\/image\\\/\",\"url\":\"https:\\\/\\\/www.koonings.com\\\/wp-content\\\/uploads\\\/2024\\\/07\\\/logo.png\",\"contentUrl\":\"https:\\\/\\\/www.koonings.com\\\/wp-content\\\/uploads\\\/2024\\\/07\\\/logo.png\",\"width\":600,\"height\":428,\"caption\":\"Koonings\"},\"image\":{\"@id\":\"https:\\\/\\\/www.koonings.com\\\/fr\\\/#\\\/schema\\\/logo\\\/image\\\/\"},\"sameAs\":[\"https:\\\/\\\/www.facebook.com\\\/kooningstheweddingpalace\",\"https:\\\/\\\/www.instagram.com\\\/kooningstheweddingpalace\",\"https:\\\/\\\/www.pinterest.com\\\/koonings\",\"https:\\\/\\\/www.youtube.com\\\/kooningstheweddingpalace\"]}]}<\/script>\n<!-- \/ Yoast SEO plugin. -->","yoast_head_json":{"title":"Essence d'Australie D3783 | Koonings","description":"Flottez dans l'all\u00e9e avec cette robe de mari\u00e9e romantique et charmante, \u00e0 la fois simple et \u00e9l\u00e9gante. Le style D3783 pr\u00e9sente une magnifique dentelle florale sur tout le corps, des bretelles en dentelle transparente \u00e0 la tra\u00eene enchanteresse en tulle et dentelle. Un d\u00e9collet\u00e9 en V profond accentue le corsage translucide et est doubl\u00e9 de tulle illusion pour plus de confort et de modestie. Un d\u00e9tail d\u00e9collet\u00e9 au dos comprend une d\u00e9licate rang\u00e9e de boutons recouverts de tissu qui ajoutent une touche de charme vintage. \u00c0 partir de la large ceinture, une jupe ample en tulle et en dentelle compl\u00e8te la silhouette discr\u00e8te avant de se d\u00e9ployer en une tra\u00eene translucide qui glisse sans effort le long de l'all\u00e9e.","robots":{"index":"index","follow":"follow","max-snippet":"max-snippet:-1","max-image-preview":"max-image-preview:large","max-video-preview":"max-video-preview:-1"},"canonical":"https:\/\/www.koonings.com\/fr\/product\/essense-of-australia-681-3\/","og_locale":"fr_FR","og_type":"article","og_title":"Essence d'Australie D3783 | Koonings","og_description":"Flottez dans l'all\u00e9e avec cette robe de mari\u00e9e romantique et charmante, \u00e0 la fois simple et \u00e9l\u00e9gante. Le style D3783 pr\u00e9sente une magnifique dentelle florale sur tout le corps, des bretelles en dentelle transparente \u00e0 la tra\u00eene enchanteresse en tulle et dentelle. Un d\u00e9collet\u00e9 en V profond accentue le corsage translucide et est doubl\u00e9 de tulle illusion pour plus de confort et de modestie. Un d\u00e9tail d\u00e9collet\u00e9 au dos comprend une d\u00e9licate rang\u00e9e de boutons recouverts de tissu qui ajoutent une touche de charme vintage. \u00c0 partir de la large ceinture, une jupe ample en tulle et en dentelle compl\u00e8te la silhouette discr\u00e8te avant de se d\u00e9ployer en une tra\u00eene translucide qui glisse sans effort le long de l'all\u00e9e.","og_url":"https:\/\/www.koonings.com\/fr\/product\/essense-of-australia-681-3\/","og_site_name":"Koonings","article_publisher":"https:\/\/www.facebook.com\/kooningstheweddingpalace","article_modified_time":"2026-02-03T17:17:05+00:00","og_image":[{"width":1025,"height":1448,"url":"https:\/\/www.koonings.com\/wp-content\/uploads\/2024\/11\/38699_59db9f4763af624617c40f0e05dee1abfb97525f676829e626752dbfc4c717f5bc4a9466.jpeg","type":"image\/jpeg"}],"twitter_card":"summary_large_image","twitter_misc":{"Dur\u00e9e de lecture estim\u00e9e":"1 minute"},"schema":{"@context":"https:\/\/schema.org","@graph":[{"@type":"WebPage","@id":"https:\/\/www.koonings.com\/fr\/product\/essense-of-australia-681-3\/","url":"https:\/\/www.koonings.com\/fr\/product\/essense-of-australia-681-3\/","name":"Essence d'Australie D3783 | Koonings","isPartOf":{"@id":"https:\/\/www.koonings.com\/fr\/#website"},"primaryImageOfPage":{"@id":"https:\/\/www.koonings.com\/fr\/product\/essense-of-australia-681-3\/#primaryimage"},"image":{"@id":"https:\/\/www.koonings.com\/fr\/product\/essense-of-australia-681-3\/#primaryimage"},"thumbnailUrl":"https:\/\/www.koonings.com\/wp-content\/uploads\/2024\/11\/38699_59db9f4763af624617c40f0e05dee1abfb97525f676829e626752dbfc4c717f5bc4a9466.jpeg","datePublished":"2025-12-14T23:16:22+00:00","dateModified":"2026-02-03T17:17:05+00:00","description":"Flottez dans l'all\u00e9e avec cette robe de mari\u00e9e romantique et charmante, \u00e0 la fois simple et \u00e9l\u00e9gante. Le style D3783 pr\u00e9sente une magnifique dentelle florale sur tout le corps, des bretelles en dentelle transparente \u00e0 la tra\u00eene enchanteresse en tulle et dentelle. Un d\u00e9collet\u00e9 en V profond accentue le corsage translucide et est doubl\u00e9 de tulle illusion pour plus de confort et de modestie. Un d\u00e9tail d\u00e9collet\u00e9 au dos comprend une d\u00e9licate rang\u00e9e de boutons recouverts de tissu qui ajoutent une touche de charme vintage. \u00c0 partir de la large ceinture, une jupe ample en tulle et en dentelle compl\u00e8te la silhouette discr\u00e8te avant de se d\u00e9ployer en une tra\u00eene translucide qui glisse sans effort le long de l'all\u00e9e.","breadcrumb":{"@id":"https:\/\/www.koonings.com\/fr\/product\/essense-of-australia-681-3\/#breadcrumb"},"inLanguage":"fr-FR","potentialAction":[{"@type":"ReadAction","target":["https:\/\/www.koonings.com\/fr\/product\/essense-of-australia-681-3\/"]}]},{"@type":"ImageObject","inLanguage":"fr-FR","@id":"https:\/\/www.koonings.com\/fr\/product\/essense-of-australia-681-3\/#primaryimage","url":"https:\/\/www.koonings.com\/wp-content\/uploads\/2024\/11\/38699_59db9f4763af624617c40f0e05dee1abfb97525f676829e626752dbfc4c717f5bc4a9466.jpeg","contentUrl":"https:\/\/www.koonings.com\/wp-content\/uploads\/2024\/11\/38699_59db9f4763af624617c40f0e05dee1abfb97525f676829e626752dbfc4c717f5bc4a9466.jpeg","width":1025,"height":1448},{"@type":"BreadcrumbList","@id":"https:\/\/www.koonings.com\/fr\/product\/essense-of-australia-681-3\/#breadcrumb","itemListElement":[{"@type":"ListItem","position":1,"name":"Home","item":"https:\/\/www.koonings.com\/fr\/"},{"@type":"ListItem","position":2,"name":"Essence d&rsquo;Australie D3783"}]},{"@type":"WebSite","@id":"https:\/\/www.koonings.com\/fr\/#website","url":"https:\/\/www.koonings.com\/fr\/","name":"Koonings","description":"De grootste bruidsmodewinkel ter wereld","publisher":{"@id":"https:\/\/www.koonings.com\/fr\/#organization"},"potentialAction":[{"@type":"SearchAction","target":{"@type":"EntryPoint","urlTemplate":"https:\/\/www.koonings.com\/fr\/?s={search_term_string}"},"query-input":{"@type":"PropertyValueSpecification","valueRequired":true,"valueName":"search_term_string"}}],"inLanguage":"fr-FR"},{"@type":"Organization","@id":"https:\/\/www.koonings.com\/fr\/#organization","name":"Koonings","url":"https:\/\/www.koonings.com\/fr\/","logo":{"@type":"ImageObject","inLanguage":"fr-FR","@id":"https:\/\/www.koonings.com\/fr\/#\/schema\/logo\/image\/","url":"https:\/\/www.koonings.com\/wp-content\/uploads\/2024\/07\/logo.png","contentUrl":"https:\/\/www.koonings.com\/wp-content\/uploads\/2024\/07\/logo.png","width":600,"height":428,"caption":"Koonings"},"image":{"@id":"https:\/\/www.koonings.com\/fr\/#\/schema\/logo\/image\/"},"sameAs":["https:\/\/www.facebook.com\/kooningstheweddingpalace","https:\/\/www.instagram.com\/kooningstheweddingpalace","https:\/\/www.pinterest.com\/koonings","https:\/\/www.youtube.com\/kooningstheweddingpalace"]}]}},"_links":{"self":[{"href":"https:\/\/www.koonings.com\/fr\/wp-json\/wp\/v2\/product\/57429","targetHints":{"allow":["GET"]}}],"collection":[{"href":"https:\/\/www.koonings.com\/fr\/wp-json\/wp\/v2\/product"}],"about":[{"href":"https:\/\/www.koonings.com\/fr\/wp-json\/wp\/v2\/types\/product"}],"wp:featuredmedia":[{"embeddable":true,"href":"https:\/\/www.koonings.com\/fr\/wp-json\/wp\/v2\/media\/60549"}],"wp:attachment":[{"href":"https:\/\/www.koonings.com\/fr\/wp-json\/wp\/v2\/media?parent=57429"}],"wp:term":[{"taxonomy":"productdetails","embeddable":true,"href":"https:\/\/www.koonings.com\/fr\/wp-json\/wp\/v2\/productdetails?post=57429"},{"taxonomy":"productneck","embeddable":true,"href":"https:\/\/www.koonings.com\/fr\/wp-json\/wp\/v2\/productneck?post=57429"},{"taxonomy":"productcolor","embeddable":true,"href":"https:\/\/www.koonings.com\/fr\/wp-json\/wp\/v2\/productcolor?post=57429"},{"taxonomy":"maat","embeddable":true,"href":"https:\/\/www.koonings.com\/fr\/wp-json\/wp\/v2\/maat?post=57429"},{"taxonomy":"productsupplier","embeddable":true,"href":"https:\/\/www.koonings.com\/fr\/wp-json\/wp\/v2\/productsupplier?post=57429"},{"taxonomy":"productsleeve","embeddable":true,"href":"https:\/\/www.koonings.com\/fr\/wp-json\/wp\/v2\/productsleeve?post=57429"},{"taxonomy":"productcategory","embeddable":true,"href":"https:\/\/www.koonings.com\/fr\/wp-json\/wp\/v2\/productcategory?post=57429"},{"taxonomy":"productsilhouette","embeddable":true,"href":"https:\/\/www.koonings.com\/fr\/wp-json\/wp\/v2\/productsilhouette?post=57429"},{"taxonomy":"productstyle","embeddable":true,"href":"https:\/\/www.koonings.com\/fr\/wp-json\/wp\/v2\/productstyle?post=57429"}],"curies":[{"name":"wp","href":"https:\/\/api.w.org\/{rel}","templated":true}]}}