{"id":57403,"date":"2025-07-10T12:16:24","date_gmt":"2025-07-10T10:16:24","guid":{"rendered":"https:\/\/www.koonings.com\/product\/stella-york-681-4\/"},"modified":"2025-06-05T12:37:43","modified_gmt":"2025-06-05T10:37:43","slug":"stella-york-681-4","status":"publish","type":"product","link":"https:\/\/www.koonings.com\/fr\/product\/stella-york-681-4\/","title":{"rendered":"Stella York 681"},"content":{"rendered":"<p>Le mod\u00e8le 7638 d\u00e9gage un glamour magnifique, simple mais \u00e9l\u00e9gant, avec ses d\u00e9tails romantiques en dentelle florale et sa douce silhouette en ligne A. Des bretelles spaghetti serr\u00e9es et un d\u00e9collet\u00e9 en V modeste flattent le corsage ajust\u00e9 en dentelle et compl\u00e8tent les d\u00e9tails floraux 3D translucides au dos, compl\u00e9t\u00e9s par une s\u00e9rie intemporelle de boutons recouverts de tissu. Des fleurs f\u00e9minines tombent sur la taille naturelle avant de se fondre dans une jupe soign\u00e9e en mousseline de soie luxuriante qui glisse le long de l&#8217;all\u00e9e pour former une tra\u00eene chic et fluide. Cette robe de mari\u00e9e ligne A est \u00e9galement disponible en grandes tailles.   <\/p>\n","protected":false},"featured_media":37687,"template":"","meta":{"_acf_changed":false,"ghostkit_customizer_options":"","ghostkit_custom_css":"","ghostkit_custom_js_head":"","ghostkit_custom_js_foot":"","ghostkit_typography":""},"productdetails":[],"productneck":[],"productcolor":[],"maat":[],"productsupplier":[442],"productsleeve":[],"productcategory":[18],"productsilhouette":[],"productstyle":[],"class_list":["post-57403","product","type-product","status-publish","has-post-thumbnail","hentry","productsupplier-stella-york","productcategory-trouwjurken"],"acf":[],"yoast_head":"<!-- This site is optimized with the Yoast SEO plugin v27.3 - https:\/\/yoast.com\/product\/yoast-seo-wordpress\/ -->\n<title>Stella York 681 | Koonings<\/title>\n<meta name=\"description\" content=\"Le mod\u00e8le 7638 d\u00e9gage un glamour magnifique, simple mais \u00e9l\u00e9gant, avec ses d\u00e9tails romantiques en dentelle florale et sa douce silhouette en ligne A. Des bretelles spaghetti serr\u00e9es et un d\u00e9collet\u00e9 en V modeste flattent le corsage ajust\u00e9 en dentelle et compl\u00e8tent les d\u00e9tails floraux 3D translucides au dos, compl\u00e9t\u00e9s par une s\u00e9rie intemporelle de boutons recouverts de tissu. Des fleurs f\u00e9minines tombent sur la taille naturelle avant de se fondre dans une jupe soign\u00e9e en mousseline de soie luxuriante qui glisse le long de l&#039;all\u00e9e pour former une tra\u00eene chic et fluide. Cette robe de mari\u00e9e ligne A est \u00e9galement disponible en grandes tailles.\" \/>\n<meta name=\"robots\" content=\"index, follow, max-snippet:-1, max-image-preview:large, max-video-preview:-1\" \/>\n<link rel=\"canonical\" href=\"https:\/\/www.koonings.com\/fr\/product\/stella-york-681-4\/\" \/>\n<meta property=\"og:locale\" content=\"fr_FR\" \/>\n<meta property=\"og:type\" content=\"article\" \/>\n<meta property=\"og:title\" content=\"Stella York 681 | Koonings\" \/>\n<meta property=\"og:description\" content=\"Le mod\u00e8le 7638 d\u00e9gage un glamour magnifique, simple mais \u00e9l\u00e9gant, avec ses d\u00e9tails romantiques en dentelle florale et sa douce silhouette en ligne A. Des bretelles spaghetti serr\u00e9es et un d\u00e9collet\u00e9 en V modeste flattent le corsage ajust\u00e9 en dentelle et compl\u00e8tent les d\u00e9tails floraux 3D translucides au dos, compl\u00e9t\u00e9s par une s\u00e9rie intemporelle de boutons recouverts de tissu. Des fleurs f\u00e9minines tombent sur la taille naturelle avant de se fondre dans une jupe soign\u00e9e en mousseline de soie luxuriante qui glisse le long de l&#039;all\u00e9e pour former une tra\u00eene chic et fluide. Cette robe de mari\u00e9e ligne A est \u00e9galement disponible en grandes tailles.\" \/>\n<meta property=\"og:url\" content=\"https:\/\/www.koonings.com\/fr\/product\/stella-york-681-4\/\" \/>\n<meta property=\"og:site_name\" content=\"Koonings\" \/>\n<meta property=\"article:publisher\" content=\"https:\/\/www.facebook.com\/kooningstheweddingpalace\" \/>\n<meta property=\"og:image\" content=\"https:\/\/www.koonings.com\/wp-content\/uploads\/2024\/11\/38705_4f96ae02efc3a1fd78667eb7506bf5312dc0a54fe8e1f61ac4638808b22d5a387b982942.jpeg\" \/>\n\t<meta property=\"og:image:width\" content=\"300\" \/>\n\t<meta property=\"og:image:height\" content=\"450\" \/>\n\t<meta property=\"og:image:type\" content=\"image\/jpeg\" \/>\n<meta name=\"twitter:card\" content=\"summary_large_image\" \/>\n<meta name=\"twitter:label1\" content=\"Dur\u00e9e de lecture estim\u00e9e\" \/>\n\t<meta name=\"twitter:data1\" content=\"1 minute\" \/>\n<script type=\"application\/ld+json\" class=\"yoast-schema-graph\">{\"@context\":\"https:\\\/\\\/schema.org\",\"@graph\":[{\"@type\":\"WebPage\",\"@id\":\"https:\\\/\\\/www.koonings.com\\\/fr\\\/product\\\/stella-york-681-4\\\/\",\"url\":\"https:\\\/\\\/www.koonings.com\\\/fr\\\/product\\\/stella-york-681-4\\\/\",\"name\":\"Stella York 681 | Koonings\",\"isPartOf\":{\"@id\":\"https:\\\/\\\/www.koonings.com\\\/fr\\\/#website\"},\"primaryImageOfPage\":{\"@id\":\"https:\\\/\\\/www.koonings.com\\\/fr\\\/product\\\/stella-york-681-4\\\/#primaryimage\"},\"image\":{\"@id\":\"https:\\\/\\\/www.koonings.com\\\/fr\\\/product\\\/stella-york-681-4\\\/#primaryimage\"},\"thumbnailUrl\":\"https:\\\/\\\/www.koonings.com\\\/wp-content\\\/uploads\\\/2024\\\/11\\\/38705_4f96ae02efc3a1fd78667eb7506bf5312dc0a54fe8e1f61ac4638808b22d5a387b982942.jpeg\",\"datePublished\":\"2025-07-10T10:16:24+00:00\",\"description\":\"Le mod\u00e8le 7638 d\u00e9gage un glamour magnifique, simple mais \u00e9l\u00e9gant, avec ses d\u00e9tails romantiques en dentelle florale et sa douce silhouette en ligne A. Des bretelles spaghetti serr\u00e9es et un d\u00e9collet\u00e9 en V modeste flattent le corsage ajust\u00e9 en dentelle et compl\u00e8tent les d\u00e9tails floraux 3D translucides au dos, compl\u00e9t\u00e9s par une s\u00e9rie intemporelle de boutons recouverts de tissu. Des fleurs f\u00e9minines tombent sur la taille naturelle avant de se fondre dans une jupe soign\u00e9e en mousseline de soie luxuriante qui glisse le long de l'all\u00e9e pour former une tra\u00eene chic et fluide. Cette robe de mari\u00e9e ligne A est \u00e9galement disponible en grandes tailles.\",\"breadcrumb\":{\"@id\":\"https:\\\/\\\/www.koonings.com\\\/fr\\\/product\\\/stella-york-681-4\\\/#breadcrumb\"},\"inLanguage\":\"fr-FR\",\"potentialAction\":[{\"@type\":\"ReadAction\",\"target\":[\"https:\\\/\\\/www.koonings.com\\\/fr\\\/product\\\/stella-york-681-4\\\/\"]}]},{\"@type\":\"ImageObject\",\"inLanguage\":\"fr-FR\",\"@id\":\"https:\\\/\\\/www.koonings.com\\\/fr\\\/product\\\/stella-york-681-4\\\/#primaryimage\",\"url\":\"https:\\\/\\\/www.koonings.com\\\/wp-content\\\/uploads\\\/2024\\\/11\\\/38705_4f96ae02efc3a1fd78667eb7506bf5312dc0a54fe8e1f61ac4638808b22d5a387b982942.jpeg\",\"contentUrl\":\"https:\\\/\\\/www.koonings.com\\\/wp-content\\\/uploads\\\/2024\\\/11\\\/38705_4f96ae02efc3a1fd78667eb7506bf5312dc0a54fe8e1f61ac4638808b22d5a387b982942.jpeg\",\"width\":300,\"height\":450},{\"@type\":\"BreadcrumbList\",\"@id\":\"https:\\\/\\\/www.koonings.com\\\/fr\\\/product\\\/stella-york-681-4\\\/#breadcrumb\",\"itemListElement\":[{\"@type\":\"ListItem\",\"position\":1,\"name\":\"Home\",\"item\":\"https:\\\/\\\/www.koonings.com\\\/fr\\\/\"},{\"@type\":\"ListItem\",\"position\":2,\"name\":\"Stella York 681\"}]},{\"@type\":\"WebSite\",\"@id\":\"https:\\\/\\\/www.koonings.com\\\/fr\\\/#website\",\"url\":\"https:\\\/\\\/www.koonings.com\\\/fr\\\/\",\"name\":\"Koonings\",\"description\":\"De grootste bruidsmodewinkel ter wereld\",\"publisher\":{\"@id\":\"https:\\\/\\\/www.koonings.com\\\/fr\\\/#organization\"},\"potentialAction\":[{\"@type\":\"SearchAction\",\"target\":{\"@type\":\"EntryPoint\",\"urlTemplate\":\"https:\\\/\\\/www.koonings.com\\\/fr\\\/?s={search_term_string}\"},\"query-input\":{\"@type\":\"PropertyValueSpecification\",\"valueRequired\":true,\"valueName\":\"search_term_string\"}}],\"inLanguage\":\"fr-FR\"},{\"@type\":\"Organization\",\"@id\":\"https:\\\/\\\/www.koonings.com\\\/fr\\\/#organization\",\"name\":\"Koonings\",\"url\":\"https:\\\/\\\/www.koonings.com\\\/fr\\\/\",\"logo\":{\"@type\":\"ImageObject\",\"inLanguage\":\"fr-FR\",\"@id\":\"https:\\\/\\\/www.koonings.com\\\/fr\\\/#\\\/schema\\\/logo\\\/image\\\/\",\"url\":\"https:\\\/\\\/www.koonings.com\\\/wp-content\\\/uploads\\\/2024\\\/07\\\/logo.png\",\"contentUrl\":\"https:\\\/\\\/www.koonings.com\\\/wp-content\\\/uploads\\\/2024\\\/07\\\/logo.png\",\"width\":600,\"height\":428,\"caption\":\"Koonings\"},\"image\":{\"@id\":\"https:\\\/\\\/www.koonings.com\\\/fr\\\/#\\\/schema\\\/logo\\\/image\\\/\"},\"sameAs\":[\"https:\\\/\\\/www.facebook.com\\\/kooningstheweddingpalace\",\"https:\\\/\\\/www.instagram.com\\\/kooningstheweddingpalace\",\"https:\\\/\\\/www.pinterest.com\\\/koonings\",\"https:\\\/\\\/www.youtube.com\\\/kooningstheweddingpalace\"]}]}<\/script>\n<!-- \/ Yoast SEO plugin. -->","yoast_head_json":{"title":"Stella York 681 | Koonings","description":"Le mod\u00e8le 7638 d\u00e9gage un glamour magnifique, simple mais \u00e9l\u00e9gant, avec ses d\u00e9tails romantiques en dentelle florale et sa douce silhouette en ligne A. Des bretelles spaghetti serr\u00e9es et un d\u00e9collet\u00e9 en V modeste flattent le corsage ajust\u00e9 en dentelle et compl\u00e8tent les d\u00e9tails floraux 3D translucides au dos, compl\u00e9t\u00e9s par une s\u00e9rie intemporelle de boutons recouverts de tissu. Des fleurs f\u00e9minines tombent sur la taille naturelle avant de se fondre dans une jupe soign\u00e9e en mousseline de soie luxuriante qui glisse le long de l'all\u00e9e pour former une tra\u00eene chic et fluide. Cette robe de mari\u00e9e ligne A est \u00e9galement disponible en grandes tailles.","robots":{"index":"index","follow":"follow","max-snippet":"max-snippet:-1","max-image-preview":"max-image-preview:large","max-video-preview":"max-video-preview:-1"},"canonical":"https:\/\/www.koonings.com\/fr\/product\/stella-york-681-4\/","og_locale":"fr_FR","og_type":"article","og_title":"Stella York 681 | Koonings","og_description":"Le mod\u00e8le 7638 d\u00e9gage un glamour magnifique, simple mais \u00e9l\u00e9gant, avec ses d\u00e9tails romantiques en dentelle florale et sa douce silhouette en ligne A. Des bretelles spaghetti serr\u00e9es et un d\u00e9collet\u00e9 en V modeste flattent le corsage ajust\u00e9 en dentelle et compl\u00e8tent les d\u00e9tails floraux 3D translucides au dos, compl\u00e9t\u00e9s par une s\u00e9rie intemporelle de boutons recouverts de tissu. Des fleurs f\u00e9minines tombent sur la taille naturelle avant de se fondre dans une jupe soign\u00e9e en mousseline de soie luxuriante qui glisse le long de l'all\u00e9e pour former une tra\u00eene chic et fluide. Cette robe de mari\u00e9e ligne A est \u00e9galement disponible en grandes tailles.","og_url":"https:\/\/www.koonings.com\/fr\/product\/stella-york-681-4\/","og_site_name":"Koonings","article_publisher":"https:\/\/www.facebook.com\/kooningstheweddingpalace","og_image":[{"width":300,"height":450,"url":"https:\/\/www.koonings.com\/wp-content\/uploads\/2024\/11\/38705_4f96ae02efc3a1fd78667eb7506bf5312dc0a54fe8e1f61ac4638808b22d5a387b982942.jpeg","type":"image\/jpeg"}],"twitter_card":"summary_large_image","twitter_misc":{"Dur\u00e9e de lecture estim\u00e9e":"1 minute"},"schema":{"@context":"https:\/\/schema.org","@graph":[{"@type":"WebPage","@id":"https:\/\/www.koonings.com\/fr\/product\/stella-york-681-4\/","url":"https:\/\/www.koonings.com\/fr\/product\/stella-york-681-4\/","name":"Stella York 681 | Koonings","isPartOf":{"@id":"https:\/\/www.koonings.com\/fr\/#website"},"primaryImageOfPage":{"@id":"https:\/\/www.koonings.com\/fr\/product\/stella-york-681-4\/#primaryimage"},"image":{"@id":"https:\/\/www.koonings.com\/fr\/product\/stella-york-681-4\/#primaryimage"},"thumbnailUrl":"https:\/\/www.koonings.com\/wp-content\/uploads\/2024\/11\/38705_4f96ae02efc3a1fd78667eb7506bf5312dc0a54fe8e1f61ac4638808b22d5a387b982942.jpeg","datePublished":"2025-07-10T10:16:24+00:00","description":"Le mod\u00e8le 7638 d\u00e9gage un glamour magnifique, simple mais \u00e9l\u00e9gant, avec ses d\u00e9tails romantiques en dentelle florale et sa douce silhouette en ligne A. Des bretelles spaghetti serr\u00e9es et un d\u00e9collet\u00e9 en V modeste flattent le corsage ajust\u00e9 en dentelle et compl\u00e8tent les d\u00e9tails floraux 3D translucides au dos, compl\u00e9t\u00e9s par une s\u00e9rie intemporelle de boutons recouverts de tissu. Des fleurs f\u00e9minines tombent sur la taille naturelle avant de se fondre dans une jupe soign\u00e9e en mousseline de soie luxuriante qui glisse le long de l'all\u00e9e pour former une tra\u00eene chic et fluide. Cette robe de mari\u00e9e ligne A est \u00e9galement disponible en grandes tailles.","breadcrumb":{"@id":"https:\/\/www.koonings.com\/fr\/product\/stella-york-681-4\/#breadcrumb"},"inLanguage":"fr-FR","potentialAction":[{"@type":"ReadAction","target":["https:\/\/www.koonings.com\/fr\/product\/stella-york-681-4\/"]}]},{"@type":"ImageObject","inLanguage":"fr-FR","@id":"https:\/\/www.koonings.com\/fr\/product\/stella-york-681-4\/#primaryimage","url":"https:\/\/www.koonings.com\/wp-content\/uploads\/2024\/11\/38705_4f96ae02efc3a1fd78667eb7506bf5312dc0a54fe8e1f61ac4638808b22d5a387b982942.jpeg","contentUrl":"https:\/\/www.koonings.com\/wp-content\/uploads\/2024\/11\/38705_4f96ae02efc3a1fd78667eb7506bf5312dc0a54fe8e1f61ac4638808b22d5a387b982942.jpeg","width":300,"height":450},{"@type":"BreadcrumbList","@id":"https:\/\/www.koonings.com\/fr\/product\/stella-york-681-4\/#breadcrumb","itemListElement":[{"@type":"ListItem","position":1,"name":"Home","item":"https:\/\/www.koonings.com\/fr\/"},{"@type":"ListItem","position":2,"name":"Stella York 681"}]},{"@type":"WebSite","@id":"https:\/\/www.koonings.com\/fr\/#website","url":"https:\/\/www.koonings.com\/fr\/","name":"Koonings","description":"De grootste bruidsmodewinkel ter wereld","publisher":{"@id":"https:\/\/www.koonings.com\/fr\/#organization"},"potentialAction":[{"@type":"SearchAction","target":{"@type":"EntryPoint","urlTemplate":"https:\/\/www.koonings.com\/fr\/?s={search_term_string}"},"query-input":{"@type":"PropertyValueSpecification","valueRequired":true,"valueName":"search_term_string"}}],"inLanguage":"fr-FR"},{"@type":"Organization","@id":"https:\/\/www.koonings.com\/fr\/#organization","name":"Koonings","url":"https:\/\/www.koonings.com\/fr\/","logo":{"@type":"ImageObject","inLanguage":"fr-FR","@id":"https:\/\/www.koonings.com\/fr\/#\/schema\/logo\/image\/","url":"https:\/\/www.koonings.com\/wp-content\/uploads\/2024\/07\/logo.png","contentUrl":"https:\/\/www.koonings.com\/wp-content\/uploads\/2024\/07\/logo.png","width":600,"height":428,"caption":"Koonings"},"image":{"@id":"https:\/\/www.koonings.com\/fr\/#\/schema\/logo\/image\/"},"sameAs":["https:\/\/www.facebook.com\/kooningstheweddingpalace","https:\/\/www.instagram.com\/kooningstheweddingpalace","https:\/\/www.pinterest.com\/koonings","https:\/\/www.youtube.com\/kooningstheweddingpalace"]}]}},"_links":{"self":[{"href":"https:\/\/www.koonings.com\/fr\/wp-json\/wp\/v2\/product\/57403","targetHints":{"allow":["GET"]}}],"collection":[{"href":"https:\/\/www.koonings.com\/fr\/wp-json\/wp\/v2\/product"}],"about":[{"href":"https:\/\/www.koonings.com\/fr\/wp-json\/wp\/v2\/types\/product"}],"wp:featuredmedia":[{"embeddable":true,"href":"https:\/\/www.koonings.com\/fr\/wp-json\/wp\/v2\/media\/37687"}],"wp:attachment":[{"href":"https:\/\/www.koonings.com\/fr\/wp-json\/wp\/v2\/media?parent=57403"}],"wp:term":[{"taxonomy":"productdetails","embeddable":true,"href":"https:\/\/www.koonings.com\/fr\/wp-json\/wp\/v2\/productdetails?post=57403"},{"taxonomy":"productneck","embeddable":true,"href":"https:\/\/www.koonings.com\/fr\/wp-json\/wp\/v2\/productneck?post=57403"},{"taxonomy":"productcolor","embeddable":true,"href":"https:\/\/www.koonings.com\/fr\/wp-json\/wp\/v2\/productcolor?post=57403"},{"taxonomy":"maat","embeddable":true,"href":"https:\/\/www.koonings.com\/fr\/wp-json\/wp\/v2\/maat?post=57403"},{"taxonomy":"productsupplier","embeddable":true,"href":"https:\/\/www.koonings.com\/fr\/wp-json\/wp\/v2\/productsupplier?post=57403"},{"taxonomy":"productsleeve","embeddable":true,"href":"https:\/\/www.koonings.com\/fr\/wp-json\/wp\/v2\/productsleeve?post=57403"},{"taxonomy":"productcategory","embeddable":true,"href":"https:\/\/www.koonings.com\/fr\/wp-json\/wp\/v2\/productcategory?post=57403"},{"taxonomy":"productsilhouette","embeddable":true,"href":"https:\/\/www.koonings.com\/fr\/wp-json\/wp\/v2\/productsilhouette?post=57403"},{"taxonomy":"productstyle","embeddable":true,"href":"https:\/\/www.koonings.com\/fr\/wp-json\/wp\/v2\/productstyle?post=57403"}],"curies":[{"name":"wp","href":"https:\/\/api.w.org\/{rel}","templated":true}]}}