{"id":57388,"date":"2026-04-28T18:10:52","date_gmt":"2026-04-28T16:10:52","guid":{"rendered":"https:\/\/www.koonings.com\/product\/muse-by-berta-23-p03\/"},"modified":"2026-02-16T14:37:22","modified_gmt":"2026-02-16T13:37:22","slug":"muse-by-berta-23-p03","status":"publish","type":"product","link":"https:\/\/www.koonings.com\/fr\/product\/muse-by-berta-23-p03\/","title":{"rendered":"Muse by Berta 23-P03"},"content":{"rendered":"<p>Apr\u00e8s l&#8217;\u00e9volution naturelle de la marque de couture Berta, qui a atteint de nouveaux sommets gr\u00e2ce \u00e0 l&#8217;amour du public et au succ\u00e8s mondial ph\u00e9nom\u00e9nal qu&#8217;elle est devenue, la collection Berta Priv\u00e9e permet \u00e0 Berta de revenir \u00e0 son inspiration et \u00e0 son esth\u00e9tique d&#8217;origine. La ligne Priv\u00e9e repr\u00e9sente les silhouettes classiques et traditionnelles qui ont cr\u00e9\u00e9 le l\u00e9gendaire ph\u00e9nom\u00e8ne Berta. <\/p>\n","protected":false},"featured_media":37879,"template":"","meta":{"_acf_changed":false,"ghostkit_customizer_options":"","ghostkit_custom_css":"","ghostkit_custom_js_head":"","ghostkit_custom_js_foot":"","ghostkit_typography":""},"productdetails":[379,376],"productneck":[356],"productcolor":[393,392],"maat":[],"productsupplier":[399],"productsleeve":[359],"productcategory":[18],"productsilhouette":[387],"productstyle":[367,370],"class_list":["post-57388","product","type-product","status-publish","has-post-thumbnail","hentry","productdetails-379","productdetails-376","productneck-356","productcolor-393","productcolor-392","productsupplier-muse-by-berta","productsleeve-359","productcategory-trouwjurken","productsilhouette-387","productstyle-367","productstyle-370"],"acf":[],"yoast_head":"<!-- This site is optimized with the Yoast SEO plugin v27.3 - https:\/\/yoast.com\/product\/yoast-seo-wordpress\/ -->\n<title>Muse by Berta 23-P03 | Koonings<\/title>\n<meta name=\"description\" content=\"Apr\u00e8s l&#039;\u00e9volution naturelle de la marque de couture Berta, qui a atteint de nouveaux sommets gr\u00e2ce \u00e0 l&#039;amour du public et au succ\u00e8s mondial ph\u00e9nom\u00e9nal qu&#039;elle est devenue, la collection Berta Priv\u00e9e permet \u00e0 Berta de revenir \u00e0 son inspiration et \u00e0 son esth\u00e9tique d&#039;origine. La ligne Priv\u00e9e repr\u00e9sente les silhouettes classiques et traditionnelles qui ont cr\u00e9\u00e9 le l\u00e9gendaire ph\u00e9nom\u00e8ne Berta.\" \/>\n<meta name=\"robots\" content=\"index, follow, max-snippet:-1, max-image-preview:large, max-video-preview:-1\" \/>\n<link rel=\"canonical\" href=\"https:\/\/www.koonings.com\/fr\/product\/muse-by-berta-23-p03\/\" \/>\n<meta property=\"og:locale\" content=\"fr_FR\" \/>\n<meta property=\"og:type\" content=\"article\" \/>\n<meta property=\"og:title\" content=\"Muse by Berta 23-P03 | Koonings\" \/>\n<meta property=\"og:description\" content=\"Apr\u00e8s l&#039;\u00e9volution naturelle de la marque de couture Berta, qui a atteint de nouveaux sommets gr\u00e2ce \u00e0 l&#039;amour du public et au succ\u00e8s mondial ph\u00e9nom\u00e9nal qu&#039;elle est devenue, la collection Berta Priv\u00e9e permet \u00e0 Berta de revenir \u00e0 son inspiration et \u00e0 son esth\u00e9tique d&#039;origine. La ligne Priv\u00e9e repr\u00e9sente les silhouettes classiques et traditionnelles qui ont cr\u00e9\u00e9 le l\u00e9gendaire ph\u00e9nom\u00e8ne Berta.\" \/>\n<meta property=\"og:url\" content=\"https:\/\/www.koonings.com\/fr\/product\/muse-by-berta-23-p03\/\" \/>\n<meta property=\"og:site_name\" content=\"Koonings\" \/>\n<meta property=\"article:publisher\" content=\"https:\/\/www.facebook.com\/kooningstheweddingpalace\" \/>\n<meta property=\"og:image\" content=\"https:\/\/www.koonings.com\/wp-content\/uploads\/2024\/11\/38715_71e9a50b9a95da7bb0e988bf79b05b30757ea2cc9040ddcf75c10a9b5541ba9cb2440045.jpeg\" \/>\n\t<meta property=\"og:image:width\" content=\"1667\" \/>\n\t<meta property=\"og:image:height\" content=\"2412\" \/>\n\t<meta property=\"og:image:type\" content=\"image\/jpeg\" \/>\n<meta name=\"twitter:card\" content=\"summary_large_image\" \/>\n<script type=\"application\/ld+json\" class=\"yoast-schema-graph\">{\"@context\":\"https:\\\/\\\/schema.org\",\"@graph\":[{\"@type\":\"WebPage\",\"@id\":\"https:\\\/\\\/www.koonings.com\\\/fr\\\/product\\\/muse-by-berta-23-p03\\\/\",\"url\":\"https:\\\/\\\/www.koonings.com\\\/fr\\\/product\\\/muse-by-berta-23-p03\\\/\",\"name\":\"Muse by Berta 23-P03 | Koonings\",\"isPartOf\":{\"@id\":\"https:\\\/\\\/www.koonings.com\\\/fr\\\/#website\"},\"primaryImageOfPage\":{\"@id\":\"https:\\\/\\\/www.koonings.com\\\/fr\\\/product\\\/muse-by-berta-23-p03\\\/#primaryimage\"},\"image\":{\"@id\":\"https:\\\/\\\/www.koonings.com\\\/fr\\\/product\\\/muse-by-berta-23-p03\\\/#primaryimage\"},\"thumbnailUrl\":\"https:\\\/\\\/www.koonings.com\\\/wp-content\\\/uploads\\\/2024\\\/11\\\/38715_71e9a50b9a95da7bb0e988bf79b05b30757ea2cc9040ddcf75c10a9b5541ba9cb2440045.jpeg\",\"datePublished\":\"2026-04-28T16:10:52+00:00\",\"description\":\"Apr\u00e8s l'\u00e9volution naturelle de la marque de couture Berta, qui a atteint de nouveaux sommets gr\u00e2ce \u00e0 l'amour du public et au succ\u00e8s mondial ph\u00e9nom\u00e9nal qu'elle est devenue, la collection Berta Priv\u00e9e permet \u00e0 Berta de revenir \u00e0 son inspiration et \u00e0 son esth\u00e9tique d'origine. La ligne Priv\u00e9e repr\u00e9sente les silhouettes classiques et traditionnelles qui ont cr\u00e9\u00e9 le l\u00e9gendaire ph\u00e9nom\u00e8ne Berta.\",\"breadcrumb\":{\"@id\":\"https:\\\/\\\/www.koonings.com\\\/fr\\\/product\\\/muse-by-berta-23-p03\\\/#breadcrumb\"},\"inLanguage\":\"fr-FR\",\"potentialAction\":[{\"@type\":\"ReadAction\",\"target\":[\"https:\\\/\\\/www.koonings.com\\\/fr\\\/product\\\/muse-by-berta-23-p03\\\/\"]}]},{\"@type\":\"ImageObject\",\"inLanguage\":\"fr-FR\",\"@id\":\"https:\\\/\\\/www.koonings.com\\\/fr\\\/product\\\/muse-by-berta-23-p03\\\/#primaryimage\",\"url\":\"https:\\\/\\\/www.koonings.com\\\/wp-content\\\/uploads\\\/2024\\\/11\\\/38715_71e9a50b9a95da7bb0e988bf79b05b30757ea2cc9040ddcf75c10a9b5541ba9cb2440045.jpeg\",\"contentUrl\":\"https:\\\/\\\/www.koonings.com\\\/wp-content\\\/uploads\\\/2024\\\/11\\\/38715_71e9a50b9a95da7bb0e988bf79b05b30757ea2cc9040ddcf75c10a9b5541ba9cb2440045.jpeg\",\"width\":1667,\"height\":2412},{\"@type\":\"BreadcrumbList\",\"@id\":\"https:\\\/\\\/www.koonings.com\\\/fr\\\/product\\\/muse-by-berta-23-p03\\\/#breadcrumb\",\"itemListElement\":[{\"@type\":\"ListItem\",\"position\":1,\"name\":\"Home\",\"item\":\"https:\\\/\\\/www.koonings.com\\\/fr\\\/\"},{\"@type\":\"ListItem\",\"position\":2,\"name\":\"Muse by Berta 23-P03\"}]},{\"@type\":\"WebSite\",\"@id\":\"https:\\\/\\\/www.koonings.com\\\/fr\\\/#website\",\"url\":\"https:\\\/\\\/www.koonings.com\\\/fr\\\/\",\"name\":\"Koonings\",\"description\":\"De grootste bruidsmodewinkel ter wereld\",\"publisher\":{\"@id\":\"https:\\\/\\\/www.koonings.com\\\/fr\\\/#organization\"},\"potentialAction\":[{\"@type\":\"SearchAction\",\"target\":{\"@type\":\"EntryPoint\",\"urlTemplate\":\"https:\\\/\\\/www.koonings.com\\\/fr\\\/?s={search_term_string}\"},\"query-input\":{\"@type\":\"PropertyValueSpecification\",\"valueRequired\":true,\"valueName\":\"search_term_string\"}}],\"inLanguage\":\"fr-FR\"},{\"@type\":\"Organization\",\"@id\":\"https:\\\/\\\/www.koonings.com\\\/fr\\\/#organization\",\"name\":\"Koonings\",\"url\":\"https:\\\/\\\/www.koonings.com\\\/fr\\\/\",\"logo\":{\"@type\":\"ImageObject\",\"inLanguage\":\"fr-FR\",\"@id\":\"https:\\\/\\\/www.koonings.com\\\/fr\\\/#\\\/schema\\\/logo\\\/image\\\/\",\"url\":\"https:\\\/\\\/www.koonings.com\\\/wp-content\\\/uploads\\\/2024\\\/07\\\/logo.png\",\"contentUrl\":\"https:\\\/\\\/www.koonings.com\\\/wp-content\\\/uploads\\\/2024\\\/07\\\/logo.png\",\"width\":600,\"height\":428,\"caption\":\"Koonings\"},\"image\":{\"@id\":\"https:\\\/\\\/www.koonings.com\\\/fr\\\/#\\\/schema\\\/logo\\\/image\\\/\"},\"sameAs\":[\"https:\\\/\\\/www.facebook.com\\\/kooningstheweddingpalace\",\"https:\\\/\\\/www.instagram.com\\\/kooningstheweddingpalace\",\"https:\\\/\\\/www.pinterest.com\\\/koonings\",\"https:\\\/\\\/www.youtube.com\\\/kooningstheweddingpalace\"]}]}<\/script>\n<!-- \/ Yoast SEO plugin. -->","yoast_head_json":{"title":"Muse by Berta 23-P03 | Koonings","description":"Apr\u00e8s l'\u00e9volution naturelle de la marque de couture Berta, qui a atteint de nouveaux sommets gr\u00e2ce \u00e0 l'amour du public et au succ\u00e8s mondial ph\u00e9nom\u00e9nal qu'elle est devenue, la collection Berta Priv\u00e9e permet \u00e0 Berta de revenir \u00e0 son inspiration et \u00e0 son esth\u00e9tique d'origine. La ligne Priv\u00e9e repr\u00e9sente les silhouettes classiques et traditionnelles qui ont cr\u00e9\u00e9 le l\u00e9gendaire ph\u00e9nom\u00e8ne Berta.","robots":{"index":"index","follow":"follow","max-snippet":"max-snippet:-1","max-image-preview":"max-image-preview:large","max-video-preview":"max-video-preview:-1"},"canonical":"https:\/\/www.koonings.com\/fr\/product\/muse-by-berta-23-p03\/","og_locale":"fr_FR","og_type":"article","og_title":"Muse by Berta 23-P03 | Koonings","og_description":"Apr\u00e8s l'\u00e9volution naturelle de la marque de couture Berta, qui a atteint de nouveaux sommets gr\u00e2ce \u00e0 l'amour du public et au succ\u00e8s mondial ph\u00e9nom\u00e9nal qu'elle est devenue, la collection Berta Priv\u00e9e permet \u00e0 Berta de revenir \u00e0 son inspiration et \u00e0 son esth\u00e9tique d'origine. La ligne Priv\u00e9e repr\u00e9sente les silhouettes classiques et traditionnelles qui ont cr\u00e9\u00e9 le l\u00e9gendaire ph\u00e9nom\u00e8ne Berta.","og_url":"https:\/\/www.koonings.com\/fr\/product\/muse-by-berta-23-p03\/","og_site_name":"Koonings","article_publisher":"https:\/\/www.facebook.com\/kooningstheweddingpalace","og_image":[{"width":1667,"height":2412,"url":"https:\/\/www.koonings.com\/wp-content\/uploads\/2024\/11\/38715_71e9a50b9a95da7bb0e988bf79b05b30757ea2cc9040ddcf75c10a9b5541ba9cb2440045.jpeg","type":"image\/jpeg"}],"twitter_card":"summary_large_image","schema":{"@context":"https:\/\/schema.org","@graph":[{"@type":"WebPage","@id":"https:\/\/www.koonings.com\/fr\/product\/muse-by-berta-23-p03\/","url":"https:\/\/www.koonings.com\/fr\/product\/muse-by-berta-23-p03\/","name":"Muse by Berta 23-P03 | Koonings","isPartOf":{"@id":"https:\/\/www.koonings.com\/fr\/#website"},"primaryImageOfPage":{"@id":"https:\/\/www.koonings.com\/fr\/product\/muse-by-berta-23-p03\/#primaryimage"},"image":{"@id":"https:\/\/www.koonings.com\/fr\/product\/muse-by-berta-23-p03\/#primaryimage"},"thumbnailUrl":"https:\/\/www.koonings.com\/wp-content\/uploads\/2024\/11\/38715_71e9a50b9a95da7bb0e988bf79b05b30757ea2cc9040ddcf75c10a9b5541ba9cb2440045.jpeg","datePublished":"2026-04-28T16:10:52+00:00","description":"Apr\u00e8s l'\u00e9volution naturelle de la marque de couture Berta, qui a atteint de nouveaux sommets gr\u00e2ce \u00e0 l'amour du public et au succ\u00e8s mondial ph\u00e9nom\u00e9nal qu'elle est devenue, la collection Berta Priv\u00e9e permet \u00e0 Berta de revenir \u00e0 son inspiration et \u00e0 son esth\u00e9tique d'origine. La ligne Priv\u00e9e repr\u00e9sente les silhouettes classiques et traditionnelles qui ont cr\u00e9\u00e9 le l\u00e9gendaire ph\u00e9nom\u00e8ne Berta.","breadcrumb":{"@id":"https:\/\/www.koonings.com\/fr\/product\/muse-by-berta-23-p03\/#breadcrumb"},"inLanguage":"fr-FR","potentialAction":[{"@type":"ReadAction","target":["https:\/\/www.koonings.com\/fr\/product\/muse-by-berta-23-p03\/"]}]},{"@type":"ImageObject","inLanguage":"fr-FR","@id":"https:\/\/www.koonings.com\/fr\/product\/muse-by-berta-23-p03\/#primaryimage","url":"https:\/\/www.koonings.com\/wp-content\/uploads\/2024\/11\/38715_71e9a50b9a95da7bb0e988bf79b05b30757ea2cc9040ddcf75c10a9b5541ba9cb2440045.jpeg","contentUrl":"https:\/\/www.koonings.com\/wp-content\/uploads\/2024\/11\/38715_71e9a50b9a95da7bb0e988bf79b05b30757ea2cc9040ddcf75c10a9b5541ba9cb2440045.jpeg","width":1667,"height":2412},{"@type":"BreadcrumbList","@id":"https:\/\/www.koonings.com\/fr\/product\/muse-by-berta-23-p03\/#breadcrumb","itemListElement":[{"@type":"ListItem","position":1,"name":"Home","item":"https:\/\/www.koonings.com\/fr\/"},{"@type":"ListItem","position":2,"name":"Muse by Berta 23-P03"}]},{"@type":"WebSite","@id":"https:\/\/www.koonings.com\/fr\/#website","url":"https:\/\/www.koonings.com\/fr\/","name":"Koonings","description":"De grootste bruidsmodewinkel ter wereld","publisher":{"@id":"https:\/\/www.koonings.com\/fr\/#organization"},"potentialAction":[{"@type":"SearchAction","target":{"@type":"EntryPoint","urlTemplate":"https:\/\/www.koonings.com\/fr\/?s={search_term_string}"},"query-input":{"@type":"PropertyValueSpecification","valueRequired":true,"valueName":"search_term_string"}}],"inLanguage":"fr-FR"},{"@type":"Organization","@id":"https:\/\/www.koonings.com\/fr\/#organization","name":"Koonings","url":"https:\/\/www.koonings.com\/fr\/","logo":{"@type":"ImageObject","inLanguage":"fr-FR","@id":"https:\/\/www.koonings.com\/fr\/#\/schema\/logo\/image\/","url":"https:\/\/www.koonings.com\/wp-content\/uploads\/2024\/07\/logo.png","contentUrl":"https:\/\/www.koonings.com\/wp-content\/uploads\/2024\/07\/logo.png","width":600,"height":428,"caption":"Koonings"},"image":{"@id":"https:\/\/www.koonings.com\/fr\/#\/schema\/logo\/image\/"},"sameAs":["https:\/\/www.facebook.com\/kooningstheweddingpalace","https:\/\/www.instagram.com\/kooningstheweddingpalace","https:\/\/www.pinterest.com\/koonings","https:\/\/www.youtube.com\/kooningstheweddingpalace"]}]}},"_links":{"self":[{"href":"https:\/\/www.koonings.com\/fr\/wp-json\/wp\/v2\/product\/57388","targetHints":{"allow":["GET"]}}],"collection":[{"href":"https:\/\/www.koonings.com\/fr\/wp-json\/wp\/v2\/product"}],"about":[{"href":"https:\/\/www.koonings.com\/fr\/wp-json\/wp\/v2\/types\/product"}],"wp:featuredmedia":[{"embeddable":true,"href":"https:\/\/www.koonings.com\/fr\/wp-json\/wp\/v2\/media\/37879"}],"wp:attachment":[{"href":"https:\/\/www.koonings.com\/fr\/wp-json\/wp\/v2\/media?parent=57388"}],"wp:term":[{"taxonomy":"productdetails","embeddable":true,"href":"https:\/\/www.koonings.com\/fr\/wp-json\/wp\/v2\/productdetails?post=57388"},{"taxonomy":"productneck","embeddable":true,"href":"https:\/\/www.koonings.com\/fr\/wp-json\/wp\/v2\/productneck?post=57388"},{"taxonomy":"productcolor","embeddable":true,"href":"https:\/\/www.koonings.com\/fr\/wp-json\/wp\/v2\/productcolor?post=57388"},{"taxonomy":"maat","embeddable":true,"href":"https:\/\/www.koonings.com\/fr\/wp-json\/wp\/v2\/maat?post=57388"},{"taxonomy":"productsupplier","embeddable":true,"href":"https:\/\/www.koonings.com\/fr\/wp-json\/wp\/v2\/productsupplier?post=57388"},{"taxonomy":"productsleeve","embeddable":true,"href":"https:\/\/www.koonings.com\/fr\/wp-json\/wp\/v2\/productsleeve?post=57388"},{"taxonomy":"productcategory","embeddable":true,"href":"https:\/\/www.koonings.com\/fr\/wp-json\/wp\/v2\/productcategory?post=57388"},{"taxonomy":"productsilhouette","embeddable":true,"href":"https:\/\/www.koonings.com\/fr\/wp-json\/wp\/v2\/productsilhouette?post=57388"},{"taxonomy":"productstyle","embeddable":true,"href":"https:\/\/www.koonings.com\/fr\/wp-json\/wp\/v2\/productstyle?post=57388"}],"curies":[{"name":"wp","href":"https:\/\/api.w.org\/{rel}","templated":true}]}}