{"id":57367,"date":"2026-05-06T15:12:05","date_gmt":"2026-05-06T13:12:05","guid":{"rendered":"https:\/\/www.koonings.com\/product\/elysee-bancroft\/"},"modified":"2026-02-16T14:36:54","modified_gmt":"2026-02-16T13:36:54","slug":"elysee-bancroft","status":"publish","type":"product","link":"https:\/\/www.koonings.com\/fr\/product\/elysee-bancroft\/","title":{"rendered":"Elysee Bancroft"},"content":{"rendered":"<p>Pour nos mari\u00e9es minimalistes, le mod\u00e8le Bancroft est une robe de bal mikado classique avec un corsage drap\u00e9 s\u00e9duisant avec une encolure en forme de c\u0153ur, d&#8217;\u00e9l\u00e9gants boutons couverts descendant dans le dos jusqu&#8217;\u00e0 l&#8217;ourlet et une jupe sexy fendue pour le look de mariage chic ultime. Et la cerise sur le g\u00e2teau ? Cette magnifique robe est une robe de mari\u00e9e avec des poches !  <\/p>\n","protected":false},"featured_media":37932,"template":"","meta":{"_acf_changed":false,"ghostkit_customizer_options":"","ghostkit_custom_css":"","ghostkit_custom_js_head":"","ghostkit_custom_js_foot":"","ghostkit_typography":""},"productdetails":[376,378],"productneck":[354,355],"productcolor":[392],"maat":[],"productsupplier":[427],"productsleeve":[],"productcategory":[18],"productsilhouette":[384,388],"productstyle":[369],"class_list":["post-57367","product","type-product","status-publish","has-post-thumbnail","hentry","productdetails-376","productdetails-378","productneck-354","productneck-355","productcolor-392","productsupplier-elysee","productcategory-trouwjurken","productsilhouette-384","productsilhouette-388","productstyle-369"],"acf":[],"yoast_head":"<!-- This site is optimized with the Yoast SEO plugin v27.3 - https:\/\/yoast.com\/product\/yoast-seo-wordpress\/ -->\n<title>Elysee Bancroft | Koonings<\/title>\n<meta name=\"description\" content=\"Pour nos mari\u00e9es minimalistes, le mod\u00e8le Bancroft est une robe de bal mikado classique avec un corsage drap\u00e9 s\u00e9duisant avec une encolure en forme de c\u0153ur, d&#039;\u00e9l\u00e9gants boutons couverts descendant dans le dos jusqu&#039;\u00e0 l&#039;ourlet et une jupe sexy fendue pour le look de mariage chic ultime. Et la cerise sur le g\u00e2teau ? Cette magnifique robe est une robe de mari\u00e9e avec des poches !\" \/>\n<meta name=\"robots\" content=\"index, follow, max-snippet:-1, max-image-preview:large, max-video-preview:-1\" \/>\n<link rel=\"canonical\" href=\"https:\/\/www.koonings.com\/fr\/product\/elysee-bancroft\/\" \/>\n<meta property=\"og:locale\" content=\"fr_FR\" \/>\n<meta property=\"og:type\" content=\"article\" \/>\n<meta property=\"og:title\" content=\"Elysee Bancroft | Koonings\" \/>\n<meta property=\"og:description\" content=\"Pour nos mari\u00e9es minimalistes, le mod\u00e8le Bancroft est une robe de bal mikado classique avec un corsage drap\u00e9 s\u00e9duisant avec une encolure en forme de c\u0153ur, d&#039;\u00e9l\u00e9gants boutons couverts descendant dans le dos jusqu&#039;\u00e0 l&#039;ourlet et une jupe sexy fendue pour le look de mariage chic ultime. Et la cerise sur le g\u00e2teau ? Cette magnifique robe est une robe de mari\u00e9e avec des poches !\" \/>\n<meta property=\"og:url\" content=\"https:\/\/www.koonings.com\/fr\/product\/elysee-bancroft\/\" \/>\n<meta property=\"og:site_name\" content=\"Koonings\" \/>\n<meta property=\"article:publisher\" content=\"https:\/\/www.facebook.com\/kooningstheweddingpalace\" \/>\n<meta property=\"og:image\" content=\"https:\/\/www.koonings.com\/wp-content\/uploads\/2024\/11\/38723_b78432c76a704f2a68f98dc96844a3288358eed1d45f2af578cbb5fe62371440fe431853.jpeg\" \/>\n\t<meta property=\"og:image:width\" content=\"1035\" \/>\n\t<meta property=\"og:image:height\" content=\"1380\" \/>\n\t<meta property=\"og:image:type\" content=\"image\/jpeg\" \/>\n<meta name=\"twitter:card\" content=\"summary_large_image\" \/>\n<script type=\"application\/ld+json\" class=\"yoast-schema-graph\">{\"@context\":\"https:\\\/\\\/schema.org\",\"@graph\":[{\"@type\":\"WebPage\",\"@id\":\"https:\\\/\\\/www.koonings.com\\\/fr\\\/product\\\/elysee-bancroft\\\/\",\"url\":\"https:\\\/\\\/www.koonings.com\\\/fr\\\/product\\\/elysee-bancroft\\\/\",\"name\":\"Elysee Bancroft | Koonings\",\"isPartOf\":{\"@id\":\"https:\\\/\\\/www.koonings.com\\\/fr\\\/#website\"},\"primaryImageOfPage\":{\"@id\":\"https:\\\/\\\/www.koonings.com\\\/fr\\\/product\\\/elysee-bancroft\\\/#primaryimage\"},\"image\":{\"@id\":\"https:\\\/\\\/www.koonings.com\\\/fr\\\/product\\\/elysee-bancroft\\\/#primaryimage\"},\"thumbnailUrl\":\"https:\\\/\\\/www.koonings.com\\\/wp-content\\\/uploads\\\/2024\\\/11\\\/38723_b78432c76a704f2a68f98dc96844a3288358eed1d45f2af578cbb5fe62371440fe431853.jpeg\",\"datePublished\":\"2026-05-06T13:12:05+00:00\",\"description\":\"Pour nos mari\u00e9es minimalistes, le mod\u00e8le Bancroft est une robe de bal mikado classique avec un corsage drap\u00e9 s\u00e9duisant avec une encolure en forme de c\u0153ur, d'\u00e9l\u00e9gants boutons couverts descendant dans le dos jusqu'\u00e0 l'ourlet et une jupe sexy fendue pour le look de mariage chic ultime. Et la cerise sur le g\u00e2teau ? Cette magnifique robe est une robe de mari\u00e9e avec des poches !\",\"breadcrumb\":{\"@id\":\"https:\\\/\\\/www.koonings.com\\\/fr\\\/product\\\/elysee-bancroft\\\/#breadcrumb\"},\"inLanguage\":\"fr-FR\",\"potentialAction\":[{\"@type\":\"ReadAction\",\"target\":[\"https:\\\/\\\/www.koonings.com\\\/fr\\\/product\\\/elysee-bancroft\\\/\"]}]},{\"@type\":\"ImageObject\",\"inLanguage\":\"fr-FR\",\"@id\":\"https:\\\/\\\/www.koonings.com\\\/fr\\\/product\\\/elysee-bancroft\\\/#primaryimage\",\"url\":\"https:\\\/\\\/www.koonings.com\\\/wp-content\\\/uploads\\\/2024\\\/11\\\/38723_b78432c76a704f2a68f98dc96844a3288358eed1d45f2af578cbb5fe62371440fe431853.jpeg\",\"contentUrl\":\"https:\\\/\\\/www.koonings.com\\\/wp-content\\\/uploads\\\/2024\\\/11\\\/38723_b78432c76a704f2a68f98dc96844a3288358eed1d45f2af578cbb5fe62371440fe431853.jpeg\",\"width\":1035,\"height\":1380},{\"@type\":\"BreadcrumbList\",\"@id\":\"https:\\\/\\\/www.koonings.com\\\/fr\\\/product\\\/elysee-bancroft\\\/#breadcrumb\",\"itemListElement\":[{\"@type\":\"ListItem\",\"position\":1,\"name\":\"Home\",\"item\":\"https:\\\/\\\/www.koonings.com\\\/fr\\\/\"},{\"@type\":\"ListItem\",\"position\":2,\"name\":\"Elysee Bancroft\"}]},{\"@type\":\"WebSite\",\"@id\":\"https:\\\/\\\/www.koonings.com\\\/fr\\\/#website\",\"url\":\"https:\\\/\\\/www.koonings.com\\\/fr\\\/\",\"name\":\"Koonings\",\"description\":\"De grootste bruidsmodewinkel ter wereld\",\"publisher\":{\"@id\":\"https:\\\/\\\/www.koonings.com\\\/fr\\\/#organization\"},\"potentialAction\":[{\"@type\":\"SearchAction\",\"target\":{\"@type\":\"EntryPoint\",\"urlTemplate\":\"https:\\\/\\\/www.koonings.com\\\/fr\\\/?s={search_term_string}\"},\"query-input\":{\"@type\":\"PropertyValueSpecification\",\"valueRequired\":true,\"valueName\":\"search_term_string\"}}],\"inLanguage\":\"fr-FR\"},{\"@type\":\"Organization\",\"@id\":\"https:\\\/\\\/www.koonings.com\\\/fr\\\/#organization\",\"name\":\"Koonings\",\"url\":\"https:\\\/\\\/www.koonings.com\\\/fr\\\/\",\"logo\":{\"@type\":\"ImageObject\",\"inLanguage\":\"fr-FR\",\"@id\":\"https:\\\/\\\/www.koonings.com\\\/fr\\\/#\\\/schema\\\/logo\\\/image\\\/\",\"url\":\"https:\\\/\\\/www.koonings.com\\\/wp-content\\\/uploads\\\/2024\\\/07\\\/logo.png\",\"contentUrl\":\"https:\\\/\\\/www.koonings.com\\\/wp-content\\\/uploads\\\/2024\\\/07\\\/logo.png\",\"width\":600,\"height\":428,\"caption\":\"Koonings\"},\"image\":{\"@id\":\"https:\\\/\\\/www.koonings.com\\\/fr\\\/#\\\/schema\\\/logo\\\/image\\\/\"},\"sameAs\":[\"https:\\\/\\\/www.facebook.com\\\/kooningstheweddingpalace\",\"https:\\\/\\\/www.instagram.com\\\/kooningstheweddingpalace\",\"https:\\\/\\\/www.pinterest.com\\\/koonings\",\"https:\\\/\\\/www.youtube.com\\\/kooningstheweddingpalace\"]}]}<\/script>\n<!-- \/ Yoast SEO plugin. -->","yoast_head_json":{"title":"Elysee Bancroft | Koonings","description":"Pour nos mari\u00e9es minimalistes, le mod\u00e8le Bancroft est une robe de bal mikado classique avec un corsage drap\u00e9 s\u00e9duisant avec une encolure en forme de c\u0153ur, d'\u00e9l\u00e9gants boutons couverts descendant dans le dos jusqu'\u00e0 l'ourlet et une jupe sexy fendue pour le look de mariage chic ultime. Et la cerise sur le g\u00e2teau ? Cette magnifique robe est une robe de mari\u00e9e avec des poches !","robots":{"index":"index","follow":"follow","max-snippet":"max-snippet:-1","max-image-preview":"max-image-preview:large","max-video-preview":"max-video-preview:-1"},"canonical":"https:\/\/www.koonings.com\/fr\/product\/elysee-bancroft\/","og_locale":"fr_FR","og_type":"article","og_title":"Elysee Bancroft | Koonings","og_description":"Pour nos mari\u00e9es minimalistes, le mod\u00e8le Bancroft est une robe de bal mikado classique avec un corsage drap\u00e9 s\u00e9duisant avec une encolure en forme de c\u0153ur, d'\u00e9l\u00e9gants boutons couverts descendant dans le dos jusqu'\u00e0 l'ourlet et une jupe sexy fendue pour le look de mariage chic ultime. Et la cerise sur le g\u00e2teau ? Cette magnifique robe est une robe de mari\u00e9e avec des poches !","og_url":"https:\/\/www.koonings.com\/fr\/product\/elysee-bancroft\/","og_site_name":"Koonings","article_publisher":"https:\/\/www.facebook.com\/kooningstheweddingpalace","og_image":[{"width":1035,"height":1380,"url":"https:\/\/www.koonings.com\/wp-content\/uploads\/2024\/11\/38723_b78432c76a704f2a68f98dc96844a3288358eed1d45f2af578cbb5fe62371440fe431853.jpeg","type":"image\/jpeg"}],"twitter_card":"summary_large_image","schema":{"@context":"https:\/\/schema.org","@graph":[{"@type":"WebPage","@id":"https:\/\/www.koonings.com\/fr\/product\/elysee-bancroft\/","url":"https:\/\/www.koonings.com\/fr\/product\/elysee-bancroft\/","name":"Elysee Bancroft | Koonings","isPartOf":{"@id":"https:\/\/www.koonings.com\/fr\/#website"},"primaryImageOfPage":{"@id":"https:\/\/www.koonings.com\/fr\/product\/elysee-bancroft\/#primaryimage"},"image":{"@id":"https:\/\/www.koonings.com\/fr\/product\/elysee-bancroft\/#primaryimage"},"thumbnailUrl":"https:\/\/www.koonings.com\/wp-content\/uploads\/2024\/11\/38723_b78432c76a704f2a68f98dc96844a3288358eed1d45f2af578cbb5fe62371440fe431853.jpeg","datePublished":"2026-05-06T13:12:05+00:00","description":"Pour nos mari\u00e9es minimalistes, le mod\u00e8le Bancroft est une robe de bal mikado classique avec un corsage drap\u00e9 s\u00e9duisant avec une encolure en forme de c\u0153ur, d'\u00e9l\u00e9gants boutons couverts descendant dans le dos jusqu'\u00e0 l'ourlet et une jupe sexy fendue pour le look de mariage chic ultime. Et la cerise sur le g\u00e2teau ? Cette magnifique robe est une robe de mari\u00e9e avec des poches !","breadcrumb":{"@id":"https:\/\/www.koonings.com\/fr\/product\/elysee-bancroft\/#breadcrumb"},"inLanguage":"fr-FR","potentialAction":[{"@type":"ReadAction","target":["https:\/\/www.koonings.com\/fr\/product\/elysee-bancroft\/"]}]},{"@type":"ImageObject","inLanguage":"fr-FR","@id":"https:\/\/www.koonings.com\/fr\/product\/elysee-bancroft\/#primaryimage","url":"https:\/\/www.koonings.com\/wp-content\/uploads\/2024\/11\/38723_b78432c76a704f2a68f98dc96844a3288358eed1d45f2af578cbb5fe62371440fe431853.jpeg","contentUrl":"https:\/\/www.koonings.com\/wp-content\/uploads\/2024\/11\/38723_b78432c76a704f2a68f98dc96844a3288358eed1d45f2af578cbb5fe62371440fe431853.jpeg","width":1035,"height":1380},{"@type":"BreadcrumbList","@id":"https:\/\/www.koonings.com\/fr\/product\/elysee-bancroft\/#breadcrumb","itemListElement":[{"@type":"ListItem","position":1,"name":"Home","item":"https:\/\/www.koonings.com\/fr\/"},{"@type":"ListItem","position":2,"name":"Elysee Bancroft"}]},{"@type":"WebSite","@id":"https:\/\/www.koonings.com\/fr\/#website","url":"https:\/\/www.koonings.com\/fr\/","name":"Koonings","description":"De grootste bruidsmodewinkel ter wereld","publisher":{"@id":"https:\/\/www.koonings.com\/fr\/#organization"},"potentialAction":[{"@type":"SearchAction","target":{"@type":"EntryPoint","urlTemplate":"https:\/\/www.koonings.com\/fr\/?s={search_term_string}"},"query-input":{"@type":"PropertyValueSpecification","valueRequired":true,"valueName":"search_term_string"}}],"inLanguage":"fr-FR"},{"@type":"Organization","@id":"https:\/\/www.koonings.com\/fr\/#organization","name":"Koonings","url":"https:\/\/www.koonings.com\/fr\/","logo":{"@type":"ImageObject","inLanguage":"fr-FR","@id":"https:\/\/www.koonings.com\/fr\/#\/schema\/logo\/image\/","url":"https:\/\/www.koonings.com\/wp-content\/uploads\/2024\/07\/logo.png","contentUrl":"https:\/\/www.koonings.com\/wp-content\/uploads\/2024\/07\/logo.png","width":600,"height":428,"caption":"Koonings"},"image":{"@id":"https:\/\/www.koonings.com\/fr\/#\/schema\/logo\/image\/"},"sameAs":["https:\/\/www.facebook.com\/kooningstheweddingpalace","https:\/\/www.instagram.com\/kooningstheweddingpalace","https:\/\/www.pinterest.com\/koonings","https:\/\/www.youtube.com\/kooningstheweddingpalace"]}]}},"_links":{"self":[{"href":"https:\/\/www.koonings.com\/fr\/wp-json\/wp\/v2\/product\/57367","targetHints":{"allow":["GET"]}}],"collection":[{"href":"https:\/\/www.koonings.com\/fr\/wp-json\/wp\/v2\/product"}],"about":[{"href":"https:\/\/www.koonings.com\/fr\/wp-json\/wp\/v2\/types\/product"}],"wp:featuredmedia":[{"embeddable":true,"href":"https:\/\/www.koonings.com\/fr\/wp-json\/wp\/v2\/media\/37932"}],"wp:attachment":[{"href":"https:\/\/www.koonings.com\/fr\/wp-json\/wp\/v2\/media?parent=57367"}],"wp:term":[{"taxonomy":"productdetails","embeddable":true,"href":"https:\/\/www.koonings.com\/fr\/wp-json\/wp\/v2\/productdetails?post=57367"},{"taxonomy":"productneck","embeddable":true,"href":"https:\/\/www.koonings.com\/fr\/wp-json\/wp\/v2\/productneck?post=57367"},{"taxonomy":"productcolor","embeddable":true,"href":"https:\/\/www.koonings.com\/fr\/wp-json\/wp\/v2\/productcolor?post=57367"},{"taxonomy":"maat","embeddable":true,"href":"https:\/\/www.koonings.com\/fr\/wp-json\/wp\/v2\/maat?post=57367"},{"taxonomy":"productsupplier","embeddable":true,"href":"https:\/\/www.koonings.com\/fr\/wp-json\/wp\/v2\/productsupplier?post=57367"},{"taxonomy":"productsleeve","embeddable":true,"href":"https:\/\/www.koonings.com\/fr\/wp-json\/wp\/v2\/productsleeve?post=57367"},{"taxonomy":"productcategory","embeddable":true,"href":"https:\/\/www.koonings.com\/fr\/wp-json\/wp\/v2\/productcategory?post=57367"},{"taxonomy":"productsilhouette","embeddable":true,"href":"https:\/\/www.koonings.com\/fr\/wp-json\/wp\/v2\/productsilhouette?post=57367"},{"taxonomy":"productstyle","embeddable":true,"href":"https:\/\/www.koonings.com\/fr\/wp-json\/wp\/v2\/productstyle?post=57367"}],"curies":[{"name":"wp","href":"https:\/\/api.w.org\/{rel}","templated":true}]}}