{"id":57362,"date":"2026-04-28T18:10:57","date_gmt":"2026-04-28T16:10:57","guid":{"rendered":"https:\/\/www.koonings.com\/product\/elysee-arwen-l\/"},"modified":"2026-02-16T14:36:55","modified_gmt":"2026-02-16T13:36:55","slug":"elysee-arwen-l","status":"publish","type":"product","link":"https:\/\/www.koonings.com\/fr\/product\/elysee-arwen-l\/","title":{"rendered":"Elysee Arwen-L"},"content":{"rendered":"<p>Cette \u00e9blouissante robe sir\u00e8ne avec un magnifique d\u00e9collet\u00e9 incurv\u00e9 et un magnifique corset avec un ruban de tulle dans le dos nous a donn\u00e9 tous les papillons romantiques le jour du mariage. Le mod\u00e8le Arwen pr\u00e9sente une dentelle baroque florale sur le corsage qui se transforme en une dentelle lin\u00e9aire pour un effet des plus flatteurs. Et le d\u00e9tail \u00e9poustouflant qui enchantera vos invit\u00e9s ? Ces manches amovibles en tulle pliss\u00e9 avec des volants en cloche qui sont doux, r\u00eaveurs et tout \u00e0 fait inoubliables.   <\/p>\n","protected":false},"featured_media":37949,"template":"","meta":{"_acf_changed":false,"ghostkit_customizer_options":"","ghostkit_custom_css":"","ghostkit_custom_js_head":"","ghostkit_custom_js_foot":"","ghostkit_typography":""},"productdetails":[379,376,381],"productneck":[354,355],"productcolor":[393,392],"maat":[],"productsupplier":[427],"productsleeve":[],"productcategory":[18],"productsilhouette":[387],"productstyle":[366,370],"class_list":["post-57362","product","type-product","status-publish","has-post-thumbnail","hentry","productdetails-379","productdetails-376","productdetails-381","productneck-354","productneck-355","productcolor-393","productcolor-392","productsupplier-elysee","productcategory-trouwjurken","productsilhouette-387","productstyle-366","productstyle-370"],"acf":[],"yoast_head":"<!-- This site is optimized with the Yoast SEO plugin v27.3 - https:\/\/yoast.com\/product\/yoast-seo-wordpress\/ -->\n<title>Elysee Arwen-L | Koonings<\/title>\n<meta name=\"description\" content=\"Cette \u00e9blouissante robe sir\u00e8ne avec un magnifique d\u00e9collet\u00e9 incurv\u00e9 et un magnifique corset avec un ruban de tulle dans le dos nous a donn\u00e9 tous les papillons romantiques le jour du mariage. Le mod\u00e8le Arwen pr\u00e9sente une dentelle baroque florale sur le corsage qui se transforme en une dentelle lin\u00e9aire pour un effet des plus flatteurs. Et le d\u00e9tail \u00e9poustouflant qui enchantera vos invit\u00e9s ? Ces manches amovibles en tulle pliss\u00e9 avec des volants en cloche qui sont doux, r\u00eaveurs et tout \u00e0 fait inoubliables.\" \/>\n<meta name=\"robots\" content=\"index, follow, max-snippet:-1, max-image-preview:large, max-video-preview:-1\" \/>\n<link rel=\"canonical\" href=\"https:\/\/www.koonings.com\/fr\/product\/elysee-arwen-l\/\" \/>\n<meta property=\"og:locale\" content=\"fr_FR\" \/>\n<meta property=\"og:type\" content=\"article\" \/>\n<meta property=\"og:title\" content=\"Elysee Arwen-L | Koonings\" \/>\n<meta property=\"og:description\" content=\"Cette \u00e9blouissante robe sir\u00e8ne avec un magnifique d\u00e9collet\u00e9 incurv\u00e9 et un magnifique corset avec un ruban de tulle dans le dos nous a donn\u00e9 tous les papillons romantiques le jour du mariage. Le mod\u00e8le Arwen pr\u00e9sente une dentelle baroque florale sur le corsage qui se transforme en une dentelle lin\u00e9aire pour un effet des plus flatteurs. Et le d\u00e9tail \u00e9poustouflant qui enchantera vos invit\u00e9s ? Ces manches amovibles en tulle pliss\u00e9 avec des volants en cloche qui sont doux, r\u00eaveurs et tout \u00e0 fait inoubliables.\" \/>\n<meta property=\"og:url\" content=\"https:\/\/www.koonings.com\/fr\/product\/elysee-arwen-l\/\" \/>\n<meta property=\"og:site_name\" content=\"Koonings\" \/>\n<meta property=\"article:publisher\" content=\"https:\/\/www.facebook.com\/kooningstheweddingpalace\" \/>\n<meta property=\"og:image\" content=\"https:\/\/www.koonings.com\/wp-content\/uploads\/2024\/11\/38728_b0e9475950033c44a4a6c1bae302e25ab00398cd394d613696f3e1af1e44a9f95fef75e3.jpeg\" \/>\n\t<meta property=\"og:image:width\" content=\"1035\" \/>\n\t<meta property=\"og:image:height\" content=\"1380\" \/>\n\t<meta property=\"og:image:type\" content=\"image\/jpeg\" \/>\n<meta name=\"twitter:card\" content=\"summary_large_image\" \/>\n<script type=\"application\/ld+json\" class=\"yoast-schema-graph\">{\"@context\":\"https:\\\/\\\/schema.org\",\"@graph\":[{\"@type\":\"WebPage\",\"@id\":\"https:\\\/\\\/www.koonings.com\\\/fr\\\/product\\\/elysee-arwen-l\\\/\",\"url\":\"https:\\\/\\\/www.koonings.com\\\/fr\\\/product\\\/elysee-arwen-l\\\/\",\"name\":\"Elysee Arwen-L | Koonings\",\"isPartOf\":{\"@id\":\"https:\\\/\\\/www.koonings.com\\\/fr\\\/#website\"},\"primaryImageOfPage\":{\"@id\":\"https:\\\/\\\/www.koonings.com\\\/fr\\\/product\\\/elysee-arwen-l\\\/#primaryimage\"},\"image\":{\"@id\":\"https:\\\/\\\/www.koonings.com\\\/fr\\\/product\\\/elysee-arwen-l\\\/#primaryimage\"},\"thumbnailUrl\":\"https:\\\/\\\/www.koonings.com\\\/wp-content\\\/uploads\\\/2024\\\/11\\\/38728_b0e9475950033c44a4a6c1bae302e25ab00398cd394d613696f3e1af1e44a9f95fef75e3.jpeg\",\"datePublished\":\"2026-04-28T16:10:57+00:00\",\"description\":\"Cette \u00e9blouissante robe sir\u00e8ne avec un magnifique d\u00e9collet\u00e9 incurv\u00e9 et un magnifique corset avec un ruban de tulle dans le dos nous a donn\u00e9 tous les papillons romantiques le jour du mariage. Le mod\u00e8le Arwen pr\u00e9sente une dentelle baroque florale sur le corsage qui se transforme en une dentelle lin\u00e9aire pour un effet des plus flatteurs. Et le d\u00e9tail \u00e9poustouflant qui enchantera vos invit\u00e9s ? Ces manches amovibles en tulle pliss\u00e9 avec des volants en cloche qui sont doux, r\u00eaveurs et tout \u00e0 fait inoubliables.\",\"breadcrumb\":{\"@id\":\"https:\\\/\\\/www.koonings.com\\\/fr\\\/product\\\/elysee-arwen-l\\\/#breadcrumb\"},\"inLanguage\":\"fr-FR\",\"potentialAction\":[{\"@type\":\"ReadAction\",\"target\":[\"https:\\\/\\\/www.koonings.com\\\/fr\\\/product\\\/elysee-arwen-l\\\/\"]}]},{\"@type\":\"ImageObject\",\"inLanguage\":\"fr-FR\",\"@id\":\"https:\\\/\\\/www.koonings.com\\\/fr\\\/product\\\/elysee-arwen-l\\\/#primaryimage\",\"url\":\"https:\\\/\\\/www.koonings.com\\\/wp-content\\\/uploads\\\/2024\\\/11\\\/38728_b0e9475950033c44a4a6c1bae302e25ab00398cd394d613696f3e1af1e44a9f95fef75e3.jpeg\",\"contentUrl\":\"https:\\\/\\\/www.koonings.com\\\/wp-content\\\/uploads\\\/2024\\\/11\\\/38728_b0e9475950033c44a4a6c1bae302e25ab00398cd394d613696f3e1af1e44a9f95fef75e3.jpeg\",\"width\":1035,\"height\":1380},{\"@type\":\"BreadcrumbList\",\"@id\":\"https:\\\/\\\/www.koonings.com\\\/fr\\\/product\\\/elysee-arwen-l\\\/#breadcrumb\",\"itemListElement\":[{\"@type\":\"ListItem\",\"position\":1,\"name\":\"Home\",\"item\":\"https:\\\/\\\/www.koonings.com\\\/fr\\\/\"},{\"@type\":\"ListItem\",\"position\":2,\"name\":\"Elysee Arwen-L\"}]},{\"@type\":\"WebSite\",\"@id\":\"https:\\\/\\\/www.koonings.com\\\/fr\\\/#website\",\"url\":\"https:\\\/\\\/www.koonings.com\\\/fr\\\/\",\"name\":\"Koonings\",\"description\":\"De grootste bruidsmodewinkel ter wereld\",\"publisher\":{\"@id\":\"https:\\\/\\\/www.koonings.com\\\/fr\\\/#organization\"},\"potentialAction\":[{\"@type\":\"SearchAction\",\"target\":{\"@type\":\"EntryPoint\",\"urlTemplate\":\"https:\\\/\\\/www.koonings.com\\\/fr\\\/?s={search_term_string}\"},\"query-input\":{\"@type\":\"PropertyValueSpecification\",\"valueRequired\":true,\"valueName\":\"search_term_string\"}}],\"inLanguage\":\"fr-FR\"},{\"@type\":\"Organization\",\"@id\":\"https:\\\/\\\/www.koonings.com\\\/fr\\\/#organization\",\"name\":\"Koonings\",\"url\":\"https:\\\/\\\/www.koonings.com\\\/fr\\\/\",\"logo\":{\"@type\":\"ImageObject\",\"inLanguage\":\"fr-FR\",\"@id\":\"https:\\\/\\\/www.koonings.com\\\/fr\\\/#\\\/schema\\\/logo\\\/image\\\/\",\"url\":\"https:\\\/\\\/www.koonings.com\\\/wp-content\\\/uploads\\\/2024\\\/07\\\/logo.png\",\"contentUrl\":\"https:\\\/\\\/www.koonings.com\\\/wp-content\\\/uploads\\\/2024\\\/07\\\/logo.png\",\"width\":600,\"height\":428,\"caption\":\"Koonings\"},\"image\":{\"@id\":\"https:\\\/\\\/www.koonings.com\\\/fr\\\/#\\\/schema\\\/logo\\\/image\\\/\"},\"sameAs\":[\"https:\\\/\\\/www.facebook.com\\\/kooningstheweddingpalace\",\"https:\\\/\\\/www.instagram.com\\\/kooningstheweddingpalace\",\"https:\\\/\\\/www.pinterest.com\\\/koonings\",\"https:\\\/\\\/www.youtube.com\\\/kooningstheweddingpalace\"]}]}<\/script>\n<!-- \/ Yoast SEO plugin. -->","yoast_head_json":{"title":"Elysee Arwen-L | Koonings","description":"Cette \u00e9blouissante robe sir\u00e8ne avec un magnifique d\u00e9collet\u00e9 incurv\u00e9 et un magnifique corset avec un ruban de tulle dans le dos nous a donn\u00e9 tous les papillons romantiques le jour du mariage. Le mod\u00e8le Arwen pr\u00e9sente une dentelle baroque florale sur le corsage qui se transforme en une dentelle lin\u00e9aire pour un effet des plus flatteurs. Et le d\u00e9tail \u00e9poustouflant qui enchantera vos invit\u00e9s ? Ces manches amovibles en tulle pliss\u00e9 avec des volants en cloche qui sont doux, r\u00eaveurs et tout \u00e0 fait inoubliables.","robots":{"index":"index","follow":"follow","max-snippet":"max-snippet:-1","max-image-preview":"max-image-preview:large","max-video-preview":"max-video-preview:-1"},"canonical":"https:\/\/www.koonings.com\/fr\/product\/elysee-arwen-l\/","og_locale":"fr_FR","og_type":"article","og_title":"Elysee Arwen-L | Koonings","og_description":"Cette \u00e9blouissante robe sir\u00e8ne avec un magnifique d\u00e9collet\u00e9 incurv\u00e9 et un magnifique corset avec un ruban de tulle dans le dos nous a donn\u00e9 tous les papillons romantiques le jour du mariage. Le mod\u00e8le Arwen pr\u00e9sente une dentelle baroque florale sur le corsage qui se transforme en une dentelle lin\u00e9aire pour un effet des plus flatteurs. Et le d\u00e9tail \u00e9poustouflant qui enchantera vos invit\u00e9s ? Ces manches amovibles en tulle pliss\u00e9 avec des volants en cloche qui sont doux, r\u00eaveurs et tout \u00e0 fait inoubliables.","og_url":"https:\/\/www.koonings.com\/fr\/product\/elysee-arwen-l\/","og_site_name":"Koonings","article_publisher":"https:\/\/www.facebook.com\/kooningstheweddingpalace","og_image":[{"width":1035,"height":1380,"url":"https:\/\/www.koonings.com\/wp-content\/uploads\/2024\/11\/38728_b0e9475950033c44a4a6c1bae302e25ab00398cd394d613696f3e1af1e44a9f95fef75e3.jpeg","type":"image\/jpeg"}],"twitter_card":"summary_large_image","schema":{"@context":"https:\/\/schema.org","@graph":[{"@type":"WebPage","@id":"https:\/\/www.koonings.com\/fr\/product\/elysee-arwen-l\/","url":"https:\/\/www.koonings.com\/fr\/product\/elysee-arwen-l\/","name":"Elysee Arwen-L | Koonings","isPartOf":{"@id":"https:\/\/www.koonings.com\/fr\/#website"},"primaryImageOfPage":{"@id":"https:\/\/www.koonings.com\/fr\/product\/elysee-arwen-l\/#primaryimage"},"image":{"@id":"https:\/\/www.koonings.com\/fr\/product\/elysee-arwen-l\/#primaryimage"},"thumbnailUrl":"https:\/\/www.koonings.com\/wp-content\/uploads\/2024\/11\/38728_b0e9475950033c44a4a6c1bae302e25ab00398cd394d613696f3e1af1e44a9f95fef75e3.jpeg","datePublished":"2026-04-28T16:10:57+00:00","description":"Cette \u00e9blouissante robe sir\u00e8ne avec un magnifique d\u00e9collet\u00e9 incurv\u00e9 et un magnifique corset avec un ruban de tulle dans le dos nous a donn\u00e9 tous les papillons romantiques le jour du mariage. Le mod\u00e8le Arwen pr\u00e9sente une dentelle baroque florale sur le corsage qui se transforme en une dentelle lin\u00e9aire pour un effet des plus flatteurs. Et le d\u00e9tail \u00e9poustouflant qui enchantera vos invit\u00e9s ? Ces manches amovibles en tulle pliss\u00e9 avec des volants en cloche qui sont doux, r\u00eaveurs et tout \u00e0 fait inoubliables.","breadcrumb":{"@id":"https:\/\/www.koonings.com\/fr\/product\/elysee-arwen-l\/#breadcrumb"},"inLanguage":"fr-FR","potentialAction":[{"@type":"ReadAction","target":["https:\/\/www.koonings.com\/fr\/product\/elysee-arwen-l\/"]}]},{"@type":"ImageObject","inLanguage":"fr-FR","@id":"https:\/\/www.koonings.com\/fr\/product\/elysee-arwen-l\/#primaryimage","url":"https:\/\/www.koonings.com\/wp-content\/uploads\/2024\/11\/38728_b0e9475950033c44a4a6c1bae302e25ab00398cd394d613696f3e1af1e44a9f95fef75e3.jpeg","contentUrl":"https:\/\/www.koonings.com\/wp-content\/uploads\/2024\/11\/38728_b0e9475950033c44a4a6c1bae302e25ab00398cd394d613696f3e1af1e44a9f95fef75e3.jpeg","width":1035,"height":1380},{"@type":"BreadcrumbList","@id":"https:\/\/www.koonings.com\/fr\/product\/elysee-arwen-l\/#breadcrumb","itemListElement":[{"@type":"ListItem","position":1,"name":"Home","item":"https:\/\/www.koonings.com\/fr\/"},{"@type":"ListItem","position":2,"name":"Elysee Arwen-L"}]},{"@type":"WebSite","@id":"https:\/\/www.koonings.com\/fr\/#website","url":"https:\/\/www.koonings.com\/fr\/","name":"Koonings","description":"De grootste bruidsmodewinkel ter wereld","publisher":{"@id":"https:\/\/www.koonings.com\/fr\/#organization"},"potentialAction":[{"@type":"SearchAction","target":{"@type":"EntryPoint","urlTemplate":"https:\/\/www.koonings.com\/fr\/?s={search_term_string}"},"query-input":{"@type":"PropertyValueSpecification","valueRequired":true,"valueName":"search_term_string"}}],"inLanguage":"fr-FR"},{"@type":"Organization","@id":"https:\/\/www.koonings.com\/fr\/#organization","name":"Koonings","url":"https:\/\/www.koonings.com\/fr\/","logo":{"@type":"ImageObject","inLanguage":"fr-FR","@id":"https:\/\/www.koonings.com\/fr\/#\/schema\/logo\/image\/","url":"https:\/\/www.koonings.com\/wp-content\/uploads\/2024\/07\/logo.png","contentUrl":"https:\/\/www.koonings.com\/wp-content\/uploads\/2024\/07\/logo.png","width":600,"height":428,"caption":"Koonings"},"image":{"@id":"https:\/\/www.koonings.com\/fr\/#\/schema\/logo\/image\/"},"sameAs":["https:\/\/www.facebook.com\/kooningstheweddingpalace","https:\/\/www.instagram.com\/kooningstheweddingpalace","https:\/\/www.pinterest.com\/koonings","https:\/\/www.youtube.com\/kooningstheweddingpalace"]}]}},"_links":{"self":[{"href":"https:\/\/www.koonings.com\/fr\/wp-json\/wp\/v2\/product\/57362","targetHints":{"allow":["GET"]}}],"collection":[{"href":"https:\/\/www.koonings.com\/fr\/wp-json\/wp\/v2\/product"}],"about":[{"href":"https:\/\/www.koonings.com\/fr\/wp-json\/wp\/v2\/types\/product"}],"wp:featuredmedia":[{"embeddable":true,"href":"https:\/\/www.koonings.com\/fr\/wp-json\/wp\/v2\/media\/37949"}],"wp:attachment":[{"href":"https:\/\/www.koonings.com\/fr\/wp-json\/wp\/v2\/media?parent=57362"}],"wp:term":[{"taxonomy":"productdetails","embeddable":true,"href":"https:\/\/www.koonings.com\/fr\/wp-json\/wp\/v2\/productdetails?post=57362"},{"taxonomy":"productneck","embeddable":true,"href":"https:\/\/www.koonings.com\/fr\/wp-json\/wp\/v2\/productneck?post=57362"},{"taxonomy":"productcolor","embeddable":true,"href":"https:\/\/www.koonings.com\/fr\/wp-json\/wp\/v2\/productcolor?post=57362"},{"taxonomy":"maat","embeddable":true,"href":"https:\/\/www.koonings.com\/fr\/wp-json\/wp\/v2\/maat?post=57362"},{"taxonomy":"productsupplier","embeddable":true,"href":"https:\/\/www.koonings.com\/fr\/wp-json\/wp\/v2\/productsupplier?post=57362"},{"taxonomy":"productsleeve","embeddable":true,"href":"https:\/\/www.koonings.com\/fr\/wp-json\/wp\/v2\/productsleeve?post=57362"},{"taxonomy":"productcategory","embeddable":true,"href":"https:\/\/www.koonings.com\/fr\/wp-json\/wp\/v2\/productcategory?post=57362"},{"taxonomy":"productsilhouette","embeddable":true,"href":"https:\/\/www.koonings.com\/fr\/wp-json\/wp\/v2\/productsilhouette?post=57362"},{"taxonomy":"productstyle","embeddable":true,"href":"https:\/\/www.koonings.com\/fr\/wp-json\/wp\/v2\/productstyle?post=57362"}],"curies":[{"name":"wp","href":"https:\/\/api.w.org\/{rel}","templated":true}]}}