{"id":57354,"date":"2026-05-06T15:12:08","date_gmt":"2026-05-06T13:12:08","guid":{"rendered":"https:\/\/www.koonings.com\/product\/elysee-saraiah\/"},"modified":"2026-02-16T14:36:59","modified_gmt":"2026-02-16T13:36:59","slug":"elysee-saraiah","status":"publish","type":"product","link":"https:\/\/www.koonings.com\/fr\/product\/elysee-saraiah\/","title":{"rendered":"Elysee Saraiah"},"content":{"rendered":"<p>Le mod\u00e8le Saraiah est l\u00e0 pour apporter le facteur WOW \u00e0 votre mariage ! Cette superbe robe sir\u00e8ne pr\u00e9sente un magnifique d\u00e9collet\u00e9 en forme de c\u0153ur avec des manches amovibles et douces en tulle avec des appliques florales 3D complexes.  Cette robe chatoyante est \u00e9galement dot\u00e9e d&#8217;une jupe en tulle \u00e9th\u00e9r\u00e9e et scintillante qui scintillera lors de votre passage \u00e0 l&#8217;autel.<\/p>\n","protected":false},"featured_media":38000,"template":"","meta":{"_acf_changed":false,"ghostkit_customizer_options":"","ghostkit_custom_css":"","ghostkit_custom_js_head":"","ghostkit_custom_js_foot":"","ghostkit_typography":""},"productdetails":[379,376,381],"productneck":[354],"productcolor":[393,392],"maat":[],"productsupplier":[427],"productsleeve":[],"productcategory":[18],"productsilhouette":[387],"productstyle":[366,370],"class_list":["post-57354","product","type-product","status-publish","has-post-thumbnail","hentry","productdetails-379","productdetails-376","productdetails-381","productneck-354","productcolor-393","productcolor-392","productsupplier-elysee","productcategory-trouwjurken","productsilhouette-387","productstyle-366","productstyle-370"],"acf":[],"yoast_head":"<!-- This site is optimized with the Yoast SEO plugin v27.3 - https:\/\/yoast.com\/product\/yoast-seo-wordpress\/ -->\n<title>Elysee Saraiah | Koonings<\/title>\n<meta name=\"description\" content=\"Le mod\u00e8le Saraiah est l\u00e0 pour apporter le facteur WOW \u00e0 votre mariage ! Cette superbe robe sir\u00e8ne pr\u00e9sente un magnifique d\u00e9collet\u00e9 en forme de c\u0153ur avec des manches amovibles et douces en tulle avec des appliques florales 3D complexes. Cette robe chatoyante est \u00e9galement dot\u00e9e d&#039;une jupe en tulle \u00e9th\u00e9r\u00e9e et scintillante qui scintillera lors de votre passage \u00e0 l&#039;autel.\" \/>\n<meta name=\"robots\" content=\"index, follow, max-snippet:-1, max-image-preview:large, max-video-preview:-1\" \/>\n<link rel=\"canonical\" href=\"https:\/\/www.koonings.com\/fr\/product\/elysee-saraiah\/\" \/>\n<meta property=\"og:locale\" content=\"fr_FR\" \/>\n<meta property=\"og:type\" content=\"article\" \/>\n<meta property=\"og:title\" content=\"Elysee Saraiah | Koonings\" \/>\n<meta property=\"og:description\" content=\"Le mod\u00e8le Saraiah est l\u00e0 pour apporter le facteur WOW \u00e0 votre mariage ! Cette superbe robe sir\u00e8ne pr\u00e9sente un magnifique d\u00e9collet\u00e9 en forme de c\u0153ur avec des manches amovibles et douces en tulle avec des appliques florales 3D complexes. Cette robe chatoyante est \u00e9galement dot\u00e9e d&#039;une jupe en tulle \u00e9th\u00e9r\u00e9e et scintillante qui scintillera lors de votre passage \u00e0 l&#039;autel.\" \/>\n<meta property=\"og:url\" content=\"https:\/\/www.koonings.com\/fr\/product\/elysee-saraiah\/\" \/>\n<meta property=\"og:site_name\" content=\"Koonings\" \/>\n<meta property=\"article:publisher\" content=\"https:\/\/www.facebook.com\/kooningstheweddingpalace\" \/>\n<meta property=\"og:image\" content=\"https:\/\/www.koonings.com\/wp-content\/uploads\/2024\/11\/38741_c4a9743dbedfe987cd1b010cfa6604ad8b4281bbcfbe7c0dccb2a62351833f4e03688cc6.jpeg\" \/>\n\t<meta property=\"og:image:width\" content=\"1035\" \/>\n\t<meta property=\"og:image:height\" content=\"1380\" \/>\n\t<meta property=\"og:image:type\" content=\"image\/jpeg\" \/>\n<meta name=\"twitter:card\" content=\"summary_large_image\" \/>\n<script type=\"application\/ld+json\" class=\"yoast-schema-graph\">{\"@context\":\"https:\\\/\\\/schema.org\",\"@graph\":[{\"@type\":\"WebPage\",\"@id\":\"https:\\\/\\\/www.koonings.com\\\/fr\\\/product\\\/elysee-saraiah\\\/\",\"url\":\"https:\\\/\\\/www.koonings.com\\\/fr\\\/product\\\/elysee-saraiah\\\/\",\"name\":\"Elysee Saraiah | Koonings\",\"isPartOf\":{\"@id\":\"https:\\\/\\\/www.koonings.com\\\/fr\\\/#website\"},\"primaryImageOfPage\":{\"@id\":\"https:\\\/\\\/www.koonings.com\\\/fr\\\/product\\\/elysee-saraiah\\\/#primaryimage\"},\"image\":{\"@id\":\"https:\\\/\\\/www.koonings.com\\\/fr\\\/product\\\/elysee-saraiah\\\/#primaryimage\"},\"thumbnailUrl\":\"https:\\\/\\\/www.koonings.com\\\/wp-content\\\/uploads\\\/2024\\\/11\\\/38741_c4a9743dbedfe987cd1b010cfa6604ad8b4281bbcfbe7c0dccb2a62351833f4e03688cc6.jpeg\",\"datePublished\":\"2026-05-06T13:12:08+00:00\",\"description\":\"Le mod\u00e8le Saraiah est l\u00e0 pour apporter le facteur WOW \u00e0 votre mariage ! Cette superbe robe sir\u00e8ne pr\u00e9sente un magnifique d\u00e9collet\u00e9 en forme de c\u0153ur avec des manches amovibles et douces en tulle avec des appliques florales 3D complexes. Cette robe chatoyante est \u00e9galement dot\u00e9e d'une jupe en tulle \u00e9th\u00e9r\u00e9e et scintillante qui scintillera lors de votre passage \u00e0 l'autel.\",\"breadcrumb\":{\"@id\":\"https:\\\/\\\/www.koonings.com\\\/fr\\\/product\\\/elysee-saraiah\\\/#breadcrumb\"},\"inLanguage\":\"fr-FR\",\"potentialAction\":[{\"@type\":\"ReadAction\",\"target\":[\"https:\\\/\\\/www.koonings.com\\\/fr\\\/product\\\/elysee-saraiah\\\/\"]}]},{\"@type\":\"ImageObject\",\"inLanguage\":\"fr-FR\",\"@id\":\"https:\\\/\\\/www.koonings.com\\\/fr\\\/product\\\/elysee-saraiah\\\/#primaryimage\",\"url\":\"https:\\\/\\\/www.koonings.com\\\/wp-content\\\/uploads\\\/2024\\\/11\\\/38741_c4a9743dbedfe987cd1b010cfa6604ad8b4281bbcfbe7c0dccb2a62351833f4e03688cc6.jpeg\",\"contentUrl\":\"https:\\\/\\\/www.koonings.com\\\/wp-content\\\/uploads\\\/2024\\\/11\\\/38741_c4a9743dbedfe987cd1b010cfa6604ad8b4281bbcfbe7c0dccb2a62351833f4e03688cc6.jpeg\",\"width\":1035,\"height\":1380},{\"@type\":\"BreadcrumbList\",\"@id\":\"https:\\\/\\\/www.koonings.com\\\/fr\\\/product\\\/elysee-saraiah\\\/#breadcrumb\",\"itemListElement\":[{\"@type\":\"ListItem\",\"position\":1,\"name\":\"Home\",\"item\":\"https:\\\/\\\/www.koonings.com\\\/fr\\\/\"},{\"@type\":\"ListItem\",\"position\":2,\"name\":\"Elysee Saraiah\"}]},{\"@type\":\"WebSite\",\"@id\":\"https:\\\/\\\/www.koonings.com\\\/fr\\\/#website\",\"url\":\"https:\\\/\\\/www.koonings.com\\\/fr\\\/\",\"name\":\"Koonings\",\"description\":\"De grootste bruidsmodewinkel ter wereld\",\"publisher\":{\"@id\":\"https:\\\/\\\/www.koonings.com\\\/fr\\\/#organization\"},\"potentialAction\":[{\"@type\":\"SearchAction\",\"target\":{\"@type\":\"EntryPoint\",\"urlTemplate\":\"https:\\\/\\\/www.koonings.com\\\/fr\\\/?s={search_term_string}\"},\"query-input\":{\"@type\":\"PropertyValueSpecification\",\"valueRequired\":true,\"valueName\":\"search_term_string\"}}],\"inLanguage\":\"fr-FR\"},{\"@type\":\"Organization\",\"@id\":\"https:\\\/\\\/www.koonings.com\\\/fr\\\/#organization\",\"name\":\"Koonings\",\"url\":\"https:\\\/\\\/www.koonings.com\\\/fr\\\/\",\"logo\":{\"@type\":\"ImageObject\",\"inLanguage\":\"fr-FR\",\"@id\":\"https:\\\/\\\/www.koonings.com\\\/fr\\\/#\\\/schema\\\/logo\\\/image\\\/\",\"url\":\"https:\\\/\\\/www.koonings.com\\\/wp-content\\\/uploads\\\/2024\\\/07\\\/logo.png\",\"contentUrl\":\"https:\\\/\\\/www.koonings.com\\\/wp-content\\\/uploads\\\/2024\\\/07\\\/logo.png\",\"width\":600,\"height\":428,\"caption\":\"Koonings\"},\"image\":{\"@id\":\"https:\\\/\\\/www.koonings.com\\\/fr\\\/#\\\/schema\\\/logo\\\/image\\\/\"},\"sameAs\":[\"https:\\\/\\\/www.facebook.com\\\/kooningstheweddingpalace\",\"https:\\\/\\\/www.instagram.com\\\/kooningstheweddingpalace\",\"https:\\\/\\\/www.pinterest.com\\\/koonings\",\"https:\\\/\\\/www.youtube.com\\\/kooningstheweddingpalace\"]}]}<\/script>\n<!-- \/ Yoast SEO plugin. -->","yoast_head_json":{"title":"Elysee Saraiah | Koonings","description":"Le mod\u00e8le Saraiah est l\u00e0 pour apporter le facteur WOW \u00e0 votre mariage ! Cette superbe robe sir\u00e8ne pr\u00e9sente un magnifique d\u00e9collet\u00e9 en forme de c\u0153ur avec des manches amovibles et douces en tulle avec des appliques florales 3D complexes. Cette robe chatoyante est \u00e9galement dot\u00e9e d'une jupe en tulle \u00e9th\u00e9r\u00e9e et scintillante qui scintillera lors de votre passage \u00e0 l'autel.","robots":{"index":"index","follow":"follow","max-snippet":"max-snippet:-1","max-image-preview":"max-image-preview:large","max-video-preview":"max-video-preview:-1"},"canonical":"https:\/\/www.koonings.com\/fr\/product\/elysee-saraiah\/","og_locale":"fr_FR","og_type":"article","og_title":"Elysee Saraiah | Koonings","og_description":"Le mod\u00e8le Saraiah est l\u00e0 pour apporter le facteur WOW \u00e0 votre mariage ! Cette superbe robe sir\u00e8ne pr\u00e9sente un magnifique d\u00e9collet\u00e9 en forme de c\u0153ur avec des manches amovibles et douces en tulle avec des appliques florales 3D complexes. Cette robe chatoyante est \u00e9galement dot\u00e9e d'une jupe en tulle \u00e9th\u00e9r\u00e9e et scintillante qui scintillera lors de votre passage \u00e0 l'autel.","og_url":"https:\/\/www.koonings.com\/fr\/product\/elysee-saraiah\/","og_site_name":"Koonings","article_publisher":"https:\/\/www.facebook.com\/kooningstheweddingpalace","og_image":[{"width":1035,"height":1380,"url":"https:\/\/www.koonings.com\/wp-content\/uploads\/2024\/11\/38741_c4a9743dbedfe987cd1b010cfa6604ad8b4281bbcfbe7c0dccb2a62351833f4e03688cc6.jpeg","type":"image\/jpeg"}],"twitter_card":"summary_large_image","schema":{"@context":"https:\/\/schema.org","@graph":[{"@type":"WebPage","@id":"https:\/\/www.koonings.com\/fr\/product\/elysee-saraiah\/","url":"https:\/\/www.koonings.com\/fr\/product\/elysee-saraiah\/","name":"Elysee Saraiah | Koonings","isPartOf":{"@id":"https:\/\/www.koonings.com\/fr\/#website"},"primaryImageOfPage":{"@id":"https:\/\/www.koonings.com\/fr\/product\/elysee-saraiah\/#primaryimage"},"image":{"@id":"https:\/\/www.koonings.com\/fr\/product\/elysee-saraiah\/#primaryimage"},"thumbnailUrl":"https:\/\/www.koonings.com\/wp-content\/uploads\/2024\/11\/38741_c4a9743dbedfe987cd1b010cfa6604ad8b4281bbcfbe7c0dccb2a62351833f4e03688cc6.jpeg","datePublished":"2026-05-06T13:12:08+00:00","description":"Le mod\u00e8le Saraiah est l\u00e0 pour apporter le facteur WOW \u00e0 votre mariage ! Cette superbe robe sir\u00e8ne pr\u00e9sente un magnifique d\u00e9collet\u00e9 en forme de c\u0153ur avec des manches amovibles et douces en tulle avec des appliques florales 3D complexes. Cette robe chatoyante est \u00e9galement dot\u00e9e d'une jupe en tulle \u00e9th\u00e9r\u00e9e et scintillante qui scintillera lors de votre passage \u00e0 l'autel.","breadcrumb":{"@id":"https:\/\/www.koonings.com\/fr\/product\/elysee-saraiah\/#breadcrumb"},"inLanguage":"fr-FR","potentialAction":[{"@type":"ReadAction","target":["https:\/\/www.koonings.com\/fr\/product\/elysee-saraiah\/"]}]},{"@type":"ImageObject","inLanguage":"fr-FR","@id":"https:\/\/www.koonings.com\/fr\/product\/elysee-saraiah\/#primaryimage","url":"https:\/\/www.koonings.com\/wp-content\/uploads\/2024\/11\/38741_c4a9743dbedfe987cd1b010cfa6604ad8b4281bbcfbe7c0dccb2a62351833f4e03688cc6.jpeg","contentUrl":"https:\/\/www.koonings.com\/wp-content\/uploads\/2024\/11\/38741_c4a9743dbedfe987cd1b010cfa6604ad8b4281bbcfbe7c0dccb2a62351833f4e03688cc6.jpeg","width":1035,"height":1380},{"@type":"BreadcrumbList","@id":"https:\/\/www.koonings.com\/fr\/product\/elysee-saraiah\/#breadcrumb","itemListElement":[{"@type":"ListItem","position":1,"name":"Home","item":"https:\/\/www.koonings.com\/fr\/"},{"@type":"ListItem","position":2,"name":"Elysee Saraiah"}]},{"@type":"WebSite","@id":"https:\/\/www.koonings.com\/fr\/#website","url":"https:\/\/www.koonings.com\/fr\/","name":"Koonings","description":"De grootste bruidsmodewinkel ter wereld","publisher":{"@id":"https:\/\/www.koonings.com\/fr\/#organization"},"potentialAction":[{"@type":"SearchAction","target":{"@type":"EntryPoint","urlTemplate":"https:\/\/www.koonings.com\/fr\/?s={search_term_string}"},"query-input":{"@type":"PropertyValueSpecification","valueRequired":true,"valueName":"search_term_string"}}],"inLanguage":"fr-FR"},{"@type":"Organization","@id":"https:\/\/www.koonings.com\/fr\/#organization","name":"Koonings","url":"https:\/\/www.koonings.com\/fr\/","logo":{"@type":"ImageObject","inLanguage":"fr-FR","@id":"https:\/\/www.koonings.com\/fr\/#\/schema\/logo\/image\/","url":"https:\/\/www.koonings.com\/wp-content\/uploads\/2024\/07\/logo.png","contentUrl":"https:\/\/www.koonings.com\/wp-content\/uploads\/2024\/07\/logo.png","width":600,"height":428,"caption":"Koonings"},"image":{"@id":"https:\/\/www.koonings.com\/fr\/#\/schema\/logo\/image\/"},"sameAs":["https:\/\/www.facebook.com\/kooningstheweddingpalace","https:\/\/www.instagram.com\/kooningstheweddingpalace","https:\/\/www.pinterest.com\/koonings","https:\/\/www.youtube.com\/kooningstheweddingpalace"]}]}},"_links":{"self":[{"href":"https:\/\/www.koonings.com\/fr\/wp-json\/wp\/v2\/product\/57354","targetHints":{"allow":["GET"]}}],"collection":[{"href":"https:\/\/www.koonings.com\/fr\/wp-json\/wp\/v2\/product"}],"about":[{"href":"https:\/\/www.koonings.com\/fr\/wp-json\/wp\/v2\/types\/product"}],"wp:featuredmedia":[{"embeddable":true,"href":"https:\/\/www.koonings.com\/fr\/wp-json\/wp\/v2\/media\/38000"}],"wp:attachment":[{"href":"https:\/\/www.koonings.com\/fr\/wp-json\/wp\/v2\/media?parent=57354"}],"wp:term":[{"taxonomy":"productdetails","embeddable":true,"href":"https:\/\/www.koonings.com\/fr\/wp-json\/wp\/v2\/productdetails?post=57354"},{"taxonomy":"productneck","embeddable":true,"href":"https:\/\/www.koonings.com\/fr\/wp-json\/wp\/v2\/productneck?post=57354"},{"taxonomy":"productcolor","embeddable":true,"href":"https:\/\/www.koonings.com\/fr\/wp-json\/wp\/v2\/productcolor?post=57354"},{"taxonomy":"maat","embeddable":true,"href":"https:\/\/www.koonings.com\/fr\/wp-json\/wp\/v2\/maat?post=57354"},{"taxonomy":"productsupplier","embeddable":true,"href":"https:\/\/www.koonings.com\/fr\/wp-json\/wp\/v2\/productsupplier?post=57354"},{"taxonomy":"productsleeve","embeddable":true,"href":"https:\/\/www.koonings.com\/fr\/wp-json\/wp\/v2\/productsleeve?post=57354"},{"taxonomy":"productcategory","embeddable":true,"href":"https:\/\/www.koonings.com\/fr\/wp-json\/wp\/v2\/productcategory?post=57354"},{"taxonomy":"productsilhouette","embeddable":true,"href":"https:\/\/www.koonings.com\/fr\/wp-json\/wp\/v2\/productsilhouette?post=57354"},{"taxonomy":"productstyle","embeddable":true,"href":"https:\/\/www.koonings.com\/fr\/wp-json\/wp\/v2\/productstyle?post=57354"}],"curies":[{"name":"wp","href":"https:\/\/api.w.org\/{rel}","templated":true}]}}