{"id":57349,"date":"2025-12-15T00:16:34","date_gmt":"2025-12-14T23:16:34","guid":{"rendered":"https:\/\/www.koonings.com\/product\/pronovias-fashion-group-ceeylo-pr124bu4\/"},"modified":"2026-02-03T18:19:25","modified_gmt":"2026-02-03T17:19:25","slug":"pronovias-fashion-group-ceeylo-pr124bu4","status":"publish","type":"product","link":"https:\/\/www.koonings.com\/fr\/product\/pronovias-fashion-group-ceeylo-pr124bu4\/","title":{"rendered":"Pronovias Fashion Group Ceeylo PR124BU4"},"content":{"rendered":"<p>Les textures contrast\u00e9es des tissus sont \u00e0 la mode et magnifiquement rendues dans cette robe \u00e9tonnante et originale. Le corsage taille haute en dentelle illusion et la jupe en organza de soie sont parfaitement \u00e9quilibr\u00e9s par le s\u00e9duisant dos en trou de serrure. <\/p>\n","protected":false},"featured_media":38076,"template":"","meta":{"_acf_changed":false,"ghostkit_customizer_options":"","ghostkit_custom_css":"","ghostkit_custom_js_head":"","ghostkit_custom_js_foot":"","ghostkit_typography":""},"productdetails":[],"productneck":[350,351],"productcolor":[392],"maat":[],"productsupplier":[430],"productsleeve":[362],"productcategory":[18],"productsilhouette":[384],"productstyle":[],"class_list":["post-57349","product","type-product","status-publish","has-post-thumbnail","hentry","productneck-350","productneck-351","productcolor-392","productsupplier-pronovias-fashion-group","productsleeve-362","productcategory-trouwjurken","productsilhouette-384"],"acf":[],"yoast_head":"<!-- This site is optimized with the Yoast SEO plugin v27.3 - https:\/\/yoast.com\/product\/yoast-seo-wordpress\/ -->\n<title>Pronovias Fashion Group Ceeylo PR124BU4 | Koonings<\/title>\n<meta name=\"description\" content=\"Les textures contrast\u00e9es des tissus sont \u00e0 la mode et magnifiquement rendues dans cette robe \u00e9tonnante et originale. Le corsage taille haute en dentelle illusion et la jupe en organza de soie sont parfaitement \u00e9quilibr\u00e9s par le s\u00e9duisant dos en trou de serrure.\" \/>\n<meta name=\"robots\" content=\"index, follow, max-snippet:-1, max-image-preview:large, max-video-preview:-1\" \/>\n<link rel=\"canonical\" href=\"https:\/\/www.koonings.com\/fr\/product\/pronovias-fashion-group-ceeylo-pr124bu4\/\" \/>\n<meta property=\"og:locale\" content=\"fr_FR\" \/>\n<meta property=\"og:type\" content=\"article\" \/>\n<meta property=\"og:title\" content=\"Pronovias Fashion Group Ceeylo PR124BU4 | Koonings\" \/>\n<meta property=\"og:description\" content=\"Les textures contrast\u00e9es des tissus sont \u00e0 la mode et magnifiquement rendues dans cette robe \u00e9tonnante et originale. Le corsage taille haute en dentelle illusion et la jupe en organza de soie sont parfaitement \u00e9quilibr\u00e9s par le s\u00e9duisant dos en trou de serrure.\" \/>\n<meta property=\"og:url\" content=\"https:\/\/www.koonings.com\/fr\/product\/pronovias-fashion-group-ceeylo-pr124bu4\/\" \/>\n<meta property=\"og:site_name\" content=\"Koonings\" \/>\n<meta property=\"article:publisher\" content=\"https:\/\/www.facebook.com\/kooningstheweddingpalace\" \/>\n<meta property=\"article:modified_time\" content=\"2026-02-03T17:19:25+00:00\" \/>\n<meta property=\"og:image\" content=\"https:\/\/www.koonings.com\/wp-content\/uploads\/2024\/11\/38745_2bf78fa043296f7858d3021bb48fed30276c3a3e46a07a45880a95085763b62b45fd0524.jpeg\" \/>\n\t<meta property=\"og:image:width\" content=\"1441\" \/>\n\t<meta property=\"og:image:height\" content=\"2039\" \/>\n\t<meta property=\"og:image:type\" content=\"image\/jpeg\" \/>\n<meta name=\"twitter:card\" content=\"summary_large_image\" \/>\n<script type=\"application\/ld+json\" class=\"yoast-schema-graph\">{\"@context\":\"https:\\\/\\\/schema.org\",\"@graph\":[{\"@type\":\"WebPage\",\"@id\":\"https:\\\/\\\/www.koonings.com\\\/fr\\\/product\\\/pronovias-fashion-group-ceeylo-pr124bu4\\\/\",\"url\":\"https:\\\/\\\/www.koonings.com\\\/fr\\\/product\\\/pronovias-fashion-group-ceeylo-pr124bu4\\\/\",\"name\":\"Pronovias Fashion Group Ceeylo PR124BU4 | Koonings\",\"isPartOf\":{\"@id\":\"https:\\\/\\\/www.koonings.com\\\/fr\\\/#website\"},\"primaryImageOfPage\":{\"@id\":\"https:\\\/\\\/www.koonings.com\\\/fr\\\/product\\\/pronovias-fashion-group-ceeylo-pr124bu4\\\/#primaryimage\"},\"image\":{\"@id\":\"https:\\\/\\\/www.koonings.com\\\/fr\\\/product\\\/pronovias-fashion-group-ceeylo-pr124bu4\\\/#primaryimage\"},\"thumbnailUrl\":\"https:\\\/\\\/www.koonings.com\\\/wp-content\\\/uploads\\\/2024\\\/11\\\/38745_2bf78fa043296f7858d3021bb48fed30276c3a3e46a07a45880a95085763b62b45fd0524.jpeg\",\"datePublished\":\"2025-12-14T23:16:34+00:00\",\"dateModified\":\"2026-02-03T17:19:25+00:00\",\"description\":\"Les textures contrast\u00e9es des tissus sont \u00e0 la mode et magnifiquement rendues dans cette robe \u00e9tonnante et originale. Le corsage taille haute en dentelle illusion et la jupe en organza de soie sont parfaitement \u00e9quilibr\u00e9s par le s\u00e9duisant dos en trou de serrure.\",\"breadcrumb\":{\"@id\":\"https:\\\/\\\/www.koonings.com\\\/fr\\\/product\\\/pronovias-fashion-group-ceeylo-pr124bu4\\\/#breadcrumb\"},\"inLanguage\":\"fr-FR\",\"potentialAction\":[{\"@type\":\"ReadAction\",\"target\":[\"https:\\\/\\\/www.koonings.com\\\/fr\\\/product\\\/pronovias-fashion-group-ceeylo-pr124bu4\\\/\"]}]},{\"@type\":\"ImageObject\",\"inLanguage\":\"fr-FR\",\"@id\":\"https:\\\/\\\/www.koonings.com\\\/fr\\\/product\\\/pronovias-fashion-group-ceeylo-pr124bu4\\\/#primaryimage\",\"url\":\"https:\\\/\\\/www.koonings.com\\\/wp-content\\\/uploads\\\/2024\\\/11\\\/38745_2bf78fa043296f7858d3021bb48fed30276c3a3e46a07a45880a95085763b62b45fd0524.jpeg\",\"contentUrl\":\"https:\\\/\\\/www.koonings.com\\\/wp-content\\\/uploads\\\/2024\\\/11\\\/38745_2bf78fa043296f7858d3021bb48fed30276c3a3e46a07a45880a95085763b62b45fd0524.jpeg\",\"width\":1441,\"height\":2039},{\"@type\":\"BreadcrumbList\",\"@id\":\"https:\\\/\\\/www.koonings.com\\\/fr\\\/product\\\/pronovias-fashion-group-ceeylo-pr124bu4\\\/#breadcrumb\",\"itemListElement\":[{\"@type\":\"ListItem\",\"position\":1,\"name\":\"Home\",\"item\":\"https:\\\/\\\/www.koonings.com\\\/fr\\\/\"},{\"@type\":\"ListItem\",\"position\":2,\"name\":\"Pronovias Fashion Group Ceeylo PR124BU4\"}]},{\"@type\":\"WebSite\",\"@id\":\"https:\\\/\\\/www.koonings.com\\\/fr\\\/#website\",\"url\":\"https:\\\/\\\/www.koonings.com\\\/fr\\\/\",\"name\":\"Koonings\",\"description\":\"De grootste bruidsmodewinkel ter wereld\",\"publisher\":{\"@id\":\"https:\\\/\\\/www.koonings.com\\\/fr\\\/#organization\"},\"potentialAction\":[{\"@type\":\"SearchAction\",\"target\":{\"@type\":\"EntryPoint\",\"urlTemplate\":\"https:\\\/\\\/www.koonings.com\\\/fr\\\/?s={search_term_string}\"},\"query-input\":{\"@type\":\"PropertyValueSpecification\",\"valueRequired\":true,\"valueName\":\"search_term_string\"}}],\"inLanguage\":\"fr-FR\"},{\"@type\":\"Organization\",\"@id\":\"https:\\\/\\\/www.koonings.com\\\/fr\\\/#organization\",\"name\":\"Koonings\",\"url\":\"https:\\\/\\\/www.koonings.com\\\/fr\\\/\",\"logo\":{\"@type\":\"ImageObject\",\"inLanguage\":\"fr-FR\",\"@id\":\"https:\\\/\\\/www.koonings.com\\\/fr\\\/#\\\/schema\\\/logo\\\/image\\\/\",\"url\":\"https:\\\/\\\/www.koonings.com\\\/wp-content\\\/uploads\\\/2024\\\/07\\\/logo.png\",\"contentUrl\":\"https:\\\/\\\/www.koonings.com\\\/wp-content\\\/uploads\\\/2024\\\/07\\\/logo.png\",\"width\":600,\"height\":428,\"caption\":\"Koonings\"},\"image\":{\"@id\":\"https:\\\/\\\/www.koonings.com\\\/fr\\\/#\\\/schema\\\/logo\\\/image\\\/\"},\"sameAs\":[\"https:\\\/\\\/www.facebook.com\\\/kooningstheweddingpalace\",\"https:\\\/\\\/www.instagram.com\\\/kooningstheweddingpalace\",\"https:\\\/\\\/www.pinterest.com\\\/koonings\",\"https:\\\/\\\/www.youtube.com\\\/kooningstheweddingpalace\"]}]}<\/script>\n<!-- \/ Yoast SEO plugin. -->","yoast_head_json":{"title":"Pronovias Fashion Group Ceeylo PR124BU4 | Koonings","description":"Les textures contrast\u00e9es des tissus sont \u00e0 la mode et magnifiquement rendues dans cette robe \u00e9tonnante et originale. Le corsage taille haute en dentelle illusion et la jupe en organza de soie sont parfaitement \u00e9quilibr\u00e9s par le s\u00e9duisant dos en trou de serrure.","robots":{"index":"index","follow":"follow","max-snippet":"max-snippet:-1","max-image-preview":"max-image-preview:large","max-video-preview":"max-video-preview:-1"},"canonical":"https:\/\/www.koonings.com\/fr\/product\/pronovias-fashion-group-ceeylo-pr124bu4\/","og_locale":"fr_FR","og_type":"article","og_title":"Pronovias Fashion Group Ceeylo PR124BU4 | Koonings","og_description":"Les textures contrast\u00e9es des tissus sont \u00e0 la mode et magnifiquement rendues dans cette robe \u00e9tonnante et originale. Le corsage taille haute en dentelle illusion et la jupe en organza de soie sont parfaitement \u00e9quilibr\u00e9s par le s\u00e9duisant dos en trou de serrure.","og_url":"https:\/\/www.koonings.com\/fr\/product\/pronovias-fashion-group-ceeylo-pr124bu4\/","og_site_name":"Koonings","article_publisher":"https:\/\/www.facebook.com\/kooningstheweddingpalace","article_modified_time":"2026-02-03T17:19:25+00:00","og_image":[{"width":1441,"height":2039,"url":"https:\/\/www.koonings.com\/wp-content\/uploads\/2024\/11\/38745_2bf78fa043296f7858d3021bb48fed30276c3a3e46a07a45880a95085763b62b45fd0524.jpeg","type":"image\/jpeg"}],"twitter_card":"summary_large_image","schema":{"@context":"https:\/\/schema.org","@graph":[{"@type":"WebPage","@id":"https:\/\/www.koonings.com\/fr\/product\/pronovias-fashion-group-ceeylo-pr124bu4\/","url":"https:\/\/www.koonings.com\/fr\/product\/pronovias-fashion-group-ceeylo-pr124bu4\/","name":"Pronovias Fashion Group Ceeylo PR124BU4 | Koonings","isPartOf":{"@id":"https:\/\/www.koonings.com\/fr\/#website"},"primaryImageOfPage":{"@id":"https:\/\/www.koonings.com\/fr\/product\/pronovias-fashion-group-ceeylo-pr124bu4\/#primaryimage"},"image":{"@id":"https:\/\/www.koonings.com\/fr\/product\/pronovias-fashion-group-ceeylo-pr124bu4\/#primaryimage"},"thumbnailUrl":"https:\/\/www.koonings.com\/wp-content\/uploads\/2024\/11\/38745_2bf78fa043296f7858d3021bb48fed30276c3a3e46a07a45880a95085763b62b45fd0524.jpeg","datePublished":"2025-12-14T23:16:34+00:00","dateModified":"2026-02-03T17:19:25+00:00","description":"Les textures contrast\u00e9es des tissus sont \u00e0 la mode et magnifiquement rendues dans cette robe \u00e9tonnante et originale. Le corsage taille haute en dentelle illusion et la jupe en organza de soie sont parfaitement \u00e9quilibr\u00e9s par le s\u00e9duisant dos en trou de serrure.","breadcrumb":{"@id":"https:\/\/www.koonings.com\/fr\/product\/pronovias-fashion-group-ceeylo-pr124bu4\/#breadcrumb"},"inLanguage":"fr-FR","potentialAction":[{"@type":"ReadAction","target":["https:\/\/www.koonings.com\/fr\/product\/pronovias-fashion-group-ceeylo-pr124bu4\/"]}]},{"@type":"ImageObject","inLanguage":"fr-FR","@id":"https:\/\/www.koonings.com\/fr\/product\/pronovias-fashion-group-ceeylo-pr124bu4\/#primaryimage","url":"https:\/\/www.koonings.com\/wp-content\/uploads\/2024\/11\/38745_2bf78fa043296f7858d3021bb48fed30276c3a3e46a07a45880a95085763b62b45fd0524.jpeg","contentUrl":"https:\/\/www.koonings.com\/wp-content\/uploads\/2024\/11\/38745_2bf78fa043296f7858d3021bb48fed30276c3a3e46a07a45880a95085763b62b45fd0524.jpeg","width":1441,"height":2039},{"@type":"BreadcrumbList","@id":"https:\/\/www.koonings.com\/fr\/product\/pronovias-fashion-group-ceeylo-pr124bu4\/#breadcrumb","itemListElement":[{"@type":"ListItem","position":1,"name":"Home","item":"https:\/\/www.koonings.com\/fr\/"},{"@type":"ListItem","position":2,"name":"Pronovias Fashion Group Ceeylo PR124BU4"}]},{"@type":"WebSite","@id":"https:\/\/www.koonings.com\/fr\/#website","url":"https:\/\/www.koonings.com\/fr\/","name":"Koonings","description":"De grootste bruidsmodewinkel ter wereld","publisher":{"@id":"https:\/\/www.koonings.com\/fr\/#organization"},"potentialAction":[{"@type":"SearchAction","target":{"@type":"EntryPoint","urlTemplate":"https:\/\/www.koonings.com\/fr\/?s={search_term_string}"},"query-input":{"@type":"PropertyValueSpecification","valueRequired":true,"valueName":"search_term_string"}}],"inLanguage":"fr-FR"},{"@type":"Organization","@id":"https:\/\/www.koonings.com\/fr\/#organization","name":"Koonings","url":"https:\/\/www.koonings.com\/fr\/","logo":{"@type":"ImageObject","inLanguage":"fr-FR","@id":"https:\/\/www.koonings.com\/fr\/#\/schema\/logo\/image\/","url":"https:\/\/www.koonings.com\/wp-content\/uploads\/2024\/07\/logo.png","contentUrl":"https:\/\/www.koonings.com\/wp-content\/uploads\/2024\/07\/logo.png","width":600,"height":428,"caption":"Koonings"},"image":{"@id":"https:\/\/www.koonings.com\/fr\/#\/schema\/logo\/image\/"},"sameAs":["https:\/\/www.facebook.com\/kooningstheweddingpalace","https:\/\/www.instagram.com\/kooningstheweddingpalace","https:\/\/www.pinterest.com\/koonings","https:\/\/www.youtube.com\/kooningstheweddingpalace"]}]}},"_links":{"self":[{"href":"https:\/\/www.koonings.com\/fr\/wp-json\/wp\/v2\/product\/57349","targetHints":{"allow":["GET"]}}],"collection":[{"href":"https:\/\/www.koonings.com\/fr\/wp-json\/wp\/v2\/product"}],"about":[{"href":"https:\/\/www.koonings.com\/fr\/wp-json\/wp\/v2\/types\/product"}],"wp:featuredmedia":[{"embeddable":true,"href":"https:\/\/www.koonings.com\/fr\/wp-json\/wp\/v2\/media\/38076"}],"wp:attachment":[{"href":"https:\/\/www.koonings.com\/fr\/wp-json\/wp\/v2\/media?parent=57349"}],"wp:term":[{"taxonomy":"productdetails","embeddable":true,"href":"https:\/\/www.koonings.com\/fr\/wp-json\/wp\/v2\/productdetails?post=57349"},{"taxonomy":"productneck","embeddable":true,"href":"https:\/\/www.koonings.com\/fr\/wp-json\/wp\/v2\/productneck?post=57349"},{"taxonomy":"productcolor","embeddable":true,"href":"https:\/\/www.koonings.com\/fr\/wp-json\/wp\/v2\/productcolor?post=57349"},{"taxonomy":"maat","embeddable":true,"href":"https:\/\/www.koonings.com\/fr\/wp-json\/wp\/v2\/maat?post=57349"},{"taxonomy":"productsupplier","embeddable":true,"href":"https:\/\/www.koonings.com\/fr\/wp-json\/wp\/v2\/productsupplier?post=57349"},{"taxonomy":"productsleeve","embeddable":true,"href":"https:\/\/www.koonings.com\/fr\/wp-json\/wp\/v2\/productsleeve?post=57349"},{"taxonomy":"productcategory","embeddable":true,"href":"https:\/\/www.koonings.com\/fr\/wp-json\/wp\/v2\/productcategory?post=57349"},{"taxonomy":"productsilhouette","embeddable":true,"href":"https:\/\/www.koonings.com\/fr\/wp-json\/wp\/v2\/productsilhouette?post=57349"},{"taxonomy":"productstyle","embeddable":true,"href":"https:\/\/www.koonings.com\/fr\/wp-json\/wp\/v2\/productstyle?post=57349"}],"curies":[{"name":"wp","href":"https:\/\/api.w.org\/{rel}","templated":true}]}}