{"id":57338,"date":"2025-12-15T00:16:35","date_gmt":"2025-12-14T23:16:35","guid":{"rendered":"https:\/\/www.koonings.com\/product\/pronovias-fashion-group-hamptons-pr124bx2\/"},"modified":"2026-02-03T18:19:33","modified_gmt":"2026-02-03T17:19:33","slug":"pronovias-fashion-group-hamptons-pr124bx2","status":"publish","type":"product","link":"https:\/\/www.koonings.com\/fr\/product\/pronovias-fashion-group-hamptons-pr124bx2\/","title":{"rendered":"Pronovias Fashion Group Hamptons PR124BX2"},"content":{"rendered":"<p>Une version inhabituelle de la silhouette A-line. Les motifs floraux en dentelle qui ornent l&#8217;encolure haute et le dos en trou de serrure ajoutent une touche unique et audacieuse \u00e0 cet \u00e9l\u00e9gant classique. D\u00e9couvrez les derni\u00e8res collections de Pronovias dans le magnifique shop-in-shop de Koonings The Wedding Palace !  <\/p>\n","protected":false},"featured_media":38106,"template":"","meta":{"_acf_changed":false,"ghostkit_customizer_options":"","ghostkit_custom_css":"","ghostkit_custom_js_head":"","ghostkit_custom_js_foot":"","ghostkit_typography":""},"productdetails":[],"productneck":[350,351],"productcolor":[392],"maat":[],"productsupplier":[430],"productsleeve":[362],"productcategory":[18],"productsilhouette":[384,388],"productstyle":[372,366],"class_list":["post-57338","product","type-product","status-publish","has-post-thumbnail","hentry","productneck-350","productneck-351","productcolor-392","productsupplier-pronovias-fashion-group","productsleeve-362","productcategory-trouwjurken","productsilhouette-384","productsilhouette-388","productstyle-372","productstyle-366"],"acf":[],"yoast_head":"<!-- This site is optimized with the Yoast SEO plugin v27.3 - https:\/\/yoast.com\/product\/yoast-seo-wordpress\/ -->\n<title>Pronovias Fashion Group Hamptons PR124BX2 | Koonings<\/title>\n<meta name=\"description\" content=\"Une version inhabituelle de la silhouette A-line. Les motifs floraux en dentelle qui ornent l&#039;encolure haute et le dos en trou de serrure ajoutent une touche unique et audacieuse \u00e0 cet \u00e9l\u00e9gant classique. D\u00e9couvrez les derni\u00e8res collections de Pronovias dans le magnifique shop-in-shop de Koonings The Wedding Palace !\" \/>\n<meta name=\"robots\" content=\"index, follow, max-snippet:-1, max-image-preview:large, max-video-preview:-1\" \/>\n<link rel=\"canonical\" href=\"https:\/\/www.koonings.com\/fr\/product\/pronovias-fashion-group-hamptons-pr124bx2\/\" \/>\n<meta property=\"og:locale\" content=\"fr_FR\" \/>\n<meta property=\"og:type\" content=\"article\" \/>\n<meta property=\"og:title\" content=\"Pronovias Fashion Group Hamptons PR124BX2 | Koonings\" \/>\n<meta property=\"og:description\" content=\"Une version inhabituelle de la silhouette A-line. Les motifs floraux en dentelle qui ornent l&#039;encolure haute et le dos en trou de serrure ajoutent une touche unique et audacieuse \u00e0 cet \u00e9l\u00e9gant classique. D\u00e9couvrez les derni\u00e8res collections de Pronovias dans le magnifique shop-in-shop de Koonings The Wedding Palace !\" \/>\n<meta property=\"og:url\" content=\"https:\/\/www.koonings.com\/fr\/product\/pronovias-fashion-group-hamptons-pr124bx2\/\" \/>\n<meta property=\"og:site_name\" content=\"Koonings\" \/>\n<meta property=\"article:publisher\" content=\"https:\/\/www.facebook.com\/kooningstheweddingpalace\" \/>\n<meta property=\"article:modified_time\" content=\"2026-02-03T17:19:33+00:00\" \/>\n<meta property=\"og:image\" content=\"https:\/\/www.koonings.com\/wp-content\/uploads\/2024\/11\/38747_134e3d3f284a775c71538c48224160ba879d98e332e742806d5184510c835cc98c7646a3.jpeg\" \/>\n\t<meta property=\"og:image:width\" content=\"1364\" \/>\n\t<meta property=\"og:image:height\" content=\"1930\" \/>\n\t<meta property=\"og:image:type\" content=\"image\/jpeg\" \/>\n<meta name=\"twitter:card\" content=\"summary_large_image\" \/>\n<script type=\"application\/ld+json\" class=\"yoast-schema-graph\">{\"@context\":\"https:\\\/\\\/schema.org\",\"@graph\":[{\"@type\":\"WebPage\",\"@id\":\"https:\\\/\\\/www.koonings.com\\\/fr\\\/product\\\/pronovias-fashion-group-hamptons-pr124bx2\\\/\",\"url\":\"https:\\\/\\\/www.koonings.com\\\/fr\\\/product\\\/pronovias-fashion-group-hamptons-pr124bx2\\\/\",\"name\":\"Pronovias Fashion Group Hamptons PR124BX2 | Koonings\",\"isPartOf\":{\"@id\":\"https:\\\/\\\/www.koonings.com\\\/fr\\\/#website\"},\"primaryImageOfPage\":{\"@id\":\"https:\\\/\\\/www.koonings.com\\\/fr\\\/product\\\/pronovias-fashion-group-hamptons-pr124bx2\\\/#primaryimage\"},\"image\":{\"@id\":\"https:\\\/\\\/www.koonings.com\\\/fr\\\/product\\\/pronovias-fashion-group-hamptons-pr124bx2\\\/#primaryimage\"},\"thumbnailUrl\":\"https:\\\/\\\/www.koonings.com\\\/wp-content\\\/uploads\\\/2024\\\/11\\\/38747_134e3d3f284a775c71538c48224160ba879d98e332e742806d5184510c835cc98c7646a3.jpeg\",\"datePublished\":\"2025-12-14T23:16:35+00:00\",\"dateModified\":\"2026-02-03T17:19:33+00:00\",\"description\":\"Une version inhabituelle de la silhouette A-line. Les motifs floraux en dentelle qui ornent l'encolure haute et le dos en trou de serrure ajoutent une touche unique et audacieuse \u00e0 cet \u00e9l\u00e9gant classique. D\u00e9couvrez les derni\u00e8res collections de Pronovias dans le magnifique shop-in-shop de Koonings The Wedding Palace !\",\"breadcrumb\":{\"@id\":\"https:\\\/\\\/www.koonings.com\\\/fr\\\/product\\\/pronovias-fashion-group-hamptons-pr124bx2\\\/#breadcrumb\"},\"inLanguage\":\"fr-FR\",\"potentialAction\":[{\"@type\":\"ReadAction\",\"target\":[\"https:\\\/\\\/www.koonings.com\\\/fr\\\/product\\\/pronovias-fashion-group-hamptons-pr124bx2\\\/\"]}]},{\"@type\":\"ImageObject\",\"inLanguage\":\"fr-FR\",\"@id\":\"https:\\\/\\\/www.koonings.com\\\/fr\\\/product\\\/pronovias-fashion-group-hamptons-pr124bx2\\\/#primaryimage\",\"url\":\"https:\\\/\\\/www.koonings.com\\\/wp-content\\\/uploads\\\/2024\\\/11\\\/38747_134e3d3f284a775c71538c48224160ba879d98e332e742806d5184510c835cc98c7646a3.jpeg\",\"contentUrl\":\"https:\\\/\\\/www.koonings.com\\\/wp-content\\\/uploads\\\/2024\\\/11\\\/38747_134e3d3f284a775c71538c48224160ba879d98e332e742806d5184510c835cc98c7646a3.jpeg\",\"width\":1364,\"height\":1930},{\"@type\":\"BreadcrumbList\",\"@id\":\"https:\\\/\\\/www.koonings.com\\\/fr\\\/product\\\/pronovias-fashion-group-hamptons-pr124bx2\\\/#breadcrumb\",\"itemListElement\":[{\"@type\":\"ListItem\",\"position\":1,\"name\":\"Home\",\"item\":\"https:\\\/\\\/www.koonings.com\\\/fr\\\/\"},{\"@type\":\"ListItem\",\"position\":2,\"name\":\"Pronovias Fashion Group Hamptons PR124BX2\"}]},{\"@type\":\"WebSite\",\"@id\":\"https:\\\/\\\/www.koonings.com\\\/fr\\\/#website\",\"url\":\"https:\\\/\\\/www.koonings.com\\\/fr\\\/\",\"name\":\"Koonings\",\"description\":\"De grootste bruidsmodewinkel ter wereld\",\"publisher\":{\"@id\":\"https:\\\/\\\/www.koonings.com\\\/fr\\\/#organization\"},\"potentialAction\":[{\"@type\":\"SearchAction\",\"target\":{\"@type\":\"EntryPoint\",\"urlTemplate\":\"https:\\\/\\\/www.koonings.com\\\/fr\\\/?s={search_term_string}\"},\"query-input\":{\"@type\":\"PropertyValueSpecification\",\"valueRequired\":true,\"valueName\":\"search_term_string\"}}],\"inLanguage\":\"fr-FR\"},{\"@type\":\"Organization\",\"@id\":\"https:\\\/\\\/www.koonings.com\\\/fr\\\/#organization\",\"name\":\"Koonings\",\"url\":\"https:\\\/\\\/www.koonings.com\\\/fr\\\/\",\"logo\":{\"@type\":\"ImageObject\",\"inLanguage\":\"fr-FR\",\"@id\":\"https:\\\/\\\/www.koonings.com\\\/fr\\\/#\\\/schema\\\/logo\\\/image\\\/\",\"url\":\"https:\\\/\\\/www.koonings.com\\\/wp-content\\\/uploads\\\/2024\\\/07\\\/logo.png\",\"contentUrl\":\"https:\\\/\\\/www.koonings.com\\\/wp-content\\\/uploads\\\/2024\\\/07\\\/logo.png\",\"width\":600,\"height\":428,\"caption\":\"Koonings\"},\"image\":{\"@id\":\"https:\\\/\\\/www.koonings.com\\\/fr\\\/#\\\/schema\\\/logo\\\/image\\\/\"},\"sameAs\":[\"https:\\\/\\\/www.facebook.com\\\/kooningstheweddingpalace\",\"https:\\\/\\\/www.instagram.com\\\/kooningstheweddingpalace\",\"https:\\\/\\\/www.pinterest.com\\\/koonings\",\"https:\\\/\\\/www.youtube.com\\\/kooningstheweddingpalace\"]}]}<\/script>\n<!-- \/ Yoast SEO plugin. -->","yoast_head_json":{"title":"Pronovias Fashion Group Hamptons PR124BX2 | Koonings","description":"Une version inhabituelle de la silhouette A-line. Les motifs floraux en dentelle qui ornent l'encolure haute et le dos en trou de serrure ajoutent une touche unique et audacieuse \u00e0 cet \u00e9l\u00e9gant classique. D\u00e9couvrez les derni\u00e8res collections de Pronovias dans le magnifique shop-in-shop de Koonings The Wedding Palace !","robots":{"index":"index","follow":"follow","max-snippet":"max-snippet:-1","max-image-preview":"max-image-preview:large","max-video-preview":"max-video-preview:-1"},"canonical":"https:\/\/www.koonings.com\/fr\/product\/pronovias-fashion-group-hamptons-pr124bx2\/","og_locale":"fr_FR","og_type":"article","og_title":"Pronovias Fashion Group Hamptons PR124BX2 | Koonings","og_description":"Une version inhabituelle de la silhouette A-line. Les motifs floraux en dentelle qui ornent l'encolure haute et le dos en trou de serrure ajoutent une touche unique et audacieuse \u00e0 cet \u00e9l\u00e9gant classique. D\u00e9couvrez les derni\u00e8res collections de Pronovias dans le magnifique shop-in-shop de Koonings The Wedding Palace !","og_url":"https:\/\/www.koonings.com\/fr\/product\/pronovias-fashion-group-hamptons-pr124bx2\/","og_site_name":"Koonings","article_publisher":"https:\/\/www.facebook.com\/kooningstheweddingpalace","article_modified_time":"2026-02-03T17:19:33+00:00","og_image":[{"width":1364,"height":1930,"url":"https:\/\/www.koonings.com\/wp-content\/uploads\/2024\/11\/38747_134e3d3f284a775c71538c48224160ba879d98e332e742806d5184510c835cc98c7646a3.jpeg","type":"image\/jpeg"}],"twitter_card":"summary_large_image","schema":{"@context":"https:\/\/schema.org","@graph":[{"@type":"WebPage","@id":"https:\/\/www.koonings.com\/fr\/product\/pronovias-fashion-group-hamptons-pr124bx2\/","url":"https:\/\/www.koonings.com\/fr\/product\/pronovias-fashion-group-hamptons-pr124bx2\/","name":"Pronovias Fashion Group Hamptons PR124BX2 | Koonings","isPartOf":{"@id":"https:\/\/www.koonings.com\/fr\/#website"},"primaryImageOfPage":{"@id":"https:\/\/www.koonings.com\/fr\/product\/pronovias-fashion-group-hamptons-pr124bx2\/#primaryimage"},"image":{"@id":"https:\/\/www.koonings.com\/fr\/product\/pronovias-fashion-group-hamptons-pr124bx2\/#primaryimage"},"thumbnailUrl":"https:\/\/www.koonings.com\/wp-content\/uploads\/2024\/11\/38747_134e3d3f284a775c71538c48224160ba879d98e332e742806d5184510c835cc98c7646a3.jpeg","datePublished":"2025-12-14T23:16:35+00:00","dateModified":"2026-02-03T17:19:33+00:00","description":"Une version inhabituelle de la silhouette A-line. Les motifs floraux en dentelle qui ornent l'encolure haute et le dos en trou de serrure ajoutent une touche unique et audacieuse \u00e0 cet \u00e9l\u00e9gant classique. D\u00e9couvrez les derni\u00e8res collections de Pronovias dans le magnifique shop-in-shop de Koonings The Wedding Palace !","breadcrumb":{"@id":"https:\/\/www.koonings.com\/fr\/product\/pronovias-fashion-group-hamptons-pr124bx2\/#breadcrumb"},"inLanguage":"fr-FR","potentialAction":[{"@type":"ReadAction","target":["https:\/\/www.koonings.com\/fr\/product\/pronovias-fashion-group-hamptons-pr124bx2\/"]}]},{"@type":"ImageObject","inLanguage":"fr-FR","@id":"https:\/\/www.koonings.com\/fr\/product\/pronovias-fashion-group-hamptons-pr124bx2\/#primaryimage","url":"https:\/\/www.koonings.com\/wp-content\/uploads\/2024\/11\/38747_134e3d3f284a775c71538c48224160ba879d98e332e742806d5184510c835cc98c7646a3.jpeg","contentUrl":"https:\/\/www.koonings.com\/wp-content\/uploads\/2024\/11\/38747_134e3d3f284a775c71538c48224160ba879d98e332e742806d5184510c835cc98c7646a3.jpeg","width":1364,"height":1930},{"@type":"BreadcrumbList","@id":"https:\/\/www.koonings.com\/fr\/product\/pronovias-fashion-group-hamptons-pr124bx2\/#breadcrumb","itemListElement":[{"@type":"ListItem","position":1,"name":"Home","item":"https:\/\/www.koonings.com\/fr\/"},{"@type":"ListItem","position":2,"name":"Pronovias Fashion Group Hamptons PR124BX2"}]},{"@type":"WebSite","@id":"https:\/\/www.koonings.com\/fr\/#website","url":"https:\/\/www.koonings.com\/fr\/","name":"Koonings","description":"De grootste bruidsmodewinkel ter wereld","publisher":{"@id":"https:\/\/www.koonings.com\/fr\/#organization"},"potentialAction":[{"@type":"SearchAction","target":{"@type":"EntryPoint","urlTemplate":"https:\/\/www.koonings.com\/fr\/?s={search_term_string}"},"query-input":{"@type":"PropertyValueSpecification","valueRequired":true,"valueName":"search_term_string"}}],"inLanguage":"fr-FR"},{"@type":"Organization","@id":"https:\/\/www.koonings.com\/fr\/#organization","name":"Koonings","url":"https:\/\/www.koonings.com\/fr\/","logo":{"@type":"ImageObject","inLanguage":"fr-FR","@id":"https:\/\/www.koonings.com\/fr\/#\/schema\/logo\/image\/","url":"https:\/\/www.koonings.com\/wp-content\/uploads\/2024\/07\/logo.png","contentUrl":"https:\/\/www.koonings.com\/wp-content\/uploads\/2024\/07\/logo.png","width":600,"height":428,"caption":"Koonings"},"image":{"@id":"https:\/\/www.koonings.com\/fr\/#\/schema\/logo\/image\/"},"sameAs":["https:\/\/www.facebook.com\/kooningstheweddingpalace","https:\/\/www.instagram.com\/kooningstheweddingpalace","https:\/\/www.pinterest.com\/koonings","https:\/\/www.youtube.com\/kooningstheweddingpalace"]}]}},"_links":{"self":[{"href":"https:\/\/www.koonings.com\/fr\/wp-json\/wp\/v2\/product\/57338","targetHints":{"allow":["GET"]}}],"collection":[{"href":"https:\/\/www.koonings.com\/fr\/wp-json\/wp\/v2\/product"}],"about":[{"href":"https:\/\/www.koonings.com\/fr\/wp-json\/wp\/v2\/types\/product"}],"wp:featuredmedia":[{"embeddable":true,"href":"https:\/\/www.koonings.com\/fr\/wp-json\/wp\/v2\/media\/38106"}],"wp:attachment":[{"href":"https:\/\/www.koonings.com\/fr\/wp-json\/wp\/v2\/media?parent=57338"}],"wp:term":[{"taxonomy":"productdetails","embeddable":true,"href":"https:\/\/www.koonings.com\/fr\/wp-json\/wp\/v2\/productdetails?post=57338"},{"taxonomy":"productneck","embeddable":true,"href":"https:\/\/www.koonings.com\/fr\/wp-json\/wp\/v2\/productneck?post=57338"},{"taxonomy":"productcolor","embeddable":true,"href":"https:\/\/www.koonings.com\/fr\/wp-json\/wp\/v2\/productcolor?post=57338"},{"taxonomy":"maat","embeddable":true,"href":"https:\/\/www.koonings.com\/fr\/wp-json\/wp\/v2\/maat?post=57338"},{"taxonomy":"productsupplier","embeddable":true,"href":"https:\/\/www.koonings.com\/fr\/wp-json\/wp\/v2\/productsupplier?post=57338"},{"taxonomy":"productsleeve","embeddable":true,"href":"https:\/\/www.koonings.com\/fr\/wp-json\/wp\/v2\/productsleeve?post=57338"},{"taxonomy":"productcategory","embeddable":true,"href":"https:\/\/www.koonings.com\/fr\/wp-json\/wp\/v2\/productcategory?post=57338"},{"taxonomy":"productsilhouette","embeddable":true,"href":"https:\/\/www.koonings.com\/fr\/wp-json\/wp\/v2\/productsilhouette?post=57338"},{"taxonomy":"productstyle","embeddable":true,"href":"https:\/\/www.koonings.com\/fr\/wp-json\/wp\/v2\/productstyle?post=57338"}],"curies":[{"name":"wp","href":"https:\/\/api.w.org\/{rel}","templated":true}]}}