{"id":57295,"date":"2026-04-28T18:12:05","date_gmt":"2026-04-28T16:12:05","guid":{"rendered":"https:\/\/www.koonings.com\/product\/jesus-peiro-2421a\/"},"modified":"2026-02-16T14:37:16","modified_gmt":"2026-02-16T13:37:16","slug":"jesus-peiro-2421a","status":"publish","type":"product","link":"https:\/\/www.koonings.com\/fr\/product\/jesus-peiro-2421a\/","title":{"rendered":"J\u00e9sus Peiro 2421A"},"content":{"rendered":"<p>Magnifique robe colonne en cr\u00eape avec une combinaison de caract\u00e9ristiques triangulaires. On reconna\u00eet une robe de mari\u00e9e Jesus Peiro \u00e0 sa simplicit\u00e9 et \u00e0 son \u00e9l\u00e9gance et, dans la derni\u00e8re collection, cela semble une fois de plus avoir \u00e9t\u00e9 la base parfaite pour une foule de joyaux uniques de robes de mari\u00e9e ! Vous \u00eates une future mari\u00e9e qui appr\u00e9cie l&#8217;\u00e9l\u00e9gance et le style, qui est en avance sur toutes les tendances et qui aime briser les traditions en choisissant l&#8217;excentricit\u00e9 qui fait ressortir le meilleur de votre personnalit\u00e9 ?  <\/p>\n","protected":false},"featured_media":38416,"template":"","meta":{"_acf_changed":false,"ghostkit_customizer_options":"","ghostkit_custom_css":"","ghostkit_custom_js_head":"","ghostkit_custom_js_foot":"","ghostkit_typography":""},"productdetails":[],"productneck":[356],"productcolor":[392],"maat":[],"productsupplier":[408],"productsleeve":[360],"productcategory":[18],"productsilhouette":[384,389],"productstyle":[],"class_list":["post-57295","product","type-product","status-publish","has-post-thumbnail","hentry","productneck-356","productcolor-392","productsupplier-jesus-peiro","productsleeve-360","productcategory-trouwjurken","productsilhouette-384","productsilhouette-389"],"acf":[],"yoast_head":"<!-- This site is optimized with the Yoast SEO plugin v27.3 - https:\/\/yoast.com\/product\/yoast-seo-wordpress\/ -->\n<title>J\u00e9sus Peiro 2421A | Koonings<\/title>\n<meta name=\"description\" content=\"Magnifique robe colonne en cr\u00eape avec une combinaison de caract\u00e9ristiques triangulaires. On reconna\u00eet une robe de mari\u00e9e Jesus Peiro \u00e0 sa simplicit\u00e9 et \u00e0 son \u00e9l\u00e9gance et, dans la derni\u00e8re collection, cela semble une fois de plus avoir \u00e9t\u00e9 la base parfaite pour une foule de joyaux uniques de robes de mari\u00e9e ! Vous \u00eates une future mari\u00e9e qui appr\u00e9cie l&#039;\u00e9l\u00e9gance et le style, qui est en avance sur toutes les tendances et qui aime briser les traditions en choisissant l&#039;excentricit\u00e9 qui fait ressortir le meilleur de votre personnalit\u00e9 ?\" \/>\n<meta name=\"robots\" content=\"index, follow, max-snippet:-1, max-image-preview:large, max-video-preview:-1\" \/>\n<link rel=\"canonical\" href=\"https:\/\/www.koonings.com\/fr\/product\/jesus-peiro-2421a\/\" \/>\n<meta property=\"og:locale\" content=\"fr_FR\" \/>\n<meta property=\"og:type\" content=\"article\" \/>\n<meta property=\"og:title\" content=\"J\u00e9sus Peiro 2421A | Koonings\" \/>\n<meta property=\"og:description\" content=\"Magnifique robe colonne en cr\u00eape avec une combinaison de caract\u00e9ristiques triangulaires. On reconna\u00eet une robe de mari\u00e9e Jesus Peiro \u00e0 sa simplicit\u00e9 et \u00e0 son \u00e9l\u00e9gance et, dans la derni\u00e8re collection, cela semble une fois de plus avoir \u00e9t\u00e9 la base parfaite pour une foule de joyaux uniques de robes de mari\u00e9e ! Vous \u00eates une future mari\u00e9e qui appr\u00e9cie l&#039;\u00e9l\u00e9gance et le style, qui est en avance sur toutes les tendances et qui aime briser les traditions en choisissant l&#039;excentricit\u00e9 qui fait ressortir le meilleur de votre personnalit\u00e9 ?\" \/>\n<meta property=\"og:url\" content=\"https:\/\/www.koonings.com\/fr\/product\/jesus-peiro-2421a\/\" \/>\n<meta property=\"og:site_name\" content=\"Koonings\" \/>\n<meta property=\"article:publisher\" content=\"https:\/\/www.facebook.com\/kooningstheweddingpalace\" \/>\n<meta property=\"og:image\" content=\"https:\/\/www.koonings.com\/wp-content\/uploads\/2024\/11\/38784_3da3959b07384e8f020af25e3a2612da78be5ee4b09ba3abaf97a840683ea48b1b9df3fd-scaled.jpeg\" \/>\n\t<meta property=\"og:image:width\" content=\"1808\" \/>\n\t<meta property=\"og:image:height\" content=\"2560\" \/>\n\t<meta property=\"og:image:type\" content=\"image\/jpeg\" \/>\n<meta name=\"twitter:card\" content=\"summary_large_image\" \/>\n<script type=\"application\/ld+json\" class=\"yoast-schema-graph\">{\"@context\":\"https:\\\/\\\/schema.org\",\"@graph\":[{\"@type\":\"WebPage\",\"@id\":\"https:\\\/\\\/www.koonings.com\\\/fr\\\/product\\\/jesus-peiro-2421a\\\/\",\"url\":\"https:\\\/\\\/www.koonings.com\\\/fr\\\/product\\\/jesus-peiro-2421a\\\/\",\"name\":\"J\u00e9sus Peiro 2421A | Koonings\",\"isPartOf\":{\"@id\":\"https:\\\/\\\/www.koonings.com\\\/fr\\\/#website\"},\"primaryImageOfPage\":{\"@id\":\"https:\\\/\\\/www.koonings.com\\\/fr\\\/product\\\/jesus-peiro-2421a\\\/#primaryimage\"},\"image\":{\"@id\":\"https:\\\/\\\/www.koonings.com\\\/fr\\\/product\\\/jesus-peiro-2421a\\\/#primaryimage\"},\"thumbnailUrl\":\"https:\\\/\\\/www.koonings.com\\\/wp-content\\\/uploads\\\/2024\\\/11\\\/38784_3da3959b07384e8f020af25e3a2612da78be5ee4b09ba3abaf97a840683ea48b1b9df3fd-scaled.jpeg\",\"datePublished\":\"2026-04-28T16:12:05+00:00\",\"description\":\"Magnifique robe colonne en cr\u00eape avec une combinaison de caract\u00e9ristiques triangulaires. On reconna\u00eet une robe de mari\u00e9e Jesus Peiro \u00e0 sa simplicit\u00e9 et \u00e0 son \u00e9l\u00e9gance et, dans la derni\u00e8re collection, cela semble une fois de plus avoir \u00e9t\u00e9 la base parfaite pour une foule de joyaux uniques de robes de mari\u00e9e ! Vous \u00eates une future mari\u00e9e qui appr\u00e9cie l'\u00e9l\u00e9gance et le style, qui est en avance sur toutes les tendances et qui aime briser les traditions en choisissant l'excentricit\u00e9 qui fait ressortir le meilleur de votre personnalit\u00e9 ?\",\"breadcrumb\":{\"@id\":\"https:\\\/\\\/www.koonings.com\\\/fr\\\/product\\\/jesus-peiro-2421a\\\/#breadcrumb\"},\"inLanguage\":\"fr-FR\",\"potentialAction\":[{\"@type\":\"ReadAction\",\"target\":[\"https:\\\/\\\/www.koonings.com\\\/fr\\\/product\\\/jesus-peiro-2421a\\\/\"]}]},{\"@type\":\"ImageObject\",\"inLanguage\":\"fr-FR\",\"@id\":\"https:\\\/\\\/www.koonings.com\\\/fr\\\/product\\\/jesus-peiro-2421a\\\/#primaryimage\",\"url\":\"https:\\\/\\\/www.koonings.com\\\/wp-content\\\/uploads\\\/2024\\\/11\\\/38784_3da3959b07384e8f020af25e3a2612da78be5ee4b09ba3abaf97a840683ea48b1b9df3fd-scaled.jpeg\",\"contentUrl\":\"https:\\\/\\\/www.koonings.com\\\/wp-content\\\/uploads\\\/2024\\\/11\\\/38784_3da3959b07384e8f020af25e3a2612da78be5ee4b09ba3abaf97a840683ea48b1b9df3fd-scaled.jpeg\",\"width\":1808,\"height\":2560},{\"@type\":\"BreadcrumbList\",\"@id\":\"https:\\\/\\\/www.koonings.com\\\/fr\\\/product\\\/jesus-peiro-2421a\\\/#breadcrumb\",\"itemListElement\":[{\"@type\":\"ListItem\",\"position\":1,\"name\":\"Home\",\"item\":\"https:\\\/\\\/www.koonings.com\\\/fr\\\/\"},{\"@type\":\"ListItem\",\"position\":2,\"name\":\"J\u00e9sus Peiro 2421A\"}]},{\"@type\":\"WebSite\",\"@id\":\"https:\\\/\\\/www.koonings.com\\\/fr\\\/#website\",\"url\":\"https:\\\/\\\/www.koonings.com\\\/fr\\\/\",\"name\":\"Koonings\",\"description\":\"De grootste bruidsmodewinkel ter wereld\",\"publisher\":{\"@id\":\"https:\\\/\\\/www.koonings.com\\\/fr\\\/#organization\"},\"potentialAction\":[{\"@type\":\"SearchAction\",\"target\":{\"@type\":\"EntryPoint\",\"urlTemplate\":\"https:\\\/\\\/www.koonings.com\\\/fr\\\/?s={search_term_string}\"},\"query-input\":{\"@type\":\"PropertyValueSpecification\",\"valueRequired\":true,\"valueName\":\"search_term_string\"}}],\"inLanguage\":\"fr-FR\"},{\"@type\":\"Organization\",\"@id\":\"https:\\\/\\\/www.koonings.com\\\/fr\\\/#organization\",\"name\":\"Koonings\",\"url\":\"https:\\\/\\\/www.koonings.com\\\/fr\\\/\",\"logo\":{\"@type\":\"ImageObject\",\"inLanguage\":\"fr-FR\",\"@id\":\"https:\\\/\\\/www.koonings.com\\\/fr\\\/#\\\/schema\\\/logo\\\/image\\\/\",\"url\":\"https:\\\/\\\/www.koonings.com\\\/wp-content\\\/uploads\\\/2024\\\/07\\\/logo.png\",\"contentUrl\":\"https:\\\/\\\/www.koonings.com\\\/wp-content\\\/uploads\\\/2024\\\/07\\\/logo.png\",\"width\":600,\"height\":428,\"caption\":\"Koonings\"},\"image\":{\"@id\":\"https:\\\/\\\/www.koonings.com\\\/fr\\\/#\\\/schema\\\/logo\\\/image\\\/\"},\"sameAs\":[\"https:\\\/\\\/www.facebook.com\\\/kooningstheweddingpalace\",\"https:\\\/\\\/www.instagram.com\\\/kooningstheweddingpalace\",\"https:\\\/\\\/www.pinterest.com\\\/koonings\",\"https:\\\/\\\/www.youtube.com\\\/kooningstheweddingpalace\"]}]}<\/script>\n<!-- \/ Yoast SEO plugin. -->","yoast_head_json":{"title":"J\u00e9sus Peiro 2421A | Koonings","description":"Magnifique robe colonne en cr\u00eape avec une combinaison de caract\u00e9ristiques triangulaires. On reconna\u00eet une robe de mari\u00e9e Jesus Peiro \u00e0 sa simplicit\u00e9 et \u00e0 son \u00e9l\u00e9gance et, dans la derni\u00e8re collection, cela semble une fois de plus avoir \u00e9t\u00e9 la base parfaite pour une foule de joyaux uniques de robes de mari\u00e9e ! Vous \u00eates une future mari\u00e9e qui appr\u00e9cie l'\u00e9l\u00e9gance et le style, qui est en avance sur toutes les tendances et qui aime briser les traditions en choisissant l'excentricit\u00e9 qui fait ressortir le meilleur de votre personnalit\u00e9 ?","robots":{"index":"index","follow":"follow","max-snippet":"max-snippet:-1","max-image-preview":"max-image-preview:large","max-video-preview":"max-video-preview:-1"},"canonical":"https:\/\/www.koonings.com\/fr\/product\/jesus-peiro-2421a\/","og_locale":"fr_FR","og_type":"article","og_title":"J\u00e9sus Peiro 2421A | Koonings","og_description":"Magnifique robe colonne en cr\u00eape avec une combinaison de caract\u00e9ristiques triangulaires. On reconna\u00eet une robe de mari\u00e9e Jesus Peiro \u00e0 sa simplicit\u00e9 et \u00e0 son \u00e9l\u00e9gance et, dans la derni\u00e8re collection, cela semble une fois de plus avoir \u00e9t\u00e9 la base parfaite pour une foule de joyaux uniques de robes de mari\u00e9e ! Vous \u00eates une future mari\u00e9e qui appr\u00e9cie l'\u00e9l\u00e9gance et le style, qui est en avance sur toutes les tendances et qui aime briser les traditions en choisissant l'excentricit\u00e9 qui fait ressortir le meilleur de votre personnalit\u00e9 ?","og_url":"https:\/\/www.koonings.com\/fr\/product\/jesus-peiro-2421a\/","og_site_name":"Koonings","article_publisher":"https:\/\/www.facebook.com\/kooningstheweddingpalace","og_image":[{"width":1808,"height":2560,"url":"https:\/\/www.koonings.com\/wp-content\/uploads\/2024\/11\/38784_3da3959b07384e8f020af25e3a2612da78be5ee4b09ba3abaf97a840683ea48b1b9df3fd-scaled.jpeg","type":"image\/jpeg"}],"twitter_card":"summary_large_image","schema":{"@context":"https:\/\/schema.org","@graph":[{"@type":"WebPage","@id":"https:\/\/www.koonings.com\/fr\/product\/jesus-peiro-2421a\/","url":"https:\/\/www.koonings.com\/fr\/product\/jesus-peiro-2421a\/","name":"J\u00e9sus Peiro 2421A | Koonings","isPartOf":{"@id":"https:\/\/www.koonings.com\/fr\/#website"},"primaryImageOfPage":{"@id":"https:\/\/www.koonings.com\/fr\/product\/jesus-peiro-2421a\/#primaryimage"},"image":{"@id":"https:\/\/www.koonings.com\/fr\/product\/jesus-peiro-2421a\/#primaryimage"},"thumbnailUrl":"https:\/\/www.koonings.com\/wp-content\/uploads\/2024\/11\/38784_3da3959b07384e8f020af25e3a2612da78be5ee4b09ba3abaf97a840683ea48b1b9df3fd-scaled.jpeg","datePublished":"2026-04-28T16:12:05+00:00","description":"Magnifique robe colonne en cr\u00eape avec une combinaison de caract\u00e9ristiques triangulaires. On reconna\u00eet une robe de mari\u00e9e Jesus Peiro \u00e0 sa simplicit\u00e9 et \u00e0 son \u00e9l\u00e9gance et, dans la derni\u00e8re collection, cela semble une fois de plus avoir \u00e9t\u00e9 la base parfaite pour une foule de joyaux uniques de robes de mari\u00e9e ! Vous \u00eates une future mari\u00e9e qui appr\u00e9cie l'\u00e9l\u00e9gance et le style, qui est en avance sur toutes les tendances et qui aime briser les traditions en choisissant l'excentricit\u00e9 qui fait ressortir le meilleur de votre personnalit\u00e9 ?","breadcrumb":{"@id":"https:\/\/www.koonings.com\/fr\/product\/jesus-peiro-2421a\/#breadcrumb"},"inLanguage":"fr-FR","potentialAction":[{"@type":"ReadAction","target":["https:\/\/www.koonings.com\/fr\/product\/jesus-peiro-2421a\/"]}]},{"@type":"ImageObject","inLanguage":"fr-FR","@id":"https:\/\/www.koonings.com\/fr\/product\/jesus-peiro-2421a\/#primaryimage","url":"https:\/\/www.koonings.com\/wp-content\/uploads\/2024\/11\/38784_3da3959b07384e8f020af25e3a2612da78be5ee4b09ba3abaf97a840683ea48b1b9df3fd-scaled.jpeg","contentUrl":"https:\/\/www.koonings.com\/wp-content\/uploads\/2024\/11\/38784_3da3959b07384e8f020af25e3a2612da78be5ee4b09ba3abaf97a840683ea48b1b9df3fd-scaled.jpeg","width":1808,"height":2560},{"@type":"BreadcrumbList","@id":"https:\/\/www.koonings.com\/fr\/product\/jesus-peiro-2421a\/#breadcrumb","itemListElement":[{"@type":"ListItem","position":1,"name":"Home","item":"https:\/\/www.koonings.com\/fr\/"},{"@type":"ListItem","position":2,"name":"J\u00e9sus Peiro 2421A"}]},{"@type":"WebSite","@id":"https:\/\/www.koonings.com\/fr\/#website","url":"https:\/\/www.koonings.com\/fr\/","name":"Koonings","description":"De grootste bruidsmodewinkel ter wereld","publisher":{"@id":"https:\/\/www.koonings.com\/fr\/#organization"},"potentialAction":[{"@type":"SearchAction","target":{"@type":"EntryPoint","urlTemplate":"https:\/\/www.koonings.com\/fr\/?s={search_term_string}"},"query-input":{"@type":"PropertyValueSpecification","valueRequired":true,"valueName":"search_term_string"}}],"inLanguage":"fr-FR"},{"@type":"Organization","@id":"https:\/\/www.koonings.com\/fr\/#organization","name":"Koonings","url":"https:\/\/www.koonings.com\/fr\/","logo":{"@type":"ImageObject","inLanguage":"fr-FR","@id":"https:\/\/www.koonings.com\/fr\/#\/schema\/logo\/image\/","url":"https:\/\/www.koonings.com\/wp-content\/uploads\/2024\/07\/logo.png","contentUrl":"https:\/\/www.koonings.com\/wp-content\/uploads\/2024\/07\/logo.png","width":600,"height":428,"caption":"Koonings"},"image":{"@id":"https:\/\/www.koonings.com\/fr\/#\/schema\/logo\/image\/"},"sameAs":["https:\/\/www.facebook.com\/kooningstheweddingpalace","https:\/\/www.instagram.com\/kooningstheweddingpalace","https:\/\/www.pinterest.com\/koonings","https:\/\/www.youtube.com\/kooningstheweddingpalace"]}]}},"_links":{"self":[{"href":"https:\/\/www.koonings.com\/fr\/wp-json\/wp\/v2\/product\/57295","targetHints":{"allow":["GET"]}}],"collection":[{"href":"https:\/\/www.koonings.com\/fr\/wp-json\/wp\/v2\/product"}],"about":[{"href":"https:\/\/www.koonings.com\/fr\/wp-json\/wp\/v2\/types\/product"}],"wp:featuredmedia":[{"embeddable":true,"href":"https:\/\/www.koonings.com\/fr\/wp-json\/wp\/v2\/media\/38416"}],"wp:attachment":[{"href":"https:\/\/www.koonings.com\/fr\/wp-json\/wp\/v2\/media?parent=57295"}],"wp:term":[{"taxonomy":"productdetails","embeddable":true,"href":"https:\/\/www.koonings.com\/fr\/wp-json\/wp\/v2\/productdetails?post=57295"},{"taxonomy":"productneck","embeddable":true,"href":"https:\/\/www.koonings.com\/fr\/wp-json\/wp\/v2\/productneck?post=57295"},{"taxonomy":"productcolor","embeddable":true,"href":"https:\/\/www.koonings.com\/fr\/wp-json\/wp\/v2\/productcolor?post=57295"},{"taxonomy":"maat","embeddable":true,"href":"https:\/\/www.koonings.com\/fr\/wp-json\/wp\/v2\/maat?post=57295"},{"taxonomy":"productsupplier","embeddable":true,"href":"https:\/\/www.koonings.com\/fr\/wp-json\/wp\/v2\/productsupplier?post=57295"},{"taxonomy":"productsleeve","embeddable":true,"href":"https:\/\/www.koonings.com\/fr\/wp-json\/wp\/v2\/productsleeve?post=57295"},{"taxonomy":"productcategory","embeddable":true,"href":"https:\/\/www.koonings.com\/fr\/wp-json\/wp\/v2\/productcategory?post=57295"},{"taxonomy":"productsilhouette","embeddable":true,"href":"https:\/\/www.koonings.com\/fr\/wp-json\/wp\/v2\/productsilhouette?post=57295"},{"taxonomy":"productstyle","embeddable":true,"href":"https:\/\/www.koonings.com\/fr\/wp-json\/wp\/v2\/productstyle?post=57295"}],"curies":[{"name":"wp","href":"https:\/\/api.w.org\/{rel}","templated":true}]}}