{"id":57289,"date":"2026-05-16T20:14:40","date_gmt":"2026-05-16T18:14:40","guid":{"rendered":"https:\/\/www.koonings.com\/product\/cymbeline-robine\/"},"modified":"2026-02-16T14:37:18","modified_gmt":"2026-02-16T13:37:18","slug":"cymbeline-robine","status":"publish","type":"product","link":"https:\/\/www.koonings.com\/fr\/product\/cymbeline-robine\/","title":{"rendered":"Cymbeline Robine"},"content":{"rendered":"<p>Cymbeline est connue pour ses robes de mari\u00e9e romantiques, \u00e9l\u00e9gantes et f\u00e9minines avec un style parisien, utilisant souvent des mat\u00e9riaux tels que la dentelle et le tulle, et pr\u00e9sentant des d\u00e9tails accrocheurs tels que des fleurs et des n\u0153uds.<\/p>\n","protected":false},"featured_media":38447,"template":"","meta":{"_acf_changed":false,"ghostkit_customizer_options":"","ghostkit_custom_css":"","ghostkit_custom_js_head":"","ghostkit_custom_js_foot":"","ghostkit_typography":""},"productdetails":[378,381],"productneck":[356],"productcolor":[393,392],"maat":[],"productsupplier":[435],"productsleeve":[361],"productcategory":[18],"productsilhouette":[384,389],"productstyle":[370],"class_list":["post-57289","product","type-product","status-publish","has-post-thumbnail","hentry","productdetails-378","productdetails-381","productneck-356","productcolor-393","productcolor-392","productsupplier-cymbeline","productsleeve-361","productcategory-trouwjurken","productsilhouette-384","productsilhouette-389","productstyle-370"],"acf":[],"yoast_head":"<!-- This site is optimized with the Yoast SEO plugin v27.3 - https:\/\/yoast.com\/product\/yoast-seo-wordpress\/ -->\n<title>Cymbeline Robine | Koonings<\/title>\n<meta name=\"description\" content=\"Cymbeline est connue pour ses robes de mari\u00e9e romantiques, \u00e9l\u00e9gantes et f\u00e9minines avec un style parisien, utilisant souvent des mat\u00e9riaux tels que la dentelle et le tulle, et pr\u00e9sentant des d\u00e9tails accrocheurs tels que des fleurs et des n\u0153uds.\" \/>\n<meta name=\"robots\" content=\"index, follow, max-snippet:-1, max-image-preview:large, max-video-preview:-1\" \/>\n<link rel=\"canonical\" href=\"https:\/\/www.koonings.com\/fr\/product\/cymbeline-robine\/\" \/>\n<meta property=\"og:locale\" content=\"fr_FR\" \/>\n<meta property=\"og:type\" content=\"article\" \/>\n<meta property=\"og:title\" content=\"Cymbeline Robine | Koonings\" \/>\n<meta property=\"og:description\" content=\"Cymbeline est connue pour ses robes de mari\u00e9e romantiques, \u00e9l\u00e9gantes et f\u00e9minines avec un style parisien, utilisant souvent des mat\u00e9riaux tels que la dentelle et le tulle, et pr\u00e9sentant des d\u00e9tails accrocheurs tels que des fleurs et des n\u0153uds.\" \/>\n<meta property=\"og:url\" content=\"https:\/\/www.koonings.com\/fr\/product\/cymbeline-robine\/\" \/>\n<meta property=\"og:site_name\" content=\"Koonings\" \/>\n<meta property=\"article:publisher\" content=\"https:\/\/www.facebook.com\/kooningstheweddingpalace\" \/>\n<meta property=\"og:image\" content=\"https:\/\/www.koonings.com\/wp-content\/uploads\/2024\/11\/38806_37dd63bd4dbbf6ce85568cfa27ac986cb67e2c0f8741dab229a1bba01fcd905bc1b56b89.jpeg\" \/>\n\t<meta property=\"og:image:width\" content=\"999\" \/>\n\t<meta property=\"og:image:height\" content=\"1413\" \/>\n\t<meta property=\"og:image:type\" content=\"image\/jpeg\" \/>\n<meta name=\"twitter:card\" content=\"summary_large_image\" \/>\n<script type=\"application\/ld+json\" class=\"yoast-schema-graph\">{\"@context\":\"https:\\\/\\\/schema.org\",\"@graph\":[{\"@type\":\"WebPage\",\"@id\":\"https:\\\/\\\/www.koonings.com\\\/fr\\\/product\\\/cymbeline-robine\\\/\",\"url\":\"https:\\\/\\\/www.koonings.com\\\/fr\\\/product\\\/cymbeline-robine\\\/\",\"name\":\"Cymbeline Robine | Koonings\",\"isPartOf\":{\"@id\":\"https:\\\/\\\/www.koonings.com\\\/fr\\\/#website\"},\"primaryImageOfPage\":{\"@id\":\"https:\\\/\\\/www.koonings.com\\\/fr\\\/product\\\/cymbeline-robine\\\/#primaryimage\"},\"image\":{\"@id\":\"https:\\\/\\\/www.koonings.com\\\/fr\\\/product\\\/cymbeline-robine\\\/#primaryimage\"},\"thumbnailUrl\":\"https:\\\/\\\/www.koonings.com\\\/wp-content\\\/uploads\\\/2024\\\/11\\\/38806_37dd63bd4dbbf6ce85568cfa27ac986cb67e2c0f8741dab229a1bba01fcd905bc1b56b89.jpeg\",\"datePublished\":\"2026-05-16T18:14:40+00:00\",\"description\":\"Cymbeline est connue pour ses robes de mari\u00e9e romantiques, \u00e9l\u00e9gantes et f\u00e9minines avec un style parisien, utilisant souvent des mat\u00e9riaux tels que la dentelle et le tulle, et pr\u00e9sentant des d\u00e9tails accrocheurs tels que des fleurs et des n\u0153uds.\",\"breadcrumb\":{\"@id\":\"https:\\\/\\\/www.koonings.com\\\/fr\\\/product\\\/cymbeline-robine\\\/#breadcrumb\"},\"inLanguage\":\"fr-FR\",\"potentialAction\":[{\"@type\":\"ReadAction\",\"target\":[\"https:\\\/\\\/www.koonings.com\\\/fr\\\/product\\\/cymbeline-robine\\\/\"]}]},{\"@type\":\"ImageObject\",\"inLanguage\":\"fr-FR\",\"@id\":\"https:\\\/\\\/www.koonings.com\\\/fr\\\/product\\\/cymbeline-robine\\\/#primaryimage\",\"url\":\"https:\\\/\\\/www.koonings.com\\\/wp-content\\\/uploads\\\/2024\\\/11\\\/38806_37dd63bd4dbbf6ce85568cfa27ac986cb67e2c0f8741dab229a1bba01fcd905bc1b56b89.jpeg\",\"contentUrl\":\"https:\\\/\\\/www.koonings.com\\\/wp-content\\\/uploads\\\/2024\\\/11\\\/38806_37dd63bd4dbbf6ce85568cfa27ac986cb67e2c0f8741dab229a1bba01fcd905bc1b56b89.jpeg\",\"width\":999,\"height\":1413},{\"@type\":\"BreadcrumbList\",\"@id\":\"https:\\\/\\\/www.koonings.com\\\/fr\\\/product\\\/cymbeline-robine\\\/#breadcrumb\",\"itemListElement\":[{\"@type\":\"ListItem\",\"position\":1,\"name\":\"Home\",\"item\":\"https:\\\/\\\/www.koonings.com\\\/fr\\\/\"},{\"@type\":\"ListItem\",\"position\":2,\"name\":\"Cymbeline Robine\"}]},{\"@type\":\"WebSite\",\"@id\":\"https:\\\/\\\/www.koonings.com\\\/fr\\\/#website\",\"url\":\"https:\\\/\\\/www.koonings.com\\\/fr\\\/\",\"name\":\"Koonings\",\"description\":\"De grootste bruidsmodewinkel ter wereld\",\"publisher\":{\"@id\":\"https:\\\/\\\/www.koonings.com\\\/fr\\\/#organization\"},\"potentialAction\":[{\"@type\":\"SearchAction\",\"target\":{\"@type\":\"EntryPoint\",\"urlTemplate\":\"https:\\\/\\\/www.koonings.com\\\/fr\\\/?s={search_term_string}\"},\"query-input\":{\"@type\":\"PropertyValueSpecification\",\"valueRequired\":true,\"valueName\":\"search_term_string\"}}],\"inLanguage\":\"fr-FR\"},{\"@type\":\"Organization\",\"@id\":\"https:\\\/\\\/www.koonings.com\\\/fr\\\/#organization\",\"name\":\"Koonings\",\"url\":\"https:\\\/\\\/www.koonings.com\\\/fr\\\/\",\"logo\":{\"@type\":\"ImageObject\",\"inLanguage\":\"fr-FR\",\"@id\":\"https:\\\/\\\/www.koonings.com\\\/fr\\\/#\\\/schema\\\/logo\\\/image\\\/\",\"url\":\"https:\\\/\\\/www.koonings.com\\\/wp-content\\\/uploads\\\/2024\\\/07\\\/logo.png\",\"contentUrl\":\"https:\\\/\\\/www.koonings.com\\\/wp-content\\\/uploads\\\/2024\\\/07\\\/logo.png\",\"width\":600,\"height\":428,\"caption\":\"Koonings\"},\"image\":{\"@id\":\"https:\\\/\\\/www.koonings.com\\\/fr\\\/#\\\/schema\\\/logo\\\/image\\\/\"},\"sameAs\":[\"https:\\\/\\\/www.facebook.com\\\/kooningstheweddingpalace\",\"https:\\\/\\\/www.instagram.com\\\/kooningstheweddingpalace\",\"https:\\\/\\\/www.pinterest.com\\\/koonings\",\"https:\\\/\\\/www.youtube.com\\\/kooningstheweddingpalace\"]}]}<\/script>\n<!-- \/ Yoast SEO plugin. -->","yoast_head_json":{"title":"Cymbeline Robine | Koonings","description":"Cymbeline est connue pour ses robes de mari\u00e9e romantiques, \u00e9l\u00e9gantes et f\u00e9minines avec un style parisien, utilisant souvent des mat\u00e9riaux tels que la dentelle et le tulle, et pr\u00e9sentant des d\u00e9tails accrocheurs tels que des fleurs et des n\u0153uds.","robots":{"index":"index","follow":"follow","max-snippet":"max-snippet:-1","max-image-preview":"max-image-preview:large","max-video-preview":"max-video-preview:-1"},"canonical":"https:\/\/www.koonings.com\/fr\/product\/cymbeline-robine\/","og_locale":"fr_FR","og_type":"article","og_title":"Cymbeline Robine | Koonings","og_description":"Cymbeline est connue pour ses robes de mari\u00e9e romantiques, \u00e9l\u00e9gantes et f\u00e9minines avec un style parisien, utilisant souvent des mat\u00e9riaux tels que la dentelle et le tulle, et pr\u00e9sentant des d\u00e9tails accrocheurs tels que des fleurs et des n\u0153uds.","og_url":"https:\/\/www.koonings.com\/fr\/product\/cymbeline-robine\/","og_site_name":"Koonings","article_publisher":"https:\/\/www.facebook.com\/kooningstheweddingpalace","og_image":[{"width":999,"height":1413,"url":"https:\/\/www.koonings.com\/wp-content\/uploads\/2024\/11\/38806_37dd63bd4dbbf6ce85568cfa27ac986cb67e2c0f8741dab229a1bba01fcd905bc1b56b89.jpeg","type":"image\/jpeg"}],"twitter_card":"summary_large_image","schema":{"@context":"https:\/\/schema.org","@graph":[{"@type":"WebPage","@id":"https:\/\/www.koonings.com\/fr\/product\/cymbeline-robine\/","url":"https:\/\/www.koonings.com\/fr\/product\/cymbeline-robine\/","name":"Cymbeline Robine | Koonings","isPartOf":{"@id":"https:\/\/www.koonings.com\/fr\/#website"},"primaryImageOfPage":{"@id":"https:\/\/www.koonings.com\/fr\/product\/cymbeline-robine\/#primaryimage"},"image":{"@id":"https:\/\/www.koonings.com\/fr\/product\/cymbeline-robine\/#primaryimage"},"thumbnailUrl":"https:\/\/www.koonings.com\/wp-content\/uploads\/2024\/11\/38806_37dd63bd4dbbf6ce85568cfa27ac986cb67e2c0f8741dab229a1bba01fcd905bc1b56b89.jpeg","datePublished":"2026-05-16T18:14:40+00:00","description":"Cymbeline est connue pour ses robes de mari\u00e9e romantiques, \u00e9l\u00e9gantes et f\u00e9minines avec un style parisien, utilisant souvent des mat\u00e9riaux tels que la dentelle et le tulle, et pr\u00e9sentant des d\u00e9tails accrocheurs tels que des fleurs et des n\u0153uds.","breadcrumb":{"@id":"https:\/\/www.koonings.com\/fr\/product\/cymbeline-robine\/#breadcrumb"},"inLanguage":"fr-FR","potentialAction":[{"@type":"ReadAction","target":["https:\/\/www.koonings.com\/fr\/product\/cymbeline-robine\/"]}]},{"@type":"ImageObject","inLanguage":"fr-FR","@id":"https:\/\/www.koonings.com\/fr\/product\/cymbeline-robine\/#primaryimage","url":"https:\/\/www.koonings.com\/wp-content\/uploads\/2024\/11\/38806_37dd63bd4dbbf6ce85568cfa27ac986cb67e2c0f8741dab229a1bba01fcd905bc1b56b89.jpeg","contentUrl":"https:\/\/www.koonings.com\/wp-content\/uploads\/2024\/11\/38806_37dd63bd4dbbf6ce85568cfa27ac986cb67e2c0f8741dab229a1bba01fcd905bc1b56b89.jpeg","width":999,"height":1413},{"@type":"BreadcrumbList","@id":"https:\/\/www.koonings.com\/fr\/product\/cymbeline-robine\/#breadcrumb","itemListElement":[{"@type":"ListItem","position":1,"name":"Home","item":"https:\/\/www.koonings.com\/fr\/"},{"@type":"ListItem","position":2,"name":"Cymbeline Robine"}]},{"@type":"WebSite","@id":"https:\/\/www.koonings.com\/fr\/#website","url":"https:\/\/www.koonings.com\/fr\/","name":"Koonings","description":"De grootste bruidsmodewinkel ter wereld","publisher":{"@id":"https:\/\/www.koonings.com\/fr\/#organization"},"potentialAction":[{"@type":"SearchAction","target":{"@type":"EntryPoint","urlTemplate":"https:\/\/www.koonings.com\/fr\/?s={search_term_string}"},"query-input":{"@type":"PropertyValueSpecification","valueRequired":true,"valueName":"search_term_string"}}],"inLanguage":"fr-FR"},{"@type":"Organization","@id":"https:\/\/www.koonings.com\/fr\/#organization","name":"Koonings","url":"https:\/\/www.koonings.com\/fr\/","logo":{"@type":"ImageObject","inLanguage":"fr-FR","@id":"https:\/\/www.koonings.com\/fr\/#\/schema\/logo\/image\/","url":"https:\/\/www.koonings.com\/wp-content\/uploads\/2024\/07\/logo.png","contentUrl":"https:\/\/www.koonings.com\/wp-content\/uploads\/2024\/07\/logo.png","width":600,"height":428,"caption":"Koonings"},"image":{"@id":"https:\/\/www.koonings.com\/fr\/#\/schema\/logo\/image\/"},"sameAs":["https:\/\/www.facebook.com\/kooningstheweddingpalace","https:\/\/www.instagram.com\/kooningstheweddingpalace","https:\/\/www.pinterest.com\/koonings","https:\/\/www.youtube.com\/kooningstheweddingpalace"]}]}},"_links":{"self":[{"href":"https:\/\/www.koonings.com\/fr\/wp-json\/wp\/v2\/product\/57289","targetHints":{"allow":["GET"]}}],"collection":[{"href":"https:\/\/www.koonings.com\/fr\/wp-json\/wp\/v2\/product"}],"about":[{"href":"https:\/\/www.koonings.com\/fr\/wp-json\/wp\/v2\/types\/product"}],"wp:featuredmedia":[{"embeddable":true,"href":"https:\/\/www.koonings.com\/fr\/wp-json\/wp\/v2\/media\/38447"}],"wp:attachment":[{"href":"https:\/\/www.koonings.com\/fr\/wp-json\/wp\/v2\/media?parent=57289"}],"wp:term":[{"taxonomy":"productdetails","embeddable":true,"href":"https:\/\/www.koonings.com\/fr\/wp-json\/wp\/v2\/productdetails?post=57289"},{"taxonomy":"productneck","embeddable":true,"href":"https:\/\/www.koonings.com\/fr\/wp-json\/wp\/v2\/productneck?post=57289"},{"taxonomy":"productcolor","embeddable":true,"href":"https:\/\/www.koonings.com\/fr\/wp-json\/wp\/v2\/productcolor?post=57289"},{"taxonomy":"maat","embeddable":true,"href":"https:\/\/www.koonings.com\/fr\/wp-json\/wp\/v2\/maat?post=57289"},{"taxonomy":"productsupplier","embeddable":true,"href":"https:\/\/www.koonings.com\/fr\/wp-json\/wp\/v2\/productsupplier?post=57289"},{"taxonomy":"productsleeve","embeddable":true,"href":"https:\/\/www.koonings.com\/fr\/wp-json\/wp\/v2\/productsleeve?post=57289"},{"taxonomy":"productcategory","embeddable":true,"href":"https:\/\/www.koonings.com\/fr\/wp-json\/wp\/v2\/productcategory?post=57289"},{"taxonomy":"productsilhouette","embeddable":true,"href":"https:\/\/www.koonings.com\/fr\/wp-json\/wp\/v2\/productsilhouette?post=57289"},{"taxonomy":"productstyle","embeddable":true,"href":"https:\/\/www.koonings.com\/fr\/wp-json\/wp\/v2\/productstyle?post=57289"}],"curies":[{"name":"wp","href":"https:\/\/api.w.org\/{rel}","templated":true}]}}