{"id":57288,"date":"2025-07-10T12:18:06","date_gmt":"2025-07-10T10:18:06","guid":{"rendered":"https:\/\/www.koonings.com\/product\/stella-york-681\/"},"modified":"2025-06-05T12:38:52","modified_gmt":"2025-06-05T10:38:52","slug":"stella-york-681","status":"publish","type":"product","link":"https:\/\/www.koonings.com\/fr\/product\/stella-york-681\/","title":{"rendered":"Stella York 681"},"content":{"rendered":"<p>Translucide et sulfureux, le style 7701 est une robe de mari\u00e9e sexy avec un corsage en dentelle orn\u00e9 de d\u00e9tails et une silhouette colonne pr\u00e8s du corps pour une d\u00e9claration de mode ultime lors de ce jour sp\u00e9cial. Avec des bretelles en dentelle, un profond d\u00e9collet\u00e9 en V accentue la silhouette et la dentelle florale perl\u00e9e accentue la silhouette sur un fond transparent s\u00e9duisant. \u00c0 la taille, un fourreau soign\u00e9 en satin cr\u00eape luxueux glisse sur les hanches et se termine par une fente lat\u00e9rale \u00e0 hauteur des cuisses avant de se transformer en une jupe chapelle douce et soyeuse.  <\/p>\n","protected":false},"featured_media":38477,"template":"","meta":{"_acf_changed":false,"ghostkit_customizer_options":"","ghostkit_custom_css":"","ghostkit_custom_js_head":"","ghostkit_custom_js_foot":"","ghostkit_typography":""},"productdetails":[],"productneck":[],"productcolor":[],"maat":[],"productsupplier":[442],"productsleeve":[],"productcategory":[18],"productsilhouette":[],"productstyle":[],"class_list":["post-57288","product","type-product","status-publish","has-post-thumbnail","hentry","productsupplier-stella-york","productcategory-trouwjurken"],"acf":[],"yoast_head":"<!-- This site is optimized with the Yoast SEO plugin v27.3 - https:\/\/yoast.com\/product\/yoast-seo-wordpress\/ -->\n<title>Stella York 681 | Koonings<\/title>\n<meta name=\"description\" content=\"Translucide et sulfureux, le style 7701 est une robe de mari\u00e9e sexy avec un corsage en dentelle orn\u00e9 de d\u00e9tails et une silhouette colonne pr\u00e8s du corps pour une d\u00e9claration de mode ultime lors de ce jour sp\u00e9cial. Avec des bretelles en dentelle, un profond d\u00e9collet\u00e9 en V accentue la silhouette et la dentelle florale perl\u00e9e accentue la silhouette sur un fond transparent s\u00e9duisant. \u00c0 la taille, un fourreau soign\u00e9 en satin cr\u00eape luxueux glisse sur les hanches et se termine par une fente lat\u00e9rale \u00e0 hauteur des cuisses avant de se transformer en une jupe chapelle douce et soyeuse.\" \/>\n<meta name=\"robots\" content=\"index, follow, max-snippet:-1, max-image-preview:large, max-video-preview:-1\" \/>\n<link rel=\"canonical\" href=\"https:\/\/www.koonings.com\/fr\/product\/stella-york-681\/\" \/>\n<meta property=\"og:locale\" content=\"fr_FR\" \/>\n<meta property=\"og:type\" content=\"article\" \/>\n<meta property=\"og:title\" content=\"Stella York 681 | Koonings\" \/>\n<meta property=\"og:description\" content=\"Translucide et sulfureux, le style 7701 est une robe de mari\u00e9e sexy avec un corsage en dentelle orn\u00e9 de d\u00e9tails et une silhouette colonne pr\u00e8s du corps pour une d\u00e9claration de mode ultime lors de ce jour sp\u00e9cial. Avec des bretelles en dentelle, un profond d\u00e9collet\u00e9 en V accentue la silhouette et la dentelle florale perl\u00e9e accentue la silhouette sur un fond transparent s\u00e9duisant. \u00c0 la taille, un fourreau soign\u00e9 en satin cr\u00eape luxueux glisse sur les hanches et se termine par une fente lat\u00e9rale \u00e0 hauteur des cuisses avant de se transformer en une jupe chapelle douce et soyeuse.\" \/>\n<meta property=\"og:url\" content=\"https:\/\/www.koonings.com\/fr\/product\/stella-york-681\/\" \/>\n<meta property=\"og:site_name\" content=\"Koonings\" \/>\n<meta property=\"article:publisher\" content=\"https:\/\/www.facebook.com\/kooningstheweddingpalace\" \/>\n<meta property=\"og:image\" content=\"https:\/\/www.koonings.com\/wp-content\/uploads\/2024\/11\/38826_e04c2e3aa0ef51ef0516600adc91ced99b5bbefddf2db862d7cad804a8190cb5c044db8b.jpeg\" \/>\n\t<meta property=\"og:image:width\" content=\"155\" \/>\n\t<meta property=\"og:image:height\" content=\"220\" \/>\n\t<meta property=\"og:image:type\" content=\"image\/jpeg\" \/>\n<meta name=\"twitter:card\" content=\"summary_large_image\" \/>\n<meta name=\"twitter:label1\" content=\"Dur\u00e9e de lecture estim\u00e9e\" \/>\n\t<meta name=\"twitter:data1\" content=\"1 minute\" \/>\n<script type=\"application\/ld+json\" class=\"yoast-schema-graph\">{\"@context\":\"https:\\\/\\\/schema.org\",\"@graph\":[{\"@type\":\"WebPage\",\"@id\":\"https:\\\/\\\/www.koonings.com\\\/fr\\\/product\\\/stella-york-681\\\/\",\"url\":\"https:\\\/\\\/www.koonings.com\\\/fr\\\/product\\\/stella-york-681\\\/\",\"name\":\"Stella York 681 | Koonings\",\"isPartOf\":{\"@id\":\"https:\\\/\\\/www.koonings.com\\\/fr\\\/#website\"},\"primaryImageOfPage\":{\"@id\":\"https:\\\/\\\/www.koonings.com\\\/fr\\\/product\\\/stella-york-681\\\/#primaryimage\"},\"image\":{\"@id\":\"https:\\\/\\\/www.koonings.com\\\/fr\\\/product\\\/stella-york-681\\\/#primaryimage\"},\"thumbnailUrl\":\"https:\\\/\\\/www.koonings.com\\\/wp-content\\\/uploads\\\/2024\\\/11\\\/38826_e04c2e3aa0ef51ef0516600adc91ced99b5bbefddf2db862d7cad804a8190cb5c044db8b.jpeg\",\"datePublished\":\"2025-07-10T10:18:06+00:00\",\"description\":\"Translucide et sulfureux, le style 7701 est une robe de mari\u00e9e sexy avec un corsage en dentelle orn\u00e9 de d\u00e9tails et une silhouette colonne pr\u00e8s du corps pour une d\u00e9claration de mode ultime lors de ce jour sp\u00e9cial. Avec des bretelles en dentelle, un profond d\u00e9collet\u00e9 en V accentue la silhouette et la dentelle florale perl\u00e9e accentue la silhouette sur un fond transparent s\u00e9duisant. \u00c0 la taille, un fourreau soign\u00e9 en satin cr\u00eape luxueux glisse sur les hanches et se termine par une fente lat\u00e9rale \u00e0 hauteur des cuisses avant de se transformer en une jupe chapelle douce et soyeuse.\",\"breadcrumb\":{\"@id\":\"https:\\\/\\\/www.koonings.com\\\/fr\\\/product\\\/stella-york-681\\\/#breadcrumb\"},\"inLanguage\":\"fr-FR\",\"potentialAction\":[{\"@type\":\"ReadAction\",\"target\":[\"https:\\\/\\\/www.koonings.com\\\/fr\\\/product\\\/stella-york-681\\\/\"]}]},{\"@type\":\"ImageObject\",\"inLanguage\":\"fr-FR\",\"@id\":\"https:\\\/\\\/www.koonings.com\\\/fr\\\/product\\\/stella-york-681\\\/#primaryimage\",\"url\":\"https:\\\/\\\/www.koonings.com\\\/wp-content\\\/uploads\\\/2024\\\/11\\\/38826_e04c2e3aa0ef51ef0516600adc91ced99b5bbefddf2db862d7cad804a8190cb5c044db8b.jpeg\",\"contentUrl\":\"https:\\\/\\\/www.koonings.com\\\/wp-content\\\/uploads\\\/2024\\\/11\\\/38826_e04c2e3aa0ef51ef0516600adc91ced99b5bbefddf2db862d7cad804a8190cb5c044db8b.jpeg\",\"width\":155,\"height\":220},{\"@type\":\"BreadcrumbList\",\"@id\":\"https:\\\/\\\/www.koonings.com\\\/fr\\\/product\\\/stella-york-681\\\/#breadcrumb\",\"itemListElement\":[{\"@type\":\"ListItem\",\"position\":1,\"name\":\"Home\",\"item\":\"https:\\\/\\\/www.koonings.com\\\/fr\\\/\"},{\"@type\":\"ListItem\",\"position\":2,\"name\":\"Stella York 681\"}]},{\"@type\":\"WebSite\",\"@id\":\"https:\\\/\\\/www.koonings.com\\\/fr\\\/#website\",\"url\":\"https:\\\/\\\/www.koonings.com\\\/fr\\\/\",\"name\":\"Koonings\",\"description\":\"De grootste bruidsmodewinkel ter wereld\",\"publisher\":{\"@id\":\"https:\\\/\\\/www.koonings.com\\\/fr\\\/#organization\"},\"potentialAction\":[{\"@type\":\"SearchAction\",\"target\":{\"@type\":\"EntryPoint\",\"urlTemplate\":\"https:\\\/\\\/www.koonings.com\\\/fr\\\/?s={search_term_string}\"},\"query-input\":{\"@type\":\"PropertyValueSpecification\",\"valueRequired\":true,\"valueName\":\"search_term_string\"}}],\"inLanguage\":\"fr-FR\"},{\"@type\":\"Organization\",\"@id\":\"https:\\\/\\\/www.koonings.com\\\/fr\\\/#organization\",\"name\":\"Koonings\",\"url\":\"https:\\\/\\\/www.koonings.com\\\/fr\\\/\",\"logo\":{\"@type\":\"ImageObject\",\"inLanguage\":\"fr-FR\",\"@id\":\"https:\\\/\\\/www.koonings.com\\\/fr\\\/#\\\/schema\\\/logo\\\/image\\\/\",\"url\":\"https:\\\/\\\/www.koonings.com\\\/wp-content\\\/uploads\\\/2024\\\/07\\\/logo.png\",\"contentUrl\":\"https:\\\/\\\/www.koonings.com\\\/wp-content\\\/uploads\\\/2024\\\/07\\\/logo.png\",\"width\":600,\"height\":428,\"caption\":\"Koonings\"},\"image\":{\"@id\":\"https:\\\/\\\/www.koonings.com\\\/fr\\\/#\\\/schema\\\/logo\\\/image\\\/\"},\"sameAs\":[\"https:\\\/\\\/www.facebook.com\\\/kooningstheweddingpalace\",\"https:\\\/\\\/www.instagram.com\\\/kooningstheweddingpalace\",\"https:\\\/\\\/www.pinterest.com\\\/koonings\",\"https:\\\/\\\/www.youtube.com\\\/kooningstheweddingpalace\"]}]}<\/script>\n<!-- \/ Yoast SEO plugin. -->","yoast_head_json":{"title":"Stella York 681 | Koonings","description":"Translucide et sulfureux, le style 7701 est une robe de mari\u00e9e sexy avec un corsage en dentelle orn\u00e9 de d\u00e9tails et une silhouette colonne pr\u00e8s du corps pour une d\u00e9claration de mode ultime lors de ce jour sp\u00e9cial. Avec des bretelles en dentelle, un profond d\u00e9collet\u00e9 en V accentue la silhouette et la dentelle florale perl\u00e9e accentue la silhouette sur un fond transparent s\u00e9duisant. \u00c0 la taille, un fourreau soign\u00e9 en satin cr\u00eape luxueux glisse sur les hanches et se termine par une fente lat\u00e9rale \u00e0 hauteur des cuisses avant de se transformer en une jupe chapelle douce et soyeuse.","robots":{"index":"index","follow":"follow","max-snippet":"max-snippet:-1","max-image-preview":"max-image-preview:large","max-video-preview":"max-video-preview:-1"},"canonical":"https:\/\/www.koonings.com\/fr\/product\/stella-york-681\/","og_locale":"fr_FR","og_type":"article","og_title":"Stella York 681 | Koonings","og_description":"Translucide et sulfureux, le style 7701 est une robe de mari\u00e9e sexy avec un corsage en dentelle orn\u00e9 de d\u00e9tails et une silhouette colonne pr\u00e8s du corps pour une d\u00e9claration de mode ultime lors de ce jour sp\u00e9cial. Avec des bretelles en dentelle, un profond d\u00e9collet\u00e9 en V accentue la silhouette et la dentelle florale perl\u00e9e accentue la silhouette sur un fond transparent s\u00e9duisant. \u00c0 la taille, un fourreau soign\u00e9 en satin cr\u00eape luxueux glisse sur les hanches et se termine par une fente lat\u00e9rale \u00e0 hauteur des cuisses avant de se transformer en une jupe chapelle douce et soyeuse.","og_url":"https:\/\/www.koonings.com\/fr\/product\/stella-york-681\/","og_site_name":"Koonings","article_publisher":"https:\/\/www.facebook.com\/kooningstheweddingpalace","og_image":[{"width":155,"height":220,"url":"https:\/\/www.koonings.com\/wp-content\/uploads\/2024\/11\/38826_e04c2e3aa0ef51ef0516600adc91ced99b5bbefddf2db862d7cad804a8190cb5c044db8b.jpeg","type":"image\/jpeg"}],"twitter_card":"summary_large_image","twitter_misc":{"Dur\u00e9e de lecture estim\u00e9e":"1 minute"},"schema":{"@context":"https:\/\/schema.org","@graph":[{"@type":"WebPage","@id":"https:\/\/www.koonings.com\/fr\/product\/stella-york-681\/","url":"https:\/\/www.koonings.com\/fr\/product\/stella-york-681\/","name":"Stella York 681 | Koonings","isPartOf":{"@id":"https:\/\/www.koonings.com\/fr\/#website"},"primaryImageOfPage":{"@id":"https:\/\/www.koonings.com\/fr\/product\/stella-york-681\/#primaryimage"},"image":{"@id":"https:\/\/www.koonings.com\/fr\/product\/stella-york-681\/#primaryimage"},"thumbnailUrl":"https:\/\/www.koonings.com\/wp-content\/uploads\/2024\/11\/38826_e04c2e3aa0ef51ef0516600adc91ced99b5bbefddf2db862d7cad804a8190cb5c044db8b.jpeg","datePublished":"2025-07-10T10:18:06+00:00","description":"Translucide et sulfureux, le style 7701 est une robe de mari\u00e9e sexy avec un corsage en dentelle orn\u00e9 de d\u00e9tails et une silhouette colonne pr\u00e8s du corps pour une d\u00e9claration de mode ultime lors de ce jour sp\u00e9cial. Avec des bretelles en dentelle, un profond d\u00e9collet\u00e9 en V accentue la silhouette et la dentelle florale perl\u00e9e accentue la silhouette sur un fond transparent s\u00e9duisant. \u00c0 la taille, un fourreau soign\u00e9 en satin cr\u00eape luxueux glisse sur les hanches et se termine par une fente lat\u00e9rale \u00e0 hauteur des cuisses avant de se transformer en une jupe chapelle douce et soyeuse.","breadcrumb":{"@id":"https:\/\/www.koonings.com\/fr\/product\/stella-york-681\/#breadcrumb"},"inLanguage":"fr-FR","potentialAction":[{"@type":"ReadAction","target":["https:\/\/www.koonings.com\/fr\/product\/stella-york-681\/"]}]},{"@type":"ImageObject","inLanguage":"fr-FR","@id":"https:\/\/www.koonings.com\/fr\/product\/stella-york-681\/#primaryimage","url":"https:\/\/www.koonings.com\/wp-content\/uploads\/2024\/11\/38826_e04c2e3aa0ef51ef0516600adc91ced99b5bbefddf2db862d7cad804a8190cb5c044db8b.jpeg","contentUrl":"https:\/\/www.koonings.com\/wp-content\/uploads\/2024\/11\/38826_e04c2e3aa0ef51ef0516600adc91ced99b5bbefddf2db862d7cad804a8190cb5c044db8b.jpeg","width":155,"height":220},{"@type":"BreadcrumbList","@id":"https:\/\/www.koonings.com\/fr\/product\/stella-york-681\/#breadcrumb","itemListElement":[{"@type":"ListItem","position":1,"name":"Home","item":"https:\/\/www.koonings.com\/fr\/"},{"@type":"ListItem","position":2,"name":"Stella York 681"}]},{"@type":"WebSite","@id":"https:\/\/www.koonings.com\/fr\/#website","url":"https:\/\/www.koonings.com\/fr\/","name":"Koonings","description":"De grootste bruidsmodewinkel ter wereld","publisher":{"@id":"https:\/\/www.koonings.com\/fr\/#organization"},"potentialAction":[{"@type":"SearchAction","target":{"@type":"EntryPoint","urlTemplate":"https:\/\/www.koonings.com\/fr\/?s={search_term_string}"},"query-input":{"@type":"PropertyValueSpecification","valueRequired":true,"valueName":"search_term_string"}}],"inLanguage":"fr-FR"},{"@type":"Organization","@id":"https:\/\/www.koonings.com\/fr\/#organization","name":"Koonings","url":"https:\/\/www.koonings.com\/fr\/","logo":{"@type":"ImageObject","inLanguage":"fr-FR","@id":"https:\/\/www.koonings.com\/fr\/#\/schema\/logo\/image\/","url":"https:\/\/www.koonings.com\/wp-content\/uploads\/2024\/07\/logo.png","contentUrl":"https:\/\/www.koonings.com\/wp-content\/uploads\/2024\/07\/logo.png","width":600,"height":428,"caption":"Koonings"},"image":{"@id":"https:\/\/www.koonings.com\/fr\/#\/schema\/logo\/image\/"},"sameAs":["https:\/\/www.facebook.com\/kooningstheweddingpalace","https:\/\/www.instagram.com\/kooningstheweddingpalace","https:\/\/www.pinterest.com\/koonings","https:\/\/www.youtube.com\/kooningstheweddingpalace"]}]}},"_links":{"self":[{"href":"https:\/\/www.koonings.com\/fr\/wp-json\/wp\/v2\/product\/57288","targetHints":{"allow":["GET"]}}],"collection":[{"href":"https:\/\/www.koonings.com\/fr\/wp-json\/wp\/v2\/product"}],"about":[{"href":"https:\/\/www.koonings.com\/fr\/wp-json\/wp\/v2\/types\/product"}],"wp:featuredmedia":[{"embeddable":true,"href":"https:\/\/www.koonings.com\/fr\/wp-json\/wp\/v2\/media\/38477"}],"wp:attachment":[{"href":"https:\/\/www.koonings.com\/fr\/wp-json\/wp\/v2\/media?parent=57288"}],"wp:term":[{"taxonomy":"productdetails","embeddable":true,"href":"https:\/\/www.koonings.com\/fr\/wp-json\/wp\/v2\/productdetails?post=57288"},{"taxonomy":"productneck","embeddable":true,"href":"https:\/\/www.koonings.com\/fr\/wp-json\/wp\/v2\/productneck?post=57288"},{"taxonomy":"productcolor","embeddable":true,"href":"https:\/\/www.koonings.com\/fr\/wp-json\/wp\/v2\/productcolor?post=57288"},{"taxonomy":"maat","embeddable":true,"href":"https:\/\/www.koonings.com\/fr\/wp-json\/wp\/v2\/maat?post=57288"},{"taxonomy":"productsupplier","embeddable":true,"href":"https:\/\/www.koonings.com\/fr\/wp-json\/wp\/v2\/productsupplier?post=57288"},{"taxonomy":"productsleeve","embeddable":true,"href":"https:\/\/www.koonings.com\/fr\/wp-json\/wp\/v2\/productsleeve?post=57288"},{"taxonomy":"productcategory","embeddable":true,"href":"https:\/\/www.koonings.com\/fr\/wp-json\/wp\/v2\/productcategory?post=57288"},{"taxonomy":"productsilhouette","embeddable":true,"href":"https:\/\/www.koonings.com\/fr\/wp-json\/wp\/v2\/productsilhouette?post=57288"},{"taxonomy":"productstyle","embeddable":true,"href":"https:\/\/www.koonings.com\/fr\/wp-json\/wp\/v2\/productstyle?post=57288"}],"curies":[{"name":"wp","href":"https:\/\/api.w.org\/{rel}","templated":true}]}}