{"id":57279,"date":"2025-12-15T00:16:53","date_gmt":"2025-12-14T23:16:53","guid":{"rendered":"https:\/\/www.koonings.com\/product\/ladybird-asimina-lb124ae1\/"},"modified":"2026-02-03T18:20:39","modified_gmt":"2026-02-03T17:20:39","slug":"ladybird-asimina-lb124ae1","status":"publish","type":"product","link":"https:\/\/www.koonings.com\/fr\/product\/ladybird-asimina-lb124ae1\/","title":{"rendered":"Coccinelle Asimina LB124AE1"},"content":{"rendered":"<p>Ce mod\u00e8le boh\u00e9mien \u00e0 couper le souffle pr\u00e9sente une encolure licou chic et un d\u00e9licat effet de tatouage dans le dos, avec une couture boutonn\u00e9e sensuelle. La mousseline de soie est souple et agr\u00e9able au toucher. <\/p>\n","protected":false},"featured_media":38528,"template":"","meta":{"_acf_changed":false,"ghostkit_customizer_options":"","ghostkit_custom_css":"","ghostkit_custom_js_head":"","ghostkit_custom_js_foot":"","ghostkit_typography":""},"productdetails":[382],"productneck":[350,351,356],"productcolor":[393,392],"maat":[],"productsupplier":[437],"productsleeve":[360],"productcategory":[18],"productsilhouette":[389],"productstyle":[369],"class_list":["post-57279","product","type-product","status-publish","has-post-thumbnail","hentry","productdetails-382","productneck-350","productneck-351","productneck-356","productcolor-393","productcolor-392","productsupplier-ladybird","productsleeve-360","productcategory-trouwjurken","productsilhouette-389","productstyle-369"],"acf":[],"yoast_head":"<!-- This site is optimized with the Yoast SEO plugin v27.3 - https:\/\/yoast.com\/product\/yoast-seo-wordpress\/ -->\n<title>Coccinelle Asimina LB124AE1 | Koonings<\/title>\n<meta name=\"description\" content=\"Ce mod\u00e8le boh\u00e9mien \u00e0 couper le souffle pr\u00e9sente une encolure licou chic et un d\u00e9licat effet de tatouage dans le dos, avec une couture boutonn\u00e9e sensuelle. La mousseline de soie est souple et agr\u00e9able au toucher.\" \/>\n<meta name=\"robots\" content=\"index, follow, max-snippet:-1, max-image-preview:large, max-video-preview:-1\" \/>\n<link rel=\"canonical\" href=\"https:\/\/www.koonings.com\/fr\/product\/ladybird-asimina-lb124ae1\/\" \/>\n<meta property=\"og:locale\" content=\"fr_FR\" \/>\n<meta property=\"og:type\" content=\"article\" \/>\n<meta property=\"og:title\" content=\"Coccinelle Asimina LB124AE1 | Koonings\" \/>\n<meta property=\"og:description\" content=\"Ce mod\u00e8le boh\u00e9mien \u00e0 couper le souffle pr\u00e9sente une encolure licou chic et un d\u00e9licat effet de tatouage dans le dos, avec une couture boutonn\u00e9e sensuelle. La mousseline de soie est souple et agr\u00e9able au toucher.\" \/>\n<meta property=\"og:url\" content=\"https:\/\/www.koonings.com\/fr\/product\/ladybird-asimina-lb124ae1\/\" \/>\n<meta property=\"og:site_name\" content=\"Koonings\" \/>\n<meta property=\"article:publisher\" content=\"https:\/\/www.facebook.com\/kooningstheweddingpalace\" \/>\n<meta property=\"article:modified_time\" content=\"2026-02-03T17:20:39+00:00\" \/>\n<meta property=\"og:image\" content=\"https:\/\/www.koonings.com\/wp-content\/uploads\/2024\/11\/39092_d73b236f4cc0b5e626104db2499ba4965f45e5a66d13a6a8faf2fdaebcdaf484523c0c6f.jpeg\" \/>\n\t<meta property=\"og:image:width\" content=\"398\" \/>\n\t<meta property=\"og:image:height\" content=\"708\" \/>\n\t<meta property=\"og:image:type\" content=\"image\/jpeg\" \/>\n<meta name=\"twitter:card\" content=\"summary_large_image\" \/>\n<script type=\"application\/ld+json\" class=\"yoast-schema-graph\">{\"@context\":\"https:\\\/\\\/schema.org\",\"@graph\":[{\"@type\":\"WebPage\",\"@id\":\"https:\\\/\\\/www.koonings.com\\\/fr\\\/product\\\/ladybird-asimina-lb124ae1\\\/\",\"url\":\"https:\\\/\\\/www.koonings.com\\\/fr\\\/product\\\/ladybird-asimina-lb124ae1\\\/\",\"name\":\"Coccinelle Asimina LB124AE1 | Koonings\",\"isPartOf\":{\"@id\":\"https:\\\/\\\/www.koonings.com\\\/fr\\\/#website\"},\"primaryImageOfPage\":{\"@id\":\"https:\\\/\\\/www.koonings.com\\\/fr\\\/product\\\/ladybird-asimina-lb124ae1\\\/#primaryimage\"},\"image\":{\"@id\":\"https:\\\/\\\/www.koonings.com\\\/fr\\\/product\\\/ladybird-asimina-lb124ae1\\\/#primaryimage\"},\"thumbnailUrl\":\"https:\\\/\\\/www.koonings.com\\\/wp-content\\\/uploads\\\/2024\\\/11\\\/39092_d73b236f4cc0b5e626104db2499ba4965f45e5a66d13a6a8faf2fdaebcdaf484523c0c6f.jpeg\",\"datePublished\":\"2025-12-14T23:16:53+00:00\",\"dateModified\":\"2026-02-03T17:20:39+00:00\",\"description\":\"Ce mod\u00e8le boh\u00e9mien \u00e0 couper le souffle pr\u00e9sente une encolure licou chic et un d\u00e9licat effet de tatouage dans le dos, avec une couture boutonn\u00e9e sensuelle. La mousseline de soie est souple et agr\u00e9able au toucher.\",\"breadcrumb\":{\"@id\":\"https:\\\/\\\/www.koonings.com\\\/fr\\\/product\\\/ladybird-asimina-lb124ae1\\\/#breadcrumb\"},\"inLanguage\":\"fr-FR\",\"potentialAction\":[{\"@type\":\"ReadAction\",\"target\":[\"https:\\\/\\\/www.koonings.com\\\/fr\\\/product\\\/ladybird-asimina-lb124ae1\\\/\"]}]},{\"@type\":\"ImageObject\",\"inLanguage\":\"fr-FR\",\"@id\":\"https:\\\/\\\/www.koonings.com\\\/fr\\\/product\\\/ladybird-asimina-lb124ae1\\\/#primaryimage\",\"url\":\"https:\\\/\\\/www.koonings.com\\\/wp-content\\\/uploads\\\/2024\\\/11\\\/39092_d73b236f4cc0b5e626104db2499ba4965f45e5a66d13a6a8faf2fdaebcdaf484523c0c6f.jpeg\",\"contentUrl\":\"https:\\\/\\\/www.koonings.com\\\/wp-content\\\/uploads\\\/2024\\\/11\\\/39092_d73b236f4cc0b5e626104db2499ba4965f45e5a66d13a6a8faf2fdaebcdaf484523c0c6f.jpeg\",\"width\":398,\"height\":708},{\"@type\":\"BreadcrumbList\",\"@id\":\"https:\\\/\\\/www.koonings.com\\\/fr\\\/product\\\/ladybird-asimina-lb124ae1\\\/#breadcrumb\",\"itemListElement\":[{\"@type\":\"ListItem\",\"position\":1,\"name\":\"Home\",\"item\":\"https:\\\/\\\/www.koonings.com\\\/fr\\\/\"},{\"@type\":\"ListItem\",\"position\":2,\"name\":\"Coccinelle Asimina LB124AE1\"}]},{\"@type\":\"WebSite\",\"@id\":\"https:\\\/\\\/www.koonings.com\\\/fr\\\/#website\",\"url\":\"https:\\\/\\\/www.koonings.com\\\/fr\\\/\",\"name\":\"Koonings\",\"description\":\"De grootste bruidsmodewinkel ter wereld\",\"publisher\":{\"@id\":\"https:\\\/\\\/www.koonings.com\\\/fr\\\/#organization\"},\"potentialAction\":[{\"@type\":\"SearchAction\",\"target\":{\"@type\":\"EntryPoint\",\"urlTemplate\":\"https:\\\/\\\/www.koonings.com\\\/fr\\\/?s={search_term_string}\"},\"query-input\":{\"@type\":\"PropertyValueSpecification\",\"valueRequired\":true,\"valueName\":\"search_term_string\"}}],\"inLanguage\":\"fr-FR\"},{\"@type\":\"Organization\",\"@id\":\"https:\\\/\\\/www.koonings.com\\\/fr\\\/#organization\",\"name\":\"Koonings\",\"url\":\"https:\\\/\\\/www.koonings.com\\\/fr\\\/\",\"logo\":{\"@type\":\"ImageObject\",\"inLanguage\":\"fr-FR\",\"@id\":\"https:\\\/\\\/www.koonings.com\\\/fr\\\/#\\\/schema\\\/logo\\\/image\\\/\",\"url\":\"https:\\\/\\\/www.koonings.com\\\/wp-content\\\/uploads\\\/2024\\\/07\\\/logo.png\",\"contentUrl\":\"https:\\\/\\\/www.koonings.com\\\/wp-content\\\/uploads\\\/2024\\\/07\\\/logo.png\",\"width\":600,\"height\":428,\"caption\":\"Koonings\"},\"image\":{\"@id\":\"https:\\\/\\\/www.koonings.com\\\/fr\\\/#\\\/schema\\\/logo\\\/image\\\/\"},\"sameAs\":[\"https:\\\/\\\/www.facebook.com\\\/kooningstheweddingpalace\",\"https:\\\/\\\/www.instagram.com\\\/kooningstheweddingpalace\",\"https:\\\/\\\/www.pinterest.com\\\/koonings\",\"https:\\\/\\\/www.youtube.com\\\/kooningstheweddingpalace\"]}]}<\/script>\n<!-- \/ Yoast SEO plugin. -->","yoast_head_json":{"title":"Coccinelle Asimina LB124AE1 | Koonings","description":"Ce mod\u00e8le boh\u00e9mien \u00e0 couper le souffle pr\u00e9sente une encolure licou chic et un d\u00e9licat effet de tatouage dans le dos, avec une couture boutonn\u00e9e sensuelle. La mousseline de soie est souple et agr\u00e9able au toucher.","robots":{"index":"index","follow":"follow","max-snippet":"max-snippet:-1","max-image-preview":"max-image-preview:large","max-video-preview":"max-video-preview:-1"},"canonical":"https:\/\/www.koonings.com\/fr\/product\/ladybird-asimina-lb124ae1\/","og_locale":"fr_FR","og_type":"article","og_title":"Coccinelle Asimina LB124AE1 | Koonings","og_description":"Ce mod\u00e8le boh\u00e9mien \u00e0 couper le souffle pr\u00e9sente une encolure licou chic et un d\u00e9licat effet de tatouage dans le dos, avec une couture boutonn\u00e9e sensuelle. La mousseline de soie est souple et agr\u00e9able au toucher.","og_url":"https:\/\/www.koonings.com\/fr\/product\/ladybird-asimina-lb124ae1\/","og_site_name":"Koonings","article_publisher":"https:\/\/www.facebook.com\/kooningstheweddingpalace","article_modified_time":"2026-02-03T17:20:39+00:00","og_image":[{"width":398,"height":708,"url":"https:\/\/www.koonings.com\/wp-content\/uploads\/2024\/11\/39092_d73b236f4cc0b5e626104db2499ba4965f45e5a66d13a6a8faf2fdaebcdaf484523c0c6f.jpeg","type":"image\/jpeg"}],"twitter_card":"summary_large_image","schema":{"@context":"https:\/\/schema.org","@graph":[{"@type":"WebPage","@id":"https:\/\/www.koonings.com\/fr\/product\/ladybird-asimina-lb124ae1\/","url":"https:\/\/www.koonings.com\/fr\/product\/ladybird-asimina-lb124ae1\/","name":"Coccinelle Asimina LB124AE1 | Koonings","isPartOf":{"@id":"https:\/\/www.koonings.com\/fr\/#website"},"primaryImageOfPage":{"@id":"https:\/\/www.koonings.com\/fr\/product\/ladybird-asimina-lb124ae1\/#primaryimage"},"image":{"@id":"https:\/\/www.koonings.com\/fr\/product\/ladybird-asimina-lb124ae1\/#primaryimage"},"thumbnailUrl":"https:\/\/www.koonings.com\/wp-content\/uploads\/2024\/11\/39092_d73b236f4cc0b5e626104db2499ba4965f45e5a66d13a6a8faf2fdaebcdaf484523c0c6f.jpeg","datePublished":"2025-12-14T23:16:53+00:00","dateModified":"2026-02-03T17:20:39+00:00","description":"Ce mod\u00e8le boh\u00e9mien \u00e0 couper le souffle pr\u00e9sente une encolure licou chic et un d\u00e9licat effet de tatouage dans le dos, avec une couture boutonn\u00e9e sensuelle. La mousseline de soie est souple et agr\u00e9able au toucher.","breadcrumb":{"@id":"https:\/\/www.koonings.com\/fr\/product\/ladybird-asimina-lb124ae1\/#breadcrumb"},"inLanguage":"fr-FR","potentialAction":[{"@type":"ReadAction","target":["https:\/\/www.koonings.com\/fr\/product\/ladybird-asimina-lb124ae1\/"]}]},{"@type":"ImageObject","inLanguage":"fr-FR","@id":"https:\/\/www.koonings.com\/fr\/product\/ladybird-asimina-lb124ae1\/#primaryimage","url":"https:\/\/www.koonings.com\/wp-content\/uploads\/2024\/11\/39092_d73b236f4cc0b5e626104db2499ba4965f45e5a66d13a6a8faf2fdaebcdaf484523c0c6f.jpeg","contentUrl":"https:\/\/www.koonings.com\/wp-content\/uploads\/2024\/11\/39092_d73b236f4cc0b5e626104db2499ba4965f45e5a66d13a6a8faf2fdaebcdaf484523c0c6f.jpeg","width":398,"height":708},{"@type":"BreadcrumbList","@id":"https:\/\/www.koonings.com\/fr\/product\/ladybird-asimina-lb124ae1\/#breadcrumb","itemListElement":[{"@type":"ListItem","position":1,"name":"Home","item":"https:\/\/www.koonings.com\/fr\/"},{"@type":"ListItem","position":2,"name":"Coccinelle Asimina LB124AE1"}]},{"@type":"WebSite","@id":"https:\/\/www.koonings.com\/fr\/#website","url":"https:\/\/www.koonings.com\/fr\/","name":"Koonings","description":"De grootste bruidsmodewinkel ter wereld","publisher":{"@id":"https:\/\/www.koonings.com\/fr\/#organization"},"potentialAction":[{"@type":"SearchAction","target":{"@type":"EntryPoint","urlTemplate":"https:\/\/www.koonings.com\/fr\/?s={search_term_string}"},"query-input":{"@type":"PropertyValueSpecification","valueRequired":true,"valueName":"search_term_string"}}],"inLanguage":"fr-FR"},{"@type":"Organization","@id":"https:\/\/www.koonings.com\/fr\/#organization","name":"Koonings","url":"https:\/\/www.koonings.com\/fr\/","logo":{"@type":"ImageObject","inLanguage":"fr-FR","@id":"https:\/\/www.koonings.com\/fr\/#\/schema\/logo\/image\/","url":"https:\/\/www.koonings.com\/wp-content\/uploads\/2024\/07\/logo.png","contentUrl":"https:\/\/www.koonings.com\/wp-content\/uploads\/2024\/07\/logo.png","width":600,"height":428,"caption":"Koonings"},"image":{"@id":"https:\/\/www.koonings.com\/fr\/#\/schema\/logo\/image\/"},"sameAs":["https:\/\/www.facebook.com\/kooningstheweddingpalace","https:\/\/www.instagram.com\/kooningstheweddingpalace","https:\/\/www.pinterest.com\/koonings","https:\/\/www.youtube.com\/kooningstheweddingpalace"]}]}},"_links":{"self":[{"href":"https:\/\/www.koonings.com\/fr\/wp-json\/wp\/v2\/product\/57279","targetHints":{"allow":["GET"]}}],"collection":[{"href":"https:\/\/www.koonings.com\/fr\/wp-json\/wp\/v2\/product"}],"about":[{"href":"https:\/\/www.koonings.com\/fr\/wp-json\/wp\/v2\/types\/product"}],"wp:featuredmedia":[{"embeddable":true,"href":"https:\/\/www.koonings.com\/fr\/wp-json\/wp\/v2\/media\/38528"}],"wp:attachment":[{"href":"https:\/\/www.koonings.com\/fr\/wp-json\/wp\/v2\/media?parent=57279"}],"wp:term":[{"taxonomy":"productdetails","embeddable":true,"href":"https:\/\/www.koonings.com\/fr\/wp-json\/wp\/v2\/productdetails?post=57279"},{"taxonomy":"productneck","embeddable":true,"href":"https:\/\/www.koonings.com\/fr\/wp-json\/wp\/v2\/productneck?post=57279"},{"taxonomy":"productcolor","embeddable":true,"href":"https:\/\/www.koonings.com\/fr\/wp-json\/wp\/v2\/productcolor?post=57279"},{"taxonomy":"maat","embeddable":true,"href":"https:\/\/www.koonings.com\/fr\/wp-json\/wp\/v2\/maat?post=57279"},{"taxonomy":"productsupplier","embeddable":true,"href":"https:\/\/www.koonings.com\/fr\/wp-json\/wp\/v2\/productsupplier?post=57279"},{"taxonomy":"productsleeve","embeddable":true,"href":"https:\/\/www.koonings.com\/fr\/wp-json\/wp\/v2\/productsleeve?post=57279"},{"taxonomy":"productcategory","embeddable":true,"href":"https:\/\/www.koonings.com\/fr\/wp-json\/wp\/v2\/productcategory?post=57279"},{"taxonomy":"productsilhouette","embeddable":true,"href":"https:\/\/www.koonings.com\/fr\/wp-json\/wp\/v2\/productsilhouette?post=57279"},{"taxonomy":"productstyle","embeddable":true,"href":"https:\/\/www.koonings.com\/fr\/wp-json\/wp\/v2\/productstyle?post=57279"}],"curies":[{"name":"wp","href":"https:\/\/api.w.org\/{rel}","templated":true}]}}