{"id":57268,"date":"2026-03-27T16:10:53","date_gmt":"2026-03-27T15:10:53","guid":{"rendered":"https:\/\/www.koonings.com\/product\/ladybird-annika-lb124ak1\/"},"modified":"2026-02-16T14:37:22","modified_gmt":"2026-02-16T13:37:22","slug":"ladybird-annika-lb124ak1","status":"publish","type":"product","link":"https:\/\/www.koonings.com\/fr\/product\/ladybird-annika-lb124ak1\/","title":{"rendered":"Ladybird Annika LB124AK1"},"content":{"rendered":"<p>Cette robe coccinelle est un v\u00e9ritable tableau ! Le d\u00e9collet\u00e9 en V sexy et le dos transparent ferm\u00e9 avec un effet de tatouage qui se prolonge dans les manches rendent cette robe tr\u00e8s \u00e9l\u00e9gante. La jupe \u00e9vas\u00e9e rend la robe tr\u00e8s romantique, ludique et \u00e9l\u00e9gante.  <\/p>\n","protected":false},"featured_media":38558,"template":"","meta":{"_acf_changed":false,"ghostkit_customizer_options":"","ghostkit_custom_css":"","ghostkit_custom_js_head":"","ghostkit_custom_js_foot":"","ghostkit_typography":""},"productdetails":[381],"productneck":[356],"productcolor":[393,392],"maat":[],"productsupplier":[437],"productsleeve":[362],"productcategory":[18],"productsilhouette":[389],"productstyle":[366,370],"class_list":["post-57268","product","type-product","status-publish","has-post-thumbnail","hentry","productdetails-381","productneck-356","productcolor-393","productcolor-392","productsupplier-ladybird","productsleeve-362","productcategory-trouwjurken","productsilhouette-389","productstyle-366","productstyle-370"],"acf":[],"yoast_head":"<!-- This site is optimized with the Yoast SEO plugin v26.8 - https:\/\/yoast.com\/product\/yoast-seo-wordpress\/ -->\n<title>Ladybird Annika LB124AK1 | Koonings<\/title>\n<meta name=\"description\" content=\"Cette robe coccinelle est un v\u00e9ritable tableau ! Le d\u00e9collet\u00e9 en V sexy et le dos transparent ferm\u00e9 avec un effet de tatouage qui se prolonge dans les manches rendent cette robe tr\u00e8s \u00e9l\u00e9gante. La jupe \u00e9vas\u00e9e rend la robe tr\u00e8s romantique, ludique et \u00e9l\u00e9gante.\" \/>\n<meta name=\"robots\" content=\"index, follow, max-snippet:-1, max-image-preview:large, max-video-preview:-1\" \/>\n<link rel=\"canonical\" href=\"https:\/\/www.koonings.com\/fr\/product\/ladybird-annika-lb124ak1\/\" \/>\n<meta property=\"og:locale\" content=\"fr_FR\" \/>\n<meta property=\"og:type\" content=\"article\" \/>\n<meta property=\"og:title\" content=\"Ladybird Annika LB124AK1 | Koonings\" \/>\n<meta property=\"og:description\" content=\"Cette robe coccinelle est un v\u00e9ritable tableau ! Le d\u00e9collet\u00e9 en V sexy et le dos transparent ferm\u00e9 avec un effet de tatouage qui se prolonge dans les manches rendent cette robe tr\u00e8s \u00e9l\u00e9gante. La jupe \u00e9vas\u00e9e rend la robe tr\u00e8s romantique, ludique et \u00e9l\u00e9gante.\" \/>\n<meta property=\"og:url\" content=\"https:\/\/www.koonings.com\/fr\/product\/ladybird-annika-lb124ak1\/\" \/>\n<meta property=\"og:site_name\" content=\"Koonings\" \/>\n<meta property=\"article:publisher\" content=\"https:\/\/www.facebook.com\/kooningstheweddingpalace\" \/>\n<meta property=\"og:image\" content=\"https:\/\/www.koonings.com\/wp-content\/uploads\/2024\/11\/39094_0b7c84c67f65643470fbee4300db3c55829bcc608a6742d79379e049b204f06922bb63e2.jpeg\" \/>\n\t<meta property=\"og:image:width\" content=\"300\" \/>\n\t<meta property=\"og:image:height\" content=\"450\" \/>\n\t<meta property=\"og:image:type\" content=\"image\/jpeg\" \/>\n<meta name=\"twitter:card\" content=\"summary_large_image\" \/>\n<script type=\"application\/ld+json\" class=\"yoast-schema-graph\">{\"@context\":\"https:\/\/schema.org\",\"@graph\":[{\"@type\":\"WebPage\",\"@id\":\"https:\/\/www.koonings.com\/fr\/product\/ladybird-annika-lb124ak1\/\",\"url\":\"https:\/\/www.koonings.com\/fr\/product\/ladybird-annika-lb124ak1\/\",\"name\":\"Ladybird Annika LB124AK1 | Koonings\",\"isPartOf\":{\"@id\":\"https:\/\/www.koonings.com\/fr\/#website\"},\"primaryImageOfPage\":{\"@id\":\"https:\/\/www.koonings.com\/fr\/product\/ladybird-annika-lb124ak1\/#primaryimage\"},\"image\":{\"@id\":\"https:\/\/www.koonings.com\/fr\/product\/ladybird-annika-lb124ak1\/#primaryimage\"},\"thumbnailUrl\":\"https:\/\/www.koonings.com\/wp-content\/uploads\/2024\/11\/39094_0b7c84c67f65643470fbee4300db3c55829bcc608a6742d79379e049b204f06922bb63e2.jpeg\",\"datePublished\":\"2026-03-27T15:10:53+00:00\",\"description\":\"Cette robe coccinelle est un v\u00e9ritable tableau ! Le d\u00e9collet\u00e9 en V sexy et le dos transparent ferm\u00e9 avec un effet de tatouage qui se prolonge dans les manches rendent cette robe tr\u00e8s \u00e9l\u00e9gante. La jupe \u00e9vas\u00e9e rend la robe tr\u00e8s romantique, ludique et \u00e9l\u00e9gante.\",\"breadcrumb\":{\"@id\":\"https:\/\/www.koonings.com\/fr\/product\/ladybird-annika-lb124ak1\/#breadcrumb\"},\"inLanguage\":\"fr-FR\",\"potentialAction\":[{\"@type\":\"ReadAction\",\"target\":[\"https:\/\/www.koonings.com\/fr\/product\/ladybird-annika-lb124ak1\/\"]}]},{\"@type\":\"ImageObject\",\"inLanguage\":\"fr-FR\",\"@id\":\"https:\/\/www.koonings.com\/fr\/product\/ladybird-annika-lb124ak1\/#primaryimage\",\"url\":\"https:\/\/www.koonings.com\/wp-content\/uploads\/2024\/11\/39094_0b7c84c67f65643470fbee4300db3c55829bcc608a6742d79379e049b204f06922bb63e2.jpeg\",\"contentUrl\":\"https:\/\/www.koonings.com\/wp-content\/uploads\/2024\/11\/39094_0b7c84c67f65643470fbee4300db3c55829bcc608a6742d79379e049b204f06922bb63e2.jpeg\",\"width\":300,\"height\":450},{\"@type\":\"BreadcrumbList\",\"@id\":\"https:\/\/www.koonings.com\/fr\/product\/ladybird-annika-lb124ak1\/#breadcrumb\",\"itemListElement\":[{\"@type\":\"ListItem\",\"position\":1,\"name\":\"Home\",\"item\":\"https:\/\/www.koonings.com\/fr\/\"},{\"@type\":\"ListItem\",\"position\":2,\"name\":\"Ladybird Annika LB124AK1\"}]},{\"@type\":\"WebSite\",\"@id\":\"https:\/\/www.koonings.com\/fr\/#website\",\"url\":\"https:\/\/www.koonings.com\/fr\/\",\"name\":\"Koonings\",\"description\":\"De grootste bruidsmodewinkel ter wereld\",\"publisher\":{\"@id\":\"https:\/\/www.koonings.com\/fr\/#organization\"},\"potentialAction\":[{\"@type\":\"SearchAction\",\"target\":{\"@type\":\"EntryPoint\",\"urlTemplate\":\"https:\/\/www.koonings.com\/fr\/?s={search_term_string}\"},\"query-input\":{\"@type\":\"PropertyValueSpecification\",\"valueRequired\":true,\"valueName\":\"search_term_string\"}}],\"inLanguage\":\"fr-FR\"},{\"@type\":\"Organization\",\"@id\":\"https:\/\/www.koonings.com\/fr\/#organization\",\"name\":\"Koonings\",\"url\":\"https:\/\/www.koonings.com\/fr\/\",\"logo\":{\"@type\":\"ImageObject\",\"inLanguage\":\"fr-FR\",\"@id\":\"https:\/\/www.koonings.com\/fr\/#\/schema\/logo\/image\/\",\"url\":\"https:\/\/www.koonings.com\/wp-content\/uploads\/2024\/07\/logo.png\",\"contentUrl\":\"https:\/\/www.koonings.com\/wp-content\/uploads\/2024\/07\/logo.png\",\"width\":600,\"height\":428,\"caption\":\"Koonings\"},\"image\":{\"@id\":\"https:\/\/www.koonings.com\/fr\/#\/schema\/logo\/image\/\"},\"sameAs\":[\"https:\/\/www.facebook.com\/kooningstheweddingpalace\",\"https:\/\/www.instagram.com\/kooningstheweddingpalace\",\"https:\/\/www.pinterest.com\/koonings\",\"https:\/\/www.youtube.com\/kooningstheweddingpalace\"]}]}<\/script>\n<!-- \/ Yoast SEO plugin. -->","yoast_head_json":{"title":"Ladybird Annika LB124AK1 | Koonings","description":"Cette robe coccinelle est un v\u00e9ritable tableau ! Le d\u00e9collet\u00e9 en V sexy et le dos transparent ferm\u00e9 avec un effet de tatouage qui se prolonge dans les manches rendent cette robe tr\u00e8s \u00e9l\u00e9gante. La jupe \u00e9vas\u00e9e rend la robe tr\u00e8s romantique, ludique et \u00e9l\u00e9gante.","robots":{"index":"index","follow":"follow","max-snippet":"max-snippet:-1","max-image-preview":"max-image-preview:large","max-video-preview":"max-video-preview:-1"},"canonical":"https:\/\/www.koonings.com\/fr\/product\/ladybird-annika-lb124ak1\/","og_locale":"fr_FR","og_type":"article","og_title":"Ladybird Annika LB124AK1 | Koonings","og_description":"Cette robe coccinelle est un v\u00e9ritable tableau ! Le d\u00e9collet\u00e9 en V sexy et le dos transparent ferm\u00e9 avec un effet de tatouage qui se prolonge dans les manches rendent cette robe tr\u00e8s \u00e9l\u00e9gante. La jupe \u00e9vas\u00e9e rend la robe tr\u00e8s romantique, ludique et \u00e9l\u00e9gante.","og_url":"https:\/\/www.koonings.com\/fr\/product\/ladybird-annika-lb124ak1\/","og_site_name":"Koonings","article_publisher":"https:\/\/www.facebook.com\/kooningstheweddingpalace","og_image":[{"width":300,"height":450,"url":"https:\/\/www.koonings.com\/wp-content\/uploads\/2024\/11\/39094_0b7c84c67f65643470fbee4300db3c55829bcc608a6742d79379e049b204f06922bb63e2.jpeg","type":"image\/jpeg"}],"twitter_card":"summary_large_image","schema":{"@context":"https:\/\/schema.org","@graph":[{"@type":"WebPage","@id":"https:\/\/www.koonings.com\/fr\/product\/ladybird-annika-lb124ak1\/","url":"https:\/\/www.koonings.com\/fr\/product\/ladybird-annika-lb124ak1\/","name":"Ladybird Annika LB124AK1 | Koonings","isPartOf":{"@id":"https:\/\/www.koonings.com\/fr\/#website"},"primaryImageOfPage":{"@id":"https:\/\/www.koonings.com\/fr\/product\/ladybird-annika-lb124ak1\/#primaryimage"},"image":{"@id":"https:\/\/www.koonings.com\/fr\/product\/ladybird-annika-lb124ak1\/#primaryimage"},"thumbnailUrl":"https:\/\/www.koonings.com\/wp-content\/uploads\/2024\/11\/39094_0b7c84c67f65643470fbee4300db3c55829bcc608a6742d79379e049b204f06922bb63e2.jpeg","datePublished":"2026-03-27T15:10:53+00:00","description":"Cette robe coccinelle est un v\u00e9ritable tableau ! Le d\u00e9collet\u00e9 en V sexy et le dos transparent ferm\u00e9 avec un effet de tatouage qui se prolonge dans les manches rendent cette robe tr\u00e8s \u00e9l\u00e9gante. La jupe \u00e9vas\u00e9e rend la robe tr\u00e8s romantique, ludique et \u00e9l\u00e9gante.","breadcrumb":{"@id":"https:\/\/www.koonings.com\/fr\/product\/ladybird-annika-lb124ak1\/#breadcrumb"},"inLanguage":"fr-FR","potentialAction":[{"@type":"ReadAction","target":["https:\/\/www.koonings.com\/fr\/product\/ladybird-annika-lb124ak1\/"]}]},{"@type":"ImageObject","inLanguage":"fr-FR","@id":"https:\/\/www.koonings.com\/fr\/product\/ladybird-annika-lb124ak1\/#primaryimage","url":"https:\/\/www.koonings.com\/wp-content\/uploads\/2024\/11\/39094_0b7c84c67f65643470fbee4300db3c55829bcc608a6742d79379e049b204f06922bb63e2.jpeg","contentUrl":"https:\/\/www.koonings.com\/wp-content\/uploads\/2024\/11\/39094_0b7c84c67f65643470fbee4300db3c55829bcc608a6742d79379e049b204f06922bb63e2.jpeg","width":300,"height":450},{"@type":"BreadcrumbList","@id":"https:\/\/www.koonings.com\/fr\/product\/ladybird-annika-lb124ak1\/#breadcrumb","itemListElement":[{"@type":"ListItem","position":1,"name":"Home","item":"https:\/\/www.koonings.com\/fr\/"},{"@type":"ListItem","position":2,"name":"Ladybird Annika LB124AK1"}]},{"@type":"WebSite","@id":"https:\/\/www.koonings.com\/fr\/#website","url":"https:\/\/www.koonings.com\/fr\/","name":"Koonings","description":"De grootste bruidsmodewinkel ter wereld","publisher":{"@id":"https:\/\/www.koonings.com\/fr\/#organization"},"potentialAction":[{"@type":"SearchAction","target":{"@type":"EntryPoint","urlTemplate":"https:\/\/www.koonings.com\/fr\/?s={search_term_string}"},"query-input":{"@type":"PropertyValueSpecification","valueRequired":true,"valueName":"search_term_string"}}],"inLanguage":"fr-FR"},{"@type":"Organization","@id":"https:\/\/www.koonings.com\/fr\/#organization","name":"Koonings","url":"https:\/\/www.koonings.com\/fr\/","logo":{"@type":"ImageObject","inLanguage":"fr-FR","@id":"https:\/\/www.koonings.com\/fr\/#\/schema\/logo\/image\/","url":"https:\/\/www.koonings.com\/wp-content\/uploads\/2024\/07\/logo.png","contentUrl":"https:\/\/www.koonings.com\/wp-content\/uploads\/2024\/07\/logo.png","width":600,"height":428,"caption":"Koonings"},"image":{"@id":"https:\/\/www.koonings.com\/fr\/#\/schema\/logo\/image\/"},"sameAs":["https:\/\/www.facebook.com\/kooningstheweddingpalace","https:\/\/www.instagram.com\/kooningstheweddingpalace","https:\/\/www.pinterest.com\/koonings","https:\/\/www.youtube.com\/kooningstheweddingpalace"]}]}},"_links":{"self":[{"href":"https:\/\/www.koonings.com\/fr\/wp-json\/wp\/v2\/product\/57268","targetHints":{"allow":["GET"]}}],"collection":[{"href":"https:\/\/www.koonings.com\/fr\/wp-json\/wp\/v2\/product"}],"about":[{"href":"https:\/\/www.koonings.com\/fr\/wp-json\/wp\/v2\/types\/product"}],"wp:featuredmedia":[{"embeddable":true,"href":"https:\/\/www.koonings.com\/fr\/wp-json\/wp\/v2\/media\/38558"}],"wp:attachment":[{"href":"https:\/\/www.koonings.com\/fr\/wp-json\/wp\/v2\/media?parent=57268"}],"wp:term":[{"taxonomy":"productdetails","embeddable":true,"href":"https:\/\/www.koonings.com\/fr\/wp-json\/wp\/v2\/productdetails?post=57268"},{"taxonomy":"productneck","embeddable":true,"href":"https:\/\/www.koonings.com\/fr\/wp-json\/wp\/v2\/productneck?post=57268"},{"taxonomy":"productcolor","embeddable":true,"href":"https:\/\/www.koonings.com\/fr\/wp-json\/wp\/v2\/productcolor?post=57268"},{"taxonomy":"maat","embeddable":true,"href":"https:\/\/www.koonings.com\/fr\/wp-json\/wp\/v2\/maat?post=57268"},{"taxonomy":"productsupplier","embeddable":true,"href":"https:\/\/www.koonings.com\/fr\/wp-json\/wp\/v2\/productsupplier?post=57268"},{"taxonomy":"productsleeve","embeddable":true,"href":"https:\/\/www.koonings.com\/fr\/wp-json\/wp\/v2\/productsleeve?post=57268"},{"taxonomy":"productcategory","embeddable":true,"href":"https:\/\/www.koonings.com\/fr\/wp-json\/wp\/v2\/productcategory?post=57268"},{"taxonomy":"productsilhouette","embeddable":true,"href":"https:\/\/www.koonings.com\/fr\/wp-json\/wp\/v2\/productsilhouette?post=57268"},{"taxonomy":"productstyle","embeddable":true,"href":"https:\/\/www.koonings.com\/fr\/wp-json\/wp\/v2\/productstyle?post=57268"}],"curies":[{"name":"wp","href":"https:\/\/api.w.org\/{rel}","templated":true}]}}