{"id":57181,"date":"2025-07-10T12:12:51","date_gmt":"2025-07-10T10:12:51","guid":{"rendered":"https:\/\/www.koonings.com\/product\/enzoani-blue-collection-66-10\/"},"modified":"2025-06-05T12:30:49","modified_gmt":"2025-06-05T10:30:49","slug":"enzoani-blue-collection-66-10","status":"publish","type":"product","link":"https:\/\/www.koonings.com\/fr\/product\/enzoani-blue-collection-66-10\/","title":{"rendered":"Enzoani Blue Collection 66"},"content":{"rendered":"<p>Cette robe de mari\u00e9e princesse moderne est un v\u00e9ritable spectacle qui vous donnera l&#8217;impression d&#8217;\u00eatre une princesse des temps modernes gr\u00e2ce \u00e0 sa dentelle captivante \u00e0 motifs floraux en 3D qui orne le corsage et descend en cascade jusqu&#8217;\u00e0 la jupe a\u00e9r\u00e9e mais volumineuse qui compl\u00e8te cette gracieuse robe de bal plut\u00f4t qu&#8217;elle ne l&#8217;\u00e9crase. Des d\u00e9tails tels que le d\u00e9collet\u00e9 en V illusionn\u00e9 en forme de c\u0153ur, le corset ultra-glamour et la silhouette de robe de bal avec une fente moderne dessinent le contour du corps et flattent la silhouette. <\/p>\n","protected":false},"featured_media":35174,"template":"","meta":{"_acf_changed":false,"ghostkit_customizer_options":"","ghostkit_custom_css":"","ghostkit_custom_js_head":"","ghostkit_custom_js_foot":"","ghostkit_typography":""},"productdetails":[],"productneck":[],"productcolor":[],"maat":[],"productsupplier":[405],"productsleeve":[],"productcategory":[18],"productsilhouette":[],"productstyle":[],"class_list":["post-57181","product","type-product","status-publish","has-post-thumbnail","hentry","productsupplier-enzoani-blue-collection","productcategory-trouwjurken"],"acf":[],"yoast_head":"<!-- This site is optimized with the Yoast SEO plugin v27.3 - https:\/\/yoast.com\/product\/yoast-seo-wordpress\/ -->\n<title>Enzoani Blue Collection 66 | Koonings<\/title>\n<meta name=\"description\" content=\"Cette robe de mari\u00e9e princesse moderne est un v\u00e9ritable spectacle qui vous donnera l&#039;impression d&#039;\u00eatre une princesse des temps modernes gr\u00e2ce \u00e0 sa dentelle captivante \u00e0 motifs floraux en 3D qui orne le corsage et descend en cascade jusqu&#039;\u00e0 la jupe a\u00e9r\u00e9e mais volumineuse qui compl\u00e8te cette gracieuse robe de bal plut\u00f4t qu&#039;elle ne l&#039;\u00e9crase. Des d\u00e9tails tels que le d\u00e9collet\u00e9 en V illusionn\u00e9 en forme de c\u0153ur, le corset ultra-glamour et la silhouette de robe de bal avec une fente moderne dessinent le contour du corps et flattent la silhouette.\" \/>\n<meta name=\"robots\" content=\"index, follow, max-snippet:-1, max-image-preview:large, max-video-preview:-1\" \/>\n<link rel=\"canonical\" href=\"https:\/\/www.koonings.com\/fr\/product\/enzoani-blue-collection-66-10\/\" \/>\n<meta property=\"og:locale\" content=\"fr_FR\" \/>\n<meta property=\"og:type\" content=\"article\" \/>\n<meta property=\"og:title\" content=\"Enzoani Blue Collection 66 | Koonings\" \/>\n<meta property=\"og:description\" content=\"Cette robe de mari\u00e9e princesse moderne est un v\u00e9ritable spectacle qui vous donnera l&#039;impression d&#039;\u00eatre une princesse des temps modernes gr\u00e2ce \u00e0 sa dentelle captivante \u00e0 motifs floraux en 3D qui orne le corsage et descend en cascade jusqu&#039;\u00e0 la jupe a\u00e9r\u00e9e mais volumineuse qui compl\u00e8te cette gracieuse robe de bal plut\u00f4t qu&#039;elle ne l&#039;\u00e9crase. Des d\u00e9tails tels que le d\u00e9collet\u00e9 en V illusionn\u00e9 en forme de c\u0153ur, le corset ultra-glamour et la silhouette de robe de bal avec une fente moderne dessinent le contour du corps et flattent la silhouette.\" \/>\n<meta property=\"og:url\" content=\"https:\/\/www.koonings.com\/fr\/product\/enzoani-blue-collection-66-10\/\" \/>\n<meta property=\"og:site_name\" content=\"Koonings\" \/>\n<meta property=\"article:publisher\" content=\"https:\/\/www.facebook.com\/kooningstheweddingpalace\" \/>\n<meta property=\"og:image\" content=\"https:\/\/www.koonings.com\/wp-content\/uploads\/2024\/11\/38064_cf9d9013d4dc9c6824482d285aa274a7ea9a03aaee1b56e1f5eb34578e871418c2347762.jpeg\" \/>\n\t<meta property=\"og:image:width\" content=\"300\" \/>\n\t<meta property=\"og:image:height\" content=\"450\" \/>\n\t<meta property=\"og:image:type\" content=\"image\/jpeg\" \/>\n<meta name=\"twitter:card\" content=\"summary_large_image\" \/>\n<meta name=\"twitter:label1\" content=\"Dur\u00e9e de lecture estim\u00e9e\" \/>\n\t<meta name=\"twitter:data1\" content=\"1 minute\" \/>\n<script type=\"application\/ld+json\" class=\"yoast-schema-graph\">{\"@context\":\"https:\\\/\\\/schema.org\",\"@graph\":[{\"@type\":\"WebPage\",\"@id\":\"https:\\\/\\\/www.koonings.com\\\/fr\\\/product\\\/enzoani-blue-collection-66-10\\\/\",\"url\":\"https:\\\/\\\/www.koonings.com\\\/fr\\\/product\\\/enzoani-blue-collection-66-10\\\/\",\"name\":\"Enzoani Blue Collection 66 | Koonings\",\"isPartOf\":{\"@id\":\"https:\\\/\\\/www.koonings.com\\\/fr\\\/#website\"},\"primaryImageOfPage\":{\"@id\":\"https:\\\/\\\/www.koonings.com\\\/fr\\\/product\\\/enzoani-blue-collection-66-10\\\/#primaryimage\"},\"image\":{\"@id\":\"https:\\\/\\\/www.koonings.com\\\/fr\\\/product\\\/enzoani-blue-collection-66-10\\\/#primaryimage\"},\"thumbnailUrl\":\"https:\\\/\\\/www.koonings.com\\\/wp-content\\\/uploads\\\/2024\\\/11\\\/38064_cf9d9013d4dc9c6824482d285aa274a7ea9a03aaee1b56e1f5eb34578e871418c2347762.jpeg\",\"datePublished\":\"2025-07-10T10:12:51+00:00\",\"description\":\"Cette robe de mari\u00e9e princesse moderne est un v\u00e9ritable spectacle qui vous donnera l'impression d'\u00eatre une princesse des temps modernes gr\u00e2ce \u00e0 sa dentelle captivante \u00e0 motifs floraux en 3D qui orne le corsage et descend en cascade jusqu'\u00e0 la jupe a\u00e9r\u00e9e mais volumineuse qui compl\u00e8te cette gracieuse robe de bal plut\u00f4t qu'elle ne l'\u00e9crase. Des d\u00e9tails tels que le d\u00e9collet\u00e9 en V illusionn\u00e9 en forme de c\u0153ur, le corset ultra-glamour et la silhouette de robe de bal avec une fente moderne dessinent le contour du corps et flattent la silhouette.\",\"breadcrumb\":{\"@id\":\"https:\\\/\\\/www.koonings.com\\\/fr\\\/product\\\/enzoani-blue-collection-66-10\\\/#breadcrumb\"},\"inLanguage\":\"fr-FR\",\"potentialAction\":[{\"@type\":\"ReadAction\",\"target\":[\"https:\\\/\\\/www.koonings.com\\\/fr\\\/product\\\/enzoani-blue-collection-66-10\\\/\"]}]},{\"@type\":\"ImageObject\",\"inLanguage\":\"fr-FR\",\"@id\":\"https:\\\/\\\/www.koonings.com\\\/fr\\\/product\\\/enzoani-blue-collection-66-10\\\/#primaryimage\",\"url\":\"https:\\\/\\\/www.koonings.com\\\/wp-content\\\/uploads\\\/2024\\\/11\\\/38064_cf9d9013d4dc9c6824482d285aa274a7ea9a03aaee1b56e1f5eb34578e871418c2347762.jpeg\",\"contentUrl\":\"https:\\\/\\\/www.koonings.com\\\/wp-content\\\/uploads\\\/2024\\\/11\\\/38064_cf9d9013d4dc9c6824482d285aa274a7ea9a03aaee1b56e1f5eb34578e871418c2347762.jpeg\",\"width\":300,\"height\":450},{\"@type\":\"BreadcrumbList\",\"@id\":\"https:\\\/\\\/www.koonings.com\\\/fr\\\/product\\\/enzoani-blue-collection-66-10\\\/#breadcrumb\",\"itemListElement\":[{\"@type\":\"ListItem\",\"position\":1,\"name\":\"Home\",\"item\":\"https:\\\/\\\/www.koonings.com\\\/fr\\\/\"},{\"@type\":\"ListItem\",\"position\":2,\"name\":\"Enzoani Blue Collection 66\"}]},{\"@type\":\"WebSite\",\"@id\":\"https:\\\/\\\/www.koonings.com\\\/fr\\\/#website\",\"url\":\"https:\\\/\\\/www.koonings.com\\\/fr\\\/\",\"name\":\"Koonings\",\"description\":\"De grootste bruidsmodewinkel ter wereld\",\"publisher\":{\"@id\":\"https:\\\/\\\/www.koonings.com\\\/fr\\\/#organization\"},\"potentialAction\":[{\"@type\":\"SearchAction\",\"target\":{\"@type\":\"EntryPoint\",\"urlTemplate\":\"https:\\\/\\\/www.koonings.com\\\/fr\\\/?s={search_term_string}\"},\"query-input\":{\"@type\":\"PropertyValueSpecification\",\"valueRequired\":true,\"valueName\":\"search_term_string\"}}],\"inLanguage\":\"fr-FR\"},{\"@type\":\"Organization\",\"@id\":\"https:\\\/\\\/www.koonings.com\\\/fr\\\/#organization\",\"name\":\"Koonings\",\"url\":\"https:\\\/\\\/www.koonings.com\\\/fr\\\/\",\"logo\":{\"@type\":\"ImageObject\",\"inLanguage\":\"fr-FR\",\"@id\":\"https:\\\/\\\/www.koonings.com\\\/fr\\\/#\\\/schema\\\/logo\\\/image\\\/\",\"url\":\"https:\\\/\\\/www.koonings.com\\\/wp-content\\\/uploads\\\/2024\\\/07\\\/logo.png\",\"contentUrl\":\"https:\\\/\\\/www.koonings.com\\\/wp-content\\\/uploads\\\/2024\\\/07\\\/logo.png\",\"width\":600,\"height\":428,\"caption\":\"Koonings\"},\"image\":{\"@id\":\"https:\\\/\\\/www.koonings.com\\\/fr\\\/#\\\/schema\\\/logo\\\/image\\\/\"},\"sameAs\":[\"https:\\\/\\\/www.facebook.com\\\/kooningstheweddingpalace\",\"https:\\\/\\\/www.instagram.com\\\/kooningstheweddingpalace\",\"https:\\\/\\\/www.pinterest.com\\\/koonings\",\"https:\\\/\\\/www.youtube.com\\\/kooningstheweddingpalace\"]}]}<\/script>\n<!-- \/ Yoast SEO plugin. -->","yoast_head_json":{"title":"Enzoani Blue Collection 66 | Koonings","description":"Cette robe de mari\u00e9e princesse moderne est un v\u00e9ritable spectacle qui vous donnera l'impression d'\u00eatre une princesse des temps modernes gr\u00e2ce \u00e0 sa dentelle captivante \u00e0 motifs floraux en 3D qui orne le corsage et descend en cascade jusqu'\u00e0 la jupe a\u00e9r\u00e9e mais volumineuse qui compl\u00e8te cette gracieuse robe de bal plut\u00f4t qu'elle ne l'\u00e9crase. Des d\u00e9tails tels que le d\u00e9collet\u00e9 en V illusionn\u00e9 en forme de c\u0153ur, le corset ultra-glamour et la silhouette de robe de bal avec une fente moderne dessinent le contour du corps et flattent la silhouette.","robots":{"index":"index","follow":"follow","max-snippet":"max-snippet:-1","max-image-preview":"max-image-preview:large","max-video-preview":"max-video-preview:-1"},"canonical":"https:\/\/www.koonings.com\/fr\/product\/enzoani-blue-collection-66-10\/","og_locale":"fr_FR","og_type":"article","og_title":"Enzoani Blue Collection 66 | Koonings","og_description":"Cette robe de mari\u00e9e princesse moderne est un v\u00e9ritable spectacle qui vous donnera l'impression d'\u00eatre une princesse des temps modernes gr\u00e2ce \u00e0 sa dentelle captivante \u00e0 motifs floraux en 3D qui orne le corsage et descend en cascade jusqu'\u00e0 la jupe a\u00e9r\u00e9e mais volumineuse qui compl\u00e8te cette gracieuse robe de bal plut\u00f4t qu'elle ne l'\u00e9crase. Des d\u00e9tails tels que le d\u00e9collet\u00e9 en V illusionn\u00e9 en forme de c\u0153ur, le corset ultra-glamour et la silhouette de robe de bal avec une fente moderne dessinent le contour du corps et flattent la silhouette.","og_url":"https:\/\/www.koonings.com\/fr\/product\/enzoani-blue-collection-66-10\/","og_site_name":"Koonings","article_publisher":"https:\/\/www.facebook.com\/kooningstheweddingpalace","og_image":[{"width":300,"height":450,"url":"https:\/\/www.koonings.com\/wp-content\/uploads\/2024\/11\/38064_cf9d9013d4dc9c6824482d285aa274a7ea9a03aaee1b56e1f5eb34578e871418c2347762.jpeg","type":"image\/jpeg"}],"twitter_card":"summary_large_image","twitter_misc":{"Dur\u00e9e de lecture estim\u00e9e":"1 minute"},"schema":{"@context":"https:\/\/schema.org","@graph":[{"@type":"WebPage","@id":"https:\/\/www.koonings.com\/fr\/product\/enzoani-blue-collection-66-10\/","url":"https:\/\/www.koonings.com\/fr\/product\/enzoani-blue-collection-66-10\/","name":"Enzoani Blue Collection 66 | Koonings","isPartOf":{"@id":"https:\/\/www.koonings.com\/fr\/#website"},"primaryImageOfPage":{"@id":"https:\/\/www.koonings.com\/fr\/product\/enzoani-blue-collection-66-10\/#primaryimage"},"image":{"@id":"https:\/\/www.koonings.com\/fr\/product\/enzoani-blue-collection-66-10\/#primaryimage"},"thumbnailUrl":"https:\/\/www.koonings.com\/wp-content\/uploads\/2024\/11\/38064_cf9d9013d4dc9c6824482d285aa274a7ea9a03aaee1b56e1f5eb34578e871418c2347762.jpeg","datePublished":"2025-07-10T10:12:51+00:00","description":"Cette robe de mari\u00e9e princesse moderne est un v\u00e9ritable spectacle qui vous donnera l'impression d'\u00eatre une princesse des temps modernes gr\u00e2ce \u00e0 sa dentelle captivante \u00e0 motifs floraux en 3D qui orne le corsage et descend en cascade jusqu'\u00e0 la jupe a\u00e9r\u00e9e mais volumineuse qui compl\u00e8te cette gracieuse robe de bal plut\u00f4t qu'elle ne l'\u00e9crase. Des d\u00e9tails tels que le d\u00e9collet\u00e9 en V illusionn\u00e9 en forme de c\u0153ur, le corset ultra-glamour et la silhouette de robe de bal avec une fente moderne dessinent le contour du corps et flattent la silhouette.","breadcrumb":{"@id":"https:\/\/www.koonings.com\/fr\/product\/enzoani-blue-collection-66-10\/#breadcrumb"},"inLanguage":"fr-FR","potentialAction":[{"@type":"ReadAction","target":["https:\/\/www.koonings.com\/fr\/product\/enzoani-blue-collection-66-10\/"]}]},{"@type":"ImageObject","inLanguage":"fr-FR","@id":"https:\/\/www.koonings.com\/fr\/product\/enzoani-blue-collection-66-10\/#primaryimage","url":"https:\/\/www.koonings.com\/wp-content\/uploads\/2024\/11\/38064_cf9d9013d4dc9c6824482d285aa274a7ea9a03aaee1b56e1f5eb34578e871418c2347762.jpeg","contentUrl":"https:\/\/www.koonings.com\/wp-content\/uploads\/2024\/11\/38064_cf9d9013d4dc9c6824482d285aa274a7ea9a03aaee1b56e1f5eb34578e871418c2347762.jpeg","width":300,"height":450},{"@type":"BreadcrumbList","@id":"https:\/\/www.koonings.com\/fr\/product\/enzoani-blue-collection-66-10\/#breadcrumb","itemListElement":[{"@type":"ListItem","position":1,"name":"Home","item":"https:\/\/www.koonings.com\/fr\/"},{"@type":"ListItem","position":2,"name":"Enzoani Blue Collection 66"}]},{"@type":"WebSite","@id":"https:\/\/www.koonings.com\/fr\/#website","url":"https:\/\/www.koonings.com\/fr\/","name":"Koonings","description":"De grootste bruidsmodewinkel ter wereld","publisher":{"@id":"https:\/\/www.koonings.com\/fr\/#organization"},"potentialAction":[{"@type":"SearchAction","target":{"@type":"EntryPoint","urlTemplate":"https:\/\/www.koonings.com\/fr\/?s={search_term_string}"},"query-input":{"@type":"PropertyValueSpecification","valueRequired":true,"valueName":"search_term_string"}}],"inLanguage":"fr-FR"},{"@type":"Organization","@id":"https:\/\/www.koonings.com\/fr\/#organization","name":"Koonings","url":"https:\/\/www.koonings.com\/fr\/","logo":{"@type":"ImageObject","inLanguage":"fr-FR","@id":"https:\/\/www.koonings.com\/fr\/#\/schema\/logo\/image\/","url":"https:\/\/www.koonings.com\/wp-content\/uploads\/2024\/07\/logo.png","contentUrl":"https:\/\/www.koonings.com\/wp-content\/uploads\/2024\/07\/logo.png","width":600,"height":428,"caption":"Koonings"},"image":{"@id":"https:\/\/www.koonings.com\/fr\/#\/schema\/logo\/image\/"},"sameAs":["https:\/\/www.facebook.com\/kooningstheweddingpalace","https:\/\/www.instagram.com\/kooningstheweddingpalace","https:\/\/www.pinterest.com\/koonings","https:\/\/www.youtube.com\/kooningstheweddingpalace"]}]}},"_links":{"self":[{"href":"https:\/\/www.koonings.com\/fr\/wp-json\/wp\/v2\/product\/57181","targetHints":{"allow":["GET"]}}],"collection":[{"href":"https:\/\/www.koonings.com\/fr\/wp-json\/wp\/v2\/product"}],"about":[{"href":"https:\/\/www.koonings.com\/fr\/wp-json\/wp\/v2\/types\/product"}],"wp:featuredmedia":[{"embeddable":true,"href":"https:\/\/www.koonings.com\/fr\/wp-json\/wp\/v2\/media\/35174"}],"wp:attachment":[{"href":"https:\/\/www.koonings.com\/fr\/wp-json\/wp\/v2\/media?parent=57181"}],"wp:term":[{"taxonomy":"productdetails","embeddable":true,"href":"https:\/\/www.koonings.com\/fr\/wp-json\/wp\/v2\/productdetails?post=57181"},{"taxonomy":"productneck","embeddable":true,"href":"https:\/\/www.koonings.com\/fr\/wp-json\/wp\/v2\/productneck?post=57181"},{"taxonomy":"productcolor","embeddable":true,"href":"https:\/\/www.koonings.com\/fr\/wp-json\/wp\/v2\/productcolor?post=57181"},{"taxonomy":"maat","embeddable":true,"href":"https:\/\/www.koonings.com\/fr\/wp-json\/wp\/v2\/maat?post=57181"},{"taxonomy":"productsupplier","embeddable":true,"href":"https:\/\/www.koonings.com\/fr\/wp-json\/wp\/v2\/productsupplier?post=57181"},{"taxonomy":"productsleeve","embeddable":true,"href":"https:\/\/www.koonings.com\/fr\/wp-json\/wp\/v2\/productsleeve?post=57181"},{"taxonomy":"productcategory","embeddable":true,"href":"https:\/\/www.koonings.com\/fr\/wp-json\/wp\/v2\/productcategory?post=57181"},{"taxonomy":"productsilhouette","embeddable":true,"href":"https:\/\/www.koonings.com\/fr\/wp-json\/wp\/v2\/productsilhouette?post=57181"},{"taxonomy":"productstyle","embeddable":true,"href":"https:\/\/www.koonings.com\/fr\/wp-json\/wp\/v2\/productstyle?post=57181"}],"curies":[{"name":"wp","href":"https:\/\/api.w.org\/{rel}","templated":true}]}}