{"id":57179,"date":"2025-12-15T00:14:08","date_gmt":"2025-12-14T23:14:08","guid":{"rendered":"https:\/\/www.koonings.com\/product\/enzoani-scarlett\/"},"modified":"2026-02-03T18:07:55","modified_gmt":"2026-02-03T17:07:55","slug":"enzoani-scarlett","status":"publish","type":"product","link":"https:\/\/www.koonings.com\/fr\/product\/enzoani-scarlett\/","title":{"rendered":"Enzoani Scarlett"},"content":{"rendered":"<p>Cette robe de mari\u00e9e \u00e9blouissante et contemporaine de type A-line s\u00e9duit par son profond d\u00e9collet\u00e9 en V, sa fente sexy cach\u00e9e sur le devant et ses d\u00e9tails perl\u00e9s scintillants et complexes. La dentelle g\u00e9om\u00e9trique perl\u00e9e, audacieuse et magnifique, est appliqu\u00e9e de mani\u00e8re ludique pour accentuer les courbes f\u00e9minines, se noue \u00e0 la taille et se prolonge par une tra\u00eene luxuriante et spectaculaire en organza et en tulle. Sa robe basse en filet scintillant ajoute une texture saisissante \u00e0 ce look glamour.  <\/p>\n","protected":false},"featured_media":35192,"template":"","meta":{"_acf_changed":false,"ghostkit_customizer_options":"","ghostkit_custom_css":"","ghostkit_custom_js_head":"","ghostkit_custom_js_foot":"","ghostkit_typography":""},"productdetails":[376,378,381],"productneck":[356],"productcolor":[393,392],"maat":[],"productsupplier":[406],"productsleeve":[359],"productcategory":[18],"productsilhouette":[384],"productstyle":[370],"class_list":["post-57179","product","type-product","status-publish","has-post-thumbnail","hentry","productdetails-376","productdetails-378","productdetails-381","productneck-356","productcolor-393","productcolor-392","productsupplier-enzoani","productsleeve-359","productcategory-trouwjurken","productsilhouette-384","productstyle-370"],"acf":[],"yoast_head":"<!-- This site is optimized with the Yoast SEO plugin v27.3 - https:\/\/yoast.com\/product\/yoast-seo-wordpress\/ -->\n<title>Enzoani Scarlett | Koonings<\/title>\n<meta name=\"description\" content=\"Cette robe de mari\u00e9e \u00e9blouissante et contemporaine de type A-line s\u00e9duit par son profond d\u00e9collet\u00e9 en V, sa fente sexy cach\u00e9e sur le devant et ses d\u00e9tails perl\u00e9s scintillants et complexes. La dentelle g\u00e9om\u00e9trique perl\u00e9e, audacieuse et magnifique, est appliqu\u00e9e de mani\u00e8re ludique pour accentuer les courbes f\u00e9minines, se noue \u00e0 la taille et se prolonge par une tra\u00eene luxuriante et spectaculaire en organza et en tulle. Sa robe basse en filet scintillant ajoute une texture saisissante \u00e0 ce look glamour.\" \/>\n<meta name=\"robots\" content=\"index, follow, max-snippet:-1, max-image-preview:large, max-video-preview:-1\" \/>\n<link rel=\"canonical\" href=\"https:\/\/www.koonings.com\/fr\/product\/enzoani-scarlett\/\" \/>\n<meta property=\"og:locale\" content=\"fr_FR\" \/>\n<meta property=\"og:type\" content=\"article\" \/>\n<meta property=\"og:title\" content=\"Enzoani Scarlett | Koonings\" \/>\n<meta property=\"og:description\" content=\"Cette robe de mari\u00e9e \u00e9blouissante et contemporaine de type A-line s\u00e9duit par son profond d\u00e9collet\u00e9 en V, sa fente sexy cach\u00e9e sur le devant et ses d\u00e9tails perl\u00e9s scintillants et complexes. La dentelle g\u00e9om\u00e9trique perl\u00e9e, audacieuse et magnifique, est appliqu\u00e9e de mani\u00e8re ludique pour accentuer les courbes f\u00e9minines, se noue \u00e0 la taille et se prolonge par une tra\u00eene luxuriante et spectaculaire en organza et en tulle. Sa robe basse en filet scintillant ajoute une texture saisissante \u00e0 ce look glamour.\" \/>\n<meta property=\"og:url\" content=\"https:\/\/www.koonings.com\/fr\/product\/enzoani-scarlett\/\" \/>\n<meta property=\"og:site_name\" content=\"Koonings\" \/>\n<meta property=\"article:publisher\" content=\"https:\/\/www.facebook.com\/kooningstheweddingpalace\" \/>\n<meta property=\"article:modified_time\" content=\"2026-02-03T17:07:55+00:00\" \/>\n<meta property=\"og:image\" content=\"https:\/\/www.koonings.com\/wp-content\/uploads\/2024\/11\/38120_0720cf7b539b9205e7d7acdfe868927a93f604e15dcb3ba0b22a95d09a8b4aeec356c34a.jpeg\" \/>\n\t<meta property=\"og:image:width\" content=\"891\" \/>\n\t<meta property=\"og:image:height\" content=\"1260\" \/>\n\t<meta property=\"og:image:type\" content=\"image\/jpeg\" \/>\n<meta name=\"twitter:card\" content=\"summary_large_image\" \/>\n<script type=\"application\/ld+json\" class=\"yoast-schema-graph\">{\"@context\":\"https:\\\/\\\/schema.org\",\"@graph\":[{\"@type\":\"WebPage\",\"@id\":\"https:\\\/\\\/www.koonings.com\\\/fr\\\/product\\\/enzoani-scarlett\\\/\",\"url\":\"https:\\\/\\\/www.koonings.com\\\/fr\\\/product\\\/enzoani-scarlett\\\/\",\"name\":\"Enzoani Scarlett | Koonings\",\"isPartOf\":{\"@id\":\"https:\\\/\\\/www.koonings.com\\\/fr\\\/#website\"},\"primaryImageOfPage\":{\"@id\":\"https:\\\/\\\/www.koonings.com\\\/fr\\\/product\\\/enzoani-scarlett\\\/#primaryimage\"},\"image\":{\"@id\":\"https:\\\/\\\/www.koonings.com\\\/fr\\\/product\\\/enzoani-scarlett\\\/#primaryimage\"},\"thumbnailUrl\":\"https:\\\/\\\/www.koonings.com\\\/wp-content\\\/uploads\\\/2024\\\/11\\\/38120_0720cf7b539b9205e7d7acdfe868927a93f604e15dcb3ba0b22a95d09a8b4aeec356c34a.jpeg\",\"datePublished\":\"2025-12-14T23:14:08+00:00\",\"dateModified\":\"2026-02-03T17:07:55+00:00\",\"description\":\"Cette robe de mari\u00e9e \u00e9blouissante et contemporaine de type A-line s\u00e9duit par son profond d\u00e9collet\u00e9 en V, sa fente sexy cach\u00e9e sur le devant et ses d\u00e9tails perl\u00e9s scintillants et complexes. La dentelle g\u00e9om\u00e9trique perl\u00e9e, audacieuse et magnifique, est appliqu\u00e9e de mani\u00e8re ludique pour accentuer les courbes f\u00e9minines, se noue \u00e0 la taille et se prolonge par une tra\u00eene luxuriante et spectaculaire en organza et en tulle. Sa robe basse en filet scintillant ajoute une texture saisissante \u00e0 ce look glamour.\",\"breadcrumb\":{\"@id\":\"https:\\\/\\\/www.koonings.com\\\/fr\\\/product\\\/enzoani-scarlett\\\/#breadcrumb\"},\"inLanguage\":\"fr-FR\",\"potentialAction\":[{\"@type\":\"ReadAction\",\"target\":[\"https:\\\/\\\/www.koonings.com\\\/fr\\\/product\\\/enzoani-scarlett\\\/\"]}]},{\"@type\":\"ImageObject\",\"inLanguage\":\"fr-FR\",\"@id\":\"https:\\\/\\\/www.koonings.com\\\/fr\\\/product\\\/enzoani-scarlett\\\/#primaryimage\",\"url\":\"https:\\\/\\\/www.koonings.com\\\/wp-content\\\/uploads\\\/2024\\\/11\\\/38120_0720cf7b539b9205e7d7acdfe868927a93f604e15dcb3ba0b22a95d09a8b4aeec356c34a.jpeg\",\"contentUrl\":\"https:\\\/\\\/www.koonings.com\\\/wp-content\\\/uploads\\\/2024\\\/11\\\/38120_0720cf7b539b9205e7d7acdfe868927a93f604e15dcb3ba0b22a95d09a8b4aeec356c34a.jpeg\",\"width\":891,\"height\":1260},{\"@type\":\"BreadcrumbList\",\"@id\":\"https:\\\/\\\/www.koonings.com\\\/fr\\\/product\\\/enzoani-scarlett\\\/#breadcrumb\",\"itemListElement\":[{\"@type\":\"ListItem\",\"position\":1,\"name\":\"Home\",\"item\":\"https:\\\/\\\/www.koonings.com\\\/fr\\\/\"},{\"@type\":\"ListItem\",\"position\":2,\"name\":\"Enzoani Scarlett\"}]},{\"@type\":\"WebSite\",\"@id\":\"https:\\\/\\\/www.koonings.com\\\/fr\\\/#website\",\"url\":\"https:\\\/\\\/www.koonings.com\\\/fr\\\/\",\"name\":\"Koonings\",\"description\":\"De grootste bruidsmodewinkel ter wereld\",\"publisher\":{\"@id\":\"https:\\\/\\\/www.koonings.com\\\/fr\\\/#organization\"},\"potentialAction\":[{\"@type\":\"SearchAction\",\"target\":{\"@type\":\"EntryPoint\",\"urlTemplate\":\"https:\\\/\\\/www.koonings.com\\\/fr\\\/?s={search_term_string}\"},\"query-input\":{\"@type\":\"PropertyValueSpecification\",\"valueRequired\":true,\"valueName\":\"search_term_string\"}}],\"inLanguage\":\"fr-FR\"},{\"@type\":\"Organization\",\"@id\":\"https:\\\/\\\/www.koonings.com\\\/fr\\\/#organization\",\"name\":\"Koonings\",\"url\":\"https:\\\/\\\/www.koonings.com\\\/fr\\\/\",\"logo\":{\"@type\":\"ImageObject\",\"inLanguage\":\"fr-FR\",\"@id\":\"https:\\\/\\\/www.koonings.com\\\/fr\\\/#\\\/schema\\\/logo\\\/image\\\/\",\"url\":\"https:\\\/\\\/www.koonings.com\\\/wp-content\\\/uploads\\\/2024\\\/07\\\/logo.png\",\"contentUrl\":\"https:\\\/\\\/www.koonings.com\\\/wp-content\\\/uploads\\\/2024\\\/07\\\/logo.png\",\"width\":600,\"height\":428,\"caption\":\"Koonings\"},\"image\":{\"@id\":\"https:\\\/\\\/www.koonings.com\\\/fr\\\/#\\\/schema\\\/logo\\\/image\\\/\"},\"sameAs\":[\"https:\\\/\\\/www.facebook.com\\\/kooningstheweddingpalace\",\"https:\\\/\\\/www.instagram.com\\\/kooningstheweddingpalace\",\"https:\\\/\\\/www.pinterest.com\\\/koonings\",\"https:\\\/\\\/www.youtube.com\\\/kooningstheweddingpalace\"]}]}<\/script>\n<!-- \/ Yoast SEO plugin. -->","yoast_head_json":{"title":"Enzoani Scarlett | Koonings","description":"Cette robe de mari\u00e9e \u00e9blouissante et contemporaine de type A-line s\u00e9duit par son profond d\u00e9collet\u00e9 en V, sa fente sexy cach\u00e9e sur le devant et ses d\u00e9tails perl\u00e9s scintillants et complexes. La dentelle g\u00e9om\u00e9trique perl\u00e9e, audacieuse et magnifique, est appliqu\u00e9e de mani\u00e8re ludique pour accentuer les courbes f\u00e9minines, se noue \u00e0 la taille et se prolonge par une tra\u00eene luxuriante et spectaculaire en organza et en tulle. Sa robe basse en filet scintillant ajoute une texture saisissante \u00e0 ce look glamour.","robots":{"index":"index","follow":"follow","max-snippet":"max-snippet:-1","max-image-preview":"max-image-preview:large","max-video-preview":"max-video-preview:-1"},"canonical":"https:\/\/www.koonings.com\/fr\/product\/enzoani-scarlett\/","og_locale":"fr_FR","og_type":"article","og_title":"Enzoani Scarlett | Koonings","og_description":"Cette robe de mari\u00e9e \u00e9blouissante et contemporaine de type A-line s\u00e9duit par son profond d\u00e9collet\u00e9 en V, sa fente sexy cach\u00e9e sur le devant et ses d\u00e9tails perl\u00e9s scintillants et complexes. La dentelle g\u00e9om\u00e9trique perl\u00e9e, audacieuse et magnifique, est appliqu\u00e9e de mani\u00e8re ludique pour accentuer les courbes f\u00e9minines, se noue \u00e0 la taille et se prolonge par une tra\u00eene luxuriante et spectaculaire en organza et en tulle. Sa robe basse en filet scintillant ajoute une texture saisissante \u00e0 ce look glamour.","og_url":"https:\/\/www.koonings.com\/fr\/product\/enzoani-scarlett\/","og_site_name":"Koonings","article_publisher":"https:\/\/www.facebook.com\/kooningstheweddingpalace","article_modified_time":"2026-02-03T17:07:55+00:00","og_image":[{"width":891,"height":1260,"url":"https:\/\/www.koonings.com\/wp-content\/uploads\/2024\/11\/38120_0720cf7b539b9205e7d7acdfe868927a93f604e15dcb3ba0b22a95d09a8b4aeec356c34a.jpeg","type":"image\/jpeg"}],"twitter_card":"summary_large_image","schema":{"@context":"https:\/\/schema.org","@graph":[{"@type":"WebPage","@id":"https:\/\/www.koonings.com\/fr\/product\/enzoani-scarlett\/","url":"https:\/\/www.koonings.com\/fr\/product\/enzoani-scarlett\/","name":"Enzoani Scarlett | Koonings","isPartOf":{"@id":"https:\/\/www.koonings.com\/fr\/#website"},"primaryImageOfPage":{"@id":"https:\/\/www.koonings.com\/fr\/product\/enzoani-scarlett\/#primaryimage"},"image":{"@id":"https:\/\/www.koonings.com\/fr\/product\/enzoani-scarlett\/#primaryimage"},"thumbnailUrl":"https:\/\/www.koonings.com\/wp-content\/uploads\/2024\/11\/38120_0720cf7b539b9205e7d7acdfe868927a93f604e15dcb3ba0b22a95d09a8b4aeec356c34a.jpeg","datePublished":"2025-12-14T23:14:08+00:00","dateModified":"2026-02-03T17:07:55+00:00","description":"Cette robe de mari\u00e9e \u00e9blouissante et contemporaine de type A-line s\u00e9duit par son profond d\u00e9collet\u00e9 en V, sa fente sexy cach\u00e9e sur le devant et ses d\u00e9tails perl\u00e9s scintillants et complexes. La dentelle g\u00e9om\u00e9trique perl\u00e9e, audacieuse et magnifique, est appliqu\u00e9e de mani\u00e8re ludique pour accentuer les courbes f\u00e9minines, se noue \u00e0 la taille et se prolonge par une tra\u00eene luxuriante et spectaculaire en organza et en tulle. Sa robe basse en filet scintillant ajoute une texture saisissante \u00e0 ce look glamour.","breadcrumb":{"@id":"https:\/\/www.koonings.com\/fr\/product\/enzoani-scarlett\/#breadcrumb"},"inLanguage":"fr-FR","potentialAction":[{"@type":"ReadAction","target":["https:\/\/www.koonings.com\/fr\/product\/enzoani-scarlett\/"]}]},{"@type":"ImageObject","inLanguage":"fr-FR","@id":"https:\/\/www.koonings.com\/fr\/product\/enzoani-scarlett\/#primaryimage","url":"https:\/\/www.koonings.com\/wp-content\/uploads\/2024\/11\/38120_0720cf7b539b9205e7d7acdfe868927a93f604e15dcb3ba0b22a95d09a8b4aeec356c34a.jpeg","contentUrl":"https:\/\/www.koonings.com\/wp-content\/uploads\/2024\/11\/38120_0720cf7b539b9205e7d7acdfe868927a93f604e15dcb3ba0b22a95d09a8b4aeec356c34a.jpeg","width":891,"height":1260},{"@type":"BreadcrumbList","@id":"https:\/\/www.koonings.com\/fr\/product\/enzoani-scarlett\/#breadcrumb","itemListElement":[{"@type":"ListItem","position":1,"name":"Home","item":"https:\/\/www.koonings.com\/fr\/"},{"@type":"ListItem","position":2,"name":"Enzoani Scarlett"}]},{"@type":"WebSite","@id":"https:\/\/www.koonings.com\/fr\/#website","url":"https:\/\/www.koonings.com\/fr\/","name":"Koonings","description":"De grootste bruidsmodewinkel ter wereld","publisher":{"@id":"https:\/\/www.koonings.com\/fr\/#organization"},"potentialAction":[{"@type":"SearchAction","target":{"@type":"EntryPoint","urlTemplate":"https:\/\/www.koonings.com\/fr\/?s={search_term_string}"},"query-input":{"@type":"PropertyValueSpecification","valueRequired":true,"valueName":"search_term_string"}}],"inLanguage":"fr-FR"},{"@type":"Organization","@id":"https:\/\/www.koonings.com\/fr\/#organization","name":"Koonings","url":"https:\/\/www.koonings.com\/fr\/","logo":{"@type":"ImageObject","inLanguage":"fr-FR","@id":"https:\/\/www.koonings.com\/fr\/#\/schema\/logo\/image\/","url":"https:\/\/www.koonings.com\/wp-content\/uploads\/2024\/07\/logo.png","contentUrl":"https:\/\/www.koonings.com\/wp-content\/uploads\/2024\/07\/logo.png","width":600,"height":428,"caption":"Koonings"},"image":{"@id":"https:\/\/www.koonings.com\/fr\/#\/schema\/logo\/image\/"},"sameAs":["https:\/\/www.facebook.com\/kooningstheweddingpalace","https:\/\/www.instagram.com\/kooningstheweddingpalace","https:\/\/www.pinterest.com\/koonings","https:\/\/www.youtube.com\/kooningstheweddingpalace"]}]}},"_links":{"self":[{"href":"https:\/\/www.koonings.com\/fr\/wp-json\/wp\/v2\/product\/57179","targetHints":{"allow":["GET"]}}],"collection":[{"href":"https:\/\/www.koonings.com\/fr\/wp-json\/wp\/v2\/product"}],"about":[{"href":"https:\/\/www.koonings.com\/fr\/wp-json\/wp\/v2\/types\/product"}],"wp:featuredmedia":[{"embeddable":true,"href":"https:\/\/www.koonings.com\/fr\/wp-json\/wp\/v2\/media\/35192"}],"wp:attachment":[{"href":"https:\/\/www.koonings.com\/fr\/wp-json\/wp\/v2\/media?parent=57179"}],"wp:term":[{"taxonomy":"productdetails","embeddable":true,"href":"https:\/\/www.koonings.com\/fr\/wp-json\/wp\/v2\/productdetails?post=57179"},{"taxonomy":"productneck","embeddable":true,"href":"https:\/\/www.koonings.com\/fr\/wp-json\/wp\/v2\/productneck?post=57179"},{"taxonomy":"productcolor","embeddable":true,"href":"https:\/\/www.koonings.com\/fr\/wp-json\/wp\/v2\/productcolor?post=57179"},{"taxonomy":"maat","embeddable":true,"href":"https:\/\/www.koonings.com\/fr\/wp-json\/wp\/v2\/maat?post=57179"},{"taxonomy":"productsupplier","embeddable":true,"href":"https:\/\/www.koonings.com\/fr\/wp-json\/wp\/v2\/productsupplier?post=57179"},{"taxonomy":"productsleeve","embeddable":true,"href":"https:\/\/www.koonings.com\/fr\/wp-json\/wp\/v2\/productsleeve?post=57179"},{"taxonomy":"productcategory","embeddable":true,"href":"https:\/\/www.koonings.com\/fr\/wp-json\/wp\/v2\/productcategory?post=57179"},{"taxonomy":"productsilhouette","embeddable":true,"href":"https:\/\/www.koonings.com\/fr\/wp-json\/wp\/v2\/productsilhouette?post=57179"},{"taxonomy":"productstyle","embeddable":true,"href":"https:\/\/www.koonings.com\/fr\/wp-json\/wp\/v2\/productstyle?post=57179"}],"curies":[{"name":"wp","href":"https:\/\/api.w.org\/{rel}","templated":true}]}}