{"id":57174,"date":"2025-07-10T12:14:02","date_gmt":"2025-07-10T10:14:02","guid":{"rendered":"https:\/\/www.koonings.com\/product\/enzoani-blue-collection-promise\/"},"modified":"2025-06-05T12:30:58","modified_gmt":"2025-06-05T10:30:58","slug":"enzoani-blue-collection-promise","status":"publish","type":"product","link":"https:\/\/www.koonings.com\/fr\/product\/enzoani-blue-collection-promise\/","title":{"rendered":"Enzoani Blue collection Promise"},"content":{"rendered":"<p>Nous avons une grande histoire d&#8217;amour avec ce moment embl\u00e9matique de la sir\u00e8ne. Cette robe enchanteresse est recouverte de dentelle florale brod\u00e9e 3d de la t\u00eate aux pieds, avec un corsage structur\u00e9 s\u00e9duisant et des bretelles d\u00e9collet\u00e9es. Le dos ouvert accentue votre silhouette tout en apportant une touche de glamour avec sa tra\u00eene en cascade. Vous serez \u00e0 coup s\u00fbr la star du spectacle dans ce classique de Blue by Enzoani.   <\/p>\n","protected":false},"featured_media":35209,"template":"","meta":{"_acf_changed":false,"ghostkit_customizer_options":"","ghostkit_custom_css":"","ghostkit_custom_js_head":"","ghostkit_custom_js_foot":"","ghostkit_typography":""},"productdetails":[379,380,381],"productneck":[355],"productcolor":[393],"maat":[],"productsupplier":[405],"productsleeve":[363],"productcategory":[18],"productsilhouette":[387,390],"productstyle":[369,370],"class_list":["post-57174","product","type-product","status-publish","has-post-thumbnail","hentry","productdetails-379","productdetails-380","productdetails-381","productneck-355","productcolor-393","productsupplier-enzoani-blue-collection","productsleeve-363","productcategory-trouwjurken","productsilhouette-387","productsilhouette-390","productstyle-369","productstyle-370"],"acf":[],"yoast_head":"<!-- This site is optimized with the Yoast SEO plugin v27.3 - https:\/\/yoast.com\/product\/yoast-seo-wordpress\/ -->\n<title>Enzoani Blue collection Promise | Koonings<\/title>\n<meta name=\"description\" content=\"Nous avons une grande histoire d&#039;amour avec ce moment embl\u00e9matique de la sir\u00e8ne. Cette robe enchanteresse est recouverte de dentelle florale brod\u00e9e 3d de la t\u00eate aux pieds, avec un corsage structur\u00e9 s\u00e9duisant et des bretelles d\u00e9collet\u00e9es. Le dos ouvert accentue votre silhouette tout en apportant une touche de glamour avec sa tra\u00eene en cascade. Vous serez \u00e0 coup s\u00fbr la star du spectacle dans ce classique de Blue by Enzoani.\" \/>\n<meta name=\"robots\" content=\"index, follow, max-snippet:-1, max-image-preview:large, max-video-preview:-1\" \/>\n<link rel=\"canonical\" href=\"https:\/\/www.koonings.com\/fr\/product\/enzoani-blue-collection-promise\/\" \/>\n<meta property=\"og:locale\" content=\"fr_FR\" \/>\n<meta property=\"og:type\" content=\"article\" \/>\n<meta property=\"og:title\" content=\"Enzoani Blue collection Promise | Koonings\" \/>\n<meta property=\"og:description\" content=\"Nous avons une grande histoire d&#039;amour avec ce moment embl\u00e9matique de la sir\u00e8ne. Cette robe enchanteresse est recouverte de dentelle florale brod\u00e9e 3d de la t\u00eate aux pieds, avec un corsage structur\u00e9 s\u00e9duisant et des bretelles d\u00e9collet\u00e9es. Le dos ouvert accentue votre silhouette tout en apportant une touche de glamour avec sa tra\u00eene en cascade. Vous serez \u00e0 coup s\u00fbr la star du spectacle dans ce classique de Blue by Enzoani.\" \/>\n<meta property=\"og:url\" content=\"https:\/\/www.koonings.com\/fr\/product\/enzoani-blue-collection-promise\/\" \/>\n<meta property=\"og:site_name\" content=\"Koonings\" \/>\n<meta property=\"article:publisher\" content=\"https:\/\/www.facebook.com\/kooningstheweddingpalace\" \/>\n<meta property=\"og:image\" content=\"https:\/\/www.koonings.com\/wp-content\/uploads\/2024\/11\/38123_b44e6b4d688dfbbaf0aedf2f2d14b1465e8395819b0022a369d3906bdc6638f228b2f785.jpeg\" \/>\n\t<meta property=\"og:image:width\" content=\"963\" \/>\n\t<meta property=\"og:image:height\" content=\"1362\" \/>\n\t<meta property=\"og:image:type\" content=\"image\/jpeg\" \/>\n<meta name=\"twitter:card\" content=\"summary_large_image\" \/>\n<script type=\"application\/ld+json\" class=\"yoast-schema-graph\">{\"@context\":\"https:\\\/\\\/schema.org\",\"@graph\":[{\"@type\":\"WebPage\",\"@id\":\"https:\\\/\\\/www.koonings.com\\\/fr\\\/product\\\/enzoani-blue-collection-promise\\\/\",\"url\":\"https:\\\/\\\/www.koonings.com\\\/fr\\\/product\\\/enzoani-blue-collection-promise\\\/\",\"name\":\"Enzoani Blue collection Promise | Koonings\",\"isPartOf\":{\"@id\":\"https:\\\/\\\/www.koonings.com\\\/fr\\\/#website\"},\"primaryImageOfPage\":{\"@id\":\"https:\\\/\\\/www.koonings.com\\\/fr\\\/product\\\/enzoani-blue-collection-promise\\\/#primaryimage\"},\"image\":{\"@id\":\"https:\\\/\\\/www.koonings.com\\\/fr\\\/product\\\/enzoani-blue-collection-promise\\\/#primaryimage\"},\"thumbnailUrl\":\"https:\\\/\\\/www.koonings.com\\\/wp-content\\\/uploads\\\/2024\\\/11\\\/38123_b44e6b4d688dfbbaf0aedf2f2d14b1465e8395819b0022a369d3906bdc6638f228b2f785.jpeg\",\"datePublished\":\"2025-07-10T10:14:02+00:00\",\"description\":\"Nous avons une grande histoire d'amour avec ce moment embl\u00e9matique de la sir\u00e8ne. Cette robe enchanteresse est recouverte de dentelle florale brod\u00e9e 3d de la t\u00eate aux pieds, avec un corsage structur\u00e9 s\u00e9duisant et des bretelles d\u00e9collet\u00e9es. Le dos ouvert accentue votre silhouette tout en apportant une touche de glamour avec sa tra\u00eene en cascade. Vous serez \u00e0 coup s\u00fbr la star du spectacle dans ce classique de Blue by Enzoani.\",\"breadcrumb\":{\"@id\":\"https:\\\/\\\/www.koonings.com\\\/fr\\\/product\\\/enzoani-blue-collection-promise\\\/#breadcrumb\"},\"inLanguage\":\"fr-FR\",\"potentialAction\":[{\"@type\":\"ReadAction\",\"target\":[\"https:\\\/\\\/www.koonings.com\\\/fr\\\/product\\\/enzoani-blue-collection-promise\\\/\"]}]},{\"@type\":\"ImageObject\",\"inLanguage\":\"fr-FR\",\"@id\":\"https:\\\/\\\/www.koonings.com\\\/fr\\\/product\\\/enzoani-blue-collection-promise\\\/#primaryimage\",\"url\":\"https:\\\/\\\/www.koonings.com\\\/wp-content\\\/uploads\\\/2024\\\/11\\\/38123_b44e6b4d688dfbbaf0aedf2f2d14b1465e8395819b0022a369d3906bdc6638f228b2f785.jpeg\",\"contentUrl\":\"https:\\\/\\\/www.koonings.com\\\/wp-content\\\/uploads\\\/2024\\\/11\\\/38123_b44e6b4d688dfbbaf0aedf2f2d14b1465e8395819b0022a369d3906bdc6638f228b2f785.jpeg\",\"width\":963,\"height\":1362},{\"@type\":\"BreadcrumbList\",\"@id\":\"https:\\\/\\\/www.koonings.com\\\/fr\\\/product\\\/enzoani-blue-collection-promise\\\/#breadcrumb\",\"itemListElement\":[{\"@type\":\"ListItem\",\"position\":1,\"name\":\"Home\",\"item\":\"https:\\\/\\\/www.koonings.com\\\/fr\\\/\"},{\"@type\":\"ListItem\",\"position\":2,\"name\":\"Enzoani Blue collection Promise\"}]},{\"@type\":\"WebSite\",\"@id\":\"https:\\\/\\\/www.koonings.com\\\/fr\\\/#website\",\"url\":\"https:\\\/\\\/www.koonings.com\\\/fr\\\/\",\"name\":\"Koonings\",\"description\":\"De grootste bruidsmodewinkel ter wereld\",\"publisher\":{\"@id\":\"https:\\\/\\\/www.koonings.com\\\/fr\\\/#organization\"},\"potentialAction\":[{\"@type\":\"SearchAction\",\"target\":{\"@type\":\"EntryPoint\",\"urlTemplate\":\"https:\\\/\\\/www.koonings.com\\\/fr\\\/?s={search_term_string}\"},\"query-input\":{\"@type\":\"PropertyValueSpecification\",\"valueRequired\":true,\"valueName\":\"search_term_string\"}}],\"inLanguage\":\"fr-FR\"},{\"@type\":\"Organization\",\"@id\":\"https:\\\/\\\/www.koonings.com\\\/fr\\\/#organization\",\"name\":\"Koonings\",\"url\":\"https:\\\/\\\/www.koonings.com\\\/fr\\\/\",\"logo\":{\"@type\":\"ImageObject\",\"inLanguage\":\"fr-FR\",\"@id\":\"https:\\\/\\\/www.koonings.com\\\/fr\\\/#\\\/schema\\\/logo\\\/image\\\/\",\"url\":\"https:\\\/\\\/www.koonings.com\\\/wp-content\\\/uploads\\\/2024\\\/07\\\/logo.png\",\"contentUrl\":\"https:\\\/\\\/www.koonings.com\\\/wp-content\\\/uploads\\\/2024\\\/07\\\/logo.png\",\"width\":600,\"height\":428,\"caption\":\"Koonings\"},\"image\":{\"@id\":\"https:\\\/\\\/www.koonings.com\\\/fr\\\/#\\\/schema\\\/logo\\\/image\\\/\"},\"sameAs\":[\"https:\\\/\\\/www.facebook.com\\\/kooningstheweddingpalace\",\"https:\\\/\\\/www.instagram.com\\\/kooningstheweddingpalace\",\"https:\\\/\\\/www.pinterest.com\\\/koonings\",\"https:\\\/\\\/www.youtube.com\\\/kooningstheweddingpalace\"]}]}<\/script>\n<!-- \/ Yoast SEO plugin. -->","yoast_head_json":{"title":"Enzoani Blue collection Promise | Koonings","description":"Nous avons une grande histoire d'amour avec ce moment embl\u00e9matique de la sir\u00e8ne. Cette robe enchanteresse est recouverte de dentelle florale brod\u00e9e 3d de la t\u00eate aux pieds, avec un corsage structur\u00e9 s\u00e9duisant et des bretelles d\u00e9collet\u00e9es. Le dos ouvert accentue votre silhouette tout en apportant une touche de glamour avec sa tra\u00eene en cascade. Vous serez \u00e0 coup s\u00fbr la star du spectacle dans ce classique de Blue by Enzoani.","robots":{"index":"index","follow":"follow","max-snippet":"max-snippet:-1","max-image-preview":"max-image-preview:large","max-video-preview":"max-video-preview:-1"},"canonical":"https:\/\/www.koonings.com\/fr\/product\/enzoani-blue-collection-promise\/","og_locale":"fr_FR","og_type":"article","og_title":"Enzoani Blue collection Promise | Koonings","og_description":"Nous avons une grande histoire d'amour avec ce moment embl\u00e9matique de la sir\u00e8ne. Cette robe enchanteresse est recouverte de dentelle florale brod\u00e9e 3d de la t\u00eate aux pieds, avec un corsage structur\u00e9 s\u00e9duisant et des bretelles d\u00e9collet\u00e9es. Le dos ouvert accentue votre silhouette tout en apportant une touche de glamour avec sa tra\u00eene en cascade. Vous serez \u00e0 coup s\u00fbr la star du spectacle dans ce classique de Blue by Enzoani.","og_url":"https:\/\/www.koonings.com\/fr\/product\/enzoani-blue-collection-promise\/","og_site_name":"Koonings","article_publisher":"https:\/\/www.facebook.com\/kooningstheweddingpalace","og_image":[{"width":963,"height":1362,"url":"https:\/\/www.koonings.com\/wp-content\/uploads\/2024\/11\/38123_b44e6b4d688dfbbaf0aedf2f2d14b1465e8395819b0022a369d3906bdc6638f228b2f785.jpeg","type":"image\/jpeg"}],"twitter_card":"summary_large_image","schema":{"@context":"https:\/\/schema.org","@graph":[{"@type":"WebPage","@id":"https:\/\/www.koonings.com\/fr\/product\/enzoani-blue-collection-promise\/","url":"https:\/\/www.koonings.com\/fr\/product\/enzoani-blue-collection-promise\/","name":"Enzoani Blue collection Promise | Koonings","isPartOf":{"@id":"https:\/\/www.koonings.com\/fr\/#website"},"primaryImageOfPage":{"@id":"https:\/\/www.koonings.com\/fr\/product\/enzoani-blue-collection-promise\/#primaryimage"},"image":{"@id":"https:\/\/www.koonings.com\/fr\/product\/enzoani-blue-collection-promise\/#primaryimage"},"thumbnailUrl":"https:\/\/www.koonings.com\/wp-content\/uploads\/2024\/11\/38123_b44e6b4d688dfbbaf0aedf2f2d14b1465e8395819b0022a369d3906bdc6638f228b2f785.jpeg","datePublished":"2025-07-10T10:14:02+00:00","description":"Nous avons une grande histoire d'amour avec ce moment embl\u00e9matique de la sir\u00e8ne. Cette robe enchanteresse est recouverte de dentelle florale brod\u00e9e 3d de la t\u00eate aux pieds, avec un corsage structur\u00e9 s\u00e9duisant et des bretelles d\u00e9collet\u00e9es. Le dos ouvert accentue votre silhouette tout en apportant une touche de glamour avec sa tra\u00eene en cascade. Vous serez \u00e0 coup s\u00fbr la star du spectacle dans ce classique de Blue by Enzoani.","breadcrumb":{"@id":"https:\/\/www.koonings.com\/fr\/product\/enzoani-blue-collection-promise\/#breadcrumb"},"inLanguage":"fr-FR","potentialAction":[{"@type":"ReadAction","target":["https:\/\/www.koonings.com\/fr\/product\/enzoani-blue-collection-promise\/"]}]},{"@type":"ImageObject","inLanguage":"fr-FR","@id":"https:\/\/www.koonings.com\/fr\/product\/enzoani-blue-collection-promise\/#primaryimage","url":"https:\/\/www.koonings.com\/wp-content\/uploads\/2024\/11\/38123_b44e6b4d688dfbbaf0aedf2f2d14b1465e8395819b0022a369d3906bdc6638f228b2f785.jpeg","contentUrl":"https:\/\/www.koonings.com\/wp-content\/uploads\/2024\/11\/38123_b44e6b4d688dfbbaf0aedf2f2d14b1465e8395819b0022a369d3906bdc6638f228b2f785.jpeg","width":963,"height":1362},{"@type":"BreadcrumbList","@id":"https:\/\/www.koonings.com\/fr\/product\/enzoani-blue-collection-promise\/#breadcrumb","itemListElement":[{"@type":"ListItem","position":1,"name":"Home","item":"https:\/\/www.koonings.com\/fr\/"},{"@type":"ListItem","position":2,"name":"Enzoani Blue collection Promise"}]},{"@type":"WebSite","@id":"https:\/\/www.koonings.com\/fr\/#website","url":"https:\/\/www.koonings.com\/fr\/","name":"Koonings","description":"De grootste bruidsmodewinkel ter wereld","publisher":{"@id":"https:\/\/www.koonings.com\/fr\/#organization"},"potentialAction":[{"@type":"SearchAction","target":{"@type":"EntryPoint","urlTemplate":"https:\/\/www.koonings.com\/fr\/?s={search_term_string}"},"query-input":{"@type":"PropertyValueSpecification","valueRequired":true,"valueName":"search_term_string"}}],"inLanguage":"fr-FR"},{"@type":"Organization","@id":"https:\/\/www.koonings.com\/fr\/#organization","name":"Koonings","url":"https:\/\/www.koonings.com\/fr\/","logo":{"@type":"ImageObject","inLanguage":"fr-FR","@id":"https:\/\/www.koonings.com\/fr\/#\/schema\/logo\/image\/","url":"https:\/\/www.koonings.com\/wp-content\/uploads\/2024\/07\/logo.png","contentUrl":"https:\/\/www.koonings.com\/wp-content\/uploads\/2024\/07\/logo.png","width":600,"height":428,"caption":"Koonings"},"image":{"@id":"https:\/\/www.koonings.com\/fr\/#\/schema\/logo\/image\/"},"sameAs":["https:\/\/www.facebook.com\/kooningstheweddingpalace","https:\/\/www.instagram.com\/kooningstheweddingpalace","https:\/\/www.pinterest.com\/koonings","https:\/\/www.youtube.com\/kooningstheweddingpalace"]}]}},"_links":{"self":[{"href":"https:\/\/www.koonings.com\/fr\/wp-json\/wp\/v2\/product\/57174","targetHints":{"allow":["GET"]}}],"collection":[{"href":"https:\/\/www.koonings.com\/fr\/wp-json\/wp\/v2\/product"}],"about":[{"href":"https:\/\/www.koonings.com\/fr\/wp-json\/wp\/v2\/types\/product"}],"wp:featuredmedia":[{"embeddable":true,"href":"https:\/\/www.koonings.com\/fr\/wp-json\/wp\/v2\/media\/35209"}],"wp:attachment":[{"href":"https:\/\/www.koonings.com\/fr\/wp-json\/wp\/v2\/media?parent=57174"}],"wp:term":[{"taxonomy":"productdetails","embeddable":true,"href":"https:\/\/www.koonings.com\/fr\/wp-json\/wp\/v2\/productdetails?post=57174"},{"taxonomy":"productneck","embeddable":true,"href":"https:\/\/www.koonings.com\/fr\/wp-json\/wp\/v2\/productneck?post=57174"},{"taxonomy":"productcolor","embeddable":true,"href":"https:\/\/www.koonings.com\/fr\/wp-json\/wp\/v2\/productcolor?post=57174"},{"taxonomy":"maat","embeddable":true,"href":"https:\/\/www.koonings.com\/fr\/wp-json\/wp\/v2\/maat?post=57174"},{"taxonomy":"productsupplier","embeddable":true,"href":"https:\/\/www.koonings.com\/fr\/wp-json\/wp\/v2\/productsupplier?post=57174"},{"taxonomy":"productsleeve","embeddable":true,"href":"https:\/\/www.koonings.com\/fr\/wp-json\/wp\/v2\/productsleeve?post=57174"},{"taxonomy":"productcategory","embeddable":true,"href":"https:\/\/www.koonings.com\/fr\/wp-json\/wp\/v2\/productcategory?post=57174"},{"taxonomy":"productsilhouette","embeddable":true,"href":"https:\/\/www.koonings.com\/fr\/wp-json\/wp\/v2\/productsilhouette?post=57174"},{"taxonomy":"productstyle","embeddable":true,"href":"https:\/\/www.koonings.com\/fr\/wp-json\/wp\/v2\/productstyle?post=57174"}],"curies":[{"name":"wp","href":"https:\/\/api.w.org\/{rel}","templated":true}]}}