{"id":57168,"date":"2026-04-28T18:10:11","date_gmt":"2026-04-28T16:10:11","guid":{"rendered":"https:\/\/www.koonings.com\/product\/wona-concept-iman\/"},"modified":"2026-02-16T14:35:37","modified_gmt":"2026-02-16T13:35:37","slug":"wona-concept-iman","status":"publish","type":"product","link":"https:\/\/www.koonings.com\/fr\/product\/wona-concept-iman\/","title":{"rendered":"Concept Wona Iman"},"content":{"rendered":"<p>Une robe sir\u00e8ne f\u00e9minine et structur\u00e9e, orn\u00e9e d&#8217;une d\u00e9licate dentelle brod\u00e9e \u00e0 la main et agr\u00e9ment\u00e9e d&#8217;empi\u00e8cements lat\u00e9raux nus et transparents. Un corset est agr\u00e9ment\u00e9 d&#8217;un col montant, de longues manches ajust\u00e9es et d&#8217;\u00e9paulettes qui ajoutent de la solennit\u00e9. Une jupe trompette tr\u00e8s ajust\u00e9e est aussi frappante que sexy et se transforme en une tra\u00eene chapelle nette et fluide. Pour un look plus opulent, la robe peut \u00eatre rehauss\u00e9e d&#8217;une surjupe amovible compos\u00e9e de rang\u00e9es de volants de tulle en cascade.   <\/p>\n","protected":false},"featured_media":35244,"template":"","meta":{"_acf_changed":false,"ghostkit_customizer_options":"","ghostkit_custom_css":"","ghostkit_custom_js_head":"","ghostkit_custom_js_foot":"","ghostkit_typography":""},"productdetails":[376],"productneck":[350],"productcolor":[392],"maat":[],"productsupplier":[441],"productsleeve":[362],"productcategory":[18],"productsilhouette":[387,390,391],"productstyle":[369,366],"class_list":["post-57168","product","type-product","status-publish","has-post-thumbnail","hentry","productdetails-376","productneck-350","productcolor-392","productsupplier-wona-concept","productsleeve-362","productcategory-trouwjurken","productsilhouette-387","productsilhouette-390","productsilhouette-391","productstyle-369","productstyle-366"],"acf":[],"yoast_head":"<!-- This site is optimized with the Yoast SEO plugin v27.3 - https:\/\/yoast.com\/product\/yoast-seo-wordpress\/ -->\n<title>Concept Wona Iman | Koonings<\/title>\n<meta name=\"description\" content=\"Une robe sir\u00e8ne f\u00e9minine et structur\u00e9e, orn\u00e9e d&#039;une d\u00e9licate dentelle brod\u00e9e \u00e0 la main et agr\u00e9ment\u00e9e d&#039;empi\u00e8cements lat\u00e9raux nus et transparents. Un corset est agr\u00e9ment\u00e9 d&#039;un col montant, de longues manches ajust\u00e9es et d&#039;\u00e9paulettes qui ajoutent de la solennit\u00e9. Une jupe trompette tr\u00e8s ajust\u00e9e est aussi frappante que sexy et se transforme en une tra\u00eene chapelle nette et fluide. Pour un look plus opulent, la robe peut \u00eatre rehauss\u00e9e d&#039;une surjupe amovible compos\u00e9e de rang\u00e9es de volants de tulle en cascade.\" \/>\n<meta name=\"robots\" content=\"index, follow, max-snippet:-1, max-image-preview:large, max-video-preview:-1\" \/>\n<link rel=\"canonical\" href=\"https:\/\/www.koonings.com\/fr\/product\/wona-concept-iman\/\" \/>\n<meta property=\"og:locale\" content=\"fr_FR\" \/>\n<meta property=\"og:type\" content=\"article\" \/>\n<meta property=\"og:title\" content=\"Concept Wona Iman | Koonings\" \/>\n<meta property=\"og:description\" content=\"Une robe sir\u00e8ne f\u00e9minine et structur\u00e9e, orn\u00e9e d&#039;une d\u00e9licate dentelle brod\u00e9e \u00e0 la main et agr\u00e9ment\u00e9e d&#039;empi\u00e8cements lat\u00e9raux nus et transparents. Un corset est agr\u00e9ment\u00e9 d&#039;un col montant, de longues manches ajust\u00e9es et d&#039;\u00e9paulettes qui ajoutent de la solennit\u00e9. Une jupe trompette tr\u00e8s ajust\u00e9e est aussi frappante que sexy et se transforme en une tra\u00eene chapelle nette et fluide. Pour un look plus opulent, la robe peut \u00eatre rehauss\u00e9e d&#039;une surjupe amovible compos\u00e9e de rang\u00e9es de volants de tulle en cascade.\" \/>\n<meta property=\"og:url\" content=\"https:\/\/www.koonings.com\/fr\/product\/wona-concept-iman\/\" \/>\n<meta property=\"og:site_name\" content=\"Koonings\" \/>\n<meta property=\"article:publisher\" content=\"https:\/\/www.facebook.com\/kooningstheweddingpalace\" \/>\n<meta property=\"og:image\" content=\"https:\/\/www.koonings.com\/wp-content\/uploads\/2024\/11\/38136_db64e3336cc7613eca3003ee484eab1adb750d817b584790e9e1be6c4665423b5b4f4166-scaled.jpeg\" \/>\n\t<meta property=\"og:image:width\" content=\"1814\" \/>\n\t<meta property=\"og:image:height\" content=\"2560\" \/>\n\t<meta property=\"og:image:type\" content=\"image\/jpeg\" \/>\n<meta name=\"twitter:card\" content=\"summary_large_image\" \/>\n<script type=\"application\/ld+json\" class=\"yoast-schema-graph\">{\"@context\":\"https:\\\/\\\/schema.org\",\"@graph\":[{\"@type\":\"WebPage\",\"@id\":\"https:\\\/\\\/www.koonings.com\\\/fr\\\/product\\\/wona-concept-iman\\\/\",\"url\":\"https:\\\/\\\/www.koonings.com\\\/fr\\\/product\\\/wona-concept-iman\\\/\",\"name\":\"Concept Wona Iman | Koonings\",\"isPartOf\":{\"@id\":\"https:\\\/\\\/www.koonings.com\\\/fr\\\/#website\"},\"primaryImageOfPage\":{\"@id\":\"https:\\\/\\\/www.koonings.com\\\/fr\\\/product\\\/wona-concept-iman\\\/#primaryimage\"},\"image\":{\"@id\":\"https:\\\/\\\/www.koonings.com\\\/fr\\\/product\\\/wona-concept-iman\\\/#primaryimage\"},\"thumbnailUrl\":\"https:\\\/\\\/www.koonings.com\\\/wp-content\\\/uploads\\\/2024\\\/11\\\/38136_db64e3336cc7613eca3003ee484eab1adb750d817b584790e9e1be6c4665423b5b4f4166-scaled.jpeg\",\"datePublished\":\"2026-04-28T16:10:11+00:00\",\"description\":\"Une robe sir\u00e8ne f\u00e9minine et structur\u00e9e, orn\u00e9e d'une d\u00e9licate dentelle brod\u00e9e \u00e0 la main et agr\u00e9ment\u00e9e d'empi\u00e8cements lat\u00e9raux nus et transparents. Un corset est agr\u00e9ment\u00e9 d'un col montant, de longues manches ajust\u00e9es et d'\u00e9paulettes qui ajoutent de la solennit\u00e9. Une jupe trompette tr\u00e8s ajust\u00e9e est aussi frappante que sexy et se transforme en une tra\u00eene chapelle nette et fluide. Pour un look plus opulent, la robe peut \u00eatre rehauss\u00e9e d'une surjupe amovible compos\u00e9e de rang\u00e9es de volants de tulle en cascade.\",\"breadcrumb\":{\"@id\":\"https:\\\/\\\/www.koonings.com\\\/fr\\\/product\\\/wona-concept-iman\\\/#breadcrumb\"},\"inLanguage\":\"fr-FR\",\"potentialAction\":[{\"@type\":\"ReadAction\",\"target\":[\"https:\\\/\\\/www.koonings.com\\\/fr\\\/product\\\/wona-concept-iman\\\/\"]}]},{\"@type\":\"ImageObject\",\"inLanguage\":\"fr-FR\",\"@id\":\"https:\\\/\\\/www.koonings.com\\\/fr\\\/product\\\/wona-concept-iman\\\/#primaryimage\",\"url\":\"https:\\\/\\\/www.koonings.com\\\/wp-content\\\/uploads\\\/2024\\\/11\\\/38136_db64e3336cc7613eca3003ee484eab1adb750d817b584790e9e1be6c4665423b5b4f4166-scaled.jpeg\",\"contentUrl\":\"https:\\\/\\\/www.koonings.com\\\/wp-content\\\/uploads\\\/2024\\\/11\\\/38136_db64e3336cc7613eca3003ee484eab1adb750d817b584790e9e1be6c4665423b5b4f4166-scaled.jpeg\",\"width\":1814,\"height\":2560},{\"@type\":\"BreadcrumbList\",\"@id\":\"https:\\\/\\\/www.koonings.com\\\/fr\\\/product\\\/wona-concept-iman\\\/#breadcrumb\",\"itemListElement\":[{\"@type\":\"ListItem\",\"position\":1,\"name\":\"Home\",\"item\":\"https:\\\/\\\/www.koonings.com\\\/fr\\\/\"},{\"@type\":\"ListItem\",\"position\":2,\"name\":\"Concept Wona Iman\"}]},{\"@type\":\"WebSite\",\"@id\":\"https:\\\/\\\/www.koonings.com\\\/fr\\\/#website\",\"url\":\"https:\\\/\\\/www.koonings.com\\\/fr\\\/\",\"name\":\"Koonings\",\"description\":\"De grootste bruidsmodewinkel ter wereld\",\"publisher\":{\"@id\":\"https:\\\/\\\/www.koonings.com\\\/fr\\\/#organization\"},\"potentialAction\":[{\"@type\":\"SearchAction\",\"target\":{\"@type\":\"EntryPoint\",\"urlTemplate\":\"https:\\\/\\\/www.koonings.com\\\/fr\\\/?s={search_term_string}\"},\"query-input\":{\"@type\":\"PropertyValueSpecification\",\"valueRequired\":true,\"valueName\":\"search_term_string\"}}],\"inLanguage\":\"fr-FR\"},{\"@type\":\"Organization\",\"@id\":\"https:\\\/\\\/www.koonings.com\\\/fr\\\/#organization\",\"name\":\"Koonings\",\"url\":\"https:\\\/\\\/www.koonings.com\\\/fr\\\/\",\"logo\":{\"@type\":\"ImageObject\",\"inLanguage\":\"fr-FR\",\"@id\":\"https:\\\/\\\/www.koonings.com\\\/fr\\\/#\\\/schema\\\/logo\\\/image\\\/\",\"url\":\"https:\\\/\\\/www.koonings.com\\\/wp-content\\\/uploads\\\/2024\\\/07\\\/logo.png\",\"contentUrl\":\"https:\\\/\\\/www.koonings.com\\\/wp-content\\\/uploads\\\/2024\\\/07\\\/logo.png\",\"width\":600,\"height\":428,\"caption\":\"Koonings\"},\"image\":{\"@id\":\"https:\\\/\\\/www.koonings.com\\\/fr\\\/#\\\/schema\\\/logo\\\/image\\\/\"},\"sameAs\":[\"https:\\\/\\\/www.facebook.com\\\/kooningstheweddingpalace\",\"https:\\\/\\\/www.instagram.com\\\/kooningstheweddingpalace\",\"https:\\\/\\\/www.pinterest.com\\\/koonings\",\"https:\\\/\\\/www.youtube.com\\\/kooningstheweddingpalace\"]}]}<\/script>\n<!-- \/ Yoast SEO plugin. -->","yoast_head_json":{"title":"Concept Wona Iman | Koonings","description":"Une robe sir\u00e8ne f\u00e9minine et structur\u00e9e, orn\u00e9e d'une d\u00e9licate dentelle brod\u00e9e \u00e0 la main et agr\u00e9ment\u00e9e d'empi\u00e8cements lat\u00e9raux nus et transparents. Un corset est agr\u00e9ment\u00e9 d'un col montant, de longues manches ajust\u00e9es et d'\u00e9paulettes qui ajoutent de la solennit\u00e9. Une jupe trompette tr\u00e8s ajust\u00e9e est aussi frappante que sexy et se transforme en une tra\u00eene chapelle nette et fluide. Pour un look plus opulent, la robe peut \u00eatre rehauss\u00e9e d'une surjupe amovible compos\u00e9e de rang\u00e9es de volants de tulle en cascade.","robots":{"index":"index","follow":"follow","max-snippet":"max-snippet:-1","max-image-preview":"max-image-preview:large","max-video-preview":"max-video-preview:-1"},"canonical":"https:\/\/www.koonings.com\/fr\/product\/wona-concept-iman\/","og_locale":"fr_FR","og_type":"article","og_title":"Concept Wona Iman | Koonings","og_description":"Une robe sir\u00e8ne f\u00e9minine et structur\u00e9e, orn\u00e9e d'une d\u00e9licate dentelle brod\u00e9e \u00e0 la main et agr\u00e9ment\u00e9e d'empi\u00e8cements lat\u00e9raux nus et transparents. Un corset est agr\u00e9ment\u00e9 d'un col montant, de longues manches ajust\u00e9es et d'\u00e9paulettes qui ajoutent de la solennit\u00e9. Une jupe trompette tr\u00e8s ajust\u00e9e est aussi frappante que sexy et se transforme en une tra\u00eene chapelle nette et fluide. Pour un look plus opulent, la robe peut \u00eatre rehauss\u00e9e d'une surjupe amovible compos\u00e9e de rang\u00e9es de volants de tulle en cascade.","og_url":"https:\/\/www.koonings.com\/fr\/product\/wona-concept-iman\/","og_site_name":"Koonings","article_publisher":"https:\/\/www.facebook.com\/kooningstheweddingpalace","og_image":[{"width":1814,"height":2560,"url":"https:\/\/www.koonings.com\/wp-content\/uploads\/2024\/11\/38136_db64e3336cc7613eca3003ee484eab1adb750d817b584790e9e1be6c4665423b5b4f4166-scaled.jpeg","type":"image\/jpeg"}],"twitter_card":"summary_large_image","schema":{"@context":"https:\/\/schema.org","@graph":[{"@type":"WebPage","@id":"https:\/\/www.koonings.com\/fr\/product\/wona-concept-iman\/","url":"https:\/\/www.koonings.com\/fr\/product\/wona-concept-iman\/","name":"Concept Wona Iman | Koonings","isPartOf":{"@id":"https:\/\/www.koonings.com\/fr\/#website"},"primaryImageOfPage":{"@id":"https:\/\/www.koonings.com\/fr\/product\/wona-concept-iman\/#primaryimage"},"image":{"@id":"https:\/\/www.koonings.com\/fr\/product\/wona-concept-iman\/#primaryimage"},"thumbnailUrl":"https:\/\/www.koonings.com\/wp-content\/uploads\/2024\/11\/38136_db64e3336cc7613eca3003ee484eab1adb750d817b584790e9e1be6c4665423b5b4f4166-scaled.jpeg","datePublished":"2026-04-28T16:10:11+00:00","description":"Une robe sir\u00e8ne f\u00e9minine et structur\u00e9e, orn\u00e9e d'une d\u00e9licate dentelle brod\u00e9e \u00e0 la main et agr\u00e9ment\u00e9e d'empi\u00e8cements lat\u00e9raux nus et transparents. Un corset est agr\u00e9ment\u00e9 d'un col montant, de longues manches ajust\u00e9es et d'\u00e9paulettes qui ajoutent de la solennit\u00e9. Une jupe trompette tr\u00e8s ajust\u00e9e est aussi frappante que sexy et se transforme en une tra\u00eene chapelle nette et fluide. Pour un look plus opulent, la robe peut \u00eatre rehauss\u00e9e d'une surjupe amovible compos\u00e9e de rang\u00e9es de volants de tulle en cascade.","breadcrumb":{"@id":"https:\/\/www.koonings.com\/fr\/product\/wona-concept-iman\/#breadcrumb"},"inLanguage":"fr-FR","potentialAction":[{"@type":"ReadAction","target":["https:\/\/www.koonings.com\/fr\/product\/wona-concept-iman\/"]}]},{"@type":"ImageObject","inLanguage":"fr-FR","@id":"https:\/\/www.koonings.com\/fr\/product\/wona-concept-iman\/#primaryimage","url":"https:\/\/www.koonings.com\/wp-content\/uploads\/2024\/11\/38136_db64e3336cc7613eca3003ee484eab1adb750d817b584790e9e1be6c4665423b5b4f4166-scaled.jpeg","contentUrl":"https:\/\/www.koonings.com\/wp-content\/uploads\/2024\/11\/38136_db64e3336cc7613eca3003ee484eab1adb750d817b584790e9e1be6c4665423b5b4f4166-scaled.jpeg","width":1814,"height":2560},{"@type":"BreadcrumbList","@id":"https:\/\/www.koonings.com\/fr\/product\/wona-concept-iman\/#breadcrumb","itemListElement":[{"@type":"ListItem","position":1,"name":"Home","item":"https:\/\/www.koonings.com\/fr\/"},{"@type":"ListItem","position":2,"name":"Concept Wona Iman"}]},{"@type":"WebSite","@id":"https:\/\/www.koonings.com\/fr\/#website","url":"https:\/\/www.koonings.com\/fr\/","name":"Koonings","description":"De grootste bruidsmodewinkel ter wereld","publisher":{"@id":"https:\/\/www.koonings.com\/fr\/#organization"},"potentialAction":[{"@type":"SearchAction","target":{"@type":"EntryPoint","urlTemplate":"https:\/\/www.koonings.com\/fr\/?s={search_term_string}"},"query-input":{"@type":"PropertyValueSpecification","valueRequired":true,"valueName":"search_term_string"}}],"inLanguage":"fr-FR"},{"@type":"Organization","@id":"https:\/\/www.koonings.com\/fr\/#organization","name":"Koonings","url":"https:\/\/www.koonings.com\/fr\/","logo":{"@type":"ImageObject","inLanguage":"fr-FR","@id":"https:\/\/www.koonings.com\/fr\/#\/schema\/logo\/image\/","url":"https:\/\/www.koonings.com\/wp-content\/uploads\/2024\/07\/logo.png","contentUrl":"https:\/\/www.koonings.com\/wp-content\/uploads\/2024\/07\/logo.png","width":600,"height":428,"caption":"Koonings"},"image":{"@id":"https:\/\/www.koonings.com\/fr\/#\/schema\/logo\/image\/"},"sameAs":["https:\/\/www.facebook.com\/kooningstheweddingpalace","https:\/\/www.instagram.com\/kooningstheweddingpalace","https:\/\/www.pinterest.com\/koonings","https:\/\/www.youtube.com\/kooningstheweddingpalace"]}]}},"_links":{"self":[{"href":"https:\/\/www.koonings.com\/fr\/wp-json\/wp\/v2\/product\/57168","targetHints":{"allow":["GET"]}}],"collection":[{"href":"https:\/\/www.koonings.com\/fr\/wp-json\/wp\/v2\/product"}],"about":[{"href":"https:\/\/www.koonings.com\/fr\/wp-json\/wp\/v2\/types\/product"}],"wp:featuredmedia":[{"embeddable":true,"href":"https:\/\/www.koonings.com\/fr\/wp-json\/wp\/v2\/media\/35244"}],"wp:attachment":[{"href":"https:\/\/www.koonings.com\/fr\/wp-json\/wp\/v2\/media?parent=57168"}],"wp:term":[{"taxonomy":"productdetails","embeddable":true,"href":"https:\/\/www.koonings.com\/fr\/wp-json\/wp\/v2\/productdetails?post=57168"},{"taxonomy":"productneck","embeddable":true,"href":"https:\/\/www.koonings.com\/fr\/wp-json\/wp\/v2\/productneck?post=57168"},{"taxonomy":"productcolor","embeddable":true,"href":"https:\/\/www.koonings.com\/fr\/wp-json\/wp\/v2\/productcolor?post=57168"},{"taxonomy":"maat","embeddable":true,"href":"https:\/\/www.koonings.com\/fr\/wp-json\/wp\/v2\/maat?post=57168"},{"taxonomy":"productsupplier","embeddable":true,"href":"https:\/\/www.koonings.com\/fr\/wp-json\/wp\/v2\/productsupplier?post=57168"},{"taxonomy":"productsleeve","embeddable":true,"href":"https:\/\/www.koonings.com\/fr\/wp-json\/wp\/v2\/productsleeve?post=57168"},{"taxonomy":"productcategory","embeddable":true,"href":"https:\/\/www.koonings.com\/fr\/wp-json\/wp\/v2\/productcategory?post=57168"},{"taxonomy":"productsilhouette","embeddable":true,"href":"https:\/\/www.koonings.com\/fr\/wp-json\/wp\/v2\/productsilhouette?post=57168"},{"taxonomy":"productstyle","embeddable":true,"href":"https:\/\/www.koonings.com\/fr\/wp-json\/wp\/v2\/productstyle?post=57168"}],"curies":[{"name":"wp","href":"https:\/\/api.w.org\/{rel}","templated":true}]}}