{"id":57159,"date":"2025-12-15T00:14:12","date_gmt":"2025-12-14T23:14:12","guid":{"rendered":"https:\/\/www.koonings.com\/product\/stella-york-7598zz11\/"},"modified":"2026-02-03T18:08:35","modified_gmt":"2026-02-03T17:08:35","slug":"stella-york-7598zz11","status":"publish","type":"product","link":"https:\/\/www.koonings.com\/fr\/product\/stella-york-7598zz11\/","title":{"rendered":"Stella York 7598ZZ11"},"content":{"rendered":"<p>Robe de mari\u00e9e simple et moderne avec bretelles spaghetti Magnifique et \u00e9l\u00e9gante, cette robe de mari\u00e9e sophistiqu\u00e9e et simple a tout pour plaire. Les bretelles spaghetti subtilement fines du mod\u00e8le 7598, une encolure moderne avec des encoches, ajoutent une touche architecturale au tissu minimaliste en cr\u00eape ivoire pur. L&#8217;esth\u00e9tique \u00e9pur\u00e9e est encore renforc\u00e9e par la silhouette contemporaine de la robe \u00e0 colonnes qui suit les courbes naturelles du corps. Le dos en V, les boutons traditionnels recouverts de tissu et la tra\u00eene fluide compl\u00e8tent cette vision moderne de la mode nuptiale \u00e9l\u00e9gante.   <\/p>\n","protected":false},"featured_media":35333,"template":"","meta":{"_acf_changed":false,"ghostkit_customizer_options":"","ghostkit_custom_css":"","ghostkit_custom_js_head":"","ghostkit_custom_js_foot":"","ghostkit_typography":""},"productdetails":[],"productneck":[],"productcolor":[392],"maat":[],"productsupplier":[442],"productsleeve":[],"productcategory":[18],"productsilhouette":[],"productstyle":[],"class_list":["post-57159","product","type-product","status-publish","has-post-thumbnail","hentry","productcolor-392","productsupplier-stella-york","productcategory-trouwjurken"],"acf":[],"yoast_head":"<!-- This site is optimized with the Yoast SEO plugin v27.3 - https:\/\/yoast.com\/product\/yoast-seo-wordpress\/ -->\n<title>Stella York 7598ZZ11 | Koonings<\/title>\n<meta name=\"description\" content=\"Robe de mari\u00e9e simple et moderne avec bretelles spaghetti Magnifique et \u00e9l\u00e9gante, cette robe de mari\u00e9e sophistiqu\u00e9e et simple a tout pour plaire. Les bretelles spaghetti subtilement fines du mod\u00e8le 7598, une encolure moderne avec des encoches, ajoutent une touche architecturale au tissu minimaliste en cr\u00eape ivoire pur. L&#039;esth\u00e9tique \u00e9pur\u00e9e est encore renforc\u00e9e par la silhouette contemporaine de la robe \u00e0 colonnes qui suit les courbes naturelles du corps. Le dos en V, les boutons traditionnels recouverts de tissu et la tra\u00eene fluide compl\u00e8tent cette vision moderne de la mode nuptiale \u00e9l\u00e9gante.\" \/>\n<meta name=\"robots\" content=\"index, follow, max-snippet:-1, max-image-preview:large, max-video-preview:-1\" \/>\n<link rel=\"canonical\" href=\"https:\/\/www.koonings.com\/fr\/product\/stella-york-7598zz11\/\" \/>\n<meta property=\"og:locale\" content=\"fr_FR\" \/>\n<meta property=\"og:type\" content=\"article\" \/>\n<meta property=\"og:title\" content=\"Stella York 7598ZZ11 | Koonings\" \/>\n<meta property=\"og:description\" content=\"Robe de mari\u00e9e simple et moderne avec bretelles spaghetti Magnifique et \u00e9l\u00e9gante, cette robe de mari\u00e9e sophistiqu\u00e9e et simple a tout pour plaire. Les bretelles spaghetti subtilement fines du mod\u00e8le 7598, une encolure moderne avec des encoches, ajoutent une touche architecturale au tissu minimaliste en cr\u00eape ivoire pur. L&#039;esth\u00e9tique \u00e9pur\u00e9e est encore renforc\u00e9e par la silhouette contemporaine de la robe \u00e0 colonnes qui suit les courbes naturelles du corps. Le dos en V, les boutons traditionnels recouverts de tissu et la tra\u00eene fluide compl\u00e8tent cette vision moderne de la mode nuptiale \u00e9l\u00e9gante.\" \/>\n<meta property=\"og:url\" content=\"https:\/\/www.koonings.com\/fr\/product\/stella-york-7598zz11\/\" \/>\n<meta property=\"og:site_name\" content=\"Koonings\" \/>\n<meta property=\"article:publisher\" content=\"https:\/\/www.facebook.com\/kooningstheweddingpalace\" \/>\n<meta property=\"article:modified_time\" content=\"2026-02-03T17:08:35+00:00\" \/>\n<meta property=\"og:image\" content=\"https:\/\/www.koonings.com\/wp-content\/uploads\/2024\/11\/38215_8e504c3e2456b2924c8d6ee5584415241896af5be075aa7964eef50dd4c7ed3b059083b8.webp\" \/>\n\t<meta property=\"og:image:width\" content=\"1200\" \/>\n\t<meta property=\"og:image:height\" content=\"1914\" \/>\n\t<meta property=\"og:image:type\" content=\"image\/webp\" \/>\n<meta name=\"twitter:card\" content=\"summary_large_image\" \/>\n<meta name=\"twitter:label1\" content=\"Dur\u00e9e de lecture estim\u00e9e\" \/>\n\t<meta name=\"twitter:data1\" content=\"1 minute\" \/>\n<script type=\"application\/ld+json\" class=\"yoast-schema-graph\">{\"@context\":\"https:\\\/\\\/schema.org\",\"@graph\":[{\"@type\":\"WebPage\",\"@id\":\"https:\\\/\\\/www.koonings.com\\\/fr\\\/product\\\/stella-york-7598zz11\\\/\",\"url\":\"https:\\\/\\\/www.koonings.com\\\/fr\\\/product\\\/stella-york-7598zz11\\\/\",\"name\":\"Stella York 7598ZZ11 | Koonings\",\"isPartOf\":{\"@id\":\"https:\\\/\\\/www.koonings.com\\\/fr\\\/#website\"},\"primaryImageOfPage\":{\"@id\":\"https:\\\/\\\/www.koonings.com\\\/fr\\\/product\\\/stella-york-7598zz11\\\/#primaryimage\"},\"image\":{\"@id\":\"https:\\\/\\\/www.koonings.com\\\/fr\\\/product\\\/stella-york-7598zz11\\\/#primaryimage\"},\"thumbnailUrl\":\"https:\\\/\\\/www.koonings.com\\\/wp-content\\\/uploads\\\/2024\\\/11\\\/38215_8e504c3e2456b2924c8d6ee5584415241896af5be075aa7964eef50dd4c7ed3b059083b8.webp\",\"datePublished\":\"2025-12-14T23:14:12+00:00\",\"dateModified\":\"2026-02-03T17:08:35+00:00\",\"description\":\"Robe de mari\u00e9e simple et moderne avec bretelles spaghetti Magnifique et \u00e9l\u00e9gante, cette robe de mari\u00e9e sophistiqu\u00e9e et simple a tout pour plaire. Les bretelles spaghetti subtilement fines du mod\u00e8le 7598, une encolure moderne avec des encoches, ajoutent une touche architecturale au tissu minimaliste en cr\u00eape ivoire pur. L'esth\u00e9tique \u00e9pur\u00e9e est encore renforc\u00e9e par la silhouette contemporaine de la robe \u00e0 colonnes qui suit les courbes naturelles du corps. Le dos en V, les boutons traditionnels recouverts de tissu et la tra\u00eene fluide compl\u00e8tent cette vision moderne de la mode nuptiale \u00e9l\u00e9gante.\",\"breadcrumb\":{\"@id\":\"https:\\\/\\\/www.koonings.com\\\/fr\\\/product\\\/stella-york-7598zz11\\\/#breadcrumb\"},\"inLanguage\":\"fr-FR\",\"potentialAction\":[{\"@type\":\"ReadAction\",\"target\":[\"https:\\\/\\\/www.koonings.com\\\/fr\\\/product\\\/stella-york-7598zz11\\\/\"]}]},{\"@type\":\"ImageObject\",\"inLanguage\":\"fr-FR\",\"@id\":\"https:\\\/\\\/www.koonings.com\\\/fr\\\/product\\\/stella-york-7598zz11\\\/#primaryimage\",\"url\":\"https:\\\/\\\/www.koonings.com\\\/wp-content\\\/uploads\\\/2024\\\/11\\\/38215_8e504c3e2456b2924c8d6ee5584415241896af5be075aa7964eef50dd4c7ed3b059083b8.webp\",\"contentUrl\":\"https:\\\/\\\/www.koonings.com\\\/wp-content\\\/uploads\\\/2024\\\/11\\\/38215_8e504c3e2456b2924c8d6ee5584415241896af5be075aa7964eef50dd4c7ed3b059083b8.webp\",\"width\":1200,\"height\":1914},{\"@type\":\"BreadcrumbList\",\"@id\":\"https:\\\/\\\/www.koonings.com\\\/fr\\\/product\\\/stella-york-7598zz11\\\/#breadcrumb\",\"itemListElement\":[{\"@type\":\"ListItem\",\"position\":1,\"name\":\"Home\",\"item\":\"https:\\\/\\\/www.koonings.com\\\/fr\\\/\"},{\"@type\":\"ListItem\",\"position\":2,\"name\":\"Stella York 7598ZZ11\"}]},{\"@type\":\"WebSite\",\"@id\":\"https:\\\/\\\/www.koonings.com\\\/fr\\\/#website\",\"url\":\"https:\\\/\\\/www.koonings.com\\\/fr\\\/\",\"name\":\"Koonings\",\"description\":\"De grootste bruidsmodewinkel ter wereld\",\"publisher\":{\"@id\":\"https:\\\/\\\/www.koonings.com\\\/fr\\\/#organization\"},\"potentialAction\":[{\"@type\":\"SearchAction\",\"target\":{\"@type\":\"EntryPoint\",\"urlTemplate\":\"https:\\\/\\\/www.koonings.com\\\/fr\\\/?s={search_term_string}\"},\"query-input\":{\"@type\":\"PropertyValueSpecification\",\"valueRequired\":true,\"valueName\":\"search_term_string\"}}],\"inLanguage\":\"fr-FR\"},{\"@type\":\"Organization\",\"@id\":\"https:\\\/\\\/www.koonings.com\\\/fr\\\/#organization\",\"name\":\"Koonings\",\"url\":\"https:\\\/\\\/www.koonings.com\\\/fr\\\/\",\"logo\":{\"@type\":\"ImageObject\",\"inLanguage\":\"fr-FR\",\"@id\":\"https:\\\/\\\/www.koonings.com\\\/fr\\\/#\\\/schema\\\/logo\\\/image\\\/\",\"url\":\"https:\\\/\\\/www.koonings.com\\\/wp-content\\\/uploads\\\/2024\\\/07\\\/logo.png\",\"contentUrl\":\"https:\\\/\\\/www.koonings.com\\\/wp-content\\\/uploads\\\/2024\\\/07\\\/logo.png\",\"width\":600,\"height\":428,\"caption\":\"Koonings\"},\"image\":{\"@id\":\"https:\\\/\\\/www.koonings.com\\\/fr\\\/#\\\/schema\\\/logo\\\/image\\\/\"},\"sameAs\":[\"https:\\\/\\\/www.facebook.com\\\/kooningstheweddingpalace\",\"https:\\\/\\\/www.instagram.com\\\/kooningstheweddingpalace\",\"https:\\\/\\\/www.pinterest.com\\\/koonings\",\"https:\\\/\\\/www.youtube.com\\\/kooningstheweddingpalace\"]}]}<\/script>\n<!-- \/ Yoast SEO plugin. -->","yoast_head_json":{"title":"Stella York 7598ZZ11 | Koonings","description":"Robe de mari\u00e9e simple et moderne avec bretelles spaghetti Magnifique et \u00e9l\u00e9gante, cette robe de mari\u00e9e sophistiqu\u00e9e et simple a tout pour plaire. Les bretelles spaghetti subtilement fines du mod\u00e8le 7598, une encolure moderne avec des encoches, ajoutent une touche architecturale au tissu minimaliste en cr\u00eape ivoire pur. L'esth\u00e9tique \u00e9pur\u00e9e est encore renforc\u00e9e par la silhouette contemporaine de la robe \u00e0 colonnes qui suit les courbes naturelles du corps. Le dos en V, les boutons traditionnels recouverts de tissu et la tra\u00eene fluide compl\u00e8tent cette vision moderne de la mode nuptiale \u00e9l\u00e9gante.","robots":{"index":"index","follow":"follow","max-snippet":"max-snippet:-1","max-image-preview":"max-image-preview:large","max-video-preview":"max-video-preview:-1"},"canonical":"https:\/\/www.koonings.com\/fr\/product\/stella-york-7598zz11\/","og_locale":"fr_FR","og_type":"article","og_title":"Stella York 7598ZZ11 | Koonings","og_description":"Robe de mari\u00e9e simple et moderne avec bretelles spaghetti Magnifique et \u00e9l\u00e9gante, cette robe de mari\u00e9e sophistiqu\u00e9e et simple a tout pour plaire. Les bretelles spaghetti subtilement fines du mod\u00e8le 7598, une encolure moderne avec des encoches, ajoutent une touche architecturale au tissu minimaliste en cr\u00eape ivoire pur. L'esth\u00e9tique \u00e9pur\u00e9e est encore renforc\u00e9e par la silhouette contemporaine de la robe \u00e0 colonnes qui suit les courbes naturelles du corps. Le dos en V, les boutons traditionnels recouverts de tissu et la tra\u00eene fluide compl\u00e8tent cette vision moderne de la mode nuptiale \u00e9l\u00e9gante.","og_url":"https:\/\/www.koonings.com\/fr\/product\/stella-york-7598zz11\/","og_site_name":"Koonings","article_publisher":"https:\/\/www.facebook.com\/kooningstheweddingpalace","article_modified_time":"2026-02-03T17:08:35+00:00","og_image":[{"width":1200,"height":1914,"url":"https:\/\/www.koonings.com\/wp-content\/uploads\/2024\/11\/38215_8e504c3e2456b2924c8d6ee5584415241896af5be075aa7964eef50dd4c7ed3b059083b8.webp","type":"image\/webp"}],"twitter_card":"summary_large_image","twitter_misc":{"Dur\u00e9e de lecture estim\u00e9e":"1 minute"},"schema":{"@context":"https:\/\/schema.org","@graph":[{"@type":"WebPage","@id":"https:\/\/www.koonings.com\/fr\/product\/stella-york-7598zz11\/","url":"https:\/\/www.koonings.com\/fr\/product\/stella-york-7598zz11\/","name":"Stella York 7598ZZ11 | Koonings","isPartOf":{"@id":"https:\/\/www.koonings.com\/fr\/#website"},"primaryImageOfPage":{"@id":"https:\/\/www.koonings.com\/fr\/product\/stella-york-7598zz11\/#primaryimage"},"image":{"@id":"https:\/\/www.koonings.com\/fr\/product\/stella-york-7598zz11\/#primaryimage"},"thumbnailUrl":"https:\/\/www.koonings.com\/wp-content\/uploads\/2024\/11\/38215_8e504c3e2456b2924c8d6ee5584415241896af5be075aa7964eef50dd4c7ed3b059083b8.webp","datePublished":"2025-12-14T23:14:12+00:00","dateModified":"2026-02-03T17:08:35+00:00","description":"Robe de mari\u00e9e simple et moderne avec bretelles spaghetti Magnifique et \u00e9l\u00e9gante, cette robe de mari\u00e9e sophistiqu\u00e9e et simple a tout pour plaire. Les bretelles spaghetti subtilement fines du mod\u00e8le 7598, une encolure moderne avec des encoches, ajoutent une touche architecturale au tissu minimaliste en cr\u00eape ivoire pur. L'esth\u00e9tique \u00e9pur\u00e9e est encore renforc\u00e9e par la silhouette contemporaine de la robe \u00e0 colonnes qui suit les courbes naturelles du corps. Le dos en V, les boutons traditionnels recouverts de tissu et la tra\u00eene fluide compl\u00e8tent cette vision moderne de la mode nuptiale \u00e9l\u00e9gante.","breadcrumb":{"@id":"https:\/\/www.koonings.com\/fr\/product\/stella-york-7598zz11\/#breadcrumb"},"inLanguage":"fr-FR","potentialAction":[{"@type":"ReadAction","target":["https:\/\/www.koonings.com\/fr\/product\/stella-york-7598zz11\/"]}]},{"@type":"ImageObject","inLanguage":"fr-FR","@id":"https:\/\/www.koonings.com\/fr\/product\/stella-york-7598zz11\/#primaryimage","url":"https:\/\/www.koonings.com\/wp-content\/uploads\/2024\/11\/38215_8e504c3e2456b2924c8d6ee5584415241896af5be075aa7964eef50dd4c7ed3b059083b8.webp","contentUrl":"https:\/\/www.koonings.com\/wp-content\/uploads\/2024\/11\/38215_8e504c3e2456b2924c8d6ee5584415241896af5be075aa7964eef50dd4c7ed3b059083b8.webp","width":1200,"height":1914},{"@type":"BreadcrumbList","@id":"https:\/\/www.koonings.com\/fr\/product\/stella-york-7598zz11\/#breadcrumb","itemListElement":[{"@type":"ListItem","position":1,"name":"Home","item":"https:\/\/www.koonings.com\/fr\/"},{"@type":"ListItem","position":2,"name":"Stella York 7598ZZ11"}]},{"@type":"WebSite","@id":"https:\/\/www.koonings.com\/fr\/#website","url":"https:\/\/www.koonings.com\/fr\/","name":"Koonings","description":"De grootste bruidsmodewinkel ter wereld","publisher":{"@id":"https:\/\/www.koonings.com\/fr\/#organization"},"potentialAction":[{"@type":"SearchAction","target":{"@type":"EntryPoint","urlTemplate":"https:\/\/www.koonings.com\/fr\/?s={search_term_string}"},"query-input":{"@type":"PropertyValueSpecification","valueRequired":true,"valueName":"search_term_string"}}],"inLanguage":"fr-FR"},{"@type":"Organization","@id":"https:\/\/www.koonings.com\/fr\/#organization","name":"Koonings","url":"https:\/\/www.koonings.com\/fr\/","logo":{"@type":"ImageObject","inLanguage":"fr-FR","@id":"https:\/\/www.koonings.com\/fr\/#\/schema\/logo\/image\/","url":"https:\/\/www.koonings.com\/wp-content\/uploads\/2024\/07\/logo.png","contentUrl":"https:\/\/www.koonings.com\/wp-content\/uploads\/2024\/07\/logo.png","width":600,"height":428,"caption":"Koonings"},"image":{"@id":"https:\/\/www.koonings.com\/fr\/#\/schema\/logo\/image\/"},"sameAs":["https:\/\/www.facebook.com\/kooningstheweddingpalace","https:\/\/www.instagram.com\/kooningstheweddingpalace","https:\/\/www.pinterest.com\/koonings","https:\/\/www.youtube.com\/kooningstheweddingpalace"]}]}},"_links":{"self":[{"href":"https:\/\/www.koonings.com\/fr\/wp-json\/wp\/v2\/product\/57159","targetHints":{"allow":["GET"]}}],"collection":[{"href":"https:\/\/www.koonings.com\/fr\/wp-json\/wp\/v2\/product"}],"about":[{"href":"https:\/\/www.koonings.com\/fr\/wp-json\/wp\/v2\/types\/product"}],"wp:featuredmedia":[{"embeddable":true,"href":"https:\/\/www.koonings.com\/fr\/wp-json\/wp\/v2\/media\/35333"}],"wp:attachment":[{"href":"https:\/\/www.koonings.com\/fr\/wp-json\/wp\/v2\/media?parent=57159"}],"wp:term":[{"taxonomy":"productdetails","embeddable":true,"href":"https:\/\/www.koonings.com\/fr\/wp-json\/wp\/v2\/productdetails?post=57159"},{"taxonomy":"productneck","embeddable":true,"href":"https:\/\/www.koonings.com\/fr\/wp-json\/wp\/v2\/productneck?post=57159"},{"taxonomy":"productcolor","embeddable":true,"href":"https:\/\/www.koonings.com\/fr\/wp-json\/wp\/v2\/productcolor?post=57159"},{"taxonomy":"maat","embeddable":true,"href":"https:\/\/www.koonings.com\/fr\/wp-json\/wp\/v2\/maat?post=57159"},{"taxonomy":"productsupplier","embeddable":true,"href":"https:\/\/www.koonings.com\/fr\/wp-json\/wp\/v2\/productsupplier?post=57159"},{"taxonomy":"productsleeve","embeddable":true,"href":"https:\/\/www.koonings.com\/fr\/wp-json\/wp\/v2\/productsleeve?post=57159"},{"taxonomy":"productcategory","embeddable":true,"href":"https:\/\/www.koonings.com\/fr\/wp-json\/wp\/v2\/productcategory?post=57159"},{"taxonomy":"productsilhouette","embeddable":true,"href":"https:\/\/www.koonings.com\/fr\/wp-json\/wp\/v2\/productsilhouette?post=57159"},{"taxonomy":"productstyle","embeddable":true,"href":"https:\/\/www.koonings.com\/fr\/wp-json\/wp\/v2\/productstyle?post=57159"}],"curies":[{"name":"wp","href":"https:\/\/api.w.org\/{rel}","templated":true}]}}