{"id":57121,"date":"2026-04-28T18:10:17","date_gmt":"2026-04-28T16:10:17","guid":{"rendered":"https:\/\/www.koonings.com\/product\/herve-paris-claudette\/"},"modified":"2026-02-16T14:35:54","modified_gmt":"2026-02-16T13:35:54","slug":"herve-paris-claudette","status":"publish","type":"product","link":"https:\/\/www.koonings.com\/fr\/product\/herve-paris-claudette\/","title":{"rendered":"Herve Paris Claudette"},"content":{"rendered":"<p>Plongez dans l&#8217;\u00e9l\u00e9gance pure de la robe Claudette, dont le corsage r\u00e9v\u00e8le un magnifique motif de dentelle, cr\u00e9ant un effet de transparence envo\u00fbtant. La dentelle complexe ajoute une touche de beaut\u00e9 d\u00e9licate au mod\u00e8le. La robe Claudette est polyvalente : vous pouvez choisir une jupe en tulle ou en mousseline de soie, ce qui vous permet d&#8217;adapter votre look \u00e0 votre style personnel tout en conservant son charme inh\u00e9rent.  <\/p>\n","protected":false},"featured_media":35511,"template":"","meta":{"_acf_changed":false,"ghostkit_customizer_options":"","ghostkit_custom_css":"","ghostkit_custom_js_head":"","ghostkit_custom_js_foot":"","ghostkit_typography":""},"productdetails":[378],"productneck":[355],"productcolor":[393,392],"maat":[],"productsupplier":[424],"productsleeve":[359],"productcategory":[18],"productsilhouette":[384],"productstyle":[],"class_list":["post-57121","product","type-product","status-publish","has-post-thumbnail","hentry","productdetails-378","productneck-355","productcolor-393","productcolor-392","productsupplier-herve-paris","productsleeve-359","productcategory-trouwjurken","productsilhouette-384"],"acf":[],"yoast_head":"<!-- This site is optimized with the Yoast SEO plugin v27.3 - https:\/\/yoast.com\/product\/yoast-seo-wordpress\/ -->\n<title>Herve Paris Claudette | Koonings<\/title>\n<meta name=\"description\" content=\"Plongez dans l&#039;\u00e9l\u00e9gance pure de la robe Claudette, dont le corsage r\u00e9v\u00e8le un magnifique motif de dentelle, cr\u00e9ant un effet de transparence envo\u00fbtant. La dentelle complexe ajoute une touche de beaut\u00e9 d\u00e9licate au mod\u00e8le. La robe Claudette est polyvalente : vous pouvez choisir une jupe en tulle ou en mousseline de soie, ce qui vous permet d&#039;adapter votre look \u00e0 votre style personnel tout en conservant son charme inh\u00e9rent.\" \/>\n<meta name=\"robots\" content=\"index, follow, max-snippet:-1, max-image-preview:large, max-video-preview:-1\" \/>\n<link rel=\"canonical\" href=\"https:\/\/www.koonings.com\/fr\/product\/herve-paris-claudette\/\" \/>\n<meta property=\"og:locale\" content=\"fr_FR\" \/>\n<meta property=\"og:type\" content=\"article\" \/>\n<meta property=\"og:title\" content=\"Herve Paris Claudette | Koonings\" \/>\n<meta property=\"og:description\" content=\"Plongez dans l&#039;\u00e9l\u00e9gance pure de la robe Claudette, dont le corsage r\u00e9v\u00e8le un magnifique motif de dentelle, cr\u00e9ant un effet de transparence envo\u00fbtant. La dentelle complexe ajoute une touche de beaut\u00e9 d\u00e9licate au mod\u00e8le. La robe Claudette est polyvalente : vous pouvez choisir une jupe en tulle ou en mousseline de soie, ce qui vous permet d&#039;adapter votre look \u00e0 votre style personnel tout en conservant son charme inh\u00e9rent.\" \/>\n<meta property=\"og:url\" content=\"https:\/\/www.koonings.com\/fr\/product\/herve-paris-claudette\/\" \/>\n<meta property=\"og:site_name\" content=\"Koonings\" \/>\n<meta property=\"article:publisher\" content=\"https:\/\/www.facebook.com\/kooningstheweddingpalace\" \/>\n<meta property=\"og:image\" content=\"https:\/\/www.koonings.com\/wp-content\/uploads\/2024\/11\/38395_5369cf79e8dd773e9c6c1a64f940de7140de0028e159899d689ffe560ed487ec61c47d29-scaled.jpeg\" \/>\n\t<meta property=\"og:image:width\" content=\"1810\" \/>\n\t<meta property=\"og:image:height\" content=\"2560\" \/>\n\t<meta property=\"og:image:type\" content=\"image\/jpeg\" \/>\n<meta name=\"twitter:card\" content=\"summary_large_image\" \/>\n<script type=\"application\/ld+json\" class=\"yoast-schema-graph\">{\"@context\":\"https:\\\/\\\/schema.org\",\"@graph\":[{\"@type\":\"WebPage\",\"@id\":\"https:\\\/\\\/www.koonings.com\\\/fr\\\/product\\\/herve-paris-claudette\\\/\",\"url\":\"https:\\\/\\\/www.koonings.com\\\/fr\\\/product\\\/herve-paris-claudette\\\/\",\"name\":\"Herve Paris Claudette | Koonings\",\"isPartOf\":{\"@id\":\"https:\\\/\\\/www.koonings.com\\\/fr\\\/#website\"},\"primaryImageOfPage\":{\"@id\":\"https:\\\/\\\/www.koonings.com\\\/fr\\\/product\\\/herve-paris-claudette\\\/#primaryimage\"},\"image\":{\"@id\":\"https:\\\/\\\/www.koonings.com\\\/fr\\\/product\\\/herve-paris-claudette\\\/#primaryimage\"},\"thumbnailUrl\":\"https:\\\/\\\/www.koonings.com\\\/wp-content\\\/uploads\\\/2024\\\/11\\\/38395_5369cf79e8dd773e9c6c1a64f940de7140de0028e159899d689ffe560ed487ec61c47d29-scaled.jpeg\",\"datePublished\":\"2026-04-28T16:10:17+00:00\",\"description\":\"Plongez dans l'\u00e9l\u00e9gance pure de la robe Claudette, dont le corsage r\u00e9v\u00e8le un magnifique motif de dentelle, cr\u00e9ant un effet de transparence envo\u00fbtant. La dentelle complexe ajoute une touche de beaut\u00e9 d\u00e9licate au mod\u00e8le. La robe Claudette est polyvalente : vous pouvez choisir une jupe en tulle ou en mousseline de soie, ce qui vous permet d'adapter votre look \u00e0 votre style personnel tout en conservant son charme inh\u00e9rent.\",\"breadcrumb\":{\"@id\":\"https:\\\/\\\/www.koonings.com\\\/fr\\\/product\\\/herve-paris-claudette\\\/#breadcrumb\"},\"inLanguage\":\"fr-FR\",\"potentialAction\":[{\"@type\":\"ReadAction\",\"target\":[\"https:\\\/\\\/www.koonings.com\\\/fr\\\/product\\\/herve-paris-claudette\\\/\"]}]},{\"@type\":\"ImageObject\",\"inLanguage\":\"fr-FR\",\"@id\":\"https:\\\/\\\/www.koonings.com\\\/fr\\\/product\\\/herve-paris-claudette\\\/#primaryimage\",\"url\":\"https:\\\/\\\/www.koonings.com\\\/wp-content\\\/uploads\\\/2024\\\/11\\\/38395_5369cf79e8dd773e9c6c1a64f940de7140de0028e159899d689ffe560ed487ec61c47d29-scaled.jpeg\",\"contentUrl\":\"https:\\\/\\\/www.koonings.com\\\/wp-content\\\/uploads\\\/2024\\\/11\\\/38395_5369cf79e8dd773e9c6c1a64f940de7140de0028e159899d689ffe560ed487ec61c47d29-scaled.jpeg\",\"width\":1810,\"height\":2560},{\"@type\":\"BreadcrumbList\",\"@id\":\"https:\\\/\\\/www.koonings.com\\\/fr\\\/product\\\/herve-paris-claudette\\\/#breadcrumb\",\"itemListElement\":[{\"@type\":\"ListItem\",\"position\":1,\"name\":\"Home\",\"item\":\"https:\\\/\\\/www.koonings.com\\\/fr\\\/\"},{\"@type\":\"ListItem\",\"position\":2,\"name\":\"Herve Paris Claudette\"}]},{\"@type\":\"WebSite\",\"@id\":\"https:\\\/\\\/www.koonings.com\\\/fr\\\/#website\",\"url\":\"https:\\\/\\\/www.koonings.com\\\/fr\\\/\",\"name\":\"Koonings\",\"description\":\"De grootste bruidsmodewinkel ter wereld\",\"publisher\":{\"@id\":\"https:\\\/\\\/www.koonings.com\\\/fr\\\/#organization\"},\"potentialAction\":[{\"@type\":\"SearchAction\",\"target\":{\"@type\":\"EntryPoint\",\"urlTemplate\":\"https:\\\/\\\/www.koonings.com\\\/fr\\\/?s={search_term_string}\"},\"query-input\":{\"@type\":\"PropertyValueSpecification\",\"valueRequired\":true,\"valueName\":\"search_term_string\"}}],\"inLanguage\":\"fr-FR\"},{\"@type\":\"Organization\",\"@id\":\"https:\\\/\\\/www.koonings.com\\\/fr\\\/#organization\",\"name\":\"Koonings\",\"url\":\"https:\\\/\\\/www.koonings.com\\\/fr\\\/\",\"logo\":{\"@type\":\"ImageObject\",\"inLanguage\":\"fr-FR\",\"@id\":\"https:\\\/\\\/www.koonings.com\\\/fr\\\/#\\\/schema\\\/logo\\\/image\\\/\",\"url\":\"https:\\\/\\\/www.koonings.com\\\/wp-content\\\/uploads\\\/2024\\\/07\\\/logo.png\",\"contentUrl\":\"https:\\\/\\\/www.koonings.com\\\/wp-content\\\/uploads\\\/2024\\\/07\\\/logo.png\",\"width\":600,\"height\":428,\"caption\":\"Koonings\"},\"image\":{\"@id\":\"https:\\\/\\\/www.koonings.com\\\/fr\\\/#\\\/schema\\\/logo\\\/image\\\/\"},\"sameAs\":[\"https:\\\/\\\/www.facebook.com\\\/kooningstheweddingpalace\",\"https:\\\/\\\/www.instagram.com\\\/kooningstheweddingpalace\",\"https:\\\/\\\/www.pinterest.com\\\/koonings\",\"https:\\\/\\\/www.youtube.com\\\/kooningstheweddingpalace\"]}]}<\/script>\n<!-- \/ Yoast SEO plugin. -->","yoast_head_json":{"title":"Herve Paris Claudette | Koonings","description":"Plongez dans l'\u00e9l\u00e9gance pure de la robe Claudette, dont le corsage r\u00e9v\u00e8le un magnifique motif de dentelle, cr\u00e9ant un effet de transparence envo\u00fbtant. La dentelle complexe ajoute une touche de beaut\u00e9 d\u00e9licate au mod\u00e8le. La robe Claudette est polyvalente : vous pouvez choisir une jupe en tulle ou en mousseline de soie, ce qui vous permet d'adapter votre look \u00e0 votre style personnel tout en conservant son charme inh\u00e9rent.","robots":{"index":"index","follow":"follow","max-snippet":"max-snippet:-1","max-image-preview":"max-image-preview:large","max-video-preview":"max-video-preview:-1"},"canonical":"https:\/\/www.koonings.com\/fr\/product\/herve-paris-claudette\/","og_locale":"fr_FR","og_type":"article","og_title":"Herve Paris Claudette | Koonings","og_description":"Plongez dans l'\u00e9l\u00e9gance pure de la robe Claudette, dont le corsage r\u00e9v\u00e8le un magnifique motif de dentelle, cr\u00e9ant un effet de transparence envo\u00fbtant. La dentelle complexe ajoute une touche de beaut\u00e9 d\u00e9licate au mod\u00e8le. La robe Claudette est polyvalente : vous pouvez choisir une jupe en tulle ou en mousseline de soie, ce qui vous permet d'adapter votre look \u00e0 votre style personnel tout en conservant son charme inh\u00e9rent.","og_url":"https:\/\/www.koonings.com\/fr\/product\/herve-paris-claudette\/","og_site_name":"Koonings","article_publisher":"https:\/\/www.facebook.com\/kooningstheweddingpalace","og_image":[{"width":1810,"height":2560,"url":"https:\/\/www.koonings.com\/wp-content\/uploads\/2024\/11\/38395_5369cf79e8dd773e9c6c1a64f940de7140de0028e159899d689ffe560ed487ec61c47d29-scaled.jpeg","type":"image\/jpeg"}],"twitter_card":"summary_large_image","schema":{"@context":"https:\/\/schema.org","@graph":[{"@type":"WebPage","@id":"https:\/\/www.koonings.com\/fr\/product\/herve-paris-claudette\/","url":"https:\/\/www.koonings.com\/fr\/product\/herve-paris-claudette\/","name":"Herve Paris Claudette | Koonings","isPartOf":{"@id":"https:\/\/www.koonings.com\/fr\/#website"},"primaryImageOfPage":{"@id":"https:\/\/www.koonings.com\/fr\/product\/herve-paris-claudette\/#primaryimage"},"image":{"@id":"https:\/\/www.koonings.com\/fr\/product\/herve-paris-claudette\/#primaryimage"},"thumbnailUrl":"https:\/\/www.koonings.com\/wp-content\/uploads\/2024\/11\/38395_5369cf79e8dd773e9c6c1a64f940de7140de0028e159899d689ffe560ed487ec61c47d29-scaled.jpeg","datePublished":"2026-04-28T16:10:17+00:00","description":"Plongez dans l'\u00e9l\u00e9gance pure de la robe Claudette, dont le corsage r\u00e9v\u00e8le un magnifique motif de dentelle, cr\u00e9ant un effet de transparence envo\u00fbtant. La dentelle complexe ajoute une touche de beaut\u00e9 d\u00e9licate au mod\u00e8le. La robe Claudette est polyvalente : vous pouvez choisir une jupe en tulle ou en mousseline de soie, ce qui vous permet d'adapter votre look \u00e0 votre style personnel tout en conservant son charme inh\u00e9rent.","breadcrumb":{"@id":"https:\/\/www.koonings.com\/fr\/product\/herve-paris-claudette\/#breadcrumb"},"inLanguage":"fr-FR","potentialAction":[{"@type":"ReadAction","target":["https:\/\/www.koonings.com\/fr\/product\/herve-paris-claudette\/"]}]},{"@type":"ImageObject","inLanguage":"fr-FR","@id":"https:\/\/www.koonings.com\/fr\/product\/herve-paris-claudette\/#primaryimage","url":"https:\/\/www.koonings.com\/wp-content\/uploads\/2024\/11\/38395_5369cf79e8dd773e9c6c1a64f940de7140de0028e159899d689ffe560ed487ec61c47d29-scaled.jpeg","contentUrl":"https:\/\/www.koonings.com\/wp-content\/uploads\/2024\/11\/38395_5369cf79e8dd773e9c6c1a64f940de7140de0028e159899d689ffe560ed487ec61c47d29-scaled.jpeg","width":1810,"height":2560},{"@type":"BreadcrumbList","@id":"https:\/\/www.koonings.com\/fr\/product\/herve-paris-claudette\/#breadcrumb","itemListElement":[{"@type":"ListItem","position":1,"name":"Home","item":"https:\/\/www.koonings.com\/fr\/"},{"@type":"ListItem","position":2,"name":"Herve Paris Claudette"}]},{"@type":"WebSite","@id":"https:\/\/www.koonings.com\/fr\/#website","url":"https:\/\/www.koonings.com\/fr\/","name":"Koonings","description":"De grootste bruidsmodewinkel ter wereld","publisher":{"@id":"https:\/\/www.koonings.com\/fr\/#organization"},"potentialAction":[{"@type":"SearchAction","target":{"@type":"EntryPoint","urlTemplate":"https:\/\/www.koonings.com\/fr\/?s={search_term_string}"},"query-input":{"@type":"PropertyValueSpecification","valueRequired":true,"valueName":"search_term_string"}}],"inLanguage":"fr-FR"},{"@type":"Organization","@id":"https:\/\/www.koonings.com\/fr\/#organization","name":"Koonings","url":"https:\/\/www.koonings.com\/fr\/","logo":{"@type":"ImageObject","inLanguage":"fr-FR","@id":"https:\/\/www.koonings.com\/fr\/#\/schema\/logo\/image\/","url":"https:\/\/www.koonings.com\/wp-content\/uploads\/2024\/07\/logo.png","contentUrl":"https:\/\/www.koonings.com\/wp-content\/uploads\/2024\/07\/logo.png","width":600,"height":428,"caption":"Koonings"},"image":{"@id":"https:\/\/www.koonings.com\/fr\/#\/schema\/logo\/image\/"},"sameAs":["https:\/\/www.facebook.com\/kooningstheweddingpalace","https:\/\/www.instagram.com\/kooningstheweddingpalace","https:\/\/www.pinterest.com\/koonings","https:\/\/www.youtube.com\/kooningstheweddingpalace"]}]}},"_links":{"self":[{"href":"https:\/\/www.koonings.com\/fr\/wp-json\/wp\/v2\/product\/57121","targetHints":{"allow":["GET"]}}],"collection":[{"href":"https:\/\/www.koonings.com\/fr\/wp-json\/wp\/v2\/product"}],"about":[{"href":"https:\/\/www.koonings.com\/fr\/wp-json\/wp\/v2\/types\/product"}],"wp:featuredmedia":[{"embeddable":true,"href":"https:\/\/www.koonings.com\/fr\/wp-json\/wp\/v2\/media\/35511"}],"wp:attachment":[{"href":"https:\/\/www.koonings.com\/fr\/wp-json\/wp\/v2\/media?parent=57121"}],"wp:term":[{"taxonomy":"productdetails","embeddable":true,"href":"https:\/\/www.koonings.com\/fr\/wp-json\/wp\/v2\/productdetails?post=57121"},{"taxonomy":"productneck","embeddable":true,"href":"https:\/\/www.koonings.com\/fr\/wp-json\/wp\/v2\/productneck?post=57121"},{"taxonomy":"productcolor","embeddable":true,"href":"https:\/\/www.koonings.com\/fr\/wp-json\/wp\/v2\/productcolor?post=57121"},{"taxonomy":"maat","embeddable":true,"href":"https:\/\/www.koonings.com\/fr\/wp-json\/wp\/v2\/maat?post=57121"},{"taxonomy":"productsupplier","embeddable":true,"href":"https:\/\/www.koonings.com\/fr\/wp-json\/wp\/v2\/productsupplier?post=57121"},{"taxonomy":"productsleeve","embeddable":true,"href":"https:\/\/www.koonings.com\/fr\/wp-json\/wp\/v2\/productsleeve?post=57121"},{"taxonomy":"productcategory","embeddable":true,"href":"https:\/\/www.koonings.com\/fr\/wp-json\/wp\/v2\/productcategory?post=57121"},{"taxonomy":"productsilhouette","embeddable":true,"href":"https:\/\/www.koonings.com\/fr\/wp-json\/wp\/v2\/productsilhouette?post=57121"},{"taxonomy":"productstyle","embeddable":true,"href":"https:\/\/www.koonings.com\/fr\/wp-json\/wp\/v2\/productstyle?post=57121"}],"curies":[{"name":"wp","href":"https:\/\/api.w.org\/{rel}","templated":true}]}}