{"id":57119,"date":"2026-04-14T16:10:45","date_gmt":"2026-04-14T14:10:45","guid":{"rendered":"https:\/\/www.koonings.com\/product\/muse-by-berta-23-05\/"},"modified":"2026-02-16T14:36:03","modified_gmt":"2026-02-16T13:36:03","slug":"muse-by-berta-23-05","status":"publish","type":"product","link":"https:\/\/www.koonings.com\/fr\/product\/muse-by-berta-23-05\/","title":{"rendered":"Muse de Berta 23-05"},"content":{"rendered":"<p>Une robe couture exclusive de Berta, d&#8217;o\u00f9 \u00e9mane le romantisme. La jupe large et le corsage serr\u00e9 donnent \u00e0 la mari\u00e9e une belle taille fine. Le motif de la robe est tr\u00e8s unique et a un effet 3D.  <\/p>\n","protected":false},"featured_media":35545,"template":"","meta":{"_acf_changed":false,"ghostkit_customizer_options":"","ghostkit_custom_css":"","ghostkit_custom_js_head":"","ghostkit_custom_js_foot":"","ghostkit_typography":""},"productdetails":[379,376],"productneck":[352],"productcolor":[393,392],"maat":[],"productsupplier":[399],"productsleeve":[362],"productcategory":[18],"productsilhouette":[384],"productstyle":[367],"class_list":["post-57119","product","type-product","status-publish","has-post-thumbnail","hentry","productdetails-379","productdetails-376","productneck-352","productcolor-393","productcolor-392","productsupplier-muse-by-berta","productsleeve-362","productcategory-trouwjurken","productsilhouette-384","productstyle-367"],"acf":[],"yoast_head":"<!-- This site is optimized with the Yoast SEO plugin v27.3 - https:\/\/yoast.com\/product\/yoast-seo-wordpress\/ -->\n<title>Muse de Berta 23-05 | Koonings<\/title>\n<meta name=\"description\" content=\"Une robe couture exclusive de Berta, d&#039;o\u00f9 \u00e9mane le romantisme. La jupe large et le corsage serr\u00e9 donnent \u00e0 la mari\u00e9e une belle taille fine. Le motif de la robe est tr\u00e8s unique et a un effet 3D.\" \/>\n<meta name=\"robots\" content=\"index, follow, max-snippet:-1, max-image-preview:large, max-video-preview:-1\" \/>\n<link rel=\"canonical\" href=\"https:\/\/www.koonings.com\/fr\/product\/muse-by-berta-23-05\/\" \/>\n<meta property=\"og:locale\" content=\"fr_FR\" \/>\n<meta property=\"og:type\" content=\"article\" \/>\n<meta property=\"og:title\" content=\"Muse de Berta 23-05 | Koonings\" \/>\n<meta property=\"og:description\" content=\"Une robe couture exclusive de Berta, d&#039;o\u00f9 \u00e9mane le romantisme. La jupe large et le corsage serr\u00e9 donnent \u00e0 la mari\u00e9e une belle taille fine. Le motif de la robe est tr\u00e8s unique et a un effet 3D.\" \/>\n<meta property=\"og:url\" content=\"https:\/\/www.koonings.com\/fr\/product\/muse-by-berta-23-05\/\" \/>\n<meta property=\"og:site_name\" content=\"Koonings\" \/>\n<meta property=\"article:publisher\" content=\"https:\/\/www.facebook.com\/kooningstheweddingpalace\" \/>\n<meta property=\"og:image\" content=\"https:\/\/www.koonings.com\/wp-content\/uploads\/2024\/11\/38410_3564d1c247e9213244c934682e2845cc52b36d3c4d2250f7f2697a14276952ca77acf1b7.jpeg\" \/>\n\t<meta property=\"og:image:width\" content=\"300\" \/>\n\t<meta property=\"og:image:height\" content=\"450\" \/>\n\t<meta property=\"og:image:type\" content=\"image\/jpeg\" \/>\n<meta name=\"twitter:card\" content=\"summary_large_image\" \/>\n<script type=\"application\/ld+json\" class=\"yoast-schema-graph\">{\"@context\":\"https:\\\/\\\/schema.org\",\"@graph\":[{\"@type\":\"WebPage\",\"@id\":\"https:\\\/\\\/www.koonings.com\\\/fr\\\/product\\\/muse-by-berta-23-05\\\/\",\"url\":\"https:\\\/\\\/www.koonings.com\\\/fr\\\/product\\\/muse-by-berta-23-05\\\/\",\"name\":\"Muse de Berta 23-05 | Koonings\",\"isPartOf\":{\"@id\":\"https:\\\/\\\/www.koonings.com\\\/fr\\\/#website\"},\"primaryImageOfPage\":{\"@id\":\"https:\\\/\\\/www.koonings.com\\\/fr\\\/product\\\/muse-by-berta-23-05\\\/#primaryimage\"},\"image\":{\"@id\":\"https:\\\/\\\/www.koonings.com\\\/fr\\\/product\\\/muse-by-berta-23-05\\\/#primaryimage\"},\"thumbnailUrl\":\"https:\\\/\\\/www.koonings.com\\\/wp-content\\\/uploads\\\/2024\\\/11\\\/38410_3564d1c247e9213244c934682e2845cc52b36d3c4d2250f7f2697a14276952ca77acf1b7.jpeg\",\"datePublished\":\"2026-04-14T14:10:45+00:00\",\"description\":\"Une robe couture exclusive de Berta, d'o\u00f9 \u00e9mane le romantisme. La jupe large et le corsage serr\u00e9 donnent \u00e0 la mari\u00e9e une belle taille fine. Le motif de la robe est tr\u00e8s unique et a un effet 3D.\",\"breadcrumb\":{\"@id\":\"https:\\\/\\\/www.koonings.com\\\/fr\\\/product\\\/muse-by-berta-23-05\\\/#breadcrumb\"},\"inLanguage\":\"fr-FR\",\"potentialAction\":[{\"@type\":\"ReadAction\",\"target\":[\"https:\\\/\\\/www.koonings.com\\\/fr\\\/product\\\/muse-by-berta-23-05\\\/\"]}]},{\"@type\":\"ImageObject\",\"inLanguage\":\"fr-FR\",\"@id\":\"https:\\\/\\\/www.koonings.com\\\/fr\\\/product\\\/muse-by-berta-23-05\\\/#primaryimage\",\"url\":\"https:\\\/\\\/www.koonings.com\\\/wp-content\\\/uploads\\\/2024\\\/11\\\/38410_3564d1c247e9213244c934682e2845cc52b36d3c4d2250f7f2697a14276952ca77acf1b7.jpeg\",\"contentUrl\":\"https:\\\/\\\/www.koonings.com\\\/wp-content\\\/uploads\\\/2024\\\/11\\\/38410_3564d1c247e9213244c934682e2845cc52b36d3c4d2250f7f2697a14276952ca77acf1b7.jpeg\",\"width\":300,\"height\":450},{\"@type\":\"BreadcrumbList\",\"@id\":\"https:\\\/\\\/www.koonings.com\\\/fr\\\/product\\\/muse-by-berta-23-05\\\/#breadcrumb\",\"itemListElement\":[{\"@type\":\"ListItem\",\"position\":1,\"name\":\"Home\",\"item\":\"https:\\\/\\\/www.koonings.com\\\/fr\\\/\"},{\"@type\":\"ListItem\",\"position\":2,\"name\":\"Muse de Berta 23-05\"}]},{\"@type\":\"WebSite\",\"@id\":\"https:\\\/\\\/www.koonings.com\\\/fr\\\/#website\",\"url\":\"https:\\\/\\\/www.koonings.com\\\/fr\\\/\",\"name\":\"Koonings\",\"description\":\"De grootste bruidsmodewinkel ter wereld\",\"publisher\":{\"@id\":\"https:\\\/\\\/www.koonings.com\\\/fr\\\/#organization\"},\"potentialAction\":[{\"@type\":\"SearchAction\",\"target\":{\"@type\":\"EntryPoint\",\"urlTemplate\":\"https:\\\/\\\/www.koonings.com\\\/fr\\\/?s={search_term_string}\"},\"query-input\":{\"@type\":\"PropertyValueSpecification\",\"valueRequired\":true,\"valueName\":\"search_term_string\"}}],\"inLanguage\":\"fr-FR\"},{\"@type\":\"Organization\",\"@id\":\"https:\\\/\\\/www.koonings.com\\\/fr\\\/#organization\",\"name\":\"Koonings\",\"url\":\"https:\\\/\\\/www.koonings.com\\\/fr\\\/\",\"logo\":{\"@type\":\"ImageObject\",\"inLanguage\":\"fr-FR\",\"@id\":\"https:\\\/\\\/www.koonings.com\\\/fr\\\/#\\\/schema\\\/logo\\\/image\\\/\",\"url\":\"https:\\\/\\\/www.koonings.com\\\/wp-content\\\/uploads\\\/2024\\\/07\\\/logo.png\",\"contentUrl\":\"https:\\\/\\\/www.koonings.com\\\/wp-content\\\/uploads\\\/2024\\\/07\\\/logo.png\",\"width\":600,\"height\":428,\"caption\":\"Koonings\"},\"image\":{\"@id\":\"https:\\\/\\\/www.koonings.com\\\/fr\\\/#\\\/schema\\\/logo\\\/image\\\/\"},\"sameAs\":[\"https:\\\/\\\/www.facebook.com\\\/kooningstheweddingpalace\",\"https:\\\/\\\/www.instagram.com\\\/kooningstheweddingpalace\",\"https:\\\/\\\/www.pinterest.com\\\/koonings\",\"https:\\\/\\\/www.youtube.com\\\/kooningstheweddingpalace\"]}]}<\/script>\n<!-- \/ Yoast SEO plugin. -->","yoast_head_json":{"title":"Muse de Berta 23-05 | Koonings","description":"Une robe couture exclusive de Berta, d'o\u00f9 \u00e9mane le romantisme. La jupe large et le corsage serr\u00e9 donnent \u00e0 la mari\u00e9e une belle taille fine. Le motif de la robe est tr\u00e8s unique et a un effet 3D.","robots":{"index":"index","follow":"follow","max-snippet":"max-snippet:-1","max-image-preview":"max-image-preview:large","max-video-preview":"max-video-preview:-1"},"canonical":"https:\/\/www.koonings.com\/fr\/product\/muse-by-berta-23-05\/","og_locale":"fr_FR","og_type":"article","og_title":"Muse de Berta 23-05 | Koonings","og_description":"Une robe couture exclusive de Berta, d'o\u00f9 \u00e9mane le romantisme. La jupe large et le corsage serr\u00e9 donnent \u00e0 la mari\u00e9e une belle taille fine. Le motif de la robe est tr\u00e8s unique et a un effet 3D.","og_url":"https:\/\/www.koonings.com\/fr\/product\/muse-by-berta-23-05\/","og_site_name":"Koonings","article_publisher":"https:\/\/www.facebook.com\/kooningstheweddingpalace","og_image":[{"width":300,"height":450,"url":"https:\/\/www.koonings.com\/wp-content\/uploads\/2024\/11\/38410_3564d1c247e9213244c934682e2845cc52b36d3c4d2250f7f2697a14276952ca77acf1b7.jpeg","type":"image\/jpeg"}],"twitter_card":"summary_large_image","schema":{"@context":"https:\/\/schema.org","@graph":[{"@type":"WebPage","@id":"https:\/\/www.koonings.com\/fr\/product\/muse-by-berta-23-05\/","url":"https:\/\/www.koonings.com\/fr\/product\/muse-by-berta-23-05\/","name":"Muse de Berta 23-05 | Koonings","isPartOf":{"@id":"https:\/\/www.koonings.com\/fr\/#website"},"primaryImageOfPage":{"@id":"https:\/\/www.koonings.com\/fr\/product\/muse-by-berta-23-05\/#primaryimage"},"image":{"@id":"https:\/\/www.koonings.com\/fr\/product\/muse-by-berta-23-05\/#primaryimage"},"thumbnailUrl":"https:\/\/www.koonings.com\/wp-content\/uploads\/2024\/11\/38410_3564d1c247e9213244c934682e2845cc52b36d3c4d2250f7f2697a14276952ca77acf1b7.jpeg","datePublished":"2026-04-14T14:10:45+00:00","description":"Une robe couture exclusive de Berta, d'o\u00f9 \u00e9mane le romantisme. La jupe large et le corsage serr\u00e9 donnent \u00e0 la mari\u00e9e une belle taille fine. Le motif de la robe est tr\u00e8s unique et a un effet 3D.","breadcrumb":{"@id":"https:\/\/www.koonings.com\/fr\/product\/muse-by-berta-23-05\/#breadcrumb"},"inLanguage":"fr-FR","potentialAction":[{"@type":"ReadAction","target":["https:\/\/www.koonings.com\/fr\/product\/muse-by-berta-23-05\/"]}]},{"@type":"ImageObject","inLanguage":"fr-FR","@id":"https:\/\/www.koonings.com\/fr\/product\/muse-by-berta-23-05\/#primaryimage","url":"https:\/\/www.koonings.com\/wp-content\/uploads\/2024\/11\/38410_3564d1c247e9213244c934682e2845cc52b36d3c4d2250f7f2697a14276952ca77acf1b7.jpeg","contentUrl":"https:\/\/www.koonings.com\/wp-content\/uploads\/2024\/11\/38410_3564d1c247e9213244c934682e2845cc52b36d3c4d2250f7f2697a14276952ca77acf1b7.jpeg","width":300,"height":450},{"@type":"BreadcrumbList","@id":"https:\/\/www.koonings.com\/fr\/product\/muse-by-berta-23-05\/#breadcrumb","itemListElement":[{"@type":"ListItem","position":1,"name":"Home","item":"https:\/\/www.koonings.com\/fr\/"},{"@type":"ListItem","position":2,"name":"Muse de Berta 23-05"}]},{"@type":"WebSite","@id":"https:\/\/www.koonings.com\/fr\/#website","url":"https:\/\/www.koonings.com\/fr\/","name":"Koonings","description":"De grootste bruidsmodewinkel ter wereld","publisher":{"@id":"https:\/\/www.koonings.com\/fr\/#organization"},"potentialAction":[{"@type":"SearchAction","target":{"@type":"EntryPoint","urlTemplate":"https:\/\/www.koonings.com\/fr\/?s={search_term_string}"},"query-input":{"@type":"PropertyValueSpecification","valueRequired":true,"valueName":"search_term_string"}}],"inLanguage":"fr-FR"},{"@type":"Organization","@id":"https:\/\/www.koonings.com\/fr\/#organization","name":"Koonings","url":"https:\/\/www.koonings.com\/fr\/","logo":{"@type":"ImageObject","inLanguage":"fr-FR","@id":"https:\/\/www.koonings.com\/fr\/#\/schema\/logo\/image\/","url":"https:\/\/www.koonings.com\/wp-content\/uploads\/2024\/07\/logo.png","contentUrl":"https:\/\/www.koonings.com\/wp-content\/uploads\/2024\/07\/logo.png","width":600,"height":428,"caption":"Koonings"},"image":{"@id":"https:\/\/www.koonings.com\/fr\/#\/schema\/logo\/image\/"},"sameAs":["https:\/\/www.facebook.com\/kooningstheweddingpalace","https:\/\/www.instagram.com\/kooningstheweddingpalace","https:\/\/www.pinterest.com\/koonings","https:\/\/www.youtube.com\/kooningstheweddingpalace"]}]}},"_links":{"self":[{"href":"https:\/\/www.koonings.com\/fr\/wp-json\/wp\/v2\/product\/57119","targetHints":{"allow":["GET"]}}],"collection":[{"href":"https:\/\/www.koonings.com\/fr\/wp-json\/wp\/v2\/product"}],"about":[{"href":"https:\/\/www.koonings.com\/fr\/wp-json\/wp\/v2\/types\/product"}],"wp:featuredmedia":[{"embeddable":true,"href":"https:\/\/www.koonings.com\/fr\/wp-json\/wp\/v2\/media\/35545"}],"wp:attachment":[{"href":"https:\/\/www.koonings.com\/fr\/wp-json\/wp\/v2\/media?parent=57119"}],"wp:term":[{"taxonomy":"productdetails","embeddable":true,"href":"https:\/\/www.koonings.com\/fr\/wp-json\/wp\/v2\/productdetails?post=57119"},{"taxonomy":"productneck","embeddable":true,"href":"https:\/\/www.koonings.com\/fr\/wp-json\/wp\/v2\/productneck?post=57119"},{"taxonomy":"productcolor","embeddable":true,"href":"https:\/\/www.koonings.com\/fr\/wp-json\/wp\/v2\/productcolor?post=57119"},{"taxonomy":"maat","embeddable":true,"href":"https:\/\/www.koonings.com\/fr\/wp-json\/wp\/v2\/maat?post=57119"},{"taxonomy":"productsupplier","embeddable":true,"href":"https:\/\/www.koonings.com\/fr\/wp-json\/wp\/v2\/productsupplier?post=57119"},{"taxonomy":"productsleeve","embeddable":true,"href":"https:\/\/www.koonings.com\/fr\/wp-json\/wp\/v2\/productsleeve?post=57119"},{"taxonomy":"productcategory","embeddable":true,"href":"https:\/\/www.koonings.com\/fr\/wp-json\/wp\/v2\/productcategory?post=57119"},{"taxonomy":"productsilhouette","embeddable":true,"href":"https:\/\/www.koonings.com\/fr\/wp-json\/wp\/v2\/productsilhouette?post=57119"},{"taxonomy":"productstyle","embeddable":true,"href":"https:\/\/www.koonings.com\/fr\/wp-json\/wp\/v2\/productstyle?post=57119"}],"curies":[{"name":"wp","href":"https:\/\/api.w.org\/{rel}","templated":true}]}}